{"id":633,"date":"2020-10-13T09:00:26","date_gmt":"2020-10-13T09:00:26","guid":{"rendered":"http:\/\/localhost\/razzi\/?page_id=633"},"modified":"2026-01-12T12:17:03","modified_gmt":"2026-01-12T10:17:03","slug":"about-us","status":"publish","type":"page","link":"https:\/\/senbera.com\/template\/about-us\/","title":{"rendered":"About Us"},"content":{"rendered":"\t\t<div data-elementor-type=\"wp-page\" data-elementor-id=\"633\" class=\"elementor elementor-633\" data-elementor-post-type=\"page\">\n\t\t\t\t<div class=\"elementor-element elementor-element-c107ec7 e-flex e-con-boxed e-con e-parent\" data-id=\"c107ec7\" data-element_type=\"container\">\n\t\t\t\t\t<div class=\"e-con-inner\">\n\t\t\t\t<div class=\"elementor-element elementor-element-3b1412d elementor-widget elementor-widget-heading\" data-id=\"3b1412d\" data-element_type=\"widget\" data-widget_type=\"heading.default\">\n\t\t\t\t\t<h1 class=\"elementor-heading-title elementor-size-default\">Who we are<\/h1>\t\t\t\t<\/div>\n\t\t\t\t<div class=\"elementor-element elementor-element-b7aed60 elementor-widget elementor-widget-text-editor\" data-id=\"b7aed60\" data-element_type=\"widget\" data-widget_type=\"text-editor.default\">\n\t\t\t\t\t\t\t\t\t<p class=\"p1\" style=\"text-align: center;\">Welcome to Senbera! We are passionate experts who help you transform your home and garden into true oases of well-being. Our mission is to offer you high-quality and stylish products that enhance any space.<\/p>\t\t\t\t\t\t\t\t<\/div>\n\t\t\t\t\t<\/div>\n\t\t\t\t<\/div>\n\t\t<div class=\"elementor-element elementor-element-6a62fcd e-flex e-con-boxed elementor-invisible e-con e-parent\" data-id=\"6a62fcd\" data-element_type=\"container\" data-settings=\"{&quot;background_background&quot;:&quot;classic&quot;,&quot;animation&quot;:&quot;fadeIn&quot;,&quot;animation_delay&quot;:100}\">\n\t\t\t\t\t<div class=\"e-con-inner\">\n\t\t\t\t<div class=\"elementor-element elementor-element-d4414d2 elementor-widget elementor-widget-text-editor\" data-id=\"d4414d2\" data-element_type=\"widget\" data-widget_type=\"text-editor.default\">\n\t\t\t\t\t\t\t\t\t<div class=\"banner__box banner--transparent-white content-container content-container--full-width-mobile color-background-1 gradient\"><h3 class=\"banner__heading h1 title-with-highlight\" style=\"--hightlight-color: #6d388b;\"><span dir=\"auto\" style=\"vertical-align: inherit; color: #000000;\"><span dir=\"auto\" style=\"vertical-align: inherit;\">Company information<\/span><\/span><\/h3><div class=\"banner__text body\">Company name: Xoltra O\u00dc<br \/>Organization number: 17392056<br \/>Address: Harju maakond, Tallinn, Kesklinna linnaosa, Tornim\u00e4e tn 5, 10145, Estonia<br \/>Email: info@senbera.com<\/div><\/div>\t\t\t\t\t\t\t\t<\/div>\n\t\t\t\t\t<\/div>\n\t\t\t\t<\/div>\n\t\t<div class=\"elementor-element elementor-element-f884877 e-flex e-con-boxed elementor-invisible e-con e-parent\" data-id=\"f884877\" data-element_type=\"container\" data-settings=\"{&quot;animation&quot;:&quot;fadeIn&quot;}\">\n\t\t\t\t\t<div class=\"e-con-inner\">\n\t\t\t\t<div class=\"elementor-element elementor-element-2c45832 elementor-widget elementor-widget-heading\" data-id=\"2c45832\" data-element_type=\"widget\" data-widget_type=\"heading.default\">\n\t\t\t\t\t<h2 class=\"elementor-heading-title elementor-size-default\"><p style=\"margin: 0px;font-weight: 400;font-size: 12px;line-height: normal;font-family: Helvetica\">QUESTIONS AND ANSWERS<span style=\"font-family: Roboto, sans-serif;font-size: 40px;font-weight: 600\"><\/span><\/p><\/h2>\t\t\t\t<\/div>\n\t\t\t\t\t<\/div>\n\t\t\t\t<\/div>\n\t\t<div class=\"elementor-element elementor-element-02e682a animated-slow e-flex e-con-boxed elementor-invisible e-con e-parent\" data-id=\"02e682a\" data-element_type=\"container\" data-settings=\"{&quot;animation&quot;:&quot;fadeIn&quot;}\">\n\t\t\t\t\t<div class=\"e-con-inner\">\n\t\t\t\t<div class=\"elementor-element elementor-element-9837441 elementor-widget elementor-widget-heading\" data-id=\"9837441\" data-element_type=\"widget\" data-widget_type=\"heading.default\">\n\t\t\t\t\t<h2 class=\"elementor-heading-title elementor-size-default\">Frequently asked <br>questions<\/h2>\t\t\t\t<\/div>\n\t\t\t\t\t<\/div>\n\t\t\t\t<\/div>\n\t\t<div class=\"elementor-element elementor-element-f178ebf e-flex e-con-boxed elementor-invisible e-con e-parent\" data-id=\"f178ebf\" data-element_type=\"container\" data-settings=\"{&quot;animation&quot;:&quot;fadeIn&quot;}\">\n\t\t\t\t\t<div class=\"e-con-inner\">\n\t\t\t\t<div class=\"elementor-element elementor-element-45f5029 elementor-widget__width-initial elementor-widget elementor-widget-shortcode\" data-id=\"45f5029\" data-element_type=\"widget\" data-widget_type=\"shortcode.default\">\n\t\t\t\t\t\t\t<div class=\"elementor-shortcode\"><style>#sp-ea-13416 .spcollapsing { height: 0; overflow: hidden; transition-property: height;transition-duration: 300ms;}#sp-ea-13416.sp-easy-accordion>.sp-ea-single {margin-bottom: 10px; border: 1px solid #f6f3f0; }#sp-ea-13416.sp-easy-accordion>.sp-ea-single>.ea-header a {color: #444;}#sp-ea-13416.sp-easy-accordion>.sp-ea-single>.sp-collapse>.ea-body {background: #fff; color: #444;}#sp-ea-13416.sp-easy-accordion>.sp-ea-single {background: #f6f3f0;}#sp-ea-13416.sp-easy-accordion>.sp-ea-single>.ea-header a .ea-expand-icon { float: right; color: #444;font-size: 16px;}#sp-ea-13416.sp-easy-accordion>.sp-ea-single>.ea-header a .ea-expand-icon {margin-right: 0;}<\/style><div id=\"sp_easy_accordion-1767006546\"><div id=\"sp-ea-13416\" class=\"sp-ea-one sp-easy-accordion\" data-ea-active=\"ea-click\" data-ea-mode=\"vertical\" data-preloader=\"\" data-scroll-active-item=\"\" data-offset-to-scroll=\"0\"><div class=\"ea-card ea-expand sp-ea-single\"><h3 class=\"ea-header\"><a class=\"collapsed\" id=\"ea-header-134160\" role=\"button\" data-sptoggle=\"spcollapse\" data-sptarget=\"#collapse134160\" aria-controls=\"collapse134160\" href=\"#\" aria-expanded=\"true\" tabindex=\"0\"><i aria-hidden=\"true\" role=\"presentation\" class=\"ea-expand-icon eap-icon-ea-expand-minus\"><\/i> Where can I find my shipping code?<\/a><\/h3><div class=\"sp-collapse spcollapse collapsed show\" id=\"collapse134160\" data-parent=\"#sp-ea-13416\" role=\"region\" aria-labelledby=\"ea-header-134160\"> <div class=\"ea-body\"><p>Once your order has been dispatched, you will receive a tracking number by email. The tracking code is usually sent within 1-3 working days. Please note that it may take several working days for the tracking code to become active.<\/p><\/div><\/div><\/div><div class=\"ea-card sp-ea-single\"><h3 class=\"ea-header\"><a class=\"collapsed\" id=\"ea-header-134161\" role=\"button\" data-sptoggle=\"spcollapse\" data-sptarget=\"#collapse134161\" aria-controls=\"collapse134161\" href=\"#\" aria-expanded=\"false\" tabindex=\"0\"><i aria-hidden=\"true\" role=\"presentation\" class=\"ea-expand-icon eap-icon-ea-expand-plus\"><\/i> How can I check where my order is?<\/a><\/h3><div class=\"sp-collapse spcollapse \" id=\"collapse134161\" data-parent=\"#sp-ea-13416\" role=\"region\" aria-labelledby=\"ea-header-134161\"> <div class=\"ea-body\"><p>Use the tracking code you receive by email to track the status of your order. Enter the tracking number on the tracking website\u00a0<a href=\"https:\/\/www.17track.net\/en\">17track<\/a>\u00a0to check the status of the shipment. If it shows that shipment has no info, please select YunExpress as the carrier of the shipment.<\/p><p>Tracking code is sent with the order completion email, which you should receive in 1-3 working days after placing the initial order. If after 1-3 days you still do not have a tracking number, please contact us.<\/p><\/div><\/div><\/div><div class=\"ea-card sp-ea-single\"><h3 class=\"ea-header\"><a class=\"collapsed\" id=\"ea-header-134162\" role=\"button\" data-sptoggle=\"spcollapse\" data-sptarget=\"#collapse134162\" aria-controls=\"collapse134162\" href=\"#\" aria-expanded=\"false\" tabindex=\"0\"><i aria-hidden=\"true\" role=\"presentation\" class=\"ea-expand-icon eap-icon-ea-expand-plus\"><\/i> What if I am not happy with my order?<\/a><\/h3><div class=\"sp-collapse spcollapse \" id=\"collapse134162\" data-parent=\"#sp-ea-13416\" role=\"region\" aria-labelledby=\"ea-header-134162\"> <div class=\"ea-body\"><p>If you are not satisfied with your order, please contact us at info@senbera.com. Please describe your problem in as much detail as possible by providing a photo or video. After assessing the problem with the ordered product, we will try to reply as soon as possible and find a mutual compromise to solve the problem.<\/p><p>Additionally, any order can be refunded within 14 working days. Read more at\u00a0<a href=\"https:\/\/senbera.com\/template\/shipping-and-returns\/\">Shipping and returns<\/a>.<\/p><\/div><\/div><\/div><div class=\"ea-card sp-ea-single\"><h3 class=\"ea-header\"><a class=\"collapsed\" id=\"ea-header-134163\" role=\"button\" data-sptoggle=\"spcollapse\" data-sptarget=\"#collapse134163\" aria-controls=\"collapse134163\" href=\"#\" aria-expanded=\"false\" tabindex=\"0\"><i aria-hidden=\"true\" role=\"presentation\" class=\"ea-expand-icon eap-icon-ea-expand-plus\"><\/i> Are my payment details safe?<\/a><\/h3><div class=\"sp-collapse spcollapse \" id=\"collapse134163\" data-parent=\"#sp-ea-13416\" role=\"region\" aria-labelledby=\"ea-header-134163\"> <div class=\"ea-body\"><p>We use SSL (Secure Socket Layer) encryption, which ensures that your data is transmitted securely between your browser and our servers. This provides additional protection against data theft and ensures that your personal payment details are safe.<\/p><\/div><\/div><\/div><div class=\"ea-card sp-ea-single\"><h3 class=\"ea-header\"><a class=\"collapsed\" id=\"ea-header-134164\" role=\"button\" data-sptoggle=\"spcollapse\" data-sptarget=\"#collapse134164\" aria-controls=\"collapse134164\" href=\"#\" aria-expanded=\"false\" tabindex=\"0\"><i aria-hidden=\"true\" role=\"presentation\" class=\"ea-expand-icon eap-icon-ea-expand-plus\"><\/i> How can I return a product?<\/a><\/h3><div class=\"sp-collapse spcollapse \" id=\"collapse134164\" data-parent=\"#sp-ea-13416\" role=\"region\" aria-labelledby=\"ea-header-134164\"> <div class=\"ea-body\"><p>Please contact us at info@senbera.com for more information about returning products. All purchases can be returned within 14 business days without giving any reason. Just contact us and we will provide you with all the necessary information to return the package.<\/p><p>Our return address is:<br \/>Vienyb\u0117s g. 5, \u0160ilal\u0117, LT-75129, Lithuania<\/p><p>Read more at\u00a0<a href=\"https:\/\/senbera.com\/template\/shipping-and-returns\/\">Shipping and returns<\/a>.<\/p><\/div><\/div><\/div><div class=\"ea-card sp-ea-single\"><h3 class=\"ea-header\"><a class=\"collapsed\" id=\"ea-header-134165\" role=\"button\" data-sptoggle=\"spcollapse\" data-sptarget=\"#collapse134165\" aria-controls=\"collapse134165\" href=\"#\" aria-expanded=\"false\" tabindex=\"0\"><i aria-hidden=\"true\" role=\"presentation\" class=\"ea-expand-icon eap-icon-ea-expand-plus\"><\/i> Didn't find the answer to your question?<\/a><\/h3><div class=\"sp-collapse spcollapse \" id=\"collapse134165\" data-parent=\"#sp-ea-13416\" role=\"region\" aria-labelledby=\"ea-header-134165\"> <div class=\"ea-body\"><p>If you have unanswered questions or need further information, please contact us at info@senbera.com.<\/p><p>Our customer service team is always ready to help and answer your questions. We answer questions within 24 hours.<\/p><\/div><\/div><\/div><\/div><\/div><\/div>\n\t\t\t\t\t\t<\/div>\n\t\t\t\t\t<\/div>\n\t\t\t\t<\/div>\n\t\t<div class=\"elementor-element elementor-element-d32996f e-flex e-con-boxed e-con e-parent\" data-id=\"d32996f\" data-element_type=\"container\">\n\t\t\t\t\t<div class=\"e-con-inner\">\n\t\t\t\t<div class=\"elementor-element elementor-element-1a2a253 elementor-align-center elementor-widget elementor-widget-button\" data-id=\"1a2a253\" data-element_type=\"widget\" data-widget_type=\"button.default\">\n\t\t\t\t\t\t\t\t\t\t<a class=\"elementor-button elementor-button-link elementor-size-sm\" href=\"https:\/\/senbera.com\/template\/contact-us\/\">\n\t\t\t\t\t\t<span class=\"elementor-button-content-wrapper\">\n\t\t\t\t\t\t<span class=\"elementor-button-icon\">\n\t\t\t\t<svg aria-hidden=\"true\" class=\"e-font-icon-svg e-fas-long-arrow-alt-right\" viewBox=\"0 0 448 512\" xmlns=\"http:\/\/www.w3.org\/2000\/svg\"><path d=\"M313.941 216H12c-6.627 0-12 5.373-12 12v56c0 6.627 5.373 12 12 12h301.941v46.059c0 21.382 25.851 32.09 40.971 16.971l86.059-86.059c9.373-9.373 9.373-24.569 0-33.941l-86.059-86.059c-15.119-15.119-40.971-4.411-40.971 16.971V216z\"><\/path><\/svg>\t\t\t<\/span>\n\t\t\t\t\t\t\t\t\t<span class=\"elementor-button-text\">Contact us<\/span>\n\t\t\t\t\t<\/span>\n\t\t\t\t\t<\/a>\n\t\t\t\t\t\t\t\t<\/div>\n\t\t\t\t\t<\/div>\n\t\t\t\t<\/div>\n\t\t\t\t<\/div>\n\t\t","protected":false},"excerpt":{"rendered":"<p>Who we are Welcome to Senbera! We are passionate experts who help you transform your home and garden into true [&hellip;]<\/p>\n","protected":false},"author":1,"featured_media":0,"parent":0,"menu_order":0,"comment_status":"closed","ping_status":"closed","template":"","meta":{"site-sidebar-layout":"no-sidebar","site-content-layout":"","ast-site-content-layout":"full-width-container","site-content-style":"default","site-sidebar-style":"default","ast-global-header-display":"","ast-banner-title-visibility":"","ast-main-header-display":"","ast-hfb-above-header-display":"","ast-hfb-below-header-display":"","ast-hfb-mobile-header-display":"","site-post-title":"disabled","ast-breadcrumbs-content":"","ast-featured-img":"","footer-sml-layout":"","theme-transparent-header-meta":"","adv-header-id-meta":"","stick-header-meta":"","header-above-stick-meta":"","header-main-stick-meta":"","header-below-stick-meta":"","astra-migrate-meta-layouts":"default","ast-page-background-enabled":"default","ast-page-background-meta":{"desktop":{"background-color":"var(--ast-global-color-5)","background-image":"","background-repeat":"repeat","background-position":"center center","background-size":"auto","background-attachment":"scroll","background-type":"","background-media":"","overlay-type":"","overlay-color":"","overlay-opacity":"","overlay-gradient":""},"tablet":{"background-color":"","background-image":"","background-repeat":"repeat","background-position":"center center","background-size":"auto","background-attachment":"scroll","background-type":"","background-media":"","overlay-type":"","overlay-color":"","overlay-opacity":"","overlay-gradient":""},"mobile":{"background-color":"","background-image":"","background-repeat":"repeat","background-position":"center center","background-size":"auto","background-attachment":"scroll","background-type":"","background-media":"","overlay-type":"","overlay-color":"","overlay-opacity":"","overlay-gradient":""}},"ast-content-background-meta":{"desktop":{"background-color":"var(--ast-global-color-4)","background-image":"","background-repeat":"repeat","background-position":"center center","background-size":"auto","background-attachment":"scroll","background-type":"","background-media":"","overlay-type":"","overlay-color":"","overlay-opacity":"","overlay-gradient":""},"tablet":{"background-color":"var(--ast-global-color-4)","background-image":"","background-repeat":"repeat","background-position":"center center","background-size":"auto","background-attachment":"scroll","background-type":"","background-media":"","overlay-type":"","overlay-color":"","overlay-opacity":"","overlay-gradient":""},"mobile":{"background-color":"var(--ast-global-color-4)","background-image":"","background-repeat":"repeat","background-position":"center center","background-size":"auto","background-attachment":"scroll","background-type":"","background-media":"","overlay-type":"","overlay-color":"","overlay-opacity":"","overlay-gradient":""}},"footnotes":""},"class_list":["post-633","page","type-page","status-publish","hentry"],"yoast_head":"<!-- This site is optimized with the Yoast SEO plugin v26.6 - https:\/\/yoast.com\/wordpress\/plugins\/seo\/ -->\n<title>About Us - TEMPLATE<\/title>\n<meta name=\"robots\" content=\"index, follow, max-snippet:-1, max-image-preview:large, max-video-preview:-1\" \/>\n<link rel=\"canonical\" href=\"https:\/\/senbera.com\/template\/about-us\/\" \/>\n<meta property=\"og:locale\" content=\"en_US\" \/>\n<meta property=\"og:type\" content=\"article\" \/>\n<meta property=\"og:title\" content=\"About Us - TEMPLATE\" \/>\n<meta property=\"og:description\" content=\"Who we are Welcome to Senbera! We are passionate experts who help you transform your home and garden into true [&hellip;]\" \/>\n<meta property=\"og:url\" content=\"https:\/\/senbera.com\/template\/about-us\/\" \/>\n<meta property=\"og:site_name\" content=\"TEMPLATE\" \/>\n<meta property=\"article:modified_time\" content=\"2026-01-12T10:17:03+00:00\" \/>\n<meta name=\"twitter:card\" content=\"summary_large_image\" \/>\n<meta name=\"twitter:label1\" content=\"Est. reading time\" \/>\n\t<meta name=\"twitter:data1\" content=\"2 minutes\" \/>\n<script type=\"application\/ld+json\" class=\"yoast-schema-graph\">{\"@context\":\"https:\/\/schema.org\",\"@graph\":[{\"@type\":\"WebPage\",\"@id\":\"https:\/\/senbera.com\/template\/about-us\/\",\"url\":\"https:\/\/senbera.com\/template\/about-us\/\",\"name\":\"About Us - TEMPLATE\",\"isPartOf\":{\"@id\":\"https:\/\/senbera.com\/template\/#website\"},\"datePublished\":\"2020-10-13T09:00:26+00:00\",\"dateModified\":\"2026-01-12T10:17:03+00:00\",\"breadcrumb\":{\"@id\":\"https:\/\/senbera.com\/template\/about-us\/#breadcrumb\"},\"inLanguage\":\"en-US\",\"potentialAction\":[{\"@type\":\"ReadAction\",\"target\":[\"https:\/\/senbera.com\/template\/about-us\/\"]}]},{\"@type\":\"BreadcrumbList\",\"@id\":\"https:\/\/senbera.com\/template\/about-us\/#breadcrumb\",\"itemListElement\":[{\"@type\":\"ListItem\",\"position\":1,\"name\":\"Home\",\"item\":\"https:\/\/senbera.com\/template\/\"},{\"@type\":\"ListItem\",\"position\":2,\"name\":\"About Us\"}]},{\"@type\":\"WebSite\",\"@id\":\"https:\/\/senbera.com\/template\/#website\",\"url\":\"https:\/\/senbera.com\/template\/\",\"name\":\"TEMPLATE\",\"description\":\"\",\"publisher\":{\"@id\":\"https:\/\/senbera.com\/template\/#organization\"},\"potentialAction\":[{\"@type\":\"SearchAction\",\"target\":{\"@type\":\"EntryPoint\",\"urlTemplate\":\"https:\/\/senbera.com\/template\/?s={search_term_string}\"},\"query-input\":{\"@type\":\"PropertyValueSpecification\",\"valueRequired\":true,\"valueName\":\"search_term_string\"}}],\"inLanguage\":\"en-US\"},{\"@type\":\"Organization\",\"@id\":\"https:\/\/senbera.com\/template\/#organization\",\"name\":\"Mekulo\",\"url\":\"https:\/\/senbera.com\/template\/\",\"logo\":{\"@type\":\"ImageObject\",\"inLanguage\":\"en-US\",\"@id\":\"https:\/\/senbera.com\/template\/#\/schema\/logo\/image\/\",\"url\":\"https:\/\/senbera.com\/template\/wp-content\/uploads\/sites\/6\/2025\/12\/favicon_mekulo.png\",\"contentUrl\":\"https:\/\/senbera.com\/template\/wp-content\/uploads\/sites\/6\/2025\/12\/favicon_mekulo.png\",\"width\":50,\"height\":50,\"caption\":\"Mekulo\"},\"image\":{\"@id\":\"https:\/\/senbera.com\/template\/#\/schema\/logo\/image\/\"}}]}<\/script>\n<!-- \/ Yoast SEO plugin. -->","yoast_head_json":{"title":"About Us - TEMPLATE","robots":{"index":"index","follow":"follow","max-snippet":"max-snippet:-1","max-image-preview":"max-image-preview:large","max-video-preview":"max-video-preview:-1"},"canonical":"https:\/\/senbera.com\/template\/about-us\/","og_locale":"en_US","og_type":"article","og_title":"About Us - TEMPLATE","og_description":"Who we are Welcome to Senbera! We are passionate experts who help you transform your home and garden into true [&hellip;]","og_url":"https:\/\/senbera.com\/template\/about-us\/","og_site_name":"TEMPLATE","article_modified_time":"2026-01-12T10:17:03+00:00","twitter_card":"summary_large_image","twitter_misc":{"Est. reading time":"2 minutes"},"schema":{"@context":"https:\/\/schema.org","@graph":[{"@type":"WebPage","@id":"https:\/\/senbera.com\/template\/about-us\/","url":"https:\/\/senbera.com\/template\/about-us\/","name":"About Us - TEMPLATE","isPartOf":{"@id":"https:\/\/senbera.com\/template\/#website"},"datePublished":"2020-10-13T09:00:26+00:00","dateModified":"2026-01-12T10:17:03+00:00","breadcrumb":{"@id":"https:\/\/senbera.com\/template\/about-us\/#breadcrumb"},"inLanguage":"en-US","potentialAction":[{"@type":"ReadAction","target":["https:\/\/senbera.com\/template\/about-us\/"]}]},{"@type":"BreadcrumbList","@id":"https:\/\/senbera.com\/template\/about-us\/#breadcrumb","itemListElement":[{"@type":"ListItem","position":1,"name":"Home","item":"https:\/\/senbera.com\/template\/"},{"@type":"ListItem","position":2,"name":"About Us"}]},{"@type":"WebSite","@id":"https:\/\/senbera.com\/template\/#website","url":"https:\/\/senbera.com\/template\/","name":"TEMPLATE","description":"","publisher":{"@id":"https:\/\/senbera.com\/template\/#organization"},"potentialAction":[{"@type":"SearchAction","target":{"@type":"EntryPoint","urlTemplate":"https:\/\/senbera.com\/template\/?s={search_term_string}"},"query-input":{"@type":"PropertyValueSpecification","valueRequired":true,"valueName":"search_term_string"}}],"inLanguage":"en-US"},{"@type":"Organization","@id":"https:\/\/senbera.com\/template\/#organization","name":"Mekulo","url":"https:\/\/senbera.com\/template\/","logo":{"@type":"ImageObject","inLanguage":"en-US","@id":"https:\/\/senbera.com\/template\/#\/schema\/logo\/image\/","url":"https:\/\/senbera.com\/template\/wp-content\/uploads\/sites\/6\/2025\/12\/favicon_mekulo.png","contentUrl":"https:\/\/senbera.com\/template\/wp-content\/uploads\/sites\/6\/2025\/12\/favicon_mekulo.png","width":50,"height":50,"caption":"Mekulo"},"image":{"@id":"https:\/\/senbera.com\/template\/#\/schema\/logo\/image\/"}}]}},"_links":{"self":[{"href":"https:\/\/senbera.com\/template\/wp-json\/wp\/v2\/pages\/633","targetHints":{"allow":["GET"]}}],"collection":[{"href":"https:\/\/senbera.com\/template\/wp-json\/wp\/v2\/pages"}],"about":[{"href":"https:\/\/senbera.com\/template\/wp-json\/wp\/v2\/types\/page"}],"author":[{"embeddable":true,"href":"https:\/\/senbera.com\/template\/wp-json\/wp\/v2\/users\/1"}],"replies":[{"embeddable":true,"href":"https:\/\/senbera.com\/template\/wp-json\/wp\/v2\/comments?post=633"}],"version-history":[{"count":102,"href":"https:\/\/senbera.com\/template\/wp-json\/wp\/v2\/pages\/633\/revisions"}],"predecessor-version":[{"id":19274,"href":"https:\/\/senbera.com\/template\/wp-json\/wp\/v2\/pages\/633\/revisions\/19274"}],"wp:attachment":[{"href":"https:\/\/senbera.com\/template\/wp-json\/wp\/v2\/media?parent=633"}],"curies":[{"name":"wp","href":"https:\/\/api.w.org\/{rel}","templated":true}]}}