{"id":22480,"date":"2026-02-17T18:04:16","date_gmt":"2026-02-17T16:04:16","guid":{"rendered":"https:\/\/senbera.com\/se\/produkt\/gardinband\/"},"modified":"2026-02-17T18:11:40","modified_gmt":"2026-02-17T16:11:40","slug":"gardinband","status":"publish","type":"product","link":"https:\/\/senbera.com\/se\/produkt\/gardinband\/","title":{"rendered":"Gardinband"},"content":{"rendered":"<p style=\"text-align: center;\"><strong>F\u00e4st Med Stil \u2013 Med Gardinband Med 3D-Blommor!<\/strong><\/p>\n<p><img decoding=\"async\" class=\"size-full wp-image-16300 aligncenter\" src=\"https:\/\/keluvo.com\/template\/wp-content\/uploads\/sites\/5\/2025\/04\/ezgif.com-video-to-webp-converter-1.webp\" alt=\"\" \/><\/p>\n<h2 style=\"text-align: center;\">Huvudf\u00f6rdelar<\/h2>\n<p style=\"text-align: center;\">\u2705 Verktygsfri anv\u00e4ndning &#8211; Inga skruvar eller krokar beh\u00f6vs, bara linda och g\u00e5<\/p>\n<p style=\"text-align: center;\">\u2705 Passar de flesta gardiner &#8211; Fungerar bra med l\u00e4tta, skira och tunga gardiner<\/p>\n<p style=\"text-align: center;\">\u2705 Elegant design &#8211; 3D-blommor och grenm\u00f6nster ger en mjuk, elegant touch<\/p>\n<p style=\"text-align: center;\">\u2705 Perfekt f\u00f6r alla rum &#8211; Anv\u00e4nd i ditt sovrum, vardagsrum, k\u00f6k eller kontor<\/p>\n<p style=\"text-align: center;\">\u2705 Stark och flexibel &#8211; Tillverkad av bomullsblandning och st\u00e5ltr\u00e5d f\u00f6r l\u00e5ngvarig anv\u00e4ndning<\/p>\n<p><img decoding=\"async\" class=\"size-full wp-image-16303 aligncenter\" src=\"https:\/\/keluvo.com\/template\/wp-content\/uploads\/sites\/5\/2025\/04\/cd2f35e4-50d4-4721-8edf-6c3b9fdcb184.webp\" alt=\"\" \/><\/p>\n<h2 style=\"text-align: center;\">Inga Verktyg, Inget Kr\u00e5ngel!<\/h2>\n<p style=\"text-align: center;\"><span style=\"font-weight: 400;\">Dessa gardinh\u00e5llare \u00e4r ett snabbt och snyggt s\u00e4tt att lysa upp vilket utrymme som helst. Oavsett om du kl\u00e4r upp vardagsrummet eller g\u00f6r sovrummet mysigare, ger dessa blommiga omslag charm och h\u00e5ller dina gardiner perfekt p\u00e5 plats. Inga verktyg, inget kr\u00e5ngel &#8211; bara stil och enkelhet.<\/span><\/p>\n<h2 style=\"text-align: center;\">Hur Man Anv\u00e4nder<\/h2>\n<ol>\n<li style=\"font-weight: 400;\"><span style=\"font-weight: 400;\">Samla ihop din gardin \u00e5t sidan.<\/span><\/li>\n<li style=\"font-weight: 400;\"><span style=\"font-weight: 400;\">Linda f\u00e4stet runt gardinen.<\/span><\/li>\n<li style=\"font-weight: 400;\"><span style=\"font-weight: 400;\">Vrid \u00e4ndarna f\u00f6r att h\u00e5lla dem p\u00e5 plats.<\/span><\/li>\n<li style=\"font-weight: 400;\"><span style=\"font-weight: 400;\">Njut av den mjuka, blommiga accenten i ditt rum!<\/span><\/li>\n<\/ol>\n<h2 style=\"text-align: center;\">Paketet Inneh\u00e5ller<\/h2>\n<ul>\n<li style=\"font-weight: 400;\"><span style=\"font-weight: 400;\">1x gardinband (l\u00e4ngd: 45cm )<\/span><span style=\"font-weight: 400;\"><br \/>\n<\/span><\/li>\n<\/ul>\n","protected":false},"excerpt":{"rendered":"<p style=\"text-align: left;\"><span style=\"font-weight: 400;\">Vackert, enkelt och inga verktyg beh\u00f6vs<\/span><\/p>\n<p style=\"text-align: left;\"><span style=\"font-weight: 400;\"> Dessa vackra gardinband g\u00f6r att dina f\u00f6nster ser vackra ut samtidigt som de h\u00e5ller gardinerna p\u00e5 plats. Ingen borrning eller krokar &#8211; bara linda och styla!<\/span><\/p>\n<p>&nbsp;<\/p>\n","protected":false},"featured_media":22476,"comment_status":"open","ping_status":"closed","template":"","meta":{"site-sidebar-layout":"default","site-content-layout":"","ast-site-content-layout":"default","site-content-style":"default","site-sidebar-style":"default","ast-global-header-display":"","ast-banner-title-visibility":"","ast-main-header-display":"","ast-hfb-above-header-display":"","ast-hfb-below-header-display":"","ast-hfb-mobile-header-display":"","site-post-title":"","ast-breadcrumbs-content":"","ast-featured-img":"","footer-sml-layout":"","ast-disable-related-posts":"","theme-transparent-header-meta":"default","adv-header-id-meta":"","stick-header-meta":"","header-above-stick-meta":"","header-main-stick-meta":"","header-below-stick-meta":"","astra-migrate-meta-layouts":"set","ast-page-background-enabled":"default","ast-page-background-meta":{"desktop":{"background-color":"var(--ast-global-color-5)","background-image":"","background-repeat":"repeat","background-position":"center center","background-size":"auto","background-attachment":"scroll","background-type":"","background-media":"","overlay-type":"","overlay-color":"","overlay-opacity":"","overlay-gradient":""},"tablet":{"background-color":"","background-image":"","background-repeat":"repeat","background-position":"center center","background-size":"auto","background-attachment":"scroll","background-type":"","background-media":"","overlay-type":"","overlay-color":"","overlay-opacity":"","overlay-gradient":""},"mobile":{"background-color":"","background-image":"","background-repeat":"repeat","background-position":"center center","background-size":"auto","background-attachment":"scroll","background-type":"","background-media":"","overlay-type":"","overlay-color":"","overlay-opacity":"","overlay-gradient":""}},"ast-content-background-meta":{"desktop":{"background-color":"var(--ast-global-color-4)","background-image":"","background-repeat":"repeat","background-position":"center center","background-size":"auto","background-attachment":"scroll","background-type":"","background-media":"","overlay-type":"","overlay-color":"","overlay-opacity":"","overlay-gradient":""},"tablet":{"background-color":"var(--ast-global-color-4)","background-image":"","background-repeat":"repeat","background-position":"center center","background-size":"auto","background-attachment":"scroll","background-type":"","background-media":"","overlay-type":"","overlay-color":"","overlay-opacity":"","overlay-gradient":""},"mobile":{"background-color":"var(--ast-global-color-4)","background-image":"","background-repeat":"repeat","background-position":"center center","background-size":"auto","background-attachment":"scroll","background-type":"","background-media":"","overlay-type":"","overlay-color":"","overlay-opacity":"","overlay-gradient":""}}},"product_brand":[],"product_cat":[15],"product_tag":[],"class_list":{"0":"post-22480","1":"product","2":"type-product","3":"status-publish","4":"has-post-thumbnail","6":"product_cat-okategoriserade","7":"pa_45102_2nmjo6u4-bla","8":"pa_45102_2nmjo6u4-brun","9":"pa_45102_2nmjo6u4-gra","10":"pa_45102_2nmjo6u4-rosa","11":"pa_45102_lswacsc5-1-st","12":"pa_45102_lswacsc5-2-st","13":"pa_45102_lswacsc5-4-st","14":"desktop-align-left","15":"tablet-align-left","16":"mobile-align-left","18":"first","19":"instock","20":"shipping-taxable","21":"purchasable","22":"product-type-variable","23":"has-default-attributes"},"yoast_head":"<!-- This site is optimized with the Yoast SEO plugin v27.4 - https:\/\/yoast.com\/product\/yoast-seo-wordpress\/ -->\n<title>Gardinband - Senbera SE<\/title>\n<meta name=\"robots\" content=\"index, follow, max-snippet:-1, max-image-preview:large, max-video-preview:-1\" \/>\n<link rel=\"canonical\" href=\"https:\/\/senbera.com\/se\/produkt\/gardinband\/\" \/>\n<meta property=\"og:locale\" content=\"sv_SE\" \/>\n<meta property=\"og:type\" content=\"article\" \/>\n<meta property=\"og:title\" content=\"Gardinband - Senbera SE\" \/>\n<meta property=\"og:description\" content=\"Vackert, enkelt och inga verktyg beh\u00f6vs  Dessa vackra gardinband g\u00f6r att dina f\u00f6nster ser vackra ut samtidigt som de h\u00e5ller gardinerna p\u00e5 plats. Ingen borrning eller krokar - bara linda och styla! &nbsp;\" \/>\n<meta property=\"og:url\" content=\"https:\/\/senbera.com\/se\/produkt\/gardinband\/\" \/>\n<meta property=\"og:site_name\" content=\"Senbera SE\" \/>\n<meta property=\"article:modified_time\" content=\"2026-02-17T16:11:40+00:00\" \/>\n<meta property=\"og:image\" content=\"https:\/\/senbera.com\/se\/wp-content\/uploads\/sites\/20\/2026\/02\/6tryo3x-1.webp\" \/>\n\t<meta property=\"og:image:width\" content=\"1000\" \/>\n\t<meta property=\"og:image:height\" content=\"1000\" \/>\n\t<meta property=\"og:image:type\" content=\"image\/webp\" \/>\n<meta name=\"twitter:card\" content=\"summary_large_image\" \/>\n<meta name=\"twitter:label1\" content=\"Ber\u00e4knad l\u00e4stid\" \/>\n\t<meta name=\"twitter:data1\" content=\"2 minuter\" \/>\n<script type=\"application\/ld+json\" class=\"yoast-schema-graph\">{\"@context\":\"https:\\\/\\\/schema.org\",\"@graph\":[{\"@type\":\"WebPage\",\"@id\":\"https:\\\/\\\/senbera.com\\\/se\\\/produkt\\\/gardinband\\\/\",\"url\":\"https:\\\/\\\/senbera.com\\\/se\\\/produkt\\\/gardinband\\\/\",\"name\":\"Gardinband - Senbera SE\",\"isPartOf\":{\"@id\":\"https:\\\/\\\/senbera.com\\\/se\\\/#website\"},\"primaryImageOfPage\":{\"@id\":\"https:\\\/\\\/senbera.com\\\/se\\\/produkt\\\/gardinband\\\/#primaryimage\"},\"image\":{\"@id\":\"https:\\\/\\\/senbera.com\\\/se\\\/produkt\\\/gardinband\\\/#primaryimage\"},\"thumbnailUrl\":\"https:\\\/\\\/senbera.com\\\/se\\\/wp-content\\\/uploads\\\/sites\\\/20\\\/2026\\\/02\\\/6tryo3x-1.webp\",\"datePublished\":\"2026-02-17T16:04:16+00:00\",\"dateModified\":\"2026-02-17T16:11:40+00:00\",\"breadcrumb\":{\"@id\":\"https:\\\/\\\/senbera.com\\\/se\\\/produkt\\\/gardinband\\\/#breadcrumb\"},\"inLanguage\":\"sv-SE\",\"potentialAction\":[{\"@type\":\"ReadAction\",\"target\":[\"https:\\\/\\\/senbera.com\\\/se\\\/produkt\\\/gardinband\\\/\"]}]},{\"@type\":\"ImageObject\",\"inLanguage\":\"sv-SE\",\"@id\":\"https:\\\/\\\/senbera.com\\\/se\\\/produkt\\\/gardinband\\\/#primaryimage\",\"url\":\"https:\\\/\\\/senbera.com\\\/se\\\/wp-content\\\/uploads\\\/sites\\\/20\\\/2026\\\/02\\\/6tryo3x-1.webp\",\"contentUrl\":\"https:\\\/\\\/senbera.com\\\/se\\\/wp-content\\\/uploads\\\/sites\\\/20\\\/2026\\\/02\\\/6tryo3x-1.webp\",\"width\":1000,\"height\":1000},{\"@type\":\"BreadcrumbList\",\"@id\":\"https:\\\/\\\/senbera.com\\\/se\\\/produkt\\\/gardinband\\\/#breadcrumb\",\"itemListElement\":[{\"@type\":\"ListItem\",\"position\":1,\"name\":\"Home\",\"item\":\"https:\\\/\\\/senbera.com\\\/se\\\/\"},{\"@type\":\"ListItem\",\"position\":2,\"name\":\"Butik\",\"item\":\"https:\\\/\\\/senbera.com\\\/se\\\/butik\\\/\"},{\"@type\":\"ListItem\",\"position\":3,\"name\":\"Gardinband\"}]},{\"@type\":\"WebSite\",\"@id\":\"https:\\\/\\\/senbera.com\\\/se\\\/#website\",\"url\":\"https:\\\/\\\/senbera.com\\\/se\\\/\",\"name\":\"Senbera SE\",\"description\":\"\",\"publisher\":{\"@id\":\"https:\\\/\\\/senbera.com\\\/se\\\/#organization\"},\"potentialAction\":[{\"@type\":\"SearchAction\",\"target\":{\"@type\":\"EntryPoint\",\"urlTemplate\":\"https:\\\/\\\/senbera.com\\\/se\\\/?s={search_term_string}\"},\"query-input\":{\"@type\":\"PropertyValueSpecification\",\"valueRequired\":true,\"valueName\":\"search_term_string\"}}],\"inLanguage\":\"sv-SE\"},{\"@type\":\"Organization\",\"@id\":\"https:\\\/\\\/senbera.com\\\/se\\\/#organization\",\"name\":\"Mekulo\",\"url\":\"https:\\\/\\\/senbera.com\\\/se\\\/\",\"logo\":{\"@type\":\"ImageObject\",\"inLanguage\":\"sv-SE\",\"@id\":\"https:\\\/\\\/senbera.com\\\/se\\\/#\\\/schema\\\/logo\\\/image\\\/\",\"url\":\"https:\\\/\\\/senbera.com\\\/se\\\/wp-content\\\/uploads\\\/sites\\\/20\\\/2025\\\/12\\\/favicon_mekulo.png\",\"contentUrl\":\"https:\\\/\\\/senbera.com\\\/se\\\/wp-content\\\/uploads\\\/sites\\\/20\\\/2025\\\/12\\\/favicon_mekulo.png\",\"width\":50,\"height\":50,\"caption\":\"Mekulo\"},\"image\":{\"@id\":\"https:\\\/\\\/senbera.com\\\/se\\\/#\\\/schema\\\/logo\\\/image\\\/\"}}]}<\/script>\n<!-- \/ Yoast SEO plugin. -->","yoast_head_json":{"title":"Gardinband - Senbera SE","robots":{"index":"index","follow":"follow","max-snippet":"max-snippet:-1","max-image-preview":"max-image-preview:large","max-video-preview":"max-video-preview:-1"},"canonical":"https:\/\/senbera.com\/se\/produkt\/gardinband\/","og_locale":"sv_SE","og_type":"article","og_title":"Gardinband - Senbera SE","og_description":"Vackert, enkelt och inga verktyg beh\u00f6vs  Dessa vackra gardinband g\u00f6r att dina f\u00f6nster ser vackra ut samtidigt som de h\u00e5ller gardinerna p\u00e5 plats. Ingen borrning eller krokar - bara linda och styla! &nbsp;","og_url":"https:\/\/senbera.com\/se\/produkt\/gardinband\/","og_site_name":"Senbera SE","article_modified_time":"2026-02-17T16:11:40+00:00","og_image":[{"width":1000,"height":1000,"url":"https:\/\/senbera.com\/se\/wp-content\/uploads\/sites\/20\/2026\/02\/6tryo3x-1.webp","type":"image\/webp"}],"twitter_card":"summary_large_image","twitter_misc":{"Ber\u00e4knad l\u00e4stid":"2 minuter"},"schema":{"@context":"https:\/\/schema.org","@graph":[{"@type":"WebPage","@id":"https:\/\/senbera.com\/se\/produkt\/gardinband\/","url":"https:\/\/senbera.com\/se\/produkt\/gardinband\/","name":"Gardinband - Senbera SE","isPartOf":{"@id":"https:\/\/senbera.com\/se\/#website"},"primaryImageOfPage":{"@id":"https:\/\/senbera.com\/se\/produkt\/gardinband\/#primaryimage"},"image":{"@id":"https:\/\/senbera.com\/se\/produkt\/gardinband\/#primaryimage"},"thumbnailUrl":"https:\/\/senbera.com\/se\/wp-content\/uploads\/sites\/20\/2026\/02\/6tryo3x-1.webp","datePublished":"2026-02-17T16:04:16+00:00","dateModified":"2026-02-17T16:11:40+00:00","breadcrumb":{"@id":"https:\/\/senbera.com\/se\/produkt\/gardinband\/#breadcrumb"},"inLanguage":"sv-SE","potentialAction":[{"@type":"ReadAction","target":["https:\/\/senbera.com\/se\/produkt\/gardinband\/"]}]},{"@type":"ImageObject","inLanguage":"sv-SE","@id":"https:\/\/senbera.com\/se\/produkt\/gardinband\/#primaryimage","url":"https:\/\/senbera.com\/se\/wp-content\/uploads\/sites\/20\/2026\/02\/6tryo3x-1.webp","contentUrl":"https:\/\/senbera.com\/se\/wp-content\/uploads\/sites\/20\/2026\/02\/6tryo3x-1.webp","width":1000,"height":1000},{"@type":"BreadcrumbList","@id":"https:\/\/senbera.com\/se\/produkt\/gardinband\/#breadcrumb","itemListElement":[{"@type":"ListItem","position":1,"name":"Home","item":"https:\/\/senbera.com\/se\/"},{"@type":"ListItem","position":2,"name":"Butik","item":"https:\/\/senbera.com\/se\/butik\/"},{"@type":"ListItem","position":3,"name":"Gardinband"}]},{"@type":"WebSite","@id":"https:\/\/senbera.com\/se\/#website","url":"https:\/\/senbera.com\/se\/","name":"Senbera SE","description":"","publisher":{"@id":"https:\/\/senbera.com\/se\/#organization"},"potentialAction":[{"@type":"SearchAction","target":{"@type":"EntryPoint","urlTemplate":"https:\/\/senbera.com\/se\/?s={search_term_string}"},"query-input":{"@type":"PropertyValueSpecification","valueRequired":true,"valueName":"search_term_string"}}],"inLanguage":"sv-SE"},{"@type":"Organization","@id":"https:\/\/senbera.com\/se\/#organization","name":"Mekulo","url":"https:\/\/senbera.com\/se\/","logo":{"@type":"ImageObject","inLanguage":"sv-SE","@id":"https:\/\/senbera.com\/se\/#\/schema\/logo\/image\/","url":"https:\/\/senbera.com\/se\/wp-content\/uploads\/sites\/20\/2025\/12\/favicon_mekulo.png","contentUrl":"https:\/\/senbera.com\/se\/wp-content\/uploads\/sites\/20\/2025\/12\/favicon_mekulo.png","width":50,"height":50,"caption":"Mekulo"},"image":{"@id":"https:\/\/senbera.com\/se\/#\/schema\/logo\/image\/"}}]}},"_links":{"self":[{"href":"https:\/\/senbera.com\/se\/wp-json\/wp\/v2\/product\/22480","targetHints":{"allow":["GET"]}}],"collection":[{"href":"https:\/\/senbera.com\/se\/wp-json\/wp\/v2\/product"}],"about":[{"href":"https:\/\/senbera.com\/se\/wp-json\/wp\/v2\/types\/product"}],"replies":[{"embeddable":true,"href":"https:\/\/senbera.com\/se\/wp-json\/wp\/v2\/comments?post=22480"}],"wp:featuredmedia":[{"embeddable":true,"href":"https:\/\/senbera.com\/se\/wp-json\/wp\/v2\/media\/22476"}],"wp:attachment":[{"href":"https:\/\/senbera.com\/se\/wp-json\/wp\/v2\/media?parent=22480"}],"wp:term":[{"taxonomy":"product_brand","embeddable":true,"href":"https:\/\/senbera.com\/se\/wp-json\/wp\/v2\/product_brand?post=22480"},{"taxonomy":"product_cat","embeddable":true,"href":"https:\/\/senbera.com\/se\/wp-json\/wp\/v2\/product_cat?post=22480"},{"taxonomy":"product_tag","embeddable":true,"href":"https:\/\/senbera.com\/se\/wp-json\/wp\/v2\/product_tag?post=22480"}],"curies":[{"name":"wp","href":"https:\/\/api.w.org\/{rel}","templated":true}]}}