{"id":22307,"date":"2026-02-13T18:14:30","date_gmt":"2026-02-13T16:14:30","guid":{"rendered":"https:\/\/senbera.com\/se\/produkt\/tradlos-skrivbordslampa\/"},"modified":"2026-02-13T18:14:42","modified_gmt":"2026-02-13T16:14:42","slug":"tradlos-skrivbordslampa","status":"publish","type":"product","link":"https:\/\/senbera.com\/se\/produkt\/tradlos-skrivbordslampa\/","title":{"rendered":"Tr\u00e5dl\u00f6s skrivbordslampa"},"content":{"rendered":"<h2 class=\"font-claude-response-body break-words whitespace-normal leading-[1.7]\" style=\"text-align: center\"><strong>F\u00f6rvandla Vilket Utrymme Som Helst Med Varm, Justerbar Belysning Till Hands.<\/strong><\/h2>\n<p class=\"font-claude-response-body break-words whitespace-normal leading-[1.7]\" style=\"text-align: center\">denna eleganta retro skrivbordslampa kombinerar elegant aluminiumdesign med modern touchkontrollteknik. Den \u00e4r perfekt f\u00f6r att skapa atmosf\u00e4r i sovrummet, vardagsrummet, restaurangen eller baren och ger anpassningsbar belysning som anpassar sig till varje hum\u00f6r &#8211; fr\u00e5n stark arbetsbelysning till mjukt avkopplande sken.<\/p>\n<h2 style=\"text-align: center\"><img decoding=\"async\" class=\"alignnone size-medium wp-image-3220 aligncenter\" style=\"font-size: 16px;font-style: inherit;font-weight: inherit\" src=\"https:\/\/keluvo.com\/template\/wp-content\/uploads\/sites\/5\/2024\/11\/07c1d839-8e92-46bc-8d8d-1ffa7349d0b2.webp\" alt=\"\" \/><\/h2>\n<h2 class=\"text-text-100 mt-3 -mb-1 text-[1.125rem] font-bold\" style=\"text-align: center\">Huvudf\u00f6rdelar \u2728<\/h2>\n<p class=\"font-claude-response-body break-words whitespace-normal leading-[1.7]\" style=\"text-align: center\">\ud83d\udca1 Touchdimbar kontroll &#8211; Tryck bara p\u00e5 lamphuvudet f\u00f6r att v\u00e4xla mellan l\u00e5g, medel, h\u00f6g, stegl\u00f6s dimning och av<\/p>\n<p class=\"font-claude-response-body break-words whitespace-normal leading-[1.7]\" style=\"text-align: center\">\ud83d\udd0b Uppladdningsbart &amp; Sladdl\u00f6s &#8211; Inbyggt batteri med USB-laddning inneb\u00e4r att inga uttag beh\u00f6vs &#8211; placera den var som helst<\/p>\n<p class=\"font-claude-response-body break-words whitespace-normal leading-[1.7]\" style=\"text-align: center\">\ud83c\udf1f Energieffektiv LED &#8211; 5W LED-lampa ger stark, l\u00e5ngvarig belysning<\/p>\n<p class=\"font-claude-response-body break-words whitespace-normal leading-[1.7]\" style=\"text-align: center\">\ud83c\udfe0 M\u00e5ngsidig inredningsdetalj &#8211; Retroestetik kompletterar vardagsrum, sovrum, restauranger, barer och matplatser<\/p>\n<p class=\"font-claude-response-body break-words whitespace-normal leading-[1.7]\" style=\"text-align: center\">\u2728 Premium aluminiumkonstruktion &#8211; H\u00e5llbar aluminiumlegering med akrylsk\u00e4rm f\u00f6r h\u00e5llbar kvalitet<\/p>\n<p><img decoding=\"async\" class=\"alignnone size-medium wp-image-3226 aligncenter\" src=\"https:\/\/keluvo.com\/template\/wp-content\/uploads\/sites\/5\/2024\/11\/Sbb01a86922844470911565d70d1e94776.jpg\" alt=\"\" \/><\/p>\n<h2 class=\"text-text-100 mt-3 -mb-1 text-[1.125rem] font-bold\" style=\"text-align: center\">Produktdetaljer \ud83d\udccb<\/h2>\n<ul class=\"[li_&amp;]:mb-0 [li_&amp;]:mt-1 [li_&amp;]:gap-1 [&amp;:not(:last-child)_ul]:pb-1 [&amp;:not(:last-child)_ol]:pb-1 list-disc flex flex-col gap-1 pl-8 mb-3\">\n<li class=\"whitespace-normal break-words pl-2\">Material: Aluminiumlegering + akryl<\/li>\n<li class=\"whitespace-normal break-words pl-2\">Dimensioner: 13 cm diameter \u00d7 28,5 cm h\u00f6jd (D13 \u00d7 H28,5 cm)<\/li>\n<li class=\"whitespace-normal break-words pl-2\">Effekt: 5W LED<\/li>\n<li class=\"whitespace-normal break-words pl-2\">Sp\u00e4nning: DC 5V<\/li>\n<li class=\"whitespace-normal break-words pl-2\">Ljusf\u00e4rger: 3 ljusf\u00e4rger tillg\u00e4ngliga<\/li>\n<li class=\"whitespace-normal break-words pl-2\">F\u00e4rgalternativ: Guld, gr\u00e5tt, silver eller svart<\/li>\n<li class=\"whitespace-normal break-words pl-2\">Brytartyp: Touch p\u00e5\/av<\/li>\n<li class=\"whitespace-normal break-words pl-2\">Laddning: USB-kabel (typ-c eller standard USB)<\/li>\n<li class=\"whitespace-normal break-words pl-2\">Certifiering: CE, ROHS certifierad<\/li>\n<\/ul>\n<h2 class=\"text-text-100 mt-3 -mb-1 text-[1.125rem] font-bold\" style=\"text-align: center\">Paketet inneh\u00e5ller \ud83d\udce6<\/h2>\n<ul class=\"[li_&amp;]:mb-0 [li_&amp;]:mt-1 [li_&amp;]:gap-1 [&amp;:not(:last-child)_ul]:pb-1 [&amp;:not(:last-child)_ol]:pb-1 list-disc flex flex-col gap-1 pl-8 mb-3\">\n<li class=\"whitespace-normal break-words pl-2\">1\u00d7 Tr\u00e5dl\u00f6s skrivbordslampa<\/li>\n<li class=\"whitespace-normal break-words pl-2\">1\u00d7 USB-laddningskabel<\/li>\n<li class=\"whitespace-normal break-words pl-2\">1\u00d7 Anv\u00e4ndarmanual<\/li>\n<\/ul>\n","protected":false},"excerpt":{"rendered":"<p>F\u00f6rvandla Vilket Utrymme Som Helst Med Varm, Justerbar Belysning Till Hands. denna eleganta retro skrivbordslampa kombinerar elegant aluminiumdesign med modern [&hellip;]<\/p>\n","protected":false},"featured_media":22303,"comment_status":"open","ping_status":"closed","template":"","meta":{"site-sidebar-layout":"default","site-content-layout":"","ast-site-content-layout":"default","site-content-style":"default","site-sidebar-style":"default","ast-global-header-display":"","ast-banner-title-visibility":"","ast-main-header-display":"","ast-hfb-above-header-display":"","ast-hfb-below-header-display":"","ast-hfb-mobile-header-display":"","site-post-title":"","ast-breadcrumbs-content":"","ast-featured-img":"","footer-sml-layout":"","ast-disable-related-posts":"","theme-transparent-header-meta":"default","adv-header-id-meta":"","stick-header-meta":"","header-above-stick-meta":"","header-main-stick-meta":"","header-below-stick-meta":"","astra-migrate-meta-layouts":"set","ast-page-background-enabled":"default","ast-page-background-meta":{"desktop":{"background-color":"var(--ast-global-color-5)","background-image":"","background-repeat":"repeat","background-position":"center center","background-size":"auto","background-attachment":"scroll","background-type":"","background-media":"","overlay-type":"","overlay-color":"","overlay-opacity":"","overlay-gradient":""},"tablet":{"background-color":"","background-image":"","background-repeat":"repeat","background-position":"center center","background-size":"auto","background-attachment":"scroll","background-type":"","background-media":"","overlay-type":"","overlay-color":"","overlay-opacity":"","overlay-gradient":""},"mobile":{"background-color":"","background-image":"","background-repeat":"repeat","background-position":"center center","background-size":"auto","background-attachment":"scroll","background-type":"","background-media":"","overlay-type":"","overlay-color":"","overlay-opacity":"","overlay-gradient":""}},"ast-content-background-meta":{"desktop":{"background-color":"var(--ast-global-color-4)","background-image":"","background-repeat":"repeat","background-position":"center center","background-size":"auto","background-attachment":"scroll","background-type":"","background-media":"","overlay-type":"","overlay-color":"","overlay-opacity":"","overlay-gradient":""},"tablet":{"background-color":"var(--ast-global-color-4)","background-image":"","background-repeat":"repeat","background-position":"center center","background-size":"auto","background-attachment":"scroll","background-type":"","background-media":"","overlay-type":"","overlay-color":"","overlay-opacity":"","overlay-gradient":""},"mobile":{"background-color":"var(--ast-global-color-4)","background-image":"","background-repeat":"repeat","background-position":"center center","background-size":"auto","background-attachment":"scroll","background-type":"","background-media":"","overlay-type":"","overlay-color":"","overlay-opacity":"","overlay-gradient":""}}},"product_brand":[],"product_cat":[15],"product_tag":[],"class_list":{"0":"post-22307","1":"product","2":"type-product","3":"status-publish","4":"has-post-thumbnail","6":"product_cat-okategoriserade","7":"pa_16119_tdwi6epy-gra","8":"pa_16119_tdwi6epy-guld","9":"pa_16119_tdwi6epy-silver","10":"pa_16119_tdwi6epy-svart","11":"desktop-align-left","12":"tablet-align-left","13":"mobile-align-left","15":"first","16":"instock","17":"shipping-taxable","18":"purchasable","19":"product-type-variable"},"yoast_head":"<!-- This site is optimized with the Yoast SEO plugin v27.4 - https:\/\/yoast.com\/product\/yoast-seo-wordpress\/ -->\n<title>Tr\u00e5dl\u00f6s skrivbordslampa - Senbera SE<\/title>\n<meta name=\"robots\" content=\"index, follow, max-snippet:-1, max-image-preview:large, max-video-preview:-1\" \/>\n<link rel=\"canonical\" href=\"https:\/\/senbera.com\/se\/produkt\/tradlos-skrivbordslampa\/\" \/>\n<meta property=\"og:locale\" content=\"sv_SE\" \/>\n<meta property=\"og:type\" content=\"article\" \/>\n<meta property=\"og:title\" content=\"Tr\u00e5dl\u00f6s skrivbordslampa - Senbera SE\" \/>\n<meta property=\"og:description\" content=\"F\u00f6rvandla Vilket Utrymme Som Helst Med Varm, Justerbar Belysning Till Hands. denna eleganta retro skrivbordslampa kombinerar elegant aluminiumdesign med modern [&hellip;]\" \/>\n<meta property=\"og:url\" content=\"https:\/\/senbera.com\/se\/produkt\/tradlos-skrivbordslampa\/\" \/>\n<meta property=\"og:site_name\" content=\"Senbera SE\" \/>\n<meta property=\"article:modified_time\" content=\"2026-02-13T16:14:42+00:00\" \/>\n<meta name=\"twitter:card\" content=\"summary_large_image\" \/>\n<meta name=\"twitter:label1\" content=\"Ber\u00e4knad l\u00e4stid\" \/>\n\t<meta name=\"twitter:data1\" content=\"1 minut\" \/>\n<script type=\"application\/ld+json\" class=\"yoast-schema-graph\">{\"@context\":\"https:\\\/\\\/schema.org\",\"@graph\":[{\"@type\":\"WebPage\",\"@id\":\"https:\\\/\\\/senbera.com\\\/se\\\/produkt\\\/tradlos-skrivbordslampa\\\/\",\"url\":\"https:\\\/\\\/senbera.com\\\/se\\\/produkt\\\/tradlos-skrivbordslampa\\\/\",\"name\":\"Tr\u00e5dl\u00f6s skrivbordslampa - Senbera SE\",\"isPartOf\":{\"@id\":\"https:\\\/\\\/senbera.com\\\/se\\\/#website\"},\"primaryImageOfPage\":{\"@id\":\"https:\\\/\\\/senbera.com\\\/se\\\/produkt\\\/tradlos-skrivbordslampa\\\/#primaryimage\"},\"image\":{\"@id\":\"https:\\\/\\\/senbera.com\\\/se\\\/produkt\\\/tradlos-skrivbordslampa\\\/#primaryimage\"},\"thumbnailUrl\":\"https:\\\/\\\/senbera.com\\\/se\\\/wp-content\\\/uploads\\\/sites\\\/20\\\/2026\\\/02\\\/euaacz5-1.jpg\",\"datePublished\":\"2026-02-13T16:14:30+00:00\",\"dateModified\":\"2026-02-13T16:14:42+00:00\",\"breadcrumb\":{\"@id\":\"https:\\\/\\\/senbera.com\\\/se\\\/produkt\\\/tradlos-skrivbordslampa\\\/#breadcrumb\"},\"inLanguage\":\"sv-SE\",\"potentialAction\":[{\"@type\":\"ReadAction\",\"target\":[\"https:\\\/\\\/senbera.com\\\/se\\\/produkt\\\/tradlos-skrivbordslampa\\\/\"]}]},{\"@type\":\"ImageObject\",\"inLanguage\":\"sv-SE\",\"@id\":\"https:\\\/\\\/senbera.com\\\/se\\\/produkt\\\/tradlos-skrivbordslampa\\\/#primaryimage\",\"url\":\"https:\\\/\\\/senbera.com\\\/se\\\/wp-content\\\/uploads\\\/sites\\\/20\\\/2026\\\/02\\\/euaacz5-1.jpg\",\"contentUrl\":\"https:\\\/\\\/senbera.com\\\/se\\\/wp-content\\\/uploads\\\/sites\\\/20\\\/2026\\\/02\\\/euaacz5-1.jpg\",\"width\":800,\"height\":800},{\"@type\":\"BreadcrumbList\",\"@id\":\"https:\\\/\\\/senbera.com\\\/se\\\/produkt\\\/tradlos-skrivbordslampa\\\/#breadcrumb\",\"itemListElement\":[{\"@type\":\"ListItem\",\"position\":1,\"name\":\"Home\",\"item\":\"https:\\\/\\\/senbera.com\\\/se\\\/\"},{\"@type\":\"ListItem\",\"position\":2,\"name\":\"Butik\",\"item\":\"https:\\\/\\\/senbera.com\\\/se\\\/butik\\\/\"},{\"@type\":\"ListItem\",\"position\":3,\"name\":\"Tr\u00e5dl\u00f6s skrivbordslampa\"}]},{\"@type\":\"WebSite\",\"@id\":\"https:\\\/\\\/senbera.com\\\/se\\\/#website\",\"url\":\"https:\\\/\\\/senbera.com\\\/se\\\/\",\"name\":\"Senbera SE\",\"description\":\"\",\"publisher\":{\"@id\":\"https:\\\/\\\/senbera.com\\\/se\\\/#organization\"},\"potentialAction\":[{\"@type\":\"SearchAction\",\"target\":{\"@type\":\"EntryPoint\",\"urlTemplate\":\"https:\\\/\\\/senbera.com\\\/se\\\/?s={search_term_string}\"},\"query-input\":{\"@type\":\"PropertyValueSpecification\",\"valueRequired\":true,\"valueName\":\"search_term_string\"}}],\"inLanguage\":\"sv-SE\"},{\"@type\":\"Organization\",\"@id\":\"https:\\\/\\\/senbera.com\\\/se\\\/#organization\",\"name\":\"Mekulo\",\"url\":\"https:\\\/\\\/senbera.com\\\/se\\\/\",\"logo\":{\"@type\":\"ImageObject\",\"inLanguage\":\"sv-SE\",\"@id\":\"https:\\\/\\\/senbera.com\\\/se\\\/#\\\/schema\\\/logo\\\/image\\\/\",\"url\":\"https:\\\/\\\/senbera.com\\\/se\\\/wp-content\\\/uploads\\\/sites\\\/20\\\/2025\\\/12\\\/favicon_mekulo.png\",\"contentUrl\":\"https:\\\/\\\/senbera.com\\\/se\\\/wp-content\\\/uploads\\\/sites\\\/20\\\/2025\\\/12\\\/favicon_mekulo.png\",\"width\":50,\"height\":50,\"caption\":\"Mekulo\"},\"image\":{\"@id\":\"https:\\\/\\\/senbera.com\\\/se\\\/#\\\/schema\\\/logo\\\/image\\\/\"}}]}<\/script>\n<!-- \/ Yoast SEO plugin. -->","yoast_head_json":{"title":"Tr\u00e5dl\u00f6s skrivbordslampa - Senbera SE","robots":{"index":"index","follow":"follow","max-snippet":"max-snippet:-1","max-image-preview":"max-image-preview:large","max-video-preview":"max-video-preview:-1"},"canonical":"https:\/\/senbera.com\/se\/produkt\/tradlos-skrivbordslampa\/","og_locale":"sv_SE","og_type":"article","og_title":"Tr\u00e5dl\u00f6s skrivbordslampa - Senbera SE","og_description":"F\u00f6rvandla Vilket Utrymme Som Helst Med Varm, Justerbar Belysning Till Hands. denna eleganta retro skrivbordslampa kombinerar elegant aluminiumdesign med modern [&hellip;]","og_url":"https:\/\/senbera.com\/se\/produkt\/tradlos-skrivbordslampa\/","og_site_name":"Senbera SE","article_modified_time":"2026-02-13T16:14:42+00:00","twitter_card":"summary_large_image","twitter_misc":{"Ber\u00e4knad l\u00e4stid":"1 minut"},"schema":{"@context":"https:\/\/schema.org","@graph":[{"@type":"WebPage","@id":"https:\/\/senbera.com\/se\/produkt\/tradlos-skrivbordslampa\/","url":"https:\/\/senbera.com\/se\/produkt\/tradlos-skrivbordslampa\/","name":"Tr\u00e5dl\u00f6s skrivbordslampa - Senbera SE","isPartOf":{"@id":"https:\/\/senbera.com\/se\/#website"},"primaryImageOfPage":{"@id":"https:\/\/senbera.com\/se\/produkt\/tradlos-skrivbordslampa\/#primaryimage"},"image":{"@id":"https:\/\/senbera.com\/se\/produkt\/tradlos-skrivbordslampa\/#primaryimage"},"thumbnailUrl":"https:\/\/senbera.com\/se\/wp-content\/uploads\/sites\/20\/2026\/02\/euaacz5-1.jpg","datePublished":"2026-02-13T16:14:30+00:00","dateModified":"2026-02-13T16:14:42+00:00","breadcrumb":{"@id":"https:\/\/senbera.com\/se\/produkt\/tradlos-skrivbordslampa\/#breadcrumb"},"inLanguage":"sv-SE","potentialAction":[{"@type":"ReadAction","target":["https:\/\/senbera.com\/se\/produkt\/tradlos-skrivbordslampa\/"]}]},{"@type":"ImageObject","inLanguage":"sv-SE","@id":"https:\/\/senbera.com\/se\/produkt\/tradlos-skrivbordslampa\/#primaryimage","url":"https:\/\/senbera.com\/se\/wp-content\/uploads\/sites\/20\/2026\/02\/euaacz5-1.jpg","contentUrl":"https:\/\/senbera.com\/se\/wp-content\/uploads\/sites\/20\/2026\/02\/euaacz5-1.jpg","width":800,"height":800},{"@type":"BreadcrumbList","@id":"https:\/\/senbera.com\/se\/produkt\/tradlos-skrivbordslampa\/#breadcrumb","itemListElement":[{"@type":"ListItem","position":1,"name":"Home","item":"https:\/\/senbera.com\/se\/"},{"@type":"ListItem","position":2,"name":"Butik","item":"https:\/\/senbera.com\/se\/butik\/"},{"@type":"ListItem","position":3,"name":"Tr\u00e5dl\u00f6s skrivbordslampa"}]},{"@type":"WebSite","@id":"https:\/\/senbera.com\/se\/#website","url":"https:\/\/senbera.com\/se\/","name":"Senbera SE","description":"","publisher":{"@id":"https:\/\/senbera.com\/se\/#organization"},"potentialAction":[{"@type":"SearchAction","target":{"@type":"EntryPoint","urlTemplate":"https:\/\/senbera.com\/se\/?s={search_term_string}"},"query-input":{"@type":"PropertyValueSpecification","valueRequired":true,"valueName":"search_term_string"}}],"inLanguage":"sv-SE"},{"@type":"Organization","@id":"https:\/\/senbera.com\/se\/#organization","name":"Mekulo","url":"https:\/\/senbera.com\/se\/","logo":{"@type":"ImageObject","inLanguage":"sv-SE","@id":"https:\/\/senbera.com\/se\/#\/schema\/logo\/image\/","url":"https:\/\/senbera.com\/se\/wp-content\/uploads\/sites\/20\/2025\/12\/favicon_mekulo.png","contentUrl":"https:\/\/senbera.com\/se\/wp-content\/uploads\/sites\/20\/2025\/12\/favicon_mekulo.png","width":50,"height":50,"caption":"Mekulo"},"image":{"@id":"https:\/\/senbera.com\/se\/#\/schema\/logo\/image\/"}}]}},"_links":{"self":[{"href":"https:\/\/senbera.com\/se\/wp-json\/wp\/v2\/product\/22307","targetHints":{"allow":["GET"]}}],"collection":[{"href":"https:\/\/senbera.com\/se\/wp-json\/wp\/v2\/product"}],"about":[{"href":"https:\/\/senbera.com\/se\/wp-json\/wp\/v2\/types\/product"}],"replies":[{"embeddable":true,"href":"https:\/\/senbera.com\/se\/wp-json\/wp\/v2\/comments?post=22307"}],"wp:featuredmedia":[{"embeddable":true,"href":"https:\/\/senbera.com\/se\/wp-json\/wp\/v2\/media\/22303"}],"wp:attachment":[{"href":"https:\/\/senbera.com\/se\/wp-json\/wp\/v2\/media?parent=22307"}],"wp:term":[{"taxonomy":"product_brand","embeddable":true,"href":"https:\/\/senbera.com\/se\/wp-json\/wp\/v2\/product_brand?post=22307"},{"taxonomy":"product_cat","embeddable":true,"href":"https:\/\/senbera.com\/se\/wp-json\/wp\/v2\/product_cat?post=22307"},{"taxonomy":"product_tag","embeddable":true,"href":"https:\/\/senbera.com\/se\/wp-json\/wp\/v2\/product_tag?post=22307"}],"curies":[{"name":"wp","href":"https:\/\/api.w.org\/{rel}","templated":true}]}}