{"id":22013,"date":"2026-01-21T14:16:45","date_gmt":"2026-01-21T12:16:45","guid":{"rendered":"https:\/\/senbera.com\/se\/produkt\/kudde-for-armstod\/"},"modified":"2026-01-21T14:44:47","modified_gmt":"2026-01-21T12:44:47","slug":"kudde-for-armstod","status":"publish","type":"product","link":"https:\/\/senbera.com\/se\/produkt\/kudde-for-armstod\/","title":{"rendered":"Kudde f\u00f6r armst\u00f6d"},"content":{"rendered":"<p style=\"text-align: center;\" data-start=\"81\" data-end=\"132\"><strong data-start=\"81\" data-end=\"132\">Armst\u00f6dskudde \u2013 Komfort F\u00f6r Dig Och Ditt Barn \ud83e\udd31\u2728<\/strong><\/p>\n<p style=\"text-align: center;\" data-start=\"134\" data-end=\"348\">Sooth och st\u00f6d varje matningsstund med v\u00e5r mjuka, ergonomiska\u00a0<strong data-start=\"199\" data-end=\"221\">armst\u00f6dskudde<\/strong>. Den \u00e4r utformad f\u00f6r att passa perfekt p\u00e5 din arm och hj\u00e4lper till att placera ditt barn bekv\u00e4mt samtidigt som den minskar belastningen p\u00e5 axlar och handleder.<\/p>\n<p style=\"text-align: center;\" data-start=\"134\" data-end=\"348\"><img decoding=\"async\" src=\"https:\/\/cdn.shopify.com\/s\/files\/1\/0740\/9510\/0213\/files\/gif_2.gif?v=1748661761\" alt=\"\" \/><\/p>\n<p style=\"text-align: center;\" data-start=\"350\" data-end=\"469\">\u2705 Fr\u00e4mjar b\u00e4ttre sp\u00e4rrning<br data-start=\"376\" data-end=\"379\" \/>\u2705 Mjuk, andas &amp; barns\u00e4ker \ud83c\udf3f<br data-start=\"412\" data-end=\"415\" \/>\u2705 L\u00e4tt &amp; resev\u00e4nlig \u2708\ufe0f<br data-start=\"449\" data-end=\"452\" \/>\u2705 L\u00e4tt att tv\u00e4tta \ud83e\uddfc<\/p>\n<p style=\"text-align: center;\" data-start=\"350\" data-end=\"469\"><img decoding=\"async\" src=\"https:\/\/cdn.shopify.com\/s\/files\/1\/0740\/9510\/0213\/files\/gif_1.gif?v=1748661785\" alt=\"\" \/><\/p>\n","protected":false},"excerpt":{"rendered":"<div class=\"product-block\">\n<div class=\"rte\">\n<p data-start=\"471\" data-end=\"537\" data-is-last-node=\"\" data-is-only-node=\"\">Perfekt armkudde f\u00f6r amning eller flaskmatning &#8211; komfort p\u00e5 ett enkelt s\u00e4tt \ud83d\udc95<\/p>\n<\/div>\n<\/div>\n","protected":false},"featured_media":22009,"comment_status":"open","ping_status":"closed","template":"","meta":{"site-sidebar-layout":"default","site-content-layout":"","ast-site-content-layout":"default","site-content-style":"default","site-sidebar-style":"default","ast-global-header-display":"","ast-banner-title-visibility":"","ast-main-header-display":"","ast-hfb-above-header-display":"","ast-hfb-below-header-display":"","ast-hfb-mobile-header-display":"","site-post-title":"","ast-breadcrumbs-content":"","ast-featured-img":"","footer-sml-layout":"","ast-disable-related-posts":"","theme-transparent-header-meta":"default","adv-header-id-meta":"","stick-header-meta":"","header-above-stick-meta":"","header-main-stick-meta":"","header-below-stick-meta":"","astra-migrate-meta-layouts":"set","ast-page-background-enabled":"default","ast-page-background-meta":{"desktop":{"background-color":"var(--ast-global-color-5)","background-image":"","background-repeat":"repeat","background-position":"center center","background-size":"auto","background-attachment":"scroll","background-type":"","background-media":"","overlay-type":"","overlay-color":"","overlay-opacity":"","overlay-gradient":""},"tablet":{"background-color":"","background-image":"","background-repeat":"repeat","background-position":"center center","background-size":"auto","background-attachment":"scroll","background-type":"","background-media":"","overlay-type":"","overlay-color":"","overlay-opacity":"","overlay-gradient":""},"mobile":{"background-color":"","background-image":"","background-repeat":"repeat","background-position":"center center","background-size":"auto","background-attachment":"scroll","background-type":"","background-media":"","overlay-type":"","overlay-color":"","overlay-opacity":"","overlay-gradient":""}},"ast-content-background-meta":{"desktop":{"background-color":"var(--ast-global-color-4)","background-image":"","background-repeat":"repeat","background-position":"center center","background-size":"auto","background-attachment":"scroll","background-type":"","background-media":"","overlay-type":"","overlay-color":"","overlay-opacity":"","overlay-gradient":""},"tablet":{"background-color":"var(--ast-global-color-4)","background-image":"","background-repeat":"repeat","background-position":"center center","background-size":"auto","background-attachment":"scroll","background-type":"","background-media":"","overlay-type":"","overlay-color":"","overlay-opacity":"","overlay-gradient":""},"mobile":{"background-color":"var(--ast-global-color-4)","background-image":"","background-repeat":"repeat","background-position":"center center","background-size":"auto","background-attachment":"scroll","background-type":"","background-media":"","overlay-type":"","overlay-color":"","overlay-opacity":"","overlay-gradient":""}}},"product_brand":[],"product_cat":[15],"product_tag":[],"class_list":{"0":"post-22013","1":"product","2":"type-product","3":"status-publish","4":"has-post-thumbnail","6":"product_cat-okategoriserade","7":"pa_68750_87b6pte6-djur","8":"pa_68750_87b6pte6-gra-king","9":"pa_68750_87b6pte6-kanin","10":"pa_68750_87b6pte6-lila-stjarnor","11":"pa_68750_87b6pte6-regnbage","12":"pa_68750_87b6pte6-rosa-stjarnor","13":"pa_68750_87b6pte6-vita-remsor","14":"pa_68750_87b6pte6-vita-stjarnor","15":"desktop-align-left","16":"tablet-align-left","17":"mobile-align-left","19":"first","20":"instock","21":"shipping-taxable","22":"purchasable","23":"product-type-variable"},"yoast_head":"<!-- This site is optimized with the Yoast SEO plugin v27.4 - https:\/\/yoast.com\/product\/yoast-seo-wordpress\/ -->\n<title>Kudde f\u00f6r armst\u00f6d - Senbera SE<\/title>\n<meta name=\"robots\" content=\"index, follow, max-snippet:-1, max-image-preview:large, max-video-preview:-1\" \/>\n<link rel=\"canonical\" href=\"https:\/\/senbera.com\/se\/produkt\/kudde-for-armstod\/\" \/>\n<meta property=\"og:locale\" content=\"sv_SE\" \/>\n<meta property=\"og:type\" content=\"article\" \/>\n<meta property=\"og:title\" content=\"Kudde f\u00f6r armst\u00f6d - Senbera SE\" \/>\n<meta property=\"og:description\" content=\"Perfekt armkudde f\u00f6r amning eller flaskmatning - komfort p\u00e5 ett enkelt s\u00e4tt \ud83d\udc95\" \/>\n<meta property=\"og:url\" content=\"https:\/\/senbera.com\/se\/produkt\/kudde-for-armstod\/\" \/>\n<meta property=\"og:site_name\" content=\"Senbera SE\" \/>\n<meta property=\"article:modified_time\" content=\"2026-01-21T12:44:47+00:00\" \/>\n<meta property=\"og:image\" content=\"https:\/\/senbera.com\/se\/wp-content\/uploads\/sites\/20\/2026\/01\/kd7hc7d-1.webp\" \/>\n\t<meta property=\"og:image:width\" content=\"520\" \/>\n\t<meta property=\"og:image:height\" content=\"521\" \/>\n\t<meta property=\"og:image:type\" content=\"image\/webp\" \/>\n<meta name=\"twitter:card\" content=\"summary_large_image\" \/>\n<meta name=\"twitter:label1\" content=\"Ber\u00e4knad l\u00e4stid\" \/>\n\t<meta name=\"twitter:data1\" content=\"1 minut\" \/>\n<script type=\"application\/ld+json\" class=\"yoast-schema-graph\">{\"@context\":\"https:\\\/\\\/schema.org\",\"@graph\":[{\"@type\":\"WebPage\",\"@id\":\"https:\\\/\\\/senbera.com\\\/se\\\/produkt\\\/kudde-for-armstod\\\/\",\"url\":\"https:\\\/\\\/senbera.com\\\/se\\\/produkt\\\/kudde-for-armstod\\\/\",\"name\":\"Kudde f\u00f6r armst\u00f6d - Senbera SE\",\"isPartOf\":{\"@id\":\"https:\\\/\\\/senbera.com\\\/se\\\/#website\"},\"primaryImageOfPage\":{\"@id\":\"https:\\\/\\\/senbera.com\\\/se\\\/produkt\\\/kudde-for-armstod\\\/#primaryimage\"},\"image\":{\"@id\":\"https:\\\/\\\/senbera.com\\\/se\\\/produkt\\\/kudde-for-armstod\\\/#primaryimage\"},\"thumbnailUrl\":\"https:\\\/\\\/senbera.com\\\/se\\\/wp-content\\\/uploads\\\/sites\\\/20\\\/2026\\\/01\\\/kd7hc7d-1.webp\",\"datePublished\":\"2026-01-21T12:16:45+00:00\",\"dateModified\":\"2026-01-21T12:44:47+00:00\",\"breadcrumb\":{\"@id\":\"https:\\\/\\\/senbera.com\\\/se\\\/produkt\\\/kudde-for-armstod\\\/#breadcrumb\"},\"inLanguage\":\"sv-SE\",\"potentialAction\":[{\"@type\":\"ReadAction\",\"target\":[\"https:\\\/\\\/senbera.com\\\/se\\\/produkt\\\/kudde-for-armstod\\\/\"]}]},{\"@type\":\"ImageObject\",\"inLanguage\":\"sv-SE\",\"@id\":\"https:\\\/\\\/senbera.com\\\/se\\\/produkt\\\/kudde-for-armstod\\\/#primaryimage\",\"url\":\"https:\\\/\\\/senbera.com\\\/se\\\/wp-content\\\/uploads\\\/sites\\\/20\\\/2026\\\/01\\\/kd7hc7d-1.webp\",\"contentUrl\":\"https:\\\/\\\/senbera.com\\\/se\\\/wp-content\\\/uploads\\\/sites\\\/20\\\/2026\\\/01\\\/kd7hc7d-1.webp\",\"width\":520,\"height\":521},{\"@type\":\"BreadcrumbList\",\"@id\":\"https:\\\/\\\/senbera.com\\\/se\\\/produkt\\\/kudde-for-armstod\\\/#breadcrumb\",\"itemListElement\":[{\"@type\":\"ListItem\",\"position\":1,\"name\":\"Home\",\"item\":\"https:\\\/\\\/senbera.com\\\/se\\\/\"},{\"@type\":\"ListItem\",\"position\":2,\"name\":\"Butik\",\"item\":\"https:\\\/\\\/senbera.com\\\/se\\\/butik\\\/\"},{\"@type\":\"ListItem\",\"position\":3,\"name\":\"Kudde f\u00f6r armst\u00f6d\"}]},{\"@type\":\"WebSite\",\"@id\":\"https:\\\/\\\/senbera.com\\\/se\\\/#website\",\"url\":\"https:\\\/\\\/senbera.com\\\/se\\\/\",\"name\":\"Senbera SE\",\"description\":\"\",\"publisher\":{\"@id\":\"https:\\\/\\\/senbera.com\\\/se\\\/#organization\"},\"potentialAction\":[{\"@type\":\"SearchAction\",\"target\":{\"@type\":\"EntryPoint\",\"urlTemplate\":\"https:\\\/\\\/senbera.com\\\/se\\\/?s={search_term_string}\"},\"query-input\":{\"@type\":\"PropertyValueSpecification\",\"valueRequired\":true,\"valueName\":\"search_term_string\"}}],\"inLanguage\":\"sv-SE\"},{\"@type\":\"Organization\",\"@id\":\"https:\\\/\\\/senbera.com\\\/se\\\/#organization\",\"name\":\"Mekulo\",\"url\":\"https:\\\/\\\/senbera.com\\\/se\\\/\",\"logo\":{\"@type\":\"ImageObject\",\"inLanguage\":\"sv-SE\",\"@id\":\"https:\\\/\\\/senbera.com\\\/se\\\/#\\\/schema\\\/logo\\\/image\\\/\",\"url\":\"https:\\\/\\\/senbera.com\\\/se\\\/wp-content\\\/uploads\\\/sites\\\/20\\\/2025\\\/12\\\/favicon_mekulo.png\",\"contentUrl\":\"https:\\\/\\\/senbera.com\\\/se\\\/wp-content\\\/uploads\\\/sites\\\/20\\\/2025\\\/12\\\/favicon_mekulo.png\",\"width\":50,\"height\":50,\"caption\":\"Mekulo\"},\"image\":{\"@id\":\"https:\\\/\\\/senbera.com\\\/se\\\/#\\\/schema\\\/logo\\\/image\\\/\"}}]}<\/script>\n<!-- \/ Yoast SEO plugin. -->","yoast_head_json":{"title":"Kudde f\u00f6r armst\u00f6d - Senbera SE","robots":{"index":"index","follow":"follow","max-snippet":"max-snippet:-1","max-image-preview":"max-image-preview:large","max-video-preview":"max-video-preview:-1"},"canonical":"https:\/\/senbera.com\/se\/produkt\/kudde-for-armstod\/","og_locale":"sv_SE","og_type":"article","og_title":"Kudde f\u00f6r armst\u00f6d - Senbera SE","og_description":"Perfekt armkudde f\u00f6r amning eller flaskmatning - komfort p\u00e5 ett enkelt s\u00e4tt \ud83d\udc95","og_url":"https:\/\/senbera.com\/se\/produkt\/kudde-for-armstod\/","og_site_name":"Senbera SE","article_modified_time":"2026-01-21T12:44:47+00:00","og_image":[{"width":520,"height":521,"url":"https:\/\/senbera.com\/se\/wp-content\/uploads\/sites\/20\/2026\/01\/kd7hc7d-1.webp","type":"image\/webp"}],"twitter_card":"summary_large_image","twitter_misc":{"Ber\u00e4knad l\u00e4stid":"1 minut"},"schema":{"@context":"https:\/\/schema.org","@graph":[{"@type":"WebPage","@id":"https:\/\/senbera.com\/se\/produkt\/kudde-for-armstod\/","url":"https:\/\/senbera.com\/se\/produkt\/kudde-for-armstod\/","name":"Kudde f\u00f6r armst\u00f6d - Senbera SE","isPartOf":{"@id":"https:\/\/senbera.com\/se\/#website"},"primaryImageOfPage":{"@id":"https:\/\/senbera.com\/se\/produkt\/kudde-for-armstod\/#primaryimage"},"image":{"@id":"https:\/\/senbera.com\/se\/produkt\/kudde-for-armstod\/#primaryimage"},"thumbnailUrl":"https:\/\/senbera.com\/se\/wp-content\/uploads\/sites\/20\/2026\/01\/kd7hc7d-1.webp","datePublished":"2026-01-21T12:16:45+00:00","dateModified":"2026-01-21T12:44:47+00:00","breadcrumb":{"@id":"https:\/\/senbera.com\/se\/produkt\/kudde-for-armstod\/#breadcrumb"},"inLanguage":"sv-SE","potentialAction":[{"@type":"ReadAction","target":["https:\/\/senbera.com\/se\/produkt\/kudde-for-armstod\/"]}]},{"@type":"ImageObject","inLanguage":"sv-SE","@id":"https:\/\/senbera.com\/se\/produkt\/kudde-for-armstod\/#primaryimage","url":"https:\/\/senbera.com\/se\/wp-content\/uploads\/sites\/20\/2026\/01\/kd7hc7d-1.webp","contentUrl":"https:\/\/senbera.com\/se\/wp-content\/uploads\/sites\/20\/2026\/01\/kd7hc7d-1.webp","width":520,"height":521},{"@type":"BreadcrumbList","@id":"https:\/\/senbera.com\/se\/produkt\/kudde-for-armstod\/#breadcrumb","itemListElement":[{"@type":"ListItem","position":1,"name":"Home","item":"https:\/\/senbera.com\/se\/"},{"@type":"ListItem","position":2,"name":"Butik","item":"https:\/\/senbera.com\/se\/butik\/"},{"@type":"ListItem","position":3,"name":"Kudde f\u00f6r armst\u00f6d"}]},{"@type":"WebSite","@id":"https:\/\/senbera.com\/se\/#website","url":"https:\/\/senbera.com\/se\/","name":"Senbera SE","description":"","publisher":{"@id":"https:\/\/senbera.com\/se\/#organization"},"potentialAction":[{"@type":"SearchAction","target":{"@type":"EntryPoint","urlTemplate":"https:\/\/senbera.com\/se\/?s={search_term_string}"},"query-input":{"@type":"PropertyValueSpecification","valueRequired":true,"valueName":"search_term_string"}}],"inLanguage":"sv-SE"},{"@type":"Organization","@id":"https:\/\/senbera.com\/se\/#organization","name":"Mekulo","url":"https:\/\/senbera.com\/se\/","logo":{"@type":"ImageObject","inLanguage":"sv-SE","@id":"https:\/\/senbera.com\/se\/#\/schema\/logo\/image\/","url":"https:\/\/senbera.com\/se\/wp-content\/uploads\/sites\/20\/2025\/12\/favicon_mekulo.png","contentUrl":"https:\/\/senbera.com\/se\/wp-content\/uploads\/sites\/20\/2025\/12\/favicon_mekulo.png","width":50,"height":50,"caption":"Mekulo"},"image":{"@id":"https:\/\/senbera.com\/se\/#\/schema\/logo\/image\/"}}]}},"_links":{"self":[{"href":"https:\/\/senbera.com\/se\/wp-json\/wp\/v2\/product\/22013","targetHints":{"allow":["GET"]}}],"collection":[{"href":"https:\/\/senbera.com\/se\/wp-json\/wp\/v2\/product"}],"about":[{"href":"https:\/\/senbera.com\/se\/wp-json\/wp\/v2\/types\/product"}],"replies":[{"embeddable":true,"href":"https:\/\/senbera.com\/se\/wp-json\/wp\/v2\/comments?post=22013"}],"wp:featuredmedia":[{"embeddable":true,"href":"https:\/\/senbera.com\/se\/wp-json\/wp\/v2\/media\/22009"}],"wp:attachment":[{"href":"https:\/\/senbera.com\/se\/wp-json\/wp\/v2\/media?parent=22013"}],"wp:term":[{"taxonomy":"product_brand","embeddable":true,"href":"https:\/\/senbera.com\/se\/wp-json\/wp\/v2\/product_brand?post=22013"},{"taxonomy":"product_cat","embeddable":true,"href":"https:\/\/senbera.com\/se\/wp-json\/wp\/v2\/product_cat?post=22013"},{"taxonomy":"product_tag","embeddable":true,"href":"https:\/\/senbera.com\/se\/wp-json\/wp\/v2\/product_tag?post=22013"}],"curies":[{"name":"wp","href":"https:\/\/api.w.org\/{rel}","templated":true}]}}