{"id":21998,"date":"2026-01-21T13:46:13","date_gmt":"2026-01-21T11:46:13","guid":{"rendered":"https:\/\/senbera.com\/se\/produkt\/talande-elefant-plyschleksak\/"},"modified":"2026-01-21T13:57:18","modified_gmt":"2026-01-21T11:57:18","slug":"talande-elefant-plyschleksak","status":"publish","type":"product","link":"https:\/\/senbera.com\/se\/produkt\/talande-elefant-plyschleksak\/","title":{"rendered":"Talande elefant plyschleksak"},"content":{"rendered":"<h2 class=\"text-text-100 mt-3 -mb-1 text-[1.125rem] font-bold\" style=\"text-align: center;\">Varf\u00f6r f\u00f6r\u00e4ldrar &amp; bebisar \u00e4lskar den h\u00e4r elefanten<\/h2>\n<p class=\"font-claude-response-body break-words whitespace-normal leading-[1.7]\" style=\"text-align: center;\"><strong>Interaktiv Magi Som F\u00e4ngslar<\/strong><br \/>\nMed bara en l\u00e4tt tryckning s\u00e4tter den h\u00e4r charmiga elefanten ig\u00e5ng &#8211; den flaxar med sina bed\u00e5rande \u00f6verdimensionerade \u00f6ron, leker den klassiska tittut-leken och sjunger underbara melodier som f\u00e5r ditt barn att fnissa av gl\u00e4dje. Varje interaktion uppmuntrar ditt barn att str\u00e4cka sig, r\u00f6ra och utforska.<\/p>\n<h2><\/h2>\n<p class=\"font-claude-response-body break-words whitespace-normal leading-[1.7]\" style=\"text-align: center;\"><strong>Genomt\u00e4nkt Designad F\u00f6r Utveckling<\/strong><br \/>\nDet h\u00e4r \u00e4r inte bara kul och lek (\u00e4ven om det finns gott om det!). Den h\u00e4r elefantmjukisdjuret \u00e4r utformat f\u00f6r att st\u00f6dja ditt barns tillv\u00e4xt:<\/p>\n<h2><\/h2>\n<ul class=\"[li_&amp;]:mb-0 [li_&amp;]:mt-1 [li_&amp;]:gap-1 [&amp;:not(:last-child)_ul]:pb-1 [&amp;:not(:last-child)_ol]:pb-1 list-disc flex flex-col gap-1 pl-8 mb-3\" style=\"text-align: center;\">\n<li class=\"whitespace-normal break-words pl-2\" style=\"text-align: left;\"><strong>Det \u00c4r Roligt Att Ligga P\u00e5 Magen<\/strong>: Motiverar bebisar att lyfta huvudet och st\u00e4rka nackmusklerna n\u00e4r de umg\u00e5s med sin animerade v\u00e4n<\/li>\n<li class=\"whitespace-normal break-words pl-2\" style=\"text-align: left;\"><strong>Sensorisk Stimulering<\/strong>: Ljusa f\u00e4rger, mjuka texturer och glada ljud engagerar flera sinnen samtidigt<\/li>\n<li class=\"whitespace-normal break-words pl-2\" style=\"text-align: left;\"><strong>Kognitiv Utveckling<\/strong>: L\u00e4r ut orsak och verkan n\u00e4r barnen l\u00e4r sig att deras handlingar f\u00e5r elefanten att reagera<\/li>\n<li class=\"whitespace-normal break-words pl-2\" style=\"text-align: left;\"><strong>Motoriska F\u00e4rdigheter<\/strong>: Uppmuntrar att n\u00e5, greppa och koordinera hand-\u00f6ga<\/li>\n<\/ul>\n<p style=\"text-align: center;\"><img fetchpriority=\"high\" decoding=\"async\" class=\"alignnone size-full wp-image-22175\" src=\"https:\/\/senbera.com\/template\/wp-content\/uploads\/sites\/6\/2026\/01\/Ettie_babystuff_7427004790544010539-no-watermark_3-ezgif.com-video-to-webp-converter-1.webp\" alt=\"\" width=\"318\" height=\"562\" \/><\/p>\n<p class=\"font-claude-response-body break-words whitespace-normal leading-[1.7]\" style=\"text-align: center;\"><strong>S\u00e4ker, Mjuk &amp; Gosig<\/strong><br \/>\nTillverkad av premium plysch, allergiv\u00e4nligt tyg som \u00e4r oemotst\u00e5ndligt mjukt och helt s\u00e4kert f\u00f6r \u00e4ven den mest k\u00e4nsliga babyhuden. Varje stygn \u00e4r utformat med ditt barns komfort och s\u00e4kerhet i \u00e5tanke.<\/p>\n<h2><\/h2>\n<p class=\"font-claude-response-body break-words whitespace-normal leading-[1.7]\" style=\"text-align: center;\"><strong>Den Perfekta Storleken F\u00f6r Sm\u00e5 H\u00e4nder<\/strong><br \/>\nDen \u00e4r precis lagom stor f\u00f6r att bebisar ska kunna h\u00e5lla, krama och b\u00e4ra den vart de \u00e4n g\u00e5r &#8211; fr\u00e5n barnkammaren till mormors hus och \u00f6verallt d\u00e4remellan.<\/p>\n<h2><\/h2>\n<h2 class=\"text-text-100 mt-3 -mb-1 text-[1.125rem] font-bold\" style=\"text-align: center;\">Mer \u00e4n en leksak\u2014En utvecklingskompis<\/h2>\n<p class=\"font-claude-response-body break-words whitespace-normal leading-[1.7]\" style=\"text-align: center;\">Fr\u00e5n de viktiga tidiga magstunderna till lugnande rutiner vid l\u00e4ggdags anpassar sig denna m\u00e5ngsidiga elefant till ditt barns behov under hela dagen. De mjuka melodierna lugnar uppr\u00f6rda stunder, medan den interaktiva leken v\u00e4cker nyfikenhet och l\u00e4rande.<\/p>\n<h2><\/h2>\n<h2 class=\"text-text-100 mt-3 -mb-1 text-[1.125rem] font-bold\" style=\"text-align: center;\">Presenten som forts\u00e4tter att ge<\/h2>\n<p class=\"font-claude-response-body break-words whitespace-normal leading-[1.7]\" style=\"text-align: center;\">S\u00f6ker du efter en present till babyshower som faktiskt kommer att anv\u00e4ndas? D\u00e5 har du den h\u00e4r. Nya f\u00f6r\u00e4ldrar kommer att uppskatta en leksak som underh\u00e5ller och utbildar, medan barn kommer att bilda en \u00e4kta anknytning till sin gosiga f\u00f6ljeslagare.<\/p>\n<h2><\/h2>\n<p style=\"text-align: center;\"><strong>Ta Hem Mer \u00c4n En Leksak\u2014Ta Hem Fniss, Tillv\u00e4xt Och Otaliga Elefant Plysch Leksak Stunder Din Familj Kommer Att Skatta F\u00f6r Alltid.<\/strong><\/p>\n<h2><\/h2>\n","protected":false},"excerpt":{"rendered":"<p>Se ditt barns ansikte lysa upp av ren f\u00f6rtjusning n\u00e4r denna f\u00f6rtrollande elefantkompis kommer till liv! Den h\u00e4r talande elefanten \u00e4r inte bara en plyschleksak &#8211; det \u00e4r en interaktiv v\u00e4n som v\u00e4xer med ditt barn och f\u00f6rvandlar vardagliga stunder till magiska minnen.<\/p>\n","protected":false},"featured_media":22003,"comment_status":"open","ping_status":"closed","template":"","meta":{"site-sidebar-layout":"default","site-content-layout":"","ast-site-content-layout":"default","site-content-style":"default","site-sidebar-style":"default","ast-global-header-display":"","ast-banner-title-visibility":"","ast-main-header-display":"","ast-hfb-above-header-display":"","ast-hfb-below-header-display":"","ast-hfb-mobile-header-display":"","site-post-title":"","ast-breadcrumbs-content":"","ast-featured-img":"","footer-sml-layout":"","ast-disable-related-posts":"","theme-transparent-header-meta":"default","adv-header-id-meta":"","stick-header-meta":"","header-above-stick-meta":"","header-main-stick-meta":"","header-below-stick-meta":"","astra-migrate-meta-layouts":"set","ast-page-background-enabled":"default","ast-page-background-meta":{"desktop":{"background-color":"var(--ast-global-color-5)","background-image":"","background-repeat":"repeat","background-position":"center center","background-size":"auto","background-attachment":"scroll","background-type":"","background-media":"","overlay-type":"","overlay-color":"","overlay-opacity":"","overlay-gradient":""},"tablet":{"background-color":"","background-image":"","background-repeat":"repeat","background-position":"center center","background-size":"auto","background-attachment":"scroll","background-type":"","background-media":"","overlay-type":"","overlay-color":"","overlay-opacity":"","overlay-gradient":""},"mobile":{"background-color":"","background-image":"","background-repeat":"repeat","background-position":"center center","background-size":"auto","background-attachment":"scroll","background-type":"","background-media":"","overlay-type":"","overlay-color":"","overlay-opacity":"","overlay-gradient":""}},"ast-content-background-meta":{"desktop":{"background-color":"var(--ast-global-color-4)","background-image":"","background-repeat":"repeat","background-position":"center center","background-size":"auto","background-attachment":"scroll","background-type":"","background-media":"","overlay-type":"","overlay-color":"","overlay-opacity":"","overlay-gradient":""},"tablet":{"background-color":"var(--ast-global-color-4)","background-image":"","background-repeat":"repeat","background-position":"center center","background-size":"auto","background-attachment":"scroll","background-type":"","background-media":"","overlay-type":"","overlay-color":"","overlay-opacity":"","overlay-gradient":""},"mobile":{"background-color":"var(--ast-global-color-4)","background-image":"","background-repeat":"repeat","background-position":"center center","background-size":"auto","background-attachment":"scroll","background-type":"","background-media":"","overlay-type":"","overlay-color":"","overlay-opacity":"","overlay-gradient":""}}},"product_brand":[],"product_cat":[172],"product_tag":[],"class_list":{"0":"post-21998","1":"product","2":"type-product","3":"status-publish","4":"has-post-thumbnail","6":"product_cat-leksaker-barn-och-babyprodukter","7":"pa_68749_ql4v7rdy-bla","8":"pa_68749_ql4v7rdy-rosa","9":"desktop-align-left","10":"tablet-align-left","11":"mobile-align-left","13":"first","14":"instock","15":"shipping-taxable","16":"purchasable","17":"product-type-variable"},"yoast_head":"<!-- This site is optimized with the Yoast SEO plugin v27.4 - https:\/\/yoast.com\/product\/yoast-seo-wordpress\/ -->\n<title>Talande elefant plyschleksak - Senbera SE<\/title>\n<meta name=\"robots\" content=\"index, follow, max-snippet:-1, max-image-preview:large, max-video-preview:-1\" \/>\n<link rel=\"canonical\" href=\"https:\/\/senbera.com\/se\/produkt\/talande-elefant-plyschleksak\/\" \/>\n<meta property=\"og:locale\" content=\"sv_SE\" \/>\n<meta property=\"og:type\" content=\"article\" \/>\n<meta property=\"og:title\" content=\"Talande elefant plyschleksak - Senbera SE\" \/>\n<meta property=\"og:description\" content=\"Se ditt barns ansikte lysa upp av ren f\u00f6rtjusning n\u00e4r denna f\u00f6rtrollande elefantkompis kommer till liv! Den h\u00e4r talande elefanten \u00e4r inte bara en plyschleksak - det \u00e4r en interaktiv v\u00e4n som v\u00e4xer med ditt barn och f\u00f6rvandlar vardagliga stunder till magiska minnen.\" \/>\n<meta property=\"og:url\" content=\"https:\/\/senbera.com\/se\/produkt\/talande-elefant-plyschleksak\/\" \/>\n<meta property=\"og:site_name\" content=\"Senbera SE\" \/>\n<meta property=\"article:modified_time\" content=\"2026-01-21T11:57:18+00:00\" \/>\n<meta property=\"og:image\" content=\"https:\/\/senbera.com\/se\/wp-content\/uploads\/sites\/20\/2026\/01\/se.png\" \/>\n\t<meta property=\"og:image:width\" content=\"1080\" \/>\n\t<meta property=\"og:image:height\" content=\"1080\" \/>\n\t<meta property=\"og:image:type\" content=\"image\/png\" \/>\n<meta name=\"twitter:card\" content=\"summary_large_image\" \/>\n<meta name=\"twitter:label1\" content=\"Ber\u00e4knad l\u00e4stid\" \/>\n\t<meta name=\"twitter:data1\" content=\"3 minuter\" \/>\n<script type=\"application\/ld+json\" class=\"yoast-schema-graph\">{\"@context\":\"https:\\\/\\\/schema.org\",\"@graph\":[{\"@type\":\"WebPage\",\"@id\":\"https:\\\/\\\/senbera.com\\\/se\\\/produkt\\\/talande-elefant-plyschleksak\\\/\",\"url\":\"https:\\\/\\\/senbera.com\\\/se\\\/produkt\\\/talande-elefant-plyschleksak\\\/\",\"name\":\"Talande elefant plyschleksak - Senbera SE\",\"isPartOf\":{\"@id\":\"https:\\\/\\\/senbera.com\\\/se\\\/#website\"},\"primaryImageOfPage\":{\"@id\":\"https:\\\/\\\/senbera.com\\\/se\\\/produkt\\\/talande-elefant-plyschleksak\\\/#primaryimage\"},\"image\":{\"@id\":\"https:\\\/\\\/senbera.com\\\/se\\\/produkt\\\/talande-elefant-plyschleksak\\\/#primaryimage\"},\"thumbnailUrl\":\"https:\\\/\\\/senbera.com\\\/se\\\/wp-content\\\/uploads\\\/sites\\\/20\\\/2026\\\/01\\\/se.png\",\"datePublished\":\"2026-01-21T11:46:13+00:00\",\"dateModified\":\"2026-01-21T11:57:18+00:00\",\"breadcrumb\":{\"@id\":\"https:\\\/\\\/senbera.com\\\/se\\\/produkt\\\/talande-elefant-plyschleksak\\\/#breadcrumb\"},\"inLanguage\":\"sv-SE\",\"potentialAction\":[{\"@type\":\"ReadAction\",\"target\":[\"https:\\\/\\\/senbera.com\\\/se\\\/produkt\\\/talande-elefant-plyschleksak\\\/\"]}]},{\"@type\":\"ImageObject\",\"inLanguage\":\"sv-SE\",\"@id\":\"https:\\\/\\\/senbera.com\\\/se\\\/produkt\\\/talande-elefant-plyschleksak\\\/#primaryimage\",\"url\":\"https:\\\/\\\/senbera.com\\\/se\\\/wp-content\\\/uploads\\\/sites\\\/20\\\/2026\\\/01\\\/se.png\",\"contentUrl\":\"https:\\\/\\\/senbera.com\\\/se\\\/wp-content\\\/uploads\\\/sites\\\/20\\\/2026\\\/01\\\/se.png\",\"width\":1080,\"height\":1080},{\"@type\":\"BreadcrumbList\",\"@id\":\"https:\\\/\\\/senbera.com\\\/se\\\/produkt\\\/talande-elefant-plyschleksak\\\/#breadcrumb\",\"itemListElement\":[{\"@type\":\"ListItem\",\"position\":1,\"name\":\"Home\",\"item\":\"https:\\\/\\\/senbera.com\\\/se\\\/\"},{\"@type\":\"ListItem\",\"position\":2,\"name\":\"Butik\",\"item\":\"https:\\\/\\\/senbera.com\\\/se\\\/butik\\\/\"},{\"@type\":\"ListItem\",\"position\":3,\"name\":\"Talande elefant plyschleksak\"}]},{\"@type\":\"WebSite\",\"@id\":\"https:\\\/\\\/senbera.com\\\/se\\\/#website\",\"url\":\"https:\\\/\\\/senbera.com\\\/se\\\/\",\"name\":\"Senbera SE\",\"description\":\"\",\"publisher\":{\"@id\":\"https:\\\/\\\/senbera.com\\\/se\\\/#organization\"},\"potentialAction\":[{\"@type\":\"SearchAction\",\"target\":{\"@type\":\"EntryPoint\",\"urlTemplate\":\"https:\\\/\\\/senbera.com\\\/se\\\/?s={search_term_string}\"},\"query-input\":{\"@type\":\"PropertyValueSpecification\",\"valueRequired\":true,\"valueName\":\"search_term_string\"}}],\"inLanguage\":\"sv-SE\"},{\"@type\":\"Organization\",\"@id\":\"https:\\\/\\\/senbera.com\\\/se\\\/#organization\",\"name\":\"Mekulo\",\"url\":\"https:\\\/\\\/senbera.com\\\/se\\\/\",\"logo\":{\"@type\":\"ImageObject\",\"inLanguage\":\"sv-SE\",\"@id\":\"https:\\\/\\\/senbera.com\\\/se\\\/#\\\/schema\\\/logo\\\/image\\\/\",\"url\":\"https:\\\/\\\/senbera.com\\\/se\\\/wp-content\\\/uploads\\\/sites\\\/20\\\/2025\\\/12\\\/favicon_mekulo.png\",\"contentUrl\":\"https:\\\/\\\/senbera.com\\\/se\\\/wp-content\\\/uploads\\\/sites\\\/20\\\/2025\\\/12\\\/favicon_mekulo.png\",\"width\":50,\"height\":50,\"caption\":\"Mekulo\"},\"image\":{\"@id\":\"https:\\\/\\\/senbera.com\\\/se\\\/#\\\/schema\\\/logo\\\/image\\\/\"}}]}<\/script>\n<!-- \/ Yoast SEO plugin. -->","yoast_head_json":{"title":"Talande elefant plyschleksak - Senbera SE","robots":{"index":"index","follow":"follow","max-snippet":"max-snippet:-1","max-image-preview":"max-image-preview:large","max-video-preview":"max-video-preview:-1"},"canonical":"https:\/\/senbera.com\/se\/produkt\/talande-elefant-plyschleksak\/","og_locale":"sv_SE","og_type":"article","og_title":"Talande elefant plyschleksak - Senbera SE","og_description":"Se ditt barns ansikte lysa upp av ren f\u00f6rtjusning n\u00e4r denna f\u00f6rtrollande elefantkompis kommer till liv! Den h\u00e4r talande elefanten \u00e4r inte bara en plyschleksak - det \u00e4r en interaktiv v\u00e4n som v\u00e4xer med ditt barn och f\u00f6rvandlar vardagliga stunder till magiska minnen.","og_url":"https:\/\/senbera.com\/se\/produkt\/talande-elefant-plyschleksak\/","og_site_name":"Senbera SE","article_modified_time":"2026-01-21T11:57:18+00:00","og_image":[{"width":1080,"height":1080,"url":"https:\/\/senbera.com\/se\/wp-content\/uploads\/sites\/20\/2026\/01\/se.png","type":"image\/png"}],"twitter_card":"summary_large_image","twitter_misc":{"Ber\u00e4knad l\u00e4stid":"3 minuter"},"schema":{"@context":"https:\/\/schema.org","@graph":[{"@type":"WebPage","@id":"https:\/\/senbera.com\/se\/produkt\/talande-elefant-plyschleksak\/","url":"https:\/\/senbera.com\/se\/produkt\/talande-elefant-plyschleksak\/","name":"Talande elefant plyschleksak - Senbera SE","isPartOf":{"@id":"https:\/\/senbera.com\/se\/#website"},"primaryImageOfPage":{"@id":"https:\/\/senbera.com\/se\/produkt\/talande-elefant-plyschleksak\/#primaryimage"},"image":{"@id":"https:\/\/senbera.com\/se\/produkt\/talande-elefant-plyschleksak\/#primaryimage"},"thumbnailUrl":"https:\/\/senbera.com\/se\/wp-content\/uploads\/sites\/20\/2026\/01\/se.png","datePublished":"2026-01-21T11:46:13+00:00","dateModified":"2026-01-21T11:57:18+00:00","breadcrumb":{"@id":"https:\/\/senbera.com\/se\/produkt\/talande-elefant-plyschleksak\/#breadcrumb"},"inLanguage":"sv-SE","potentialAction":[{"@type":"ReadAction","target":["https:\/\/senbera.com\/se\/produkt\/talande-elefant-plyschleksak\/"]}]},{"@type":"ImageObject","inLanguage":"sv-SE","@id":"https:\/\/senbera.com\/se\/produkt\/talande-elefant-plyschleksak\/#primaryimage","url":"https:\/\/senbera.com\/se\/wp-content\/uploads\/sites\/20\/2026\/01\/se.png","contentUrl":"https:\/\/senbera.com\/se\/wp-content\/uploads\/sites\/20\/2026\/01\/se.png","width":1080,"height":1080},{"@type":"BreadcrumbList","@id":"https:\/\/senbera.com\/se\/produkt\/talande-elefant-plyschleksak\/#breadcrumb","itemListElement":[{"@type":"ListItem","position":1,"name":"Home","item":"https:\/\/senbera.com\/se\/"},{"@type":"ListItem","position":2,"name":"Butik","item":"https:\/\/senbera.com\/se\/butik\/"},{"@type":"ListItem","position":3,"name":"Talande elefant plyschleksak"}]},{"@type":"WebSite","@id":"https:\/\/senbera.com\/se\/#website","url":"https:\/\/senbera.com\/se\/","name":"Senbera SE","description":"","publisher":{"@id":"https:\/\/senbera.com\/se\/#organization"},"potentialAction":[{"@type":"SearchAction","target":{"@type":"EntryPoint","urlTemplate":"https:\/\/senbera.com\/se\/?s={search_term_string}"},"query-input":{"@type":"PropertyValueSpecification","valueRequired":true,"valueName":"search_term_string"}}],"inLanguage":"sv-SE"},{"@type":"Organization","@id":"https:\/\/senbera.com\/se\/#organization","name":"Mekulo","url":"https:\/\/senbera.com\/se\/","logo":{"@type":"ImageObject","inLanguage":"sv-SE","@id":"https:\/\/senbera.com\/se\/#\/schema\/logo\/image\/","url":"https:\/\/senbera.com\/se\/wp-content\/uploads\/sites\/20\/2025\/12\/favicon_mekulo.png","contentUrl":"https:\/\/senbera.com\/se\/wp-content\/uploads\/sites\/20\/2025\/12\/favicon_mekulo.png","width":50,"height":50,"caption":"Mekulo"},"image":{"@id":"https:\/\/senbera.com\/se\/#\/schema\/logo\/image\/"}}]}},"_links":{"self":[{"href":"https:\/\/senbera.com\/se\/wp-json\/wp\/v2\/product\/21998","targetHints":{"allow":["GET"]}}],"collection":[{"href":"https:\/\/senbera.com\/se\/wp-json\/wp\/v2\/product"}],"about":[{"href":"https:\/\/senbera.com\/se\/wp-json\/wp\/v2\/types\/product"}],"replies":[{"embeddable":true,"href":"https:\/\/senbera.com\/se\/wp-json\/wp\/v2\/comments?post=21998"}],"wp:featuredmedia":[{"embeddable":true,"href":"https:\/\/senbera.com\/se\/wp-json\/wp\/v2\/media\/22003"}],"wp:attachment":[{"href":"https:\/\/senbera.com\/se\/wp-json\/wp\/v2\/media?parent=21998"}],"wp:term":[{"taxonomy":"product_brand","embeddable":true,"href":"https:\/\/senbera.com\/se\/wp-json\/wp\/v2\/product_brand?post=21998"},{"taxonomy":"product_cat","embeddable":true,"href":"https:\/\/senbera.com\/se\/wp-json\/wp\/v2\/product_cat?post=21998"},{"taxonomy":"product_tag","embeddable":true,"href":"https:\/\/senbera.com\/se\/wp-json\/wp\/v2\/product_tag?post=21998"}],"curies":[{"name":"wp","href":"https:\/\/api.w.org\/{rel}","templated":true}]}}