{"id":21906,"date":"2026-01-20T21:08:56","date_gmt":"2026-01-20T19:08:56","guid":{"rendered":"https:\/\/senbera.com\/se\/produkt\/trakors\/"},"modified":"2026-01-20T21:08:56","modified_gmt":"2026-01-20T19:08:56","slug":"trakors","status":"publish","type":"product","link":"https:\/\/senbera.com\/se\/produkt\/trakors\/","title":{"rendered":"Tr\u00e4kors"},"content":{"rendered":"<p style=\"text-align: center\"><strong><span style=\"font-weight: 400\">\u271d\ufe0f<\/span>A tidl\u00f6s symbol f\u00f6r tro och k\u00e4rlek f\u00f6r ditt hem eller din g\u00e5va.<span style=\"font-weight: 400\">\ud83d\ude4f<\/span><\/strong><\/p>\n<p style=\"text-align: center\"><span style=\"font-weight: 400\">Tr\u00e4korset med sammanfl\u00e4tade hj\u00e4rtan \u00e4r ett vackert hantverk som ger v\u00e4rme, inspiration och andlig mening till alla utrymmen. Oavsett om det anv\u00e4nds f\u00f6r b\u00f6n, dekoration eller som en tankev\u00e4ckande g\u00e5va, \u00e4r detta kors en best\u00e5ende p\u00e5minnelse om k\u00e4rlek och h\u00e4ngivenhet.<\/span><\/p>\n<p><img decoding=\"async\" class=\"size-full wp-image-18176 aligncenter\" src=\"https:\/\/keluvo.com\/template\/wp-content\/uploads\/sites\/5\/2025\/05\/3c5c5c81-cfeb-487f-b2ea-ec2b6d752f35.webp\" alt=\"\" \/><\/p>\n<h2 style=\"text-align: center\"><strong>Main Benefits<\/strong><\/h2>\n<p><span style=\"font-weight: 400\">\u271d\ufe0f Elegant design med sammanfl\u00e4tade hj\u00e4rtan f\u00f6r extra mening<\/span><span style=\"font-weight: 400\"><br \/>\n<\/span><\/p>\n<p><span style=\"font-weight: 400\">\ud83c\udfe0 Perfekt f\u00f6r v\u00e4ggar, hyllor eller bord &#8211; ger sk\u00f6nhet till alla rum<\/span><span style=\"font-weight: 400\"><br \/>\n<\/span><\/p>\n<p><span style=\"font-weight: 400\">\ud83c\udf81 Bra present till dop, husv\u00e4lsignelser eller speciella tillf\u00e4llen<\/span><span style=\"font-weight: 400\"><br \/>\n<\/span><\/p>\n<p><span style=\"font-weight: 400\">\ud83d\ude4f Symbol f\u00f6r tro &#8211; perfekt f\u00f6r b\u00f6nerum eller platser f\u00f6r reflektion<\/span><span style=\"font-weight: 400\"><br \/>\n<\/span><\/p>\n<p><span style=\"font-weight: 400\">\ud83d\udcaa H\u00e5llbart material &#8211; tillverkat f\u00f6r att h\u00e5lla och f\u00f6rbli vackert \u00f6ver tid<\/span><span style=\"font-weight: 400\"><br \/>\n<\/span><\/p>\n<p><img decoding=\"async\" class=\"size-full wp-image-18179 aligncenter\" src=\"https:\/\/keluvo.com\/template\/wp-content\/uploads\/sites\/5\/2025\/05\/0e544ab9-793b-445c-9cb6-75365f2fa564.webp\" alt=\"\" \/><\/p>\n<h2 style=\"text-align: center\"><strong>Produktdetaljer<\/strong><\/h2>\n<ul>\n<li style=\"font-weight: 400\"><span style=\"font-weight: 400\">Material: h\u00e5llbart tr\u00e4<\/span><\/li>\n<li style=\"font-weight: 400\"><span style=\"font-weight: 400\">Storlek: 23 x 16 cm<\/span><\/li>\n<\/ul>\n<h2 style=\"text-align: center\"><strong>F\u00f6rpackningen Inneh\u00e5ller<\/strong><\/h2>\n<ul>\n<li style=\"font-weight: 400\"><span style=\"font-weight: 400\">1x tr\u00e4kors<\/span><\/li>\n<\/ul>\n","protected":false},"excerpt":{"rendered":"<p>\u271d\ufe0fA tidl\u00f6s symbol f\u00f6r tro och k\u00e4rlek f\u00f6r ditt hem eller din g\u00e5va.\ud83d\ude4f Tr\u00e4korset med sammanfl\u00e4tade hj\u00e4rtan \u00e4r ett vackert [&hellip;]<\/p>\n","protected":false},"featured_media":21902,"comment_status":"open","ping_status":"closed","template":"","meta":{"site-sidebar-layout":"default","site-content-layout":"","ast-site-content-layout":"default","site-content-style":"default","site-sidebar-style":"default","ast-global-header-display":"","ast-banner-title-visibility":"","ast-main-header-display":"","ast-hfb-above-header-display":"","ast-hfb-below-header-display":"","ast-hfb-mobile-header-display":"","site-post-title":"","ast-breadcrumbs-content":"","ast-featured-img":"","footer-sml-layout":"","ast-disable-related-posts":"","theme-transparent-header-meta":"default","adv-header-id-meta":"","stick-header-meta":"","header-above-stick-meta":"","header-main-stick-meta":"","header-below-stick-meta":"","astra-migrate-meta-layouts":"set","ast-page-background-enabled":"default","ast-page-background-meta":{"desktop":{"background-color":"var(--ast-global-color-5)","background-image":"","background-repeat":"repeat","background-position":"center center","background-size":"auto","background-attachment":"scroll","background-type":"","background-media":"","overlay-type":"","overlay-color":"","overlay-opacity":"","overlay-gradient":""},"tablet":{"background-color":"","background-image":"","background-repeat":"repeat","background-position":"center center","background-size":"auto","background-attachment":"scroll","background-type":"","background-media":"","overlay-type":"","overlay-color":"","overlay-opacity":"","overlay-gradient":""},"mobile":{"background-color":"","background-image":"","background-repeat":"repeat","background-position":"center center","background-size":"auto","background-attachment":"scroll","background-type":"","background-media":"","overlay-type":"","overlay-color":"","overlay-opacity":"","overlay-gradient":""}},"ast-content-background-meta":{"desktop":{"background-color":"var(--ast-global-color-4)","background-image":"","background-repeat":"repeat","background-position":"center center","background-size":"auto","background-attachment":"scroll","background-type":"","background-media":"","overlay-type":"","overlay-color":"","overlay-opacity":"","overlay-gradient":""},"tablet":{"background-color":"var(--ast-global-color-4)","background-image":"","background-repeat":"repeat","background-position":"center center","background-size":"auto","background-attachment":"scroll","background-type":"","background-media":"","overlay-type":"","overlay-color":"","overlay-opacity":"","overlay-gradient":""},"mobile":{"background-color":"var(--ast-global-color-4)","background-image":"","background-repeat":"repeat","background-position":"center center","background-size":"auto","background-attachment":"scroll","background-type":"","background-media":"","overlay-type":"","overlay-color":"","overlay-opacity":"","overlay-gradient":""}}},"product_brand":[],"product_cat":[15],"product_tag":[],"class_list":{"0":"post-21906","1":"product","2":"type-product","3":"status-publish","4":"has-post-thumbnail","6":"product_cat-okategoriserade","7":"desktop-align-left","8":"tablet-align-left","9":"mobile-align-left","11":"first","12":"instock","13":"shipping-taxable","14":"purchasable","15":"product-type-simple"},"yoast_head":"<!-- This site is optimized with the Yoast SEO plugin v27.4 - https:\/\/yoast.com\/product\/yoast-seo-wordpress\/ -->\n<title>Tr\u00e4kors - Senbera SE<\/title>\n<meta name=\"robots\" content=\"index, follow, max-snippet:-1, max-image-preview:large, max-video-preview:-1\" \/>\n<link rel=\"canonical\" href=\"https:\/\/senbera.com\/se\/produkt\/trakors\/\" \/>\n<meta property=\"og:locale\" content=\"sv_SE\" \/>\n<meta property=\"og:type\" content=\"article\" \/>\n<meta property=\"og:title\" content=\"Tr\u00e4kors - Senbera SE\" \/>\n<meta property=\"og:description\" content=\"\u271d\ufe0fA tidl\u00f6s symbol f\u00f6r tro och k\u00e4rlek f\u00f6r ditt hem eller din g\u00e5va.\ud83d\ude4f Tr\u00e4korset med sammanfl\u00e4tade hj\u00e4rtan \u00e4r ett vackert [&hellip;]\" \/>\n<meta property=\"og:url\" content=\"https:\/\/senbera.com\/se\/produkt\/trakors\/\" \/>\n<meta property=\"og:site_name\" content=\"Senbera SE\" \/>\n<meta property=\"og:image\" content=\"https:\/\/senbera.com\/se\/wp-content\/uploads\/sites\/20\/2026\/01\/mq65e71-1.webp\" \/>\n\t<meta property=\"og:image:width\" content=\"300\" \/>\n\t<meta property=\"og:image:height\" content=\"300\" \/>\n\t<meta property=\"og:image:type\" content=\"image\/webp\" \/>\n<meta name=\"twitter:card\" content=\"summary_large_image\" \/>\n<meta name=\"twitter:label1\" content=\"Ber\u00e4knad l\u00e4stid\" \/>\n\t<meta name=\"twitter:data1\" content=\"1 minut\" \/>\n<script type=\"application\/ld+json\" class=\"yoast-schema-graph\">{\"@context\":\"https:\\\/\\\/schema.org\",\"@graph\":[{\"@type\":\"WebPage\",\"@id\":\"https:\\\/\\\/senbera.com\\\/se\\\/produkt\\\/trakors\\\/\",\"url\":\"https:\\\/\\\/senbera.com\\\/se\\\/produkt\\\/trakors\\\/\",\"name\":\"Tr\u00e4kors - Senbera SE\",\"isPartOf\":{\"@id\":\"https:\\\/\\\/senbera.com\\\/se\\\/#website\"},\"primaryImageOfPage\":{\"@id\":\"https:\\\/\\\/senbera.com\\\/se\\\/produkt\\\/trakors\\\/#primaryimage\"},\"image\":{\"@id\":\"https:\\\/\\\/senbera.com\\\/se\\\/produkt\\\/trakors\\\/#primaryimage\"},\"thumbnailUrl\":\"https:\\\/\\\/senbera.com\\\/se\\\/wp-content\\\/uploads\\\/sites\\\/20\\\/2026\\\/01\\\/mq65e71-1.webp\",\"datePublished\":\"2026-01-20T19:08:56+00:00\",\"breadcrumb\":{\"@id\":\"https:\\\/\\\/senbera.com\\\/se\\\/produkt\\\/trakors\\\/#breadcrumb\"},\"inLanguage\":\"sv-SE\",\"potentialAction\":[{\"@type\":\"ReadAction\",\"target\":[\"https:\\\/\\\/senbera.com\\\/se\\\/produkt\\\/trakors\\\/\"]}]},{\"@type\":\"ImageObject\",\"inLanguage\":\"sv-SE\",\"@id\":\"https:\\\/\\\/senbera.com\\\/se\\\/produkt\\\/trakors\\\/#primaryimage\",\"url\":\"https:\\\/\\\/senbera.com\\\/se\\\/wp-content\\\/uploads\\\/sites\\\/20\\\/2026\\\/01\\\/mq65e71-1.webp\",\"contentUrl\":\"https:\\\/\\\/senbera.com\\\/se\\\/wp-content\\\/uploads\\\/sites\\\/20\\\/2026\\\/01\\\/mq65e71-1.webp\",\"width\":300,\"height\":300},{\"@type\":\"BreadcrumbList\",\"@id\":\"https:\\\/\\\/senbera.com\\\/se\\\/produkt\\\/trakors\\\/#breadcrumb\",\"itemListElement\":[{\"@type\":\"ListItem\",\"position\":1,\"name\":\"Home\",\"item\":\"https:\\\/\\\/senbera.com\\\/se\\\/\"},{\"@type\":\"ListItem\",\"position\":2,\"name\":\"Butik\",\"item\":\"https:\\\/\\\/senbera.com\\\/se\\\/butik\\\/\"},{\"@type\":\"ListItem\",\"position\":3,\"name\":\"Tr\u00e4kors\"}]},{\"@type\":\"WebSite\",\"@id\":\"https:\\\/\\\/senbera.com\\\/se\\\/#website\",\"url\":\"https:\\\/\\\/senbera.com\\\/se\\\/\",\"name\":\"Senbera SE\",\"description\":\"\",\"publisher\":{\"@id\":\"https:\\\/\\\/senbera.com\\\/se\\\/#organization\"},\"potentialAction\":[{\"@type\":\"SearchAction\",\"target\":{\"@type\":\"EntryPoint\",\"urlTemplate\":\"https:\\\/\\\/senbera.com\\\/se\\\/?s={search_term_string}\"},\"query-input\":{\"@type\":\"PropertyValueSpecification\",\"valueRequired\":true,\"valueName\":\"search_term_string\"}}],\"inLanguage\":\"sv-SE\"},{\"@type\":\"Organization\",\"@id\":\"https:\\\/\\\/senbera.com\\\/se\\\/#organization\",\"name\":\"Mekulo\",\"url\":\"https:\\\/\\\/senbera.com\\\/se\\\/\",\"logo\":{\"@type\":\"ImageObject\",\"inLanguage\":\"sv-SE\",\"@id\":\"https:\\\/\\\/senbera.com\\\/se\\\/#\\\/schema\\\/logo\\\/image\\\/\",\"url\":\"https:\\\/\\\/senbera.com\\\/se\\\/wp-content\\\/uploads\\\/sites\\\/20\\\/2025\\\/12\\\/favicon_mekulo.png\",\"contentUrl\":\"https:\\\/\\\/senbera.com\\\/se\\\/wp-content\\\/uploads\\\/sites\\\/20\\\/2025\\\/12\\\/favicon_mekulo.png\",\"width\":50,\"height\":50,\"caption\":\"Mekulo\"},\"image\":{\"@id\":\"https:\\\/\\\/senbera.com\\\/se\\\/#\\\/schema\\\/logo\\\/image\\\/\"}}]}<\/script>\n<!-- \/ Yoast SEO plugin. -->","yoast_head_json":{"title":"Tr\u00e4kors - Senbera SE","robots":{"index":"index","follow":"follow","max-snippet":"max-snippet:-1","max-image-preview":"max-image-preview:large","max-video-preview":"max-video-preview:-1"},"canonical":"https:\/\/senbera.com\/se\/produkt\/trakors\/","og_locale":"sv_SE","og_type":"article","og_title":"Tr\u00e4kors - Senbera SE","og_description":"\u271d\ufe0fA tidl\u00f6s symbol f\u00f6r tro och k\u00e4rlek f\u00f6r ditt hem eller din g\u00e5va.\ud83d\ude4f Tr\u00e4korset med sammanfl\u00e4tade hj\u00e4rtan \u00e4r ett vackert [&hellip;]","og_url":"https:\/\/senbera.com\/se\/produkt\/trakors\/","og_site_name":"Senbera SE","og_image":[{"width":300,"height":300,"url":"https:\/\/senbera.com\/se\/wp-content\/uploads\/sites\/20\/2026\/01\/mq65e71-1.webp","type":"image\/webp"}],"twitter_card":"summary_large_image","twitter_misc":{"Ber\u00e4knad l\u00e4stid":"1 minut"},"schema":{"@context":"https:\/\/schema.org","@graph":[{"@type":"WebPage","@id":"https:\/\/senbera.com\/se\/produkt\/trakors\/","url":"https:\/\/senbera.com\/se\/produkt\/trakors\/","name":"Tr\u00e4kors - Senbera SE","isPartOf":{"@id":"https:\/\/senbera.com\/se\/#website"},"primaryImageOfPage":{"@id":"https:\/\/senbera.com\/se\/produkt\/trakors\/#primaryimage"},"image":{"@id":"https:\/\/senbera.com\/se\/produkt\/trakors\/#primaryimage"},"thumbnailUrl":"https:\/\/senbera.com\/se\/wp-content\/uploads\/sites\/20\/2026\/01\/mq65e71-1.webp","datePublished":"2026-01-20T19:08:56+00:00","breadcrumb":{"@id":"https:\/\/senbera.com\/se\/produkt\/trakors\/#breadcrumb"},"inLanguage":"sv-SE","potentialAction":[{"@type":"ReadAction","target":["https:\/\/senbera.com\/se\/produkt\/trakors\/"]}]},{"@type":"ImageObject","inLanguage":"sv-SE","@id":"https:\/\/senbera.com\/se\/produkt\/trakors\/#primaryimage","url":"https:\/\/senbera.com\/se\/wp-content\/uploads\/sites\/20\/2026\/01\/mq65e71-1.webp","contentUrl":"https:\/\/senbera.com\/se\/wp-content\/uploads\/sites\/20\/2026\/01\/mq65e71-1.webp","width":300,"height":300},{"@type":"BreadcrumbList","@id":"https:\/\/senbera.com\/se\/produkt\/trakors\/#breadcrumb","itemListElement":[{"@type":"ListItem","position":1,"name":"Home","item":"https:\/\/senbera.com\/se\/"},{"@type":"ListItem","position":2,"name":"Butik","item":"https:\/\/senbera.com\/se\/butik\/"},{"@type":"ListItem","position":3,"name":"Tr\u00e4kors"}]},{"@type":"WebSite","@id":"https:\/\/senbera.com\/se\/#website","url":"https:\/\/senbera.com\/se\/","name":"Senbera SE","description":"","publisher":{"@id":"https:\/\/senbera.com\/se\/#organization"},"potentialAction":[{"@type":"SearchAction","target":{"@type":"EntryPoint","urlTemplate":"https:\/\/senbera.com\/se\/?s={search_term_string}"},"query-input":{"@type":"PropertyValueSpecification","valueRequired":true,"valueName":"search_term_string"}}],"inLanguage":"sv-SE"},{"@type":"Organization","@id":"https:\/\/senbera.com\/se\/#organization","name":"Mekulo","url":"https:\/\/senbera.com\/se\/","logo":{"@type":"ImageObject","inLanguage":"sv-SE","@id":"https:\/\/senbera.com\/se\/#\/schema\/logo\/image\/","url":"https:\/\/senbera.com\/se\/wp-content\/uploads\/sites\/20\/2025\/12\/favicon_mekulo.png","contentUrl":"https:\/\/senbera.com\/se\/wp-content\/uploads\/sites\/20\/2025\/12\/favicon_mekulo.png","width":50,"height":50,"caption":"Mekulo"},"image":{"@id":"https:\/\/senbera.com\/se\/#\/schema\/logo\/image\/"}}]}},"_links":{"self":[{"href":"https:\/\/senbera.com\/se\/wp-json\/wp\/v2\/product\/21906","targetHints":{"allow":["GET"]}}],"collection":[{"href":"https:\/\/senbera.com\/se\/wp-json\/wp\/v2\/product"}],"about":[{"href":"https:\/\/senbera.com\/se\/wp-json\/wp\/v2\/types\/product"}],"replies":[{"embeddable":true,"href":"https:\/\/senbera.com\/se\/wp-json\/wp\/v2\/comments?post=21906"}],"wp:featuredmedia":[{"embeddable":true,"href":"https:\/\/senbera.com\/se\/wp-json\/wp\/v2\/media\/21902"}],"wp:attachment":[{"href":"https:\/\/senbera.com\/se\/wp-json\/wp\/v2\/media?parent=21906"}],"wp:term":[{"taxonomy":"product_brand","embeddable":true,"href":"https:\/\/senbera.com\/se\/wp-json\/wp\/v2\/product_brand?post=21906"},{"taxonomy":"product_cat","embeddable":true,"href":"https:\/\/senbera.com\/se\/wp-json\/wp\/v2\/product_cat?post=21906"},{"taxonomy":"product_tag","embeddable":true,"href":"https:\/\/senbera.com\/se\/wp-json\/wp\/v2\/product_tag?post=21906"}],"curies":[{"name":"wp","href":"https:\/\/api.w.org\/{rel}","templated":true}]}}