{"id":20798,"date":"2026-01-16T18:42:09","date_gmt":"2026-01-16T16:42:09","guid":{"rendered":"https:\/\/senbera.com\/se\/produkt\/forvaringskorg\/"},"modified":"2026-01-16T18:42:18","modified_gmt":"2026-01-16T16:42:18","slug":"forvaringskorg","status":"publish","type":"product","link":"https:\/\/senbera.com\/se\/produkt\/forvaringskorg\/","title":{"rendered":"F\u00f6rvaringskorg"},"content":{"rendered":"<p style=\"text-align: center\" data-start=\"105\" data-end=\"165\"><strong>\ud83e\uddfa L\u00e4gg omedelbart till extra f\u00f6rvaringsutrymme \u2014 var du \u00e4n beh\u00f6ver det!<\/strong><\/p>\n<p style=\"text-align: center\" data-start=\"167\" data-end=\"314\">Den h\u00e4r f\u00f6rvaringskorgen i n\u00e4t \u00e4r den perfekta skr\u00e4pplockaren f\u00f6r bilen, k\u00f6ket, badrummet eller kontoret. Klistra bara fast den och b\u00f6rja organisera p\u00e5 n\u00e5gra sekunder.<\/p>\n<p data-start=\"167\" data-end=\"314\"><img decoding=\"async\" class=\"size-full wp-image-26523 aligncenter\" src=\"https:\/\/keluvo.com\/template\/wp-content\/uploads\/sites\/5\/2025\/07\/07029-ezgif.com-video-to-webp-converter.webp\" alt=\"\" \/><\/p>\n<h2 style=\"text-align: center\" data-start=\"316\" data-end=\"336\"><strong>\u2705 Huvudf\u00f6rdelar<\/strong><\/h2>\n<p data-start=\"339\" data-end=\"387\">\ud83d\udccc Sj\u00e4lvh\u00e4ftande design \u2013 ingen borrning, inga verktyg!<\/p>\n<p data-start=\"390\" data-end=\"441\">\ud83e\uddfd F\u00f6rvaring av handdukar, v\u00e5tservetter, sopp\u00e5sar, leksaker med mera<\/p>\n<p data-start=\"444\" data-end=\"499\">\ud83d\udcaa H\u00e5llbart elastiskt n\u00e4t h\u00e5ller f\u00f6rem\u00e5len s\u00e4kra och p\u00e5 plats<\/p>\n<p data-start=\"502\" data-end=\"558\">\ud83d\ude97 Perfekt f\u00f6r bilar, husbilar, skrivbord, garderober och sm\u00e5 utrymmen<\/p>\n<p data-start=\"561\" data-end=\"609\">\ud83d\udd01 Flyttbar och enkel att installera p\u00e5 seconds<\/p>\n<p data-start=\"561\" data-end=\"609\"><img decoding=\"async\" class=\"size-full wp-image-26524 aligncenter\" src=\"https:\/\/keluvo.com\/template\/wp-content\/uploads\/sites\/5\/2025\/07\/13c5ffaf-c3d0-4485-ac39-4c020d938c6d.webp\" alt=\"\" \/><\/p>\n<h2 style=\"text-align: center\" data-start=\"611\" data-end=\"630\"><strong>\ud83d\udee0\ufe0f Hur man anv\u00e4nder<\/strong><\/h2>\n<ol data-start=\"631\" data-end=\"775\">\n<li data-start=\"631\" data-end=\"679\">\n<p data-start=\"634\" data-end=\"679\">Reng\u00f6r ytan d\u00e4r du vill f\u00e4sta den.<\/p>\n<\/li>\n<li data-start=\"680\" data-end=\"713\">\n<p data-start=\"683\" data-end=\"713\">Dra av den sj\u00e4lvh\u00e4ftande baksidan.<\/p>\n<\/li>\n<li data-start=\"714\" data-end=\"754\">\n<p data-start=\"717\" data-end=\"754\">tryck fast n\u00e4tp\u00e5sen ordentligt.<\/p>\n<\/li>\n<li data-start=\"755\" data-end=\"775\">\n<p data-start=\"758\" data-end=\"775\">b\u00f6rja organisera!<\/p>\n<\/li>\n<\/ol>\n<h2 style=\"text-align: center\" data-start=\"777\" data-end=\"800\"><strong>\ud83d\udcd0 Produktdetaljer<\/strong><\/h2>\n<ul data-start=\"801\" data-end=\"917\">\n<li data-start=\"801\" data-end=\"846\">\n<p data-start=\"803\" data-end=\"846\">Storlek: 40&#215;25 cm<\/p>\n<\/li>\n<li data-start=\"847\" data-end=\"893\">\n<p data-start=\"849\" data-end=\"893\">Material: T\u00f6jbart n\u00e4t + starkt lim<\/p>\n<\/li>\n<li data-start=\"894\" data-end=\"917\">\n<p data-start=\"896\" data-end=\"917\">Tv\u00e4ttbart och \u00e5teranv\u00e4ndbart<\/p>\n<\/li>\n<\/ul>\n<h2 style=\"text-align: center\" data-start=\"919\" data-end=\"943\"><strong>\ud83d\udce6 Paketet inneh\u00e5ller<\/strong><\/h2>\n<ul data-start=\"944\" data-end=\"986\">\n<li data-start=\"944\" data-end=\"986\">\n<p data-start=\"946\" data-end=\"986\">3, 6x f\u00f6rvaringskorg (med tejp).<\/p>\n<\/li>\n<\/ul>\n","protected":false},"excerpt":{"rendered":"<p>\ud83e\uddfa L\u00e4gg omedelbart till extra f\u00f6rvaringsutrymme \u2014 var du \u00e4n beh\u00f6ver det! Den h\u00e4r f\u00f6rvaringskorgen i n\u00e4t \u00e4r den perfekta [&hellip;]<\/p>\n","protected":false},"featured_media":20794,"comment_status":"open","ping_status":"closed","template":"","meta":{"site-sidebar-layout":"default","site-content-layout":"","ast-site-content-layout":"default","site-content-style":"default","site-sidebar-style":"default","ast-global-header-display":"","ast-banner-title-visibility":"","ast-main-header-display":"","ast-hfb-above-header-display":"","ast-hfb-below-header-display":"","ast-hfb-mobile-header-display":"","site-post-title":"","ast-breadcrumbs-content":"","ast-featured-img":"","footer-sml-layout":"","ast-disable-related-posts":"","theme-transparent-header-meta":"default","adv-header-id-meta":"","stick-header-meta":"","header-above-stick-meta":"","header-main-stick-meta":"","header-below-stick-meta":"","astra-migrate-meta-layouts":"set","ast-page-background-enabled":"default","ast-page-background-meta":{"desktop":{"background-color":"var(--ast-global-color-5)","background-image":"","background-repeat":"repeat","background-position":"center center","background-size":"auto","background-attachment":"scroll","background-type":"","background-media":"","overlay-type":"","overlay-color":"","overlay-opacity":"","overlay-gradient":""},"tablet":{"background-color":"","background-image":"","background-repeat":"repeat","background-position":"center center","background-size":"auto","background-attachment":"scroll","background-type":"","background-media":"","overlay-type":"","overlay-color":"","overlay-opacity":"","overlay-gradient":""},"mobile":{"background-color":"","background-image":"","background-repeat":"repeat","background-position":"center center","background-size":"auto","background-attachment":"scroll","background-type":"","background-media":"","overlay-type":"","overlay-color":"","overlay-opacity":"","overlay-gradient":""}},"ast-content-background-meta":{"desktop":{"background-color":"var(--ast-global-color-4)","background-image":"","background-repeat":"repeat","background-position":"center center","background-size":"auto","background-attachment":"scroll","background-type":"","background-media":"","overlay-type":"","overlay-color":"","overlay-opacity":"","overlay-gradient":""},"tablet":{"background-color":"var(--ast-global-color-4)","background-image":"","background-repeat":"repeat","background-position":"center center","background-size":"auto","background-attachment":"scroll","background-type":"","background-media":"","overlay-type":"","overlay-color":"","overlay-opacity":"","overlay-gradient":""},"mobile":{"background-color":"var(--ast-global-color-4)","background-image":"","background-repeat":"repeat","background-position":"center center","background-size":"auto","background-attachment":"scroll","background-type":"","background-media":"","overlay-type":"","overlay-color":"","overlay-opacity":"","overlay-gradient":""}}},"product_brand":[],"product_cat":[15],"product_tag":[],"class_list":{"0":"post-20798","1":"product","2":"type-product","3":"status-publish","4":"has-post-thumbnail","6":"product_cat-okategoriserade","7":"pa_19312_ps6674bm-3-st","8":"pa_19312_ps6674bm-6-st","9":"desktop-align-left","10":"tablet-align-left","11":"mobile-align-left","13":"first","14":"instock","15":"shipping-taxable","16":"purchasable","17":"product-type-variable"},"yoast_head":"<!-- This site is optimized with the Yoast SEO plugin v27.4 - https:\/\/yoast.com\/product\/yoast-seo-wordpress\/ -->\n<title>F\u00f6rvaringskorg - Senbera SE<\/title>\n<meta name=\"robots\" content=\"index, follow, max-snippet:-1, max-image-preview:large, max-video-preview:-1\" \/>\n<link rel=\"canonical\" href=\"https:\/\/senbera.com\/se\/produkt\/forvaringskorg\/\" \/>\n<meta property=\"og:locale\" content=\"sv_SE\" \/>\n<meta property=\"og:type\" content=\"article\" \/>\n<meta property=\"og:title\" content=\"F\u00f6rvaringskorg - Senbera SE\" \/>\n<meta property=\"og:description\" content=\"\ud83e\uddfa L\u00e4gg omedelbart till extra f\u00f6rvaringsutrymme \u2014 var du \u00e4n beh\u00f6ver det! Den h\u00e4r f\u00f6rvaringskorgen i n\u00e4t \u00e4r den perfekta [&hellip;]\" \/>\n<meta property=\"og:url\" content=\"https:\/\/senbera.com\/se\/produkt\/forvaringskorg\/\" \/>\n<meta property=\"og:site_name\" content=\"Senbera SE\" \/>\n<meta property=\"article:modified_time\" content=\"2026-01-16T16:42:18+00:00\" \/>\n<meta property=\"og:image\" content=\"https:\/\/senbera.com\/se\/wp-content\/uploads\/sites\/20\/2026\/01\/axk3xur-1.webp\" \/>\n\t<meta property=\"og:image:width\" content=\"800\" \/>\n\t<meta property=\"og:image:height\" content=\"800\" \/>\n\t<meta property=\"og:image:type\" content=\"image\/webp\" \/>\n<meta name=\"twitter:card\" content=\"summary_large_image\" \/>\n<meta name=\"twitter:label1\" content=\"Ber\u00e4knad l\u00e4stid\" \/>\n\t<meta name=\"twitter:data1\" content=\"1 minut\" \/>\n<script type=\"application\/ld+json\" class=\"yoast-schema-graph\">{\"@context\":\"https:\\\/\\\/schema.org\",\"@graph\":[{\"@type\":\"WebPage\",\"@id\":\"https:\\\/\\\/senbera.com\\\/se\\\/produkt\\\/forvaringskorg\\\/\",\"url\":\"https:\\\/\\\/senbera.com\\\/se\\\/produkt\\\/forvaringskorg\\\/\",\"name\":\"F\u00f6rvaringskorg - Senbera SE\",\"isPartOf\":{\"@id\":\"https:\\\/\\\/senbera.com\\\/se\\\/#website\"},\"primaryImageOfPage\":{\"@id\":\"https:\\\/\\\/senbera.com\\\/se\\\/produkt\\\/forvaringskorg\\\/#primaryimage\"},\"image\":{\"@id\":\"https:\\\/\\\/senbera.com\\\/se\\\/produkt\\\/forvaringskorg\\\/#primaryimage\"},\"thumbnailUrl\":\"https:\\\/\\\/senbera.com\\\/se\\\/wp-content\\\/uploads\\\/sites\\\/20\\\/2026\\\/01\\\/axk3xur-1.webp\",\"datePublished\":\"2026-01-16T16:42:09+00:00\",\"dateModified\":\"2026-01-16T16:42:18+00:00\",\"breadcrumb\":{\"@id\":\"https:\\\/\\\/senbera.com\\\/se\\\/produkt\\\/forvaringskorg\\\/#breadcrumb\"},\"inLanguage\":\"sv-SE\",\"potentialAction\":[{\"@type\":\"ReadAction\",\"target\":[\"https:\\\/\\\/senbera.com\\\/se\\\/produkt\\\/forvaringskorg\\\/\"]}]},{\"@type\":\"ImageObject\",\"inLanguage\":\"sv-SE\",\"@id\":\"https:\\\/\\\/senbera.com\\\/se\\\/produkt\\\/forvaringskorg\\\/#primaryimage\",\"url\":\"https:\\\/\\\/senbera.com\\\/se\\\/wp-content\\\/uploads\\\/sites\\\/20\\\/2026\\\/01\\\/axk3xur-1.webp\",\"contentUrl\":\"https:\\\/\\\/senbera.com\\\/se\\\/wp-content\\\/uploads\\\/sites\\\/20\\\/2026\\\/01\\\/axk3xur-1.webp\",\"width\":800,\"height\":800},{\"@type\":\"BreadcrumbList\",\"@id\":\"https:\\\/\\\/senbera.com\\\/se\\\/produkt\\\/forvaringskorg\\\/#breadcrumb\",\"itemListElement\":[{\"@type\":\"ListItem\",\"position\":1,\"name\":\"Home\",\"item\":\"https:\\\/\\\/senbera.com\\\/se\\\/\"},{\"@type\":\"ListItem\",\"position\":2,\"name\":\"Butik\",\"item\":\"https:\\\/\\\/senbera.com\\\/se\\\/butik\\\/\"},{\"@type\":\"ListItem\",\"position\":3,\"name\":\"F\u00f6rvaringskorg\"}]},{\"@type\":\"WebSite\",\"@id\":\"https:\\\/\\\/senbera.com\\\/se\\\/#website\",\"url\":\"https:\\\/\\\/senbera.com\\\/se\\\/\",\"name\":\"Senbera SE\",\"description\":\"\",\"publisher\":{\"@id\":\"https:\\\/\\\/senbera.com\\\/se\\\/#organization\"},\"potentialAction\":[{\"@type\":\"SearchAction\",\"target\":{\"@type\":\"EntryPoint\",\"urlTemplate\":\"https:\\\/\\\/senbera.com\\\/se\\\/?s={search_term_string}\"},\"query-input\":{\"@type\":\"PropertyValueSpecification\",\"valueRequired\":true,\"valueName\":\"search_term_string\"}}],\"inLanguage\":\"sv-SE\"},{\"@type\":\"Organization\",\"@id\":\"https:\\\/\\\/senbera.com\\\/se\\\/#organization\",\"name\":\"Mekulo\",\"url\":\"https:\\\/\\\/senbera.com\\\/se\\\/\",\"logo\":{\"@type\":\"ImageObject\",\"inLanguage\":\"sv-SE\",\"@id\":\"https:\\\/\\\/senbera.com\\\/se\\\/#\\\/schema\\\/logo\\\/image\\\/\",\"url\":\"https:\\\/\\\/senbera.com\\\/se\\\/wp-content\\\/uploads\\\/sites\\\/20\\\/2025\\\/12\\\/favicon_mekulo.png\",\"contentUrl\":\"https:\\\/\\\/senbera.com\\\/se\\\/wp-content\\\/uploads\\\/sites\\\/20\\\/2025\\\/12\\\/favicon_mekulo.png\",\"width\":50,\"height\":50,\"caption\":\"Mekulo\"},\"image\":{\"@id\":\"https:\\\/\\\/senbera.com\\\/se\\\/#\\\/schema\\\/logo\\\/image\\\/\"}}]}<\/script>\n<!-- \/ Yoast SEO plugin. -->","yoast_head_json":{"title":"F\u00f6rvaringskorg - Senbera SE","robots":{"index":"index","follow":"follow","max-snippet":"max-snippet:-1","max-image-preview":"max-image-preview:large","max-video-preview":"max-video-preview:-1"},"canonical":"https:\/\/senbera.com\/se\/produkt\/forvaringskorg\/","og_locale":"sv_SE","og_type":"article","og_title":"F\u00f6rvaringskorg - Senbera SE","og_description":"\ud83e\uddfa L\u00e4gg omedelbart till extra f\u00f6rvaringsutrymme \u2014 var du \u00e4n beh\u00f6ver det! Den h\u00e4r f\u00f6rvaringskorgen i n\u00e4t \u00e4r den perfekta [&hellip;]","og_url":"https:\/\/senbera.com\/se\/produkt\/forvaringskorg\/","og_site_name":"Senbera SE","article_modified_time":"2026-01-16T16:42:18+00:00","og_image":[{"width":800,"height":800,"url":"https:\/\/senbera.com\/se\/wp-content\/uploads\/sites\/20\/2026\/01\/axk3xur-1.webp","type":"image\/webp"}],"twitter_card":"summary_large_image","twitter_misc":{"Ber\u00e4knad l\u00e4stid":"1 minut"},"schema":{"@context":"https:\/\/schema.org","@graph":[{"@type":"WebPage","@id":"https:\/\/senbera.com\/se\/produkt\/forvaringskorg\/","url":"https:\/\/senbera.com\/se\/produkt\/forvaringskorg\/","name":"F\u00f6rvaringskorg - Senbera SE","isPartOf":{"@id":"https:\/\/senbera.com\/se\/#website"},"primaryImageOfPage":{"@id":"https:\/\/senbera.com\/se\/produkt\/forvaringskorg\/#primaryimage"},"image":{"@id":"https:\/\/senbera.com\/se\/produkt\/forvaringskorg\/#primaryimage"},"thumbnailUrl":"https:\/\/senbera.com\/se\/wp-content\/uploads\/sites\/20\/2026\/01\/axk3xur-1.webp","datePublished":"2026-01-16T16:42:09+00:00","dateModified":"2026-01-16T16:42:18+00:00","breadcrumb":{"@id":"https:\/\/senbera.com\/se\/produkt\/forvaringskorg\/#breadcrumb"},"inLanguage":"sv-SE","potentialAction":[{"@type":"ReadAction","target":["https:\/\/senbera.com\/se\/produkt\/forvaringskorg\/"]}]},{"@type":"ImageObject","inLanguage":"sv-SE","@id":"https:\/\/senbera.com\/se\/produkt\/forvaringskorg\/#primaryimage","url":"https:\/\/senbera.com\/se\/wp-content\/uploads\/sites\/20\/2026\/01\/axk3xur-1.webp","contentUrl":"https:\/\/senbera.com\/se\/wp-content\/uploads\/sites\/20\/2026\/01\/axk3xur-1.webp","width":800,"height":800},{"@type":"BreadcrumbList","@id":"https:\/\/senbera.com\/se\/produkt\/forvaringskorg\/#breadcrumb","itemListElement":[{"@type":"ListItem","position":1,"name":"Home","item":"https:\/\/senbera.com\/se\/"},{"@type":"ListItem","position":2,"name":"Butik","item":"https:\/\/senbera.com\/se\/butik\/"},{"@type":"ListItem","position":3,"name":"F\u00f6rvaringskorg"}]},{"@type":"WebSite","@id":"https:\/\/senbera.com\/se\/#website","url":"https:\/\/senbera.com\/se\/","name":"Senbera SE","description":"","publisher":{"@id":"https:\/\/senbera.com\/se\/#organization"},"potentialAction":[{"@type":"SearchAction","target":{"@type":"EntryPoint","urlTemplate":"https:\/\/senbera.com\/se\/?s={search_term_string}"},"query-input":{"@type":"PropertyValueSpecification","valueRequired":true,"valueName":"search_term_string"}}],"inLanguage":"sv-SE"},{"@type":"Organization","@id":"https:\/\/senbera.com\/se\/#organization","name":"Mekulo","url":"https:\/\/senbera.com\/se\/","logo":{"@type":"ImageObject","inLanguage":"sv-SE","@id":"https:\/\/senbera.com\/se\/#\/schema\/logo\/image\/","url":"https:\/\/senbera.com\/se\/wp-content\/uploads\/sites\/20\/2025\/12\/favicon_mekulo.png","contentUrl":"https:\/\/senbera.com\/se\/wp-content\/uploads\/sites\/20\/2025\/12\/favicon_mekulo.png","width":50,"height":50,"caption":"Mekulo"},"image":{"@id":"https:\/\/senbera.com\/se\/#\/schema\/logo\/image\/"}}]}},"_links":{"self":[{"href":"https:\/\/senbera.com\/se\/wp-json\/wp\/v2\/product\/20798","targetHints":{"allow":["GET"]}}],"collection":[{"href":"https:\/\/senbera.com\/se\/wp-json\/wp\/v2\/product"}],"about":[{"href":"https:\/\/senbera.com\/se\/wp-json\/wp\/v2\/types\/product"}],"replies":[{"embeddable":true,"href":"https:\/\/senbera.com\/se\/wp-json\/wp\/v2\/comments?post=20798"}],"wp:featuredmedia":[{"embeddable":true,"href":"https:\/\/senbera.com\/se\/wp-json\/wp\/v2\/media\/20794"}],"wp:attachment":[{"href":"https:\/\/senbera.com\/se\/wp-json\/wp\/v2\/media?parent=20798"}],"wp:term":[{"taxonomy":"product_brand","embeddable":true,"href":"https:\/\/senbera.com\/se\/wp-json\/wp\/v2\/product_brand?post=20798"},{"taxonomy":"product_cat","embeddable":true,"href":"https:\/\/senbera.com\/se\/wp-json\/wp\/v2\/product_cat?post=20798"},{"taxonomy":"product_tag","embeddable":true,"href":"https:\/\/senbera.com\/se\/wp-json\/wp\/v2\/product_tag?post=20798"}],"curies":[{"name":"wp","href":"https:\/\/api.w.org\/{rel}","templated":true}]}}