{"id":20619,"date":"2026-01-16T11:02:17","date_gmt":"2026-01-16T09:02:17","guid":{"rendered":"https:\/\/senbera.com\/se\/produkt\/ansiktsskydd\/"},"modified":"2026-01-16T11:02:32","modified_gmt":"2026-01-16T09:02:32","slug":"ansiktsskydd","status":"publish","type":"product","link":"https:\/\/senbera.com\/se\/produkt\/ansiktsskydd\/","title":{"rendered":"Ansiktsskydd"},"content":{"rendered":"<p style=\"text-align: center\"><b>Vi presenterar ansiktsskyddet &#8211; ditt starka och tydliga skydd f\u00f6r hela ansiktet!<\/b><\/p>\n<p style=\"text-align: center\"><span style=\"font-weight: 400\">Det h\u00e4r l\u00e4tta ansiktsskyddet t\u00e4cker \u00f6gon, n\u00e4sa och mun f\u00f6r att skydda dig mot damm, droppar, spray och st\u00e4nk &#8211; samtidigt som du h\u00e5ller dig klar och bekv\u00e4m!<\/span><\/p>\n<p><img decoding=\"async\" class=\"alignnone size-full wp-image-16930 aligncenter\" src=\"https:\/\/keluvo.com\/template\/wp-content\/uploads\/sites\/5\/2025\/05\/fd5075ab-ab25-4302-ac32-26504860ccd1.gif.gif\" alt=\"\" \/><\/p>\n<h2 style=\"text-align: center\">Huvudf\u00f6rdelar<\/h2>\n<p><span style=\"font-weight: 400\">Fullst\u00e4ndigt skydd f\u00f6r ansiktet &#8211; \u00f6gon, n\u00e4sa och mun t\u00e4ckta<\/span><span style=\"font-weight: 400\"><br \/>\n<\/span><\/p>\n<p><span style=\"font-weight: 400\">L\u00e4tt och andningsbar &#8211; l\u00e4tt att b\u00e4ra under l\u00e5nga timmar<\/span><span style=\"font-weight: 400\"><br \/>\n<\/span><\/p>\n<p><span style=\"font-weight: 400\">Tillverkad av imfritt material &#8211; alltid klar, ingen imma<\/span><span style=\"font-weight: 400\"><br \/>\n<\/span><\/p>\n<p><span style=\"font-weight: 400\">Vattent\u00e5lig och h\u00e5llbar &#8211; byggd f\u00f6r daglig anv\u00e4ndning<\/span><span style=\"font-weight: 400\"><br \/>\n<\/span><\/p>\n<p><span style=\"font-weight: 400\">Justerbart sp\u00e4nne &#8211; passar de flesta enkelt<\/span><\/p>\n<p><img decoding=\"async\" class=\"alignnone size-full wp-image-16928 aligncenter\" src=\"https:\/\/keluvo.com\/template\/wp-content\/uploads\/sites\/5\/2025\/05\/94b82e08-3ef0-42c9-aa79-8cb713e13d4c.webp.webp\" alt=\"\" \/><\/p>\n<h2 style=\"text-align: center\">Hur den h\u00e4r produkten hj\u00e4lper dig<\/h2>\n<p style=\"text-align: center\"><span style=\"font-weight: 400\">Ansiktsskyddet \u00e4r perfekt f\u00f6r att h\u00e5lla dig s\u00e4ker n\u00e4r du arbetar, reser eller g\u00f6r utomhusaktiviteter.<\/span><\/p>\n<p style=\"text-align: center\"><span style=\"font-weight: 400\"> Den \u00e4r perfekt f\u00f6r:<\/span><\/p>\n<ul>\n<li style=\"font-weight: 400\"><span style=\"font-weight: 400\">Skydda mot damm, gr\u00e4s, tr\u00e4flis och droppar<\/span><span style=\"font-weight: 400\"><br \/>\n<\/span><\/li>\n<li style=\"font-weight: 400\"><span style=\"font-weight: 400\">H\u00e5lla dig s\u00e4ker p\u00e5 kontor, i k\u00f6k, tr\u00e4dg\u00e5rdar och p\u00e5 offentliga platser<\/span><span style=\"font-weight: 400\"><br \/>\n<\/span><\/li>\n<li style=\"font-weight: 400\"><span style=\"font-weight: 400\">L\u00e4tt att b\u00e4ra med sig i ryggs\u00e4cken eller v\u00e4skan f\u00f6r snabb anv\u00e4ndning n\u00e4r som helst<\/span><\/li>\n<\/ul>\n<h2 style=\"text-align: center\">Anv\u00e4ndning<\/h2>\n<ol>\n<li style=\"font-weight: 400\"><span style=\"font-weight: 400\">Avl\u00e4gsna skyddsfilmen p\u00e5 b\u00e5da sidor av skyddet.<\/span><span style=\"font-weight: 400\"><br \/>\n<\/span><\/li>\n<li style=\"font-weight: 400\"><span style=\"font-weight: 400\">Justera remmen med hj\u00e4lp av sp\u00e4nnet s\u00e5 att den passar ditt huvud bekv\u00e4mt.<\/span><span style=\"font-weight: 400\"><br \/>\n<\/span><\/li>\n<li style=\"font-weight: 400\"><span style=\"font-weight: 400\">B\u00e4r den n\u00e4r det beh\u00f6vs f\u00f6r att h\u00e5lla dig skyddad och s\u00e4ker.<\/span><\/li>\n<\/ol>\n<h2 style=\"text-align: center\">Paketet inneh\u00e5ller<\/h2>\n<ul>\n<li><span style=\"font-weight: 400\">1x helt\u00e4ckande ansiktsskydd (med justerbart sp\u00e4nne).<\/span><\/li>\n<\/ul>\n","protected":false},"excerpt":{"rendered":"<p>Vi presenterar ansiktsskyddet &#8211; ditt starka och tydliga skydd f\u00f6r hela ansiktet! Det h\u00e4r l\u00e4tta ansiktsskyddet t\u00e4cker \u00f6gon, n\u00e4sa och [&hellip;]<\/p>\n","protected":false},"featured_media":20615,"comment_status":"open","ping_status":"closed","template":"","meta":{"site-sidebar-layout":"default","site-content-layout":"","ast-site-content-layout":"default","site-content-style":"default","site-sidebar-style":"default","ast-global-header-display":"","ast-banner-title-visibility":"","ast-main-header-display":"","ast-hfb-above-header-display":"","ast-hfb-below-header-display":"","ast-hfb-mobile-header-display":"","site-post-title":"","ast-breadcrumbs-content":"","ast-featured-img":"","footer-sml-layout":"","ast-disable-related-posts":"","theme-transparent-header-meta":"default","adv-header-id-meta":"","stick-header-meta":"","header-above-stick-meta":"","header-main-stick-meta":"","header-below-stick-meta":"","astra-migrate-meta-layouts":"set","ast-page-background-enabled":"default","ast-page-background-meta":{"desktop":{"background-color":"var(--ast-global-color-5)","background-image":"","background-repeat":"repeat","background-position":"center center","background-size":"auto","background-attachment":"scroll","background-type":"","background-media":"","overlay-type":"","overlay-color":"","overlay-opacity":"","overlay-gradient":""},"tablet":{"background-color":"","background-image":"","background-repeat":"repeat","background-position":"center center","background-size":"auto","background-attachment":"scroll","background-type":"","background-media":"","overlay-type":"","overlay-color":"","overlay-opacity":"","overlay-gradient":""},"mobile":{"background-color":"","background-image":"","background-repeat":"repeat","background-position":"center center","background-size":"auto","background-attachment":"scroll","background-type":"","background-media":"","overlay-type":"","overlay-color":"","overlay-opacity":"","overlay-gradient":""}},"ast-content-background-meta":{"desktop":{"background-color":"var(--ast-global-color-4)","background-image":"","background-repeat":"repeat","background-position":"center center","background-size":"auto","background-attachment":"scroll","background-type":"","background-media":"","overlay-type":"","overlay-color":"","overlay-opacity":"","overlay-gradient":""},"tablet":{"background-color":"var(--ast-global-color-4)","background-image":"","background-repeat":"repeat","background-position":"center center","background-size":"auto","background-attachment":"scroll","background-type":"","background-media":"","overlay-type":"","overlay-color":"","overlay-opacity":"","overlay-gradient":""},"mobile":{"background-color":"var(--ast-global-color-4)","background-image":"","background-repeat":"repeat","background-position":"center center","background-size":"auto","background-attachment":"scroll","background-type":"","background-media":"","overlay-type":"","overlay-color":"","overlay-opacity":"","overlay-gradient":""}}},"product_brand":[],"product_cat":[15],"product_tag":[],"class_list":{"0":"post-20619","1":"product","2":"type-product","3":"status-publish","4":"has-post-thumbnail","6":"product_cat-okategoriserade","7":"pa_30349_3195m33v-bla","8":"pa_30349_3195m33v-gra","9":"pa_30349_3195m33v-rod","10":"pa_30349_3195m33v-svart","11":"desktop-align-left","12":"tablet-align-left","13":"mobile-align-left","15":"first","16":"instock","17":"shipping-taxable","18":"purchasable","19":"product-type-variable"},"yoast_head":"<!-- This site is optimized with the Yoast SEO plugin v27.4 - https:\/\/yoast.com\/product\/yoast-seo-wordpress\/ -->\n<title>Ansiktsskydd - Senbera SE<\/title>\n<meta name=\"robots\" content=\"index, follow, max-snippet:-1, max-image-preview:large, max-video-preview:-1\" \/>\n<link rel=\"canonical\" href=\"https:\/\/senbera.com\/se\/produkt\/ansiktsskydd\/\" \/>\n<meta property=\"og:locale\" content=\"sv_SE\" \/>\n<meta property=\"og:type\" content=\"article\" \/>\n<meta property=\"og:title\" content=\"Ansiktsskydd - Senbera SE\" \/>\n<meta property=\"og:description\" content=\"Vi presenterar ansiktsskyddet &#8211; ditt starka och tydliga skydd f\u00f6r hela ansiktet! Det h\u00e4r l\u00e4tta ansiktsskyddet t\u00e4cker \u00f6gon, n\u00e4sa och [&hellip;]\" \/>\n<meta property=\"og:url\" content=\"https:\/\/senbera.com\/se\/produkt\/ansiktsskydd\/\" \/>\n<meta property=\"og:site_name\" content=\"Senbera SE\" \/>\n<meta property=\"article:modified_time\" content=\"2026-01-16T09:02:32+00:00\" \/>\n<meta property=\"og:image\" content=\"https:\/\/senbera.com\/se\/wp-content\/uploads\/sites\/20\/2026\/01\/gooxtyo-1.webp\" \/>\n\t<meta property=\"og:image:width\" content=\"800\" \/>\n\t<meta property=\"og:image:height\" content=\"800\" \/>\n\t<meta property=\"og:image:type\" content=\"image\/webp\" \/>\n<meta name=\"twitter:card\" content=\"summary_large_image\" \/>\n<meta name=\"twitter:label1\" content=\"Ber\u00e4knad l\u00e4stid\" \/>\n\t<meta name=\"twitter:data1\" content=\"1 minut\" \/>\n<script type=\"application\/ld+json\" class=\"yoast-schema-graph\">{\"@context\":\"https:\\\/\\\/schema.org\",\"@graph\":[{\"@type\":\"WebPage\",\"@id\":\"https:\\\/\\\/senbera.com\\\/se\\\/produkt\\\/ansiktsskydd\\\/\",\"url\":\"https:\\\/\\\/senbera.com\\\/se\\\/produkt\\\/ansiktsskydd\\\/\",\"name\":\"Ansiktsskydd - Senbera SE\",\"isPartOf\":{\"@id\":\"https:\\\/\\\/senbera.com\\\/se\\\/#website\"},\"primaryImageOfPage\":{\"@id\":\"https:\\\/\\\/senbera.com\\\/se\\\/produkt\\\/ansiktsskydd\\\/#primaryimage\"},\"image\":{\"@id\":\"https:\\\/\\\/senbera.com\\\/se\\\/produkt\\\/ansiktsskydd\\\/#primaryimage\"},\"thumbnailUrl\":\"https:\\\/\\\/senbera.com\\\/se\\\/wp-content\\\/uploads\\\/sites\\\/20\\\/2026\\\/01\\\/gooxtyo-1.webp\",\"datePublished\":\"2026-01-16T09:02:17+00:00\",\"dateModified\":\"2026-01-16T09:02:32+00:00\",\"breadcrumb\":{\"@id\":\"https:\\\/\\\/senbera.com\\\/se\\\/produkt\\\/ansiktsskydd\\\/#breadcrumb\"},\"inLanguage\":\"sv-SE\",\"potentialAction\":[{\"@type\":\"ReadAction\",\"target\":[\"https:\\\/\\\/senbera.com\\\/se\\\/produkt\\\/ansiktsskydd\\\/\"]}]},{\"@type\":\"ImageObject\",\"inLanguage\":\"sv-SE\",\"@id\":\"https:\\\/\\\/senbera.com\\\/se\\\/produkt\\\/ansiktsskydd\\\/#primaryimage\",\"url\":\"https:\\\/\\\/senbera.com\\\/se\\\/wp-content\\\/uploads\\\/sites\\\/20\\\/2026\\\/01\\\/gooxtyo-1.webp\",\"contentUrl\":\"https:\\\/\\\/senbera.com\\\/se\\\/wp-content\\\/uploads\\\/sites\\\/20\\\/2026\\\/01\\\/gooxtyo-1.webp\",\"width\":800,\"height\":800},{\"@type\":\"BreadcrumbList\",\"@id\":\"https:\\\/\\\/senbera.com\\\/se\\\/produkt\\\/ansiktsskydd\\\/#breadcrumb\",\"itemListElement\":[{\"@type\":\"ListItem\",\"position\":1,\"name\":\"Home\",\"item\":\"https:\\\/\\\/senbera.com\\\/se\\\/\"},{\"@type\":\"ListItem\",\"position\":2,\"name\":\"Butik\",\"item\":\"https:\\\/\\\/senbera.com\\\/se\\\/butik\\\/\"},{\"@type\":\"ListItem\",\"position\":3,\"name\":\"Ansiktsskydd\"}]},{\"@type\":\"WebSite\",\"@id\":\"https:\\\/\\\/senbera.com\\\/se\\\/#website\",\"url\":\"https:\\\/\\\/senbera.com\\\/se\\\/\",\"name\":\"Senbera SE\",\"description\":\"\",\"publisher\":{\"@id\":\"https:\\\/\\\/senbera.com\\\/se\\\/#organization\"},\"potentialAction\":[{\"@type\":\"SearchAction\",\"target\":{\"@type\":\"EntryPoint\",\"urlTemplate\":\"https:\\\/\\\/senbera.com\\\/se\\\/?s={search_term_string}\"},\"query-input\":{\"@type\":\"PropertyValueSpecification\",\"valueRequired\":true,\"valueName\":\"search_term_string\"}}],\"inLanguage\":\"sv-SE\"},{\"@type\":\"Organization\",\"@id\":\"https:\\\/\\\/senbera.com\\\/se\\\/#organization\",\"name\":\"Mekulo\",\"url\":\"https:\\\/\\\/senbera.com\\\/se\\\/\",\"logo\":{\"@type\":\"ImageObject\",\"inLanguage\":\"sv-SE\",\"@id\":\"https:\\\/\\\/senbera.com\\\/se\\\/#\\\/schema\\\/logo\\\/image\\\/\",\"url\":\"https:\\\/\\\/senbera.com\\\/se\\\/wp-content\\\/uploads\\\/sites\\\/20\\\/2025\\\/12\\\/favicon_mekulo.png\",\"contentUrl\":\"https:\\\/\\\/senbera.com\\\/se\\\/wp-content\\\/uploads\\\/sites\\\/20\\\/2025\\\/12\\\/favicon_mekulo.png\",\"width\":50,\"height\":50,\"caption\":\"Mekulo\"},\"image\":{\"@id\":\"https:\\\/\\\/senbera.com\\\/se\\\/#\\\/schema\\\/logo\\\/image\\\/\"}}]}<\/script>\n<!-- \/ Yoast SEO plugin. -->","yoast_head_json":{"title":"Ansiktsskydd - Senbera SE","robots":{"index":"index","follow":"follow","max-snippet":"max-snippet:-1","max-image-preview":"max-image-preview:large","max-video-preview":"max-video-preview:-1"},"canonical":"https:\/\/senbera.com\/se\/produkt\/ansiktsskydd\/","og_locale":"sv_SE","og_type":"article","og_title":"Ansiktsskydd - Senbera SE","og_description":"Vi presenterar ansiktsskyddet &#8211; ditt starka och tydliga skydd f\u00f6r hela ansiktet! Det h\u00e4r l\u00e4tta ansiktsskyddet t\u00e4cker \u00f6gon, n\u00e4sa och [&hellip;]","og_url":"https:\/\/senbera.com\/se\/produkt\/ansiktsskydd\/","og_site_name":"Senbera SE","article_modified_time":"2026-01-16T09:02:32+00:00","og_image":[{"width":800,"height":800,"url":"https:\/\/senbera.com\/se\/wp-content\/uploads\/sites\/20\/2026\/01\/gooxtyo-1.webp","type":"image\/webp"}],"twitter_card":"summary_large_image","twitter_misc":{"Ber\u00e4knad l\u00e4stid":"1 minut"},"schema":{"@context":"https:\/\/schema.org","@graph":[{"@type":"WebPage","@id":"https:\/\/senbera.com\/se\/produkt\/ansiktsskydd\/","url":"https:\/\/senbera.com\/se\/produkt\/ansiktsskydd\/","name":"Ansiktsskydd - Senbera SE","isPartOf":{"@id":"https:\/\/senbera.com\/se\/#website"},"primaryImageOfPage":{"@id":"https:\/\/senbera.com\/se\/produkt\/ansiktsskydd\/#primaryimage"},"image":{"@id":"https:\/\/senbera.com\/se\/produkt\/ansiktsskydd\/#primaryimage"},"thumbnailUrl":"https:\/\/senbera.com\/se\/wp-content\/uploads\/sites\/20\/2026\/01\/gooxtyo-1.webp","datePublished":"2026-01-16T09:02:17+00:00","dateModified":"2026-01-16T09:02:32+00:00","breadcrumb":{"@id":"https:\/\/senbera.com\/se\/produkt\/ansiktsskydd\/#breadcrumb"},"inLanguage":"sv-SE","potentialAction":[{"@type":"ReadAction","target":["https:\/\/senbera.com\/se\/produkt\/ansiktsskydd\/"]}]},{"@type":"ImageObject","inLanguage":"sv-SE","@id":"https:\/\/senbera.com\/se\/produkt\/ansiktsskydd\/#primaryimage","url":"https:\/\/senbera.com\/se\/wp-content\/uploads\/sites\/20\/2026\/01\/gooxtyo-1.webp","contentUrl":"https:\/\/senbera.com\/se\/wp-content\/uploads\/sites\/20\/2026\/01\/gooxtyo-1.webp","width":800,"height":800},{"@type":"BreadcrumbList","@id":"https:\/\/senbera.com\/se\/produkt\/ansiktsskydd\/#breadcrumb","itemListElement":[{"@type":"ListItem","position":1,"name":"Home","item":"https:\/\/senbera.com\/se\/"},{"@type":"ListItem","position":2,"name":"Butik","item":"https:\/\/senbera.com\/se\/butik\/"},{"@type":"ListItem","position":3,"name":"Ansiktsskydd"}]},{"@type":"WebSite","@id":"https:\/\/senbera.com\/se\/#website","url":"https:\/\/senbera.com\/se\/","name":"Senbera SE","description":"","publisher":{"@id":"https:\/\/senbera.com\/se\/#organization"},"potentialAction":[{"@type":"SearchAction","target":{"@type":"EntryPoint","urlTemplate":"https:\/\/senbera.com\/se\/?s={search_term_string}"},"query-input":{"@type":"PropertyValueSpecification","valueRequired":true,"valueName":"search_term_string"}}],"inLanguage":"sv-SE"},{"@type":"Organization","@id":"https:\/\/senbera.com\/se\/#organization","name":"Mekulo","url":"https:\/\/senbera.com\/se\/","logo":{"@type":"ImageObject","inLanguage":"sv-SE","@id":"https:\/\/senbera.com\/se\/#\/schema\/logo\/image\/","url":"https:\/\/senbera.com\/se\/wp-content\/uploads\/sites\/20\/2025\/12\/favicon_mekulo.png","contentUrl":"https:\/\/senbera.com\/se\/wp-content\/uploads\/sites\/20\/2025\/12\/favicon_mekulo.png","width":50,"height":50,"caption":"Mekulo"},"image":{"@id":"https:\/\/senbera.com\/se\/#\/schema\/logo\/image\/"}}]}},"_links":{"self":[{"href":"https:\/\/senbera.com\/se\/wp-json\/wp\/v2\/product\/20619","targetHints":{"allow":["GET"]}}],"collection":[{"href":"https:\/\/senbera.com\/se\/wp-json\/wp\/v2\/product"}],"about":[{"href":"https:\/\/senbera.com\/se\/wp-json\/wp\/v2\/types\/product"}],"replies":[{"embeddable":true,"href":"https:\/\/senbera.com\/se\/wp-json\/wp\/v2\/comments?post=20619"}],"wp:featuredmedia":[{"embeddable":true,"href":"https:\/\/senbera.com\/se\/wp-json\/wp\/v2\/media\/20615"}],"wp:attachment":[{"href":"https:\/\/senbera.com\/se\/wp-json\/wp\/v2\/media?parent=20619"}],"wp:term":[{"taxonomy":"product_brand","embeddable":true,"href":"https:\/\/senbera.com\/se\/wp-json\/wp\/v2\/product_brand?post=20619"},{"taxonomy":"product_cat","embeddable":true,"href":"https:\/\/senbera.com\/se\/wp-json\/wp\/v2\/product_cat?post=20619"},{"taxonomy":"product_tag","embeddable":true,"href":"https:\/\/senbera.com\/se\/wp-json\/wp\/v2\/product_tag?post=20619"}],"curies":[{"name":"wp","href":"https:\/\/api.w.org\/{rel}","templated":true}]}}