{"id":19942,"date":"2026-01-15T20:07:26","date_gmt":"2026-01-15T18:07:26","guid":{"rendered":"https:\/\/senbera.com\/se\/produkt\/vaska-for-hundtransport\/"},"modified":"2026-02-17T11:59:02","modified_gmt":"2026-02-17T09:59:02","slug":"vaska-for-hundtransport","status":"publish","type":"product","link":"https:\/\/senbera.com\/se\/produkt\/vaska-for-hundtransport\/","title":{"rendered":"V\u00e4ska f\u00f6r hundtransport"},"content":{"rendered":"<p style=\"text-align: center;\"><strong>S\u00e4ker, bekv\u00e4m och perfekt f\u00f6r resor \ud83d\udc36<\/strong><\/p>\n<h2 style=\"text-align: center;\"><img decoding=\"async\" class=\"size-full wp-image-15800 aligncenter\" src=\"https:\/\/keluvo.com\/template\/wp-content\/uploads\/sites\/5\/2025\/04\/c40fa7a7-1f90-4ce5-bba2-9ce23e56e789.webp\" alt=\"\" \/><strong>Huvudf\u00f6rdelar<\/strong><\/h2>\n<p><b>3-i-1-design<\/b><span style=\"font-weight: 400;\"> \u2013 anv\u00e4nd den som resv\u00e4ska, bilbarnstol eller s\u00e4ng f\u00f6r husdjur<\/span><span style=\"font-weight: 400;\"><br \/>\n<\/span><b><\/b><\/p>\n<p><b>Mjuk och stark<\/b><span style=\"font-weight: 400;\"> \u2013 rept\u00e5lig utsida, mjuk kudde inuti<\/span><span style=\"font-weight: 400;\"><br \/>\n<\/span><b><\/b><\/p>\n<p><b>Komfort \u00e5ret runt<\/b><span style=\"font-weight: 400;\"> \u2013 varm sida f\u00f6r kalla dagar, sval sida f\u00f6r varma dagar<\/span><span style=\"font-weight: 400;\"><br \/>\n<\/span><b><\/b><\/p>\n<p><b>S\u00e4ker f\u00f6r bilar<\/b><span style=\"font-weight: 400;\"> \u2013 inbyggd s\u00e4kerhetsrem med sp\u00e4nne h\u00e5ller husdjur s\u00e4kra<\/span><span style=\"font-weight: 400;\"><br \/>\n<\/span><b><\/b><\/p>\n<p><b>L\u00e4tt att installera och reng\u00f6ra<\/b><span style=\"font-weight: 400;\"> \u2013 passar de flesta bilar, avtagbara delar f\u00f6r snabb reng\u00f6ring<\/span><\/p>\n<p><img decoding=\"async\" class=\"size-full wp-image-15796 aligncenter\" src=\"https:\/\/keluvo.com\/template\/wp-content\/uploads\/sites\/5\/2025\/04\/130b16b9-bc09-4dde-b8db-3249fa698fb6.webp\" alt=\"\" \/><\/p>\n<h2 style=\"text-align: center;\"><strong>Perfekt f\u00f6r alla husdjur<\/strong><\/h2>\n<p style=\"text-align: center;\"><span style=\"font-weight: 400;\">Den h\u00e4r djurh\u00e5llaren \u00e4r perfekt f\u00f6r \u00e4ventyr med din h\u00e5riga v\u00e4n. Den \u00e4r tillr\u00e4ckligt mysig f\u00f6r tupplurar, tillr\u00e4ckligt t\u00e5lig f\u00f6r bilturer och tillr\u00e4ckligt l\u00e4tt att b\u00e4ra. Med ett starkt handtag och mjuk memory foam p\u00e5 insidan \u00e4r den byggd f\u00f6r komfort och s\u00e4kerhet. Perfekt f\u00f6r sm\u00e5 husdjur upp till 35 lbs.<\/span><\/p>\n<h2 style=\"text-align: center;\"><img decoding=\"async\" class=\"size-full wp-image-15804 aligncenter\" src=\"https:\/\/keluvo.com\/template\/wp-content\/uploads\/sites\/5\/2025\/04\/0dbbd2e0-c205-4ced-9ae7-6b3068f8467a.webp\" alt=\"\" \/><strong>Paketet inneh\u00e5ller<\/strong><\/h2>\n<ul>\n<li style=\"font-weight: 400;\"><span style=\"font-weight: 400;\">1x transportv\u00e4ska f\u00f6r husdjur<\/span><span style=\"font-weight: 400;\"><br \/>\n<\/span><\/li>\n<li style=\"font-weight: 400;\"><span style=\"font-weight: 400;\">1x mjuk husdjursmatta (f\u00f6r botten av v\u00e4skan)<\/span><span style=\"font-weight: 400;\"><br \/>\n<\/span><\/li>\n<li style=\"font-weight: 400;\"><span style=\"font-weight: 400;\">1x termisk innerv\u00e4ska (v\u00e4ndbar &#8211; varm &amp; svala sidor).<\/span><span style=\"font-weight: 400;\"><br \/>\n<\/span><\/li>\n<\/ul>\n","protected":false},"excerpt":{"rendered":"<p><span style=\"font-weight: 400;\">Den h\u00e4r allt-i-ett-djurh\u00e5llaren fungerar som en v\u00e4ska, en bilbarnstol och en mysig s\u00e4ng. Den h\u00e5ller din lilla hund eller katt s\u00e4ker, ombonad och glad &#8211; oavsett vart du \u00e5ker.<\/span><\/p>\n","protected":false},"featured_media":19938,"comment_status":"open","ping_status":"closed","template":"","meta":{"site-sidebar-layout":"default","site-content-layout":"","ast-site-content-layout":"default","site-content-style":"default","site-sidebar-style":"default","ast-global-header-display":"","ast-banner-title-visibility":"","ast-main-header-display":"","ast-hfb-above-header-display":"","ast-hfb-below-header-display":"","ast-hfb-mobile-header-display":"","site-post-title":"","ast-breadcrumbs-content":"","ast-featured-img":"","footer-sml-layout":"","ast-disable-related-posts":"","theme-transparent-header-meta":"default","adv-header-id-meta":"","stick-header-meta":"","header-above-stick-meta":"","header-main-stick-meta":"","header-below-stick-meta":"","astra-migrate-meta-layouts":"set","ast-page-background-enabled":"default","ast-page-background-meta":{"desktop":{"background-color":"var(--ast-global-color-5)","background-image":"","background-repeat":"repeat","background-position":"center center","background-size":"auto","background-attachment":"scroll","background-type":"","background-media":"","overlay-type":"","overlay-color":"","overlay-opacity":"","overlay-gradient":""},"tablet":{"background-color":"","background-image":"","background-repeat":"repeat","background-position":"center center","background-size":"auto","background-attachment":"scroll","background-type":"","background-media":"","overlay-type":"","overlay-color":"","overlay-opacity":"","overlay-gradient":""},"mobile":{"background-color":"","background-image":"","background-repeat":"repeat","background-position":"center center","background-size":"auto","background-attachment":"scroll","background-type":"","background-media":"","overlay-type":"","overlay-color":"","overlay-opacity":"","overlay-gradient":""}},"ast-content-background-meta":{"desktop":{"background-color":"var(--ast-global-color-4)","background-image":"","background-repeat":"repeat","background-position":"center center","background-size":"auto","background-attachment":"scroll","background-type":"","background-media":"","overlay-type":"","overlay-color":"","overlay-opacity":"","overlay-gradient":""},"tablet":{"background-color":"var(--ast-global-color-4)","background-image":"","background-repeat":"repeat","background-position":"center center","background-size":"auto","background-attachment":"scroll","background-type":"","background-media":"","overlay-type":"","overlay-color":"","overlay-opacity":"","overlay-gradient":""},"mobile":{"background-color":"var(--ast-global-color-4)","background-image":"","background-repeat":"repeat","background-position":"center center","background-size":"auto","background-attachment":"scroll","background-type":"","background-media":"","overlay-type":"","overlay-color":"","overlay-opacity":"","overlay-gradient":""}}},"product_brand":[],"product_cat":[15],"product_tag":[],"class_list":{"0":"post-19942","1":"product","2":"type-product","3":"status-publish","4":"has-post-thumbnail","6":"product_cat-okategoriserade","7":"pa_47895_iqaljjo3-beige","8":"pa_47895_iqaljjo3-svart","9":"desktop-align-left","10":"tablet-align-left","11":"mobile-align-left","13":"first","14":"instock","15":"shipping-taxable","16":"purchasable","17":"product-type-variable"},"yoast_head":"<!-- This site is optimized with the Yoast SEO plugin v27.4 - https:\/\/yoast.com\/product\/yoast-seo-wordpress\/ -->\n<title>V\u00e4ska f\u00f6r hundtransport - Senbera SE<\/title>\n<meta name=\"robots\" content=\"index, follow, max-snippet:-1, max-image-preview:large, max-video-preview:-1\" \/>\n<link rel=\"canonical\" href=\"https:\/\/senbera.com\/se\/produkt\/vaska-for-hundtransport\/\" \/>\n<meta property=\"og:locale\" content=\"sv_SE\" \/>\n<meta property=\"og:type\" content=\"article\" \/>\n<meta property=\"og:title\" content=\"V\u00e4ska f\u00f6r hundtransport - Senbera SE\" \/>\n<meta property=\"og:description\" content=\"Den h\u00e4r allt-i-ett-djurh\u00e5llaren fungerar som en v\u00e4ska, en bilbarnstol och en mysig s\u00e4ng. Den h\u00e5ller din lilla hund eller katt s\u00e4ker, ombonad och glad - oavsett vart du \u00e5ker.\" \/>\n<meta property=\"og:url\" content=\"https:\/\/senbera.com\/se\/produkt\/vaska-for-hundtransport\/\" \/>\n<meta property=\"og:site_name\" content=\"Senbera SE\" \/>\n<meta property=\"article:modified_time\" content=\"2026-02-17T09:59:02+00:00\" \/>\n<meta property=\"og:image\" content=\"https:\/\/senbera.com\/se\/wp-content\/uploads\/sites\/20\/2026\/01\/7gxkvh6-1.webp\" \/>\n\t<meta property=\"og:image:width\" content=\"768\" \/>\n\t<meta property=\"og:image:height\" content=\"768\" \/>\n\t<meta property=\"og:image:type\" content=\"image\/webp\" \/>\n<meta name=\"twitter:card\" content=\"summary_large_image\" \/>\n<meta name=\"twitter:label1\" content=\"Ber\u00e4knad l\u00e4stid\" \/>\n\t<meta name=\"twitter:data1\" content=\"2 minuter\" \/>\n<script type=\"application\/ld+json\" class=\"yoast-schema-graph\">{\"@context\":\"https:\\\/\\\/schema.org\",\"@graph\":[{\"@type\":\"WebPage\",\"@id\":\"https:\\\/\\\/senbera.com\\\/se\\\/produkt\\\/vaska-for-hundtransport\\\/\",\"url\":\"https:\\\/\\\/senbera.com\\\/se\\\/produkt\\\/vaska-for-hundtransport\\\/\",\"name\":\"V\u00e4ska f\u00f6r hundtransport - Senbera SE\",\"isPartOf\":{\"@id\":\"https:\\\/\\\/senbera.com\\\/se\\\/#website\"},\"primaryImageOfPage\":{\"@id\":\"https:\\\/\\\/senbera.com\\\/se\\\/produkt\\\/vaska-for-hundtransport\\\/#primaryimage\"},\"image\":{\"@id\":\"https:\\\/\\\/senbera.com\\\/se\\\/produkt\\\/vaska-for-hundtransport\\\/#primaryimage\"},\"thumbnailUrl\":\"https:\\\/\\\/senbera.com\\\/se\\\/wp-content\\\/uploads\\\/sites\\\/20\\\/2026\\\/01\\\/7gxkvh6-1.webp\",\"datePublished\":\"2026-01-15T18:07:26+00:00\",\"dateModified\":\"2026-02-17T09:59:02+00:00\",\"breadcrumb\":{\"@id\":\"https:\\\/\\\/senbera.com\\\/se\\\/produkt\\\/vaska-for-hundtransport\\\/#breadcrumb\"},\"inLanguage\":\"sv-SE\",\"potentialAction\":[{\"@type\":\"ReadAction\",\"target\":[\"https:\\\/\\\/senbera.com\\\/se\\\/produkt\\\/vaska-for-hundtransport\\\/\"]}]},{\"@type\":\"ImageObject\",\"inLanguage\":\"sv-SE\",\"@id\":\"https:\\\/\\\/senbera.com\\\/se\\\/produkt\\\/vaska-for-hundtransport\\\/#primaryimage\",\"url\":\"https:\\\/\\\/senbera.com\\\/se\\\/wp-content\\\/uploads\\\/sites\\\/20\\\/2026\\\/01\\\/7gxkvh6-1.webp\",\"contentUrl\":\"https:\\\/\\\/senbera.com\\\/se\\\/wp-content\\\/uploads\\\/sites\\\/20\\\/2026\\\/01\\\/7gxkvh6-1.webp\",\"width\":768,\"height\":768},{\"@type\":\"BreadcrumbList\",\"@id\":\"https:\\\/\\\/senbera.com\\\/se\\\/produkt\\\/vaska-for-hundtransport\\\/#breadcrumb\",\"itemListElement\":[{\"@type\":\"ListItem\",\"position\":1,\"name\":\"Home\",\"item\":\"https:\\\/\\\/senbera.com\\\/se\\\/\"},{\"@type\":\"ListItem\",\"position\":2,\"name\":\"Butik\",\"item\":\"https:\\\/\\\/senbera.com\\\/se\\\/butik\\\/\"},{\"@type\":\"ListItem\",\"position\":3,\"name\":\"V\u00e4ska f\u00f6r hundtransport\"}]},{\"@type\":\"WebSite\",\"@id\":\"https:\\\/\\\/senbera.com\\\/se\\\/#website\",\"url\":\"https:\\\/\\\/senbera.com\\\/se\\\/\",\"name\":\"Senbera SE\",\"description\":\"\",\"publisher\":{\"@id\":\"https:\\\/\\\/senbera.com\\\/se\\\/#organization\"},\"potentialAction\":[{\"@type\":\"SearchAction\",\"target\":{\"@type\":\"EntryPoint\",\"urlTemplate\":\"https:\\\/\\\/senbera.com\\\/se\\\/?s={search_term_string}\"},\"query-input\":{\"@type\":\"PropertyValueSpecification\",\"valueRequired\":true,\"valueName\":\"search_term_string\"}}],\"inLanguage\":\"sv-SE\"},{\"@type\":\"Organization\",\"@id\":\"https:\\\/\\\/senbera.com\\\/se\\\/#organization\",\"name\":\"Mekulo\",\"url\":\"https:\\\/\\\/senbera.com\\\/se\\\/\",\"logo\":{\"@type\":\"ImageObject\",\"inLanguage\":\"sv-SE\",\"@id\":\"https:\\\/\\\/senbera.com\\\/se\\\/#\\\/schema\\\/logo\\\/image\\\/\",\"url\":\"https:\\\/\\\/senbera.com\\\/se\\\/wp-content\\\/uploads\\\/sites\\\/20\\\/2025\\\/12\\\/favicon_mekulo.png\",\"contentUrl\":\"https:\\\/\\\/senbera.com\\\/se\\\/wp-content\\\/uploads\\\/sites\\\/20\\\/2025\\\/12\\\/favicon_mekulo.png\",\"width\":50,\"height\":50,\"caption\":\"Mekulo\"},\"image\":{\"@id\":\"https:\\\/\\\/senbera.com\\\/se\\\/#\\\/schema\\\/logo\\\/image\\\/\"}}]}<\/script>\n<!-- \/ Yoast SEO plugin. -->","yoast_head_json":{"title":"V\u00e4ska f\u00f6r hundtransport - Senbera SE","robots":{"index":"index","follow":"follow","max-snippet":"max-snippet:-1","max-image-preview":"max-image-preview:large","max-video-preview":"max-video-preview:-1"},"canonical":"https:\/\/senbera.com\/se\/produkt\/vaska-for-hundtransport\/","og_locale":"sv_SE","og_type":"article","og_title":"V\u00e4ska f\u00f6r hundtransport - Senbera SE","og_description":"Den h\u00e4r allt-i-ett-djurh\u00e5llaren fungerar som en v\u00e4ska, en bilbarnstol och en mysig s\u00e4ng. Den h\u00e5ller din lilla hund eller katt s\u00e4ker, ombonad och glad - oavsett vart du \u00e5ker.","og_url":"https:\/\/senbera.com\/se\/produkt\/vaska-for-hundtransport\/","og_site_name":"Senbera SE","article_modified_time":"2026-02-17T09:59:02+00:00","og_image":[{"width":768,"height":768,"url":"https:\/\/senbera.com\/se\/wp-content\/uploads\/sites\/20\/2026\/01\/7gxkvh6-1.webp","type":"image\/webp"}],"twitter_card":"summary_large_image","twitter_misc":{"Ber\u00e4knad l\u00e4stid":"2 minuter"},"schema":{"@context":"https:\/\/schema.org","@graph":[{"@type":"WebPage","@id":"https:\/\/senbera.com\/se\/produkt\/vaska-for-hundtransport\/","url":"https:\/\/senbera.com\/se\/produkt\/vaska-for-hundtransport\/","name":"V\u00e4ska f\u00f6r hundtransport - Senbera SE","isPartOf":{"@id":"https:\/\/senbera.com\/se\/#website"},"primaryImageOfPage":{"@id":"https:\/\/senbera.com\/se\/produkt\/vaska-for-hundtransport\/#primaryimage"},"image":{"@id":"https:\/\/senbera.com\/se\/produkt\/vaska-for-hundtransport\/#primaryimage"},"thumbnailUrl":"https:\/\/senbera.com\/se\/wp-content\/uploads\/sites\/20\/2026\/01\/7gxkvh6-1.webp","datePublished":"2026-01-15T18:07:26+00:00","dateModified":"2026-02-17T09:59:02+00:00","breadcrumb":{"@id":"https:\/\/senbera.com\/se\/produkt\/vaska-for-hundtransport\/#breadcrumb"},"inLanguage":"sv-SE","potentialAction":[{"@type":"ReadAction","target":["https:\/\/senbera.com\/se\/produkt\/vaska-for-hundtransport\/"]}]},{"@type":"ImageObject","inLanguage":"sv-SE","@id":"https:\/\/senbera.com\/se\/produkt\/vaska-for-hundtransport\/#primaryimage","url":"https:\/\/senbera.com\/se\/wp-content\/uploads\/sites\/20\/2026\/01\/7gxkvh6-1.webp","contentUrl":"https:\/\/senbera.com\/se\/wp-content\/uploads\/sites\/20\/2026\/01\/7gxkvh6-1.webp","width":768,"height":768},{"@type":"BreadcrumbList","@id":"https:\/\/senbera.com\/se\/produkt\/vaska-for-hundtransport\/#breadcrumb","itemListElement":[{"@type":"ListItem","position":1,"name":"Home","item":"https:\/\/senbera.com\/se\/"},{"@type":"ListItem","position":2,"name":"Butik","item":"https:\/\/senbera.com\/se\/butik\/"},{"@type":"ListItem","position":3,"name":"V\u00e4ska f\u00f6r hundtransport"}]},{"@type":"WebSite","@id":"https:\/\/senbera.com\/se\/#website","url":"https:\/\/senbera.com\/se\/","name":"Senbera SE","description":"","publisher":{"@id":"https:\/\/senbera.com\/se\/#organization"},"potentialAction":[{"@type":"SearchAction","target":{"@type":"EntryPoint","urlTemplate":"https:\/\/senbera.com\/se\/?s={search_term_string}"},"query-input":{"@type":"PropertyValueSpecification","valueRequired":true,"valueName":"search_term_string"}}],"inLanguage":"sv-SE"},{"@type":"Organization","@id":"https:\/\/senbera.com\/se\/#organization","name":"Mekulo","url":"https:\/\/senbera.com\/se\/","logo":{"@type":"ImageObject","inLanguage":"sv-SE","@id":"https:\/\/senbera.com\/se\/#\/schema\/logo\/image\/","url":"https:\/\/senbera.com\/se\/wp-content\/uploads\/sites\/20\/2025\/12\/favicon_mekulo.png","contentUrl":"https:\/\/senbera.com\/se\/wp-content\/uploads\/sites\/20\/2025\/12\/favicon_mekulo.png","width":50,"height":50,"caption":"Mekulo"},"image":{"@id":"https:\/\/senbera.com\/se\/#\/schema\/logo\/image\/"}}]}},"_links":{"self":[{"href":"https:\/\/senbera.com\/se\/wp-json\/wp\/v2\/product\/19942","targetHints":{"allow":["GET"]}}],"collection":[{"href":"https:\/\/senbera.com\/se\/wp-json\/wp\/v2\/product"}],"about":[{"href":"https:\/\/senbera.com\/se\/wp-json\/wp\/v2\/types\/product"}],"replies":[{"embeddable":true,"href":"https:\/\/senbera.com\/se\/wp-json\/wp\/v2\/comments?post=19942"}],"wp:featuredmedia":[{"embeddable":true,"href":"https:\/\/senbera.com\/se\/wp-json\/wp\/v2\/media\/19938"}],"wp:attachment":[{"href":"https:\/\/senbera.com\/se\/wp-json\/wp\/v2\/media?parent=19942"}],"wp:term":[{"taxonomy":"product_brand","embeddable":true,"href":"https:\/\/senbera.com\/se\/wp-json\/wp\/v2\/product_brand?post=19942"},{"taxonomy":"product_cat","embeddable":true,"href":"https:\/\/senbera.com\/se\/wp-json\/wp\/v2\/product_cat?post=19942"},{"taxonomy":"product_tag","embeddable":true,"href":"https:\/\/senbera.com\/se\/wp-json\/wp\/v2\/product_tag?post=19942"}],"curies":[{"name":"wp","href":"https:\/\/api.w.org\/{rel}","templated":true}]}}