{"id":19745,"date":"2026-01-15T19:51:58","date_gmt":"2026-01-15T17:51:58","guid":{"rendered":"https:\/\/senbera.com\/se\/produkt\/orhangen-med-kristalldroppar\/"},"modified":"2026-02-17T11:45:28","modified_gmt":"2026-02-17T09:45:28","slug":"orhangen-med-kristalldroppar","status":"publish","type":"product","link":"https:\/\/senbera.com\/se\/produkt\/orhangen-med-kristalldroppar\/","title":{"rendered":"\u00d6rh\u00e4ngen med kristalldroppar"},"content":{"rendered":"<p style=\"text-align: center;\"><strong>Gl\u00e4ns med stil \u2013 med \u00f6rh\u00e4ngen med droppar i lila kristaller!<\/strong><\/p>\n<p><img decoding=\"async\" class=\"size-full wp-image-16296 aligncenter\" src=\"https:\/\/keluvo.com\/template\/wp-content\/uploads\/sites\/5\/2025\/04\/purple.jpg\" alt=\"\" \/><\/p>\n<h2 style=\"text-align: center;\"><strong>Huvudf\u00f6rdelar<\/strong><\/h2>\n<p><span style=\"font-weight: 400;\">\u2705 <\/span><b>Elegant design<\/b><span style=\"font-weight: 400;\"> \u2013 Enkel och elegant f\u00f6r alla stilar<\/span><\/p>\n<p><span style=\"font-weight: 400;\"> \u2705 <\/span><b>L\u00e4tt komfort<\/b><span style=\"font-weight: 400;\"> \u2013 B\u00e4r dem hela dagen utan att k\u00e4nna sig tunga<\/span><\/p>\n<p><span style=\"font-weight: 400;\"> \u2705 <\/span><b>H\u00f6gklassig k\u00e4nsla<\/b><span style=\"font-weight: 400;\"> \u2013 Tillverkad med lila kristaller av h\u00f6gsta kvalitet<\/span><\/p>\n<p><span style=\"font-weight: 400;\"> \u2705 <\/span><b>Tillverkad f\u00f6r att h\u00e5lla<\/b><span style=\"font-weight: 400;\"> \u2013 Kvalitet tillverkad med stor uppm\u00e4rksamhet p\u00e5 detaljer<\/span><\/p>\n<p><span style=\"font-weight: 400;\"> \u2705 <\/span><b>F\u00f6r varje tillf\u00e4lle<\/b><span style=\"font-weight: 400;\"> \u2013 Perfekt f\u00f6r b\u00e5de avslappnade dagar och speciella evenemang<\/span><\/p>\n<p><img decoding=\"async\" class=\"size-full wp-image-16291 aligncenter\" src=\"https:\/\/keluvo.com\/template\/wp-content\/uploads\/sites\/5\/2025\/04\/2-13.jpg\" alt=\"\" \/><\/p>\n<h2 style=\"text-align: center;\"><strong>Perfekt elegans!<\/strong><\/h2>\n<p style=\"text-align: center;\"><span style=\"font-weight: 400;\">Dessa \u00f6rh\u00e4ngen \u00e4r den perfekta k\u00e4nslan av elegans f\u00f6r alla kvinnor. Oavsett om du kl\u00e4r upp dig f\u00f6r en fest, middag eller bara vill l\u00e4gga gnista till din dag, \u00e4r dessa lila kristall\u00f6rh\u00e4ngen gjorda f\u00f6r att imponera. Snygga, l\u00e4tta att b\u00e4ra och passar till allt!<\/span><\/p>\n<h2 style=\"text-align: center;\"><strong>Paketet inneh\u00e5ller<\/strong><\/h2>\n<ul>\n<li style=\"font-weight: 400;\"><span style=\"font-weight: 400;\">1x par \u00f6rh\u00e4ngen<\/span><span style=\"font-weight: 400;\">.<\/span><\/li>\n<\/ul>\n","protected":false},"excerpt":{"rendered":"<p><span style=\"font-weight: 400;\">Eleganta, l\u00e4tta och perfekta f\u00f6r alla dagar. <\/span><span style=\"font-size: 16px; font-weight: 400;\">Dessa vackra \u00f6rh\u00e4ngen \u00e4r gjorda av gl\u00e4nsande lila kristaller. De ser snygga ut, k\u00e4nns l\u00e4tta och ger glitter till alla kl\u00e4der.<\/span><\/p>\n","protected":false},"featured_media":19741,"comment_status":"open","ping_status":"closed","template":"","meta":{"site-sidebar-layout":"default","site-content-layout":"","ast-site-content-layout":"default","site-content-style":"default","site-sidebar-style":"default","ast-global-header-display":"","ast-banner-title-visibility":"","ast-main-header-display":"","ast-hfb-above-header-display":"","ast-hfb-below-header-display":"","ast-hfb-mobile-header-display":"","site-post-title":"","ast-breadcrumbs-content":"","ast-featured-img":"","footer-sml-layout":"","ast-disable-related-posts":"","theme-transparent-header-meta":"default","adv-header-id-meta":"","stick-header-meta":"","header-above-stick-meta":"","header-main-stick-meta":"","header-below-stick-meta":"","astra-migrate-meta-layouts":"set","ast-page-background-enabled":"default","ast-page-background-meta":{"desktop":{"background-color":"var(--ast-global-color-5)","background-image":"","background-repeat":"repeat","background-position":"center center","background-size":"auto","background-attachment":"scroll","background-type":"","background-media":"","overlay-type":"","overlay-color":"","overlay-opacity":"","overlay-gradient":""},"tablet":{"background-color":"","background-image":"","background-repeat":"repeat","background-position":"center center","background-size":"auto","background-attachment":"scroll","background-type":"","background-media":"","overlay-type":"","overlay-color":"","overlay-opacity":"","overlay-gradient":""},"mobile":{"background-color":"","background-image":"","background-repeat":"repeat","background-position":"center center","background-size":"auto","background-attachment":"scroll","background-type":"","background-media":"","overlay-type":"","overlay-color":"","overlay-opacity":"","overlay-gradient":""}},"ast-content-background-meta":{"desktop":{"background-color":"var(--ast-global-color-4)","background-image":"","background-repeat":"repeat","background-position":"center center","background-size":"auto","background-attachment":"scroll","background-type":"","background-media":"","overlay-type":"","overlay-color":"","overlay-opacity":"","overlay-gradient":""},"tablet":{"background-color":"var(--ast-global-color-4)","background-image":"","background-repeat":"repeat","background-position":"center center","background-size":"auto","background-attachment":"scroll","background-type":"","background-media":"","overlay-type":"","overlay-color":"","overlay-opacity":"","overlay-gradient":""},"mobile":{"background-color":"var(--ast-global-color-4)","background-image":"","background-repeat":"repeat","background-position":"center center","background-size":"auto","background-attachment":"scroll","background-type":"","background-media":"","overlay-type":"","overlay-color":"","overlay-opacity":"","overlay-gradient":""}}},"product_brand":[],"product_cat":[15],"product_tag":[],"class_list":{"0":"post-19745","1":"product","2":"type-product","3":"status-publish","4":"has-post-thumbnail","6":"product_cat-okategoriserade","7":"pa_41088_b6wqbeax-gron","8":"pa_41088_b6wqbeax-lila","9":"desktop-align-left","10":"tablet-align-left","11":"mobile-align-left","13":"first","14":"instock","15":"shipping-taxable","16":"purchasable","17":"product-type-variable"},"yoast_head":"<!-- This site is optimized with the Yoast SEO plugin v27.4 - https:\/\/yoast.com\/product\/yoast-seo-wordpress\/ -->\n<title>\u00d6rh\u00e4ngen med kristalldroppar - Senbera SE<\/title>\n<meta name=\"robots\" content=\"index, follow, max-snippet:-1, max-image-preview:large, max-video-preview:-1\" \/>\n<link rel=\"canonical\" href=\"https:\/\/senbera.com\/se\/produkt\/orhangen-med-kristalldroppar\/\" \/>\n<meta property=\"og:locale\" content=\"sv_SE\" \/>\n<meta property=\"og:type\" content=\"article\" \/>\n<meta property=\"og:title\" content=\"\u00d6rh\u00e4ngen med kristalldroppar - Senbera SE\" \/>\n<meta property=\"og:description\" content=\"Eleganta, l\u00e4tta och perfekta f\u00f6r alla dagar. Dessa vackra \u00f6rh\u00e4ngen \u00e4r gjorda av gl\u00e4nsande lila kristaller. De ser snygga ut, k\u00e4nns l\u00e4tta och ger glitter till alla kl\u00e4der.\" \/>\n<meta property=\"og:url\" content=\"https:\/\/senbera.com\/se\/produkt\/orhangen-med-kristalldroppar\/\" \/>\n<meta property=\"og:site_name\" content=\"Senbera SE\" \/>\n<meta property=\"article:modified_time\" content=\"2026-02-17T09:45:28+00:00\" \/>\n<meta property=\"og:image\" content=\"https:\/\/senbera.com\/se\/wp-content\/uploads\/sites\/20\/2026\/01\/zspaka1-1.jpg\" \/>\n\t<meta property=\"og:image:width\" content=\"800\" \/>\n\t<meta property=\"og:image:height\" content=\"800\" \/>\n\t<meta property=\"og:image:type\" content=\"image\/jpeg\" \/>\n<meta name=\"twitter:card\" content=\"summary_large_image\" \/>\n<meta name=\"twitter:label1\" content=\"Ber\u00e4knad l\u00e4stid\" \/>\n\t<meta name=\"twitter:data1\" content=\"2 minuter\" \/>\n<script type=\"application\/ld+json\" class=\"yoast-schema-graph\">{\"@context\":\"https:\\\/\\\/schema.org\",\"@graph\":[{\"@type\":\"WebPage\",\"@id\":\"https:\\\/\\\/senbera.com\\\/se\\\/produkt\\\/orhangen-med-kristalldroppar\\\/\",\"url\":\"https:\\\/\\\/senbera.com\\\/se\\\/produkt\\\/orhangen-med-kristalldroppar\\\/\",\"name\":\"\u00d6rh\u00e4ngen med kristalldroppar - Senbera SE\",\"isPartOf\":{\"@id\":\"https:\\\/\\\/senbera.com\\\/se\\\/#website\"},\"primaryImageOfPage\":{\"@id\":\"https:\\\/\\\/senbera.com\\\/se\\\/produkt\\\/orhangen-med-kristalldroppar\\\/#primaryimage\"},\"image\":{\"@id\":\"https:\\\/\\\/senbera.com\\\/se\\\/produkt\\\/orhangen-med-kristalldroppar\\\/#primaryimage\"},\"thumbnailUrl\":\"https:\\\/\\\/senbera.com\\\/se\\\/wp-content\\\/uploads\\\/sites\\\/20\\\/2026\\\/01\\\/zspaka1-1.jpg\",\"datePublished\":\"2026-01-15T17:51:58+00:00\",\"dateModified\":\"2026-02-17T09:45:28+00:00\",\"breadcrumb\":{\"@id\":\"https:\\\/\\\/senbera.com\\\/se\\\/produkt\\\/orhangen-med-kristalldroppar\\\/#breadcrumb\"},\"inLanguage\":\"sv-SE\",\"potentialAction\":[{\"@type\":\"ReadAction\",\"target\":[\"https:\\\/\\\/senbera.com\\\/se\\\/produkt\\\/orhangen-med-kristalldroppar\\\/\"]}]},{\"@type\":\"ImageObject\",\"inLanguage\":\"sv-SE\",\"@id\":\"https:\\\/\\\/senbera.com\\\/se\\\/produkt\\\/orhangen-med-kristalldroppar\\\/#primaryimage\",\"url\":\"https:\\\/\\\/senbera.com\\\/se\\\/wp-content\\\/uploads\\\/sites\\\/20\\\/2026\\\/01\\\/zspaka1-1.jpg\",\"contentUrl\":\"https:\\\/\\\/senbera.com\\\/se\\\/wp-content\\\/uploads\\\/sites\\\/20\\\/2026\\\/01\\\/zspaka1-1.jpg\",\"width\":800,\"height\":800},{\"@type\":\"BreadcrumbList\",\"@id\":\"https:\\\/\\\/senbera.com\\\/se\\\/produkt\\\/orhangen-med-kristalldroppar\\\/#breadcrumb\",\"itemListElement\":[{\"@type\":\"ListItem\",\"position\":1,\"name\":\"Home\",\"item\":\"https:\\\/\\\/senbera.com\\\/se\\\/\"},{\"@type\":\"ListItem\",\"position\":2,\"name\":\"Butik\",\"item\":\"https:\\\/\\\/senbera.com\\\/se\\\/butik\\\/\"},{\"@type\":\"ListItem\",\"position\":3,\"name\":\"\u00d6rh\u00e4ngen med kristalldroppar\"}]},{\"@type\":\"WebSite\",\"@id\":\"https:\\\/\\\/senbera.com\\\/se\\\/#website\",\"url\":\"https:\\\/\\\/senbera.com\\\/se\\\/\",\"name\":\"Senbera SE\",\"description\":\"\",\"publisher\":{\"@id\":\"https:\\\/\\\/senbera.com\\\/se\\\/#organization\"},\"potentialAction\":[{\"@type\":\"SearchAction\",\"target\":{\"@type\":\"EntryPoint\",\"urlTemplate\":\"https:\\\/\\\/senbera.com\\\/se\\\/?s={search_term_string}\"},\"query-input\":{\"@type\":\"PropertyValueSpecification\",\"valueRequired\":true,\"valueName\":\"search_term_string\"}}],\"inLanguage\":\"sv-SE\"},{\"@type\":\"Organization\",\"@id\":\"https:\\\/\\\/senbera.com\\\/se\\\/#organization\",\"name\":\"Mekulo\",\"url\":\"https:\\\/\\\/senbera.com\\\/se\\\/\",\"logo\":{\"@type\":\"ImageObject\",\"inLanguage\":\"sv-SE\",\"@id\":\"https:\\\/\\\/senbera.com\\\/se\\\/#\\\/schema\\\/logo\\\/image\\\/\",\"url\":\"https:\\\/\\\/senbera.com\\\/se\\\/wp-content\\\/uploads\\\/sites\\\/20\\\/2025\\\/12\\\/favicon_mekulo.png\",\"contentUrl\":\"https:\\\/\\\/senbera.com\\\/se\\\/wp-content\\\/uploads\\\/sites\\\/20\\\/2025\\\/12\\\/favicon_mekulo.png\",\"width\":50,\"height\":50,\"caption\":\"Mekulo\"},\"image\":{\"@id\":\"https:\\\/\\\/senbera.com\\\/se\\\/#\\\/schema\\\/logo\\\/image\\\/\"}}]}<\/script>\n<!-- \/ Yoast SEO plugin. -->","yoast_head_json":{"title":"\u00d6rh\u00e4ngen med kristalldroppar - Senbera SE","robots":{"index":"index","follow":"follow","max-snippet":"max-snippet:-1","max-image-preview":"max-image-preview:large","max-video-preview":"max-video-preview:-1"},"canonical":"https:\/\/senbera.com\/se\/produkt\/orhangen-med-kristalldroppar\/","og_locale":"sv_SE","og_type":"article","og_title":"\u00d6rh\u00e4ngen med kristalldroppar - Senbera SE","og_description":"Eleganta, l\u00e4tta och perfekta f\u00f6r alla dagar. Dessa vackra \u00f6rh\u00e4ngen \u00e4r gjorda av gl\u00e4nsande lila kristaller. De ser snygga ut, k\u00e4nns l\u00e4tta och ger glitter till alla kl\u00e4der.","og_url":"https:\/\/senbera.com\/se\/produkt\/orhangen-med-kristalldroppar\/","og_site_name":"Senbera SE","article_modified_time":"2026-02-17T09:45:28+00:00","og_image":[{"width":800,"height":800,"url":"https:\/\/senbera.com\/se\/wp-content\/uploads\/sites\/20\/2026\/01\/zspaka1-1.jpg","type":"image\/jpeg"}],"twitter_card":"summary_large_image","twitter_misc":{"Ber\u00e4knad l\u00e4stid":"2 minuter"},"schema":{"@context":"https:\/\/schema.org","@graph":[{"@type":"WebPage","@id":"https:\/\/senbera.com\/se\/produkt\/orhangen-med-kristalldroppar\/","url":"https:\/\/senbera.com\/se\/produkt\/orhangen-med-kristalldroppar\/","name":"\u00d6rh\u00e4ngen med kristalldroppar - Senbera SE","isPartOf":{"@id":"https:\/\/senbera.com\/se\/#website"},"primaryImageOfPage":{"@id":"https:\/\/senbera.com\/se\/produkt\/orhangen-med-kristalldroppar\/#primaryimage"},"image":{"@id":"https:\/\/senbera.com\/se\/produkt\/orhangen-med-kristalldroppar\/#primaryimage"},"thumbnailUrl":"https:\/\/senbera.com\/se\/wp-content\/uploads\/sites\/20\/2026\/01\/zspaka1-1.jpg","datePublished":"2026-01-15T17:51:58+00:00","dateModified":"2026-02-17T09:45:28+00:00","breadcrumb":{"@id":"https:\/\/senbera.com\/se\/produkt\/orhangen-med-kristalldroppar\/#breadcrumb"},"inLanguage":"sv-SE","potentialAction":[{"@type":"ReadAction","target":["https:\/\/senbera.com\/se\/produkt\/orhangen-med-kristalldroppar\/"]}]},{"@type":"ImageObject","inLanguage":"sv-SE","@id":"https:\/\/senbera.com\/se\/produkt\/orhangen-med-kristalldroppar\/#primaryimage","url":"https:\/\/senbera.com\/se\/wp-content\/uploads\/sites\/20\/2026\/01\/zspaka1-1.jpg","contentUrl":"https:\/\/senbera.com\/se\/wp-content\/uploads\/sites\/20\/2026\/01\/zspaka1-1.jpg","width":800,"height":800},{"@type":"BreadcrumbList","@id":"https:\/\/senbera.com\/se\/produkt\/orhangen-med-kristalldroppar\/#breadcrumb","itemListElement":[{"@type":"ListItem","position":1,"name":"Home","item":"https:\/\/senbera.com\/se\/"},{"@type":"ListItem","position":2,"name":"Butik","item":"https:\/\/senbera.com\/se\/butik\/"},{"@type":"ListItem","position":3,"name":"\u00d6rh\u00e4ngen med kristalldroppar"}]},{"@type":"WebSite","@id":"https:\/\/senbera.com\/se\/#website","url":"https:\/\/senbera.com\/se\/","name":"Senbera SE","description":"","publisher":{"@id":"https:\/\/senbera.com\/se\/#organization"},"potentialAction":[{"@type":"SearchAction","target":{"@type":"EntryPoint","urlTemplate":"https:\/\/senbera.com\/se\/?s={search_term_string}"},"query-input":{"@type":"PropertyValueSpecification","valueRequired":true,"valueName":"search_term_string"}}],"inLanguage":"sv-SE"},{"@type":"Organization","@id":"https:\/\/senbera.com\/se\/#organization","name":"Mekulo","url":"https:\/\/senbera.com\/se\/","logo":{"@type":"ImageObject","inLanguage":"sv-SE","@id":"https:\/\/senbera.com\/se\/#\/schema\/logo\/image\/","url":"https:\/\/senbera.com\/se\/wp-content\/uploads\/sites\/20\/2025\/12\/favicon_mekulo.png","contentUrl":"https:\/\/senbera.com\/se\/wp-content\/uploads\/sites\/20\/2025\/12\/favicon_mekulo.png","width":50,"height":50,"caption":"Mekulo"},"image":{"@id":"https:\/\/senbera.com\/se\/#\/schema\/logo\/image\/"}}]}},"_links":{"self":[{"href":"https:\/\/senbera.com\/se\/wp-json\/wp\/v2\/product\/19745","targetHints":{"allow":["GET"]}}],"collection":[{"href":"https:\/\/senbera.com\/se\/wp-json\/wp\/v2\/product"}],"about":[{"href":"https:\/\/senbera.com\/se\/wp-json\/wp\/v2\/types\/product"}],"replies":[{"embeddable":true,"href":"https:\/\/senbera.com\/se\/wp-json\/wp\/v2\/comments?post=19745"}],"wp:featuredmedia":[{"embeddable":true,"href":"https:\/\/senbera.com\/se\/wp-json\/wp\/v2\/media\/19741"}],"wp:attachment":[{"href":"https:\/\/senbera.com\/se\/wp-json\/wp\/v2\/media?parent=19745"}],"wp:term":[{"taxonomy":"product_brand","embeddable":true,"href":"https:\/\/senbera.com\/se\/wp-json\/wp\/v2\/product_brand?post=19745"},{"taxonomy":"product_cat","embeddable":true,"href":"https:\/\/senbera.com\/se\/wp-json\/wp\/v2\/product_cat?post=19745"},{"taxonomy":"product_tag","embeddable":true,"href":"https:\/\/senbera.com\/se\/wp-json\/wp\/v2\/product_tag?post=19745"}],"curies":[{"name":"wp","href":"https:\/\/api.w.org\/{rel}","templated":true}]}}