{"id":19661,"date":"2026-01-15T11:56:32","date_gmt":"2026-01-15T09:56:32","guid":{"rendered":"https:\/\/senbera.com\/se\/produkt\/trasselfri-laddningskabel\/"},"modified":"2026-02-17T11:16:50","modified_gmt":"2026-02-17T09:16:50","slug":"trasselfri-laddningskabel","status":"publish","type":"product","link":"https:\/\/senbera.com\/se\/produkt\/trasselfri-laddningskabel\/","title":{"rendered":"Trasselfri laddningskabel"},"content":{"rendered":"<p style=\"text-align: center;\"><strong>Snabb Str\u00f6m, Smidig K\u00e4nsla \ud83d\udcf1<\/strong><\/p>\n<h2 style=\"text-align: center;\"><img decoding=\"async\" class=\"size-full wp-image-16124 aligncenter\" src=\"https:\/\/keluvo.com\/template\/wp-content\/uploads\/sites\/5\/2025\/04\/descTrim-ezgif.com-video-to-webp-converter.webp\" alt=\"\" \/><\/h2>\n<h2 style=\"text-align: center;\">Huvudf\u00f6rdelar \ud83d\udcf1<\/h2>\n<p>Superstark<span style=\"font-weight: 400;\"> \u2013 B\u00f6js \u00f6ver 20 000 g\u00e5nger utan att g\u00e5 s\u00f6nder<\/span><span style=\"font-weight: 400;\"><br \/>\n<\/span><\/p>\n<p>Snabb laddning<span style=\"font-weight: 400;\"> \u2013 Laddar dina USB-C-enheter blixtsnabbt (upp till 120W)<\/span><span style=\"font-weight: 400;\"><br \/>\n<\/span><\/p>\n<p>Sl\u00e4t och mjuk<span style=\"font-weight: 400;\"> \u2013 K\u00e4nns bra med sin flytande silikonyta<\/span><span style=\"font-weight: 400;\"><br \/>\n<\/span><\/p>\n<p>Trasselfri<span style=\"font-weight: 400;\"> \u2013 H\u00e5lls snygg och prydlig med en l\u00e4derrem som ing\u00e5r<\/span><span style=\"font-weight: 400;\"><br \/>\n<\/span><\/p>\n<p>S\u00e4ker och smart<span style=\"font-weight: 400;\"> \u2013 Inbyggt chip skyddar din enhet under laddning<\/span><span style=\"font-weight: 400;\"><br \/>\n<\/span><\/p>\n<p>Snabb fil\u00f6verf\u00f6ring<span style=\"font-weight: 400;\"> \u2013 Flytta data med upp till 480mbps<\/span><\/p>\n<h2 style=\"text-align: center;\"><img decoding=\"async\" class=\"size-full wp-image-16126 aligncenter\" src=\"https:\/\/keluvo.com\/template\/wp-content\/uploads\/sites\/5\/2025\/04\/af025dcb-f27a-4d6e-98c1-3010d1d9de90.webp.webp\" alt=\"\" \/><\/h2>\n<h2 style=\"text-align: center;\">Produktspecifikationer \ud83d\udccc<\/h2>\n<ul>\n<li style=\"text-align: left;\">Effekt: 120W<\/li>\n<li style=\"text-align: left;\">Str\u00f6m: 6A<\/li>\n<li style=\"text-align: left;\">Gr\u00e4nssnitt: Android micro, USB<\/li>\n<li style=\"text-align: left;\">Storlek: 1m, 1.5m, 2m<\/li>\n<li style=\"text-align: left;\">Material: TPE aluminiumlegering<\/li>\n<\/ul>\n<h2 style=\"text-align: center;\">Paketet Inneh\u00e5ller \ud83d\udce6<\/h2>\n<ul>\n<li style=\"font-weight: 400;\"><span style=\"font-weight: 400;\">1x USB-C till Typ-C laddningskabel <\/span><span style=\"font-weight: 400;\"><br \/>\n<\/span><\/li>\n<li style=\"font-weight: 400;\"><span style=\"font-weight: 400;\">1x l\u00e4derkabel f\u00f6r enkel f\u00f6rvaring.<\/span><span style=\"font-weight: 400;\"><br \/>\n<\/span><\/li>\n<\/ul>\n","protected":false},"excerpt":{"rendered":"<p><span style=\"font-weight: 400;\">Den h\u00e4r laddningskabeln \u00e4r gjord f\u00f6r att h\u00e5lla, ladda snabbt och vara smidig och enkel att anv\u00e4nda. Inga trassel. Inga avbrott. Bara str\u00f6m n\u00e4r du beh\u00f6ver det.<\/span><\/p>\n","protected":false},"featured_media":19657,"comment_status":"open","ping_status":"closed","template":"","meta":{"site-sidebar-layout":"default","site-content-layout":"","ast-site-content-layout":"default","site-content-style":"default","site-sidebar-style":"default","ast-global-header-display":"","ast-banner-title-visibility":"","ast-main-header-display":"","ast-hfb-above-header-display":"","ast-hfb-below-header-display":"","ast-hfb-mobile-header-display":"","site-post-title":"","ast-breadcrumbs-content":"","ast-featured-img":"","footer-sml-layout":"","ast-disable-related-posts":"","theme-transparent-header-meta":"default","adv-header-id-meta":"","stick-header-meta":"","header-above-stick-meta":"","header-main-stick-meta":"","header-below-stick-meta":"","astra-migrate-meta-layouts":"set","ast-page-background-enabled":"default","ast-page-background-meta":{"desktop":{"background-color":"var(--ast-global-color-5)","background-image":"","background-repeat":"repeat","background-position":"center center","background-size":"auto","background-attachment":"scroll","background-type":"","background-media":"","overlay-type":"","overlay-color":"","overlay-opacity":"","overlay-gradient":""},"tablet":{"background-color":"","background-image":"","background-repeat":"repeat","background-position":"center center","background-size":"auto","background-attachment":"scroll","background-type":"","background-media":"","overlay-type":"","overlay-color":"","overlay-opacity":"","overlay-gradient":""},"mobile":{"background-color":"","background-image":"","background-repeat":"repeat","background-position":"center center","background-size":"auto","background-attachment":"scroll","background-type":"","background-media":"","overlay-type":"","overlay-color":"","overlay-opacity":"","overlay-gradient":""}},"ast-content-background-meta":{"desktop":{"background-color":"var(--ast-global-color-4)","background-image":"","background-repeat":"repeat","background-position":"center center","background-size":"auto","background-attachment":"scroll","background-type":"","background-media":"","overlay-type":"","overlay-color":"","overlay-opacity":"","overlay-gradient":""},"tablet":{"background-color":"var(--ast-global-color-4)","background-image":"","background-repeat":"repeat","background-position":"center center","background-size":"auto","background-attachment":"scroll","background-type":"","background-media":"","overlay-type":"","overlay-color":"","overlay-opacity":"","overlay-gradient":""},"mobile":{"background-color":"var(--ast-global-color-4)","background-image":"","background-repeat":"repeat","background-position":"center center","background-size":"auto","background-attachment":"scroll","background-type":"","background-media":"","overlay-type":"","overlay-color":"","overlay-opacity":"","overlay-gradient":""}}},"product_brand":[],"product_cat":[15],"product_tag":[],"class_list":{"0":"post-19661","1":"product","2":"type-product","3":"status-publish","4":"has-post-thumbnail","6":"product_cat-okategoriserade","7":"pa_18378_iou4ozhj-1-5m","8":"pa_18378_iou4ozhj-1m","9":"pa_18378_iou4ozhj-2m","10":"desktop-align-left","11":"tablet-align-left","12":"mobile-align-left","14":"first","15":"instock","16":"shipping-taxable","17":"purchasable","18":"product-type-variable"},"yoast_head":"<!-- This site is optimized with the Yoast SEO plugin v27.4 - https:\/\/yoast.com\/product\/yoast-seo-wordpress\/ -->\n<title>Trasselfri laddningskabel - Senbera SE<\/title>\n<meta name=\"robots\" content=\"index, follow, max-snippet:-1, max-image-preview:large, max-video-preview:-1\" \/>\n<link rel=\"canonical\" href=\"https:\/\/senbera.com\/se\/produkt\/trasselfri-laddningskabel\/\" \/>\n<meta property=\"og:locale\" content=\"sv_SE\" \/>\n<meta property=\"og:type\" content=\"article\" \/>\n<meta property=\"og:title\" content=\"Trasselfri laddningskabel - Senbera SE\" \/>\n<meta property=\"og:description\" content=\"Den h\u00e4r laddningskabeln \u00e4r gjord f\u00f6r att h\u00e5lla, ladda snabbt och vara smidig och enkel att anv\u00e4nda. Inga trassel. Inga avbrott. Bara str\u00f6m n\u00e4r du beh\u00f6ver det.\" \/>\n<meta property=\"og:url\" content=\"https:\/\/senbera.com\/se\/produkt\/trasselfri-laddningskabel\/\" \/>\n<meta property=\"og:site_name\" content=\"Senbera SE\" \/>\n<meta property=\"article:modified_time\" content=\"2026-02-17T09:16:50+00:00\" \/>\n<meta property=\"og:image\" content=\"https:\/\/senbera.com\/se\/wp-content\/uploads\/sites\/20\/2026\/01\/7m439sk-1.webp\" \/>\n\t<meta property=\"og:image:width\" content=\"800\" \/>\n\t<meta property=\"og:image:height\" content=\"800\" \/>\n\t<meta property=\"og:image:type\" content=\"image\/webp\" \/>\n<meta name=\"twitter:card\" content=\"summary_large_image\" \/>\n<meta name=\"twitter:label1\" content=\"Ber\u00e4knad l\u00e4stid\" \/>\n\t<meta name=\"twitter:data1\" content=\"2 minuter\" \/>\n<script type=\"application\/ld+json\" class=\"yoast-schema-graph\">{\"@context\":\"https:\\\/\\\/schema.org\",\"@graph\":[{\"@type\":\"WebPage\",\"@id\":\"https:\\\/\\\/senbera.com\\\/se\\\/produkt\\\/trasselfri-laddningskabel\\\/\",\"url\":\"https:\\\/\\\/senbera.com\\\/se\\\/produkt\\\/trasselfri-laddningskabel\\\/\",\"name\":\"Trasselfri laddningskabel - Senbera SE\",\"isPartOf\":{\"@id\":\"https:\\\/\\\/senbera.com\\\/se\\\/#website\"},\"primaryImageOfPage\":{\"@id\":\"https:\\\/\\\/senbera.com\\\/se\\\/produkt\\\/trasselfri-laddningskabel\\\/#primaryimage\"},\"image\":{\"@id\":\"https:\\\/\\\/senbera.com\\\/se\\\/produkt\\\/trasselfri-laddningskabel\\\/#primaryimage\"},\"thumbnailUrl\":\"https:\\\/\\\/senbera.com\\\/se\\\/wp-content\\\/uploads\\\/sites\\\/20\\\/2026\\\/01\\\/7m439sk-1.webp\",\"datePublished\":\"2026-01-15T09:56:32+00:00\",\"dateModified\":\"2026-02-17T09:16:50+00:00\",\"breadcrumb\":{\"@id\":\"https:\\\/\\\/senbera.com\\\/se\\\/produkt\\\/trasselfri-laddningskabel\\\/#breadcrumb\"},\"inLanguage\":\"sv-SE\",\"potentialAction\":[{\"@type\":\"ReadAction\",\"target\":[\"https:\\\/\\\/senbera.com\\\/se\\\/produkt\\\/trasselfri-laddningskabel\\\/\"]}]},{\"@type\":\"ImageObject\",\"inLanguage\":\"sv-SE\",\"@id\":\"https:\\\/\\\/senbera.com\\\/se\\\/produkt\\\/trasselfri-laddningskabel\\\/#primaryimage\",\"url\":\"https:\\\/\\\/senbera.com\\\/se\\\/wp-content\\\/uploads\\\/sites\\\/20\\\/2026\\\/01\\\/7m439sk-1.webp\",\"contentUrl\":\"https:\\\/\\\/senbera.com\\\/se\\\/wp-content\\\/uploads\\\/sites\\\/20\\\/2026\\\/01\\\/7m439sk-1.webp\",\"width\":800,\"height\":800},{\"@type\":\"BreadcrumbList\",\"@id\":\"https:\\\/\\\/senbera.com\\\/se\\\/produkt\\\/trasselfri-laddningskabel\\\/#breadcrumb\",\"itemListElement\":[{\"@type\":\"ListItem\",\"position\":1,\"name\":\"Home\",\"item\":\"https:\\\/\\\/senbera.com\\\/se\\\/\"},{\"@type\":\"ListItem\",\"position\":2,\"name\":\"Butik\",\"item\":\"https:\\\/\\\/senbera.com\\\/se\\\/butik\\\/\"},{\"@type\":\"ListItem\",\"position\":3,\"name\":\"Trasselfri laddningskabel\"}]},{\"@type\":\"WebSite\",\"@id\":\"https:\\\/\\\/senbera.com\\\/se\\\/#website\",\"url\":\"https:\\\/\\\/senbera.com\\\/se\\\/\",\"name\":\"Senbera SE\",\"description\":\"\",\"publisher\":{\"@id\":\"https:\\\/\\\/senbera.com\\\/se\\\/#organization\"},\"potentialAction\":[{\"@type\":\"SearchAction\",\"target\":{\"@type\":\"EntryPoint\",\"urlTemplate\":\"https:\\\/\\\/senbera.com\\\/se\\\/?s={search_term_string}\"},\"query-input\":{\"@type\":\"PropertyValueSpecification\",\"valueRequired\":true,\"valueName\":\"search_term_string\"}}],\"inLanguage\":\"sv-SE\"},{\"@type\":\"Organization\",\"@id\":\"https:\\\/\\\/senbera.com\\\/se\\\/#organization\",\"name\":\"Mekulo\",\"url\":\"https:\\\/\\\/senbera.com\\\/se\\\/\",\"logo\":{\"@type\":\"ImageObject\",\"inLanguage\":\"sv-SE\",\"@id\":\"https:\\\/\\\/senbera.com\\\/se\\\/#\\\/schema\\\/logo\\\/image\\\/\",\"url\":\"https:\\\/\\\/senbera.com\\\/se\\\/wp-content\\\/uploads\\\/sites\\\/20\\\/2025\\\/12\\\/favicon_mekulo.png\",\"contentUrl\":\"https:\\\/\\\/senbera.com\\\/se\\\/wp-content\\\/uploads\\\/sites\\\/20\\\/2025\\\/12\\\/favicon_mekulo.png\",\"width\":50,\"height\":50,\"caption\":\"Mekulo\"},\"image\":{\"@id\":\"https:\\\/\\\/senbera.com\\\/se\\\/#\\\/schema\\\/logo\\\/image\\\/\"}}]}<\/script>\n<!-- \/ Yoast SEO plugin. -->","yoast_head_json":{"title":"Trasselfri laddningskabel - Senbera SE","robots":{"index":"index","follow":"follow","max-snippet":"max-snippet:-1","max-image-preview":"max-image-preview:large","max-video-preview":"max-video-preview:-1"},"canonical":"https:\/\/senbera.com\/se\/produkt\/trasselfri-laddningskabel\/","og_locale":"sv_SE","og_type":"article","og_title":"Trasselfri laddningskabel - Senbera SE","og_description":"Den h\u00e4r laddningskabeln \u00e4r gjord f\u00f6r att h\u00e5lla, ladda snabbt och vara smidig och enkel att anv\u00e4nda. Inga trassel. Inga avbrott. Bara str\u00f6m n\u00e4r du beh\u00f6ver det.","og_url":"https:\/\/senbera.com\/se\/produkt\/trasselfri-laddningskabel\/","og_site_name":"Senbera SE","article_modified_time":"2026-02-17T09:16:50+00:00","og_image":[{"width":800,"height":800,"url":"https:\/\/senbera.com\/se\/wp-content\/uploads\/sites\/20\/2026\/01\/7m439sk-1.webp","type":"image\/webp"}],"twitter_card":"summary_large_image","twitter_misc":{"Ber\u00e4knad l\u00e4stid":"2 minuter"},"schema":{"@context":"https:\/\/schema.org","@graph":[{"@type":"WebPage","@id":"https:\/\/senbera.com\/se\/produkt\/trasselfri-laddningskabel\/","url":"https:\/\/senbera.com\/se\/produkt\/trasselfri-laddningskabel\/","name":"Trasselfri laddningskabel - Senbera SE","isPartOf":{"@id":"https:\/\/senbera.com\/se\/#website"},"primaryImageOfPage":{"@id":"https:\/\/senbera.com\/se\/produkt\/trasselfri-laddningskabel\/#primaryimage"},"image":{"@id":"https:\/\/senbera.com\/se\/produkt\/trasselfri-laddningskabel\/#primaryimage"},"thumbnailUrl":"https:\/\/senbera.com\/se\/wp-content\/uploads\/sites\/20\/2026\/01\/7m439sk-1.webp","datePublished":"2026-01-15T09:56:32+00:00","dateModified":"2026-02-17T09:16:50+00:00","breadcrumb":{"@id":"https:\/\/senbera.com\/se\/produkt\/trasselfri-laddningskabel\/#breadcrumb"},"inLanguage":"sv-SE","potentialAction":[{"@type":"ReadAction","target":["https:\/\/senbera.com\/se\/produkt\/trasselfri-laddningskabel\/"]}]},{"@type":"ImageObject","inLanguage":"sv-SE","@id":"https:\/\/senbera.com\/se\/produkt\/trasselfri-laddningskabel\/#primaryimage","url":"https:\/\/senbera.com\/se\/wp-content\/uploads\/sites\/20\/2026\/01\/7m439sk-1.webp","contentUrl":"https:\/\/senbera.com\/se\/wp-content\/uploads\/sites\/20\/2026\/01\/7m439sk-1.webp","width":800,"height":800},{"@type":"BreadcrumbList","@id":"https:\/\/senbera.com\/se\/produkt\/trasselfri-laddningskabel\/#breadcrumb","itemListElement":[{"@type":"ListItem","position":1,"name":"Home","item":"https:\/\/senbera.com\/se\/"},{"@type":"ListItem","position":2,"name":"Butik","item":"https:\/\/senbera.com\/se\/butik\/"},{"@type":"ListItem","position":3,"name":"Trasselfri laddningskabel"}]},{"@type":"WebSite","@id":"https:\/\/senbera.com\/se\/#website","url":"https:\/\/senbera.com\/se\/","name":"Senbera SE","description":"","publisher":{"@id":"https:\/\/senbera.com\/se\/#organization"},"potentialAction":[{"@type":"SearchAction","target":{"@type":"EntryPoint","urlTemplate":"https:\/\/senbera.com\/se\/?s={search_term_string}"},"query-input":{"@type":"PropertyValueSpecification","valueRequired":true,"valueName":"search_term_string"}}],"inLanguage":"sv-SE"},{"@type":"Organization","@id":"https:\/\/senbera.com\/se\/#organization","name":"Mekulo","url":"https:\/\/senbera.com\/se\/","logo":{"@type":"ImageObject","inLanguage":"sv-SE","@id":"https:\/\/senbera.com\/se\/#\/schema\/logo\/image\/","url":"https:\/\/senbera.com\/se\/wp-content\/uploads\/sites\/20\/2025\/12\/favicon_mekulo.png","contentUrl":"https:\/\/senbera.com\/se\/wp-content\/uploads\/sites\/20\/2025\/12\/favicon_mekulo.png","width":50,"height":50,"caption":"Mekulo"},"image":{"@id":"https:\/\/senbera.com\/se\/#\/schema\/logo\/image\/"}}]}},"_links":{"self":[{"href":"https:\/\/senbera.com\/se\/wp-json\/wp\/v2\/product\/19661","targetHints":{"allow":["GET"]}}],"collection":[{"href":"https:\/\/senbera.com\/se\/wp-json\/wp\/v2\/product"}],"about":[{"href":"https:\/\/senbera.com\/se\/wp-json\/wp\/v2\/types\/product"}],"replies":[{"embeddable":true,"href":"https:\/\/senbera.com\/se\/wp-json\/wp\/v2\/comments?post=19661"}],"wp:featuredmedia":[{"embeddable":true,"href":"https:\/\/senbera.com\/se\/wp-json\/wp\/v2\/media\/19657"}],"wp:attachment":[{"href":"https:\/\/senbera.com\/se\/wp-json\/wp\/v2\/media?parent=19661"}],"wp:term":[{"taxonomy":"product_brand","embeddable":true,"href":"https:\/\/senbera.com\/se\/wp-json\/wp\/v2\/product_brand?post=19661"},{"taxonomy":"product_cat","embeddable":true,"href":"https:\/\/senbera.com\/se\/wp-json\/wp\/v2\/product_cat?post=19661"},{"taxonomy":"product_tag","embeddable":true,"href":"https:\/\/senbera.com\/se\/wp-json\/wp\/v2\/product_tag?post=19661"}],"curies":[{"name":"wp","href":"https:\/\/api.w.org\/{rel}","templated":true}]}}