{"id":19613,"date":"2026-01-15T11:52:49","date_gmt":"2026-01-15T09:52:49","guid":{"rendered":"https:\/\/senbera.com\/se\/produkt\/toalettstolstraning\/"},"modified":"2026-02-17T11:10:25","modified_gmt":"2026-02-17T09:10:25","slug":"toalettstolstraning","status":"publish","type":"product","link":"https:\/\/senbera.com\/se\/produkt\/toalettstolstraning\/","title":{"rendered":"Toalettstolstr\u00e4ning"},"content":{"rendered":"<p style=\"text-align: center;\"><strong>\ud83d\udebd G\u00f6r Det Enkelt Att G\u00e5 P\u00e5 Pottan \u2013 Med En Toalettsits! \ud83d\udc76\ud83c\udffb<\/strong><\/p>\n<p><img decoding=\"async\" class=\"size-full wp-image-15775 aligncenter\" src=\"https:\/\/keluvo.com\/template\/wp-content\/uploads\/sites\/5\/2025\/04\/toiletseat-ezgif.com-video-to-webp-converter.webp\" alt=\"\" \/><\/p>\n<h2 style=\"text-align: center;\">\ud83d\udc76 Huvudf\u00f6rdelar<\/h2>\n<p><b><\/b><span style=\"font-weight: 400;\"> \u2705 <\/span>S\u00e4ker och robust<span style=\"font-weight: 400;\"> \u2013 H\u00e5ller upp till 50 kg och h\u00e5lls p\u00e5 plats med anti<\/span><\/p>\n<p><span style=\"font-weight: 400;\"> \u2705 <\/span>Hj\u00e4lper barn att g\u00e5 sj\u00e4lva<span style=\"font-weight: 400;\"> \u2013 Ditt barn kan kl\u00e4ttra upp och ner utan hj\u00e4lp<\/span><\/p>\n<p><span style=\"font-weight: 400;\"> \u2705 <\/span>Bekv\u00e4m sits<span style=\"font-weight: 400;\"> \u2013 Mjuk dyna som \u00e4r l\u00e4tt att ta bort och reng\u00f6ra<\/span><\/p>\n<p><span style=\"font-weight: 400;\"> \u2705 <\/span>V\u00e4xer med ditt barn<span style=\"font-weight: 400;\"> \u2013 Stege med justerbar h\u00f6jd<\/span><\/p>\n<p><span style=\"font-weight: 400;\"> \u2705 <\/span>H\u00e5ller rent och torrt<span style=\"font-weight: 400;\"> \u2013 St\u00e4nkskydd h\u00e5ller ordning<\/span><\/p>\n<p><img decoding=\"async\" class=\"size-full wp-image-15778 aligncenter\" src=\"https:\/\/keluvo.com\/template\/wp-content\/uploads\/sites\/5\/2025\/04\/Sd0a7eb8d00034606a62a5563e09e0b82z.jpg_960x960q75.jpg_.png\" alt=\"\" \/><\/p>\n<h2 style=\"text-align: center;\">\ud83d\udebdEtt S\u00e4kert S\u00e4tt Att L\u00e4ra Sig G\u00e5 P\u00e5 Toaletten<\/h2>\n<p style=\"text-align: center;\"><span style=\"font-weight: 400;\">Ditt barn f\u00e5r ett roligt och s\u00e4kert s\u00e4tt att l\u00e4ra sig g\u00e5 p\u00e5 toaletten! Den h\u00e4r s\u00f6ta pottr\u00e4ningen fungerar f\u00f6r b\u00e5de pojkar och flickor och passar de flesta toaletter (runda och ovala former). Den kan enkelt f\u00e4llas ihop n\u00e4r den inte anv\u00e4nds och hj\u00e4lper ditt barn att bli mer sj\u00e4lvst\u00e4ndigt varje dag.<\/span><\/p>\n<p style=\"text-align: center;\">Storlek: 44 x 34 x 34 cm<\/p>\n<h2 style=\"text-align: center;\">\ud83d\udccc Hur Man Anv\u00e4nder<\/h2>\n<ol>\n<li style=\"font-weight: 400;\"><span style=\"font-weight: 400;\">Placera pottan p\u00e5 toaletten.<\/span><\/li>\n<li style=\"font-weight: 400;\"><span style=\"font-weight: 400;\">Justera stegens h\u00f6jd om det beh\u00f6vs.<\/span><\/li>\n<li style=\"font-weight: 400;\"><span style=\"font-weight: 400;\">L\u00e5t ditt barn kl\u00e4ttra upp och sitta bekv\u00e4mt.<\/span><\/li>\n<li style=\"font-weight: 400;\"><span style=\"font-weight: 400;\">Vik ihop och f\u00f6rvara den n\u00e4r den inte anv\u00e4nds.<\/span><\/li>\n<\/ol>\n<h2 style=\"text-align: center;\">\ud83d\udce6 Paketet Inneh\u00e5ller<\/h2>\n<ul>\n<li style=\"font-weight: 400;\"><span style=\"font-weight: 400;\">1x hopf\u00e4llbar toalettstol med stege<\/span><\/li>\n<li style=\"font-weight: 400;\"><span style=\"font-weight: 400;\">1x mjuk och avtagbar dyna<\/span><\/li>\n<li style=\"font-weight: 400;\"><span style=\"font-weight: 400;\">1x inbyggt st\u00e4nkskydd.<\/span><\/li>\n<\/ul>\n","protected":false},"excerpt":{"rendered":"<p><span style=\"font-weight: 400;\">This pottstol hj\u00e4lper ditt barn att k\u00e4nna sig trygg och glad n\u00e4r det l\u00e4r sig att anv\u00e4nda toaletten. Den har en mjuk sits, starka steg och glider inte. Att kl\u00e4ttra upp och s\u00e4tta sig ner \u00e4r enkelt och s\u00e4kert!<\/span><\/p>\n","protected":false},"featured_media":19609,"comment_status":"open","ping_status":"closed","template":"","meta":{"site-sidebar-layout":"default","site-content-layout":"","ast-site-content-layout":"default","site-content-style":"default","site-sidebar-style":"default","ast-global-header-display":"","ast-banner-title-visibility":"","ast-main-header-display":"","ast-hfb-above-header-display":"","ast-hfb-below-header-display":"","ast-hfb-mobile-header-display":"","site-post-title":"","ast-breadcrumbs-content":"","ast-featured-img":"","footer-sml-layout":"","ast-disable-related-posts":"","theme-transparent-header-meta":"default","adv-header-id-meta":"","stick-header-meta":"","header-above-stick-meta":"","header-main-stick-meta":"","header-below-stick-meta":"","astra-migrate-meta-layouts":"set","ast-page-background-enabled":"default","ast-page-background-meta":{"desktop":{"background-color":"var(--ast-global-color-5)","background-image":"","background-repeat":"repeat","background-position":"center center","background-size":"auto","background-attachment":"scroll","background-type":"","background-media":"","overlay-type":"","overlay-color":"","overlay-opacity":"","overlay-gradient":""},"tablet":{"background-color":"","background-image":"","background-repeat":"repeat","background-position":"center center","background-size":"auto","background-attachment":"scroll","background-type":"","background-media":"","overlay-type":"","overlay-color":"","overlay-opacity":"","overlay-gradient":""},"mobile":{"background-color":"","background-image":"","background-repeat":"repeat","background-position":"center center","background-size":"auto","background-attachment":"scroll","background-type":"","background-media":"","overlay-type":"","overlay-color":"","overlay-opacity":"","overlay-gradient":""}},"ast-content-background-meta":{"desktop":{"background-color":"var(--ast-global-color-4)","background-image":"","background-repeat":"repeat","background-position":"center center","background-size":"auto","background-attachment":"scroll","background-type":"","background-media":"","overlay-type":"","overlay-color":"","overlay-opacity":"","overlay-gradient":""},"tablet":{"background-color":"var(--ast-global-color-4)","background-image":"","background-repeat":"repeat","background-position":"center center","background-size":"auto","background-attachment":"scroll","background-type":"","background-media":"","overlay-type":"","overlay-color":"","overlay-opacity":"","overlay-gradient":""},"mobile":{"background-color":"var(--ast-global-color-4)","background-image":"","background-repeat":"repeat","background-position":"center center","background-size":"auto","background-attachment":"scroll","background-type":"","background-media":"","overlay-type":"","overlay-color":"","overlay-opacity":"","overlay-gradient":""}}},"product_brand":[],"product_cat":[15],"product_tag":[],"class_list":{"0":"post-19613","1":"product","2":"type-product","3":"status-publish","4":"has-post-thumbnail","6":"product_cat-okategoriserade","7":"pa_16299_1hn0667c-bla","8":"pa_16299_1hn0667c-rosa","9":"pa_16299_1hn0667c-vit","10":"desktop-align-left","11":"tablet-align-left","12":"mobile-align-left","14":"first","15":"instock","16":"shipping-taxable","17":"purchasable","18":"product-type-variable"},"yoast_head":"<!-- This site is optimized with the Yoast SEO plugin v27.4 - https:\/\/yoast.com\/product\/yoast-seo-wordpress\/ -->\n<title>Toalettstolstr\u00e4ning - Senbera SE<\/title>\n<meta name=\"robots\" content=\"index, follow, max-snippet:-1, max-image-preview:large, max-video-preview:-1\" \/>\n<link rel=\"canonical\" href=\"https:\/\/senbera.com\/se\/produkt\/toalettstolstraning\/\" \/>\n<meta property=\"og:locale\" content=\"sv_SE\" \/>\n<meta property=\"og:type\" content=\"article\" \/>\n<meta property=\"og:title\" content=\"Toalettstolstr\u00e4ning - Senbera SE\" \/>\n<meta property=\"og:description\" content=\"This pottstol hj\u00e4lper ditt barn att k\u00e4nna sig trygg och glad n\u00e4r det l\u00e4r sig att anv\u00e4nda toaletten. Den har en mjuk sits, starka steg och glider inte. Att kl\u00e4ttra upp och s\u00e4tta sig ner \u00e4r enkelt och s\u00e4kert!\" \/>\n<meta property=\"og:url\" content=\"https:\/\/senbera.com\/se\/produkt\/toalettstolstraning\/\" \/>\n<meta property=\"og:site_name\" content=\"Senbera SE\" \/>\n<meta property=\"article:modified_time\" content=\"2026-02-17T09:10:25+00:00\" \/>\n<meta property=\"og:image\" content=\"https:\/\/senbera.com\/se\/wp-content\/uploads\/sites\/20\/2026\/01\/3dg6xky-1.png\" \/>\n\t<meta property=\"og:image:width\" content=\"800\" \/>\n\t<meta property=\"og:image:height\" content=\"800\" \/>\n\t<meta property=\"og:image:type\" content=\"image\/png\" \/>\n<meta name=\"twitter:card\" content=\"summary_large_image\" \/>\n<meta name=\"twitter:label1\" content=\"Ber\u00e4knad l\u00e4stid\" \/>\n\t<meta name=\"twitter:data1\" content=\"2 minuter\" \/>\n<script type=\"application\/ld+json\" class=\"yoast-schema-graph\">{\"@context\":\"https:\\\/\\\/schema.org\",\"@graph\":[{\"@type\":\"WebPage\",\"@id\":\"https:\\\/\\\/senbera.com\\\/se\\\/produkt\\\/toalettstolstraning\\\/\",\"url\":\"https:\\\/\\\/senbera.com\\\/se\\\/produkt\\\/toalettstolstraning\\\/\",\"name\":\"Toalettstolstr\u00e4ning - Senbera SE\",\"isPartOf\":{\"@id\":\"https:\\\/\\\/senbera.com\\\/se\\\/#website\"},\"primaryImageOfPage\":{\"@id\":\"https:\\\/\\\/senbera.com\\\/se\\\/produkt\\\/toalettstolstraning\\\/#primaryimage\"},\"image\":{\"@id\":\"https:\\\/\\\/senbera.com\\\/se\\\/produkt\\\/toalettstolstraning\\\/#primaryimage\"},\"thumbnailUrl\":\"https:\\\/\\\/senbera.com\\\/se\\\/wp-content\\\/uploads\\\/sites\\\/20\\\/2026\\\/01\\\/3dg6xky-1.png\",\"datePublished\":\"2026-01-15T09:52:49+00:00\",\"dateModified\":\"2026-02-17T09:10:25+00:00\",\"breadcrumb\":{\"@id\":\"https:\\\/\\\/senbera.com\\\/se\\\/produkt\\\/toalettstolstraning\\\/#breadcrumb\"},\"inLanguage\":\"sv-SE\",\"potentialAction\":[{\"@type\":\"ReadAction\",\"target\":[\"https:\\\/\\\/senbera.com\\\/se\\\/produkt\\\/toalettstolstraning\\\/\"]}]},{\"@type\":\"ImageObject\",\"inLanguage\":\"sv-SE\",\"@id\":\"https:\\\/\\\/senbera.com\\\/se\\\/produkt\\\/toalettstolstraning\\\/#primaryimage\",\"url\":\"https:\\\/\\\/senbera.com\\\/se\\\/wp-content\\\/uploads\\\/sites\\\/20\\\/2026\\\/01\\\/3dg6xky-1.png\",\"contentUrl\":\"https:\\\/\\\/senbera.com\\\/se\\\/wp-content\\\/uploads\\\/sites\\\/20\\\/2026\\\/01\\\/3dg6xky-1.png\",\"width\":800,\"height\":800},{\"@type\":\"BreadcrumbList\",\"@id\":\"https:\\\/\\\/senbera.com\\\/se\\\/produkt\\\/toalettstolstraning\\\/#breadcrumb\",\"itemListElement\":[{\"@type\":\"ListItem\",\"position\":1,\"name\":\"Home\",\"item\":\"https:\\\/\\\/senbera.com\\\/se\\\/\"},{\"@type\":\"ListItem\",\"position\":2,\"name\":\"Butik\",\"item\":\"https:\\\/\\\/senbera.com\\\/se\\\/butik\\\/\"},{\"@type\":\"ListItem\",\"position\":3,\"name\":\"Toalettstolstr\u00e4ning\"}]},{\"@type\":\"WebSite\",\"@id\":\"https:\\\/\\\/senbera.com\\\/se\\\/#website\",\"url\":\"https:\\\/\\\/senbera.com\\\/se\\\/\",\"name\":\"Senbera SE\",\"description\":\"\",\"publisher\":{\"@id\":\"https:\\\/\\\/senbera.com\\\/se\\\/#organization\"},\"potentialAction\":[{\"@type\":\"SearchAction\",\"target\":{\"@type\":\"EntryPoint\",\"urlTemplate\":\"https:\\\/\\\/senbera.com\\\/se\\\/?s={search_term_string}\"},\"query-input\":{\"@type\":\"PropertyValueSpecification\",\"valueRequired\":true,\"valueName\":\"search_term_string\"}}],\"inLanguage\":\"sv-SE\"},{\"@type\":\"Organization\",\"@id\":\"https:\\\/\\\/senbera.com\\\/se\\\/#organization\",\"name\":\"Mekulo\",\"url\":\"https:\\\/\\\/senbera.com\\\/se\\\/\",\"logo\":{\"@type\":\"ImageObject\",\"inLanguage\":\"sv-SE\",\"@id\":\"https:\\\/\\\/senbera.com\\\/se\\\/#\\\/schema\\\/logo\\\/image\\\/\",\"url\":\"https:\\\/\\\/senbera.com\\\/se\\\/wp-content\\\/uploads\\\/sites\\\/20\\\/2025\\\/12\\\/favicon_mekulo.png\",\"contentUrl\":\"https:\\\/\\\/senbera.com\\\/se\\\/wp-content\\\/uploads\\\/sites\\\/20\\\/2025\\\/12\\\/favicon_mekulo.png\",\"width\":50,\"height\":50,\"caption\":\"Mekulo\"},\"image\":{\"@id\":\"https:\\\/\\\/senbera.com\\\/se\\\/#\\\/schema\\\/logo\\\/image\\\/\"}}]}<\/script>\n<!-- \/ Yoast SEO plugin. -->","yoast_head_json":{"title":"Toalettstolstr\u00e4ning - Senbera SE","robots":{"index":"index","follow":"follow","max-snippet":"max-snippet:-1","max-image-preview":"max-image-preview:large","max-video-preview":"max-video-preview:-1"},"canonical":"https:\/\/senbera.com\/se\/produkt\/toalettstolstraning\/","og_locale":"sv_SE","og_type":"article","og_title":"Toalettstolstr\u00e4ning - Senbera SE","og_description":"This pottstol hj\u00e4lper ditt barn att k\u00e4nna sig trygg och glad n\u00e4r det l\u00e4r sig att anv\u00e4nda toaletten. Den har en mjuk sits, starka steg och glider inte. Att kl\u00e4ttra upp och s\u00e4tta sig ner \u00e4r enkelt och s\u00e4kert!","og_url":"https:\/\/senbera.com\/se\/produkt\/toalettstolstraning\/","og_site_name":"Senbera SE","article_modified_time":"2026-02-17T09:10:25+00:00","og_image":[{"width":800,"height":800,"url":"https:\/\/senbera.com\/se\/wp-content\/uploads\/sites\/20\/2026\/01\/3dg6xky-1.png","type":"image\/png"}],"twitter_card":"summary_large_image","twitter_misc":{"Ber\u00e4knad l\u00e4stid":"2 minuter"},"schema":{"@context":"https:\/\/schema.org","@graph":[{"@type":"WebPage","@id":"https:\/\/senbera.com\/se\/produkt\/toalettstolstraning\/","url":"https:\/\/senbera.com\/se\/produkt\/toalettstolstraning\/","name":"Toalettstolstr\u00e4ning - Senbera SE","isPartOf":{"@id":"https:\/\/senbera.com\/se\/#website"},"primaryImageOfPage":{"@id":"https:\/\/senbera.com\/se\/produkt\/toalettstolstraning\/#primaryimage"},"image":{"@id":"https:\/\/senbera.com\/se\/produkt\/toalettstolstraning\/#primaryimage"},"thumbnailUrl":"https:\/\/senbera.com\/se\/wp-content\/uploads\/sites\/20\/2026\/01\/3dg6xky-1.png","datePublished":"2026-01-15T09:52:49+00:00","dateModified":"2026-02-17T09:10:25+00:00","breadcrumb":{"@id":"https:\/\/senbera.com\/se\/produkt\/toalettstolstraning\/#breadcrumb"},"inLanguage":"sv-SE","potentialAction":[{"@type":"ReadAction","target":["https:\/\/senbera.com\/se\/produkt\/toalettstolstraning\/"]}]},{"@type":"ImageObject","inLanguage":"sv-SE","@id":"https:\/\/senbera.com\/se\/produkt\/toalettstolstraning\/#primaryimage","url":"https:\/\/senbera.com\/se\/wp-content\/uploads\/sites\/20\/2026\/01\/3dg6xky-1.png","contentUrl":"https:\/\/senbera.com\/se\/wp-content\/uploads\/sites\/20\/2026\/01\/3dg6xky-1.png","width":800,"height":800},{"@type":"BreadcrumbList","@id":"https:\/\/senbera.com\/se\/produkt\/toalettstolstraning\/#breadcrumb","itemListElement":[{"@type":"ListItem","position":1,"name":"Home","item":"https:\/\/senbera.com\/se\/"},{"@type":"ListItem","position":2,"name":"Butik","item":"https:\/\/senbera.com\/se\/butik\/"},{"@type":"ListItem","position":3,"name":"Toalettstolstr\u00e4ning"}]},{"@type":"WebSite","@id":"https:\/\/senbera.com\/se\/#website","url":"https:\/\/senbera.com\/se\/","name":"Senbera SE","description":"","publisher":{"@id":"https:\/\/senbera.com\/se\/#organization"},"potentialAction":[{"@type":"SearchAction","target":{"@type":"EntryPoint","urlTemplate":"https:\/\/senbera.com\/se\/?s={search_term_string}"},"query-input":{"@type":"PropertyValueSpecification","valueRequired":true,"valueName":"search_term_string"}}],"inLanguage":"sv-SE"},{"@type":"Organization","@id":"https:\/\/senbera.com\/se\/#organization","name":"Mekulo","url":"https:\/\/senbera.com\/se\/","logo":{"@type":"ImageObject","inLanguage":"sv-SE","@id":"https:\/\/senbera.com\/se\/#\/schema\/logo\/image\/","url":"https:\/\/senbera.com\/se\/wp-content\/uploads\/sites\/20\/2025\/12\/favicon_mekulo.png","contentUrl":"https:\/\/senbera.com\/se\/wp-content\/uploads\/sites\/20\/2025\/12\/favicon_mekulo.png","width":50,"height":50,"caption":"Mekulo"},"image":{"@id":"https:\/\/senbera.com\/se\/#\/schema\/logo\/image\/"}}]}},"_links":{"self":[{"href":"https:\/\/senbera.com\/se\/wp-json\/wp\/v2\/product\/19613","targetHints":{"allow":["GET"]}}],"collection":[{"href":"https:\/\/senbera.com\/se\/wp-json\/wp\/v2\/product"}],"about":[{"href":"https:\/\/senbera.com\/se\/wp-json\/wp\/v2\/types\/product"}],"replies":[{"embeddable":true,"href":"https:\/\/senbera.com\/se\/wp-json\/wp\/v2\/comments?post=19613"}],"wp:featuredmedia":[{"embeddable":true,"href":"https:\/\/senbera.com\/se\/wp-json\/wp\/v2\/media\/19609"}],"wp:attachment":[{"href":"https:\/\/senbera.com\/se\/wp-json\/wp\/v2\/media?parent=19613"}],"wp:term":[{"taxonomy":"product_brand","embeddable":true,"href":"https:\/\/senbera.com\/se\/wp-json\/wp\/v2\/product_brand?post=19613"},{"taxonomy":"product_cat","embeddable":true,"href":"https:\/\/senbera.com\/se\/wp-json\/wp\/v2\/product_cat?post=19613"},{"taxonomy":"product_tag","embeddable":true,"href":"https:\/\/senbera.com\/se\/wp-json\/wp\/v2\/product_tag?post=19613"}],"curies":[{"name":"wp","href":"https:\/\/api.w.org\/{rel}","templated":true}]}}