{"id":19445,"date":"2026-01-15T08:26:40","date_gmt":"2026-01-15T06:26:40","guid":{"rendered":"https:\/\/senbera.com\/se\/produkt\/handvaska-och-mobilskal\/"},"modified":"2026-01-15T08:31:15","modified_gmt":"2026-01-15T06:31:15","slug":"handvaska-och-mobilskal","status":"publish","type":"product","link":"https:\/\/senbera.com\/se\/produkt\/handvaska-och-mobilskal\/","title":{"rendered":"Handv\u00e4ska och mobilskal"},"content":{"rendered":"<h2 style=\"text-align: center\" data-start=\"0\" data-end=\"53\">\ud83d\udc5c Stil och funktionalitet<\/h2>\n<p class=\"\" style=\"text-align: center\" data-start=\"55\" data-end=\"174\"><span class=\"relative -mx-px my-[-0.2rem] rounded px-px py-[0.2rem] transition-colors duration-100 ease-in-out\">F\u00f6rb\u00e4ttra dina dagliga n\u00f6dv\u00e4ndigheter med v\u00e5rt handv\u00e4ska-telefonfodral, en perfekt blandning av mode och praktiska egenskaper.<\/span> <span class=\"relative -mx-px my-[-0.2rem] rounded px-px py-[0.2rem] transition-colors duration-100 ease-in-out\">Designad f\u00f6r dem som v\u00e4rdes\u00e4tter bekv\u00e4mlighet utan att kompromissa med stilen, s\u00e4kerst\u00e4ller denna accessoar att din telefon alltid \u00e4r inom r\u00e4ckh\u00e5ll och skyddad.<\/span><\/p>\n<p data-start=\"55\" data-end=\"174\"><img decoding=\"async\" class=\"size-full wp-image-14312 aligncenter\" src=\"https:\/\/keluvo.com\/template\/wp-content\/uploads\/sites\/5\/2025\/04\/variant-image-6.jpeg\" alt=\"\" \/><\/p>\n<h2 style=\"text-align: center\" data-start=\"181\" data-end=\"204\">\ud83c\udf1f Viktiga f\u00f6rdelar<\/h2>\n<p class=\"\" data-start=\"208\" data-end=\"312\">All-in-one design: <span class=\"relative -mx-px my-[-0.2rem] rounded px-px py-[0.2rem] transition-colors duration-100 ease-in-out\">Kombinerar anv\u00e4ndbarheten hos en handv\u00e4ska med skyddet hos ett mobilskal, vilket minskar behovet av att b\u00e4ra flera f\u00f6rem\u00e5l<\/span>\u200b<\/p>\n<p class=\"\" data-start=\"315\" data-end=\"423\">H\u00f6gkvalitativt material: <span class=\"relative -mx-px my-[-0.2rem] rounded px-px py-[0.2rem] transition-colors duration-100 ease-in-out\">Tillverkad av h\u00e5llbara material som ger en mjuk touch och l\u00e5ngvarig anv\u00e4ndning<\/span>\u200b<\/p>\n<p class=\"\" data-start=\"426\" data-end=\"523\">S\u00e4ker passform: <span class=\"relative -mx-px my-[-0.2rem] rounded px-px py-[0.2rem] transition-colors duration-100 ease-in-out\">Skr\u00e4ddarsytt f\u00f6r att passa din telefon perfekt och skydda den fr\u00e5n damm, repor och st\u00f6tar<\/span>\u200b<\/p>\n<p class=\"\" data-start=\"526\" data-end=\"631\">Enkelt underh\u00e5ll: <span class=\"relative -mx-px my-[-0.2rem] rounded px-px py-[0.2rem] transition-colors duration-100 ease-in-out\">Fodralet \u00e4r tv\u00e4ttbart, vilket s\u00e4kerst\u00e4ller att det f\u00f6rblir rent och fr\u00e4scht \u00f6ver tid<\/span><\/p>\n<p><img decoding=\"async\" class=\"size-full wp-image-14309 aligncenter\" src=\"https:\/\/keluvo.com\/template\/wp-content\/uploads\/sites\/5\/2025\/04\/main-image-5-1.jpeg\" alt=\"\" \/><\/p>\n<h2 style=\"text-align: center\" data-start=\"55\" data-end=\"174\">\ud83d\udccf Produktspecifikationer<\/h2>\n<ul>\n<li class=\"\" data-start=\"673\" data-end=\"774\">\n<p class=\"\" data-start=\"675\" data-end=\"774\">Material: <span class=\"relative -mx-px my-[-0.2rem] rounded px-px py-[0.2rem] transition-colors duration-100 ease-in-out\">Material av h\u00f6gsta kvalitet<\/span>\u200b<\/p>\n<\/li>\n<li class=\"\" data-start=\"775\" data-end=\"874\">\n<p class=\"\" data-start=\"777\" data-end=\"874\">Design: <span class=\"relative -mx-px my-[-0.2rem] rounded px-px py-[0.2rem] transition-colors duration-100 ease-in-out\">Trendig handv\u00e4skstil med enkel snap-on\/snap-off-funktion<\/span>\u200b<\/p>\n<\/li>\n<li class=\"\" data-start=\"875\" data-end=\"978\">\n<p class=\"\" data-start=\"877\" data-end=\"978\">Skydd: <span class=\"relative -mx-px my-[-0.2rem] rounded px-px py-[0.2rem] transition-colors duration-100 ease-in-out\">Omfattande skydd mot damm, repor och mindre st\u00f6tar<\/span>\u200b<\/p>\n<\/li>\n<li class=\"\" data-start=\"979\" data-end=\"1083\">\n<p class=\"\" data-start=\"981\" data-end=\"1083\">Underh\u00e5ll: <span class=\"relative -mx-px my-[-0.2rem] rounded px-px py-[0.2rem] transition-colors duration-100 ease-in-out\">H\u00e5llbart och tv\u00e4ttbart f\u00f6r l\u00e5ngvarig anv\u00e4ndning<\/span><\/p>\n<\/li>\n<\/ul>\n<h2 style=\"text-align: center\">\ud83d\udce6 F\u00f6rpackningen inneh\u00e5ller<\/h2>\n<ul>\n<li>1x handv\u00e4skfodral.<\/li>\n<\/ul>\n","protected":false},"excerpt":{"rendered":"<p>\ud83d\udc5c Stil och funktionalitet F\u00f6rb\u00e4ttra dina dagliga n\u00f6dv\u00e4ndigheter med v\u00e5rt handv\u00e4ska-telefonfodral, en perfekt blandning av mode och praktiska egenskaper. Designad [&hellip;]<\/p>\n","protected":false},"featured_media":19440,"comment_status":"open","ping_status":"closed","template":"","meta":{"site-sidebar-layout":"default","site-content-layout":"","ast-site-content-layout":"default","site-content-style":"default","site-sidebar-style":"default","ast-global-header-display":"","ast-banner-title-visibility":"","ast-main-header-display":"","ast-hfb-above-header-display":"","ast-hfb-below-header-display":"","ast-hfb-mobile-header-display":"","site-post-title":"","ast-breadcrumbs-content":"","ast-featured-img":"","footer-sml-layout":"","ast-disable-related-posts":"","theme-transparent-header-meta":"default","adv-header-id-meta":"","stick-header-meta":"","header-above-stick-meta":"","header-main-stick-meta":"","header-below-stick-meta":"","astra-migrate-meta-layouts":"set","ast-page-background-enabled":"default","ast-page-background-meta":{"desktop":{"background-color":"var(--ast-global-color-5)","background-image":"","background-repeat":"repeat","background-position":"center center","background-size":"auto","background-attachment":"scroll","background-type":"","background-media":"","overlay-type":"","overlay-color":"","overlay-opacity":"","overlay-gradient":""},"tablet":{"background-color":"","background-image":"","background-repeat":"repeat","background-position":"center center","background-size":"auto","background-attachment":"scroll","background-type":"","background-media":"","overlay-type":"","overlay-color":"","overlay-opacity":"","overlay-gradient":""},"mobile":{"background-color":"","background-image":"","background-repeat":"repeat","background-position":"center center","background-size":"auto","background-attachment":"scroll","background-type":"","background-media":"","overlay-type":"","overlay-color":"","overlay-opacity":"","overlay-gradient":""}},"ast-content-background-meta":{"desktop":{"background-color":"var(--ast-global-color-4)","background-image":"","background-repeat":"repeat","background-position":"center center","background-size":"auto","background-attachment":"scroll","background-type":"","background-media":"","overlay-type":"","overlay-color":"","overlay-opacity":"","overlay-gradient":""},"tablet":{"background-color":"var(--ast-global-color-4)","background-image":"","background-repeat":"repeat","background-position":"center center","background-size":"auto","background-attachment":"scroll","background-type":"","background-media":"","overlay-type":"","overlay-color":"","overlay-opacity":"","overlay-gradient":""},"mobile":{"background-color":"var(--ast-global-color-4)","background-image":"","background-repeat":"repeat","background-position":"center center","background-size":"auto","background-attachment":"scroll","background-type":"","background-media":"","overlay-type":"","overlay-color":"","overlay-opacity":"","overlay-gradient":""}}},"product_brand":[],"product_cat":[15],"product_tag":[],"class_list":{"0":"post-19445","1":"product","2":"type-product","3":"status-publish","4":"has-post-thumbnail","6":"product_cat-okategoriserade","7":"pa_31965_48vuceqy-gron","8":"pa_31965_48vuceqy-rod","9":"pa_31965_48vuceqy-rosa","10":"pa_31965_48vuceqy-svart","11":"pa_31965_48vuceqy-vit","12":"pa_31965_fnwnrlpf-iphone-11","13":"pa_31965_fnwnrlpf-iphone-11-pro","14":"pa_31965_fnwnrlpf-iphone-11-pro-max","15":"pa_31965_fnwnrlpf-iphone-12","16":"pa_31965_fnwnrlpf-iphone-12-pro","17":"pa_31965_fnwnrlpf-iphone-12-pro-max","18":"pa_31965_fnwnrlpf-iphone-13","19":"pa_31965_fnwnrlpf-iphone-13-pro","20":"pa_31965_fnwnrlpf-iphone-13-pro-max","21":"pa_31965_fnwnrlpf-iphone-14","22":"pa_31965_fnwnrlpf-iphone-14-pro","23":"pa_31965_fnwnrlpf-iphone-14-pro-max","24":"pa_31965_fnwnrlpf-iphone-15","25":"pa_31965_fnwnrlpf-iphone-15-pro","26":"pa_31965_fnwnrlpf-iphone-15-pro-max","27":"desktop-align-left","28":"tablet-align-left","29":"mobile-align-left","31":"first","32":"instock","33":"shipping-taxable","34":"purchasable","35":"product-type-variable","36":"has-default-attributes"},"yoast_head":"<!-- This site is optimized with the Yoast SEO plugin v27.4 - https:\/\/yoast.com\/product\/yoast-seo-wordpress\/ -->\n<title>Handv\u00e4ska och mobilskal - Senbera SE<\/title>\n<meta name=\"robots\" content=\"index, follow, max-snippet:-1, max-image-preview:large, max-video-preview:-1\" \/>\n<link rel=\"canonical\" href=\"https:\/\/senbera.com\/se\/produkt\/handvaska-och-mobilskal\/\" \/>\n<meta property=\"og:locale\" content=\"sv_SE\" \/>\n<meta property=\"og:type\" content=\"article\" \/>\n<meta property=\"og:title\" content=\"Handv\u00e4ska och mobilskal - Senbera SE\" \/>\n<meta property=\"og:description\" content=\"\ud83d\udc5c Stil och funktionalitet F\u00f6rb\u00e4ttra dina dagliga n\u00f6dv\u00e4ndigheter med v\u00e5rt handv\u00e4ska-telefonfodral, en perfekt blandning av mode och praktiska egenskaper. Designad [&hellip;]\" \/>\n<meta property=\"og:url\" content=\"https:\/\/senbera.com\/se\/produkt\/handvaska-och-mobilskal\/\" \/>\n<meta property=\"og:site_name\" content=\"Senbera SE\" \/>\n<meta property=\"article:modified_time\" content=\"2026-01-15T06:31:15+00:00\" \/>\n<meta property=\"og:image\" content=\"https:\/\/senbera.com\/se\/wp-content\/uploads\/sites\/20\/2026\/01\/i0a0jhp-1.jpeg\" \/>\n\t<meta property=\"og:image:width\" content=\"950\" \/>\n\t<meta property=\"og:image:height\" content=\"950\" \/>\n\t<meta property=\"og:image:type\" content=\"image\/jpeg\" \/>\n<meta name=\"twitter:card\" content=\"summary_large_image\" \/>\n<meta name=\"twitter:label1\" content=\"Ber\u00e4knad l\u00e4stid\" \/>\n\t<meta name=\"twitter:data1\" content=\"1 minut\" \/>\n<script type=\"application\/ld+json\" class=\"yoast-schema-graph\">{\"@context\":\"https:\\\/\\\/schema.org\",\"@graph\":[{\"@type\":\"WebPage\",\"@id\":\"https:\\\/\\\/senbera.com\\\/se\\\/produkt\\\/handvaska-och-mobilskal\\\/\",\"url\":\"https:\\\/\\\/senbera.com\\\/se\\\/produkt\\\/handvaska-och-mobilskal\\\/\",\"name\":\"Handv\u00e4ska och mobilskal - Senbera SE\",\"isPartOf\":{\"@id\":\"https:\\\/\\\/senbera.com\\\/se\\\/#website\"},\"primaryImageOfPage\":{\"@id\":\"https:\\\/\\\/senbera.com\\\/se\\\/produkt\\\/handvaska-och-mobilskal\\\/#primaryimage\"},\"image\":{\"@id\":\"https:\\\/\\\/senbera.com\\\/se\\\/produkt\\\/handvaska-och-mobilskal\\\/#primaryimage\"},\"thumbnailUrl\":\"https:\\\/\\\/senbera.com\\\/se\\\/wp-content\\\/uploads\\\/sites\\\/20\\\/2026\\\/01\\\/i0a0jhp-1.jpeg\",\"datePublished\":\"2026-01-15T06:26:40+00:00\",\"dateModified\":\"2026-01-15T06:31:15+00:00\",\"breadcrumb\":{\"@id\":\"https:\\\/\\\/senbera.com\\\/se\\\/produkt\\\/handvaska-och-mobilskal\\\/#breadcrumb\"},\"inLanguage\":\"sv-SE\",\"potentialAction\":[{\"@type\":\"ReadAction\",\"target\":[\"https:\\\/\\\/senbera.com\\\/se\\\/produkt\\\/handvaska-och-mobilskal\\\/\"]}]},{\"@type\":\"ImageObject\",\"inLanguage\":\"sv-SE\",\"@id\":\"https:\\\/\\\/senbera.com\\\/se\\\/produkt\\\/handvaska-och-mobilskal\\\/#primaryimage\",\"url\":\"https:\\\/\\\/senbera.com\\\/se\\\/wp-content\\\/uploads\\\/sites\\\/20\\\/2026\\\/01\\\/i0a0jhp-1.jpeg\",\"contentUrl\":\"https:\\\/\\\/senbera.com\\\/se\\\/wp-content\\\/uploads\\\/sites\\\/20\\\/2026\\\/01\\\/i0a0jhp-1.jpeg\",\"width\":950,\"height\":950},{\"@type\":\"BreadcrumbList\",\"@id\":\"https:\\\/\\\/senbera.com\\\/se\\\/produkt\\\/handvaska-och-mobilskal\\\/#breadcrumb\",\"itemListElement\":[{\"@type\":\"ListItem\",\"position\":1,\"name\":\"Home\",\"item\":\"https:\\\/\\\/senbera.com\\\/se\\\/\"},{\"@type\":\"ListItem\",\"position\":2,\"name\":\"Butik\",\"item\":\"https:\\\/\\\/senbera.com\\\/se\\\/butik\\\/\"},{\"@type\":\"ListItem\",\"position\":3,\"name\":\"Handv\u00e4ska och mobilskal\"}]},{\"@type\":\"WebSite\",\"@id\":\"https:\\\/\\\/senbera.com\\\/se\\\/#website\",\"url\":\"https:\\\/\\\/senbera.com\\\/se\\\/\",\"name\":\"Senbera SE\",\"description\":\"\",\"publisher\":{\"@id\":\"https:\\\/\\\/senbera.com\\\/se\\\/#organization\"},\"potentialAction\":[{\"@type\":\"SearchAction\",\"target\":{\"@type\":\"EntryPoint\",\"urlTemplate\":\"https:\\\/\\\/senbera.com\\\/se\\\/?s={search_term_string}\"},\"query-input\":{\"@type\":\"PropertyValueSpecification\",\"valueRequired\":true,\"valueName\":\"search_term_string\"}}],\"inLanguage\":\"sv-SE\"},{\"@type\":\"Organization\",\"@id\":\"https:\\\/\\\/senbera.com\\\/se\\\/#organization\",\"name\":\"Mekulo\",\"url\":\"https:\\\/\\\/senbera.com\\\/se\\\/\",\"logo\":{\"@type\":\"ImageObject\",\"inLanguage\":\"sv-SE\",\"@id\":\"https:\\\/\\\/senbera.com\\\/se\\\/#\\\/schema\\\/logo\\\/image\\\/\",\"url\":\"https:\\\/\\\/senbera.com\\\/se\\\/wp-content\\\/uploads\\\/sites\\\/20\\\/2025\\\/12\\\/favicon_mekulo.png\",\"contentUrl\":\"https:\\\/\\\/senbera.com\\\/se\\\/wp-content\\\/uploads\\\/sites\\\/20\\\/2025\\\/12\\\/favicon_mekulo.png\",\"width\":50,\"height\":50,\"caption\":\"Mekulo\"},\"image\":{\"@id\":\"https:\\\/\\\/senbera.com\\\/se\\\/#\\\/schema\\\/logo\\\/image\\\/\"}}]}<\/script>\n<!-- \/ Yoast SEO plugin. -->","yoast_head_json":{"title":"Handv\u00e4ska och mobilskal - Senbera SE","robots":{"index":"index","follow":"follow","max-snippet":"max-snippet:-1","max-image-preview":"max-image-preview:large","max-video-preview":"max-video-preview:-1"},"canonical":"https:\/\/senbera.com\/se\/produkt\/handvaska-och-mobilskal\/","og_locale":"sv_SE","og_type":"article","og_title":"Handv\u00e4ska och mobilskal - Senbera SE","og_description":"\ud83d\udc5c Stil och funktionalitet F\u00f6rb\u00e4ttra dina dagliga n\u00f6dv\u00e4ndigheter med v\u00e5rt handv\u00e4ska-telefonfodral, en perfekt blandning av mode och praktiska egenskaper. Designad [&hellip;]","og_url":"https:\/\/senbera.com\/se\/produkt\/handvaska-och-mobilskal\/","og_site_name":"Senbera SE","article_modified_time":"2026-01-15T06:31:15+00:00","og_image":[{"width":950,"height":950,"url":"https:\/\/senbera.com\/se\/wp-content\/uploads\/sites\/20\/2026\/01\/i0a0jhp-1.jpeg","type":"image\/jpeg"}],"twitter_card":"summary_large_image","twitter_misc":{"Ber\u00e4knad l\u00e4stid":"1 minut"},"schema":{"@context":"https:\/\/schema.org","@graph":[{"@type":"WebPage","@id":"https:\/\/senbera.com\/se\/produkt\/handvaska-och-mobilskal\/","url":"https:\/\/senbera.com\/se\/produkt\/handvaska-och-mobilskal\/","name":"Handv\u00e4ska och mobilskal - Senbera SE","isPartOf":{"@id":"https:\/\/senbera.com\/se\/#website"},"primaryImageOfPage":{"@id":"https:\/\/senbera.com\/se\/produkt\/handvaska-och-mobilskal\/#primaryimage"},"image":{"@id":"https:\/\/senbera.com\/se\/produkt\/handvaska-och-mobilskal\/#primaryimage"},"thumbnailUrl":"https:\/\/senbera.com\/se\/wp-content\/uploads\/sites\/20\/2026\/01\/i0a0jhp-1.jpeg","datePublished":"2026-01-15T06:26:40+00:00","dateModified":"2026-01-15T06:31:15+00:00","breadcrumb":{"@id":"https:\/\/senbera.com\/se\/produkt\/handvaska-och-mobilskal\/#breadcrumb"},"inLanguage":"sv-SE","potentialAction":[{"@type":"ReadAction","target":["https:\/\/senbera.com\/se\/produkt\/handvaska-och-mobilskal\/"]}]},{"@type":"ImageObject","inLanguage":"sv-SE","@id":"https:\/\/senbera.com\/se\/produkt\/handvaska-och-mobilskal\/#primaryimage","url":"https:\/\/senbera.com\/se\/wp-content\/uploads\/sites\/20\/2026\/01\/i0a0jhp-1.jpeg","contentUrl":"https:\/\/senbera.com\/se\/wp-content\/uploads\/sites\/20\/2026\/01\/i0a0jhp-1.jpeg","width":950,"height":950},{"@type":"BreadcrumbList","@id":"https:\/\/senbera.com\/se\/produkt\/handvaska-och-mobilskal\/#breadcrumb","itemListElement":[{"@type":"ListItem","position":1,"name":"Home","item":"https:\/\/senbera.com\/se\/"},{"@type":"ListItem","position":2,"name":"Butik","item":"https:\/\/senbera.com\/se\/butik\/"},{"@type":"ListItem","position":3,"name":"Handv\u00e4ska och mobilskal"}]},{"@type":"WebSite","@id":"https:\/\/senbera.com\/se\/#website","url":"https:\/\/senbera.com\/se\/","name":"Senbera SE","description":"","publisher":{"@id":"https:\/\/senbera.com\/se\/#organization"},"potentialAction":[{"@type":"SearchAction","target":{"@type":"EntryPoint","urlTemplate":"https:\/\/senbera.com\/se\/?s={search_term_string}"},"query-input":{"@type":"PropertyValueSpecification","valueRequired":true,"valueName":"search_term_string"}}],"inLanguage":"sv-SE"},{"@type":"Organization","@id":"https:\/\/senbera.com\/se\/#organization","name":"Mekulo","url":"https:\/\/senbera.com\/se\/","logo":{"@type":"ImageObject","inLanguage":"sv-SE","@id":"https:\/\/senbera.com\/se\/#\/schema\/logo\/image\/","url":"https:\/\/senbera.com\/se\/wp-content\/uploads\/sites\/20\/2025\/12\/favicon_mekulo.png","contentUrl":"https:\/\/senbera.com\/se\/wp-content\/uploads\/sites\/20\/2025\/12\/favicon_mekulo.png","width":50,"height":50,"caption":"Mekulo"},"image":{"@id":"https:\/\/senbera.com\/se\/#\/schema\/logo\/image\/"}}]}},"_links":{"self":[{"href":"https:\/\/senbera.com\/se\/wp-json\/wp\/v2\/product\/19445","targetHints":{"allow":["GET"]}}],"collection":[{"href":"https:\/\/senbera.com\/se\/wp-json\/wp\/v2\/product"}],"about":[{"href":"https:\/\/senbera.com\/se\/wp-json\/wp\/v2\/types\/product"}],"replies":[{"embeddable":true,"href":"https:\/\/senbera.com\/se\/wp-json\/wp\/v2\/comments?post=19445"}],"wp:featuredmedia":[{"embeddable":true,"href":"https:\/\/senbera.com\/se\/wp-json\/wp\/v2\/media\/19440"}],"wp:attachment":[{"href":"https:\/\/senbera.com\/se\/wp-json\/wp\/v2\/media?parent=19445"}],"wp:term":[{"taxonomy":"product_brand","embeddable":true,"href":"https:\/\/senbera.com\/se\/wp-json\/wp\/v2\/product_brand?post=19445"},{"taxonomy":"product_cat","embeddable":true,"href":"https:\/\/senbera.com\/se\/wp-json\/wp\/v2\/product_cat?post=19445"},{"taxonomy":"product_tag","embeddable":true,"href":"https:\/\/senbera.com\/se\/wp-json\/wp\/v2\/product_tag?post=19445"}],"curies":[{"name":"wp","href":"https:\/\/api.w.org\/{rel}","templated":true}]}}