{"id":19389,"date":"2026-01-15T08:22:32","date_gmt":"2026-01-15T06:22:32","guid":{"rendered":"https:\/\/senbera.com\/se\/produkt\/harkram-eelhoe-straight\/"},"modified":"2026-01-15T08:22:32","modified_gmt":"2026-01-15T06:22:32","slug":"harkram-eelhoe-straight","status":"publish","type":"product","link":"https:\/\/senbera.com\/se\/produkt\/harkram-eelhoe-straight\/","title":{"rendered":"H\u00e5rkr\u00e4m EELHOE STRAIGHT"},"content":{"rendered":"<h2 style=\"text-align: center\" data-start=\"40\" data-end=\"90\">\u2728 Sl\u00e4tt, rakt och gl\u00e4nsande h\u00e5r &#8211; p\u00e5 n\u00e5gra minuter<\/h2>\n<p class=\"\" style=\"text-align: center\" data-start=\"92\" data-end=\"211\"><span class=\"relative -mx-px my-[-0.2rem] rounded px-px py-[0.2rem] transition-colors duration-100 ease-in-out\">S\u00e4g hejd\u00e5 till friss och hej till sl\u00e4tt, hanterbart h\u00e5r med v\u00e5r h\u00e5rr\u00e4tande kr\u00e4m.<\/span> <span class=\"relative -mx-px my-[-0.2rem] rounded px-px py-[0.2rem] transition-colors duration-100 ease-in-out\">Denna l\u00e4ttanv\u00e4nda behandling f\u00f6rvandlar lockigt, v\u00e5gigt eller oregerligt h\u00e5r till sl\u00e4ta, raka lockar &#8211; allt fr\u00e5n bekv\u00e4mligheten i ditt hem.<\/span><\/p>\n<p data-start=\"92\" data-end=\"211\"><img decoding=\"async\" class=\"size-full wp-image-14262 aligncenter\" src=\"https:\/\/keluvo.com\/template\/wp-content\/uploads\/sites\/5\/2025\/04\/ezgif.com-webp-maker.webp\" alt=\"\" \/><\/p>\n<h2 style=\"text-align: center\" data-start=\"218\" data-end=\"243\">\ud83c\udf1f Varf\u00f6r Du Kommer Att \u00c4lska Det<\/h2>\n<p class=\"\" data-start=\"247\" data-end=\"349\">Snabba resultat: <span class=\"relative -mx-px my-[-0.2rem] rounded px-px py-[0.2rem] transition-colors duration-100 ease-in-out\">Uppn\u00e5 silkeslent rakt h\u00e5r med bara en applicering &#8211; inget behov av uppv\u00e4rmda verktyg eller salongbes\u00f6k<\/span><\/p>\n<p class=\"\" data-start=\"352\" data-end=\"515\">N\u00e4rande ingredienser: Inneh\u00e5ller kollagen, glycerin och v\u00e4xtextrakt som \u00e5terfuktar och st\u00e4rker ditt h\u00e5r.<\/p>\n<p class=\"\" data-start=\"518\" data-end=\"656\">Frissfri finish: T\u00e4mjer flygiga h\u00e5rstr\u00e5n och minskar statisk elektricitet, s\u00e5 att ditt h\u00e5r blir glansigt och lent.<\/p>\n<p class=\"\" data-start=\"659\" data-end=\"759\">S\u00e4ker &amp; skonsam: <span class=\"relative -mx-px my-[-0.2rem] rounded px-px py-[0.2rem] transition-colors duration-100 ease-in-out\">Formulerad med milda ingredienser som skyddar ditt h\u00e5r och h\u00e5rbotten<\/span>\u200b<\/p>\n<p class=\"\" data-start=\"762\" data-end=\"869\">Enkel applicering: <span class=\"relative -mx-px my-[-0.2rem] rounded px-px py-[0.2rem] transition-colors duration-100 ease-in-out\">Enkel trestegsprocess &#8211; tv\u00e4tta, applicera och sk\u00f6lj<\/span><\/p>\n<p><img decoding=\"async\" class=\"size-full wp-image-14256 aligncenter\" src=\"https:\/\/keluvo.com\/template\/wp-content\/uploads\/sites\/5\/2025\/04\/main-image-3.jpeg\" alt=\"\" \/><\/p>\n<h2 style=\"text-align: center\" data-start=\"92\" data-end=\"211\">\ud83e\uddf4 Produktdetaljer<\/h2>\n<ul data-start=\"900\" data-end=\"1699\">\n<li class=\"\" data-start=\"998\" data-end=\"1099\">\n<p class=\"\" data-start=\"1000\" data-end=\"1099\">Kapacitet: <span class=\"relative -mx-px my-[-0.2rem] rounded px-px py-[0.2rem] transition-colors duration-100 ease-in-out\">60 ml<\/span>\u200b<\/p>\n<\/li>\n<li class=\"\" data-start=\"1100\" data-end=\"1203\">\n<p class=\"\" data-start=\"1102\" data-end=\"1203\">H\u00e5llbarhet: <span class=\"relative -mx-px my-[-0.2rem] rounded px-px py-[0.2rem] transition-colors duration-100 ease-in-out\">3 \u00e5r<\/span><\/p>\n<\/li>\n<li class=\"\" data-start=\"1204\" data-end=\"1309\">\n<p class=\"\" data-start=\"1206\" data-end=\"1309\">L\u00e4mplig f\u00f6r: <span class=\"relative -mx-px my-[-0.2rem] rounded px-px py-[0.2rem] transition-colors duration-100 ease-in-out\">Alla h\u00e5rtyper, s\u00e4rskilt lockigt eller skadat h\u00e5r<\/span><\/p>\n<\/li>\n<li class=\"\" data-start=\"1310\" data-end=\"1699\">\n<p class=\"\" data-start=\"1312\" data-end=\"1328\">Anv\u00e4ndningssteg:<\/p>\n<ol data-start=\"1331\" data-end=\"1699\">\n<li class=\"\" data-start=\"1331\" data-end=\"1419\">\n<p class=\"\" data-start=\"1334\" data-end=\"1419\"><span class=\"relative -mx-px my-[-0.2rem] rounded px-px py-[0.2rem] transition-colors duration-100 ease-in-out\">Tv\u00e4tta h\u00e5ret med schampo och handdukstorka tills det \u00e4r halvtorrt.<\/span>\u200b<\/p>\n<\/li>\n<li class=\"\" data-start=\"1422\" data-end=\"1608\">\n<p class=\"\" data-start=\"1425\" data-end=\"1510\"><span class=\"relative -mx-px my-[-0.2rem] rounded px-px py-[0.2rem] transition-colors duration-100 ease-in-out\">Applicera kr\u00e4men j\u00e4mnt i h\u00e5ret.<\/span>\u200b<\/p>\n<ul data-start=\"1516\" data-end=\"1608\">\n<li class=\"\" data-start=\"1516\" data-end=\"1559\">\n<p class=\"\" data-start=\"1518\" data-end=\"1559\">L\u00e5t verka i 20-30 minuter f\u00f6r friskt h\u00e5r.<\/p>\n<\/li>\n<li class=\"\" data-start=\"1565\" data-end=\"1608\">\n<p class=\"\" data-start=\"1567\" data-end=\"1608\">L\u00e5t verka i 10-20 minuter f\u00f6r skadat h\u00e5r.<\/p>\n<\/li>\n<\/ul>\n<\/li>\n<li class=\"\" data-start=\"1611\" data-end=\"1699\">\n<p class=\"\" data-start=\"1614\" data-end=\"1699\"><span class=\"relative -mx-px my-[-0.2rem] rounded px-px py-[0.2rem] transition-colors duration-100 ease-in-out\">Sk\u00f6lj noggrant med vatten.<\/span><\/p>\n<\/li>\n<\/ol>\n<\/li>\n<\/ul>\n","protected":false},"excerpt":{"rendered":"<p>\u2728 Sl\u00e4tt, rakt och gl\u00e4nsande h\u00e5r &#8211; p\u00e5 n\u00e5gra minuter S\u00e4g hejd\u00e5 till friss och hej till sl\u00e4tt, hanterbart h\u00e5r [&hellip;]<\/p>\n","protected":false},"featured_media":19385,"comment_status":"open","ping_status":"closed","template":"","meta":{"site-sidebar-layout":"default","site-content-layout":"","ast-site-content-layout":"default","site-content-style":"default","site-sidebar-style":"default","ast-global-header-display":"","ast-banner-title-visibility":"","ast-main-header-display":"","ast-hfb-above-header-display":"","ast-hfb-below-header-display":"","ast-hfb-mobile-header-display":"","site-post-title":"","ast-breadcrumbs-content":"","ast-featured-img":"","footer-sml-layout":"","ast-disable-related-posts":"","theme-transparent-header-meta":"default","adv-header-id-meta":"","stick-header-meta":"","header-above-stick-meta":"","header-main-stick-meta":"","header-below-stick-meta":"","astra-migrate-meta-layouts":"set","ast-page-background-enabled":"default","ast-page-background-meta":{"desktop":{"background-color":"var(--ast-global-color-5)","background-image":"","background-repeat":"repeat","background-position":"center center","background-size":"auto","background-attachment":"scroll","background-type":"","background-media":"","overlay-type":"","overlay-color":"","overlay-opacity":"","overlay-gradient":""},"tablet":{"background-color":"","background-image":"","background-repeat":"repeat","background-position":"center center","background-size":"auto","background-attachment":"scroll","background-type":"","background-media":"","overlay-type":"","overlay-color":"","overlay-opacity":"","overlay-gradient":""},"mobile":{"background-color":"","background-image":"","background-repeat":"repeat","background-position":"center center","background-size":"auto","background-attachment":"scroll","background-type":"","background-media":"","overlay-type":"","overlay-color":"","overlay-opacity":"","overlay-gradient":""}},"ast-content-background-meta":{"desktop":{"background-color":"var(--ast-global-color-4)","background-image":"","background-repeat":"repeat","background-position":"center center","background-size":"auto","background-attachment":"scroll","background-type":"","background-media":"","overlay-type":"","overlay-color":"","overlay-opacity":"","overlay-gradient":""},"tablet":{"background-color":"var(--ast-global-color-4)","background-image":"","background-repeat":"repeat","background-position":"center center","background-size":"auto","background-attachment":"scroll","background-type":"","background-media":"","overlay-type":"","overlay-color":"","overlay-opacity":"","overlay-gradient":""},"mobile":{"background-color":"var(--ast-global-color-4)","background-image":"","background-repeat":"repeat","background-position":"center center","background-size":"auto","background-attachment":"scroll","background-type":"","background-media":"","overlay-type":"","overlay-color":"","overlay-opacity":"","overlay-gradient":""}}},"product_brand":[],"product_cat":[15],"product_tag":[],"class_list":{"0":"post-19389","1":"product","2":"type-product","3":"status-publish","4":"has-post-thumbnail","6":"product_cat-okategoriserade","7":"desktop-align-left","8":"tablet-align-left","9":"mobile-align-left","11":"first","12":"instock","13":"shipping-taxable","14":"purchasable","15":"product-type-simple"},"yoast_head":"<!-- This site is optimized with the Yoast SEO plugin v27.4 - https:\/\/yoast.com\/product\/yoast-seo-wordpress\/ -->\n<title>H\u00e5rkr\u00e4m EELHOE STRAIGHT - Senbera SE<\/title>\n<meta name=\"robots\" content=\"index, follow, max-snippet:-1, max-image-preview:large, max-video-preview:-1\" \/>\n<link rel=\"canonical\" href=\"https:\/\/senbera.com\/se\/produkt\/harkram-eelhoe-straight\/\" \/>\n<meta property=\"og:locale\" content=\"sv_SE\" \/>\n<meta property=\"og:type\" content=\"article\" \/>\n<meta property=\"og:title\" content=\"H\u00e5rkr\u00e4m EELHOE STRAIGHT - Senbera SE\" \/>\n<meta property=\"og:description\" content=\"\u2728 Sl\u00e4tt, rakt och gl\u00e4nsande h\u00e5r &#8211; p\u00e5 n\u00e5gra minuter S\u00e4g hejd\u00e5 till friss och hej till sl\u00e4tt, hanterbart h\u00e5r [&hellip;]\" \/>\n<meta property=\"og:url\" content=\"https:\/\/senbera.com\/se\/produkt\/harkram-eelhoe-straight\/\" \/>\n<meta property=\"og:site_name\" content=\"Senbera SE\" \/>\n<meta property=\"og:image\" content=\"https:\/\/senbera.com\/se\/wp-content\/uploads\/sites\/20\/2026\/01\/txv395m-1.jpeg\" \/>\n\t<meta property=\"og:image:width\" content=\"1600\" \/>\n\t<meta property=\"og:image:height\" content=\"1600\" \/>\n\t<meta property=\"og:image:type\" content=\"image\/jpeg\" \/>\n<meta name=\"twitter:card\" content=\"summary_large_image\" \/>\n<meta name=\"twitter:label1\" content=\"Ber\u00e4knad l\u00e4stid\" \/>\n\t<meta name=\"twitter:data1\" content=\"1 minut\" \/>\n<script type=\"application\/ld+json\" class=\"yoast-schema-graph\">{\"@context\":\"https:\\\/\\\/schema.org\",\"@graph\":[{\"@type\":\"WebPage\",\"@id\":\"https:\\\/\\\/senbera.com\\\/se\\\/produkt\\\/harkram-eelhoe-straight\\\/\",\"url\":\"https:\\\/\\\/senbera.com\\\/se\\\/produkt\\\/harkram-eelhoe-straight\\\/\",\"name\":\"H\u00e5rkr\u00e4m EELHOE STRAIGHT - Senbera SE\",\"isPartOf\":{\"@id\":\"https:\\\/\\\/senbera.com\\\/se\\\/#website\"},\"primaryImageOfPage\":{\"@id\":\"https:\\\/\\\/senbera.com\\\/se\\\/produkt\\\/harkram-eelhoe-straight\\\/#primaryimage\"},\"image\":{\"@id\":\"https:\\\/\\\/senbera.com\\\/se\\\/produkt\\\/harkram-eelhoe-straight\\\/#primaryimage\"},\"thumbnailUrl\":\"https:\\\/\\\/senbera.com\\\/se\\\/wp-content\\\/uploads\\\/sites\\\/20\\\/2026\\\/01\\\/txv395m-1.jpeg\",\"datePublished\":\"2026-01-15T06:22:32+00:00\",\"breadcrumb\":{\"@id\":\"https:\\\/\\\/senbera.com\\\/se\\\/produkt\\\/harkram-eelhoe-straight\\\/#breadcrumb\"},\"inLanguage\":\"sv-SE\",\"potentialAction\":[{\"@type\":\"ReadAction\",\"target\":[\"https:\\\/\\\/senbera.com\\\/se\\\/produkt\\\/harkram-eelhoe-straight\\\/\"]}]},{\"@type\":\"ImageObject\",\"inLanguage\":\"sv-SE\",\"@id\":\"https:\\\/\\\/senbera.com\\\/se\\\/produkt\\\/harkram-eelhoe-straight\\\/#primaryimage\",\"url\":\"https:\\\/\\\/senbera.com\\\/se\\\/wp-content\\\/uploads\\\/sites\\\/20\\\/2026\\\/01\\\/txv395m-1.jpeg\",\"contentUrl\":\"https:\\\/\\\/senbera.com\\\/se\\\/wp-content\\\/uploads\\\/sites\\\/20\\\/2026\\\/01\\\/txv395m-1.jpeg\",\"width\":1600,\"height\":1600},{\"@type\":\"BreadcrumbList\",\"@id\":\"https:\\\/\\\/senbera.com\\\/se\\\/produkt\\\/harkram-eelhoe-straight\\\/#breadcrumb\",\"itemListElement\":[{\"@type\":\"ListItem\",\"position\":1,\"name\":\"Home\",\"item\":\"https:\\\/\\\/senbera.com\\\/se\\\/\"},{\"@type\":\"ListItem\",\"position\":2,\"name\":\"Butik\",\"item\":\"https:\\\/\\\/senbera.com\\\/se\\\/butik\\\/\"},{\"@type\":\"ListItem\",\"position\":3,\"name\":\"H\u00e5rkr\u00e4m EELHOE STRAIGHT\"}]},{\"@type\":\"WebSite\",\"@id\":\"https:\\\/\\\/senbera.com\\\/se\\\/#website\",\"url\":\"https:\\\/\\\/senbera.com\\\/se\\\/\",\"name\":\"Senbera SE\",\"description\":\"\",\"publisher\":{\"@id\":\"https:\\\/\\\/senbera.com\\\/se\\\/#organization\"},\"potentialAction\":[{\"@type\":\"SearchAction\",\"target\":{\"@type\":\"EntryPoint\",\"urlTemplate\":\"https:\\\/\\\/senbera.com\\\/se\\\/?s={search_term_string}\"},\"query-input\":{\"@type\":\"PropertyValueSpecification\",\"valueRequired\":true,\"valueName\":\"search_term_string\"}}],\"inLanguage\":\"sv-SE\"},{\"@type\":\"Organization\",\"@id\":\"https:\\\/\\\/senbera.com\\\/se\\\/#organization\",\"name\":\"Mekulo\",\"url\":\"https:\\\/\\\/senbera.com\\\/se\\\/\",\"logo\":{\"@type\":\"ImageObject\",\"inLanguage\":\"sv-SE\",\"@id\":\"https:\\\/\\\/senbera.com\\\/se\\\/#\\\/schema\\\/logo\\\/image\\\/\",\"url\":\"https:\\\/\\\/senbera.com\\\/se\\\/wp-content\\\/uploads\\\/sites\\\/20\\\/2025\\\/12\\\/favicon_mekulo.png\",\"contentUrl\":\"https:\\\/\\\/senbera.com\\\/se\\\/wp-content\\\/uploads\\\/sites\\\/20\\\/2025\\\/12\\\/favicon_mekulo.png\",\"width\":50,\"height\":50,\"caption\":\"Mekulo\"},\"image\":{\"@id\":\"https:\\\/\\\/senbera.com\\\/se\\\/#\\\/schema\\\/logo\\\/image\\\/\"}}]}<\/script>\n<!-- \/ Yoast SEO plugin. -->","yoast_head_json":{"title":"H\u00e5rkr\u00e4m EELHOE STRAIGHT - Senbera SE","robots":{"index":"index","follow":"follow","max-snippet":"max-snippet:-1","max-image-preview":"max-image-preview:large","max-video-preview":"max-video-preview:-1"},"canonical":"https:\/\/senbera.com\/se\/produkt\/harkram-eelhoe-straight\/","og_locale":"sv_SE","og_type":"article","og_title":"H\u00e5rkr\u00e4m EELHOE STRAIGHT - Senbera SE","og_description":"\u2728 Sl\u00e4tt, rakt och gl\u00e4nsande h\u00e5r &#8211; p\u00e5 n\u00e5gra minuter S\u00e4g hejd\u00e5 till friss och hej till sl\u00e4tt, hanterbart h\u00e5r [&hellip;]","og_url":"https:\/\/senbera.com\/se\/produkt\/harkram-eelhoe-straight\/","og_site_name":"Senbera SE","og_image":[{"width":1600,"height":1600,"url":"https:\/\/senbera.com\/se\/wp-content\/uploads\/sites\/20\/2026\/01\/txv395m-1.jpeg","type":"image\/jpeg"}],"twitter_card":"summary_large_image","twitter_misc":{"Ber\u00e4knad l\u00e4stid":"1 minut"},"schema":{"@context":"https:\/\/schema.org","@graph":[{"@type":"WebPage","@id":"https:\/\/senbera.com\/se\/produkt\/harkram-eelhoe-straight\/","url":"https:\/\/senbera.com\/se\/produkt\/harkram-eelhoe-straight\/","name":"H\u00e5rkr\u00e4m EELHOE STRAIGHT - Senbera SE","isPartOf":{"@id":"https:\/\/senbera.com\/se\/#website"},"primaryImageOfPage":{"@id":"https:\/\/senbera.com\/se\/produkt\/harkram-eelhoe-straight\/#primaryimage"},"image":{"@id":"https:\/\/senbera.com\/se\/produkt\/harkram-eelhoe-straight\/#primaryimage"},"thumbnailUrl":"https:\/\/senbera.com\/se\/wp-content\/uploads\/sites\/20\/2026\/01\/txv395m-1.jpeg","datePublished":"2026-01-15T06:22:32+00:00","breadcrumb":{"@id":"https:\/\/senbera.com\/se\/produkt\/harkram-eelhoe-straight\/#breadcrumb"},"inLanguage":"sv-SE","potentialAction":[{"@type":"ReadAction","target":["https:\/\/senbera.com\/se\/produkt\/harkram-eelhoe-straight\/"]}]},{"@type":"ImageObject","inLanguage":"sv-SE","@id":"https:\/\/senbera.com\/se\/produkt\/harkram-eelhoe-straight\/#primaryimage","url":"https:\/\/senbera.com\/se\/wp-content\/uploads\/sites\/20\/2026\/01\/txv395m-1.jpeg","contentUrl":"https:\/\/senbera.com\/se\/wp-content\/uploads\/sites\/20\/2026\/01\/txv395m-1.jpeg","width":1600,"height":1600},{"@type":"BreadcrumbList","@id":"https:\/\/senbera.com\/se\/produkt\/harkram-eelhoe-straight\/#breadcrumb","itemListElement":[{"@type":"ListItem","position":1,"name":"Home","item":"https:\/\/senbera.com\/se\/"},{"@type":"ListItem","position":2,"name":"Butik","item":"https:\/\/senbera.com\/se\/butik\/"},{"@type":"ListItem","position":3,"name":"H\u00e5rkr\u00e4m EELHOE STRAIGHT"}]},{"@type":"WebSite","@id":"https:\/\/senbera.com\/se\/#website","url":"https:\/\/senbera.com\/se\/","name":"Senbera SE","description":"","publisher":{"@id":"https:\/\/senbera.com\/se\/#organization"},"potentialAction":[{"@type":"SearchAction","target":{"@type":"EntryPoint","urlTemplate":"https:\/\/senbera.com\/se\/?s={search_term_string}"},"query-input":{"@type":"PropertyValueSpecification","valueRequired":true,"valueName":"search_term_string"}}],"inLanguage":"sv-SE"},{"@type":"Organization","@id":"https:\/\/senbera.com\/se\/#organization","name":"Mekulo","url":"https:\/\/senbera.com\/se\/","logo":{"@type":"ImageObject","inLanguage":"sv-SE","@id":"https:\/\/senbera.com\/se\/#\/schema\/logo\/image\/","url":"https:\/\/senbera.com\/se\/wp-content\/uploads\/sites\/20\/2025\/12\/favicon_mekulo.png","contentUrl":"https:\/\/senbera.com\/se\/wp-content\/uploads\/sites\/20\/2025\/12\/favicon_mekulo.png","width":50,"height":50,"caption":"Mekulo"},"image":{"@id":"https:\/\/senbera.com\/se\/#\/schema\/logo\/image\/"}}]}},"_links":{"self":[{"href":"https:\/\/senbera.com\/se\/wp-json\/wp\/v2\/product\/19389","targetHints":{"allow":["GET"]}}],"collection":[{"href":"https:\/\/senbera.com\/se\/wp-json\/wp\/v2\/product"}],"about":[{"href":"https:\/\/senbera.com\/se\/wp-json\/wp\/v2\/types\/product"}],"replies":[{"embeddable":true,"href":"https:\/\/senbera.com\/se\/wp-json\/wp\/v2\/comments?post=19389"}],"wp:featuredmedia":[{"embeddable":true,"href":"https:\/\/senbera.com\/se\/wp-json\/wp\/v2\/media\/19385"}],"wp:attachment":[{"href":"https:\/\/senbera.com\/se\/wp-json\/wp\/v2\/media?parent=19389"}],"wp:term":[{"taxonomy":"product_brand","embeddable":true,"href":"https:\/\/senbera.com\/se\/wp-json\/wp\/v2\/product_brand?post=19389"},{"taxonomy":"product_cat","embeddable":true,"href":"https:\/\/senbera.com\/se\/wp-json\/wp\/v2\/product_cat?post=19389"},{"taxonomy":"product_tag","embeddable":true,"href":"https:\/\/senbera.com\/se\/wp-json\/wp\/v2\/product_tag?post=19389"}],"curies":[{"name":"wp","href":"https:\/\/api.w.org\/{rel}","templated":true}]}}