{"id":21884,"date":"2026-02-19T17:59:46","date_gmt":"2026-02-19T15:59:46","guid":{"rendered":"https:\/\/senbera.com\/no\/produkt\/flisskjaererpenn\/"},"modified":"2026-02-19T18:02:38","modified_gmt":"2026-02-19T16:02:38","slug":"flisskjaererpenn","status":"publish","type":"product","link":"https:\/\/senbera.com\/no\/produkt\/flisskjaererpenn\/","title":{"rendered":"Flisskj\u00e6rerpenn"},"content":{"rendered":"<h2 style=\"text-align: center;\">Skarp Og Sterk Penn For Jevne Merker<\/h2>\n<h2 style=\"text-align: center;\"><img decoding=\"async\" class=\"size-full wp-image-16845 aligncenter\" src=\"https:\/\/keluvo.com\/template\/wp-content\/uploads\/sites\/5\/2025\/04\/juWCpobP30OMUgaczT20-Trim-ezgif.com-video-to-webp-converter-1.webp\" alt=\"\" \/><\/h2>\n<h2 style=\"text-align: center;\">Hovedfordeler<\/h2>\n<p style=\"text-align: center;\">\u2714 Markerer harde overflater raskt \u2013 Fungerer p\u00e5 fliser, glass, st\u00e5l og til og med marmor<\/p>\n<p style=\"text-align: center;\">\u2714 Sterk og langvarig \u2013 Laget av hardt wolframst\u00e5l som ikke slites ut<\/p>\n<p style=\"text-align: center;\">\u2714 Enkel \u00e5 ta med seg \u2013 Akkurat som en penn, fest den i lommen og g\u00e5<\/p>\n<p style=\"text-align: center;\">\u2714 Komfortabel \u00e5 bruke \u2013 Sklisikkert grep og glatt spiss for enkel kontroll<\/p>\n<p style=\"text-align: center;\">\u2714 Presise og jevne linjer \u2013 Ett sveip er alt som skal til for \u00e5 lage et rent merke<\/p>\n<h2 style=\"text-align: center;\"><img decoding=\"async\" class=\"size-full wp-image-16843 aligncenter\" src=\"https:\/\/keluvo.com\/template\/wp-content\/uploads\/sites\/5\/2025\/04\/ads-Trim-ezgif.com-video-to-webp-converter-1.webp\" alt=\"\" \/><\/h2>\n<h2 style=\"text-align: center;\">Slik Bruker Du Den<\/h2>\n<p><img fetchpriority=\"high\" decoding=\"async\" class=\"wp-image-48929 aligncenter\" src=\"https:\/\/keluvo.com\/template\/wp-content\/uploads\/sites\/5\/2025\/04\/Sff853cef3f9045f7a73114e665a25381T.jpg_960x960q75.jpg_.avif\" alt=\"\" width=\"631\" height=\"631\" \/><\/p>\n<h2 style=\"text-align: center;\">Et Enkelt Verkt\u00f8y For En Stor Jobb!<\/h2>\n<p style=\"text-align: center;\"><span style=\"font-weight: 400;\">Trenger du et enkelt verkt\u00f8y som gj\u00f8r en stor jobb? Denne flisskj\u00e6repennen er perfekt for byggmestere, h\u00e5ndverkere og gj\u00f8r-det-selv-entusiaster. Den er liten, sterk og superhendig for \u00e5 lage raske og n\u00f8yaktige merker p\u00e5 metall, fliser eller glass. Enten du jobber hjemme eller p\u00e5 byggeplassen, er dette verkt\u00f8yet alltid klart til \u00e5 hjelpe deg.<\/span><\/p>\n<h2 style=\"text-align: center;\"><img decoding=\"async\" class=\"size-full wp-image-16272 aligncenter\" src=\"https:\/\/keluvo.com\/template\/wp-content\/uploads\/sites\/5\/2025\/04\/77433b1d-3f60-4f43-bffb-dfb31dc6df7a.webp.jpg\" alt=\"\" \/><\/h2>\n<h2><\/h2>\n<h2 style=\"text-align: center;\">Spesifikasjoner:<\/h2>\n<ul>\n<li>Produktnavn: Scriber Pen<\/li>\n<li>Material: Wolframkarbid (spiss), aluminium (penn)<\/li>\n<li>Egnet for: Gravering av metallplater, rustfritt st\u00e5l, keramikk og glass.<\/li>\n<\/ul>\n<h2 style=\"text-align: center;\">Pakken inkluderer<\/h2>\n<ul>\n<li style=\"font-weight: 400;\"><span style=\"font-weight: 400;\">1x rillekutterpenn (145 mm).<\/span><\/li>\n<\/ul>\n","protected":false},"excerpt":{"rendered":"<p><span style=\"font-weight: 400;\">Denne pennen gj\u00f8r det superenkelt \u00e5 skj\u00e6re og merke fliser eller glass. Den ser ut som en vanlig penn, men den er laget for t\u00f8ffe jobber!<\/span><\/p>\n","protected":false},"featured_media":21880,"comment_status":"open","ping_status":"closed","template":"","meta":{"site-sidebar-layout":"default","site-content-layout":"","ast-site-content-layout":"default","site-content-style":"default","site-sidebar-style":"default","ast-global-header-display":"","ast-banner-title-visibility":"","ast-main-header-display":"","ast-hfb-above-header-display":"","ast-hfb-below-header-display":"","ast-hfb-mobile-header-display":"","site-post-title":"","ast-breadcrumbs-content":"","ast-featured-img":"","footer-sml-layout":"","ast-disable-related-posts":"","theme-transparent-header-meta":"default","adv-header-id-meta":"","stick-header-meta":"","header-above-stick-meta":"","header-main-stick-meta":"","header-below-stick-meta":"","astra-migrate-meta-layouts":"set","ast-page-background-enabled":"default","ast-page-background-meta":{"desktop":{"background-color":"var(--ast-global-color-5)","background-image":"","background-repeat":"repeat","background-position":"center center","background-size":"auto","background-attachment":"scroll","background-type":"","background-media":"","overlay-type":"","overlay-color":"","overlay-opacity":"","overlay-gradient":""},"tablet":{"background-color":"","background-image":"","background-repeat":"repeat","background-position":"center center","background-size":"auto","background-attachment":"scroll","background-type":"","background-media":"","overlay-type":"","overlay-color":"","overlay-opacity":"","overlay-gradient":""},"mobile":{"background-color":"","background-image":"","background-repeat":"repeat","background-position":"center center","background-size":"auto","background-attachment":"scroll","background-type":"","background-media":"","overlay-type":"","overlay-color":"","overlay-opacity":"","overlay-gradient":""}},"ast-content-background-meta":{"desktop":{"background-color":"var(--ast-global-color-4)","background-image":"","background-repeat":"repeat","background-position":"center center","background-size":"auto","background-attachment":"scroll","background-type":"","background-media":"","overlay-type":"","overlay-color":"","overlay-opacity":"","overlay-gradient":""},"tablet":{"background-color":"var(--ast-global-color-4)","background-image":"","background-repeat":"repeat","background-position":"center center","background-size":"auto","background-attachment":"scroll","background-type":"","background-media":"","overlay-type":"","overlay-color":"","overlay-opacity":"","overlay-gradient":""},"mobile":{"background-color":"var(--ast-global-color-4)","background-image":"","background-repeat":"repeat","background-position":"center center","background-size":"auto","background-attachment":"scroll","background-type":"","background-media":"","overlay-type":"","overlay-color":"","overlay-opacity":"","overlay-gradient":""}}},"product_brand":[],"product_cat":[15],"product_tag":[],"class_list":{"0":"post-21884","1":"product","2":"type-product","3":"status-publish","4":"has-post-thumbnail","6":"product_cat-ukategorisert","7":"pa_42983_5u6hdn2f-1-penn-med-1-spiss","8":"pa_42983_5u6hdn2f-1-penn-med-10-spisser","9":"pa_42983_5u6hdn2f-1-penn-med-5-spisser","10":"pa_42983_5u6hdn2f-2-penner-med-10-spisser","11":"pa_42983_9pckyk87-gull","12":"pa_42983_9pckyk87-solv","13":"desktop-align-left","14":"tablet-align-left","15":"mobile-align-left","17":"first","18":"instock","19":"shipping-taxable","20":"purchasable","21":"product-type-variable","22":"has-default-attributes"},"yoast_head":"<!-- This site is optimized with the Yoast SEO plugin v27.4 - https:\/\/yoast.com\/product\/yoast-seo-wordpress\/ -->\n<title>Flisskj\u00e6rerpenn - Senbera NO<\/title>\n<meta name=\"robots\" content=\"index, follow, max-snippet:-1, max-image-preview:large, max-video-preview:-1\" \/>\n<link rel=\"canonical\" href=\"https:\/\/senbera.com\/no\/produkt\/flisskjaererpenn\/\" \/>\n<meta property=\"og:locale\" content=\"nb_NO\" \/>\n<meta property=\"og:type\" content=\"article\" \/>\n<meta property=\"og:title\" content=\"Flisskj\u00e6rerpenn - Senbera NO\" \/>\n<meta property=\"og:description\" content=\"Denne pennen gj\u00f8r det superenkelt \u00e5 skj\u00e6re og merke fliser eller glass. Den ser ut som en vanlig penn, men den er laget for t\u00f8ffe jobber!\" \/>\n<meta property=\"og:url\" content=\"https:\/\/senbera.com\/no\/produkt\/flisskjaererpenn\/\" \/>\n<meta property=\"og:site_name\" content=\"Senbera NO\" \/>\n<meta property=\"article:modified_time\" content=\"2026-02-19T16:02:38+00:00\" \/>\n<meta property=\"og:image\" content=\"https:\/\/senbera.com\/no\/wp-content\/uploads\/sites\/18\/2026\/02\/wb0my93-1.jpg\" \/>\n\t<meta property=\"og:image:width\" content=\"540\" \/>\n\t<meta property=\"og:image:height\" content=\"540\" \/>\n\t<meta property=\"og:image:type\" content=\"image\/jpeg\" \/>\n<meta name=\"twitter:card\" content=\"summary_large_image\" \/>\n<meta name=\"twitter:label1\" content=\"Ansl. lesetid\" \/>\n\t<meta name=\"twitter:data1\" content=\"2 minutter\" \/>\n<script type=\"application\/ld+json\" class=\"yoast-schema-graph\">{\"@context\":\"https:\\\/\\\/schema.org\",\"@graph\":[{\"@type\":\"WebPage\",\"@id\":\"https:\\\/\\\/senbera.com\\\/no\\\/produkt\\\/flisskjaererpenn\\\/\",\"url\":\"https:\\\/\\\/senbera.com\\\/no\\\/produkt\\\/flisskjaererpenn\\\/\",\"name\":\"Flisskj\u00e6rerpenn - Senbera NO\",\"isPartOf\":{\"@id\":\"https:\\\/\\\/senbera.com\\\/no\\\/#website\"},\"primaryImageOfPage\":{\"@id\":\"https:\\\/\\\/senbera.com\\\/no\\\/produkt\\\/flisskjaererpenn\\\/#primaryimage\"},\"image\":{\"@id\":\"https:\\\/\\\/senbera.com\\\/no\\\/produkt\\\/flisskjaererpenn\\\/#primaryimage\"},\"thumbnailUrl\":\"https:\\\/\\\/senbera.com\\\/no\\\/wp-content\\\/uploads\\\/sites\\\/18\\\/2026\\\/02\\\/wb0my93-1.jpg\",\"datePublished\":\"2026-02-19T15:59:46+00:00\",\"dateModified\":\"2026-02-19T16:02:38+00:00\",\"breadcrumb\":{\"@id\":\"https:\\\/\\\/senbera.com\\\/no\\\/produkt\\\/flisskjaererpenn\\\/#breadcrumb\"},\"inLanguage\":\"nb-NO\",\"potentialAction\":[{\"@type\":\"ReadAction\",\"target\":[\"https:\\\/\\\/senbera.com\\\/no\\\/produkt\\\/flisskjaererpenn\\\/\"]}]},{\"@type\":\"ImageObject\",\"inLanguage\":\"nb-NO\",\"@id\":\"https:\\\/\\\/senbera.com\\\/no\\\/produkt\\\/flisskjaererpenn\\\/#primaryimage\",\"url\":\"https:\\\/\\\/senbera.com\\\/no\\\/wp-content\\\/uploads\\\/sites\\\/18\\\/2026\\\/02\\\/wb0my93-1.jpg\",\"contentUrl\":\"https:\\\/\\\/senbera.com\\\/no\\\/wp-content\\\/uploads\\\/sites\\\/18\\\/2026\\\/02\\\/wb0my93-1.jpg\",\"width\":540,\"height\":540},{\"@type\":\"BreadcrumbList\",\"@id\":\"https:\\\/\\\/senbera.com\\\/no\\\/produkt\\\/flisskjaererpenn\\\/#breadcrumb\",\"itemListElement\":[{\"@type\":\"ListItem\",\"position\":1,\"name\":\"Home\",\"item\":\"https:\\\/\\\/senbera.com\\\/no\\\/\"},{\"@type\":\"ListItem\",\"position\":2,\"name\":\"Butikk\",\"item\":\"https:\\\/\\\/senbera.com\\\/no\\\/butikk\\\/\"},{\"@type\":\"ListItem\",\"position\":3,\"name\":\"Flisskj\u00e6rerpenn\"}]},{\"@type\":\"WebSite\",\"@id\":\"https:\\\/\\\/senbera.com\\\/no\\\/#website\",\"url\":\"https:\\\/\\\/senbera.com\\\/no\\\/\",\"name\":\"Senbera NO\",\"description\":\"\",\"publisher\":{\"@id\":\"https:\\\/\\\/senbera.com\\\/no\\\/#organization\"},\"potentialAction\":[{\"@type\":\"SearchAction\",\"target\":{\"@type\":\"EntryPoint\",\"urlTemplate\":\"https:\\\/\\\/senbera.com\\\/no\\\/?s={search_term_string}\"},\"query-input\":{\"@type\":\"PropertyValueSpecification\",\"valueRequired\":true,\"valueName\":\"search_term_string\"}}],\"inLanguage\":\"nb-NO\"},{\"@type\":\"Organization\",\"@id\":\"https:\\\/\\\/senbera.com\\\/no\\\/#organization\",\"name\":\"Mekulo\",\"url\":\"https:\\\/\\\/senbera.com\\\/no\\\/\",\"logo\":{\"@type\":\"ImageObject\",\"inLanguage\":\"nb-NO\",\"@id\":\"https:\\\/\\\/senbera.com\\\/no\\\/#\\\/schema\\\/logo\\\/image\\\/\",\"url\":\"https:\\\/\\\/senbera.com\\\/no\\\/wp-content\\\/uploads\\\/sites\\\/18\\\/2025\\\/12\\\/favicon_mekulo.png\",\"contentUrl\":\"https:\\\/\\\/senbera.com\\\/no\\\/wp-content\\\/uploads\\\/sites\\\/18\\\/2025\\\/12\\\/favicon_mekulo.png\",\"width\":50,\"height\":50,\"caption\":\"Mekulo\"},\"image\":{\"@id\":\"https:\\\/\\\/senbera.com\\\/no\\\/#\\\/schema\\\/logo\\\/image\\\/\"}}]}<\/script>\n<!-- \/ Yoast SEO plugin. -->","yoast_head_json":{"title":"Flisskj\u00e6rerpenn - Senbera NO","robots":{"index":"index","follow":"follow","max-snippet":"max-snippet:-1","max-image-preview":"max-image-preview:large","max-video-preview":"max-video-preview:-1"},"canonical":"https:\/\/senbera.com\/no\/produkt\/flisskjaererpenn\/","og_locale":"nb_NO","og_type":"article","og_title":"Flisskj\u00e6rerpenn - Senbera NO","og_description":"Denne pennen gj\u00f8r det superenkelt \u00e5 skj\u00e6re og merke fliser eller glass. Den ser ut som en vanlig penn, men den er laget for t\u00f8ffe jobber!","og_url":"https:\/\/senbera.com\/no\/produkt\/flisskjaererpenn\/","og_site_name":"Senbera NO","article_modified_time":"2026-02-19T16:02:38+00:00","og_image":[{"width":540,"height":540,"url":"https:\/\/senbera.com\/no\/wp-content\/uploads\/sites\/18\/2026\/02\/wb0my93-1.jpg","type":"image\/jpeg"}],"twitter_card":"summary_large_image","twitter_misc":{"Ansl. lesetid":"2 minutter"},"schema":{"@context":"https:\/\/schema.org","@graph":[{"@type":"WebPage","@id":"https:\/\/senbera.com\/no\/produkt\/flisskjaererpenn\/","url":"https:\/\/senbera.com\/no\/produkt\/flisskjaererpenn\/","name":"Flisskj\u00e6rerpenn - Senbera NO","isPartOf":{"@id":"https:\/\/senbera.com\/no\/#website"},"primaryImageOfPage":{"@id":"https:\/\/senbera.com\/no\/produkt\/flisskjaererpenn\/#primaryimage"},"image":{"@id":"https:\/\/senbera.com\/no\/produkt\/flisskjaererpenn\/#primaryimage"},"thumbnailUrl":"https:\/\/senbera.com\/no\/wp-content\/uploads\/sites\/18\/2026\/02\/wb0my93-1.jpg","datePublished":"2026-02-19T15:59:46+00:00","dateModified":"2026-02-19T16:02:38+00:00","breadcrumb":{"@id":"https:\/\/senbera.com\/no\/produkt\/flisskjaererpenn\/#breadcrumb"},"inLanguage":"nb-NO","potentialAction":[{"@type":"ReadAction","target":["https:\/\/senbera.com\/no\/produkt\/flisskjaererpenn\/"]}]},{"@type":"ImageObject","inLanguage":"nb-NO","@id":"https:\/\/senbera.com\/no\/produkt\/flisskjaererpenn\/#primaryimage","url":"https:\/\/senbera.com\/no\/wp-content\/uploads\/sites\/18\/2026\/02\/wb0my93-1.jpg","contentUrl":"https:\/\/senbera.com\/no\/wp-content\/uploads\/sites\/18\/2026\/02\/wb0my93-1.jpg","width":540,"height":540},{"@type":"BreadcrumbList","@id":"https:\/\/senbera.com\/no\/produkt\/flisskjaererpenn\/#breadcrumb","itemListElement":[{"@type":"ListItem","position":1,"name":"Home","item":"https:\/\/senbera.com\/no\/"},{"@type":"ListItem","position":2,"name":"Butikk","item":"https:\/\/senbera.com\/no\/butikk\/"},{"@type":"ListItem","position":3,"name":"Flisskj\u00e6rerpenn"}]},{"@type":"WebSite","@id":"https:\/\/senbera.com\/no\/#website","url":"https:\/\/senbera.com\/no\/","name":"Senbera NO","description":"","publisher":{"@id":"https:\/\/senbera.com\/no\/#organization"},"potentialAction":[{"@type":"SearchAction","target":{"@type":"EntryPoint","urlTemplate":"https:\/\/senbera.com\/no\/?s={search_term_string}"},"query-input":{"@type":"PropertyValueSpecification","valueRequired":true,"valueName":"search_term_string"}}],"inLanguage":"nb-NO"},{"@type":"Organization","@id":"https:\/\/senbera.com\/no\/#organization","name":"Mekulo","url":"https:\/\/senbera.com\/no\/","logo":{"@type":"ImageObject","inLanguage":"nb-NO","@id":"https:\/\/senbera.com\/no\/#\/schema\/logo\/image\/","url":"https:\/\/senbera.com\/no\/wp-content\/uploads\/sites\/18\/2025\/12\/favicon_mekulo.png","contentUrl":"https:\/\/senbera.com\/no\/wp-content\/uploads\/sites\/18\/2025\/12\/favicon_mekulo.png","width":50,"height":50,"caption":"Mekulo"},"image":{"@id":"https:\/\/senbera.com\/no\/#\/schema\/logo\/image\/"}}]}},"_links":{"self":[{"href":"https:\/\/senbera.com\/no\/wp-json\/wp\/v2\/product\/21884","targetHints":{"allow":["GET"]}}],"collection":[{"href":"https:\/\/senbera.com\/no\/wp-json\/wp\/v2\/product"}],"about":[{"href":"https:\/\/senbera.com\/no\/wp-json\/wp\/v2\/types\/product"}],"replies":[{"embeddable":true,"href":"https:\/\/senbera.com\/no\/wp-json\/wp\/v2\/comments?post=21884"}],"wp:featuredmedia":[{"embeddable":true,"href":"https:\/\/senbera.com\/no\/wp-json\/wp\/v2\/media\/21880"}],"wp:attachment":[{"href":"https:\/\/senbera.com\/no\/wp-json\/wp\/v2\/media?parent=21884"}],"wp:term":[{"taxonomy":"product_brand","embeddable":true,"href":"https:\/\/senbera.com\/no\/wp-json\/wp\/v2\/product_brand?post=21884"},{"taxonomy":"product_cat","embeddable":true,"href":"https:\/\/senbera.com\/no\/wp-json\/wp\/v2\/product_cat?post=21884"},{"taxonomy":"product_tag","embeddable":true,"href":"https:\/\/senbera.com\/no\/wp-json\/wp\/v2\/product_tag?post=21884"}],"curies":[{"name":"wp","href":"https:\/\/api.w.org\/{rel}","templated":true}]}}