{"id":21837,"date":"2026-02-18T12:02:11","date_gmt":"2026-02-18T10:02:11","guid":{"rendered":"https:\/\/senbera.com\/no\/produkt\/magisk-leppestift-som-endrer-farge\/"},"modified":"2026-02-18T12:04:48","modified_gmt":"2026-02-18T10:04:48","slug":"magisk-leppestift-som-endrer-farge","status":"publish","type":"product","link":"https:\/\/senbera.com\/no\/produkt\/magisk-leppestift-som-endrer-farge\/","title":{"rendered":"Magisk leppestift som endrer farge"},"content":{"rendered":"<p style=\"text-align: center;\"><strong>Glans Med Myke, Vakre Lepper Hele Dagen \ud83d\udc84<\/strong><\/p>\n<h2 style=\"text-align: center;\"><img decoding=\"async\" class=\"size-full wp-image-16842 aligncenter\" src=\"https:\/\/keluvo.com\/template\/wp-content\/uploads\/sites\/5\/2025\/04\/OeFVDquMufXi97ldNgNw-Trim-ezgif.com-video-to-webp-converter-1.webp\" alt=\"\" \/><\/h2>\n<h2 style=\"text-align: center;\">Hovedfordeler \ud83d\udc8b<\/h2>\n<p style=\"text-align: center;\">\u2705 Endrer farge med leppene dine \u2013 Gir deg en unik, naturlig nyanse hver gang<span style=\"font-weight: 400;\"><br \/>\n<\/span><\/p>\n<p style=\"text-align: center;\">\u2705 Fukter i timevis \u2013 Holder leppene myke og fuktige hele dagen<\/p>\n<p style=\"text-align: center;\">\u2705 Ser ut som en blomst i glass \u2013 Klar gel\u00e9 med ekte blomst inni<\/p>\n<p style=\"text-align: center;\">\u2705 Tilf\u00f8rer en myk, glansfull glans \u2013 For et friskt og gl\u00f8dende utseende<\/p>\n<p style=\"text-align: center;\">\u2705 Perfekt til ethvert utseende \u2013 Passer perfekt til dag- eller kveldssminke<\/p>\n<h2 style=\"text-align: center;\"><img decoding=\"async\" class=\"size-full wp-image-16140 aligncenter\" src=\"https:\/\/keluvo.com\/template\/wp-content\/uploads\/sites\/5\/2025\/04\/main-image-2-24.jpeg\" alt=\"\" \/><br \/>\nProduktspesifikasjoner \ud83d\udccf<\/h2>\n<ul>\n<li style=\"font-weight: 400;\"><span style=\"font-weight: 400;\">Nettovekt: 3.2g<\/span><span style=\"font-weight: 400;\"><br \/>\n<\/span><\/li>\n<li style=\"font-weight: 400;\"><span style=\"font-weight: 400;\">St\u00f8rrelse: 2,2 x 2,2 x 7,7 cm<\/span><\/li>\n<li>Holdbarhet: 3 \u00e5r<\/li>\n<\/ul>\n<h2 style=\"text-align: center;\"><img decoding=\"async\" class=\"size-full wp-image-16141 aligncenter\" src=\"https:\/\/keluvo.com\/template\/wp-content\/uploads\/sites\/5\/2025\/04\/76cbde49-5bad-48a1-b57d-868b135e2200-1.webp-1.webp\" alt=\"\" \/><\/h2>\n<p>&nbsp;<\/p>\n<h2 style=\"text-align: center;\">Pakken inneholder \ud83d\udce6<\/h2>\n<ul>\n<li style=\"font-weight: 400;\"><span style=\"font-weight: 400;\">1x fargeskiftende leppestift.<\/span><\/li>\n<\/ul>\n","protected":false},"excerpt":{"rendered":"<p><span style=\"font-weight: 400;\">Denne unike leppestiften endrer farge i takt med kroppstemperaturen. Den holder leppene fuktige, glatte og gl\u00f8dende p\u00e5 en naturlig m\u00e5te &#8211; alt i et vakkert gel\u00e9blomstdesign!<\/span><\/p>\n","protected":false},"featured_media":21834,"comment_status":"open","ping_status":"closed","template":"","meta":{"site-sidebar-layout":"default","site-content-layout":"","ast-site-content-layout":"default","site-content-style":"default","site-sidebar-style":"default","ast-global-header-display":"","ast-banner-title-visibility":"","ast-main-header-display":"","ast-hfb-above-header-display":"","ast-hfb-below-header-display":"","ast-hfb-mobile-header-display":"","site-post-title":"","ast-breadcrumbs-content":"","ast-featured-img":"","footer-sml-layout":"","theme-transparent-header-meta":"default","adv-header-id-meta":"","stick-header-meta":"","header-above-stick-meta":"","header-main-stick-meta":"","header-below-stick-meta":"","astra-migrate-meta-layouts":"set","ast-page-background-enabled":"default","ast-page-background-meta":{"desktop":{"background-color":"var(--ast-global-color-5)","background-image":"","background-repeat":"repeat","background-position":"center center","background-size":"auto","background-attachment":"scroll","background-type":"","background-media":"","overlay-type":"","overlay-color":"","overlay-opacity":"","overlay-gradient":""},"tablet":{"background-color":"","background-image":"","background-repeat":"repeat","background-position":"center center","background-size":"auto","background-attachment":"scroll","background-type":"","background-media":"","overlay-type":"","overlay-color":"","overlay-opacity":"","overlay-gradient":""},"mobile":{"background-color":"","background-image":"","background-repeat":"repeat","background-position":"center center","background-size":"auto","background-attachment":"scroll","background-type":"","background-media":"","overlay-type":"","overlay-color":"","overlay-opacity":"","overlay-gradient":""}},"ast-content-background-meta":{"desktop":{"background-color":"var(--ast-global-color-4)","background-image":"","background-repeat":"repeat","background-position":"center center","background-size":"auto","background-attachment":"scroll","background-type":"","background-media":"","overlay-type":"","overlay-color":"","overlay-opacity":"","overlay-gradient":""},"tablet":{"background-color":"var(--ast-global-color-4)","background-image":"","background-repeat":"repeat","background-position":"center center","background-size":"auto","background-attachment":"scroll","background-type":"","background-media":"","overlay-type":"","overlay-color":"","overlay-opacity":"","overlay-gradient":""},"mobile":{"background-color":"var(--ast-global-color-4)","background-image":"","background-repeat":"repeat","background-position":"center center","background-size":"auto","background-attachment":"scroll","background-type":"","background-media":"","overlay-type":"","overlay-color":"","overlay-opacity":"","overlay-gradient":""}}},"product_brand":[],"product_cat":[15],"product_tag":[],"class_list":{"0":"post-21837","1":"product","2":"type-product","3":"status-publish","4":"has-post-thumbnail","6":"product_cat-ukategorisert","7":"pa_21678_pp8f8t3v-bla-rose","8":"pa_21678_pp8f8t3v-orange-rose","9":"pa_21678_pp8f8t3v-rod-rose","10":"desktop-align-left","11":"tablet-align-left","12":"mobile-align-left","14":"first","15":"instock","16":"shipping-taxable","17":"purchasable","18":"product-type-variable"},"yoast_head":"<!-- This site is optimized with the Yoast SEO plugin v26.6 - https:\/\/yoast.com\/wordpress\/plugins\/seo\/ -->\n<title>Magisk leppestift som endrer farge - Senbera NO<\/title>\n<meta name=\"robots\" content=\"index, follow, max-snippet:-1, max-image-preview:large, max-video-preview:-1\" \/>\n<link rel=\"canonical\" href=\"https:\/\/senbera.com\/no\/produkt\/magisk-leppestift-som-endrer-farge\/\" \/>\n<meta property=\"og:locale\" content=\"nb_NO\" \/>\n<meta property=\"og:type\" content=\"article\" \/>\n<meta property=\"og:title\" content=\"Magisk leppestift som endrer farge - Senbera NO\" \/>\n<meta property=\"og:description\" content=\"Denne unike leppestiften endrer farge i takt med kroppstemperaturen. Den holder leppene fuktige, glatte og gl\u00f8dende p\u00e5 en naturlig m\u00e5te - alt i et vakkert gel\u00e9blomstdesign!\" \/>\n<meta property=\"og:url\" content=\"https:\/\/senbera.com\/no\/produkt\/magisk-leppestift-som-endrer-farge\/\" \/>\n<meta property=\"og:site_name\" content=\"Senbera NO\" \/>\n<meta property=\"article:modified_time\" content=\"2026-02-18T10:04:48+00:00\" \/>\n<meta property=\"og:image\" content=\"https:\/\/senbera.com\/no\/wp-content\/uploads\/sites\/18\/2026\/02\/d7dd5f7-1.webp\" \/>\n\t<meta property=\"og:image:width\" content=\"416\" \/>\n\t<meta property=\"og:image:height\" content=\"416\" \/>\n\t<meta property=\"og:image:type\" content=\"image\/webp\" \/>\n<meta name=\"twitter:card\" content=\"summary_large_image\" \/>\n<meta name=\"twitter:label1\" content=\"Ansl. lesetid\" \/>\n\t<meta name=\"twitter:data1\" content=\"2 minutter\" \/>\n<script type=\"application\/ld+json\" class=\"yoast-schema-graph\">{\"@context\":\"https:\/\/schema.org\",\"@graph\":[{\"@type\":\"WebPage\",\"@id\":\"https:\/\/senbera.com\/no\/produkt\/magisk-leppestift-som-endrer-farge\/\",\"url\":\"https:\/\/senbera.com\/no\/produkt\/magisk-leppestift-som-endrer-farge\/\",\"name\":\"Magisk leppestift som endrer farge - Senbera NO\",\"isPartOf\":{\"@id\":\"https:\/\/senbera.com\/no\/#website\"},\"primaryImageOfPage\":{\"@id\":\"https:\/\/senbera.com\/no\/produkt\/magisk-leppestift-som-endrer-farge\/#primaryimage\"},\"image\":{\"@id\":\"https:\/\/senbera.com\/no\/produkt\/magisk-leppestift-som-endrer-farge\/#primaryimage\"},\"thumbnailUrl\":\"https:\/\/senbera.com\/no\/wp-content\/uploads\/sites\/18\/2026\/02\/d7dd5f7-1.webp\",\"datePublished\":\"2026-02-18T10:02:11+00:00\",\"dateModified\":\"2026-02-18T10:04:48+00:00\",\"breadcrumb\":{\"@id\":\"https:\/\/senbera.com\/no\/produkt\/magisk-leppestift-som-endrer-farge\/#breadcrumb\"},\"inLanguage\":\"nb-NO\",\"potentialAction\":[{\"@type\":\"ReadAction\",\"target\":[\"https:\/\/senbera.com\/no\/produkt\/magisk-leppestift-som-endrer-farge\/\"]}]},{\"@type\":\"ImageObject\",\"inLanguage\":\"nb-NO\",\"@id\":\"https:\/\/senbera.com\/no\/produkt\/magisk-leppestift-som-endrer-farge\/#primaryimage\",\"url\":\"https:\/\/senbera.com\/no\/wp-content\/uploads\/sites\/18\/2026\/02\/d7dd5f7-1.webp\",\"contentUrl\":\"https:\/\/senbera.com\/no\/wp-content\/uploads\/sites\/18\/2026\/02\/d7dd5f7-1.webp\",\"width\":416,\"height\":416},{\"@type\":\"BreadcrumbList\",\"@id\":\"https:\/\/senbera.com\/no\/produkt\/magisk-leppestift-som-endrer-farge\/#breadcrumb\",\"itemListElement\":[{\"@type\":\"ListItem\",\"position\":1,\"name\":\"Home\",\"item\":\"https:\/\/senbera.com\/no\/\"},{\"@type\":\"ListItem\",\"position\":2,\"name\":\"Butikk\",\"item\":\"https:\/\/senbera.com\/no\/butikk\/\"},{\"@type\":\"ListItem\",\"position\":3,\"name\":\"Magisk leppestift som endrer farge\"}]},{\"@type\":\"WebSite\",\"@id\":\"https:\/\/senbera.com\/no\/#website\",\"url\":\"https:\/\/senbera.com\/no\/\",\"name\":\"Senbera NO\",\"description\":\"\",\"publisher\":{\"@id\":\"https:\/\/senbera.com\/no\/#organization\"},\"potentialAction\":[{\"@type\":\"SearchAction\",\"target\":{\"@type\":\"EntryPoint\",\"urlTemplate\":\"https:\/\/senbera.com\/no\/?s={search_term_string}\"},\"query-input\":{\"@type\":\"PropertyValueSpecification\",\"valueRequired\":true,\"valueName\":\"search_term_string\"}}],\"inLanguage\":\"nb-NO\"},{\"@type\":\"Organization\",\"@id\":\"https:\/\/senbera.com\/no\/#organization\",\"name\":\"Mekulo\",\"url\":\"https:\/\/senbera.com\/no\/\",\"logo\":{\"@type\":\"ImageObject\",\"inLanguage\":\"nb-NO\",\"@id\":\"https:\/\/senbera.com\/no\/#\/schema\/logo\/image\/\",\"url\":\"https:\/\/senbera.com\/no\/wp-content\/uploads\/sites\/18\/2025\/12\/favicon_mekulo.png\",\"contentUrl\":\"https:\/\/senbera.com\/no\/wp-content\/uploads\/sites\/18\/2025\/12\/favicon_mekulo.png\",\"width\":50,\"height\":50,\"caption\":\"Mekulo\"},\"image\":{\"@id\":\"https:\/\/senbera.com\/no\/#\/schema\/logo\/image\/\"}}]}<\/script>\n<!-- \/ Yoast SEO plugin. -->","yoast_head_json":{"title":"Magisk leppestift som endrer farge - Senbera NO","robots":{"index":"index","follow":"follow","max-snippet":"max-snippet:-1","max-image-preview":"max-image-preview:large","max-video-preview":"max-video-preview:-1"},"canonical":"https:\/\/senbera.com\/no\/produkt\/magisk-leppestift-som-endrer-farge\/","og_locale":"nb_NO","og_type":"article","og_title":"Magisk leppestift som endrer farge - Senbera NO","og_description":"Denne unike leppestiften endrer farge i takt med kroppstemperaturen. Den holder leppene fuktige, glatte og gl\u00f8dende p\u00e5 en naturlig m\u00e5te - alt i et vakkert gel\u00e9blomstdesign!","og_url":"https:\/\/senbera.com\/no\/produkt\/magisk-leppestift-som-endrer-farge\/","og_site_name":"Senbera NO","article_modified_time":"2026-02-18T10:04:48+00:00","og_image":[{"width":416,"height":416,"url":"https:\/\/senbera.com\/no\/wp-content\/uploads\/sites\/18\/2026\/02\/d7dd5f7-1.webp","type":"image\/webp"}],"twitter_card":"summary_large_image","twitter_misc":{"Ansl. lesetid":"2 minutter"},"schema":{"@context":"https:\/\/schema.org","@graph":[{"@type":"WebPage","@id":"https:\/\/senbera.com\/no\/produkt\/magisk-leppestift-som-endrer-farge\/","url":"https:\/\/senbera.com\/no\/produkt\/magisk-leppestift-som-endrer-farge\/","name":"Magisk leppestift som endrer farge - Senbera NO","isPartOf":{"@id":"https:\/\/senbera.com\/no\/#website"},"primaryImageOfPage":{"@id":"https:\/\/senbera.com\/no\/produkt\/magisk-leppestift-som-endrer-farge\/#primaryimage"},"image":{"@id":"https:\/\/senbera.com\/no\/produkt\/magisk-leppestift-som-endrer-farge\/#primaryimage"},"thumbnailUrl":"https:\/\/senbera.com\/no\/wp-content\/uploads\/sites\/18\/2026\/02\/d7dd5f7-1.webp","datePublished":"2026-02-18T10:02:11+00:00","dateModified":"2026-02-18T10:04:48+00:00","breadcrumb":{"@id":"https:\/\/senbera.com\/no\/produkt\/magisk-leppestift-som-endrer-farge\/#breadcrumb"},"inLanguage":"nb-NO","potentialAction":[{"@type":"ReadAction","target":["https:\/\/senbera.com\/no\/produkt\/magisk-leppestift-som-endrer-farge\/"]}]},{"@type":"ImageObject","inLanguage":"nb-NO","@id":"https:\/\/senbera.com\/no\/produkt\/magisk-leppestift-som-endrer-farge\/#primaryimage","url":"https:\/\/senbera.com\/no\/wp-content\/uploads\/sites\/18\/2026\/02\/d7dd5f7-1.webp","contentUrl":"https:\/\/senbera.com\/no\/wp-content\/uploads\/sites\/18\/2026\/02\/d7dd5f7-1.webp","width":416,"height":416},{"@type":"BreadcrumbList","@id":"https:\/\/senbera.com\/no\/produkt\/magisk-leppestift-som-endrer-farge\/#breadcrumb","itemListElement":[{"@type":"ListItem","position":1,"name":"Home","item":"https:\/\/senbera.com\/no\/"},{"@type":"ListItem","position":2,"name":"Butikk","item":"https:\/\/senbera.com\/no\/butikk\/"},{"@type":"ListItem","position":3,"name":"Magisk leppestift som endrer farge"}]},{"@type":"WebSite","@id":"https:\/\/senbera.com\/no\/#website","url":"https:\/\/senbera.com\/no\/","name":"Senbera NO","description":"","publisher":{"@id":"https:\/\/senbera.com\/no\/#organization"},"potentialAction":[{"@type":"SearchAction","target":{"@type":"EntryPoint","urlTemplate":"https:\/\/senbera.com\/no\/?s={search_term_string}"},"query-input":{"@type":"PropertyValueSpecification","valueRequired":true,"valueName":"search_term_string"}}],"inLanguage":"nb-NO"},{"@type":"Organization","@id":"https:\/\/senbera.com\/no\/#organization","name":"Mekulo","url":"https:\/\/senbera.com\/no\/","logo":{"@type":"ImageObject","inLanguage":"nb-NO","@id":"https:\/\/senbera.com\/no\/#\/schema\/logo\/image\/","url":"https:\/\/senbera.com\/no\/wp-content\/uploads\/sites\/18\/2025\/12\/favicon_mekulo.png","contentUrl":"https:\/\/senbera.com\/no\/wp-content\/uploads\/sites\/18\/2025\/12\/favicon_mekulo.png","width":50,"height":50,"caption":"Mekulo"},"image":{"@id":"https:\/\/senbera.com\/no\/#\/schema\/logo\/image\/"}}]}},"_links":{"self":[{"href":"https:\/\/senbera.com\/no\/wp-json\/wp\/v2\/product\/21837","targetHints":{"allow":["GET"]}}],"collection":[{"href":"https:\/\/senbera.com\/no\/wp-json\/wp\/v2\/product"}],"about":[{"href":"https:\/\/senbera.com\/no\/wp-json\/wp\/v2\/types\/product"}],"replies":[{"embeddable":true,"href":"https:\/\/senbera.com\/no\/wp-json\/wp\/v2\/comments?post=21837"}],"wp:featuredmedia":[{"embeddable":true,"href":"https:\/\/senbera.com\/no\/wp-json\/wp\/v2\/media\/21834"}],"wp:attachment":[{"href":"https:\/\/senbera.com\/no\/wp-json\/wp\/v2\/media?parent=21837"}],"wp:term":[{"taxonomy":"product_brand","embeddable":true,"href":"https:\/\/senbera.com\/no\/wp-json\/wp\/v2\/product_brand?post=21837"},{"taxonomy":"product_cat","embeddable":true,"href":"https:\/\/senbera.com\/no\/wp-json\/wp\/v2\/product_cat?post=21837"},{"taxonomy":"product_tag","embeddable":true,"href":"https:\/\/senbera.com\/no\/wp-json\/wp\/v2\/product_tag?post=21837"}],"curies":[{"name":"wp","href":"https:\/\/api.w.org\/{rel}","templated":true}]}}