{"id":21814,"date":"2026-01-20T19:53:41","date_gmt":"2026-01-20T17:53:41","guid":{"rendered":"https:\/\/senbera.com\/no\/produkt\/bilhorn\/"},"modified":"2026-01-20T19:53:46","modified_gmt":"2026-01-20T17:53:46","slug":"bilhorn","status":"publish","type":"product","link":"https:\/\/senbera.com\/no\/produkt\/bilhorn\/","title":{"rendered":"Bilhorn"},"content":{"rendered":"<p style=\"text-align: center\"><strong><span style=\"font-weight: 400\">\ud83d\udd0a <\/span>Blast gjennom st\u00f8yen med et kraftig 300DB bilhorn for maksimal trafikksikkerhet.<span style=\"font-weight: 400\">\ud83d\ude97<\/span><\/strong><\/p>\n<p style=\"text-align: center\"><span style=\"font-weight: 400\">Oppgrader bilens varslingssystem med dette bilhornet &#8211; det h\u00f8yeste og mest kompakte hornet p\u00e5 markedet. Det er designet for lastebiler, SUV-er, biler, motorsykler og til og med b\u00e5ter, og gir et tordnende dobbelttonet lydsignal som vekker umiddelbar oppmerksomhet. Det er bygget for \u00e5 t\u00e5le alle v\u00e6rforhold, og er det beste valget for b\u00e5de sikkerhet og stil.<\/span><\/p>\n<p><img decoding=\"async\" class=\"size-full wp-image-18101 aligncenter\" src=\"https:\/\/keluvo.com\/template\/wp-content\/uploads\/sites\/5\/2025\/05\/0horn-ezgif.com-video-to-webp-converter.webp\" alt=\"\" \/><\/p>\n<h2 style=\"text-align: center\">\u2705 Hovedfordeler<\/h2>\n<p><span style=\"font-weight: 400\">\ud83d\udd0a Ekstremt h\u00f8y 300DB-lyd &#8211; s\u00f8rger for at du blir h\u00f8rt i alle situasjoner<\/span><span style=\"font-weight: 400\"><br \/>\n<\/span><\/p>\n<p><span style=\"font-weight: 400\">\ud83d\ude97 Universell passform &#8211; perfekt for biler, lastebiler, b\u00e5ter, motorsykler og mer<\/span><span style=\"font-weight: 400\"><br \/>\n<\/span><\/p>\n<p><span style=\"font-weight: 400\">\ud83d\udca7 Vanntett og v\u00e6rbestandig &#8211; fungerer feilfritt; v\u00e6rbestandig &#8211; fungerer feilfritt i regn og rusk shine<\/span><span style=\"font-weight: 400\"><br \/>\n<\/span><\/p>\n<p><span style=\"font-weight: 400\">\u2699\ufe0f Enkel \u00e5 installere &#8211; enkelt oppsett med medf\u00f8lgende monteringsutstyr<\/span><\/p>\n<p><span style=\"font-weight: 400\">\ud83c\udfba Design med to toner &#8211; klar, dyp, toglignende hornlyd<\/span><\/p>\n<p><img decoding=\"async\" class=\"size-full wp-image-18103 aligncenter\" src=\"https:\/\/keluvo.com\/template\/wp-content\/uploads\/sites\/5\/2025\/05\/21783-1.jpg\" alt=\"\" \/><\/p>\n<h2 style=\"text-align: center\">\ud83d\udd04 Slik bruker du hornet<\/h2>\n<ol>\n<li style=\"font-weight: 400\"><span style=\"font-weight: 400\">Koble hornet til bilens 12 V-str\u00f8mforsyning.<\/span><span style=\"font-weight: 400\"><br \/>\n<\/span><\/li>\n<li style=\"font-weight: 400\"><span style=\"font-weight: 400\">Bruk det medf\u00f8lgende strykejernet og skruehattene til \u00e5 montere det sikkert.<\/span><span style=\"font-weight: 400\"><br \/>\n<\/span><\/li>\n<li style=\"font-weight: 400\"><span style=\"font-weight: 400\">test hornet etter montering for \u00e5 sikre at det fungerer som det skal.<\/span><\/li>\n<li style=\"font-weight: 400\"><span style=\"font-weight: 400\">du er klar til \u00e5 rulle med 300DB sikkerhet og stil.<\/span><\/li>\n<\/ol>\n<h2 style=\"text-align: center\">\ud83d\udcd0 Produktdetaljer<\/h2>\n<ul>\n<li style=\"font-weight: 400\"><span style=\"font-weight: 400\">Spenning: 12V<\/span><span style=\"font-weight: 400\"><br \/>\n<\/span><\/li>\n<li style=\"font-weight: 400\"><span style=\"font-weight: 400\">Frekvens: lav 410Hz, h\u00f8y 510Hz<\/span><span style=\"font-weight: 400\"><br \/>\n<\/span><\/li>\n<li style=\"font-weight: 400\"><span style=\"font-weight: 400\">Lydniv\u00e5: 300DB (2x 150DB toner)<\/span><span style=\"font-weight: 400\"><br \/>\n<\/span><\/li>\n<li style=\"font-weight: 400\"><span style=\"font-weight: 400\">Effekt: ca. 48W<\/span><span style=\"font-weight: 400\"><br \/>\n<\/span><\/li>\n<li style=\"font-weight: 400\"><span style=\"font-weight: 400\">Materiale: ABS-polymer + metall (korrosjonsbestandig og vanntett)<\/span><\/li>\n<\/ul>\n<h2 style=\"text-align: center\">\ud83d\udce6 Pakken inkluderer<\/h2>\n<ul>\n<li style=\"font-weight: 400\"><span style=\"font-weight: 400\">1x 300DB supertoghorn<\/span><span style=\"font-weight: 400\"><br \/>\n<\/span><\/li>\n<li style=\"font-weight: 400\"><span style=\"font-weight: 400\">1x jernplatefester<\/span><span style=\"font-weight: 400\"><br \/>\n<\/span><\/li>\n<li style=\"font-weight: 400\"><span style=\"font-weight: 400\">1x skruehatter.<\/span><\/li>\n<\/ul>\n","protected":false},"excerpt":{"rendered":"<p>\ud83d\udd0a Blast gjennom st\u00f8yen med et kraftig 300DB bilhorn for maksimal trafikksikkerhet.\ud83d\ude97 Oppgrader bilens varslingssystem med dette bilhornet &#8211; det [&hellip;]<\/p>\n","protected":false},"featured_media":21810,"comment_status":"open","ping_status":"closed","template":"","meta":{"site-sidebar-layout":"default","site-content-layout":"","ast-site-content-layout":"default","site-content-style":"default","site-sidebar-style":"default","ast-global-header-display":"","ast-banner-title-visibility":"","ast-main-header-display":"","ast-hfb-above-header-display":"","ast-hfb-below-header-display":"","ast-hfb-mobile-header-display":"","site-post-title":"","ast-breadcrumbs-content":"","ast-featured-img":"","footer-sml-layout":"","ast-disable-related-posts":"","theme-transparent-header-meta":"default","adv-header-id-meta":"","stick-header-meta":"","header-above-stick-meta":"","header-main-stick-meta":"","header-below-stick-meta":"","astra-migrate-meta-layouts":"set","ast-page-background-enabled":"default","ast-page-background-meta":{"desktop":{"background-color":"var(--ast-global-color-5)","background-image":"","background-repeat":"repeat","background-position":"center center","background-size":"auto","background-attachment":"scroll","background-type":"","background-media":"","overlay-type":"","overlay-color":"","overlay-opacity":"","overlay-gradient":""},"tablet":{"background-color":"","background-image":"","background-repeat":"repeat","background-position":"center center","background-size":"auto","background-attachment":"scroll","background-type":"","background-media":"","overlay-type":"","overlay-color":"","overlay-opacity":"","overlay-gradient":""},"mobile":{"background-color":"","background-image":"","background-repeat":"repeat","background-position":"center center","background-size":"auto","background-attachment":"scroll","background-type":"","background-media":"","overlay-type":"","overlay-color":"","overlay-opacity":"","overlay-gradient":""}},"ast-content-background-meta":{"desktop":{"background-color":"var(--ast-global-color-4)","background-image":"","background-repeat":"repeat","background-position":"center center","background-size":"auto","background-attachment":"scroll","background-type":"","background-media":"","overlay-type":"","overlay-color":"","overlay-opacity":"","overlay-gradient":""},"tablet":{"background-color":"var(--ast-global-color-4)","background-image":"","background-repeat":"repeat","background-position":"center center","background-size":"auto","background-attachment":"scroll","background-type":"","background-media":"","overlay-type":"","overlay-color":"","overlay-opacity":"","overlay-gradient":""},"mobile":{"background-color":"var(--ast-global-color-4)","background-image":"","background-repeat":"repeat","background-position":"center center","background-size":"auto","background-attachment":"scroll","background-type":"","background-media":"","overlay-type":"","overlay-color":"","overlay-opacity":"","overlay-gradient":""}}},"product_brand":[],"product_cat":[15],"product_tag":[],"class_list":{"0":"post-21814","1":"product","2":"type-product","3":"status-publish","4":"has-post-thumbnail","6":"product_cat-ukategorisert","7":"pa_29001_scvib2ac-1-stk","8":"pa_29001_scvib2ac-2-stk","9":"desktop-align-left","10":"tablet-align-left","11":"mobile-align-left","13":"first","14":"instock","15":"shipping-taxable","16":"purchasable","17":"product-type-variable"},"yoast_head":"<!-- This site is optimized with the Yoast SEO plugin v27.4 - https:\/\/yoast.com\/product\/yoast-seo-wordpress\/ -->\n<title>Bilhorn - Senbera NO<\/title>\n<meta name=\"robots\" content=\"index, follow, max-snippet:-1, max-image-preview:large, max-video-preview:-1\" \/>\n<link rel=\"canonical\" href=\"https:\/\/senbera.com\/no\/produkt\/bilhorn\/\" \/>\n<meta property=\"og:locale\" content=\"nb_NO\" \/>\n<meta property=\"og:type\" content=\"article\" \/>\n<meta property=\"og:title\" content=\"Bilhorn - Senbera NO\" \/>\n<meta property=\"og:description\" content=\"\ud83d\udd0a Blast gjennom st\u00f8yen med et kraftig 300DB bilhorn for maksimal trafikksikkerhet.\ud83d\ude97 Oppgrader bilens varslingssystem med dette bilhornet &#8211; det [&hellip;]\" \/>\n<meta property=\"og:url\" content=\"https:\/\/senbera.com\/no\/produkt\/bilhorn\/\" \/>\n<meta property=\"og:site_name\" content=\"Senbera NO\" \/>\n<meta property=\"article:modified_time\" content=\"2026-01-20T17:53:46+00:00\" \/>\n<meta name=\"twitter:card\" content=\"summary_large_image\" \/>\n<meta name=\"twitter:label1\" content=\"Ansl. lesetid\" \/>\n\t<meta name=\"twitter:data1\" content=\"1 minutt\" \/>\n<script type=\"application\/ld+json\" class=\"yoast-schema-graph\">{\"@context\":\"https:\\\/\\\/schema.org\",\"@graph\":[{\"@type\":\"WebPage\",\"@id\":\"https:\\\/\\\/senbera.com\\\/no\\\/produkt\\\/bilhorn\\\/\",\"url\":\"https:\\\/\\\/senbera.com\\\/no\\\/produkt\\\/bilhorn\\\/\",\"name\":\"Bilhorn - Senbera NO\",\"isPartOf\":{\"@id\":\"https:\\\/\\\/senbera.com\\\/no\\\/#website\"},\"primaryImageOfPage\":{\"@id\":\"https:\\\/\\\/senbera.com\\\/no\\\/produkt\\\/bilhorn\\\/#primaryimage\"},\"image\":{\"@id\":\"https:\\\/\\\/senbera.com\\\/no\\\/produkt\\\/bilhorn\\\/#primaryimage\"},\"thumbnailUrl\":\"https:\\\/\\\/senbera.com\\\/no\\\/wp-content\\\/uploads\\\/sites\\\/18\\\/2026\\\/01\\\/khamyf7-1.webp\",\"datePublished\":\"2026-01-20T17:53:41+00:00\",\"dateModified\":\"2026-01-20T17:53:46+00:00\",\"breadcrumb\":{\"@id\":\"https:\\\/\\\/senbera.com\\\/no\\\/produkt\\\/bilhorn\\\/#breadcrumb\"},\"inLanguage\":\"nb-NO\",\"potentialAction\":[{\"@type\":\"ReadAction\",\"target\":[\"https:\\\/\\\/senbera.com\\\/no\\\/produkt\\\/bilhorn\\\/\"]}]},{\"@type\":\"ImageObject\",\"inLanguage\":\"nb-NO\",\"@id\":\"https:\\\/\\\/senbera.com\\\/no\\\/produkt\\\/bilhorn\\\/#primaryimage\",\"url\":\"https:\\\/\\\/senbera.com\\\/no\\\/wp-content\\\/uploads\\\/sites\\\/18\\\/2026\\\/01\\\/khamyf7-1.webp\",\"contentUrl\":\"https:\\\/\\\/senbera.com\\\/no\\\/wp-content\\\/uploads\\\/sites\\\/18\\\/2026\\\/01\\\/khamyf7-1.webp\",\"width\":800,\"height\":800},{\"@type\":\"BreadcrumbList\",\"@id\":\"https:\\\/\\\/senbera.com\\\/no\\\/produkt\\\/bilhorn\\\/#breadcrumb\",\"itemListElement\":[{\"@type\":\"ListItem\",\"position\":1,\"name\":\"Home\",\"item\":\"https:\\\/\\\/senbera.com\\\/no\\\/\"},{\"@type\":\"ListItem\",\"position\":2,\"name\":\"Butikk\",\"item\":\"https:\\\/\\\/senbera.com\\\/no\\\/butikk\\\/\"},{\"@type\":\"ListItem\",\"position\":3,\"name\":\"Bilhorn\"}]},{\"@type\":\"WebSite\",\"@id\":\"https:\\\/\\\/senbera.com\\\/no\\\/#website\",\"url\":\"https:\\\/\\\/senbera.com\\\/no\\\/\",\"name\":\"Senbera NO\",\"description\":\"\",\"publisher\":{\"@id\":\"https:\\\/\\\/senbera.com\\\/no\\\/#organization\"},\"potentialAction\":[{\"@type\":\"SearchAction\",\"target\":{\"@type\":\"EntryPoint\",\"urlTemplate\":\"https:\\\/\\\/senbera.com\\\/no\\\/?s={search_term_string}\"},\"query-input\":{\"@type\":\"PropertyValueSpecification\",\"valueRequired\":true,\"valueName\":\"search_term_string\"}}],\"inLanguage\":\"nb-NO\"},{\"@type\":\"Organization\",\"@id\":\"https:\\\/\\\/senbera.com\\\/no\\\/#organization\",\"name\":\"Mekulo\",\"url\":\"https:\\\/\\\/senbera.com\\\/no\\\/\",\"logo\":{\"@type\":\"ImageObject\",\"inLanguage\":\"nb-NO\",\"@id\":\"https:\\\/\\\/senbera.com\\\/no\\\/#\\\/schema\\\/logo\\\/image\\\/\",\"url\":\"https:\\\/\\\/senbera.com\\\/no\\\/wp-content\\\/uploads\\\/sites\\\/18\\\/2025\\\/12\\\/favicon_mekulo.png\",\"contentUrl\":\"https:\\\/\\\/senbera.com\\\/no\\\/wp-content\\\/uploads\\\/sites\\\/18\\\/2025\\\/12\\\/favicon_mekulo.png\",\"width\":50,\"height\":50,\"caption\":\"Mekulo\"},\"image\":{\"@id\":\"https:\\\/\\\/senbera.com\\\/no\\\/#\\\/schema\\\/logo\\\/image\\\/\"}}]}<\/script>\n<!-- \/ Yoast SEO plugin. -->","yoast_head_json":{"title":"Bilhorn - Senbera NO","robots":{"index":"index","follow":"follow","max-snippet":"max-snippet:-1","max-image-preview":"max-image-preview:large","max-video-preview":"max-video-preview:-1"},"canonical":"https:\/\/senbera.com\/no\/produkt\/bilhorn\/","og_locale":"nb_NO","og_type":"article","og_title":"Bilhorn - Senbera NO","og_description":"\ud83d\udd0a Blast gjennom st\u00f8yen med et kraftig 300DB bilhorn for maksimal trafikksikkerhet.\ud83d\ude97 Oppgrader bilens varslingssystem med dette bilhornet &#8211; det [&hellip;]","og_url":"https:\/\/senbera.com\/no\/produkt\/bilhorn\/","og_site_name":"Senbera NO","article_modified_time":"2026-01-20T17:53:46+00:00","twitter_card":"summary_large_image","twitter_misc":{"Ansl. lesetid":"1 minutt"},"schema":{"@context":"https:\/\/schema.org","@graph":[{"@type":"WebPage","@id":"https:\/\/senbera.com\/no\/produkt\/bilhorn\/","url":"https:\/\/senbera.com\/no\/produkt\/bilhorn\/","name":"Bilhorn - Senbera NO","isPartOf":{"@id":"https:\/\/senbera.com\/no\/#website"},"primaryImageOfPage":{"@id":"https:\/\/senbera.com\/no\/produkt\/bilhorn\/#primaryimage"},"image":{"@id":"https:\/\/senbera.com\/no\/produkt\/bilhorn\/#primaryimage"},"thumbnailUrl":"https:\/\/senbera.com\/no\/wp-content\/uploads\/sites\/18\/2026\/01\/khamyf7-1.webp","datePublished":"2026-01-20T17:53:41+00:00","dateModified":"2026-01-20T17:53:46+00:00","breadcrumb":{"@id":"https:\/\/senbera.com\/no\/produkt\/bilhorn\/#breadcrumb"},"inLanguage":"nb-NO","potentialAction":[{"@type":"ReadAction","target":["https:\/\/senbera.com\/no\/produkt\/bilhorn\/"]}]},{"@type":"ImageObject","inLanguage":"nb-NO","@id":"https:\/\/senbera.com\/no\/produkt\/bilhorn\/#primaryimage","url":"https:\/\/senbera.com\/no\/wp-content\/uploads\/sites\/18\/2026\/01\/khamyf7-1.webp","contentUrl":"https:\/\/senbera.com\/no\/wp-content\/uploads\/sites\/18\/2026\/01\/khamyf7-1.webp","width":800,"height":800},{"@type":"BreadcrumbList","@id":"https:\/\/senbera.com\/no\/produkt\/bilhorn\/#breadcrumb","itemListElement":[{"@type":"ListItem","position":1,"name":"Home","item":"https:\/\/senbera.com\/no\/"},{"@type":"ListItem","position":2,"name":"Butikk","item":"https:\/\/senbera.com\/no\/butikk\/"},{"@type":"ListItem","position":3,"name":"Bilhorn"}]},{"@type":"WebSite","@id":"https:\/\/senbera.com\/no\/#website","url":"https:\/\/senbera.com\/no\/","name":"Senbera NO","description":"","publisher":{"@id":"https:\/\/senbera.com\/no\/#organization"},"potentialAction":[{"@type":"SearchAction","target":{"@type":"EntryPoint","urlTemplate":"https:\/\/senbera.com\/no\/?s={search_term_string}"},"query-input":{"@type":"PropertyValueSpecification","valueRequired":true,"valueName":"search_term_string"}}],"inLanguage":"nb-NO"},{"@type":"Organization","@id":"https:\/\/senbera.com\/no\/#organization","name":"Mekulo","url":"https:\/\/senbera.com\/no\/","logo":{"@type":"ImageObject","inLanguage":"nb-NO","@id":"https:\/\/senbera.com\/no\/#\/schema\/logo\/image\/","url":"https:\/\/senbera.com\/no\/wp-content\/uploads\/sites\/18\/2025\/12\/favicon_mekulo.png","contentUrl":"https:\/\/senbera.com\/no\/wp-content\/uploads\/sites\/18\/2025\/12\/favicon_mekulo.png","width":50,"height":50,"caption":"Mekulo"},"image":{"@id":"https:\/\/senbera.com\/no\/#\/schema\/logo\/image\/"}}]}},"_links":{"self":[{"href":"https:\/\/senbera.com\/no\/wp-json\/wp\/v2\/product\/21814","targetHints":{"allow":["GET"]}}],"collection":[{"href":"https:\/\/senbera.com\/no\/wp-json\/wp\/v2\/product"}],"about":[{"href":"https:\/\/senbera.com\/no\/wp-json\/wp\/v2\/types\/product"}],"replies":[{"embeddable":true,"href":"https:\/\/senbera.com\/no\/wp-json\/wp\/v2\/comments?post=21814"}],"wp:featuredmedia":[{"embeddable":true,"href":"https:\/\/senbera.com\/no\/wp-json\/wp\/v2\/media\/21810"}],"wp:attachment":[{"href":"https:\/\/senbera.com\/no\/wp-json\/wp\/v2\/media?parent=21814"}],"wp:term":[{"taxonomy":"product_brand","embeddable":true,"href":"https:\/\/senbera.com\/no\/wp-json\/wp\/v2\/product_brand?post=21814"},{"taxonomy":"product_cat","embeddable":true,"href":"https:\/\/senbera.com\/no\/wp-json\/wp\/v2\/product_cat?post=21814"},{"taxonomy":"product_tag","embeddable":true,"href":"https:\/\/senbera.com\/no\/wp-json\/wp\/v2\/product_tag?post=21814"}],"curies":[{"name":"wp","href":"https:\/\/api.w.org\/{rel}","templated":true}]}}