{"id":21784,"date":"2026-01-20T19:50:58","date_gmt":"2026-01-20T17:50:58","guid":{"rendered":"https:\/\/senbera.com\/no\/produkt\/lommebok\/"},"modified":"2026-01-20T19:51:07","modified_gmt":"2026-01-20T17:51:07","slug":"lommebok","status":"publish","type":"product","link":"https:\/\/senbera.com\/no\/produkt\/lommebok\/","title":{"rendered":"Lommebok"},"content":{"rendered":"<p style=\"text-align: center\"><strong><span style=\"font-weight: 400\">\ud83d\udcb3<\/span>Ta med deg alt det viktigste i en s\u00f8t, kompakt lommebok<span style=\"font-weight: 400\">\ud83c\udf81<\/span><\/strong><\/p>\n<p style=\"text-align: center\"><span style=\"font-weight: 400\">Denne minikredittkortlommeboken er designet for \u00e5 romme kort, mynter og kontanter, samtidig som den holder alt trygt og organisert. Den morsomme designen, det romslige interi\u00f8ret og den enkle st\u00f8rrelsen gj\u00f8r den perfekt til daglig bruk, p\u00e5 reise eller som gave.<\/span><\/p>\n<p><img decoding=\"async\" class=\"size-full wp-image-18121 aligncenter\" src=\"https:\/\/keluvo.com\/template\/wp-content\/uploads\/sites\/5\/2025\/05\/wallet-ezgif.com-video-to-webp-converter-1.webp\" alt=\"\" \/><\/p>\n<h2 style=\"text-align: center\">\u2705 Hovedfordeler<\/h2>\n<p><span style=\"font-weight: 400\">\ud83e\uddf5 Slitesterkt materiale \u2013 laget av slitesterk PU som motst\u00e5r slitasje<\/span><span style=\"font-weight: 400\"><br \/>\n<\/span><\/p>\n<p><span style=\"font-weight: 400\">\ud83d\udcb3 Plass til opptil 11 kort \u2013 oppbevar alle viktige kort p\u00e5 ett sted<\/span><span style=\"font-weight: 400\"><br \/>\n<\/span><\/p>\n<p><span style=\"font-weight: 400\">\ud83d\udc5c Kompakt og b\u00e6rbar \u2013 passer lett i lommen eller en liten veske<\/span><span style=\"font-weight: 400\"><br \/>\n<\/span><\/p>\n<p><span style=\"font-weight: 400\">\ud83d\udd10 Glidel\u00e5sdesign \u2013 holder kortene og myntene dine trygge<\/span><span style=\"font-weight: 400\"><br \/>\n<\/span><\/p>\n<p><span style=\"font-weight: 400\">\ud83c\udf81 Perfekt gave \u2013 flott til bursdager, h\u00f8ytider eller spesielle anledninger<\/span><\/p>\n<p><img decoding=\"async\" class=\"size-full wp-image-18127 aligncenter\" src=\"https:\/\/keluvo.com\/template\/wp-content\/uploads\/sites\/5\/2025\/05\/21170ee4-ac84-43c6-b4d8-bb47ab25a998.webp\" alt=\"\" \/><\/p>\n<h2 style=\"text-align: center\">\ud83d\udd04 Slik bruker du lommeboken<\/h2>\n<ol>\n<li style=\"font-weight: 400\"><span style=\"font-weight: 400\">Glidel\u00e5s opp lommeboken for \u00e5 \u00e5pne den.<\/span><span style=\"font-weight: 400\"><br \/>\n<\/span><\/li>\n<li style=\"font-weight: 400\"><span style=\"font-weight: 400\">Sett kortene dine inn i trekkspillspaltene.<\/span><span style=\"font-weight: 400\"><br \/>\n<\/span><\/li>\n<li style=\"font-weight: 400\"><span style=\"font-weight: 400\">bruk det indre rommet til mynter, kontanter eller sm\u00e5ting.<\/span><\/li>\n<li style=\"font-weight: 400\"><span style=\"font-weight: 400\">lukk den med glidel\u00e5s for \u00e5 holde alt trygt og enkelt \u00e5 b\u00e6re.<\/span><\/li>\n<\/ol>\n<h2 style=\"text-align: center\">\ud83d\udcd0 Produktdetaljer<\/h2>\n<ul>\n<li style=\"font-weight: 400\"><span style=\"font-weight: 400\">Materiale: PU-skinn<\/span><span style=\"font-weight: 400\"><br \/>\n<\/span><\/li>\n<li style=\"font-weight: 400\"><span style=\"font-weight: 400\">St\u00f8rrelse: 12,4 x 8,2 x 3 cm<\/span><span style=\"font-weight: 400\"><br \/>\n<\/span><\/li>\n<li style=\"font-weight: 400\"><span style=\"font-weight: 400\">Stil: trekkspillkortspor med glidel\u00e5slukking<\/span><\/li>\n<li style=\"font-weight: 400\"><span style=\"font-weight: 400\">Kapasitet: har plass til opptil 11 kort + mynter<\/span><\/li>\n<\/ul>\n<h2 style=\"text-align: center\">\ud83d\udce6 Pakken inneholder<\/h2>\n<ul>\n<li style=\"font-weight: 400\"><span style=\"font-weight: 400\">1x kredittkortlommebok.<\/span><\/li>\n<\/ul>\n","protected":false},"excerpt":{"rendered":"<p>\ud83d\udcb3Ta med deg alt det viktigste i en s\u00f8t, kompakt lommebok\ud83c\udf81 Denne minikredittkortlommeboken er designet for \u00e5 romme kort, mynter [&hellip;]<\/p>\n","protected":false},"featured_media":21780,"comment_status":"open","ping_status":"closed","template":"","meta":{"site-sidebar-layout":"default","site-content-layout":"","ast-site-content-layout":"default","site-content-style":"default","site-sidebar-style":"default","ast-global-header-display":"","ast-banner-title-visibility":"","ast-main-header-display":"","ast-hfb-above-header-display":"","ast-hfb-below-header-display":"","ast-hfb-mobile-header-display":"","site-post-title":"","ast-breadcrumbs-content":"","ast-featured-img":"","footer-sml-layout":"","theme-transparent-header-meta":"default","adv-header-id-meta":"","stick-header-meta":"","header-above-stick-meta":"","header-main-stick-meta":"","header-below-stick-meta":"","astra-migrate-meta-layouts":"set","ast-page-background-enabled":"default","ast-page-background-meta":{"desktop":{"background-color":"var(--ast-global-color-5)","background-image":"","background-repeat":"repeat","background-position":"center center","background-size":"auto","background-attachment":"scroll","background-type":"","background-media":"","overlay-type":"","overlay-color":"","overlay-opacity":"","overlay-gradient":""},"tablet":{"background-color":"","background-image":"","background-repeat":"repeat","background-position":"center center","background-size":"auto","background-attachment":"scroll","background-type":"","background-media":"","overlay-type":"","overlay-color":"","overlay-opacity":"","overlay-gradient":""},"mobile":{"background-color":"","background-image":"","background-repeat":"repeat","background-position":"center center","background-size":"auto","background-attachment":"scroll","background-type":"","background-media":"","overlay-type":"","overlay-color":"","overlay-opacity":"","overlay-gradient":""}},"ast-content-background-meta":{"desktop":{"background-color":"var(--ast-global-color-4)","background-image":"","background-repeat":"repeat","background-position":"center center","background-size":"auto","background-attachment":"scroll","background-type":"","background-media":"","overlay-type":"","overlay-color":"","overlay-opacity":"","overlay-gradient":""},"tablet":{"background-color":"var(--ast-global-color-4)","background-image":"","background-repeat":"repeat","background-position":"center center","background-size":"auto","background-attachment":"scroll","background-type":"","background-media":"","overlay-type":"","overlay-color":"","overlay-opacity":"","overlay-gradient":""},"mobile":{"background-color":"var(--ast-global-color-4)","background-image":"","background-repeat":"repeat","background-position":"center center","background-size":"auto","background-attachment":"scroll","background-type":"","background-media":"","overlay-type":"","overlay-color":"","overlay-opacity":"","overlay-gradient":""}}},"product_brand":[],"product_cat":[15],"product_tag":[],"class_list":{"0":"post-21784","1":"product","2":"type-product","3":"status-publish","4":"has-post-thumbnail","6":"product_cat-ukategorisert","7":"pa_18475_61boby1x-gra","8":"pa_18475_61boby1x-rod","9":"pa_18475_61boby1x-rosa","10":"pa_18475_61boby1x-svart","11":"desktop-align-left","12":"tablet-align-left","13":"mobile-align-left","15":"first","16":"instock","17":"shipping-taxable","18":"purchasable","19":"product-type-variable"},"yoast_head":"<!-- This site is optimized with the Yoast SEO plugin v26.6 - https:\/\/yoast.com\/wordpress\/plugins\/seo\/ -->\n<title>Lommebok - Senbera NO<\/title>\n<meta name=\"robots\" content=\"index, follow, max-snippet:-1, max-image-preview:large, max-video-preview:-1\" \/>\n<link rel=\"canonical\" href=\"https:\/\/senbera.com\/no\/produkt\/lommebok\/\" \/>\n<meta property=\"og:locale\" content=\"nb_NO\" \/>\n<meta property=\"og:type\" content=\"article\" \/>\n<meta property=\"og:title\" content=\"Lommebok - Senbera NO\" \/>\n<meta property=\"og:description\" content=\"\ud83d\udcb3Ta med deg alt det viktigste i en s\u00f8t, kompakt lommebok\ud83c\udf81 Denne minikredittkortlommeboken er designet for \u00e5 romme kort, mynter [&hellip;]\" \/>\n<meta property=\"og:url\" content=\"https:\/\/senbera.com\/no\/produkt\/lommebok\/\" \/>\n<meta property=\"og:site_name\" content=\"Senbera NO\" \/>\n<meta property=\"article:modified_time\" content=\"2026-01-20T17:51:07+00:00\" \/>\n<meta name=\"twitter:card\" content=\"summary_large_image\" \/>\n<meta name=\"twitter:label1\" content=\"Ansl. lesetid\" \/>\n\t<meta name=\"twitter:data1\" content=\"1 minutt\" \/>\n<script type=\"application\/ld+json\" class=\"yoast-schema-graph\">{\"@context\":\"https:\/\/schema.org\",\"@graph\":[{\"@type\":\"WebPage\",\"@id\":\"https:\/\/senbera.com\/no\/produkt\/lommebok\/\",\"url\":\"https:\/\/senbera.com\/no\/produkt\/lommebok\/\",\"name\":\"Lommebok - Senbera NO\",\"isPartOf\":{\"@id\":\"https:\/\/senbera.com\/no\/#website\"},\"primaryImageOfPage\":{\"@id\":\"https:\/\/senbera.com\/no\/produkt\/lommebok\/#primaryimage\"},\"image\":{\"@id\":\"https:\/\/senbera.com\/no\/produkt\/lommebok\/#primaryimage\"},\"thumbnailUrl\":\"https:\/\/senbera.com\/no\/wp-content\/uploads\/sites\/18\/2026\/01\/qr8cjm6-1.webp\",\"datePublished\":\"2026-01-20T17:50:58+00:00\",\"dateModified\":\"2026-01-20T17:51:07+00:00\",\"breadcrumb\":{\"@id\":\"https:\/\/senbera.com\/no\/produkt\/lommebok\/#breadcrumb\"},\"inLanguage\":\"nb-NO\",\"potentialAction\":[{\"@type\":\"ReadAction\",\"target\":[\"https:\/\/senbera.com\/no\/produkt\/lommebok\/\"]}]},{\"@type\":\"ImageObject\",\"inLanguage\":\"nb-NO\",\"@id\":\"https:\/\/senbera.com\/no\/produkt\/lommebok\/#primaryimage\",\"url\":\"https:\/\/senbera.com\/no\/wp-content\/uploads\/sites\/18\/2026\/01\/qr8cjm6-1.webp\",\"contentUrl\":\"https:\/\/senbera.com\/no\/wp-content\/uploads\/sites\/18\/2026\/01\/qr8cjm6-1.webp\",\"width\":800,\"height\":800},{\"@type\":\"BreadcrumbList\",\"@id\":\"https:\/\/senbera.com\/no\/produkt\/lommebok\/#breadcrumb\",\"itemListElement\":[{\"@type\":\"ListItem\",\"position\":1,\"name\":\"Home\",\"item\":\"https:\/\/senbera.com\/no\/\"},{\"@type\":\"ListItem\",\"position\":2,\"name\":\"Butikk\",\"item\":\"https:\/\/senbera.com\/no\/butikk\/\"},{\"@type\":\"ListItem\",\"position\":3,\"name\":\"Lommebok\"}]},{\"@type\":\"WebSite\",\"@id\":\"https:\/\/senbera.com\/no\/#website\",\"url\":\"https:\/\/senbera.com\/no\/\",\"name\":\"Senbera NO\",\"description\":\"\",\"publisher\":{\"@id\":\"https:\/\/senbera.com\/no\/#organization\"},\"potentialAction\":[{\"@type\":\"SearchAction\",\"target\":{\"@type\":\"EntryPoint\",\"urlTemplate\":\"https:\/\/senbera.com\/no\/?s={search_term_string}\"},\"query-input\":{\"@type\":\"PropertyValueSpecification\",\"valueRequired\":true,\"valueName\":\"search_term_string\"}}],\"inLanguage\":\"nb-NO\"},{\"@type\":\"Organization\",\"@id\":\"https:\/\/senbera.com\/no\/#organization\",\"name\":\"Mekulo\",\"url\":\"https:\/\/senbera.com\/no\/\",\"logo\":{\"@type\":\"ImageObject\",\"inLanguage\":\"nb-NO\",\"@id\":\"https:\/\/senbera.com\/no\/#\/schema\/logo\/image\/\",\"url\":\"https:\/\/senbera.com\/no\/wp-content\/uploads\/sites\/18\/2025\/12\/favicon_mekulo.png\",\"contentUrl\":\"https:\/\/senbera.com\/no\/wp-content\/uploads\/sites\/18\/2025\/12\/favicon_mekulo.png\",\"width\":50,\"height\":50,\"caption\":\"Mekulo\"},\"image\":{\"@id\":\"https:\/\/senbera.com\/no\/#\/schema\/logo\/image\/\"}}]}<\/script>\n<!-- \/ Yoast SEO plugin. -->","yoast_head_json":{"title":"Lommebok - Senbera NO","robots":{"index":"index","follow":"follow","max-snippet":"max-snippet:-1","max-image-preview":"max-image-preview:large","max-video-preview":"max-video-preview:-1"},"canonical":"https:\/\/senbera.com\/no\/produkt\/lommebok\/","og_locale":"nb_NO","og_type":"article","og_title":"Lommebok - Senbera NO","og_description":"\ud83d\udcb3Ta med deg alt det viktigste i en s\u00f8t, kompakt lommebok\ud83c\udf81 Denne minikredittkortlommeboken er designet for \u00e5 romme kort, mynter [&hellip;]","og_url":"https:\/\/senbera.com\/no\/produkt\/lommebok\/","og_site_name":"Senbera NO","article_modified_time":"2026-01-20T17:51:07+00:00","twitter_card":"summary_large_image","twitter_misc":{"Ansl. lesetid":"1 minutt"},"schema":{"@context":"https:\/\/schema.org","@graph":[{"@type":"WebPage","@id":"https:\/\/senbera.com\/no\/produkt\/lommebok\/","url":"https:\/\/senbera.com\/no\/produkt\/lommebok\/","name":"Lommebok - Senbera NO","isPartOf":{"@id":"https:\/\/senbera.com\/no\/#website"},"primaryImageOfPage":{"@id":"https:\/\/senbera.com\/no\/produkt\/lommebok\/#primaryimage"},"image":{"@id":"https:\/\/senbera.com\/no\/produkt\/lommebok\/#primaryimage"},"thumbnailUrl":"https:\/\/senbera.com\/no\/wp-content\/uploads\/sites\/18\/2026\/01\/qr8cjm6-1.webp","datePublished":"2026-01-20T17:50:58+00:00","dateModified":"2026-01-20T17:51:07+00:00","breadcrumb":{"@id":"https:\/\/senbera.com\/no\/produkt\/lommebok\/#breadcrumb"},"inLanguage":"nb-NO","potentialAction":[{"@type":"ReadAction","target":["https:\/\/senbera.com\/no\/produkt\/lommebok\/"]}]},{"@type":"ImageObject","inLanguage":"nb-NO","@id":"https:\/\/senbera.com\/no\/produkt\/lommebok\/#primaryimage","url":"https:\/\/senbera.com\/no\/wp-content\/uploads\/sites\/18\/2026\/01\/qr8cjm6-1.webp","contentUrl":"https:\/\/senbera.com\/no\/wp-content\/uploads\/sites\/18\/2026\/01\/qr8cjm6-1.webp","width":800,"height":800},{"@type":"BreadcrumbList","@id":"https:\/\/senbera.com\/no\/produkt\/lommebok\/#breadcrumb","itemListElement":[{"@type":"ListItem","position":1,"name":"Home","item":"https:\/\/senbera.com\/no\/"},{"@type":"ListItem","position":2,"name":"Butikk","item":"https:\/\/senbera.com\/no\/butikk\/"},{"@type":"ListItem","position":3,"name":"Lommebok"}]},{"@type":"WebSite","@id":"https:\/\/senbera.com\/no\/#website","url":"https:\/\/senbera.com\/no\/","name":"Senbera NO","description":"","publisher":{"@id":"https:\/\/senbera.com\/no\/#organization"},"potentialAction":[{"@type":"SearchAction","target":{"@type":"EntryPoint","urlTemplate":"https:\/\/senbera.com\/no\/?s={search_term_string}"},"query-input":{"@type":"PropertyValueSpecification","valueRequired":true,"valueName":"search_term_string"}}],"inLanguage":"nb-NO"},{"@type":"Organization","@id":"https:\/\/senbera.com\/no\/#organization","name":"Mekulo","url":"https:\/\/senbera.com\/no\/","logo":{"@type":"ImageObject","inLanguage":"nb-NO","@id":"https:\/\/senbera.com\/no\/#\/schema\/logo\/image\/","url":"https:\/\/senbera.com\/no\/wp-content\/uploads\/sites\/18\/2025\/12\/favicon_mekulo.png","contentUrl":"https:\/\/senbera.com\/no\/wp-content\/uploads\/sites\/18\/2025\/12\/favicon_mekulo.png","width":50,"height":50,"caption":"Mekulo"},"image":{"@id":"https:\/\/senbera.com\/no\/#\/schema\/logo\/image\/"}}]}},"_links":{"self":[{"href":"https:\/\/senbera.com\/no\/wp-json\/wp\/v2\/product\/21784","targetHints":{"allow":["GET"]}}],"collection":[{"href":"https:\/\/senbera.com\/no\/wp-json\/wp\/v2\/product"}],"about":[{"href":"https:\/\/senbera.com\/no\/wp-json\/wp\/v2\/types\/product"}],"replies":[{"embeddable":true,"href":"https:\/\/senbera.com\/no\/wp-json\/wp\/v2\/comments?post=21784"}],"wp:featuredmedia":[{"embeddable":true,"href":"https:\/\/senbera.com\/no\/wp-json\/wp\/v2\/media\/21780"}],"wp:attachment":[{"href":"https:\/\/senbera.com\/no\/wp-json\/wp\/v2\/media?parent=21784"}],"wp:term":[{"taxonomy":"product_brand","embeddable":true,"href":"https:\/\/senbera.com\/no\/wp-json\/wp\/v2\/product_brand?post=21784"},{"taxonomy":"product_cat","embeddable":true,"href":"https:\/\/senbera.com\/no\/wp-json\/wp\/v2\/product_cat?post=21784"},{"taxonomy":"product_tag","embeddable":true,"href":"https:\/\/senbera.com\/no\/wp-json\/wp\/v2\/product_tag?post=21784"}],"curies":[{"name":"wp","href":"https:\/\/api.w.org\/{rel}","templated":true}]}}