{"id":21299,"date":"2026-01-19T09:19:38","date_gmt":"2026-01-19T07:19:38","guid":{"rendered":"https:\/\/senbera.com\/no\/produkt\/kortleser\/"},"modified":"2026-01-19T09:19:43","modified_gmt":"2026-01-19T07:19:43","slug":"kortleser","status":"publish","type":"product","link":"https:\/\/senbera.com\/no\/produkt\/kortleser\/","title":{"rendered":"Kortleser"},"content":{"rendered":"<p style=\"text-align: center\"><strong>Med denne 4-i-1-kortleseren kan du raskt flytte bilder, videoer, musikk og dokumenter mellom telefonen, nettbrettet og datamaskinen.<\/strong><\/p>\n<p style=\"text-align: center\"><span style=\"font-weight: 400\">Med flere porter og en kompakt design er den det ultimate alt-i-ett-verkt\u00f8yet for \u00e5 h\u00e5ndtere dataene dine n\u00e5r du er p\u00e5 farten.<\/span><\/p>\n<p><img decoding=\"async\" class=\"alignnone size-full wp-image-17682 aligncenter\" src=\"https:\/\/keluvo.com\/template\/wp-content\/uploads\/sites\/5\/2025\/05\/Sa4186464eec144e38967fa42d6f80787u.jpg_960x960q75.jpg_.jpeg\" alt=\"\" \/><\/p>\n<h2 style=\"text-align: center\"><strong>Hovedfordeler<\/strong><\/h2>\n<p><span style=\"font-weight: 400\">\ud83d\udd0c 4-i-1-st\u00f8tte: USB, type-C, micro USB &amp; lightning<\/span><span style=\"font-weight: 400\"><br \/>\n<\/span><\/p>\n<p><span style=\"font-weight: 400\">\ud83d\udcbe Leser SD-, Micro SD- og TF-kort p\u00e5 opptil 400 GB<\/span><span style=\"font-weight: 400\"><br \/>\n<\/span><\/p>\n<p><span style=\"font-weight: 400\">\u26a1 Rask filoverf\u00f8ring med USB 3.0 (opptil 5 Gbps)<\/span><span style=\"font-weight: 400\"><br \/>\n<\/span><\/p>\n<p><span style=\"font-weight: 400\">\ud83d\udcf1 Fungerer med iPhone, Android, iPad og datamaskiner<\/span><span style=\"font-weight: 400\"><br \/>\n<\/span><\/p>\n<p><span style=\"font-weight: 400\">\ud83d\udd0b Lader iPhone mens du leser et kort<\/span><span style=\"font-weight: 400\"><br \/>\n<\/span><\/p>\n<p><span style=\"font-weight: 400\">\ud83e\uddf3 Liten, lett og inkluderer en n\u00f8kkelring design<\/span><\/p>\n<p style=\"text-align: center\"><img decoding=\"async\" class=\"alignnone size-full wp-image-17681\" src=\"https:\/\/keluvo.com\/template\/wp-content\/uploads\/sites\/5\/2025\/05\/S478380cccc34422b8ae53f86f1cdf56bi.jpg_960x960q75.jpg_.jpeg\" alt=\"\" \/><\/p>\n<h2 style=\"text-align: center\"><strong>Slik Bruker Du<\/strong><\/h2>\n<ol>\n<li style=\"font-weight: 400\"><span style=\"font-weight: 400\">Koble kortleseren til enheten din ved \u00e5 bruke riktig port.<\/span><span style=\"font-weight: 400\"><br \/>\n<\/span><\/li>\n<li style=\"font-weight: 400\"><span style=\"font-weight: 400\">Sett inn SD- eller Micro SD-kortet i leseren.<\/span><span style=\"font-weight: 400\"><br \/>\n<\/span><\/li>\n<li style=\"font-weight: 400\"><span style=\"font-weight: 400\">\u00e5pne filbehandleren eller fotoappen for \u00e5 f\u00e5 tilgang til filene dine.<\/span><span style=\"font-weight: 400\"><br \/>\n<\/span><\/li>\n<li style=\"font-weight: 400\"><span style=\"font-weight: 400\">overf\u00f8r, vis eller sikkerhetskopier dataene dine enkelt.<\/span><\/li>\n<\/ol>\n<h2 style=\"text-align: center\"><strong>Produktdetaljer<\/strong><\/h2>\n<ul>\n<li style=\"font-weight: 400\"><span style=\"font-weight: 400\">Materiale: PC + matt overflate<\/span><span style=\"font-weight: 400\"><br \/>\n<\/span><\/li>\n<li style=\"font-weight: 400\"><span style=\"font-weight: 400\">St\u00f8rrelse: 47,8 x 59,6 mm<\/span><span style=\"font-weight: 400\"><br \/>\n<\/span><\/li>\n<li style=\"font-weight: 400\"><span style=\"font-weight: 400\">Grensesnitt: USB A, USB-C (type C), micro USB, lightning<\/span><span style=\"font-weight: 400\"><br \/>\n<\/span><\/li>\n<li style=\"font-weight: 400\"><span style=\"font-weight: 400\">Korttyper: SD, Micro SD, TF<\/span><span style=\"font-weight: 400\"><br \/>\n<\/span><\/li>\n<li style=\"font-weight: 400\"><span style=\"font-weight: 400\">Max kapasitet som st\u00f8ttes: 400 GB<\/span><span style=\"font-weight: 400\"><br \/>\n<\/span><\/li>\n<li style=\"font-weight: 400\"><span style=\"font-weight: 400\">OS-kompatibilitet: iOS 8.0+, Android OTG, Windows, Mac<\/span><\/li>\n<\/ul>\n<h2 style=\"text-align: center\"><strong>Pakken Inneholder<\/strong><\/h2>\n<ul>\n<li><span style=\"font-weight: 400\">1x 4-i-1-kortleser.<\/span><\/li>\n<\/ul>\n","protected":false},"excerpt":{"rendered":"<p>Med denne 4-i-1-kortleseren kan du raskt flytte bilder, videoer, musikk og dokumenter mellom telefonen, nettbrettet og datamaskinen. Med flere porter [&hellip;]<\/p>\n","protected":false},"featured_media":21295,"comment_status":"open","ping_status":"closed","template":"","meta":{"site-sidebar-layout":"default","site-content-layout":"","ast-site-content-layout":"default","site-content-style":"default","site-sidebar-style":"default","ast-global-header-display":"","ast-banner-title-visibility":"","ast-main-header-display":"","ast-hfb-above-header-display":"","ast-hfb-below-header-display":"","ast-hfb-mobile-header-display":"","site-post-title":"","ast-breadcrumbs-content":"","ast-featured-img":"","footer-sml-layout":"","theme-transparent-header-meta":"default","adv-header-id-meta":"","stick-header-meta":"","header-above-stick-meta":"","header-main-stick-meta":"","header-below-stick-meta":"","astra-migrate-meta-layouts":"set","ast-page-background-enabled":"default","ast-page-background-meta":{"desktop":{"background-color":"var(--ast-global-color-5)","background-image":"","background-repeat":"repeat","background-position":"center center","background-size":"auto","background-attachment":"scroll","background-type":"","background-media":"","overlay-type":"","overlay-color":"","overlay-opacity":"","overlay-gradient":""},"tablet":{"background-color":"","background-image":"","background-repeat":"repeat","background-position":"center center","background-size":"auto","background-attachment":"scroll","background-type":"","background-media":"","overlay-type":"","overlay-color":"","overlay-opacity":"","overlay-gradient":""},"mobile":{"background-color":"","background-image":"","background-repeat":"repeat","background-position":"center center","background-size":"auto","background-attachment":"scroll","background-type":"","background-media":"","overlay-type":"","overlay-color":"","overlay-opacity":"","overlay-gradient":""}},"ast-content-background-meta":{"desktop":{"background-color":"var(--ast-global-color-4)","background-image":"","background-repeat":"repeat","background-position":"center center","background-size":"auto","background-attachment":"scroll","background-type":"","background-media":"","overlay-type":"","overlay-color":"","overlay-opacity":"","overlay-gradient":""},"tablet":{"background-color":"var(--ast-global-color-4)","background-image":"","background-repeat":"repeat","background-position":"center center","background-size":"auto","background-attachment":"scroll","background-type":"","background-media":"","overlay-type":"","overlay-color":"","overlay-opacity":"","overlay-gradient":""},"mobile":{"background-color":"var(--ast-global-color-4)","background-image":"","background-repeat":"repeat","background-position":"center center","background-size":"auto","background-attachment":"scroll","background-type":"","background-media":"","overlay-type":"","overlay-color":"","overlay-opacity":"","overlay-gradient":""}}},"product_brand":[],"product_cat":[15],"product_tag":[],"class_list":{"0":"post-21299","1":"product","2":"type-product","3":"status-publish","4":"has-post-thumbnail","6":"product_cat-ukategorisert","7":"pa_30268_mygt4vre-rosa","8":"pa_30268_mygt4vre-svart","9":"desktop-align-left","10":"tablet-align-left","11":"mobile-align-left","13":"first","14":"instock","15":"shipping-taxable","16":"purchasable","17":"product-type-variable"},"yoast_head":"<!-- This site is optimized with the Yoast SEO plugin v26.6 - https:\/\/yoast.com\/wordpress\/plugins\/seo\/ -->\n<title>Kortleser - Senbera NO<\/title>\n<meta name=\"robots\" content=\"index, follow, max-snippet:-1, max-image-preview:large, max-video-preview:-1\" \/>\n<link rel=\"canonical\" href=\"https:\/\/senbera.com\/no\/produkt\/kortleser\/\" \/>\n<meta property=\"og:locale\" content=\"nb_NO\" \/>\n<meta property=\"og:type\" content=\"article\" \/>\n<meta property=\"og:title\" content=\"Kortleser - Senbera NO\" \/>\n<meta property=\"og:description\" content=\"Med denne 4-i-1-kortleseren kan du raskt flytte bilder, videoer, musikk og dokumenter mellom telefonen, nettbrettet og datamaskinen. Med flere porter [&hellip;]\" \/>\n<meta property=\"og:url\" content=\"https:\/\/senbera.com\/no\/produkt\/kortleser\/\" \/>\n<meta property=\"og:site_name\" content=\"Senbera NO\" \/>\n<meta property=\"article:modified_time\" content=\"2026-01-19T07:19:43+00:00\" \/>\n<meta name=\"twitter:card\" content=\"summary_large_image\" \/>\n<meta name=\"twitter:label1\" content=\"Ansl. lesetid\" \/>\n\t<meta name=\"twitter:data1\" content=\"1 minutt\" \/>\n<script type=\"application\/ld+json\" class=\"yoast-schema-graph\">{\"@context\":\"https:\/\/schema.org\",\"@graph\":[{\"@type\":\"WebPage\",\"@id\":\"https:\/\/senbera.com\/no\/produkt\/kortleser\/\",\"url\":\"https:\/\/senbera.com\/no\/produkt\/kortleser\/\",\"name\":\"Kortleser - Senbera NO\",\"isPartOf\":{\"@id\":\"https:\/\/senbera.com\/no\/#website\"},\"primaryImageOfPage\":{\"@id\":\"https:\/\/senbera.com\/no\/produkt\/kortleser\/#primaryimage\"},\"image\":{\"@id\":\"https:\/\/senbera.com\/no\/produkt\/kortleser\/#primaryimage\"},\"thumbnailUrl\":\"https:\/\/senbera.com\/no\/wp-content\/uploads\/sites\/18\/2026\/01\/sgkhsz6-1.webp\",\"datePublished\":\"2026-01-19T07:19:38+00:00\",\"dateModified\":\"2026-01-19T07:19:43+00:00\",\"breadcrumb\":{\"@id\":\"https:\/\/senbera.com\/no\/produkt\/kortleser\/#breadcrumb\"},\"inLanguage\":\"nb-NO\",\"potentialAction\":[{\"@type\":\"ReadAction\",\"target\":[\"https:\/\/senbera.com\/no\/produkt\/kortleser\/\"]}]},{\"@type\":\"ImageObject\",\"inLanguage\":\"nb-NO\",\"@id\":\"https:\/\/senbera.com\/no\/produkt\/kortleser\/#primaryimage\",\"url\":\"https:\/\/senbera.com\/no\/wp-content\/uploads\/sites\/18\/2026\/01\/sgkhsz6-1.webp\",\"contentUrl\":\"https:\/\/senbera.com\/no\/wp-content\/uploads\/sites\/18\/2026\/01\/sgkhsz6-1.webp\",\"width\":800,\"height\":800},{\"@type\":\"BreadcrumbList\",\"@id\":\"https:\/\/senbera.com\/no\/produkt\/kortleser\/#breadcrumb\",\"itemListElement\":[{\"@type\":\"ListItem\",\"position\":1,\"name\":\"Home\",\"item\":\"https:\/\/senbera.com\/no\/\"},{\"@type\":\"ListItem\",\"position\":2,\"name\":\"Butikk\",\"item\":\"https:\/\/senbera.com\/no\/butikk\/\"},{\"@type\":\"ListItem\",\"position\":3,\"name\":\"Kortleser\"}]},{\"@type\":\"WebSite\",\"@id\":\"https:\/\/senbera.com\/no\/#website\",\"url\":\"https:\/\/senbera.com\/no\/\",\"name\":\"Senbera NO\",\"description\":\"\",\"publisher\":{\"@id\":\"https:\/\/senbera.com\/no\/#organization\"},\"potentialAction\":[{\"@type\":\"SearchAction\",\"target\":{\"@type\":\"EntryPoint\",\"urlTemplate\":\"https:\/\/senbera.com\/no\/?s={search_term_string}\"},\"query-input\":{\"@type\":\"PropertyValueSpecification\",\"valueRequired\":true,\"valueName\":\"search_term_string\"}}],\"inLanguage\":\"nb-NO\"},{\"@type\":\"Organization\",\"@id\":\"https:\/\/senbera.com\/no\/#organization\",\"name\":\"Mekulo\",\"url\":\"https:\/\/senbera.com\/no\/\",\"logo\":{\"@type\":\"ImageObject\",\"inLanguage\":\"nb-NO\",\"@id\":\"https:\/\/senbera.com\/no\/#\/schema\/logo\/image\/\",\"url\":\"https:\/\/senbera.com\/no\/wp-content\/uploads\/sites\/18\/2025\/12\/favicon_mekulo.png\",\"contentUrl\":\"https:\/\/senbera.com\/no\/wp-content\/uploads\/sites\/18\/2025\/12\/favicon_mekulo.png\",\"width\":50,\"height\":50,\"caption\":\"Mekulo\"},\"image\":{\"@id\":\"https:\/\/senbera.com\/no\/#\/schema\/logo\/image\/\"}}]}<\/script>\n<!-- \/ Yoast SEO plugin. -->","yoast_head_json":{"title":"Kortleser - Senbera NO","robots":{"index":"index","follow":"follow","max-snippet":"max-snippet:-1","max-image-preview":"max-image-preview:large","max-video-preview":"max-video-preview:-1"},"canonical":"https:\/\/senbera.com\/no\/produkt\/kortleser\/","og_locale":"nb_NO","og_type":"article","og_title":"Kortleser - Senbera NO","og_description":"Med denne 4-i-1-kortleseren kan du raskt flytte bilder, videoer, musikk og dokumenter mellom telefonen, nettbrettet og datamaskinen. Med flere porter [&hellip;]","og_url":"https:\/\/senbera.com\/no\/produkt\/kortleser\/","og_site_name":"Senbera NO","article_modified_time":"2026-01-19T07:19:43+00:00","twitter_card":"summary_large_image","twitter_misc":{"Ansl. lesetid":"1 minutt"},"schema":{"@context":"https:\/\/schema.org","@graph":[{"@type":"WebPage","@id":"https:\/\/senbera.com\/no\/produkt\/kortleser\/","url":"https:\/\/senbera.com\/no\/produkt\/kortleser\/","name":"Kortleser - Senbera NO","isPartOf":{"@id":"https:\/\/senbera.com\/no\/#website"},"primaryImageOfPage":{"@id":"https:\/\/senbera.com\/no\/produkt\/kortleser\/#primaryimage"},"image":{"@id":"https:\/\/senbera.com\/no\/produkt\/kortleser\/#primaryimage"},"thumbnailUrl":"https:\/\/senbera.com\/no\/wp-content\/uploads\/sites\/18\/2026\/01\/sgkhsz6-1.webp","datePublished":"2026-01-19T07:19:38+00:00","dateModified":"2026-01-19T07:19:43+00:00","breadcrumb":{"@id":"https:\/\/senbera.com\/no\/produkt\/kortleser\/#breadcrumb"},"inLanguage":"nb-NO","potentialAction":[{"@type":"ReadAction","target":["https:\/\/senbera.com\/no\/produkt\/kortleser\/"]}]},{"@type":"ImageObject","inLanguage":"nb-NO","@id":"https:\/\/senbera.com\/no\/produkt\/kortleser\/#primaryimage","url":"https:\/\/senbera.com\/no\/wp-content\/uploads\/sites\/18\/2026\/01\/sgkhsz6-1.webp","contentUrl":"https:\/\/senbera.com\/no\/wp-content\/uploads\/sites\/18\/2026\/01\/sgkhsz6-1.webp","width":800,"height":800},{"@type":"BreadcrumbList","@id":"https:\/\/senbera.com\/no\/produkt\/kortleser\/#breadcrumb","itemListElement":[{"@type":"ListItem","position":1,"name":"Home","item":"https:\/\/senbera.com\/no\/"},{"@type":"ListItem","position":2,"name":"Butikk","item":"https:\/\/senbera.com\/no\/butikk\/"},{"@type":"ListItem","position":3,"name":"Kortleser"}]},{"@type":"WebSite","@id":"https:\/\/senbera.com\/no\/#website","url":"https:\/\/senbera.com\/no\/","name":"Senbera NO","description":"","publisher":{"@id":"https:\/\/senbera.com\/no\/#organization"},"potentialAction":[{"@type":"SearchAction","target":{"@type":"EntryPoint","urlTemplate":"https:\/\/senbera.com\/no\/?s={search_term_string}"},"query-input":{"@type":"PropertyValueSpecification","valueRequired":true,"valueName":"search_term_string"}}],"inLanguage":"nb-NO"},{"@type":"Organization","@id":"https:\/\/senbera.com\/no\/#organization","name":"Mekulo","url":"https:\/\/senbera.com\/no\/","logo":{"@type":"ImageObject","inLanguage":"nb-NO","@id":"https:\/\/senbera.com\/no\/#\/schema\/logo\/image\/","url":"https:\/\/senbera.com\/no\/wp-content\/uploads\/sites\/18\/2025\/12\/favicon_mekulo.png","contentUrl":"https:\/\/senbera.com\/no\/wp-content\/uploads\/sites\/18\/2025\/12\/favicon_mekulo.png","width":50,"height":50,"caption":"Mekulo"},"image":{"@id":"https:\/\/senbera.com\/no\/#\/schema\/logo\/image\/"}}]}},"_links":{"self":[{"href":"https:\/\/senbera.com\/no\/wp-json\/wp\/v2\/product\/21299","targetHints":{"allow":["GET"]}}],"collection":[{"href":"https:\/\/senbera.com\/no\/wp-json\/wp\/v2\/product"}],"about":[{"href":"https:\/\/senbera.com\/no\/wp-json\/wp\/v2\/types\/product"}],"replies":[{"embeddable":true,"href":"https:\/\/senbera.com\/no\/wp-json\/wp\/v2\/comments?post=21299"}],"wp:featuredmedia":[{"embeddable":true,"href":"https:\/\/senbera.com\/no\/wp-json\/wp\/v2\/media\/21295"}],"wp:attachment":[{"href":"https:\/\/senbera.com\/no\/wp-json\/wp\/v2\/media?parent=21299"}],"wp:term":[{"taxonomy":"product_brand","embeddable":true,"href":"https:\/\/senbera.com\/no\/wp-json\/wp\/v2\/product_brand?post=21299"},{"taxonomy":"product_cat","embeddable":true,"href":"https:\/\/senbera.com\/no\/wp-json\/wp\/v2\/product_cat?post=21299"},{"taxonomy":"product_tag","embeddable":true,"href":"https:\/\/senbera.com\/no\/wp-json\/wp\/v2\/product_tag?post=21299"}],"curies":[{"name":"wp","href":"https:\/\/api.w.org\/{rel}","templated":true}]}}