{"id":20983,"date":"2026-01-19T07:58:01","date_gmt":"2026-01-19T05:58:01","guid":{"rendered":"https:\/\/senbera.com\/no\/produkt\/musikalsk-krus\/"},"modified":"2026-01-19T07:58:33","modified_gmt":"2026-01-19T05:58:33","slug":"musikalsk-krus","status":"publish","type":"product","link":"https:\/\/senbera.com\/no\/produkt\/musikalsk-krus\/","title":{"rendered":"Musikalsk krus"},"content":{"rendered":"<p style=\"text-align: center\"><span style=\"font-weight: 400\">\u2615<strong>Introduksjon Av Det Musikalske Kruset \u2013 Din Gledelige M\u00e5te \u00c5 Nippe Og Smile P\u00e5 Hver Dag.<\/strong>\ud83c\udfbb<\/span><\/p>\n<p style=\"text-align: center\"><span style=\"font-weight: 400\">Drikk med stil. Dette kule kruset har et morsomt h\u00e5ndtak formet som et musikkinstrument &#8211; perfekt for musikkelskere.<\/span><\/p>\n<p><img decoding=\"async\" class=\"size-full wp-image-17221 aligncenter\" src=\"https:\/\/keluvo.com\/template\/wp-content\/uploads\/sites\/5\/2025\/05\/c1e6f602-6b63-4a20-84a4-951b9528e8a9.webp\" alt=\"\" \/><\/p>\n<h2 style=\"text-align: center\">Hovedfordeler \ud83c\udfb6<\/h2>\n<p><span style=\"font-weight: 400\">Godt til kaffe, te eller andre drikker<\/span><\/p>\n<p><span style=\"font-weight: 400\">Gj\u00f8r dagen lysere med morsomme musikkvibber<\/span><\/p>\n<p><span style=\"font-weight: 400\">Sterk og trygg &#8211; laget av keramikk av h\u00f8y kvalitet<\/span><\/p>\n<p><span style=\"font-weight: 400\">F\u00e5s i morsomme stiler &#8211; velg mellom 14 forskjellige musikkinstrumenter<\/span><\/p>\n<p><span style=\"font-weight: 400\">God gave til venner, musikere og musikkfans<\/span><\/p>\n<p><img decoding=\"async\" class=\"size-full wp-image-17223 aligncenter\" src=\"https:\/\/keluvo.com\/template\/wp-content\/uploads\/sites\/5\/2025\/05\/6b0ad4fb-83d7-4e48-8107-e107537d660f.webp\" alt=\"\" \/><\/p>\n<h2 style=\"text-align: center\">Hovedtilbud <span style=\"font-weight: 400\">\u2615<\/span><\/h2>\n<p style=\"text-align: center\"><span style=\"font-weight: 400\">Dette kruset er ikke bare til \u00e5 drikke &#8211; det er en liten bit av glede! Enten du er musikkelsker eller bare vil ha et morsomt krus, er dette noe for deg. Med trykk av musikknoter og et spesielt h\u00e5ndtak gir det energi og smil til dagen din. Perfekt til morgener, avslappende kvelder eller morsomme gaver.<\/span><\/p>\n<h2 style=\"text-align: center\">\ud83d\udce6Pakken Inneholder<\/h2>\n<ul>\n<li style=\"font-weight: 400\"><span style=\"font-weight: 400\">1x keramisk musikkrus (300 ml).<\/span><\/li>\n<\/ul>\n","protected":false},"excerpt":{"rendered":"<p>\u2615Introduksjon Av Det Musikalske Kruset \u2013 Din Gledelige M\u00e5te \u00c5 Nippe Og Smile P\u00e5 Hver Dag.\ud83c\udfbb Drikk med stil. Dette [&hellip;]<\/p>\n","protected":false},"featured_media":20979,"comment_status":"open","ping_status":"closed","template":"","meta":{"site-sidebar-layout":"default","site-content-layout":"","ast-site-content-layout":"default","site-content-style":"default","site-sidebar-style":"default","ast-global-header-display":"","ast-banner-title-visibility":"","ast-main-header-display":"","ast-hfb-above-header-display":"","ast-hfb-below-header-display":"","ast-hfb-mobile-header-display":"","site-post-title":"","ast-breadcrumbs-content":"","ast-featured-img":"","footer-sml-layout":"","ast-disable-related-posts":"","theme-transparent-header-meta":"default","adv-header-id-meta":"","stick-header-meta":"","header-above-stick-meta":"","header-main-stick-meta":"","header-below-stick-meta":"","astra-migrate-meta-layouts":"set","ast-page-background-enabled":"default","ast-page-background-meta":{"desktop":{"background-color":"var(--ast-global-color-5)","background-image":"","background-repeat":"repeat","background-position":"center center","background-size":"auto","background-attachment":"scroll","background-type":"","background-media":"","overlay-type":"","overlay-color":"","overlay-opacity":"","overlay-gradient":""},"tablet":{"background-color":"","background-image":"","background-repeat":"repeat","background-position":"center center","background-size":"auto","background-attachment":"scroll","background-type":"","background-media":"","overlay-type":"","overlay-color":"","overlay-opacity":"","overlay-gradient":""},"mobile":{"background-color":"","background-image":"","background-repeat":"repeat","background-position":"center center","background-size":"auto","background-attachment":"scroll","background-type":"","background-media":"","overlay-type":"","overlay-color":"","overlay-opacity":"","overlay-gradient":""}},"ast-content-background-meta":{"desktop":{"background-color":"var(--ast-global-color-4)","background-image":"","background-repeat":"repeat","background-position":"center center","background-size":"auto","background-attachment":"scroll","background-type":"","background-media":"","overlay-type":"","overlay-color":"","overlay-opacity":"","overlay-gradient":""},"tablet":{"background-color":"var(--ast-global-color-4)","background-image":"","background-repeat":"repeat","background-position":"center center","background-size":"auto","background-attachment":"scroll","background-type":"","background-media":"","overlay-type":"","overlay-color":"","overlay-opacity":"","overlay-gradient":""},"mobile":{"background-color":"var(--ast-global-color-4)","background-image":"","background-repeat":"repeat","background-position":"center center","background-size":"auto","background-attachment":"scroll","background-type":"","background-media":"","overlay-type":"","overlay-color":"","overlay-opacity":"","overlay-gradient":""}}},"product_brand":[],"product_cat":[15],"product_tag":[],"class_list":{"0":"post-20983","1":"product","2":"type-product","3":"status-publish","4":"has-post-thumbnail","6":"product_cat-ukategorisert","7":"pa_41909_j0wgcj1h-a","8":"pa_41909_j0wgcj1h-b","9":"pa_41909_j0wgcj1h-c","10":"pa_41909_j0wgcj1h-d","11":"pa_41909_j0wgcj1h-e","12":"pa_41909_j0wgcj1h-f","13":"pa_41909_j0wgcj1h-g","14":"pa_41909_j0wgcj1h-h","15":"pa_41909_j0wgcj1h-i","16":"pa_41909_j0wgcj1h-j","17":"pa_41909_j0wgcj1h-k","18":"pa_41909_j0wgcj1h-l","19":"pa_41909_j0wgcj1h-m","20":"pa_41909_j0wgcj1h-n","21":"desktop-align-left","22":"tablet-align-left","23":"mobile-align-left","25":"first","26":"instock","27":"shipping-taxable","28":"purchasable","29":"product-type-variable"},"yoast_head":"<!-- This site is optimized with the Yoast SEO plugin v27.4 - https:\/\/yoast.com\/product\/yoast-seo-wordpress\/ -->\n<title>Musikalsk krus - Senbera NO<\/title>\n<meta name=\"robots\" content=\"index, follow, max-snippet:-1, max-image-preview:large, max-video-preview:-1\" \/>\n<link rel=\"canonical\" href=\"https:\/\/senbera.com\/no\/produkt\/musikalsk-krus\/\" \/>\n<meta property=\"og:locale\" content=\"nb_NO\" \/>\n<meta property=\"og:type\" content=\"article\" \/>\n<meta property=\"og:title\" content=\"Musikalsk krus - Senbera NO\" \/>\n<meta property=\"og:description\" content=\"\u2615Introduksjon Av Det Musikalske Kruset \u2013 Din Gledelige M\u00e5te \u00c5 Nippe Og Smile P\u00e5 Hver Dag.\ud83c\udfbb Drikk med stil. Dette [&hellip;]\" \/>\n<meta property=\"og:url\" content=\"https:\/\/senbera.com\/no\/produkt\/musikalsk-krus\/\" \/>\n<meta property=\"og:site_name\" content=\"Senbera NO\" \/>\n<meta property=\"article:modified_time\" content=\"2026-01-19T05:58:33+00:00\" \/>\n<meta name=\"twitter:card\" content=\"summary_large_image\" \/>\n<meta name=\"twitter:label1\" content=\"Ansl. lesetid\" \/>\n\t<meta name=\"twitter:data1\" content=\"1 minutt\" \/>\n<script type=\"application\/ld+json\" class=\"yoast-schema-graph\">{\"@context\":\"https:\\\/\\\/schema.org\",\"@graph\":[{\"@type\":\"WebPage\",\"@id\":\"https:\\\/\\\/senbera.com\\\/no\\\/produkt\\\/musikalsk-krus\\\/\",\"url\":\"https:\\\/\\\/senbera.com\\\/no\\\/produkt\\\/musikalsk-krus\\\/\",\"name\":\"Musikalsk krus - Senbera NO\",\"isPartOf\":{\"@id\":\"https:\\\/\\\/senbera.com\\\/no\\\/#website\"},\"primaryImageOfPage\":{\"@id\":\"https:\\\/\\\/senbera.com\\\/no\\\/produkt\\\/musikalsk-krus\\\/#primaryimage\"},\"image\":{\"@id\":\"https:\\\/\\\/senbera.com\\\/no\\\/produkt\\\/musikalsk-krus\\\/#primaryimage\"},\"thumbnailUrl\":\"https:\\\/\\\/senbera.com\\\/no\\\/wp-content\\\/uploads\\\/sites\\\/18\\\/2026\\\/01\\\/6vyjdee-1.jpg\",\"datePublished\":\"2026-01-19T05:58:01+00:00\",\"dateModified\":\"2026-01-19T05:58:33+00:00\",\"breadcrumb\":{\"@id\":\"https:\\\/\\\/senbera.com\\\/no\\\/produkt\\\/musikalsk-krus\\\/#breadcrumb\"},\"inLanguage\":\"nb-NO\",\"potentialAction\":[{\"@type\":\"ReadAction\",\"target\":[\"https:\\\/\\\/senbera.com\\\/no\\\/produkt\\\/musikalsk-krus\\\/\"]}]},{\"@type\":\"ImageObject\",\"inLanguage\":\"nb-NO\",\"@id\":\"https:\\\/\\\/senbera.com\\\/no\\\/produkt\\\/musikalsk-krus\\\/#primaryimage\",\"url\":\"https:\\\/\\\/senbera.com\\\/no\\\/wp-content\\\/uploads\\\/sites\\\/18\\\/2026\\\/01\\\/6vyjdee-1.jpg\",\"contentUrl\":\"https:\\\/\\\/senbera.com\\\/no\\\/wp-content\\\/uploads\\\/sites\\\/18\\\/2026\\\/01\\\/6vyjdee-1.jpg\",\"width\":800,\"height\":800},{\"@type\":\"BreadcrumbList\",\"@id\":\"https:\\\/\\\/senbera.com\\\/no\\\/produkt\\\/musikalsk-krus\\\/#breadcrumb\",\"itemListElement\":[{\"@type\":\"ListItem\",\"position\":1,\"name\":\"Home\",\"item\":\"https:\\\/\\\/senbera.com\\\/no\\\/\"},{\"@type\":\"ListItem\",\"position\":2,\"name\":\"Butikk\",\"item\":\"https:\\\/\\\/senbera.com\\\/no\\\/butikk\\\/\"},{\"@type\":\"ListItem\",\"position\":3,\"name\":\"Musikalsk krus\"}]},{\"@type\":\"WebSite\",\"@id\":\"https:\\\/\\\/senbera.com\\\/no\\\/#website\",\"url\":\"https:\\\/\\\/senbera.com\\\/no\\\/\",\"name\":\"Senbera NO\",\"description\":\"\",\"publisher\":{\"@id\":\"https:\\\/\\\/senbera.com\\\/no\\\/#organization\"},\"potentialAction\":[{\"@type\":\"SearchAction\",\"target\":{\"@type\":\"EntryPoint\",\"urlTemplate\":\"https:\\\/\\\/senbera.com\\\/no\\\/?s={search_term_string}\"},\"query-input\":{\"@type\":\"PropertyValueSpecification\",\"valueRequired\":true,\"valueName\":\"search_term_string\"}}],\"inLanguage\":\"nb-NO\"},{\"@type\":\"Organization\",\"@id\":\"https:\\\/\\\/senbera.com\\\/no\\\/#organization\",\"name\":\"Mekulo\",\"url\":\"https:\\\/\\\/senbera.com\\\/no\\\/\",\"logo\":{\"@type\":\"ImageObject\",\"inLanguage\":\"nb-NO\",\"@id\":\"https:\\\/\\\/senbera.com\\\/no\\\/#\\\/schema\\\/logo\\\/image\\\/\",\"url\":\"https:\\\/\\\/senbera.com\\\/no\\\/wp-content\\\/uploads\\\/sites\\\/18\\\/2025\\\/12\\\/favicon_mekulo.png\",\"contentUrl\":\"https:\\\/\\\/senbera.com\\\/no\\\/wp-content\\\/uploads\\\/sites\\\/18\\\/2025\\\/12\\\/favicon_mekulo.png\",\"width\":50,\"height\":50,\"caption\":\"Mekulo\"},\"image\":{\"@id\":\"https:\\\/\\\/senbera.com\\\/no\\\/#\\\/schema\\\/logo\\\/image\\\/\"}}]}<\/script>\n<!-- \/ Yoast SEO plugin. -->","yoast_head_json":{"title":"Musikalsk krus - Senbera NO","robots":{"index":"index","follow":"follow","max-snippet":"max-snippet:-1","max-image-preview":"max-image-preview:large","max-video-preview":"max-video-preview:-1"},"canonical":"https:\/\/senbera.com\/no\/produkt\/musikalsk-krus\/","og_locale":"nb_NO","og_type":"article","og_title":"Musikalsk krus - Senbera NO","og_description":"\u2615Introduksjon Av Det Musikalske Kruset \u2013 Din Gledelige M\u00e5te \u00c5 Nippe Og Smile P\u00e5 Hver Dag.\ud83c\udfbb Drikk med stil. Dette [&hellip;]","og_url":"https:\/\/senbera.com\/no\/produkt\/musikalsk-krus\/","og_site_name":"Senbera NO","article_modified_time":"2026-01-19T05:58:33+00:00","twitter_card":"summary_large_image","twitter_misc":{"Ansl. lesetid":"1 minutt"},"schema":{"@context":"https:\/\/schema.org","@graph":[{"@type":"WebPage","@id":"https:\/\/senbera.com\/no\/produkt\/musikalsk-krus\/","url":"https:\/\/senbera.com\/no\/produkt\/musikalsk-krus\/","name":"Musikalsk krus - Senbera NO","isPartOf":{"@id":"https:\/\/senbera.com\/no\/#website"},"primaryImageOfPage":{"@id":"https:\/\/senbera.com\/no\/produkt\/musikalsk-krus\/#primaryimage"},"image":{"@id":"https:\/\/senbera.com\/no\/produkt\/musikalsk-krus\/#primaryimage"},"thumbnailUrl":"https:\/\/senbera.com\/no\/wp-content\/uploads\/sites\/18\/2026\/01\/6vyjdee-1.jpg","datePublished":"2026-01-19T05:58:01+00:00","dateModified":"2026-01-19T05:58:33+00:00","breadcrumb":{"@id":"https:\/\/senbera.com\/no\/produkt\/musikalsk-krus\/#breadcrumb"},"inLanguage":"nb-NO","potentialAction":[{"@type":"ReadAction","target":["https:\/\/senbera.com\/no\/produkt\/musikalsk-krus\/"]}]},{"@type":"ImageObject","inLanguage":"nb-NO","@id":"https:\/\/senbera.com\/no\/produkt\/musikalsk-krus\/#primaryimage","url":"https:\/\/senbera.com\/no\/wp-content\/uploads\/sites\/18\/2026\/01\/6vyjdee-1.jpg","contentUrl":"https:\/\/senbera.com\/no\/wp-content\/uploads\/sites\/18\/2026\/01\/6vyjdee-1.jpg","width":800,"height":800},{"@type":"BreadcrumbList","@id":"https:\/\/senbera.com\/no\/produkt\/musikalsk-krus\/#breadcrumb","itemListElement":[{"@type":"ListItem","position":1,"name":"Home","item":"https:\/\/senbera.com\/no\/"},{"@type":"ListItem","position":2,"name":"Butikk","item":"https:\/\/senbera.com\/no\/butikk\/"},{"@type":"ListItem","position":3,"name":"Musikalsk krus"}]},{"@type":"WebSite","@id":"https:\/\/senbera.com\/no\/#website","url":"https:\/\/senbera.com\/no\/","name":"Senbera NO","description":"","publisher":{"@id":"https:\/\/senbera.com\/no\/#organization"},"potentialAction":[{"@type":"SearchAction","target":{"@type":"EntryPoint","urlTemplate":"https:\/\/senbera.com\/no\/?s={search_term_string}"},"query-input":{"@type":"PropertyValueSpecification","valueRequired":true,"valueName":"search_term_string"}}],"inLanguage":"nb-NO"},{"@type":"Organization","@id":"https:\/\/senbera.com\/no\/#organization","name":"Mekulo","url":"https:\/\/senbera.com\/no\/","logo":{"@type":"ImageObject","inLanguage":"nb-NO","@id":"https:\/\/senbera.com\/no\/#\/schema\/logo\/image\/","url":"https:\/\/senbera.com\/no\/wp-content\/uploads\/sites\/18\/2025\/12\/favicon_mekulo.png","contentUrl":"https:\/\/senbera.com\/no\/wp-content\/uploads\/sites\/18\/2025\/12\/favicon_mekulo.png","width":50,"height":50,"caption":"Mekulo"},"image":{"@id":"https:\/\/senbera.com\/no\/#\/schema\/logo\/image\/"}}]}},"_links":{"self":[{"href":"https:\/\/senbera.com\/no\/wp-json\/wp\/v2\/product\/20983","targetHints":{"allow":["GET"]}}],"collection":[{"href":"https:\/\/senbera.com\/no\/wp-json\/wp\/v2\/product"}],"about":[{"href":"https:\/\/senbera.com\/no\/wp-json\/wp\/v2\/types\/product"}],"replies":[{"embeddable":true,"href":"https:\/\/senbera.com\/no\/wp-json\/wp\/v2\/comments?post=20983"}],"wp:featuredmedia":[{"embeddable":true,"href":"https:\/\/senbera.com\/no\/wp-json\/wp\/v2\/media\/20979"}],"wp:attachment":[{"href":"https:\/\/senbera.com\/no\/wp-json\/wp\/v2\/media?parent=20983"}],"wp:term":[{"taxonomy":"product_brand","embeddable":true,"href":"https:\/\/senbera.com\/no\/wp-json\/wp\/v2\/product_brand?post=20983"},{"taxonomy":"product_cat","embeddable":true,"href":"https:\/\/senbera.com\/no\/wp-json\/wp\/v2\/product_cat?post=20983"},{"taxonomy":"product_tag","embeddable":true,"href":"https:\/\/senbera.com\/no\/wp-json\/wp\/v2\/product_tag?post=20983"}],"curies":[{"name":"wp","href":"https:\/\/api.w.org\/{rel}","templated":true}]}}