{"id":20974,"date":"2026-01-19T07:56:52","date_gmt":"2026-01-19T05:56:52","guid":{"rendered":"https:\/\/senbera.com\/no\/produkt\/polsemaker\/"},"modified":"2026-01-19T07:56:52","modified_gmt":"2026-01-19T05:56:52","slug":"polsemaker","status":"publish","type":"product","link":"https:\/\/senbera.com\/no\/produkt\/polsemaker\/","title":{"rendered":"P\u00f8lsemaker"},"content":{"rendered":"<p style=\"text-align: center\"><b>\ud83c\udf2dIntroduksjon av p\u00f8lsemakeren &#8211; ditt enkle verkt\u00f8y for \u00e5 lage ferske, smakfulle p\u00f8lser hjemme.\ud83d\udc69\u200d\ud83c\udf73<\/b><b><br \/>\n<\/b><\/p>\n<p style=\"text-align: center\"><span style=\"font-weight: 400\">Make p\u00f8lser raskt, ikke noe rot, ikke noe stress &#8211; bare ferskt kj\u00f8tt, enkle trinn og moro for alle.<\/span><\/p>\n<p><img decoding=\"async\" class=\"size-full wp-image-17206 aligncenter\" src=\"https:\/\/keluvo.com\/template\/wp-content\/uploads\/sites\/5\/2025\/05\/sausage-ezgif.com-video-to-webp-converter.webp\" alt=\"\" \/><\/p>\n<h2 style=\"text-align: center\"><strong>Main Fordeler<\/strong><\/h2>\n<p><span style=\"font-weight: 400\">Sikker \u00e5 bruke &#8211; laget av rustfritt st\u00e5l i matvarekvalitet<\/span><\/p>\n<p><span style=\"font-weight: 400\">Enkelt \u00e5 presse og fylle p\u00f8lser raskt<\/span><\/p>\n<p><span style=\"font-weight: 400\">Ingen glidning &#8211; holder seg p\u00e5 plass mens du jobber<\/span><\/p>\n<p><span style=\"font-weight: 400\">Morsom aktivitet for h\u00f8ytider og familiem\u00e5ltider<\/span><\/p>\n<p><span style=\"font-weight: 400\">Leveres med 5 st\u00f8rrelser r\u00f8r for alle typer sausages<\/span><\/p>\n<p><img decoding=\"async\" class=\"size-full wp-image-17211 aligncenter\" src=\"https:\/\/keluvo.com\/template\/wp-content\/uploads\/sites\/5\/2025\/05\/2545a3b5-8c1b-4d42-b0ce-9a691796c09d.webp\" alt=\"\" \/><\/p>\n<h2 style=\"text-align: center\"><strong>Main Tilbud<\/strong><\/h2>\n<p style=\"text-align: center\"><span style=\"font-weight: 400\">Denne p\u00f8lsemaskinen hjelper deg med \u00e5 lage ferske, hjemmelagde p\u00f8lser p\u00e5 f\u00e5 minutter. Bare legg til favorittkj\u00f8ttet ditt, trykk og nyt! Den er sterk, trygg og perfekt for familiehygge eller spesielle arrangementer. Med 5 munnstykkest\u00f8rrelser kan du lage tynne p\u00f8lser eller store, saftige p\u00f8lser. Du trenger ikke \u00e5 kj\u00f8pe p\u00f8lser i butikken &#8211; n\u00e5 kan du lage dine egne!<\/span><\/p>\n<h2 style=\"text-align: center\"><strong>Pakken Inneholder<\/strong><\/h2>\n<ul>\n<li style=\"font-weight: 400\"><span style=\"font-weight: 400\">1x p\u00f8lsestoppermaskin.<\/span><\/li>\n<li style=\"font-weight: 400\"><span style=\"font-weight: 400\">4x p\u00f8lsefyllingsmunnstykker.<\/span><\/li>\n<\/ul>\n","protected":false},"excerpt":{"rendered":"<p>\ud83c\udf2dIntroduksjon av p\u00f8lsemakeren &#8211; ditt enkle verkt\u00f8y for \u00e5 lage ferske, smakfulle p\u00f8lser hjemme.\ud83d\udc69\u200d\ud83c\udf73 Make p\u00f8lser raskt, ikke noe rot, [&hellip;]<\/p>\n","protected":false},"featured_media":20970,"comment_status":"open","ping_status":"closed","template":"","meta":{"site-sidebar-layout":"default","site-content-layout":"","ast-site-content-layout":"default","site-content-style":"default","site-sidebar-style":"default","ast-global-header-display":"","ast-banner-title-visibility":"","ast-main-header-display":"","ast-hfb-above-header-display":"","ast-hfb-below-header-display":"","ast-hfb-mobile-header-display":"","site-post-title":"","ast-breadcrumbs-content":"","ast-featured-img":"","footer-sml-layout":"","ast-disable-related-posts":"","theme-transparent-header-meta":"default","adv-header-id-meta":"","stick-header-meta":"","header-above-stick-meta":"","header-main-stick-meta":"","header-below-stick-meta":"","astra-migrate-meta-layouts":"set","ast-page-background-enabled":"default","ast-page-background-meta":{"desktop":{"background-color":"var(--ast-global-color-5)","background-image":"","background-repeat":"repeat","background-position":"center center","background-size":"auto","background-attachment":"scroll","background-type":"","background-media":"","overlay-type":"","overlay-color":"","overlay-opacity":"","overlay-gradient":""},"tablet":{"background-color":"","background-image":"","background-repeat":"repeat","background-position":"center center","background-size":"auto","background-attachment":"scroll","background-type":"","background-media":"","overlay-type":"","overlay-color":"","overlay-opacity":"","overlay-gradient":""},"mobile":{"background-color":"","background-image":"","background-repeat":"repeat","background-position":"center center","background-size":"auto","background-attachment":"scroll","background-type":"","background-media":"","overlay-type":"","overlay-color":"","overlay-opacity":"","overlay-gradient":""}},"ast-content-background-meta":{"desktop":{"background-color":"var(--ast-global-color-4)","background-image":"","background-repeat":"repeat","background-position":"center center","background-size":"auto","background-attachment":"scroll","background-type":"","background-media":"","overlay-type":"","overlay-color":"","overlay-opacity":"","overlay-gradient":""},"tablet":{"background-color":"var(--ast-global-color-4)","background-image":"","background-repeat":"repeat","background-position":"center center","background-size":"auto","background-attachment":"scroll","background-type":"","background-media":"","overlay-type":"","overlay-color":"","overlay-opacity":"","overlay-gradient":""},"mobile":{"background-color":"var(--ast-global-color-4)","background-image":"","background-repeat":"repeat","background-position":"center center","background-size":"auto","background-attachment":"scroll","background-type":"","background-media":"","overlay-type":"","overlay-color":"","overlay-opacity":"","overlay-gradient":""}}},"product_brand":[],"product_cat":[15],"product_tag":[],"class_list":{"0":"post-20974","1":"product","2":"type-product","3":"status-publish","4":"has-post-thumbnail","6":"product_cat-ukategorisert","7":"pa_32277_8h334iz8-a","8":"pa_32277_8h334iz8-b","9":"desktop-align-left","10":"tablet-align-left","11":"mobile-align-left","13":"first","14":"instock","15":"shipping-taxable","16":"purchasable","17":"product-type-simple"},"yoast_head":"<!-- This site is optimized with the Yoast SEO plugin v27.4 - https:\/\/yoast.com\/product\/yoast-seo-wordpress\/ -->\n<title>P\u00f8lsemaker - Senbera NO<\/title>\n<meta name=\"robots\" content=\"index, follow, max-snippet:-1, max-image-preview:large, max-video-preview:-1\" \/>\n<link rel=\"canonical\" href=\"https:\/\/senbera.com\/no\/produkt\/polsemaker\/\" \/>\n<meta property=\"og:locale\" content=\"nb_NO\" \/>\n<meta property=\"og:type\" content=\"article\" \/>\n<meta property=\"og:title\" content=\"P\u00f8lsemaker - Senbera NO\" \/>\n<meta property=\"og:description\" content=\"\ud83c\udf2dIntroduksjon av p\u00f8lsemakeren &#8211; ditt enkle verkt\u00f8y for \u00e5 lage ferske, smakfulle p\u00f8lser hjemme.\ud83d\udc69\u200d\ud83c\udf73 Make p\u00f8lser raskt, ikke noe rot, [&hellip;]\" \/>\n<meta property=\"og:url\" content=\"https:\/\/senbera.com\/no\/produkt\/polsemaker\/\" \/>\n<meta property=\"og:site_name\" content=\"Senbera NO\" \/>\n<meta name=\"twitter:card\" content=\"summary_large_image\" \/>\n<meta name=\"twitter:label1\" content=\"Ansl. lesetid\" \/>\n\t<meta name=\"twitter:data1\" content=\"1 minutt\" \/>\n<script type=\"application\/ld+json\" class=\"yoast-schema-graph\">{\"@context\":\"https:\\\/\\\/schema.org\",\"@graph\":[{\"@type\":\"WebPage\",\"@id\":\"https:\\\/\\\/senbera.com\\\/no\\\/produkt\\\/polsemaker\\\/\",\"url\":\"https:\\\/\\\/senbera.com\\\/no\\\/produkt\\\/polsemaker\\\/\",\"name\":\"P\u00f8lsemaker - Senbera NO\",\"isPartOf\":{\"@id\":\"https:\\\/\\\/senbera.com\\\/no\\\/#website\"},\"primaryImageOfPage\":{\"@id\":\"https:\\\/\\\/senbera.com\\\/no\\\/produkt\\\/polsemaker\\\/#primaryimage\"},\"image\":{\"@id\":\"https:\\\/\\\/senbera.com\\\/no\\\/produkt\\\/polsemaker\\\/#primaryimage\"},\"thumbnailUrl\":\"https:\\\/\\\/senbera.com\\\/no\\\/wp-content\\\/uploads\\\/sites\\\/18\\\/2026\\\/01\\\/tjyac6m-1.jpg\",\"datePublished\":\"2026-01-19T05:56:52+00:00\",\"breadcrumb\":{\"@id\":\"https:\\\/\\\/senbera.com\\\/no\\\/produkt\\\/polsemaker\\\/#breadcrumb\"},\"inLanguage\":\"nb-NO\",\"potentialAction\":[{\"@type\":\"ReadAction\",\"target\":[\"https:\\\/\\\/senbera.com\\\/no\\\/produkt\\\/polsemaker\\\/\"]}]},{\"@type\":\"ImageObject\",\"inLanguage\":\"nb-NO\",\"@id\":\"https:\\\/\\\/senbera.com\\\/no\\\/produkt\\\/polsemaker\\\/#primaryimage\",\"url\":\"https:\\\/\\\/senbera.com\\\/no\\\/wp-content\\\/uploads\\\/sites\\\/18\\\/2026\\\/01\\\/tjyac6m-1.jpg\",\"contentUrl\":\"https:\\\/\\\/senbera.com\\\/no\\\/wp-content\\\/uploads\\\/sites\\\/18\\\/2026\\\/01\\\/tjyac6m-1.jpg\",\"width\":800,\"height\":800},{\"@type\":\"BreadcrumbList\",\"@id\":\"https:\\\/\\\/senbera.com\\\/no\\\/produkt\\\/polsemaker\\\/#breadcrumb\",\"itemListElement\":[{\"@type\":\"ListItem\",\"position\":1,\"name\":\"Home\",\"item\":\"https:\\\/\\\/senbera.com\\\/no\\\/\"},{\"@type\":\"ListItem\",\"position\":2,\"name\":\"Butikk\",\"item\":\"https:\\\/\\\/senbera.com\\\/no\\\/butikk\\\/\"},{\"@type\":\"ListItem\",\"position\":3,\"name\":\"P\u00f8lsemaker\"}]},{\"@type\":\"WebSite\",\"@id\":\"https:\\\/\\\/senbera.com\\\/no\\\/#website\",\"url\":\"https:\\\/\\\/senbera.com\\\/no\\\/\",\"name\":\"Senbera NO\",\"description\":\"\",\"publisher\":{\"@id\":\"https:\\\/\\\/senbera.com\\\/no\\\/#organization\"},\"potentialAction\":[{\"@type\":\"SearchAction\",\"target\":{\"@type\":\"EntryPoint\",\"urlTemplate\":\"https:\\\/\\\/senbera.com\\\/no\\\/?s={search_term_string}\"},\"query-input\":{\"@type\":\"PropertyValueSpecification\",\"valueRequired\":true,\"valueName\":\"search_term_string\"}}],\"inLanguage\":\"nb-NO\"},{\"@type\":\"Organization\",\"@id\":\"https:\\\/\\\/senbera.com\\\/no\\\/#organization\",\"name\":\"Mekulo\",\"url\":\"https:\\\/\\\/senbera.com\\\/no\\\/\",\"logo\":{\"@type\":\"ImageObject\",\"inLanguage\":\"nb-NO\",\"@id\":\"https:\\\/\\\/senbera.com\\\/no\\\/#\\\/schema\\\/logo\\\/image\\\/\",\"url\":\"https:\\\/\\\/senbera.com\\\/no\\\/wp-content\\\/uploads\\\/sites\\\/18\\\/2025\\\/12\\\/favicon_mekulo.png\",\"contentUrl\":\"https:\\\/\\\/senbera.com\\\/no\\\/wp-content\\\/uploads\\\/sites\\\/18\\\/2025\\\/12\\\/favicon_mekulo.png\",\"width\":50,\"height\":50,\"caption\":\"Mekulo\"},\"image\":{\"@id\":\"https:\\\/\\\/senbera.com\\\/no\\\/#\\\/schema\\\/logo\\\/image\\\/\"}}]}<\/script>\n<!-- \/ Yoast SEO plugin. -->","yoast_head_json":{"title":"P\u00f8lsemaker - Senbera NO","robots":{"index":"index","follow":"follow","max-snippet":"max-snippet:-1","max-image-preview":"max-image-preview:large","max-video-preview":"max-video-preview:-1"},"canonical":"https:\/\/senbera.com\/no\/produkt\/polsemaker\/","og_locale":"nb_NO","og_type":"article","og_title":"P\u00f8lsemaker - Senbera NO","og_description":"\ud83c\udf2dIntroduksjon av p\u00f8lsemakeren &#8211; ditt enkle verkt\u00f8y for \u00e5 lage ferske, smakfulle p\u00f8lser hjemme.\ud83d\udc69\u200d\ud83c\udf73 Make p\u00f8lser raskt, ikke noe rot, [&hellip;]","og_url":"https:\/\/senbera.com\/no\/produkt\/polsemaker\/","og_site_name":"Senbera NO","twitter_card":"summary_large_image","twitter_misc":{"Ansl. lesetid":"1 minutt"},"schema":{"@context":"https:\/\/schema.org","@graph":[{"@type":"WebPage","@id":"https:\/\/senbera.com\/no\/produkt\/polsemaker\/","url":"https:\/\/senbera.com\/no\/produkt\/polsemaker\/","name":"P\u00f8lsemaker - Senbera NO","isPartOf":{"@id":"https:\/\/senbera.com\/no\/#website"},"primaryImageOfPage":{"@id":"https:\/\/senbera.com\/no\/produkt\/polsemaker\/#primaryimage"},"image":{"@id":"https:\/\/senbera.com\/no\/produkt\/polsemaker\/#primaryimage"},"thumbnailUrl":"https:\/\/senbera.com\/no\/wp-content\/uploads\/sites\/18\/2026\/01\/tjyac6m-1.jpg","datePublished":"2026-01-19T05:56:52+00:00","breadcrumb":{"@id":"https:\/\/senbera.com\/no\/produkt\/polsemaker\/#breadcrumb"},"inLanguage":"nb-NO","potentialAction":[{"@type":"ReadAction","target":["https:\/\/senbera.com\/no\/produkt\/polsemaker\/"]}]},{"@type":"ImageObject","inLanguage":"nb-NO","@id":"https:\/\/senbera.com\/no\/produkt\/polsemaker\/#primaryimage","url":"https:\/\/senbera.com\/no\/wp-content\/uploads\/sites\/18\/2026\/01\/tjyac6m-1.jpg","contentUrl":"https:\/\/senbera.com\/no\/wp-content\/uploads\/sites\/18\/2026\/01\/tjyac6m-1.jpg","width":800,"height":800},{"@type":"BreadcrumbList","@id":"https:\/\/senbera.com\/no\/produkt\/polsemaker\/#breadcrumb","itemListElement":[{"@type":"ListItem","position":1,"name":"Home","item":"https:\/\/senbera.com\/no\/"},{"@type":"ListItem","position":2,"name":"Butikk","item":"https:\/\/senbera.com\/no\/butikk\/"},{"@type":"ListItem","position":3,"name":"P\u00f8lsemaker"}]},{"@type":"WebSite","@id":"https:\/\/senbera.com\/no\/#website","url":"https:\/\/senbera.com\/no\/","name":"Senbera NO","description":"","publisher":{"@id":"https:\/\/senbera.com\/no\/#organization"},"potentialAction":[{"@type":"SearchAction","target":{"@type":"EntryPoint","urlTemplate":"https:\/\/senbera.com\/no\/?s={search_term_string}"},"query-input":{"@type":"PropertyValueSpecification","valueRequired":true,"valueName":"search_term_string"}}],"inLanguage":"nb-NO"},{"@type":"Organization","@id":"https:\/\/senbera.com\/no\/#organization","name":"Mekulo","url":"https:\/\/senbera.com\/no\/","logo":{"@type":"ImageObject","inLanguage":"nb-NO","@id":"https:\/\/senbera.com\/no\/#\/schema\/logo\/image\/","url":"https:\/\/senbera.com\/no\/wp-content\/uploads\/sites\/18\/2025\/12\/favicon_mekulo.png","contentUrl":"https:\/\/senbera.com\/no\/wp-content\/uploads\/sites\/18\/2025\/12\/favicon_mekulo.png","width":50,"height":50,"caption":"Mekulo"},"image":{"@id":"https:\/\/senbera.com\/no\/#\/schema\/logo\/image\/"}}]}},"_links":{"self":[{"href":"https:\/\/senbera.com\/no\/wp-json\/wp\/v2\/product\/20974","targetHints":{"allow":["GET"]}}],"collection":[{"href":"https:\/\/senbera.com\/no\/wp-json\/wp\/v2\/product"}],"about":[{"href":"https:\/\/senbera.com\/no\/wp-json\/wp\/v2\/types\/product"}],"replies":[{"embeddable":true,"href":"https:\/\/senbera.com\/no\/wp-json\/wp\/v2\/comments?post=20974"}],"wp:featuredmedia":[{"embeddable":true,"href":"https:\/\/senbera.com\/no\/wp-json\/wp\/v2\/media\/20970"}],"wp:attachment":[{"href":"https:\/\/senbera.com\/no\/wp-json\/wp\/v2\/media?parent=20974"}],"wp:term":[{"taxonomy":"product_brand","embeddable":true,"href":"https:\/\/senbera.com\/no\/wp-json\/wp\/v2\/product_brand?post=20974"},{"taxonomy":"product_cat","embeddable":true,"href":"https:\/\/senbera.com\/no\/wp-json\/wp\/v2\/product_cat?post=20974"},{"taxonomy":"product_tag","embeddable":true,"href":"https:\/\/senbera.com\/no\/wp-json\/wp\/v2\/product_tag?post=20974"}],"curies":[{"name":"wp","href":"https:\/\/api.w.org\/{rel}","templated":true}]}}