{"id":20959,"date":"2026-01-19T07:56:12","date_gmt":"2026-01-19T05:56:12","guid":{"rendered":"https:\/\/senbera.com\/no\/produkt\/magnetisk-belte\/"},"modified":"2026-01-19T07:56:19","modified_gmt":"2026-01-19T05:56:19","slug":"magnetisk-belte","status":"publish","type":"product","link":"https:\/\/senbera.com\/no\/produkt\/magnetisk-belte\/","title":{"rendered":"Magnetisk belte"},"content":{"rendered":"<p style=\"text-align: center\"><span style=\"font-weight: 400\">\ud83e\uddf2Innf\u00f8ring av magnetbeltet &#8211; din naturlige m\u00e5te \u00e5 lindre ryggsmerter og f\u00f8le deg bedre raskt.\ud83d\udc86\u200d\u2642\ufe0f<\/span><\/p>\n<p style=\"text-align: center\"><span style=\"font-weight: 400\">Soothes smerte, gir st\u00f8tte og f\u00f8les varmt. Lett \u00e5 ha p\u00e5, passer alle st\u00f8rrelser.<\/span><\/p>\n<p><img decoding=\"async\" class=\"size-full wp-image-17187 aligncenter\" src=\"https:\/\/keluvo.com\/template\/wp-content\/uploads\/sites\/5\/2025\/05\/belt-ezgif.com-video-to-webp-converter.webp\" alt=\"\" \/><\/p>\n<h2 style=\"text-align: center\"><strong>Main Benefits<\/strong><\/h2>\n<p><span style=\"font-weight: 400\">Lindrer smerter og \u00f8mhet i korsryggen<\/span><\/p>\n<p><span style=\"font-weight: 400\">Varmer midjen, magen og nyrene<\/span><\/p>\n<p><span style=\"font-weight: 400\">\u00d8ker blodgjennomstr\u00f8mningen med 14 sterke magneter<\/span><\/p>\n<p><span style=\"font-weight: 400\">Hjelper mot isjias, muskelspenninger og kramper<\/span><\/p>\n<p><span style=\"font-weight: 400\">Kan til og med bidra til \u00e5 forbrenne ekstra magefett<\/span><\/p>\n<p><img decoding=\"async\" class=\"size-full wp-image-17190 aligncenter\" src=\"https:\/\/keluvo.com\/template\/wp-content\/uploads\/sites\/5\/2025\/05\/e50e3527-045c-470b-8f2a-9d67daf6baee.webp\" alt=\"\" \/><\/p>\n<h2 style=\"text-align: center\"><strong>Main Offer<\/strong><\/h2>\n<p style=\"text-align: center\"><span style=\"font-weight: 400\">Dette beltet er perfekt for alle med ryggsmerter eller spenninger. Det klemmer forsiktig rundt korsryggen, varmer kroppen og hjelper musklene til \u00e5 f\u00f8le seg bedre. Med spesielle magneter p\u00e5 innsiden \u00f8ker det blodgjennomstr\u00f8mningen og hjelper kroppen din med \u00e5 leges naturlig. Bruk det hjemme, p\u00e5 jobb eller mens du g\u00e5r tur &#8211; komfort og lindring n\u00e5r som helst, hvor som helst.<\/span><\/p>\n<h2 style=\"text-align: center\"><strong>\ud83d\udce6Package Includes<\/strong><\/h2>\n<ul>\n<li style=\"font-weight: 400\"><span style=\"font-weight: 400\">1x magnetbelte.<\/span><\/li>\n<\/ul>\n","protected":false},"excerpt":{"rendered":"<p>\ud83e\uddf2Innf\u00f8ring av magnetbeltet &#8211; din naturlige m\u00e5te \u00e5 lindre ryggsmerter og f\u00f8le deg bedre raskt.\ud83d\udc86\u200d\u2642\ufe0f Soothes smerte, gir st\u00f8tte og [&hellip;]<\/p>\n","protected":false},"featured_media":20955,"comment_status":"open","ping_status":"closed","template":"","meta":{"site-sidebar-layout":"default","site-content-layout":"","ast-site-content-layout":"default","site-content-style":"default","site-sidebar-style":"default","ast-global-header-display":"","ast-banner-title-visibility":"","ast-main-header-display":"","ast-hfb-above-header-display":"","ast-hfb-below-header-display":"","ast-hfb-mobile-header-display":"","site-post-title":"","ast-breadcrumbs-content":"","ast-featured-img":"","footer-sml-layout":"","ast-disable-related-posts":"","theme-transparent-header-meta":"default","adv-header-id-meta":"","stick-header-meta":"","header-above-stick-meta":"","header-main-stick-meta":"","header-below-stick-meta":"","astra-migrate-meta-layouts":"set","ast-page-background-enabled":"default","ast-page-background-meta":{"desktop":{"background-color":"var(--ast-global-color-5)","background-image":"","background-repeat":"repeat","background-position":"center center","background-size":"auto","background-attachment":"scroll","background-type":"","background-media":"","overlay-type":"","overlay-color":"","overlay-opacity":"","overlay-gradient":""},"tablet":{"background-color":"","background-image":"","background-repeat":"repeat","background-position":"center center","background-size":"auto","background-attachment":"scroll","background-type":"","background-media":"","overlay-type":"","overlay-color":"","overlay-opacity":"","overlay-gradient":""},"mobile":{"background-color":"","background-image":"","background-repeat":"repeat","background-position":"center center","background-size":"auto","background-attachment":"scroll","background-type":"","background-media":"","overlay-type":"","overlay-color":"","overlay-opacity":"","overlay-gradient":""}},"ast-content-background-meta":{"desktop":{"background-color":"var(--ast-global-color-4)","background-image":"","background-repeat":"repeat","background-position":"center center","background-size":"auto","background-attachment":"scroll","background-type":"","background-media":"","overlay-type":"","overlay-color":"","overlay-opacity":"","overlay-gradient":""},"tablet":{"background-color":"var(--ast-global-color-4)","background-image":"","background-repeat":"repeat","background-position":"center center","background-size":"auto","background-attachment":"scroll","background-type":"","background-media":"","overlay-type":"","overlay-color":"","overlay-opacity":"","overlay-gradient":""},"mobile":{"background-color":"var(--ast-global-color-4)","background-image":"","background-repeat":"repeat","background-position":"center center","background-size":"auto","background-attachment":"scroll","background-type":"","background-media":"","overlay-type":"","overlay-color":"","overlay-opacity":"","overlay-gradient":""}}},"product_brand":[],"product_cat":[15],"product_tag":[],"class_list":{"0":"post-20959","1":"product","2":"type-product","3":"status-publish","4":"has-post-thumbnail","6":"product_cat-ukategorisert","7":"pa_19033_dtn3v2gt-l-90-102-cm","8":"pa_19033_dtn3v2gt-m-80-98-cm","9":"pa_19033_dtn3v2gt-xl-100-106-cm","10":"desktop-align-left","11":"tablet-align-left","12":"mobile-align-left","14":"first","15":"instock","16":"shipping-taxable","17":"purchasable","18":"product-type-variable"},"yoast_head":"<!-- This site is optimized with the Yoast SEO plugin v27.4 - https:\/\/yoast.com\/product\/yoast-seo-wordpress\/ -->\n<title>Magnetisk belte - Senbera NO<\/title>\n<meta name=\"robots\" content=\"index, follow, max-snippet:-1, max-image-preview:large, max-video-preview:-1\" \/>\n<link rel=\"canonical\" href=\"https:\/\/senbera.com\/no\/produkt\/magnetisk-belte\/\" \/>\n<meta property=\"og:locale\" content=\"nb_NO\" \/>\n<meta property=\"og:type\" content=\"article\" \/>\n<meta property=\"og:title\" content=\"Magnetisk belte - Senbera NO\" \/>\n<meta property=\"og:description\" content=\"\ud83e\uddf2Innf\u00f8ring av magnetbeltet &#8211; din naturlige m\u00e5te \u00e5 lindre ryggsmerter og f\u00f8le deg bedre raskt.\ud83d\udc86\u200d\u2642\ufe0f Soothes smerte, gir st\u00f8tte og [&hellip;]\" \/>\n<meta property=\"og:url\" content=\"https:\/\/senbera.com\/no\/produkt\/magnetisk-belte\/\" \/>\n<meta property=\"og:site_name\" content=\"Senbera NO\" \/>\n<meta property=\"article:modified_time\" content=\"2026-01-19T05:56:19+00:00\" \/>\n<meta name=\"twitter:card\" content=\"summary_large_image\" \/>\n<meta name=\"twitter:label1\" content=\"Ansl. lesetid\" \/>\n\t<meta name=\"twitter:data1\" content=\"1 minutt\" \/>\n<script type=\"application\/ld+json\" class=\"yoast-schema-graph\">{\"@context\":\"https:\\\/\\\/schema.org\",\"@graph\":[{\"@type\":\"WebPage\",\"@id\":\"https:\\\/\\\/senbera.com\\\/no\\\/produkt\\\/magnetisk-belte\\\/\",\"url\":\"https:\\\/\\\/senbera.com\\\/no\\\/produkt\\\/magnetisk-belte\\\/\",\"name\":\"Magnetisk belte - Senbera NO\",\"isPartOf\":{\"@id\":\"https:\\\/\\\/senbera.com\\\/no\\\/#website\"},\"primaryImageOfPage\":{\"@id\":\"https:\\\/\\\/senbera.com\\\/no\\\/produkt\\\/magnetisk-belte\\\/#primaryimage\"},\"image\":{\"@id\":\"https:\\\/\\\/senbera.com\\\/no\\\/produkt\\\/magnetisk-belte\\\/#primaryimage\"},\"thumbnailUrl\":\"https:\\\/\\\/senbera.com\\\/no\\\/wp-content\\\/uploads\\\/sites\\\/18\\\/2026\\\/01\\\/1y15ljf-1.webp\",\"datePublished\":\"2026-01-19T05:56:12+00:00\",\"dateModified\":\"2026-01-19T05:56:19+00:00\",\"breadcrumb\":{\"@id\":\"https:\\\/\\\/senbera.com\\\/no\\\/produkt\\\/magnetisk-belte\\\/#breadcrumb\"},\"inLanguage\":\"nb-NO\",\"potentialAction\":[{\"@type\":\"ReadAction\",\"target\":[\"https:\\\/\\\/senbera.com\\\/no\\\/produkt\\\/magnetisk-belte\\\/\"]}]},{\"@type\":\"ImageObject\",\"inLanguage\":\"nb-NO\",\"@id\":\"https:\\\/\\\/senbera.com\\\/no\\\/produkt\\\/magnetisk-belte\\\/#primaryimage\",\"url\":\"https:\\\/\\\/senbera.com\\\/no\\\/wp-content\\\/uploads\\\/sites\\\/18\\\/2026\\\/01\\\/1y15ljf-1.webp\",\"contentUrl\":\"https:\\\/\\\/senbera.com\\\/no\\\/wp-content\\\/uploads\\\/sites\\\/18\\\/2026\\\/01\\\/1y15ljf-1.webp\",\"width\":720,\"height\":720},{\"@type\":\"BreadcrumbList\",\"@id\":\"https:\\\/\\\/senbera.com\\\/no\\\/produkt\\\/magnetisk-belte\\\/#breadcrumb\",\"itemListElement\":[{\"@type\":\"ListItem\",\"position\":1,\"name\":\"Home\",\"item\":\"https:\\\/\\\/senbera.com\\\/no\\\/\"},{\"@type\":\"ListItem\",\"position\":2,\"name\":\"Butikk\",\"item\":\"https:\\\/\\\/senbera.com\\\/no\\\/butikk\\\/\"},{\"@type\":\"ListItem\",\"position\":3,\"name\":\"Magnetisk belte\"}]},{\"@type\":\"WebSite\",\"@id\":\"https:\\\/\\\/senbera.com\\\/no\\\/#website\",\"url\":\"https:\\\/\\\/senbera.com\\\/no\\\/\",\"name\":\"Senbera NO\",\"description\":\"\",\"publisher\":{\"@id\":\"https:\\\/\\\/senbera.com\\\/no\\\/#organization\"},\"potentialAction\":[{\"@type\":\"SearchAction\",\"target\":{\"@type\":\"EntryPoint\",\"urlTemplate\":\"https:\\\/\\\/senbera.com\\\/no\\\/?s={search_term_string}\"},\"query-input\":{\"@type\":\"PropertyValueSpecification\",\"valueRequired\":true,\"valueName\":\"search_term_string\"}}],\"inLanguage\":\"nb-NO\"},{\"@type\":\"Organization\",\"@id\":\"https:\\\/\\\/senbera.com\\\/no\\\/#organization\",\"name\":\"Mekulo\",\"url\":\"https:\\\/\\\/senbera.com\\\/no\\\/\",\"logo\":{\"@type\":\"ImageObject\",\"inLanguage\":\"nb-NO\",\"@id\":\"https:\\\/\\\/senbera.com\\\/no\\\/#\\\/schema\\\/logo\\\/image\\\/\",\"url\":\"https:\\\/\\\/senbera.com\\\/no\\\/wp-content\\\/uploads\\\/sites\\\/18\\\/2025\\\/12\\\/favicon_mekulo.png\",\"contentUrl\":\"https:\\\/\\\/senbera.com\\\/no\\\/wp-content\\\/uploads\\\/sites\\\/18\\\/2025\\\/12\\\/favicon_mekulo.png\",\"width\":50,\"height\":50,\"caption\":\"Mekulo\"},\"image\":{\"@id\":\"https:\\\/\\\/senbera.com\\\/no\\\/#\\\/schema\\\/logo\\\/image\\\/\"}}]}<\/script>\n<!-- \/ Yoast SEO plugin. -->","yoast_head_json":{"title":"Magnetisk belte - Senbera NO","robots":{"index":"index","follow":"follow","max-snippet":"max-snippet:-1","max-image-preview":"max-image-preview:large","max-video-preview":"max-video-preview:-1"},"canonical":"https:\/\/senbera.com\/no\/produkt\/magnetisk-belte\/","og_locale":"nb_NO","og_type":"article","og_title":"Magnetisk belte - Senbera NO","og_description":"\ud83e\uddf2Innf\u00f8ring av magnetbeltet &#8211; din naturlige m\u00e5te \u00e5 lindre ryggsmerter og f\u00f8le deg bedre raskt.\ud83d\udc86\u200d\u2642\ufe0f Soothes smerte, gir st\u00f8tte og [&hellip;]","og_url":"https:\/\/senbera.com\/no\/produkt\/magnetisk-belte\/","og_site_name":"Senbera NO","article_modified_time":"2026-01-19T05:56:19+00:00","twitter_card":"summary_large_image","twitter_misc":{"Ansl. lesetid":"1 minutt"},"schema":{"@context":"https:\/\/schema.org","@graph":[{"@type":"WebPage","@id":"https:\/\/senbera.com\/no\/produkt\/magnetisk-belte\/","url":"https:\/\/senbera.com\/no\/produkt\/magnetisk-belte\/","name":"Magnetisk belte - Senbera NO","isPartOf":{"@id":"https:\/\/senbera.com\/no\/#website"},"primaryImageOfPage":{"@id":"https:\/\/senbera.com\/no\/produkt\/magnetisk-belte\/#primaryimage"},"image":{"@id":"https:\/\/senbera.com\/no\/produkt\/magnetisk-belte\/#primaryimage"},"thumbnailUrl":"https:\/\/senbera.com\/no\/wp-content\/uploads\/sites\/18\/2026\/01\/1y15ljf-1.webp","datePublished":"2026-01-19T05:56:12+00:00","dateModified":"2026-01-19T05:56:19+00:00","breadcrumb":{"@id":"https:\/\/senbera.com\/no\/produkt\/magnetisk-belte\/#breadcrumb"},"inLanguage":"nb-NO","potentialAction":[{"@type":"ReadAction","target":["https:\/\/senbera.com\/no\/produkt\/magnetisk-belte\/"]}]},{"@type":"ImageObject","inLanguage":"nb-NO","@id":"https:\/\/senbera.com\/no\/produkt\/magnetisk-belte\/#primaryimage","url":"https:\/\/senbera.com\/no\/wp-content\/uploads\/sites\/18\/2026\/01\/1y15ljf-1.webp","contentUrl":"https:\/\/senbera.com\/no\/wp-content\/uploads\/sites\/18\/2026\/01\/1y15ljf-1.webp","width":720,"height":720},{"@type":"BreadcrumbList","@id":"https:\/\/senbera.com\/no\/produkt\/magnetisk-belte\/#breadcrumb","itemListElement":[{"@type":"ListItem","position":1,"name":"Home","item":"https:\/\/senbera.com\/no\/"},{"@type":"ListItem","position":2,"name":"Butikk","item":"https:\/\/senbera.com\/no\/butikk\/"},{"@type":"ListItem","position":3,"name":"Magnetisk belte"}]},{"@type":"WebSite","@id":"https:\/\/senbera.com\/no\/#website","url":"https:\/\/senbera.com\/no\/","name":"Senbera NO","description":"","publisher":{"@id":"https:\/\/senbera.com\/no\/#organization"},"potentialAction":[{"@type":"SearchAction","target":{"@type":"EntryPoint","urlTemplate":"https:\/\/senbera.com\/no\/?s={search_term_string}"},"query-input":{"@type":"PropertyValueSpecification","valueRequired":true,"valueName":"search_term_string"}}],"inLanguage":"nb-NO"},{"@type":"Organization","@id":"https:\/\/senbera.com\/no\/#organization","name":"Mekulo","url":"https:\/\/senbera.com\/no\/","logo":{"@type":"ImageObject","inLanguage":"nb-NO","@id":"https:\/\/senbera.com\/no\/#\/schema\/logo\/image\/","url":"https:\/\/senbera.com\/no\/wp-content\/uploads\/sites\/18\/2025\/12\/favicon_mekulo.png","contentUrl":"https:\/\/senbera.com\/no\/wp-content\/uploads\/sites\/18\/2025\/12\/favicon_mekulo.png","width":50,"height":50,"caption":"Mekulo"},"image":{"@id":"https:\/\/senbera.com\/no\/#\/schema\/logo\/image\/"}}]}},"_links":{"self":[{"href":"https:\/\/senbera.com\/no\/wp-json\/wp\/v2\/product\/20959","targetHints":{"allow":["GET"]}}],"collection":[{"href":"https:\/\/senbera.com\/no\/wp-json\/wp\/v2\/product"}],"about":[{"href":"https:\/\/senbera.com\/no\/wp-json\/wp\/v2\/types\/product"}],"replies":[{"embeddable":true,"href":"https:\/\/senbera.com\/no\/wp-json\/wp\/v2\/comments?post=20959"}],"wp:featuredmedia":[{"embeddable":true,"href":"https:\/\/senbera.com\/no\/wp-json\/wp\/v2\/media\/20955"}],"wp:attachment":[{"href":"https:\/\/senbera.com\/no\/wp-json\/wp\/v2\/media?parent=20959"}],"wp:term":[{"taxonomy":"product_brand","embeddable":true,"href":"https:\/\/senbera.com\/no\/wp-json\/wp\/v2\/product_brand?post=20959"},{"taxonomy":"product_cat","embeddable":true,"href":"https:\/\/senbera.com\/no\/wp-json\/wp\/v2\/product_cat?post=20959"},{"taxonomy":"product_tag","embeddable":true,"href":"https:\/\/senbera.com\/no\/wp-json\/wp\/v2\/product_tag?post=20959"}],"curies":[{"name":"wp","href":"https:\/\/api.w.org\/{rel}","templated":true}]}}