{"id":20605,"date":"2026-01-16T09:09:42","date_gmt":"2026-01-16T07:09:42","guid":{"rendered":"https:\/\/senbera.com\/no\/produkt\/minipenn-fiskestang\/"},"modified":"2026-01-16T09:09:59","modified_gmt":"2026-01-16T07:09:59","slug":"minipenn-fiskestang","status":"publish","type":"product","link":"https:\/\/senbera.com\/no\/produkt\/minipenn-fiskestang\/","title":{"rendered":"Minipenn fiskestang"},"content":{"rendered":"<p style=\"text-align: center\"><strong>\ud83c\udfa3 Vi presenterer minipennfiskestangen &#8211; din fiskekompis i lommest\u00f8rrelse for moro hvor som helst, n\u00e5r som helst! \ud83d\udc1f<\/strong><\/p>\n<p style=\"text-align: center\"><span style=\"font-weight: 400\">Denne lille stangen ser ut som en penn, men forvandles til en sterk fiskestang. Lett \u00e5 ta med, enkel \u00e5 bruke og perfekt for raske fiskeeventyr!<\/span><\/p>\n<p><img decoding=\"async\" class=\"size-full wp-image-16684 aligncenter\" src=\"https:\/\/keluvo.com\/template\/wp-content\/uploads\/sites\/5\/2025\/05\/Fishing-ezgif.com-video-to-webp-converter.webp\" alt=\"\" \/><\/p>\n<h2 style=\"text-align: center\">Hovedfordeler<\/h2>\n<p><span style=\"font-weight: 400\">Ultralett og b\u00e6rbar \u2013 passer i lommer, vesker eller ryggsekker<\/span><span style=\"font-weight: 400\"><br \/>\n<\/span><\/p>\n<p><span style=\"font-weight: 400\">Sterk og holdbar \u2013 laget av glassfiber og aluminiumslegering<\/span><span style=\"font-weight: 400\"><br \/>\n<\/span><\/p>\n<p><span style=\"font-weight: 400\">Leveres klar med snelle, sn\u00f8re, kroker og agn \u2013 fisk n\u00e5r som helst<\/span><span style=\"font-weight: 400\"><br \/>\n<\/span><\/p>\n<p><span style=\"font-weight: 400\">Enkelt for nybegynnere, barn og voksne \u2013 ikke noe komplisert oppsett<\/span><\/p>\n<p><span style=\"font-weight: 400\">Great for fiske p\u00e5 b\u00e5ter, dammer, innsj\u00f8er eller til og med is<\/span><\/p>\n<p><img decoding=\"async\" class=\"size-full wp-image-16685 aligncenter\" src=\"https:\/\/keluvo.com\/template\/wp-content\/uploads\/sites\/5\/2025\/05\/202abc38-789b-44bb-ba67-247d527a5c85.webp\" alt=\"\" \/><\/p>\n<h2 style=\"text-align: center\">Hvordan Dette Produktet Hjelper Deg<\/h2>\n<p style=\"text-align: center\"><span style=\"font-weight: 400\">Minipennestanga er perfekt for alle som elsker \u00e5 fiske, men hater \u00e5 b\u00e6re p\u00e5 stort utstyr.<\/span><\/p>\n<p style=\"text-align: center\"><span style=\"font-weight: 400\"> Den er perfekt for:<\/span><\/p>\n<ul>\n<li style=\"font-weight: 400\"><span style=\"font-weight: 400\">Raske turer til innsj\u00f8en eller elven<\/span><span style=\"font-weight: 400\"><br \/>\n<\/span><\/li>\n<li style=\"font-weight: 400\"><span style=\"font-weight: 400\">Fotturer, ryggsekkturer og utend\u00f8rsopplevelser<\/span><\/li>\n<li style=\"font-weight: 400\"><span style=\"font-weight: 400\">Gi barn eller nybegynnere en morsom og enkel m\u00e5te \u00e5 fiske p\u00e5.<\/span><\/li>\n<\/ul>\n<h2 style=\"text-align: center\">Pakken Inkluderer<\/h2>\n<ul>\n<li style=\"font-weight: 400\"><span style=\"font-weight: 400\">1x mini pen fiskestang<\/span><span style=\"font-weight: 400\"><br \/>\n<\/span><\/li>\n<li style=\"font-weight: 400\"><span style=\"font-weight: 400\">1x mini fiskesnelle (med fiskesn\u00f8re, kroker og agn inkludert).<\/span><\/li>\n<\/ul>\n","protected":false},"excerpt":{"rendered":"<p>\ud83c\udfa3 Vi presenterer minipennfiskestangen &#8211; din fiskekompis i lommest\u00f8rrelse for moro hvor som helst, n\u00e5r som helst! \ud83d\udc1f Denne lille [&hellip;]<\/p>\n","protected":false},"featured_media":20601,"comment_status":"open","ping_status":"closed","template":"","meta":{"site-sidebar-layout":"default","site-content-layout":"","ast-site-content-layout":"default","site-content-style":"default","site-sidebar-style":"default","ast-global-header-display":"","ast-banner-title-visibility":"","ast-main-header-display":"","ast-hfb-above-header-display":"","ast-hfb-below-header-display":"","ast-hfb-mobile-header-display":"","site-post-title":"","ast-breadcrumbs-content":"","ast-featured-img":"","footer-sml-layout":"","theme-transparent-header-meta":"default","adv-header-id-meta":"","stick-header-meta":"","header-above-stick-meta":"","header-main-stick-meta":"","header-below-stick-meta":"","astra-migrate-meta-layouts":"set","ast-page-background-enabled":"default","ast-page-background-meta":{"desktop":{"background-color":"var(--ast-global-color-5)","background-image":"","background-repeat":"repeat","background-position":"center center","background-size":"auto","background-attachment":"scroll","background-type":"","background-media":"","overlay-type":"","overlay-color":"","overlay-opacity":"","overlay-gradient":""},"tablet":{"background-color":"","background-image":"","background-repeat":"repeat","background-position":"center center","background-size":"auto","background-attachment":"scroll","background-type":"","background-media":"","overlay-type":"","overlay-color":"","overlay-opacity":"","overlay-gradient":""},"mobile":{"background-color":"","background-image":"","background-repeat":"repeat","background-position":"center center","background-size":"auto","background-attachment":"scroll","background-type":"","background-media":"","overlay-type":"","overlay-color":"","overlay-opacity":"","overlay-gradient":""}},"ast-content-background-meta":{"desktop":{"background-color":"var(--ast-global-color-4)","background-image":"","background-repeat":"repeat","background-position":"center center","background-size":"auto","background-attachment":"scroll","background-type":"","background-media":"","overlay-type":"","overlay-color":"","overlay-opacity":"","overlay-gradient":""},"tablet":{"background-color":"var(--ast-global-color-4)","background-image":"","background-repeat":"repeat","background-position":"center center","background-size":"auto","background-attachment":"scroll","background-type":"","background-media":"","overlay-type":"","overlay-color":"","overlay-opacity":"","overlay-gradient":""},"mobile":{"background-color":"var(--ast-global-color-4)","background-image":"","background-repeat":"repeat","background-position":"center center","background-size":"auto","background-attachment":"scroll","background-type":"","background-media":"","overlay-type":"","overlay-color":"","overlay-opacity":"","overlay-gradient":""}}},"product_brand":[],"product_cat":[15],"product_tag":[],"class_list":{"0":"post-20605","1":"product","2":"type-product","3":"status-publish","4":"has-post-thumbnail","6":"product_cat-ukategorisert","7":"pa_22197_yqovn59s-bla","8":"pa_22197_yqovn59s-lilla","9":"pa_22197_yqovn59s-rod","10":"pa_22197_yqovn59s-solv","11":"pa_22197_yqovn59s-svart","12":"desktop-align-left","13":"tablet-align-left","14":"mobile-align-left","16":"first","17":"instock","18":"shipping-taxable","19":"purchasable","20":"product-type-variable"},"yoast_head":"<!-- This site is optimized with the Yoast SEO plugin v26.6 - https:\/\/yoast.com\/wordpress\/plugins\/seo\/ -->\n<title>Minipenn fiskestang - Senbera NO<\/title>\n<meta name=\"robots\" content=\"index, follow, max-snippet:-1, max-image-preview:large, max-video-preview:-1\" \/>\n<link rel=\"canonical\" href=\"https:\/\/senbera.com\/no\/produkt\/minipenn-fiskestang\/\" \/>\n<meta property=\"og:locale\" content=\"nb_NO\" \/>\n<meta property=\"og:type\" content=\"article\" \/>\n<meta property=\"og:title\" content=\"Minipenn fiskestang - Senbera NO\" \/>\n<meta property=\"og:description\" content=\"\ud83c\udfa3 Vi presenterer minipennfiskestangen &#8211; din fiskekompis i lommest\u00f8rrelse for moro hvor som helst, n\u00e5r som helst! \ud83d\udc1f Denne lille [&hellip;]\" \/>\n<meta property=\"og:url\" content=\"https:\/\/senbera.com\/no\/produkt\/minipenn-fiskestang\/\" \/>\n<meta property=\"og:site_name\" content=\"Senbera NO\" \/>\n<meta property=\"article:modified_time\" content=\"2026-01-16T07:09:59+00:00\" \/>\n<meta name=\"twitter:card\" content=\"summary_large_image\" \/>\n<meta name=\"twitter:label1\" content=\"Ansl. lesetid\" \/>\n\t<meta name=\"twitter:data1\" content=\"1 minutt\" \/>\n<script type=\"application\/ld+json\" class=\"yoast-schema-graph\">{\"@context\":\"https:\/\/schema.org\",\"@graph\":[{\"@type\":\"WebPage\",\"@id\":\"https:\/\/senbera.com\/no\/produkt\/minipenn-fiskestang\/\",\"url\":\"https:\/\/senbera.com\/no\/produkt\/minipenn-fiskestang\/\",\"name\":\"Minipenn fiskestang - Senbera NO\",\"isPartOf\":{\"@id\":\"https:\/\/senbera.com\/no\/#website\"},\"primaryImageOfPage\":{\"@id\":\"https:\/\/senbera.com\/no\/produkt\/minipenn-fiskestang\/#primaryimage\"},\"image\":{\"@id\":\"https:\/\/senbera.com\/no\/produkt\/minipenn-fiskestang\/#primaryimage\"},\"thumbnailUrl\":\"https:\/\/senbera.com\/no\/wp-content\/uploads\/sites\/18\/2026\/01\/fh4qex2-1.webp\",\"datePublished\":\"2026-01-16T07:09:42+00:00\",\"dateModified\":\"2026-01-16T07:09:59+00:00\",\"breadcrumb\":{\"@id\":\"https:\/\/senbera.com\/no\/produkt\/minipenn-fiskestang\/#breadcrumb\"},\"inLanguage\":\"nb-NO\",\"potentialAction\":[{\"@type\":\"ReadAction\",\"target\":[\"https:\/\/senbera.com\/no\/produkt\/minipenn-fiskestang\/\"]}]},{\"@type\":\"ImageObject\",\"inLanguage\":\"nb-NO\",\"@id\":\"https:\/\/senbera.com\/no\/produkt\/minipenn-fiskestang\/#primaryimage\",\"url\":\"https:\/\/senbera.com\/no\/wp-content\/uploads\/sites\/18\/2026\/01\/fh4qex2-1.webp\",\"contentUrl\":\"https:\/\/senbera.com\/no\/wp-content\/uploads\/sites\/18\/2026\/01\/fh4qex2-1.webp\",\"width\":543,\"height\":543},{\"@type\":\"BreadcrumbList\",\"@id\":\"https:\/\/senbera.com\/no\/produkt\/minipenn-fiskestang\/#breadcrumb\",\"itemListElement\":[{\"@type\":\"ListItem\",\"position\":1,\"name\":\"Home\",\"item\":\"https:\/\/senbera.com\/no\/\"},{\"@type\":\"ListItem\",\"position\":2,\"name\":\"Butikk\",\"item\":\"https:\/\/senbera.com\/no\/butikk\/\"},{\"@type\":\"ListItem\",\"position\":3,\"name\":\"Minipenn fiskestang\"}]},{\"@type\":\"WebSite\",\"@id\":\"https:\/\/senbera.com\/no\/#website\",\"url\":\"https:\/\/senbera.com\/no\/\",\"name\":\"Senbera NO\",\"description\":\"\",\"publisher\":{\"@id\":\"https:\/\/senbera.com\/no\/#organization\"},\"potentialAction\":[{\"@type\":\"SearchAction\",\"target\":{\"@type\":\"EntryPoint\",\"urlTemplate\":\"https:\/\/senbera.com\/no\/?s={search_term_string}\"},\"query-input\":{\"@type\":\"PropertyValueSpecification\",\"valueRequired\":true,\"valueName\":\"search_term_string\"}}],\"inLanguage\":\"nb-NO\"},{\"@type\":\"Organization\",\"@id\":\"https:\/\/senbera.com\/no\/#organization\",\"name\":\"Mekulo\",\"url\":\"https:\/\/senbera.com\/no\/\",\"logo\":{\"@type\":\"ImageObject\",\"inLanguage\":\"nb-NO\",\"@id\":\"https:\/\/senbera.com\/no\/#\/schema\/logo\/image\/\",\"url\":\"https:\/\/senbera.com\/no\/wp-content\/uploads\/sites\/18\/2025\/12\/favicon_mekulo.png\",\"contentUrl\":\"https:\/\/senbera.com\/no\/wp-content\/uploads\/sites\/18\/2025\/12\/favicon_mekulo.png\",\"width\":50,\"height\":50,\"caption\":\"Mekulo\"},\"image\":{\"@id\":\"https:\/\/senbera.com\/no\/#\/schema\/logo\/image\/\"}}]}<\/script>\n<!-- \/ Yoast SEO plugin. -->","yoast_head_json":{"title":"Minipenn fiskestang - Senbera NO","robots":{"index":"index","follow":"follow","max-snippet":"max-snippet:-1","max-image-preview":"max-image-preview:large","max-video-preview":"max-video-preview:-1"},"canonical":"https:\/\/senbera.com\/no\/produkt\/minipenn-fiskestang\/","og_locale":"nb_NO","og_type":"article","og_title":"Minipenn fiskestang - Senbera NO","og_description":"\ud83c\udfa3 Vi presenterer minipennfiskestangen &#8211; din fiskekompis i lommest\u00f8rrelse for moro hvor som helst, n\u00e5r som helst! \ud83d\udc1f Denne lille [&hellip;]","og_url":"https:\/\/senbera.com\/no\/produkt\/minipenn-fiskestang\/","og_site_name":"Senbera NO","article_modified_time":"2026-01-16T07:09:59+00:00","twitter_card":"summary_large_image","twitter_misc":{"Ansl. lesetid":"1 minutt"},"schema":{"@context":"https:\/\/schema.org","@graph":[{"@type":"WebPage","@id":"https:\/\/senbera.com\/no\/produkt\/minipenn-fiskestang\/","url":"https:\/\/senbera.com\/no\/produkt\/minipenn-fiskestang\/","name":"Minipenn fiskestang - Senbera NO","isPartOf":{"@id":"https:\/\/senbera.com\/no\/#website"},"primaryImageOfPage":{"@id":"https:\/\/senbera.com\/no\/produkt\/minipenn-fiskestang\/#primaryimage"},"image":{"@id":"https:\/\/senbera.com\/no\/produkt\/minipenn-fiskestang\/#primaryimage"},"thumbnailUrl":"https:\/\/senbera.com\/no\/wp-content\/uploads\/sites\/18\/2026\/01\/fh4qex2-1.webp","datePublished":"2026-01-16T07:09:42+00:00","dateModified":"2026-01-16T07:09:59+00:00","breadcrumb":{"@id":"https:\/\/senbera.com\/no\/produkt\/minipenn-fiskestang\/#breadcrumb"},"inLanguage":"nb-NO","potentialAction":[{"@type":"ReadAction","target":["https:\/\/senbera.com\/no\/produkt\/minipenn-fiskestang\/"]}]},{"@type":"ImageObject","inLanguage":"nb-NO","@id":"https:\/\/senbera.com\/no\/produkt\/minipenn-fiskestang\/#primaryimage","url":"https:\/\/senbera.com\/no\/wp-content\/uploads\/sites\/18\/2026\/01\/fh4qex2-1.webp","contentUrl":"https:\/\/senbera.com\/no\/wp-content\/uploads\/sites\/18\/2026\/01\/fh4qex2-1.webp","width":543,"height":543},{"@type":"BreadcrumbList","@id":"https:\/\/senbera.com\/no\/produkt\/minipenn-fiskestang\/#breadcrumb","itemListElement":[{"@type":"ListItem","position":1,"name":"Home","item":"https:\/\/senbera.com\/no\/"},{"@type":"ListItem","position":2,"name":"Butikk","item":"https:\/\/senbera.com\/no\/butikk\/"},{"@type":"ListItem","position":3,"name":"Minipenn fiskestang"}]},{"@type":"WebSite","@id":"https:\/\/senbera.com\/no\/#website","url":"https:\/\/senbera.com\/no\/","name":"Senbera NO","description":"","publisher":{"@id":"https:\/\/senbera.com\/no\/#organization"},"potentialAction":[{"@type":"SearchAction","target":{"@type":"EntryPoint","urlTemplate":"https:\/\/senbera.com\/no\/?s={search_term_string}"},"query-input":{"@type":"PropertyValueSpecification","valueRequired":true,"valueName":"search_term_string"}}],"inLanguage":"nb-NO"},{"@type":"Organization","@id":"https:\/\/senbera.com\/no\/#organization","name":"Mekulo","url":"https:\/\/senbera.com\/no\/","logo":{"@type":"ImageObject","inLanguage":"nb-NO","@id":"https:\/\/senbera.com\/no\/#\/schema\/logo\/image\/","url":"https:\/\/senbera.com\/no\/wp-content\/uploads\/sites\/18\/2025\/12\/favicon_mekulo.png","contentUrl":"https:\/\/senbera.com\/no\/wp-content\/uploads\/sites\/18\/2025\/12\/favicon_mekulo.png","width":50,"height":50,"caption":"Mekulo"},"image":{"@id":"https:\/\/senbera.com\/no\/#\/schema\/logo\/image\/"}}]}},"_links":{"self":[{"href":"https:\/\/senbera.com\/no\/wp-json\/wp\/v2\/product\/20605","targetHints":{"allow":["GET"]}}],"collection":[{"href":"https:\/\/senbera.com\/no\/wp-json\/wp\/v2\/product"}],"about":[{"href":"https:\/\/senbera.com\/no\/wp-json\/wp\/v2\/types\/product"}],"replies":[{"embeddable":true,"href":"https:\/\/senbera.com\/no\/wp-json\/wp\/v2\/comments?post=20605"}],"wp:featuredmedia":[{"embeddable":true,"href":"https:\/\/senbera.com\/no\/wp-json\/wp\/v2\/media\/20601"}],"wp:attachment":[{"href":"https:\/\/senbera.com\/no\/wp-json\/wp\/v2\/media?parent=20605"}],"wp:term":[{"taxonomy":"product_brand","embeddable":true,"href":"https:\/\/senbera.com\/no\/wp-json\/wp\/v2\/product_brand?post=20605"},{"taxonomy":"product_cat","embeddable":true,"href":"https:\/\/senbera.com\/no\/wp-json\/wp\/v2\/product_cat?post=20605"},{"taxonomy":"product_tag","embeddable":true,"href":"https:\/\/senbera.com\/no\/wp-json\/wp\/v2\/product_tag?post=20605"}],"curies":[{"name":"wp","href":"https:\/\/api.w.org\/{rel}","templated":true}]}}