{"id":20227,"date":"2026-01-16T08:41:05","date_gmt":"2026-01-16T06:41:05","guid":{"rendered":"https:\/\/senbera.com\/no\/produkt\/magnetisk-sjakkspill\/"},"modified":"2026-01-16T08:41:05","modified_gmt":"2026-01-16T06:41:05","slug":"magnetisk-sjakkspill","status":"publish","type":"product","link":"https:\/\/senbera.com\/no\/produkt\/magnetisk-sjakkspill\/","title":{"rendered":"Magnetisk sjakkspill"},"content":{"rendered":"<p style=\"text-align: center\"><b>Vi presenterer det magnetiske sjakkspillet &#8211; en morsom og smart m\u00e5te \u00e5 spille hvor som helst, n\u00e5r som helst!<\/b><\/p>\n<p style=\"text-align: center\">Spill unik sjakk hvor som helst uten \u00e5 miste brikker<br \/>\n<span style=\"font-weight: 400\"> Dette sterke magnetiske sjakkspillet er ekstremt morsomt og uforutsigbart. Du kan spille selv n\u00e5r du er p\u00e5 reise eller spiller utend\u00f8rs. Det er morsomt, lett \u00e5 ta med seg og perfekt for alle aldre!<\/span><\/p>\n<p><img decoding=\"async\" class=\"alignnone size-full wp-image-16616 aligncenter\" src=\"https:\/\/keluvo.com\/template\/wp-content\/uploads\/sites\/5\/2025\/04\/ChessGame-ezgif.com-video-to-webp-converter.webp\" alt=\"\" \/><\/p>\n<h2 style=\"text-align: center\">Hovedfordeler<\/h2>\n<p><span style=\"font-weight: 400\">Brikkene holder seg p\u00e5 plass med skjulte magneter \u2013 de faller ikke av<\/span><span style=\"font-weight: 400\"><br \/>\n<\/span><\/p>\n<p><span style=\"font-weight: 400\">Sterke, holdbare brett og brikker for langvarig moro<\/span><span style=\"font-weight: 400\"><br \/>\n<\/span><\/p>\n<p><span style=\"font-weight: 400\">Great for \u00e5 l\u00e6re og forbedre tenkeferdigheter<\/span><span style=\"font-weight: 400\"><br \/>\n<\/span><\/p>\n<p><span style=\"font-weight: 400\">Perfekt for \u00e5 spille med familie og venner<\/span><span style=\"font-weight: 400\"><br \/>\n<\/span><\/p>\n<p><span style=\"font-weight: 400\">Lett \u00e5 ta med seg med en oppbevaringspose \u2013 perfekt for reiser og camping<\/span><\/p>\n<p><img decoding=\"async\" class=\"alignnone size-full wp-image-16614 aligncenter\" src=\"https:\/\/keluvo.com\/template\/wp-content\/uploads\/sites\/5\/2025\/04\/S43090599e39c4530b5060f7f7d82bde3g.jpg_960x960q75.jpg_.jpeg\" alt=\"\" \/><\/p>\n<h2 style=\"text-align: center\">Slik hjelper dette produktet deg<\/h2>\n<p style=\"text-align: center\"><span style=\"font-weight: 400\">Det magnetiske sjakkspillet lar deg spille og nyte en unik type sjakkspill uten \u00e5 bekymre deg for tapte brikker eller rotete brett. Det er perfekt for familietid, vennskapelige utfordringer og for \u00e5 skjerpe tankene.<\/span><\/p>\n<h2 style=\"text-align: center\">Det er perfekt for<\/h2>\n<ul>\n<li style=\"font-weight: 400\"><span style=\"font-weight: 400\">Spillkvelder hjemme<\/span><span style=\"font-weight: 400\"><br \/>\n<\/span><\/li>\n<li style=\"font-weight: 400\"><span style=\"font-weight: 400\">Familieferier<\/span><span style=\"font-weight: 400\"><br \/>\n<\/span><\/li>\n<li style=\"font-weight: 400\"><span style=\"font-weight: 400\">L\u00e6ring og trening av tenkeferdigheter<\/span><span style=\"font-weight: 400\"><br \/>\n<\/span><\/li>\n<li style=\"font-weight: 400\"><span style=\"font-weight: 400\">G\u00f8y \u00e5 v\u00e6re sammen med barn og venner<\/span><\/li>\n<\/ul>\n<h2 style=\"text-align: center\">Slik bruker du det<\/h2>\n<ol>\n<li style=\"font-weight: 400\"><span style=\"font-weight: 400\">Sett opp brettet og brikkene.<\/span><span style=\"font-weight: 400\"><br \/>\n<\/span><\/li>\n<li style=\"font-weight: 400\"><span style=\"font-weight: 400\">Plasser magnetene p\u00e5 brettet uten at de klistrer seg sammen.<\/span><\/li>\n<li style=\"font-weight: 400\">Pakk alt i oppbevaringsposen n\u00e5r du er ferdig.<\/li>\n<\/ol>\n<h2 style=\"text-align: center\">Pakken inkluderer<\/h2>\n<ul>\n<li style=\"font-weight: 400\"><span style=\"font-weight: 400\">1x magnetisk sjakkbrett<\/span><\/li>\n<li style=\"font-weight: 400\"><span style=\"font-weight: 400\">1x komplett sett med magnetiske sjakkbrikker (20 stk)<\/span><\/li>\n<li style=\"font-weight: 400\"><span style=\"font-weight: 400\">1x oppbevaringspose.<\/span><\/li>\n<\/ul>\n","protected":false},"excerpt":{"rendered":"<p>Vi presenterer det magnetiske sjakkspillet &#8211; en morsom og smart m\u00e5te \u00e5 spille hvor som helst, n\u00e5r som helst! Spill [&hellip;]<\/p>\n","protected":false},"featured_media":20223,"comment_status":"open","ping_status":"closed","template":"","meta":{"site-sidebar-layout":"default","site-content-layout":"","ast-site-content-layout":"default","site-content-style":"default","site-sidebar-style":"default","ast-global-header-display":"","ast-banner-title-visibility":"","ast-main-header-display":"","ast-hfb-above-header-display":"","ast-hfb-below-header-display":"","ast-hfb-mobile-header-display":"","site-post-title":"","ast-breadcrumbs-content":"","ast-featured-img":"","footer-sml-layout":"","theme-transparent-header-meta":"default","adv-header-id-meta":"","stick-header-meta":"","header-above-stick-meta":"","header-main-stick-meta":"","header-below-stick-meta":"","astra-migrate-meta-layouts":"set","ast-page-background-enabled":"default","ast-page-background-meta":{"desktop":{"background-color":"var(--ast-global-color-5)","background-image":"","background-repeat":"repeat","background-position":"center center","background-size":"auto","background-attachment":"scroll","background-type":"","background-media":"","overlay-type":"","overlay-color":"","overlay-opacity":"","overlay-gradient":""},"tablet":{"background-color":"","background-image":"","background-repeat":"repeat","background-position":"center center","background-size":"auto","background-attachment":"scroll","background-type":"","background-media":"","overlay-type":"","overlay-color":"","overlay-opacity":"","overlay-gradient":""},"mobile":{"background-color":"","background-image":"","background-repeat":"repeat","background-position":"center center","background-size":"auto","background-attachment":"scroll","background-type":"","background-media":"","overlay-type":"","overlay-color":"","overlay-opacity":"","overlay-gradient":""}},"ast-content-background-meta":{"desktop":{"background-color":"var(--ast-global-color-4)","background-image":"","background-repeat":"repeat","background-position":"center center","background-size":"auto","background-attachment":"scroll","background-type":"","background-media":"","overlay-type":"","overlay-color":"","overlay-opacity":"","overlay-gradient":""},"tablet":{"background-color":"var(--ast-global-color-4)","background-image":"","background-repeat":"repeat","background-position":"center center","background-size":"auto","background-attachment":"scroll","background-type":"","background-media":"","overlay-type":"","overlay-color":"","overlay-opacity":"","overlay-gradient":""},"mobile":{"background-color":"var(--ast-global-color-4)","background-image":"","background-repeat":"repeat","background-position":"center center","background-size":"auto","background-attachment":"scroll","background-type":"","background-media":"","overlay-type":"","overlay-color":"","overlay-opacity":"","overlay-gradient":""}}},"product_brand":[],"product_cat":[15],"product_tag":[],"class_list":{"0":"post-20227","1":"product","2":"type-product","3":"status-publish","4":"has-post-thumbnail","6":"product_cat-ukategorisert","7":"desktop-align-left","8":"tablet-align-left","9":"mobile-align-left","11":"first","12":"instock","13":"shipping-taxable","14":"purchasable","15":"product-type-simple"},"yoast_head":"<!-- This site is optimized with the Yoast SEO plugin v26.6 - https:\/\/yoast.com\/wordpress\/plugins\/seo\/ -->\n<title>Magnetisk sjakkspill - Senbera NO<\/title>\n<meta name=\"robots\" content=\"index, follow, max-snippet:-1, max-image-preview:large, max-video-preview:-1\" \/>\n<link rel=\"canonical\" href=\"https:\/\/senbera.com\/no\/produkt\/magnetisk-sjakkspill\/\" \/>\n<meta property=\"og:locale\" content=\"nb_NO\" \/>\n<meta property=\"og:type\" content=\"article\" \/>\n<meta property=\"og:title\" content=\"Magnetisk sjakkspill - Senbera NO\" \/>\n<meta property=\"og:description\" content=\"Vi presenterer det magnetiske sjakkspillet &#8211; en morsom og smart m\u00e5te \u00e5 spille hvor som helst, n\u00e5r som helst! Spill [&hellip;]\" \/>\n<meta property=\"og:url\" content=\"https:\/\/senbera.com\/no\/produkt\/magnetisk-sjakkspill\/\" \/>\n<meta property=\"og:site_name\" content=\"Senbera NO\" \/>\n<meta name=\"twitter:card\" content=\"summary_large_image\" \/>\n<meta name=\"twitter:label1\" content=\"Ansl. lesetid\" \/>\n\t<meta name=\"twitter:data1\" content=\"1 minutt\" \/>\n<script type=\"application\/ld+json\" class=\"yoast-schema-graph\">{\"@context\":\"https:\/\/schema.org\",\"@graph\":[{\"@type\":\"WebPage\",\"@id\":\"https:\/\/senbera.com\/no\/produkt\/magnetisk-sjakkspill\/\",\"url\":\"https:\/\/senbera.com\/no\/produkt\/magnetisk-sjakkspill\/\",\"name\":\"Magnetisk sjakkspill - Senbera NO\",\"isPartOf\":{\"@id\":\"https:\/\/senbera.com\/no\/#website\"},\"primaryImageOfPage\":{\"@id\":\"https:\/\/senbera.com\/no\/produkt\/magnetisk-sjakkspill\/#primaryimage\"},\"image\":{\"@id\":\"https:\/\/senbera.com\/no\/produkt\/magnetisk-sjakkspill\/#primaryimage\"},\"thumbnailUrl\":\"https:\/\/senbera.com\/no\/wp-content\/uploads\/sites\/18\/2026\/01\/3pd3glh-1.jpeg\",\"datePublished\":\"2026-01-16T06:41:05+00:00\",\"breadcrumb\":{\"@id\":\"https:\/\/senbera.com\/no\/produkt\/magnetisk-sjakkspill\/#breadcrumb\"},\"inLanguage\":\"nb-NO\",\"potentialAction\":[{\"@type\":\"ReadAction\",\"target\":[\"https:\/\/senbera.com\/no\/produkt\/magnetisk-sjakkspill\/\"]}]},{\"@type\":\"ImageObject\",\"inLanguage\":\"nb-NO\",\"@id\":\"https:\/\/senbera.com\/no\/produkt\/magnetisk-sjakkspill\/#primaryimage\",\"url\":\"https:\/\/senbera.com\/no\/wp-content\/uploads\/sites\/18\/2026\/01\/3pd3glh-1.jpeg\",\"contentUrl\":\"https:\/\/senbera.com\/no\/wp-content\/uploads\/sites\/18\/2026\/01\/3pd3glh-1.jpeg\",\"width\":960,\"height\":960},{\"@type\":\"BreadcrumbList\",\"@id\":\"https:\/\/senbera.com\/no\/produkt\/magnetisk-sjakkspill\/#breadcrumb\",\"itemListElement\":[{\"@type\":\"ListItem\",\"position\":1,\"name\":\"Home\",\"item\":\"https:\/\/senbera.com\/no\/\"},{\"@type\":\"ListItem\",\"position\":2,\"name\":\"Butikk\",\"item\":\"https:\/\/senbera.com\/no\/butikk\/\"},{\"@type\":\"ListItem\",\"position\":3,\"name\":\"Magnetisk sjakkspill\"}]},{\"@type\":\"WebSite\",\"@id\":\"https:\/\/senbera.com\/no\/#website\",\"url\":\"https:\/\/senbera.com\/no\/\",\"name\":\"Senbera NO\",\"description\":\"\",\"publisher\":{\"@id\":\"https:\/\/senbera.com\/no\/#organization\"},\"potentialAction\":[{\"@type\":\"SearchAction\",\"target\":{\"@type\":\"EntryPoint\",\"urlTemplate\":\"https:\/\/senbera.com\/no\/?s={search_term_string}\"},\"query-input\":{\"@type\":\"PropertyValueSpecification\",\"valueRequired\":true,\"valueName\":\"search_term_string\"}}],\"inLanguage\":\"nb-NO\"},{\"@type\":\"Organization\",\"@id\":\"https:\/\/senbera.com\/no\/#organization\",\"name\":\"Mekulo\",\"url\":\"https:\/\/senbera.com\/no\/\",\"logo\":{\"@type\":\"ImageObject\",\"inLanguage\":\"nb-NO\",\"@id\":\"https:\/\/senbera.com\/no\/#\/schema\/logo\/image\/\",\"url\":\"https:\/\/senbera.com\/no\/wp-content\/uploads\/sites\/18\/2025\/12\/favicon_mekulo.png\",\"contentUrl\":\"https:\/\/senbera.com\/no\/wp-content\/uploads\/sites\/18\/2025\/12\/favicon_mekulo.png\",\"width\":50,\"height\":50,\"caption\":\"Mekulo\"},\"image\":{\"@id\":\"https:\/\/senbera.com\/no\/#\/schema\/logo\/image\/\"}}]}<\/script>\n<!-- \/ Yoast SEO plugin. -->","yoast_head_json":{"title":"Magnetisk sjakkspill - Senbera NO","robots":{"index":"index","follow":"follow","max-snippet":"max-snippet:-1","max-image-preview":"max-image-preview:large","max-video-preview":"max-video-preview:-1"},"canonical":"https:\/\/senbera.com\/no\/produkt\/magnetisk-sjakkspill\/","og_locale":"nb_NO","og_type":"article","og_title":"Magnetisk sjakkspill - Senbera NO","og_description":"Vi presenterer det magnetiske sjakkspillet &#8211; en morsom og smart m\u00e5te \u00e5 spille hvor som helst, n\u00e5r som helst! Spill [&hellip;]","og_url":"https:\/\/senbera.com\/no\/produkt\/magnetisk-sjakkspill\/","og_site_name":"Senbera NO","twitter_card":"summary_large_image","twitter_misc":{"Ansl. lesetid":"1 minutt"},"schema":{"@context":"https:\/\/schema.org","@graph":[{"@type":"WebPage","@id":"https:\/\/senbera.com\/no\/produkt\/magnetisk-sjakkspill\/","url":"https:\/\/senbera.com\/no\/produkt\/magnetisk-sjakkspill\/","name":"Magnetisk sjakkspill - Senbera NO","isPartOf":{"@id":"https:\/\/senbera.com\/no\/#website"},"primaryImageOfPage":{"@id":"https:\/\/senbera.com\/no\/produkt\/magnetisk-sjakkspill\/#primaryimage"},"image":{"@id":"https:\/\/senbera.com\/no\/produkt\/magnetisk-sjakkspill\/#primaryimage"},"thumbnailUrl":"https:\/\/senbera.com\/no\/wp-content\/uploads\/sites\/18\/2026\/01\/3pd3glh-1.jpeg","datePublished":"2026-01-16T06:41:05+00:00","breadcrumb":{"@id":"https:\/\/senbera.com\/no\/produkt\/magnetisk-sjakkspill\/#breadcrumb"},"inLanguage":"nb-NO","potentialAction":[{"@type":"ReadAction","target":["https:\/\/senbera.com\/no\/produkt\/magnetisk-sjakkspill\/"]}]},{"@type":"ImageObject","inLanguage":"nb-NO","@id":"https:\/\/senbera.com\/no\/produkt\/magnetisk-sjakkspill\/#primaryimage","url":"https:\/\/senbera.com\/no\/wp-content\/uploads\/sites\/18\/2026\/01\/3pd3glh-1.jpeg","contentUrl":"https:\/\/senbera.com\/no\/wp-content\/uploads\/sites\/18\/2026\/01\/3pd3glh-1.jpeg","width":960,"height":960},{"@type":"BreadcrumbList","@id":"https:\/\/senbera.com\/no\/produkt\/magnetisk-sjakkspill\/#breadcrumb","itemListElement":[{"@type":"ListItem","position":1,"name":"Home","item":"https:\/\/senbera.com\/no\/"},{"@type":"ListItem","position":2,"name":"Butikk","item":"https:\/\/senbera.com\/no\/butikk\/"},{"@type":"ListItem","position":3,"name":"Magnetisk sjakkspill"}]},{"@type":"WebSite","@id":"https:\/\/senbera.com\/no\/#website","url":"https:\/\/senbera.com\/no\/","name":"Senbera NO","description":"","publisher":{"@id":"https:\/\/senbera.com\/no\/#organization"},"potentialAction":[{"@type":"SearchAction","target":{"@type":"EntryPoint","urlTemplate":"https:\/\/senbera.com\/no\/?s={search_term_string}"},"query-input":{"@type":"PropertyValueSpecification","valueRequired":true,"valueName":"search_term_string"}}],"inLanguage":"nb-NO"},{"@type":"Organization","@id":"https:\/\/senbera.com\/no\/#organization","name":"Mekulo","url":"https:\/\/senbera.com\/no\/","logo":{"@type":"ImageObject","inLanguage":"nb-NO","@id":"https:\/\/senbera.com\/no\/#\/schema\/logo\/image\/","url":"https:\/\/senbera.com\/no\/wp-content\/uploads\/sites\/18\/2025\/12\/favicon_mekulo.png","contentUrl":"https:\/\/senbera.com\/no\/wp-content\/uploads\/sites\/18\/2025\/12\/favicon_mekulo.png","width":50,"height":50,"caption":"Mekulo"},"image":{"@id":"https:\/\/senbera.com\/no\/#\/schema\/logo\/image\/"}}]}},"_links":{"self":[{"href":"https:\/\/senbera.com\/no\/wp-json\/wp\/v2\/product\/20227","targetHints":{"allow":["GET"]}}],"collection":[{"href":"https:\/\/senbera.com\/no\/wp-json\/wp\/v2\/product"}],"about":[{"href":"https:\/\/senbera.com\/no\/wp-json\/wp\/v2\/types\/product"}],"replies":[{"embeddable":true,"href":"https:\/\/senbera.com\/no\/wp-json\/wp\/v2\/comments?post=20227"}],"wp:featuredmedia":[{"embeddable":true,"href":"https:\/\/senbera.com\/no\/wp-json\/wp\/v2\/media\/20223"}],"wp:attachment":[{"href":"https:\/\/senbera.com\/no\/wp-json\/wp\/v2\/media?parent=20227"}],"wp:term":[{"taxonomy":"product_brand","embeddable":true,"href":"https:\/\/senbera.com\/no\/wp-json\/wp\/v2\/product_brand?post=20227"},{"taxonomy":"product_cat","embeddable":true,"href":"https:\/\/senbera.com\/no\/wp-json\/wp\/v2\/product_cat?post=20227"},{"taxonomy":"product_tag","embeddable":true,"href":"https:\/\/senbera.com\/no\/wp-json\/wp\/v2\/product_tag?post=20227"}],"curies":[{"name":"wp","href":"https:\/\/api.w.org\/{rel}","templated":true}]}}