{"id":19968,"date":"2026-01-15T19:24:45","date_gmt":"2026-01-15T17:24:45","guid":{"rendered":"https:\/\/senbera.com\/no\/produkt\/alt-i-ett-strikkeverktoy\/"},"modified":"2026-01-15T19:24:45","modified_gmt":"2026-01-15T17:24:45","slug":"alt-i-ett-strikkeverktoy","status":"publish","type":"product","link":"https:\/\/senbera.com\/no\/produkt\/alt-i-ett-strikkeverktoy\/","title":{"rendered":"Alt-i-ett-strikkeverkt\u00f8y"},"content":{"rendered":"<p style=\"text-align: center\"><strong>Ingen Flere Floker, Bare Glatt Arbeid \ud83e\uddf6<\/strong><span style=\"font-weight: 400\"><br \/>\n<\/span><\/p>\n<p style=\"text-align: center\"><span style=\"font-weight: 400\">Denne smarte garnsk\u00e5len holder garnet ditt p\u00e5 plass, organiserer verkt\u00f8yene dine og hjelper deg med \u00e5 strikke eller hekle raskere og enklere. Alt du trenger er samlet p\u00e5 ett sted!<\/span><\/p>\n<p><img decoding=\"async\" class=\"size-full wp-image-15715 aligncenter\" src=\"https:\/\/keluvo.com\/template\/wp-content\/uploads\/sites\/5\/2025\/04\/72291aa4-ba57-42a5-9114-8181938f3d44.webp\" alt=\"\" \/><\/p>\n<h2 style=\"text-align: center\">Hovedfordeler<\/h2>\n<p><b>Ingen rot<\/b><span style=\"font-weight: 400\"> \u2013 garnet holder seg p\u00e5 plass og floker seg ikke<\/span><span style=\"font-weight: 400\"><br \/>\n<\/span><b><\/b><\/p>\n<p><b>Alle verkt\u00f8y er inkludert<\/b><span style=\"font-weight: 400\"> \u2013 leveres med m\u00e5lere, propper og oppbevaringsspor<\/span><span style=\"font-weight: 400\"><br \/>\n<\/span><b><\/b><\/p>\n<p><b>Enkel \u00e5 bruke<\/b><span style=\"font-weight: 400\"> \u2013 ta det du trenger uten \u00e5 grave i en eske<\/span><span style=\"font-weight: 400\"><br \/>\n<\/span><b><\/b><\/p>\n<p><b>Perfekt for alle typer garn<\/b><span style=\"font-weight: 400\"> \u2013 holder og sorterer alle typer og st\u00f8rrelser garn<\/span><span style=\"font-weight: 400\"><br \/>\n<\/span><b><\/b><\/p>\n<p><b>Sparer tid og plass<\/b><span style=\"font-weight: 400\"> \u2013 holder arbeidsomr\u00e5det ditt rent og klart<\/span><\/p>\n<h2 style=\"text-align: center\"><img fetchpriority=\"high\" decoding=\"async\" class=\"size-full wp-image-15720 aligncenter\" src=\"https:\/\/keluvo.com\/template\/wp-content\/uploads\/sites\/5\/2025\/04\/2f0b1279-52eb-4aa8-812b-56792db07691.webp\" alt=\"\" width=\"800\" height=\"800\" \/><\/h2>\n<h2 style=\"text-align: center\">Perfekt For Alle Typer H\u00e5ndarbeid<\/h2>\n<p style=\"text-align: center\"><span style=\"font-weight: 400\">Dette er ikke bare en garnbolle &#8211; det er din nye h\u00e5ndverkshjelper! Den holder p\u00e5 garnet mens du jobber, og oppbevarer alle redskapene dine p\u00e5 ett praktisk sted. Enten du strikker, hekler eller begge deler, gj\u00f8r denne sk\u00e5len hvert prosjekt enklere og morsommere. Perfekt for b\u00e5de nybegynnere og proffer!<\/span><\/p>\n<p><img decoding=\"async\" class=\"size-full wp-image-15721 aligncenter\" src=\"https:\/\/keluvo.com\/template\/wp-content\/uploads\/sites\/5\/2025\/04\/4274b416-df75-4b68-a9ed-64bc5f57a0bf.webp\" alt=\"\" width=\"300\" height=\"300\" \/><\/p>\n<h2 style=\"text-align: center\">Slik Bruker Du Den<\/h2>\n<ol>\n<li style=\"font-weight: 400\"><span style=\"font-weight: 400\">Plasser garnn\u00f8llen i sk\u00e5len.<\/span><span style=\"font-weight: 400\"><br \/>\n<\/span><\/li>\n<li style=\"font-weight: 400\"><span style=\"font-weight: 400\">Bruk garnf\u00f8reren p\u00e5 siden for \u00e5 unng\u00e5 floker.<\/span><span style=\"font-weight: 400\"><br \/>\n<\/span><\/li>\n<li style=\"font-weight: 400\"><span style=\"font-weight: 400\">Oppbevar verkt\u00f8yene i de innebygde rommene.<\/span><span style=\"font-weight: 400\"><br \/>\n<\/span><\/li>\n<li style=\"font-weight: 400\"><span style=\"font-weight: 400\">Begynn \u00e5 lage med alt innen fingertuppene.<\/span><\/li>\n<\/ol>\n<p>&nbsp;<\/p>\n<p><img decoding=\"async\" class=\"size-full wp-image-15723 aligncenter\" src=\"https:\/\/keluvo.com\/template\/wp-content\/uploads\/sites\/5\/2025\/04\/b7dcccde-0e74-4937-8b90-20b0798d3e23.webp\" alt=\"\" \/><\/p>\n<h2 style=\"text-align: center\">Pakken Inneholder<\/h2>\n<ul>\n<li style=\"font-weight: 400\"><span style=\"font-weight: 400\">1x alt-i-ett-strikkeverkt\u00f8y<\/span><span style=\"font-weight: 400\"><br \/>\n<\/span><\/li>\n<li style=\"font-weight: 400\"><span style=\"font-weight: 400\">Innbygd garnholder<\/span><span style=\"font-weight: 400\"><br \/>\n<\/span><\/li>\n<li style=\"font-weight: 400\"><span style=\"font-weight: 400\">Verkt\u00f8ybrett med:<\/span><span style=\"font-weight: 400\"><br \/>\n<\/span><span style=\"font-weight: 400\"> \u2022 Tetthetsm\u00e5ler<\/span><span style=\"font-weight: 400\"><br \/>\n<\/span><span style=\"font-weight: 400\"> \u2022 Pinnem\u00e5l<\/span><span style=\"font-weight: 400\"><br \/>\n<\/span><span style=\"font-weight: 400\"> \u2022 Strikkepinnestopper<\/span><span style=\"font-weight: 400\"><br \/>\n<\/span><span style=\"font-weight: 400\"> \u2022 Heklem\u00e5ler<\/span><span style=\"font-weight: 400\"><br \/>\n<\/span><span style=\"font-weight: 400\"> \u2022 Skj\u00f8tebrett<\/span><span style=\"font-weight: 400\"><br \/>\n<\/span><span style=\"font-weight: 400\"> \u2022 Oppbevaringsboks for h\u00e5ndverkt\u00f8y.<\/span><\/li>\n<\/ul>\n<p><img decoding=\"async\" class=\"size-full wp-image-15722 aligncenter\" src=\"https:\/\/keluvo.com\/template\/wp-content\/uploads\/sites\/5\/2025\/04\/8b47aa1e-1d25-4eab-ad40-f59b78b4750f.webp\" alt=\"\" width=\"480\" height=\"480\" \/><\/p>\n","protected":false},"excerpt":{"rendered":"<p>Ingen Flere Floker, Bare Glatt Arbeid \ud83e\uddf6 Denne smarte garnsk\u00e5len holder garnet ditt p\u00e5 plass, organiserer verkt\u00f8yene dine og hjelper [&hellip;]<\/p>\n","protected":false},"featured_media":19964,"comment_status":"open","ping_status":"closed","template":"","meta":{"site-sidebar-layout":"default","site-content-layout":"","ast-site-content-layout":"default","site-content-style":"default","site-sidebar-style":"default","ast-global-header-display":"","ast-banner-title-visibility":"","ast-main-header-display":"","ast-hfb-above-header-display":"","ast-hfb-below-header-display":"","ast-hfb-mobile-header-display":"","site-post-title":"","ast-breadcrumbs-content":"","ast-featured-img":"","footer-sml-layout":"","theme-transparent-header-meta":"default","adv-header-id-meta":"","stick-header-meta":"","header-above-stick-meta":"","header-main-stick-meta":"","header-below-stick-meta":"","astra-migrate-meta-layouts":"set","ast-page-background-enabled":"default","ast-page-background-meta":{"desktop":{"background-color":"var(--ast-global-color-5)","background-image":"","background-repeat":"repeat","background-position":"center center","background-size":"auto","background-attachment":"scroll","background-type":"","background-media":"","overlay-type":"","overlay-color":"","overlay-opacity":"","overlay-gradient":""},"tablet":{"background-color":"","background-image":"","background-repeat":"repeat","background-position":"center center","background-size":"auto","background-attachment":"scroll","background-type":"","background-media":"","overlay-type":"","overlay-color":"","overlay-opacity":"","overlay-gradient":""},"mobile":{"background-color":"","background-image":"","background-repeat":"repeat","background-position":"center center","background-size":"auto","background-attachment":"scroll","background-type":"","background-media":"","overlay-type":"","overlay-color":"","overlay-opacity":"","overlay-gradient":""}},"ast-content-background-meta":{"desktop":{"background-color":"var(--ast-global-color-4)","background-image":"","background-repeat":"repeat","background-position":"center center","background-size":"auto","background-attachment":"scroll","background-type":"","background-media":"","overlay-type":"","overlay-color":"","overlay-opacity":"","overlay-gradient":""},"tablet":{"background-color":"var(--ast-global-color-4)","background-image":"","background-repeat":"repeat","background-position":"center center","background-size":"auto","background-attachment":"scroll","background-type":"","background-media":"","overlay-type":"","overlay-color":"","overlay-opacity":"","overlay-gradient":""},"mobile":{"background-color":"var(--ast-global-color-4)","background-image":"","background-repeat":"repeat","background-position":"center center","background-size":"auto","background-attachment":"scroll","background-type":"","background-media":"","overlay-type":"","overlay-color":"","overlay-opacity":"","overlay-gradient":""}}},"product_brand":[],"product_cat":[15],"product_tag":[],"class_list":{"0":"post-19968","1":"product","2":"type-product","3":"status-publish","4":"has-post-thumbnail","6":"product_cat-ukategorisert","7":"desktop-align-left","8":"tablet-align-left","9":"mobile-align-left","11":"first","12":"instock","13":"shipping-taxable","14":"purchasable","15":"product-type-simple"},"yoast_head":"<!-- This site is optimized with the Yoast SEO plugin v26.6 - https:\/\/yoast.com\/wordpress\/plugins\/seo\/ -->\n<title>Alt-i-ett-strikkeverkt\u00f8y - Senbera NO<\/title>\n<meta name=\"robots\" content=\"index, follow, max-snippet:-1, max-image-preview:large, max-video-preview:-1\" \/>\n<link rel=\"canonical\" href=\"https:\/\/senbera.com\/no\/produkt\/alt-i-ett-strikkeverktoy\/\" \/>\n<meta property=\"og:locale\" content=\"nb_NO\" \/>\n<meta property=\"og:type\" content=\"article\" \/>\n<meta property=\"og:title\" content=\"Alt-i-ett-strikkeverkt\u00f8y - Senbera NO\" \/>\n<meta property=\"og:description\" content=\"Ingen Flere Floker, Bare Glatt Arbeid \ud83e\uddf6 Denne smarte garnsk\u00e5len holder garnet ditt p\u00e5 plass, organiserer verkt\u00f8yene dine og hjelper [&hellip;]\" \/>\n<meta property=\"og:url\" content=\"https:\/\/senbera.com\/no\/produkt\/alt-i-ett-strikkeverktoy\/\" \/>\n<meta property=\"og:site_name\" content=\"Senbera NO\" \/>\n<meta name=\"twitter:card\" content=\"summary_large_image\" \/>\n<meta name=\"twitter:label1\" content=\"Ansl. lesetid\" \/>\n\t<meta name=\"twitter:data1\" content=\"1 minutt\" \/>\n<script type=\"application\/ld+json\" class=\"yoast-schema-graph\">{\"@context\":\"https:\/\/schema.org\",\"@graph\":[{\"@type\":\"WebPage\",\"@id\":\"https:\/\/senbera.com\/no\/produkt\/alt-i-ett-strikkeverktoy\/\",\"url\":\"https:\/\/senbera.com\/no\/produkt\/alt-i-ett-strikkeverktoy\/\",\"name\":\"Alt-i-ett-strikkeverkt\u00f8y - Senbera NO\",\"isPartOf\":{\"@id\":\"https:\/\/senbera.com\/no\/#website\"},\"primaryImageOfPage\":{\"@id\":\"https:\/\/senbera.com\/no\/produkt\/alt-i-ett-strikkeverktoy\/#primaryimage\"},\"image\":{\"@id\":\"https:\/\/senbera.com\/no\/produkt\/alt-i-ett-strikkeverktoy\/#primaryimage\"},\"thumbnailUrl\":\"https:\/\/senbera.com\/no\/wp-content\/uploads\/sites\/18\/2026\/01\/5avlgte-1.webp\",\"datePublished\":\"2026-01-15T17:24:45+00:00\",\"breadcrumb\":{\"@id\":\"https:\/\/senbera.com\/no\/produkt\/alt-i-ett-strikkeverktoy\/#breadcrumb\"},\"inLanguage\":\"nb-NO\",\"potentialAction\":[{\"@type\":\"ReadAction\",\"target\":[\"https:\/\/senbera.com\/no\/produkt\/alt-i-ett-strikkeverktoy\/\"]}]},{\"@type\":\"ImageObject\",\"inLanguage\":\"nb-NO\",\"@id\":\"https:\/\/senbera.com\/no\/produkt\/alt-i-ett-strikkeverktoy\/#primaryimage\",\"url\":\"https:\/\/senbera.com\/no\/wp-content\/uploads\/sites\/18\/2026\/01\/5avlgte-1.webp\",\"contentUrl\":\"https:\/\/senbera.com\/no\/wp-content\/uploads\/sites\/18\/2026\/01\/5avlgte-1.webp\",\"width\":800,\"height\":800},{\"@type\":\"BreadcrumbList\",\"@id\":\"https:\/\/senbera.com\/no\/produkt\/alt-i-ett-strikkeverktoy\/#breadcrumb\",\"itemListElement\":[{\"@type\":\"ListItem\",\"position\":1,\"name\":\"Home\",\"item\":\"https:\/\/senbera.com\/no\/\"},{\"@type\":\"ListItem\",\"position\":2,\"name\":\"Butikk\",\"item\":\"https:\/\/senbera.com\/no\/butikk\/\"},{\"@type\":\"ListItem\",\"position\":3,\"name\":\"Alt-i-ett-strikkeverkt\u00f8y\"}]},{\"@type\":\"WebSite\",\"@id\":\"https:\/\/senbera.com\/no\/#website\",\"url\":\"https:\/\/senbera.com\/no\/\",\"name\":\"Senbera NO\",\"description\":\"\",\"publisher\":{\"@id\":\"https:\/\/senbera.com\/no\/#organization\"},\"potentialAction\":[{\"@type\":\"SearchAction\",\"target\":{\"@type\":\"EntryPoint\",\"urlTemplate\":\"https:\/\/senbera.com\/no\/?s={search_term_string}\"},\"query-input\":{\"@type\":\"PropertyValueSpecification\",\"valueRequired\":true,\"valueName\":\"search_term_string\"}}],\"inLanguage\":\"nb-NO\"},{\"@type\":\"Organization\",\"@id\":\"https:\/\/senbera.com\/no\/#organization\",\"name\":\"Mekulo\",\"url\":\"https:\/\/senbera.com\/no\/\",\"logo\":{\"@type\":\"ImageObject\",\"inLanguage\":\"nb-NO\",\"@id\":\"https:\/\/senbera.com\/no\/#\/schema\/logo\/image\/\",\"url\":\"https:\/\/senbera.com\/no\/wp-content\/uploads\/sites\/18\/2025\/12\/favicon_mekulo.png\",\"contentUrl\":\"https:\/\/senbera.com\/no\/wp-content\/uploads\/sites\/18\/2025\/12\/favicon_mekulo.png\",\"width\":50,\"height\":50,\"caption\":\"Mekulo\"},\"image\":{\"@id\":\"https:\/\/senbera.com\/no\/#\/schema\/logo\/image\/\"}}]}<\/script>\n<!-- \/ Yoast SEO plugin. -->","yoast_head_json":{"title":"Alt-i-ett-strikkeverkt\u00f8y - Senbera NO","robots":{"index":"index","follow":"follow","max-snippet":"max-snippet:-1","max-image-preview":"max-image-preview:large","max-video-preview":"max-video-preview:-1"},"canonical":"https:\/\/senbera.com\/no\/produkt\/alt-i-ett-strikkeverktoy\/","og_locale":"nb_NO","og_type":"article","og_title":"Alt-i-ett-strikkeverkt\u00f8y - Senbera NO","og_description":"Ingen Flere Floker, Bare Glatt Arbeid \ud83e\uddf6 Denne smarte garnsk\u00e5len holder garnet ditt p\u00e5 plass, organiserer verkt\u00f8yene dine og hjelper [&hellip;]","og_url":"https:\/\/senbera.com\/no\/produkt\/alt-i-ett-strikkeverktoy\/","og_site_name":"Senbera NO","twitter_card":"summary_large_image","twitter_misc":{"Ansl. lesetid":"1 minutt"},"schema":{"@context":"https:\/\/schema.org","@graph":[{"@type":"WebPage","@id":"https:\/\/senbera.com\/no\/produkt\/alt-i-ett-strikkeverktoy\/","url":"https:\/\/senbera.com\/no\/produkt\/alt-i-ett-strikkeverktoy\/","name":"Alt-i-ett-strikkeverkt\u00f8y - Senbera NO","isPartOf":{"@id":"https:\/\/senbera.com\/no\/#website"},"primaryImageOfPage":{"@id":"https:\/\/senbera.com\/no\/produkt\/alt-i-ett-strikkeverktoy\/#primaryimage"},"image":{"@id":"https:\/\/senbera.com\/no\/produkt\/alt-i-ett-strikkeverktoy\/#primaryimage"},"thumbnailUrl":"https:\/\/senbera.com\/no\/wp-content\/uploads\/sites\/18\/2026\/01\/5avlgte-1.webp","datePublished":"2026-01-15T17:24:45+00:00","breadcrumb":{"@id":"https:\/\/senbera.com\/no\/produkt\/alt-i-ett-strikkeverktoy\/#breadcrumb"},"inLanguage":"nb-NO","potentialAction":[{"@type":"ReadAction","target":["https:\/\/senbera.com\/no\/produkt\/alt-i-ett-strikkeverktoy\/"]}]},{"@type":"ImageObject","inLanguage":"nb-NO","@id":"https:\/\/senbera.com\/no\/produkt\/alt-i-ett-strikkeverktoy\/#primaryimage","url":"https:\/\/senbera.com\/no\/wp-content\/uploads\/sites\/18\/2026\/01\/5avlgte-1.webp","contentUrl":"https:\/\/senbera.com\/no\/wp-content\/uploads\/sites\/18\/2026\/01\/5avlgte-1.webp","width":800,"height":800},{"@type":"BreadcrumbList","@id":"https:\/\/senbera.com\/no\/produkt\/alt-i-ett-strikkeverktoy\/#breadcrumb","itemListElement":[{"@type":"ListItem","position":1,"name":"Home","item":"https:\/\/senbera.com\/no\/"},{"@type":"ListItem","position":2,"name":"Butikk","item":"https:\/\/senbera.com\/no\/butikk\/"},{"@type":"ListItem","position":3,"name":"Alt-i-ett-strikkeverkt\u00f8y"}]},{"@type":"WebSite","@id":"https:\/\/senbera.com\/no\/#website","url":"https:\/\/senbera.com\/no\/","name":"Senbera NO","description":"","publisher":{"@id":"https:\/\/senbera.com\/no\/#organization"},"potentialAction":[{"@type":"SearchAction","target":{"@type":"EntryPoint","urlTemplate":"https:\/\/senbera.com\/no\/?s={search_term_string}"},"query-input":{"@type":"PropertyValueSpecification","valueRequired":true,"valueName":"search_term_string"}}],"inLanguage":"nb-NO"},{"@type":"Organization","@id":"https:\/\/senbera.com\/no\/#organization","name":"Mekulo","url":"https:\/\/senbera.com\/no\/","logo":{"@type":"ImageObject","inLanguage":"nb-NO","@id":"https:\/\/senbera.com\/no\/#\/schema\/logo\/image\/","url":"https:\/\/senbera.com\/no\/wp-content\/uploads\/sites\/18\/2025\/12\/favicon_mekulo.png","contentUrl":"https:\/\/senbera.com\/no\/wp-content\/uploads\/sites\/18\/2025\/12\/favicon_mekulo.png","width":50,"height":50,"caption":"Mekulo"},"image":{"@id":"https:\/\/senbera.com\/no\/#\/schema\/logo\/image\/"}}]}},"_links":{"self":[{"href":"https:\/\/senbera.com\/no\/wp-json\/wp\/v2\/product\/19968","targetHints":{"allow":["GET"]}}],"collection":[{"href":"https:\/\/senbera.com\/no\/wp-json\/wp\/v2\/product"}],"about":[{"href":"https:\/\/senbera.com\/no\/wp-json\/wp\/v2\/types\/product"}],"replies":[{"embeddable":true,"href":"https:\/\/senbera.com\/no\/wp-json\/wp\/v2\/comments?post=19968"}],"wp:featuredmedia":[{"embeddable":true,"href":"https:\/\/senbera.com\/no\/wp-json\/wp\/v2\/media\/19964"}],"wp:attachment":[{"href":"https:\/\/senbera.com\/no\/wp-json\/wp\/v2\/media?parent=19968"}],"wp:term":[{"taxonomy":"product_brand","embeddable":true,"href":"https:\/\/senbera.com\/no\/wp-json\/wp\/v2\/product_brand?post=19968"},{"taxonomy":"product_cat","embeddable":true,"href":"https:\/\/senbera.com\/no\/wp-json\/wp\/v2\/product_cat?post=19968"},{"taxonomy":"product_tag","embeddable":true,"href":"https:\/\/senbera.com\/no\/wp-json\/wp\/v2\/product_tag?post=19968"}],"curies":[{"name":"wp","href":"https:\/\/api.w.org\/{rel}","templated":true}]}}