{"id":19849,"date":"2026-01-15T19:14:13","date_gmt":"2026-01-15T17:14:13","guid":{"rendered":"https:\/\/senbera.com\/no\/produkt\/sprinkleranlegg\/"},"modified":"2026-01-15T19:14:13","modified_gmt":"2026-01-15T17:14:13","slug":"sprinkleranlegg","status":"publish","type":"product","link":"https:\/\/senbera.com\/no\/produkt\/sprinkleranlegg\/","title":{"rendered":"Sprinkleranlegg"},"content":{"rendered":"<p style=\"text-align: center\"><strong>Vann I Alle Hj\u00f8rner \u2013 Med 360\u00b0 Stativsprinklersystemet!<\/strong><\/p>\n<p style=\"text-align: center\"><span style=\"font-weight: 400\">Enkel \u00e5 bruke, kraftig spray. <\/span><span style=\"font-size: 16px;font-weight: 400\">Denne smarte sprinkleren snurrer av seg selv og spruter vann rundt. Den holder plantene glade og hagen gr\u00f8nn\u2014uten at du trenger \u00e5 l\u00f8fte en finger!<\/span><\/p>\n<p><img decoding=\"async\" class=\"size-full wp-image-16448 aligncenter\" src=\"https:\/\/keluvo.com\/template\/wp-content\/uploads\/sites\/5\/2025\/04\/1961421f-f89f-4fe1-8b2d-713bb43ef815-ezgif.com-video-to-webp-converter.webp\" alt=\"\" \/><\/p>\n<h2 style=\"text-align: center\">Hovedfordeler<\/h2>\n<p><span style=\"font-weight: 400\">\u2705 <\/span><b>Dekker alle omr\u00e5der<\/b><span style=\"font-weight: 400\"> \u2013 360\u00b0 automatisk roterende hode n\u00e5r hele hagen<\/span><\/p>\n<p><span style=\"font-weight: 400\"> \u2705 <\/span><b>Justerbar h\u00f8yde<\/b><span style=\"font-weight: 400\"> \u2013 Hev eller senk den fra 45 til 89 cm for \u00e5 matche plantenes behov<\/span><\/p>\n<p><span style=\"font-weight: 400\"> \u2705 <\/span><b>Sparer vann<\/b><span style=\"font-weight: 400\"> \u2013 Fin t\u00e5kespr\u00f8yte holder jorden fuktig og reduserer sl\u00f8sing<\/span><\/p>\n<p><span style=\"font-weight: 400\"> \u2705 <\/span><b>Sterk og robust<\/b><span style=\"font-weight: 400\"> \u2013 Laget av rustfritt st\u00e5l og sinklegering for lang bruk<\/span><\/p>\n<p><span style=\"font-weight: 400\"> \u2705 <\/span><b>Tilpasset sprinkler<\/b><span style=\"font-weight: 400\"> \u2013 Endre sprinklervinkel og -avstand (opptil 24m!) for \u00e5 passe til plassen din<\/span><\/p>\n<p><img decoding=\"async\" class=\"size-full wp-image-16453 aligncenter\" src=\"https:\/\/keluvo.com\/template\/wp-content\/uploads\/sites\/5\/2025\/04\/05eeba7f-4cca-415b-bddd-8f8c64095470.webp\" alt=\"\" \/><\/p>\n<h2 style=\"text-align: center\">Ideal For Enhver Hage!<\/h2>\n<p style=\"text-align: center\"><span style=\"font-weight: 400\">Denne sprinkleren er den perfekte hjelperen for hagen, plenen eller g\u00e5rden din. Den spinner helt av seg selv, dekker et stort omr\u00e5de og tilpasser seg alle planteh\u00f8yder. Enten du har blomster, gress eller h\u00f8ye tr\u00e6r\u2014dette verkt\u00f8yet s\u00f8rger for at alle f\u00e5r riktig mengde vann, p\u00e5 en smart og enkel m\u00e5te!<\/span><\/p>\n<h2 style=\"text-align: center\">Slik Bruker Du Det<\/h2>\n<ol>\n<li style=\"font-weight: 400\"><span style=\"font-weight: 400\">Sett opp stativet i hagen din.<\/span><\/li>\n<li style=\"font-weight: 400\"><span style=\"font-weight: 400\">Juster h\u00f8yden slik at den passer til plantene.<\/span><\/li>\n<li style=\"font-weight: 400\"><span style=\"font-weight: 400\">Koble til hageslangen.<\/span><\/li>\n<li style=\"font-weight: 400\"><span style=\"font-weight: 400\">Sl\u00e5 p\u00e5 vannet og se hvordan det spruter og snurrer.<\/span><\/li>\n<\/ol>\n<h2 style=\"text-align: center\">Pakken Inneholder<\/h2>\n<ul>\n<li style=\"font-weight: 400\"><span style=\"font-weight: 400\">1x stativsprinklersystem med 360\u00b0 roterende spr\u00f8ytehode.<\/span><\/li>\n<\/ul>\n","protected":false},"excerpt":{"rendered":"<p>Vann I Alle Hj\u00f8rner \u2013 Med 360\u00b0 Stativsprinklersystemet! Enkel \u00e5 bruke, kraftig spray. Denne smarte sprinkleren snurrer av seg selv [&hellip;]<\/p>\n","protected":false},"featured_media":19845,"comment_status":"open","ping_status":"closed","template":"","meta":{"site-sidebar-layout":"default","site-content-layout":"","ast-site-content-layout":"default","site-content-style":"default","site-sidebar-style":"default","ast-global-header-display":"","ast-banner-title-visibility":"","ast-main-header-display":"","ast-hfb-above-header-display":"","ast-hfb-below-header-display":"","ast-hfb-mobile-header-display":"","site-post-title":"","ast-breadcrumbs-content":"","ast-featured-img":"","footer-sml-layout":"","ast-disable-related-posts":"","theme-transparent-header-meta":"default","adv-header-id-meta":"","stick-header-meta":"","header-above-stick-meta":"","header-main-stick-meta":"","header-below-stick-meta":"","astra-migrate-meta-layouts":"set","ast-page-background-enabled":"default","ast-page-background-meta":{"desktop":{"background-color":"var(--ast-global-color-5)","background-image":"","background-repeat":"repeat","background-position":"center center","background-size":"auto","background-attachment":"scroll","background-type":"","background-media":"","overlay-type":"","overlay-color":"","overlay-opacity":"","overlay-gradient":""},"tablet":{"background-color":"","background-image":"","background-repeat":"repeat","background-position":"center center","background-size":"auto","background-attachment":"scroll","background-type":"","background-media":"","overlay-type":"","overlay-color":"","overlay-opacity":"","overlay-gradient":""},"mobile":{"background-color":"","background-image":"","background-repeat":"repeat","background-position":"center center","background-size":"auto","background-attachment":"scroll","background-type":"","background-media":"","overlay-type":"","overlay-color":"","overlay-opacity":"","overlay-gradient":""}},"ast-content-background-meta":{"desktop":{"background-color":"var(--ast-global-color-4)","background-image":"","background-repeat":"repeat","background-position":"center center","background-size":"auto","background-attachment":"scroll","background-type":"","background-media":"","overlay-type":"","overlay-color":"","overlay-opacity":"","overlay-gradient":""},"tablet":{"background-color":"var(--ast-global-color-4)","background-image":"","background-repeat":"repeat","background-position":"center center","background-size":"auto","background-attachment":"scroll","background-type":"","background-media":"","overlay-type":"","overlay-color":"","overlay-opacity":"","overlay-gradient":""},"mobile":{"background-color":"var(--ast-global-color-4)","background-image":"","background-repeat":"repeat","background-position":"center center","background-size":"auto","background-attachment":"scroll","background-type":"","background-media":"","overlay-type":"","overlay-color":"","overlay-opacity":"","overlay-gradient":""}}},"product_brand":[],"product_cat":[15],"product_tag":[],"class_list":{"0":"post-19849","1":"product","2":"type-product","3":"status-publish","4":"has-post-thumbnail","6":"product_cat-ukategorisert","7":"desktop-align-left","8":"tablet-align-left","9":"mobile-align-left","11":"first","12":"instock","13":"shipping-taxable","14":"purchasable","15":"product-type-simple"},"yoast_head":"<!-- This site is optimized with the Yoast SEO plugin v27.4 - https:\/\/yoast.com\/product\/yoast-seo-wordpress\/ -->\n<title>Sprinkleranlegg - Senbera NO<\/title>\n<meta name=\"robots\" content=\"index, follow, max-snippet:-1, max-image-preview:large, max-video-preview:-1\" \/>\n<link rel=\"canonical\" href=\"https:\/\/senbera.com\/no\/produkt\/sprinkleranlegg\/\" \/>\n<meta property=\"og:locale\" content=\"nb_NO\" \/>\n<meta property=\"og:type\" content=\"article\" \/>\n<meta property=\"og:title\" content=\"Sprinkleranlegg - Senbera NO\" \/>\n<meta property=\"og:description\" content=\"Vann I Alle Hj\u00f8rner \u2013 Med 360\u00b0 Stativsprinklersystemet! Enkel \u00e5 bruke, kraftig spray. Denne smarte sprinkleren snurrer av seg selv [&hellip;]\" \/>\n<meta property=\"og:url\" content=\"https:\/\/senbera.com\/no\/produkt\/sprinkleranlegg\/\" \/>\n<meta property=\"og:site_name\" content=\"Senbera NO\" \/>\n<meta name=\"twitter:card\" content=\"summary_large_image\" \/>\n<meta name=\"twitter:label1\" content=\"Ansl. lesetid\" \/>\n\t<meta name=\"twitter:data1\" content=\"1 minutt\" \/>\n<script type=\"application\/ld+json\" class=\"yoast-schema-graph\">{\"@context\":\"https:\\\/\\\/schema.org\",\"@graph\":[{\"@type\":\"WebPage\",\"@id\":\"https:\\\/\\\/senbera.com\\\/no\\\/produkt\\\/sprinkleranlegg\\\/\",\"url\":\"https:\\\/\\\/senbera.com\\\/no\\\/produkt\\\/sprinkleranlegg\\\/\",\"name\":\"Sprinkleranlegg - Senbera NO\",\"isPartOf\":{\"@id\":\"https:\\\/\\\/senbera.com\\\/no\\\/#website\"},\"primaryImageOfPage\":{\"@id\":\"https:\\\/\\\/senbera.com\\\/no\\\/produkt\\\/sprinkleranlegg\\\/#primaryimage\"},\"image\":{\"@id\":\"https:\\\/\\\/senbera.com\\\/no\\\/produkt\\\/sprinkleranlegg\\\/#primaryimage\"},\"thumbnailUrl\":\"https:\\\/\\\/senbera.com\\\/no\\\/wp-content\\\/uploads\\\/sites\\\/18\\\/2026\\\/01\\\/kbob7sa-1.webp\",\"datePublished\":\"2026-01-15T17:14:13+00:00\",\"breadcrumb\":{\"@id\":\"https:\\\/\\\/senbera.com\\\/no\\\/produkt\\\/sprinkleranlegg\\\/#breadcrumb\"},\"inLanguage\":\"nb-NO\",\"potentialAction\":[{\"@type\":\"ReadAction\",\"target\":[\"https:\\\/\\\/senbera.com\\\/no\\\/produkt\\\/sprinkleranlegg\\\/\"]}]},{\"@type\":\"ImageObject\",\"inLanguage\":\"nb-NO\",\"@id\":\"https:\\\/\\\/senbera.com\\\/no\\\/produkt\\\/sprinkleranlegg\\\/#primaryimage\",\"url\":\"https:\\\/\\\/senbera.com\\\/no\\\/wp-content\\\/uploads\\\/sites\\\/18\\\/2026\\\/01\\\/kbob7sa-1.webp\",\"contentUrl\":\"https:\\\/\\\/senbera.com\\\/no\\\/wp-content\\\/uploads\\\/sites\\\/18\\\/2026\\\/01\\\/kbob7sa-1.webp\",\"width\":557,\"height\":557},{\"@type\":\"BreadcrumbList\",\"@id\":\"https:\\\/\\\/senbera.com\\\/no\\\/produkt\\\/sprinkleranlegg\\\/#breadcrumb\",\"itemListElement\":[{\"@type\":\"ListItem\",\"position\":1,\"name\":\"Home\",\"item\":\"https:\\\/\\\/senbera.com\\\/no\\\/\"},{\"@type\":\"ListItem\",\"position\":2,\"name\":\"Butikk\",\"item\":\"https:\\\/\\\/senbera.com\\\/no\\\/butikk\\\/\"},{\"@type\":\"ListItem\",\"position\":3,\"name\":\"Sprinkleranlegg\"}]},{\"@type\":\"WebSite\",\"@id\":\"https:\\\/\\\/senbera.com\\\/no\\\/#website\",\"url\":\"https:\\\/\\\/senbera.com\\\/no\\\/\",\"name\":\"Senbera NO\",\"description\":\"\",\"publisher\":{\"@id\":\"https:\\\/\\\/senbera.com\\\/no\\\/#organization\"},\"potentialAction\":[{\"@type\":\"SearchAction\",\"target\":{\"@type\":\"EntryPoint\",\"urlTemplate\":\"https:\\\/\\\/senbera.com\\\/no\\\/?s={search_term_string}\"},\"query-input\":{\"@type\":\"PropertyValueSpecification\",\"valueRequired\":true,\"valueName\":\"search_term_string\"}}],\"inLanguage\":\"nb-NO\"},{\"@type\":\"Organization\",\"@id\":\"https:\\\/\\\/senbera.com\\\/no\\\/#organization\",\"name\":\"Mekulo\",\"url\":\"https:\\\/\\\/senbera.com\\\/no\\\/\",\"logo\":{\"@type\":\"ImageObject\",\"inLanguage\":\"nb-NO\",\"@id\":\"https:\\\/\\\/senbera.com\\\/no\\\/#\\\/schema\\\/logo\\\/image\\\/\",\"url\":\"https:\\\/\\\/senbera.com\\\/no\\\/wp-content\\\/uploads\\\/sites\\\/18\\\/2025\\\/12\\\/favicon_mekulo.png\",\"contentUrl\":\"https:\\\/\\\/senbera.com\\\/no\\\/wp-content\\\/uploads\\\/sites\\\/18\\\/2025\\\/12\\\/favicon_mekulo.png\",\"width\":50,\"height\":50,\"caption\":\"Mekulo\"},\"image\":{\"@id\":\"https:\\\/\\\/senbera.com\\\/no\\\/#\\\/schema\\\/logo\\\/image\\\/\"}}]}<\/script>\n<!-- \/ Yoast SEO plugin. -->","yoast_head_json":{"title":"Sprinkleranlegg - Senbera NO","robots":{"index":"index","follow":"follow","max-snippet":"max-snippet:-1","max-image-preview":"max-image-preview:large","max-video-preview":"max-video-preview:-1"},"canonical":"https:\/\/senbera.com\/no\/produkt\/sprinkleranlegg\/","og_locale":"nb_NO","og_type":"article","og_title":"Sprinkleranlegg - Senbera NO","og_description":"Vann I Alle Hj\u00f8rner \u2013 Med 360\u00b0 Stativsprinklersystemet! Enkel \u00e5 bruke, kraftig spray. Denne smarte sprinkleren snurrer av seg selv [&hellip;]","og_url":"https:\/\/senbera.com\/no\/produkt\/sprinkleranlegg\/","og_site_name":"Senbera NO","twitter_card":"summary_large_image","twitter_misc":{"Ansl. lesetid":"1 minutt"},"schema":{"@context":"https:\/\/schema.org","@graph":[{"@type":"WebPage","@id":"https:\/\/senbera.com\/no\/produkt\/sprinkleranlegg\/","url":"https:\/\/senbera.com\/no\/produkt\/sprinkleranlegg\/","name":"Sprinkleranlegg - Senbera NO","isPartOf":{"@id":"https:\/\/senbera.com\/no\/#website"},"primaryImageOfPage":{"@id":"https:\/\/senbera.com\/no\/produkt\/sprinkleranlegg\/#primaryimage"},"image":{"@id":"https:\/\/senbera.com\/no\/produkt\/sprinkleranlegg\/#primaryimage"},"thumbnailUrl":"https:\/\/senbera.com\/no\/wp-content\/uploads\/sites\/18\/2026\/01\/kbob7sa-1.webp","datePublished":"2026-01-15T17:14:13+00:00","breadcrumb":{"@id":"https:\/\/senbera.com\/no\/produkt\/sprinkleranlegg\/#breadcrumb"},"inLanguage":"nb-NO","potentialAction":[{"@type":"ReadAction","target":["https:\/\/senbera.com\/no\/produkt\/sprinkleranlegg\/"]}]},{"@type":"ImageObject","inLanguage":"nb-NO","@id":"https:\/\/senbera.com\/no\/produkt\/sprinkleranlegg\/#primaryimage","url":"https:\/\/senbera.com\/no\/wp-content\/uploads\/sites\/18\/2026\/01\/kbob7sa-1.webp","contentUrl":"https:\/\/senbera.com\/no\/wp-content\/uploads\/sites\/18\/2026\/01\/kbob7sa-1.webp","width":557,"height":557},{"@type":"BreadcrumbList","@id":"https:\/\/senbera.com\/no\/produkt\/sprinkleranlegg\/#breadcrumb","itemListElement":[{"@type":"ListItem","position":1,"name":"Home","item":"https:\/\/senbera.com\/no\/"},{"@type":"ListItem","position":2,"name":"Butikk","item":"https:\/\/senbera.com\/no\/butikk\/"},{"@type":"ListItem","position":3,"name":"Sprinkleranlegg"}]},{"@type":"WebSite","@id":"https:\/\/senbera.com\/no\/#website","url":"https:\/\/senbera.com\/no\/","name":"Senbera NO","description":"","publisher":{"@id":"https:\/\/senbera.com\/no\/#organization"},"potentialAction":[{"@type":"SearchAction","target":{"@type":"EntryPoint","urlTemplate":"https:\/\/senbera.com\/no\/?s={search_term_string}"},"query-input":{"@type":"PropertyValueSpecification","valueRequired":true,"valueName":"search_term_string"}}],"inLanguage":"nb-NO"},{"@type":"Organization","@id":"https:\/\/senbera.com\/no\/#organization","name":"Mekulo","url":"https:\/\/senbera.com\/no\/","logo":{"@type":"ImageObject","inLanguage":"nb-NO","@id":"https:\/\/senbera.com\/no\/#\/schema\/logo\/image\/","url":"https:\/\/senbera.com\/no\/wp-content\/uploads\/sites\/18\/2025\/12\/favicon_mekulo.png","contentUrl":"https:\/\/senbera.com\/no\/wp-content\/uploads\/sites\/18\/2025\/12\/favicon_mekulo.png","width":50,"height":50,"caption":"Mekulo"},"image":{"@id":"https:\/\/senbera.com\/no\/#\/schema\/logo\/image\/"}}]}},"_links":{"self":[{"href":"https:\/\/senbera.com\/no\/wp-json\/wp\/v2\/product\/19849","targetHints":{"allow":["GET"]}}],"collection":[{"href":"https:\/\/senbera.com\/no\/wp-json\/wp\/v2\/product"}],"about":[{"href":"https:\/\/senbera.com\/no\/wp-json\/wp\/v2\/types\/product"}],"replies":[{"embeddable":true,"href":"https:\/\/senbera.com\/no\/wp-json\/wp\/v2\/comments?post=19849"}],"wp:featuredmedia":[{"embeddable":true,"href":"https:\/\/senbera.com\/no\/wp-json\/wp\/v2\/media\/19845"}],"wp:attachment":[{"href":"https:\/\/senbera.com\/no\/wp-json\/wp\/v2\/media?parent=19849"}],"wp:term":[{"taxonomy":"product_brand","embeddable":true,"href":"https:\/\/senbera.com\/no\/wp-json\/wp\/v2\/product_brand?post=19849"},{"taxonomy":"product_cat","embeddable":true,"href":"https:\/\/senbera.com\/no\/wp-json\/wp\/v2\/product_cat?post=19849"},{"taxonomy":"product_tag","embeddable":true,"href":"https:\/\/senbera.com\/no\/wp-json\/wp\/v2\/product_tag?post=19849"}],"curies":[{"name":"wp","href":"https:\/\/api.w.org\/{rel}","templated":true}]}}