{"id":19779,"date":"2026-01-15T19:10:05","date_gmt":"2026-01-15T17:10:05","guid":{"rendered":"https:\/\/senbera.com\/no\/produkt\/m41-tradlose-orepropper\/"},"modified":"2026-02-19T17:56:01","modified_gmt":"2026-02-19T15:56:01","slug":"m41-tradlose-orepropper","status":"publish","type":"product","link":"https:\/\/senbera.com\/no\/produkt\/m41-tradlose-orepropper\/","title":{"rendered":"M41 tr\u00e5dl\u00f8se \u00f8repropper"},"content":{"rendered":"<p style=\"text-align: center;\"><strong>F\u00e5 Mer Lyd \u2013 Med M41 Tr\u00e5dl\u00f8se \u00d8repropper!<\/strong><\/p>\n<p><img decoding=\"async\" class=\"size-full wp-image-16341 aligncenter\" src=\"https:\/\/keluvo.com\/template\/wp-content\/uploads\/sites\/5\/2025\/04\/f6082734-8592-46d6-a8a5-03a57a80d94d-ezgif.com-video-to-webp-converter.webp\" alt=\"\" \/><\/p>\n<h2 style=\"text-align: center;\">Hovedfordeler<\/h2>\n<p><span style=\"font-weight: 400;\">\u2705 <\/span><b>Ekte tr\u00e5dl\u00f8s frihet<\/b><span style=\"font-weight: 400;\"> \u2013 Ingen kabler, bare ren og enkel lyd<\/span><\/p>\n<p><span style=\"font-weight: 400;\"> \u2705 <\/span><b>Kul LED-gl\u00f8d<\/b><span style=\"font-weight: 400;\"> \u2013 Fargerikt pustelys viser frem stilen din<\/span><\/p>\n<p><span style=\"font-weight: 400;\"> \u2705 <\/span><b>Bluetooth 5.3-oppgradering<\/b><span style=\"font-weight: 400;\"> \u2013 Raskere sammenkobling, lav forsinkelse og lengre spilletid<\/span><\/p>\n<p><span style=\"font-weight: 400;\"> \u2705 <\/span><b>Str\u00f8m hele dagen<\/b><span style=\"font-weight: 400;\"> \u2013 Bruk etuiet som lader for \u00f8reproppene <\/span><span style=\"font-weight: 400;\">og<\/span><span style=\"font-weight: 400;\"> telefonen<\/span><\/p>\n<p><span style=\"font-weight: 400;\"> \u2705 <\/span><b>Sterk og t\u00f8ff<\/b><span style=\"font-weight: 400;\"> \u2013 Metallfinishen motst\u00e5r riper og gir et elegant, spillklart utseende<\/span><\/p>\n<p><span style=\"font-weight: 400;\"> \u2705 <\/span><b>Smart automatisk tilkobling<\/b><span style=\"font-weight: 400;\"> \u2013 Koble til \u00e9n gang, s\u00e5 husker den deg neste gang<\/span><\/p>\n<p><img decoding=\"async\" class=\"size-full wp-image-16334 aligncenter\" src=\"https:\/\/keluvo.com\/template\/wp-content\/uploads\/sites\/5\/2025\/04\/6a878fbd-9a45-41cf-9f33-0e578b9e9717.webp\" alt=\"\" \/><\/p>\n<h2 style=\"text-align: center;\">Eksepsjonell Teknologi<\/h2>\n<p style=\"text-align: center;\"><span style=\"font-weight: 400;\">F\u00e5 mer enn bare \u00f8repropper. Du f\u00e5r klare samtaler, dyp bass og et futuristisk utseende &#8211; alt i et kompakt etui som ogs\u00e5 fungerer som en str\u00f8mbank. Enten du spiller, trener eller bare slapper av, er disse \u00f8reproppene klare. De er lette, vanntette og st\u00f8yreduserende &#8211; laget for \u00e5 v\u00e6re med deg overalt.<\/span><\/p>\n<h2 style=\"text-align: center;\">Hvordan Du Bruker<\/h2>\n<ol>\n<li style=\"font-weight: 400;\"><span style=\"font-weight: 400;\">\u00c5pne etuiet og sl\u00e5 p\u00e5 Bluetooth p\u00e5 telefonen.<\/span><\/li>\n<li style=\"font-weight: 400;\"><span style=\"font-weight: 400;\">Koble til \u00e9n gang (neste gang kobler den seg til av seg selv!).<\/span><\/li>\n<li style=\"font-weight: 400;\"><span style=\"font-weight: 400;\">Sett i \u00f8reproppene og nyt musikken eller samtalen.<\/span><\/li>\n<li style=\"font-weight: 400;\"><span style=\"font-weight: 400;\">Bruk etuiet til \u00e5 lade \u00f8reproppene &#8211; eller til og med telefonen!<\/span><\/li>\n<\/ol>\n<h2 style=\"text-align: center;\"><b>Pakken Inkluderer<\/b><\/h2>\n<ul>\n<li style=\"font-weight: 400;\"><span style=\"font-weight: 400;\">1x par M41 true wireless-\u00f8repropper<\/span><\/li>\n<li style=\"font-weight: 400;\"><span style=\"font-weight: 400;\">1x ladeetui med innebygd str\u00f8mbank<\/span><\/li>\n<li style=\"font-weight: 400;\"><span style=\"font-weight: 400;\">1x USB-ladekabel<\/span><\/li>\n<li style=\"font-weight: 400;\"><span style=\"font-weight: 400;\">1x brukerh\u00e5ndbok.<\/span><\/li>\n<\/ul>\n","protected":false},"excerpt":{"rendered":"<p><span style=\"font-weight: 400;\">Spillklare, stilige og bygget for \u00e5 vare <\/span><span style=\"font-size: 16px; font-weight: 400;\">Disse \u00f8reproppene kobles raskt til, har fantastisk lyd og lyser til og med opp med kule pustelys. Ingen ledninger. Ingen begrensninger. Bare ren lyd og smart design.<\/span><\/p>\n","protected":false},"featured_media":19775,"comment_status":"open","ping_status":"closed","template":"","meta":{"site-sidebar-layout":"default","site-content-layout":"","ast-site-content-layout":"default","site-content-style":"default","site-sidebar-style":"default","ast-global-header-display":"","ast-banner-title-visibility":"","ast-main-header-display":"","ast-hfb-above-header-display":"","ast-hfb-below-header-display":"","ast-hfb-mobile-header-display":"","site-post-title":"","ast-breadcrumbs-content":"","ast-featured-img":"","footer-sml-layout":"","ast-disable-related-posts":"","theme-transparent-header-meta":"default","adv-header-id-meta":"","stick-header-meta":"","header-above-stick-meta":"","header-main-stick-meta":"","header-below-stick-meta":"","astra-migrate-meta-layouts":"set","ast-page-background-enabled":"default","ast-page-background-meta":{"desktop":{"background-color":"var(--ast-global-color-5)","background-image":"","background-repeat":"repeat","background-position":"center center","background-size":"auto","background-attachment":"scroll","background-type":"","background-media":"","overlay-type":"","overlay-color":"","overlay-opacity":"","overlay-gradient":""},"tablet":{"background-color":"","background-image":"","background-repeat":"repeat","background-position":"center center","background-size":"auto","background-attachment":"scroll","background-type":"","background-media":"","overlay-type":"","overlay-color":"","overlay-opacity":"","overlay-gradient":""},"mobile":{"background-color":"","background-image":"","background-repeat":"repeat","background-position":"center center","background-size":"auto","background-attachment":"scroll","background-type":"","background-media":"","overlay-type":"","overlay-color":"","overlay-opacity":"","overlay-gradient":""}},"ast-content-background-meta":{"desktop":{"background-color":"var(--ast-global-color-4)","background-image":"","background-repeat":"repeat","background-position":"center center","background-size":"auto","background-attachment":"scroll","background-type":"","background-media":"","overlay-type":"","overlay-color":"","overlay-opacity":"","overlay-gradient":""},"tablet":{"background-color":"var(--ast-global-color-4)","background-image":"","background-repeat":"repeat","background-position":"center center","background-size":"auto","background-attachment":"scroll","background-type":"","background-media":"","overlay-type":"","overlay-color":"","overlay-opacity":"","overlay-gradient":""},"mobile":{"background-color":"var(--ast-global-color-4)","background-image":"","background-repeat":"repeat","background-position":"center center","background-size":"auto","background-attachment":"scroll","background-type":"","background-media":"","overlay-type":"","overlay-color":"","overlay-opacity":"","overlay-gradient":""}}},"product_brand":[],"product_cat":[15],"product_tag":[],"class_list":{"0":"post-19779","1":"product","2":"type-product","3":"status-publish","4":"has-post-thumbnail","6":"product_cat-ukategorisert","7":"pa_34090_ajwrvmua-hvit","8":"pa_34090_ajwrvmua-svart","9":"desktop-align-left","10":"tablet-align-left","11":"mobile-align-left","13":"first","14":"instock","15":"shipping-taxable","16":"purchasable","17":"product-type-variable"},"yoast_head":"<!-- This site is optimized with the Yoast SEO plugin v27.4 - https:\/\/yoast.com\/product\/yoast-seo-wordpress\/ -->\n<title>M41 tr\u00e5dl\u00f8se \u00f8repropper - Senbera NO<\/title>\n<meta name=\"robots\" content=\"index, follow, max-snippet:-1, max-image-preview:large, max-video-preview:-1\" \/>\n<link rel=\"canonical\" href=\"https:\/\/senbera.com\/no\/produkt\/m41-tradlose-orepropper\/\" \/>\n<meta property=\"og:locale\" content=\"nb_NO\" \/>\n<meta property=\"og:type\" content=\"article\" \/>\n<meta property=\"og:title\" content=\"M41 tr\u00e5dl\u00f8se \u00f8repropper - Senbera NO\" \/>\n<meta property=\"og:description\" content=\"Spillklare, stilige og bygget for \u00e5 vare Disse \u00f8reproppene kobles raskt til, har fantastisk lyd og lyser til og med opp med kule pustelys. Ingen ledninger. Ingen begrensninger. Bare ren lyd og smart design.\" \/>\n<meta property=\"og:url\" content=\"https:\/\/senbera.com\/no\/produkt\/m41-tradlose-orepropper\/\" \/>\n<meta property=\"og:site_name\" content=\"Senbera NO\" \/>\n<meta property=\"article:modified_time\" content=\"2026-02-19T15:56:01+00:00\" \/>\n<meta property=\"og:image\" content=\"https:\/\/senbera.com\/no\/wp-content\/uploads\/sites\/18\/2026\/01\/1g34rze-1.jpg\" \/>\n\t<meta property=\"og:image:width\" content=\"800\" \/>\n\t<meta property=\"og:image:height\" content=\"800\" \/>\n\t<meta property=\"og:image:type\" content=\"image\/jpeg\" \/>\n<meta name=\"twitter:card\" content=\"summary_large_image\" \/>\n<meta name=\"twitter:label1\" content=\"Ansl. lesetid\" \/>\n\t<meta name=\"twitter:data1\" content=\"2 minutter\" \/>\n<script type=\"application\/ld+json\" class=\"yoast-schema-graph\">{\"@context\":\"https:\\\/\\\/schema.org\",\"@graph\":[{\"@type\":\"WebPage\",\"@id\":\"https:\\\/\\\/senbera.com\\\/no\\\/produkt\\\/m41-tradlose-orepropper\\\/\",\"url\":\"https:\\\/\\\/senbera.com\\\/no\\\/produkt\\\/m41-tradlose-orepropper\\\/\",\"name\":\"M41 tr\u00e5dl\u00f8se \u00f8repropper - Senbera NO\",\"isPartOf\":{\"@id\":\"https:\\\/\\\/senbera.com\\\/no\\\/#website\"},\"primaryImageOfPage\":{\"@id\":\"https:\\\/\\\/senbera.com\\\/no\\\/produkt\\\/m41-tradlose-orepropper\\\/#primaryimage\"},\"image\":{\"@id\":\"https:\\\/\\\/senbera.com\\\/no\\\/produkt\\\/m41-tradlose-orepropper\\\/#primaryimage\"},\"thumbnailUrl\":\"https:\\\/\\\/senbera.com\\\/no\\\/wp-content\\\/uploads\\\/sites\\\/18\\\/2026\\\/01\\\/1g34rze-1.jpg\",\"datePublished\":\"2026-01-15T17:10:05+00:00\",\"dateModified\":\"2026-02-19T15:56:01+00:00\",\"breadcrumb\":{\"@id\":\"https:\\\/\\\/senbera.com\\\/no\\\/produkt\\\/m41-tradlose-orepropper\\\/#breadcrumb\"},\"inLanguage\":\"nb-NO\",\"potentialAction\":[{\"@type\":\"ReadAction\",\"target\":[\"https:\\\/\\\/senbera.com\\\/no\\\/produkt\\\/m41-tradlose-orepropper\\\/\"]}]},{\"@type\":\"ImageObject\",\"inLanguage\":\"nb-NO\",\"@id\":\"https:\\\/\\\/senbera.com\\\/no\\\/produkt\\\/m41-tradlose-orepropper\\\/#primaryimage\",\"url\":\"https:\\\/\\\/senbera.com\\\/no\\\/wp-content\\\/uploads\\\/sites\\\/18\\\/2026\\\/01\\\/1g34rze-1.jpg\",\"contentUrl\":\"https:\\\/\\\/senbera.com\\\/no\\\/wp-content\\\/uploads\\\/sites\\\/18\\\/2026\\\/01\\\/1g34rze-1.jpg\",\"width\":800,\"height\":800},{\"@type\":\"BreadcrumbList\",\"@id\":\"https:\\\/\\\/senbera.com\\\/no\\\/produkt\\\/m41-tradlose-orepropper\\\/#breadcrumb\",\"itemListElement\":[{\"@type\":\"ListItem\",\"position\":1,\"name\":\"Home\",\"item\":\"https:\\\/\\\/senbera.com\\\/no\\\/\"},{\"@type\":\"ListItem\",\"position\":2,\"name\":\"Butikk\",\"item\":\"https:\\\/\\\/senbera.com\\\/no\\\/butikk\\\/\"},{\"@type\":\"ListItem\",\"position\":3,\"name\":\"M41 tr\u00e5dl\u00f8se \u00f8repropper\"}]},{\"@type\":\"WebSite\",\"@id\":\"https:\\\/\\\/senbera.com\\\/no\\\/#website\",\"url\":\"https:\\\/\\\/senbera.com\\\/no\\\/\",\"name\":\"Senbera NO\",\"description\":\"\",\"publisher\":{\"@id\":\"https:\\\/\\\/senbera.com\\\/no\\\/#organization\"},\"potentialAction\":[{\"@type\":\"SearchAction\",\"target\":{\"@type\":\"EntryPoint\",\"urlTemplate\":\"https:\\\/\\\/senbera.com\\\/no\\\/?s={search_term_string}\"},\"query-input\":{\"@type\":\"PropertyValueSpecification\",\"valueRequired\":true,\"valueName\":\"search_term_string\"}}],\"inLanguage\":\"nb-NO\"},{\"@type\":\"Organization\",\"@id\":\"https:\\\/\\\/senbera.com\\\/no\\\/#organization\",\"name\":\"Mekulo\",\"url\":\"https:\\\/\\\/senbera.com\\\/no\\\/\",\"logo\":{\"@type\":\"ImageObject\",\"inLanguage\":\"nb-NO\",\"@id\":\"https:\\\/\\\/senbera.com\\\/no\\\/#\\\/schema\\\/logo\\\/image\\\/\",\"url\":\"https:\\\/\\\/senbera.com\\\/no\\\/wp-content\\\/uploads\\\/sites\\\/18\\\/2025\\\/12\\\/favicon_mekulo.png\",\"contentUrl\":\"https:\\\/\\\/senbera.com\\\/no\\\/wp-content\\\/uploads\\\/sites\\\/18\\\/2025\\\/12\\\/favicon_mekulo.png\",\"width\":50,\"height\":50,\"caption\":\"Mekulo\"},\"image\":{\"@id\":\"https:\\\/\\\/senbera.com\\\/no\\\/#\\\/schema\\\/logo\\\/image\\\/\"}}]}<\/script>\n<!-- \/ Yoast SEO plugin. -->","yoast_head_json":{"title":"M41 tr\u00e5dl\u00f8se \u00f8repropper - Senbera NO","robots":{"index":"index","follow":"follow","max-snippet":"max-snippet:-1","max-image-preview":"max-image-preview:large","max-video-preview":"max-video-preview:-1"},"canonical":"https:\/\/senbera.com\/no\/produkt\/m41-tradlose-orepropper\/","og_locale":"nb_NO","og_type":"article","og_title":"M41 tr\u00e5dl\u00f8se \u00f8repropper - Senbera NO","og_description":"Spillklare, stilige og bygget for \u00e5 vare Disse \u00f8reproppene kobles raskt til, har fantastisk lyd og lyser til og med opp med kule pustelys. Ingen ledninger. Ingen begrensninger. Bare ren lyd og smart design.","og_url":"https:\/\/senbera.com\/no\/produkt\/m41-tradlose-orepropper\/","og_site_name":"Senbera NO","article_modified_time":"2026-02-19T15:56:01+00:00","og_image":[{"width":800,"height":800,"url":"https:\/\/senbera.com\/no\/wp-content\/uploads\/sites\/18\/2026\/01\/1g34rze-1.jpg","type":"image\/jpeg"}],"twitter_card":"summary_large_image","twitter_misc":{"Ansl. lesetid":"2 minutter"},"schema":{"@context":"https:\/\/schema.org","@graph":[{"@type":"WebPage","@id":"https:\/\/senbera.com\/no\/produkt\/m41-tradlose-orepropper\/","url":"https:\/\/senbera.com\/no\/produkt\/m41-tradlose-orepropper\/","name":"M41 tr\u00e5dl\u00f8se \u00f8repropper - Senbera NO","isPartOf":{"@id":"https:\/\/senbera.com\/no\/#website"},"primaryImageOfPage":{"@id":"https:\/\/senbera.com\/no\/produkt\/m41-tradlose-orepropper\/#primaryimage"},"image":{"@id":"https:\/\/senbera.com\/no\/produkt\/m41-tradlose-orepropper\/#primaryimage"},"thumbnailUrl":"https:\/\/senbera.com\/no\/wp-content\/uploads\/sites\/18\/2026\/01\/1g34rze-1.jpg","datePublished":"2026-01-15T17:10:05+00:00","dateModified":"2026-02-19T15:56:01+00:00","breadcrumb":{"@id":"https:\/\/senbera.com\/no\/produkt\/m41-tradlose-orepropper\/#breadcrumb"},"inLanguage":"nb-NO","potentialAction":[{"@type":"ReadAction","target":["https:\/\/senbera.com\/no\/produkt\/m41-tradlose-orepropper\/"]}]},{"@type":"ImageObject","inLanguage":"nb-NO","@id":"https:\/\/senbera.com\/no\/produkt\/m41-tradlose-orepropper\/#primaryimage","url":"https:\/\/senbera.com\/no\/wp-content\/uploads\/sites\/18\/2026\/01\/1g34rze-1.jpg","contentUrl":"https:\/\/senbera.com\/no\/wp-content\/uploads\/sites\/18\/2026\/01\/1g34rze-1.jpg","width":800,"height":800},{"@type":"BreadcrumbList","@id":"https:\/\/senbera.com\/no\/produkt\/m41-tradlose-orepropper\/#breadcrumb","itemListElement":[{"@type":"ListItem","position":1,"name":"Home","item":"https:\/\/senbera.com\/no\/"},{"@type":"ListItem","position":2,"name":"Butikk","item":"https:\/\/senbera.com\/no\/butikk\/"},{"@type":"ListItem","position":3,"name":"M41 tr\u00e5dl\u00f8se \u00f8repropper"}]},{"@type":"WebSite","@id":"https:\/\/senbera.com\/no\/#website","url":"https:\/\/senbera.com\/no\/","name":"Senbera NO","description":"","publisher":{"@id":"https:\/\/senbera.com\/no\/#organization"},"potentialAction":[{"@type":"SearchAction","target":{"@type":"EntryPoint","urlTemplate":"https:\/\/senbera.com\/no\/?s={search_term_string}"},"query-input":{"@type":"PropertyValueSpecification","valueRequired":true,"valueName":"search_term_string"}}],"inLanguage":"nb-NO"},{"@type":"Organization","@id":"https:\/\/senbera.com\/no\/#organization","name":"Mekulo","url":"https:\/\/senbera.com\/no\/","logo":{"@type":"ImageObject","inLanguage":"nb-NO","@id":"https:\/\/senbera.com\/no\/#\/schema\/logo\/image\/","url":"https:\/\/senbera.com\/no\/wp-content\/uploads\/sites\/18\/2025\/12\/favicon_mekulo.png","contentUrl":"https:\/\/senbera.com\/no\/wp-content\/uploads\/sites\/18\/2025\/12\/favicon_mekulo.png","width":50,"height":50,"caption":"Mekulo"},"image":{"@id":"https:\/\/senbera.com\/no\/#\/schema\/logo\/image\/"}}]}},"_links":{"self":[{"href":"https:\/\/senbera.com\/no\/wp-json\/wp\/v2\/product\/19779","targetHints":{"allow":["GET"]}}],"collection":[{"href":"https:\/\/senbera.com\/no\/wp-json\/wp\/v2\/product"}],"about":[{"href":"https:\/\/senbera.com\/no\/wp-json\/wp\/v2\/types\/product"}],"replies":[{"embeddable":true,"href":"https:\/\/senbera.com\/no\/wp-json\/wp\/v2\/comments?post=19779"}],"wp:featuredmedia":[{"embeddable":true,"href":"https:\/\/senbera.com\/no\/wp-json\/wp\/v2\/media\/19775"}],"wp:attachment":[{"href":"https:\/\/senbera.com\/no\/wp-json\/wp\/v2\/media?parent=19779"}],"wp:term":[{"taxonomy":"product_brand","embeddable":true,"href":"https:\/\/senbera.com\/no\/wp-json\/wp\/v2\/product_brand?post=19779"},{"taxonomy":"product_cat","embeddable":true,"href":"https:\/\/senbera.com\/no\/wp-json\/wp\/v2\/product_cat?post=19779"},{"taxonomy":"product_tag","embeddable":true,"href":"https:\/\/senbera.com\/no\/wp-json\/wp\/v2\/product_tag?post=19779"}],"curies":[{"name":"wp","href":"https:\/\/api.w.org\/{rel}","templated":true}]}}