{"id":19652,"date":"2026-01-15T11:35:34","date_gmt":"2026-01-15T09:35:34","guid":{"rendered":"https:\/\/senbera.com\/no\/produkt\/kattunge-lysestake\/"},"modified":"2026-02-18T11:56:16","modified_gmt":"2026-02-18T09:56:16","slug":"kattunge-lysestake","status":"publish","type":"product","link":"https:\/\/senbera.com\/no\/produkt\/kattunge-lysestake\/","title":{"rendered":"Kattunge-lysestake"},"content":{"rendered":"<p style=\"text-align: center;\"><strong>S\u00f8t, Koselig Og Full Av Sjarm \ud83d\udc08\ud83d\udd6f<\/strong><\/p>\n<h2 style=\"text-align: center;\"><img decoding=\"async\" class=\"size-full wp-image-16111 aligncenter\" src=\"https:\/\/keluvo.com\/template\/wp-content\/uploads\/sites\/5\/2025\/04\/f61f482c-9a0c-42b1-a679-0d0da237df27.webp.webp\" alt=\"\" \/>\ud83d\udd6f Hovedfordeler<\/h2>\n<p>S\u00f8t og unik<span style=\"font-weight: 400;\"> \u2013 Morsom kattungedesign som katteelskere vil elske<\/span><span style=\"font-weight: 400;\"><br \/>\n<\/span><\/p>\n<p>Perfekt for ethvert rom<span style=\"font-weight: 400;\"> \u2013 Ser flott ut p\u00e5 bord, hyller eller kaminhylle<\/span><span style=\"font-weight: 400;\"><br \/>\n<\/span><\/p>\n<p>H\u00e5ndlaget skj\u00f8nnhet<span style=\"font-weight: 400;\"> \u2013 Hvert stykke er h\u00e5ndlaget og unikt<\/span><span style=\"font-weight: 400;\"><br \/>\n<\/span><\/p>\n<p>Sikker og st\u00f8dig<span style=\"font-weight: 400;\"> \u2013 Holder lysene godt fast med en stabil base<\/span><\/p>\n<p>En god gaveid\u00e9<span style=\"font-weight: 400;\"> \u2013 Nydelig valg til bursdager, husoppvarminger eller spesielle middager<\/span><\/p>\n<h2 style=\"text-align: center;\"><img decoding=\"async\" class=\"size-full wp-image-16113 aligncenter\" src=\"https:\/\/keluvo.com\/template\/wp-content\/uploads\/sites\/5\/2025\/04\/ed492d35-e1cd-4036-845c-bfb0e8f362c6.webp.webp\" alt=\"\" \/><\/h2>\n<h2><\/h2>\n<h2 style=\"text-align: center;\">\ud83d\udc08\ud83d\udc08 Du Vil Elske Den!<\/h2>\n<p style=\"text-align: center;\"><span style=\"font-weight: 400;\">Denne lysestaken er mer enn bare dekor \u2013 den er en s\u00f8t liten venn som lyser opp rommet ditt. Den er laget av kvalitetsharpiks og er formet som en leken kattunge og er en glede for hjemmet ditt eller en omtenksom gave. Denne sjarmerende lysestaken gir et mykt lys og et smil til ethvert rom.<\/span><\/p>\n<h2 style=\"text-align: center;\">\ud83d\udccc Slik Bruker Du Den<\/h2>\n<ol>\n<li style=\"font-weight: 400;\"><span style=\"font-weight: 400;\">Plasser telyset eller votivlyset i staken.<\/span><\/li>\n<li style=\"font-weight: 400;\"><span style=\"font-weight: 400;\">Sett den p\u00e5 en flat overflate.<\/span><\/li>\n<li style=\"font-weight: 400;\"><span style=\"font-weight: 400;\">Tenn lyset og nyt den koselige gl\u00f8den.<\/span><span style=\"font-weight: 400;\"><br \/>\n<\/span><\/li>\n<\/ol>\n<p><img fetchpriority=\"high\" decoding=\"async\" class=\"size-full wp-image-16114 aligncenter\" src=\"https:\/\/keluvo.com\/template\/wp-content\/uploads\/sites\/5\/2025\/04\/48c2cd57-4821-4a6c-9469-4dbc2e404553.webp.webp\" alt=\"\" width=\"800\" height=\"800\" \/><\/p>\n<h2 style=\"text-align: center;\">\ud83d\udce6 Pakken Inneholder<\/h2>\n<ul>\n<li style=\"font-weight: 400;\"><span style=\"font-weight: 400;\">1x kattunge lysestake (6 cm x 6 cm).<\/span><span style=\"font-weight: 400;\">.<\/span><\/li>\n<\/ul>\n<p>&nbsp;<\/p>\n","protected":false},"excerpt":{"rendered":"<p><span style=\"font-weight: 400;\">Denne s\u00f8te katteformede lysestaken gir varme og personlighet til ethvert rom. Den er den perfekte m\u00e5ten \u00e5 f\u00e5 et smil til rommet ditt p\u00e5!<\/span><\/p>\n","protected":false},"featured_media":19648,"comment_status":"open","ping_status":"closed","template":"","meta":{"site-sidebar-layout":"default","site-content-layout":"","ast-site-content-layout":"default","site-content-style":"default","site-sidebar-style":"default","ast-global-header-display":"","ast-banner-title-visibility":"","ast-main-header-display":"","ast-hfb-above-header-display":"","ast-hfb-below-header-display":"","ast-hfb-mobile-header-display":"","site-post-title":"","ast-breadcrumbs-content":"","ast-featured-img":"","footer-sml-layout":"","theme-transparent-header-meta":"default","adv-header-id-meta":"","stick-header-meta":"","header-above-stick-meta":"","header-main-stick-meta":"","header-below-stick-meta":"","astra-migrate-meta-layouts":"set","ast-page-background-enabled":"default","ast-page-background-meta":{"desktop":{"background-color":"var(--ast-global-color-5)","background-image":"","background-repeat":"repeat","background-position":"center center","background-size":"auto","background-attachment":"scroll","background-type":"","background-media":"","overlay-type":"","overlay-color":"","overlay-opacity":"","overlay-gradient":""},"tablet":{"background-color":"","background-image":"","background-repeat":"repeat","background-position":"center center","background-size":"auto","background-attachment":"scroll","background-type":"","background-media":"","overlay-type":"","overlay-color":"","overlay-opacity":"","overlay-gradient":""},"mobile":{"background-color":"","background-image":"","background-repeat":"repeat","background-position":"center center","background-size":"auto","background-attachment":"scroll","background-type":"","background-media":"","overlay-type":"","overlay-color":"","overlay-opacity":"","overlay-gradient":""}},"ast-content-background-meta":{"desktop":{"background-color":"var(--ast-global-color-4)","background-image":"","background-repeat":"repeat","background-position":"center center","background-size":"auto","background-attachment":"scroll","background-type":"","background-media":"","overlay-type":"","overlay-color":"","overlay-opacity":"","overlay-gradient":""},"tablet":{"background-color":"var(--ast-global-color-4)","background-image":"","background-repeat":"repeat","background-position":"center center","background-size":"auto","background-attachment":"scroll","background-type":"","background-media":"","overlay-type":"","overlay-color":"","overlay-opacity":"","overlay-gradient":""},"mobile":{"background-color":"var(--ast-global-color-4)","background-image":"","background-repeat":"repeat","background-position":"center center","background-size":"auto","background-attachment":"scroll","background-type":"","background-media":"","overlay-type":"","overlay-color":"","overlay-opacity":"","overlay-gradient":""}}},"product_brand":[],"product_cat":[15],"product_tag":[],"class_list":{"0":"post-19652","1":"product","2":"type-product","3":"status-publish","4":"has-post-thumbnail","6":"product_cat-ukategorisert","7":"pa_18757_z6k21p10-brun-og-svart","8":"pa_18757_z6k21p10-hvit","9":"desktop-align-left","10":"tablet-align-left","11":"mobile-align-left","13":"first","14":"instock","15":"shipping-taxable","16":"purchasable","17":"product-type-variable"},"yoast_head":"<!-- This site is optimized with the Yoast SEO plugin v26.6 - https:\/\/yoast.com\/wordpress\/plugins\/seo\/ -->\n<title>Kattunge-lysestake - Senbera NO<\/title>\n<meta name=\"robots\" content=\"index, follow, max-snippet:-1, max-image-preview:large, max-video-preview:-1\" \/>\n<link rel=\"canonical\" href=\"https:\/\/senbera.com\/no\/produkt\/kattunge-lysestake\/\" \/>\n<meta property=\"og:locale\" content=\"nb_NO\" \/>\n<meta property=\"og:type\" content=\"article\" \/>\n<meta property=\"og:title\" content=\"Kattunge-lysestake - Senbera NO\" \/>\n<meta property=\"og:description\" content=\"Denne s\u00f8te katteformede lysestaken gir varme og personlighet til ethvert rom. Den er den perfekte m\u00e5ten \u00e5 f\u00e5 et smil til rommet ditt p\u00e5!\" \/>\n<meta property=\"og:url\" content=\"https:\/\/senbera.com\/no\/produkt\/kattunge-lysestake\/\" \/>\n<meta property=\"og:site_name\" content=\"Senbera NO\" \/>\n<meta property=\"article:modified_time\" content=\"2026-02-18T09:56:16+00:00\" \/>\n<meta property=\"og:image\" content=\"https:\/\/senbera.com\/no\/wp-content\/uploads\/sites\/18\/2026\/01\/0w2jxwi-1.webp\" \/>\n\t<meta property=\"og:image:width\" content=\"800\" \/>\n\t<meta property=\"og:image:height\" content=\"800\" \/>\n\t<meta property=\"og:image:type\" content=\"image\/webp\" \/>\n<meta name=\"twitter:card\" content=\"summary_large_image\" \/>\n<meta name=\"twitter:label1\" content=\"Ansl. lesetid\" \/>\n\t<meta name=\"twitter:data1\" content=\"2 minutter\" \/>\n<script type=\"application\/ld+json\" class=\"yoast-schema-graph\">{\"@context\":\"https:\/\/schema.org\",\"@graph\":[{\"@type\":\"WebPage\",\"@id\":\"https:\/\/senbera.com\/no\/produkt\/kattunge-lysestake\/\",\"url\":\"https:\/\/senbera.com\/no\/produkt\/kattunge-lysestake\/\",\"name\":\"Kattunge-lysestake - Senbera NO\",\"isPartOf\":{\"@id\":\"https:\/\/senbera.com\/no\/#website\"},\"primaryImageOfPage\":{\"@id\":\"https:\/\/senbera.com\/no\/produkt\/kattunge-lysestake\/#primaryimage\"},\"image\":{\"@id\":\"https:\/\/senbera.com\/no\/produkt\/kattunge-lysestake\/#primaryimage\"},\"thumbnailUrl\":\"https:\/\/senbera.com\/no\/wp-content\/uploads\/sites\/18\/2026\/01\/0w2jxwi-1.webp\",\"datePublished\":\"2026-01-15T09:35:34+00:00\",\"dateModified\":\"2026-02-18T09:56:16+00:00\",\"breadcrumb\":{\"@id\":\"https:\/\/senbera.com\/no\/produkt\/kattunge-lysestake\/#breadcrumb\"},\"inLanguage\":\"nb-NO\",\"potentialAction\":[{\"@type\":\"ReadAction\",\"target\":[\"https:\/\/senbera.com\/no\/produkt\/kattunge-lysestake\/\"]}]},{\"@type\":\"ImageObject\",\"inLanguage\":\"nb-NO\",\"@id\":\"https:\/\/senbera.com\/no\/produkt\/kattunge-lysestake\/#primaryimage\",\"url\":\"https:\/\/senbera.com\/no\/wp-content\/uploads\/sites\/18\/2026\/01\/0w2jxwi-1.webp\",\"contentUrl\":\"https:\/\/senbera.com\/no\/wp-content\/uploads\/sites\/18\/2026\/01\/0w2jxwi-1.webp\",\"width\":800,\"height\":800},{\"@type\":\"BreadcrumbList\",\"@id\":\"https:\/\/senbera.com\/no\/produkt\/kattunge-lysestake\/#breadcrumb\",\"itemListElement\":[{\"@type\":\"ListItem\",\"position\":1,\"name\":\"Home\",\"item\":\"https:\/\/senbera.com\/no\/\"},{\"@type\":\"ListItem\",\"position\":2,\"name\":\"Butikk\",\"item\":\"https:\/\/senbera.com\/no\/butikk\/\"},{\"@type\":\"ListItem\",\"position\":3,\"name\":\"Kattunge-lysestake\"}]},{\"@type\":\"WebSite\",\"@id\":\"https:\/\/senbera.com\/no\/#website\",\"url\":\"https:\/\/senbera.com\/no\/\",\"name\":\"Senbera NO\",\"description\":\"\",\"publisher\":{\"@id\":\"https:\/\/senbera.com\/no\/#organization\"},\"potentialAction\":[{\"@type\":\"SearchAction\",\"target\":{\"@type\":\"EntryPoint\",\"urlTemplate\":\"https:\/\/senbera.com\/no\/?s={search_term_string}\"},\"query-input\":{\"@type\":\"PropertyValueSpecification\",\"valueRequired\":true,\"valueName\":\"search_term_string\"}}],\"inLanguage\":\"nb-NO\"},{\"@type\":\"Organization\",\"@id\":\"https:\/\/senbera.com\/no\/#organization\",\"name\":\"Mekulo\",\"url\":\"https:\/\/senbera.com\/no\/\",\"logo\":{\"@type\":\"ImageObject\",\"inLanguage\":\"nb-NO\",\"@id\":\"https:\/\/senbera.com\/no\/#\/schema\/logo\/image\/\",\"url\":\"https:\/\/senbera.com\/no\/wp-content\/uploads\/sites\/18\/2025\/12\/favicon_mekulo.png\",\"contentUrl\":\"https:\/\/senbera.com\/no\/wp-content\/uploads\/sites\/18\/2025\/12\/favicon_mekulo.png\",\"width\":50,\"height\":50,\"caption\":\"Mekulo\"},\"image\":{\"@id\":\"https:\/\/senbera.com\/no\/#\/schema\/logo\/image\/\"}}]}<\/script>\n<!-- \/ Yoast SEO plugin. -->","yoast_head_json":{"title":"Kattunge-lysestake - Senbera NO","robots":{"index":"index","follow":"follow","max-snippet":"max-snippet:-1","max-image-preview":"max-image-preview:large","max-video-preview":"max-video-preview:-1"},"canonical":"https:\/\/senbera.com\/no\/produkt\/kattunge-lysestake\/","og_locale":"nb_NO","og_type":"article","og_title":"Kattunge-lysestake - Senbera NO","og_description":"Denne s\u00f8te katteformede lysestaken gir varme og personlighet til ethvert rom. Den er den perfekte m\u00e5ten \u00e5 f\u00e5 et smil til rommet ditt p\u00e5!","og_url":"https:\/\/senbera.com\/no\/produkt\/kattunge-lysestake\/","og_site_name":"Senbera NO","article_modified_time":"2026-02-18T09:56:16+00:00","og_image":[{"width":800,"height":800,"url":"https:\/\/senbera.com\/no\/wp-content\/uploads\/sites\/18\/2026\/01\/0w2jxwi-1.webp","type":"image\/webp"}],"twitter_card":"summary_large_image","twitter_misc":{"Ansl. lesetid":"2 minutter"},"schema":{"@context":"https:\/\/schema.org","@graph":[{"@type":"WebPage","@id":"https:\/\/senbera.com\/no\/produkt\/kattunge-lysestake\/","url":"https:\/\/senbera.com\/no\/produkt\/kattunge-lysestake\/","name":"Kattunge-lysestake - Senbera NO","isPartOf":{"@id":"https:\/\/senbera.com\/no\/#website"},"primaryImageOfPage":{"@id":"https:\/\/senbera.com\/no\/produkt\/kattunge-lysestake\/#primaryimage"},"image":{"@id":"https:\/\/senbera.com\/no\/produkt\/kattunge-lysestake\/#primaryimage"},"thumbnailUrl":"https:\/\/senbera.com\/no\/wp-content\/uploads\/sites\/18\/2026\/01\/0w2jxwi-1.webp","datePublished":"2026-01-15T09:35:34+00:00","dateModified":"2026-02-18T09:56:16+00:00","breadcrumb":{"@id":"https:\/\/senbera.com\/no\/produkt\/kattunge-lysestake\/#breadcrumb"},"inLanguage":"nb-NO","potentialAction":[{"@type":"ReadAction","target":["https:\/\/senbera.com\/no\/produkt\/kattunge-lysestake\/"]}]},{"@type":"ImageObject","inLanguage":"nb-NO","@id":"https:\/\/senbera.com\/no\/produkt\/kattunge-lysestake\/#primaryimage","url":"https:\/\/senbera.com\/no\/wp-content\/uploads\/sites\/18\/2026\/01\/0w2jxwi-1.webp","contentUrl":"https:\/\/senbera.com\/no\/wp-content\/uploads\/sites\/18\/2026\/01\/0w2jxwi-1.webp","width":800,"height":800},{"@type":"BreadcrumbList","@id":"https:\/\/senbera.com\/no\/produkt\/kattunge-lysestake\/#breadcrumb","itemListElement":[{"@type":"ListItem","position":1,"name":"Home","item":"https:\/\/senbera.com\/no\/"},{"@type":"ListItem","position":2,"name":"Butikk","item":"https:\/\/senbera.com\/no\/butikk\/"},{"@type":"ListItem","position":3,"name":"Kattunge-lysestake"}]},{"@type":"WebSite","@id":"https:\/\/senbera.com\/no\/#website","url":"https:\/\/senbera.com\/no\/","name":"Senbera NO","description":"","publisher":{"@id":"https:\/\/senbera.com\/no\/#organization"},"potentialAction":[{"@type":"SearchAction","target":{"@type":"EntryPoint","urlTemplate":"https:\/\/senbera.com\/no\/?s={search_term_string}"},"query-input":{"@type":"PropertyValueSpecification","valueRequired":true,"valueName":"search_term_string"}}],"inLanguage":"nb-NO"},{"@type":"Organization","@id":"https:\/\/senbera.com\/no\/#organization","name":"Mekulo","url":"https:\/\/senbera.com\/no\/","logo":{"@type":"ImageObject","inLanguage":"nb-NO","@id":"https:\/\/senbera.com\/no\/#\/schema\/logo\/image\/","url":"https:\/\/senbera.com\/no\/wp-content\/uploads\/sites\/18\/2025\/12\/favicon_mekulo.png","contentUrl":"https:\/\/senbera.com\/no\/wp-content\/uploads\/sites\/18\/2025\/12\/favicon_mekulo.png","width":50,"height":50,"caption":"Mekulo"},"image":{"@id":"https:\/\/senbera.com\/no\/#\/schema\/logo\/image\/"}}]}},"_links":{"self":[{"href":"https:\/\/senbera.com\/no\/wp-json\/wp\/v2\/product\/19652","targetHints":{"allow":["GET"]}}],"collection":[{"href":"https:\/\/senbera.com\/no\/wp-json\/wp\/v2\/product"}],"about":[{"href":"https:\/\/senbera.com\/no\/wp-json\/wp\/v2\/types\/product"}],"replies":[{"embeddable":true,"href":"https:\/\/senbera.com\/no\/wp-json\/wp\/v2\/comments?post=19652"}],"wp:featuredmedia":[{"embeddable":true,"href":"https:\/\/senbera.com\/no\/wp-json\/wp\/v2\/media\/19648"}],"wp:attachment":[{"href":"https:\/\/senbera.com\/no\/wp-json\/wp\/v2\/media?parent=19652"}],"wp:term":[{"taxonomy":"product_brand","embeddable":true,"href":"https:\/\/senbera.com\/no\/wp-json\/wp\/v2\/product_brand?post=19652"},{"taxonomy":"product_cat","embeddable":true,"href":"https:\/\/senbera.com\/no\/wp-json\/wp\/v2\/product_cat?post=19652"},{"taxonomy":"product_tag","embeddable":true,"href":"https:\/\/senbera.com\/no\/wp-json\/wp\/v2\/product_tag?post=19652"}],"curies":[{"name":"wp","href":"https:\/\/api.w.org\/{rel}","templated":true}]}}