{"id":19639,"date":"2026-01-15T11:34:33","date_gmt":"2026-01-15T09:34:33","guid":{"rendered":"https:\/\/senbera.com\/no\/produkt\/tetningsmasse-leire\/"},"modified":"2026-02-18T11:55:14","modified_gmt":"2026-02-18T09:55:14","slug":"tetningsmasse-leire","status":"publish","type":"product","link":"https:\/\/senbera.com\/no\/produkt\/tetningsmasse-leire\/","title":{"rendered":"Tetningsmasse leire"},"content":{"rendered":"<p style=\"text-align: center;\"><strong>Din raske l\u00f8sning for sm\u00e5 lekkasjer og hull! \ud83d\udec1<\/strong><\/p>\n<p><img fetchpriority=\"high\" decoding=\"async\" class=\" wp-image-16098 aligncenter\" src=\"https:\/\/keluvo.com\/template\/wp-content\/uploads\/sites\/5\/2025\/04\/20794a2e-b54b-4a7a-b6a4-334f0589be7b.gif.gif\" alt=\"\" width=\"470\" height=\"470\" \/><\/p>\n<h2 style=\"text-align: center;\">Hovedfordeler \ud83d\udc1c<\/h2>\n<p>Tetter raskt<span style=\"font-weight: 400;\"> \u2013 stopper lekkasjer med en gang<\/span><span style=\"font-weight: 400;\"><br \/>\n<\/span><\/p>\n<p>Vanntett og sterk<span style=\"font-weight: 400;\"> \u2013 perfekt for utend\u00f8rs bruk p\u00e5 fliser og r\u00f8r<\/span><span style=\"font-weight: 400;\"><br \/>\n<\/span><\/p>\n<p>B\u00f8yes for \u00e5 passe<span style=\"font-weight: 400;\"> \u2013 formes til enhver form eller \u00e5pning<\/span><span style=\"font-weight: 400;\"><br \/>\n<\/span><\/p>\n<p>Sikker \u00e5 bruke<span style=\"font-weight: 400;\"> \u2013 laget av milj\u00f8vennlig, giftfri gummi<\/span><span style=\"font-weight: 400;\"><br \/>\n<\/span><\/p>\n<p>Ingen verkt\u00f8y trengs<span style=\"font-weight: 400;\"> \u2013 bare \u00e5pne, trykk og du er ferdig<\/span><\/p>\n<h2 style=\"text-align: center;\"><img decoding=\"async\" class=\" wp-image-16103 aligncenter\" src=\"https:\/\/keluvo.com\/template\/wp-content\/uploads\/sites\/5\/2025\/04\/521b3b06-9907-4e22-b491-8d183cfdb1d6.webp.jpg\" alt=\"\" width=\"443\" height=\"443\" \/>Hovedtilbud<\/h2>\n<p style=\"text-align: center;\"><span style=\"font-weight: 400;\">Denne kraftige tetningsmassen av leire er perfekt for raske reparasjoner i hjemmet. Har du et lekk r\u00f8r? Et hull i n\u00e6rheten av klimaanlegget? En sprekk rundt en ledning? Dette produktet tetter det. Det er superenkelt og klart til bruk rett ut av pakken. Perfekt for gj\u00f8r-det-selv-entusiaster og alle som \u00f8nsker et rent og t\u00f8rt hjem!<\/span><\/p>\n<h2 style=\"text-align: center;\"><img decoding=\"async\" class=\"size-full wp-image-16104 aligncenter\" src=\"https:\/\/keluvo.com\/template\/wp-content\/uploads\/sites\/5\/2025\/04\/28e0d602-7211-4785-ae50-1bb4784631fb.webp.jpg\" alt=\"\" \/>Slik bruker du det \ud83d\udccc<\/h2>\n<ol>\n<li style=\"font-weight: 400;\"><span style=\"font-weight: 400;\">\u00c5pne pakken (20 g).<\/span><\/li>\n<li style=\"font-weight: 400;\"><span style=\"font-weight: 400;\">Ta ut leiren.<\/span><\/li>\n<li style=\"font-weight: 400;\"><span style=\"font-weight: 400;\">Elt den med hendene.<\/span><\/li>\n<li style=\"font-weight: 400;\"><span style=\"font-weight: 400;\">Trykk den inn i hullet eller sprekken.<\/span><\/li>\n<li style=\"font-weight: 400;\">Ferdig! Den sitter godt fast og tetter godt.<\/li>\n<\/ol>\n<h2 style=\"text-align: center;\">Pakken inneholder \ud83d\udce6<b><\/b><\/h2>\n<ul>\n<li style=\"font-weight: 400;\"><span style=\"font-weight: 400;\">4, 8x hvit gummipakningsleire.<\/span><\/li>\n<\/ul>\n","protected":false},"excerpt":{"rendered":"<p><span style=\"font-weight: 400;\">Denne brukervennlige tetningsleiren blokkerer vann og luft p\u00e5 bare noen sekunder. Bare riv, elt og lim &#8211; s\u00e5 enkelt er det!<\/span><\/p>\n","protected":false},"featured_media":19635,"comment_status":"open","ping_status":"closed","template":"","meta":{"site-sidebar-layout":"default","site-content-layout":"","ast-site-content-layout":"default","site-content-style":"default","site-sidebar-style":"default","ast-global-header-display":"","ast-banner-title-visibility":"","ast-main-header-display":"","ast-hfb-above-header-display":"","ast-hfb-below-header-display":"","ast-hfb-mobile-header-display":"","site-post-title":"","ast-breadcrumbs-content":"","ast-featured-img":"","footer-sml-layout":"","theme-transparent-header-meta":"default","adv-header-id-meta":"","stick-header-meta":"","header-above-stick-meta":"","header-main-stick-meta":"","header-below-stick-meta":"","astra-migrate-meta-layouts":"set","ast-page-background-enabled":"default","ast-page-background-meta":{"desktop":{"background-color":"var(--ast-global-color-5)","background-image":"","background-repeat":"repeat","background-position":"center center","background-size":"auto","background-attachment":"scroll","background-type":"","background-media":"","overlay-type":"","overlay-color":"","overlay-opacity":"","overlay-gradient":""},"tablet":{"background-color":"","background-image":"","background-repeat":"repeat","background-position":"center center","background-size":"auto","background-attachment":"scroll","background-type":"","background-media":"","overlay-type":"","overlay-color":"","overlay-opacity":"","overlay-gradient":""},"mobile":{"background-color":"","background-image":"","background-repeat":"repeat","background-position":"center center","background-size":"auto","background-attachment":"scroll","background-type":"","background-media":"","overlay-type":"","overlay-color":"","overlay-opacity":"","overlay-gradient":""}},"ast-content-background-meta":{"desktop":{"background-color":"var(--ast-global-color-4)","background-image":"","background-repeat":"repeat","background-position":"center center","background-size":"auto","background-attachment":"scroll","background-type":"","background-media":"","overlay-type":"","overlay-color":"","overlay-opacity":"","overlay-gradient":""},"tablet":{"background-color":"var(--ast-global-color-4)","background-image":"","background-repeat":"repeat","background-position":"center center","background-size":"auto","background-attachment":"scroll","background-type":"","background-media":"","overlay-type":"","overlay-color":"","overlay-opacity":"","overlay-gradient":""},"mobile":{"background-color":"var(--ast-global-color-4)","background-image":"","background-repeat":"repeat","background-position":"center center","background-size":"auto","background-attachment":"scroll","background-type":"","background-media":"","overlay-type":"","overlay-color":"","overlay-opacity":"","overlay-gradient":""}}},"product_brand":[],"product_cat":[15],"product_tag":[],"class_list":{"0":"post-19639","1":"product","2":"type-product","3":"status-publish","4":"has-post-thumbnail","6":"product_cat-ukategorisert","7":"pa_17932_jdflncyi-4-stk","8":"pa_17932_jdflncyi-8-stk","9":"desktop-align-left","10":"tablet-align-left","11":"mobile-align-left","13":"first","14":"instock","15":"shipping-taxable","16":"purchasable","17":"product-type-variable"},"yoast_head":"<!-- This site is optimized with the Yoast SEO plugin v26.6 - https:\/\/yoast.com\/wordpress\/plugins\/seo\/ -->\n<title>Tetningsmasse leire - Senbera NO<\/title>\n<meta name=\"robots\" content=\"index, follow, max-snippet:-1, max-image-preview:large, max-video-preview:-1\" \/>\n<link rel=\"canonical\" href=\"https:\/\/senbera.com\/no\/produkt\/tetningsmasse-leire\/\" \/>\n<meta property=\"og:locale\" content=\"nb_NO\" \/>\n<meta property=\"og:type\" content=\"article\" \/>\n<meta property=\"og:title\" content=\"Tetningsmasse leire - Senbera NO\" \/>\n<meta property=\"og:description\" content=\"Denne brukervennlige tetningsleiren blokkerer vann og luft p\u00e5 bare noen sekunder. Bare riv, elt og lim - s\u00e5 enkelt er det!\" \/>\n<meta property=\"og:url\" content=\"https:\/\/senbera.com\/no\/produkt\/tetningsmasse-leire\/\" \/>\n<meta property=\"og:site_name\" content=\"Senbera NO\" \/>\n<meta property=\"article:modified_time\" content=\"2026-02-18T09:55:14+00:00\" \/>\n<meta property=\"og:image\" content=\"https:\/\/senbera.com\/no\/wp-content\/uploads\/sites\/18\/2026\/01\/ht5pcr0-1.webp\" \/>\n\t<meta property=\"og:image:width\" content=\"560\" \/>\n\t<meta property=\"og:image:height\" content=\"560\" \/>\n\t<meta property=\"og:image:type\" content=\"image\/webp\" \/>\n<meta name=\"twitter:card\" content=\"summary_large_image\" \/>\n<meta name=\"twitter:label1\" content=\"Ansl. lesetid\" \/>\n\t<meta name=\"twitter:data1\" content=\"2 minutter\" \/>\n<script type=\"application\/ld+json\" class=\"yoast-schema-graph\">{\"@context\":\"https:\/\/schema.org\",\"@graph\":[{\"@type\":\"WebPage\",\"@id\":\"https:\/\/senbera.com\/no\/produkt\/tetningsmasse-leire\/\",\"url\":\"https:\/\/senbera.com\/no\/produkt\/tetningsmasse-leire\/\",\"name\":\"Tetningsmasse leire - Senbera NO\",\"isPartOf\":{\"@id\":\"https:\/\/senbera.com\/no\/#website\"},\"primaryImageOfPage\":{\"@id\":\"https:\/\/senbera.com\/no\/produkt\/tetningsmasse-leire\/#primaryimage\"},\"image\":{\"@id\":\"https:\/\/senbera.com\/no\/produkt\/tetningsmasse-leire\/#primaryimage\"},\"thumbnailUrl\":\"https:\/\/senbera.com\/no\/wp-content\/uploads\/sites\/18\/2026\/01\/ht5pcr0-1.webp\",\"datePublished\":\"2026-01-15T09:34:33+00:00\",\"dateModified\":\"2026-02-18T09:55:14+00:00\",\"breadcrumb\":{\"@id\":\"https:\/\/senbera.com\/no\/produkt\/tetningsmasse-leire\/#breadcrumb\"},\"inLanguage\":\"nb-NO\",\"potentialAction\":[{\"@type\":\"ReadAction\",\"target\":[\"https:\/\/senbera.com\/no\/produkt\/tetningsmasse-leire\/\"]}]},{\"@type\":\"ImageObject\",\"inLanguage\":\"nb-NO\",\"@id\":\"https:\/\/senbera.com\/no\/produkt\/tetningsmasse-leire\/#primaryimage\",\"url\":\"https:\/\/senbera.com\/no\/wp-content\/uploads\/sites\/18\/2026\/01\/ht5pcr0-1.webp\",\"contentUrl\":\"https:\/\/senbera.com\/no\/wp-content\/uploads\/sites\/18\/2026\/01\/ht5pcr0-1.webp\",\"width\":560,\"height\":560},{\"@type\":\"BreadcrumbList\",\"@id\":\"https:\/\/senbera.com\/no\/produkt\/tetningsmasse-leire\/#breadcrumb\",\"itemListElement\":[{\"@type\":\"ListItem\",\"position\":1,\"name\":\"Home\",\"item\":\"https:\/\/senbera.com\/no\/\"},{\"@type\":\"ListItem\",\"position\":2,\"name\":\"Butikk\",\"item\":\"https:\/\/senbera.com\/no\/butikk\/\"},{\"@type\":\"ListItem\",\"position\":3,\"name\":\"Tetningsmasse leire\"}]},{\"@type\":\"WebSite\",\"@id\":\"https:\/\/senbera.com\/no\/#website\",\"url\":\"https:\/\/senbera.com\/no\/\",\"name\":\"Senbera NO\",\"description\":\"\",\"publisher\":{\"@id\":\"https:\/\/senbera.com\/no\/#organization\"},\"potentialAction\":[{\"@type\":\"SearchAction\",\"target\":{\"@type\":\"EntryPoint\",\"urlTemplate\":\"https:\/\/senbera.com\/no\/?s={search_term_string}\"},\"query-input\":{\"@type\":\"PropertyValueSpecification\",\"valueRequired\":true,\"valueName\":\"search_term_string\"}}],\"inLanguage\":\"nb-NO\"},{\"@type\":\"Organization\",\"@id\":\"https:\/\/senbera.com\/no\/#organization\",\"name\":\"Mekulo\",\"url\":\"https:\/\/senbera.com\/no\/\",\"logo\":{\"@type\":\"ImageObject\",\"inLanguage\":\"nb-NO\",\"@id\":\"https:\/\/senbera.com\/no\/#\/schema\/logo\/image\/\",\"url\":\"https:\/\/senbera.com\/no\/wp-content\/uploads\/sites\/18\/2025\/12\/favicon_mekulo.png\",\"contentUrl\":\"https:\/\/senbera.com\/no\/wp-content\/uploads\/sites\/18\/2025\/12\/favicon_mekulo.png\",\"width\":50,\"height\":50,\"caption\":\"Mekulo\"},\"image\":{\"@id\":\"https:\/\/senbera.com\/no\/#\/schema\/logo\/image\/\"}}]}<\/script>\n<!-- \/ Yoast SEO plugin. -->","yoast_head_json":{"title":"Tetningsmasse leire - Senbera NO","robots":{"index":"index","follow":"follow","max-snippet":"max-snippet:-1","max-image-preview":"max-image-preview:large","max-video-preview":"max-video-preview:-1"},"canonical":"https:\/\/senbera.com\/no\/produkt\/tetningsmasse-leire\/","og_locale":"nb_NO","og_type":"article","og_title":"Tetningsmasse leire - Senbera NO","og_description":"Denne brukervennlige tetningsleiren blokkerer vann og luft p\u00e5 bare noen sekunder. Bare riv, elt og lim - s\u00e5 enkelt er det!","og_url":"https:\/\/senbera.com\/no\/produkt\/tetningsmasse-leire\/","og_site_name":"Senbera NO","article_modified_time":"2026-02-18T09:55:14+00:00","og_image":[{"width":560,"height":560,"url":"https:\/\/senbera.com\/no\/wp-content\/uploads\/sites\/18\/2026\/01\/ht5pcr0-1.webp","type":"image\/webp"}],"twitter_card":"summary_large_image","twitter_misc":{"Ansl. lesetid":"2 minutter"},"schema":{"@context":"https:\/\/schema.org","@graph":[{"@type":"WebPage","@id":"https:\/\/senbera.com\/no\/produkt\/tetningsmasse-leire\/","url":"https:\/\/senbera.com\/no\/produkt\/tetningsmasse-leire\/","name":"Tetningsmasse leire - Senbera NO","isPartOf":{"@id":"https:\/\/senbera.com\/no\/#website"},"primaryImageOfPage":{"@id":"https:\/\/senbera.com\/no\/produkt\/tetningsmasse-leire\/#primaryimage"},"image":{"@id":"https:\/\/senbera.com\/no\/produkt\/tetningsmasse-leire\/#primaryimage"},"thumbnailUrl":"https:\/\/senbera.com\/no\/wp-content\/uploads\/sites\/18\/2026\/01\/ht5pcr0-1.webp","datePublished":"2026-01-15T09:34:33+00:00","dateModified":"2026-02-18T09:55:14+00:00","breadcrumb":{"@id":"https:\/\/senbera.com\/no\/produkt\/tetningsmasse-leire\/#breadcrumb"},"inLanguage":"nb-NO","potentialAction":[{"@type":"ReadAction","target":["https:\/\/senbera.com\/no\/produkt\/tetningsmasse-leire\/"]}]},{"@type":"ImageObject","inLanguage":"nb-NO","@id":"https:\/\/senbera.com\/no\/produkt\/tetningsmasse-leire\/#primaryimage","url":"https:\/\/senbera.com\/no\/wp-content\/uploads\/sites\/18\/2026\/01\/ht5pcr0-1.webp","contentUrl":"https:\/\/senbera.com\/no\/wp-content\/uploads\/sites\/18\/2026\/01\/ht5pcr0-1.webp","width":560,"height":560},{"@type":"BreadcrumbList","@id":"https:\/\/senbera.com\/no\/produkt\/tetningsmasse-leire\/#breadcrumb","itemListElement":[{"@type":"ListItem","position":1,"name":"Home","item":"https:\/\/senbera.com\/no\/"},{"@type":"ListItem","position":2,"name":"Butikk","item":"https:\/\/senbera.com\/no\/butikk\/"},{"@type":"ListItem","position":3,"name":"Tetningsmasse leire"}]},{"@type":"WebSite","@id":"https:\/\/senbera.com\/no\/#website","url":"https:\/\/senbera.com\/no\/","name":"Senbera NO","description":"","publisher":{"@id":"https:\/\/senbera.com\/no\/#organization"},"potentialAction":[{"@type":"SearchAction","target":{"@type":"EntryPoint","urlTemplate":"https:\/\/senbera.com\/no\/?s={search_term_string}"},"query-input":{"@type":"PropertyValueSpecification","valueRequired":true,"valueName":"search_term_string"}}],"inLanguage":"nb-NO"},{"@type":"Organization","@id":"https:\/\/senbera.com\/no\/#organization","name":"Mekulo","url":"https:\/\/senbera.com\/no\/","logo":{"@type":"ImageObject","inLanguage":"nb-NO","@id":"https:\/\/senbera.com\/no\/#\/schema\/logo\/image\/","url":"https:\/\/senbera.com\/no\/wp-content\/uploads\/sites\/18\/2025\/12\/favicon_mekulo.png","contentUrl":"https:\/\/senbera.com\/no\/wp-content\/uploads\/sites\/18\/2025\/12\/favicon_mekulo.png","width":50,"height":50,"caption":"Mekulo"},"image":{"@id":"https:\/\/senbera.com\/no\/#\/schema\/logo\/image\/"}}]}},"_links":{"self":[{"href":"https:\/\/senbera.com\/no\/wp-json\/wp\/v2\/product\/19639","targetHints":{"allow":["GET"]}}],"collection":[{"href":"https:\/\/senbera.com\/no\/wp-json\/wp\/v2\/product"}],"about":[{"href":"https:\/\/senbera.com\/no\/wp-json\/wp\/v2\/types\/product"}],"replies":[{"embeddable":true,"href":"https:\/\/senbera.com\/no\/wp-json\/wp\/v2\/comments?post=19639"}],"wp:featuredmedia":[{"embeddable":true,"href":"https:\/\/senbera.com\/no\/wp-json\/wp\/v2\/media\/19635"}],"wp:attachment":[{"href":"https:\/\/senbera.com\/no\/wp-json\/wp\/v2\/media?parent=19639"}],"wp:term":[{"taxonomy":"product_brand","embeddable":true,"href":"https:\/\/senbera.com\/no\/wp-json\/wp\/v2\/product_brand?post=19639"},{"taxonomy":"product_cat","embeddable":true,"href":"https:\/\/senbera.com\/no\/wp-json\/wp\/v2\/product_cat?post=19639"},{"taxonomy":"product_tag","embeddable":true,"href":"https:\/\/senbera.com\/no\/wp-json\/wp\/v2\/product_tag?post=19639"}],"curies":[{"name":"wp","href":"https:\/\/api.w.org\/{rel}","templated":true}]}}