{"id":19449,"date":"2026-01-15T08:07:32","date_gmt":"2026-01-15T06:07:32","guid":{"rendered":"https:\/\/senbera.com\/no\/produkt\/handveske-til-telefonen\/"},"modified":"2026-01-15T08:12:05","modified_gmt":"2026-01-15T06:12:05","slug":"handveske-til-telefonen","status":"publish","type":"product","link":"https:\/\/senbera.com\/no\/produkt\/handveske-til-telefonen\/","title":{"rendered":"H\u00e5ndveske til telefonen"},"content":{"rendered":"<h2 style=\"text-align: center\" data-start=\"0\" data-end=\"53\">\ud83d\udc5c Stil og funksjonalitet<\/h2>\n<p class=\"\" style=\"text-align: center\" data-start=\"55\" data-end=\"174\"><span class=\"relative -mx-px my-[-0.2rem] rounded px-px py-[0.2rem] transition-colors duration-100 ease-in-out\">L\u00f8ft dine daglige n\u00f8dvendigheter med v\u00e5rt h\u00e5ndveskeetui, en perfekt blanding av mote og praktisk funksjonalitet.<\/span> <span class=\"relative -mx-px my-[-0.2rem] rounded px-px py-[0.2rem] transition-colors duration-100 ease-in-out\">Dette tilbeh\u00f8ret er designet for deg som setter pris p\u00e5 bekvemmelighet uten \u00e5 g\u00e5 p\u00e5 kompromiss med stilen, og s\u00f8rger for at telefonen alltid er innen rekkevidde og beskyttet.<\/span><\/p>\n<p data-start=\"55\" data-end=\"174\"><img decoding=\"async\" class=\"size-full wp-image-14312 aligncenter\" src=\"https:\/\/keluvo.com\/template\/wp-content\/uploads\/sites\/5\/2025\/04\/variant-image-6.jpeg\" alt=\"\" \/><\/p>\n<h2 style=\"text-align: center\" data-start=\"181\" data-end=\"204\">\ud83c\udf1f Viktige fordeler<\/h2>\n<p class=\"\" data-start=\"208\" data-end=\"312\">Alt-i-ett-design: <span class=\"relative -mx-px my-[-0.2rem] rounded px-px py-[0.2rem] transition-colors duration-100 ease-in-out\">Kombinerer nytteverdien til en h\u00e5ndveske med beskyttelsen til et mobildeksel, noe som reduserer behovet for \u00e5 b\u00e6re med seg flere ting<\/span>\u200b<\/p>\n<p class=\"\" data-start=\"315\" data-end=\"423\">Materiale av h\u00f8y kvalitet: <span class=\"relative -mx-px my-[-0.2rem] rounded px-px py-[0.2rem] transition-colors duration-100 ease-in-out\">Laget av slitesterke materialer som gir en myk ber\u00f8ring og langvarig bruk<\/span>\u200b<\/p>\n<p class=\"\" data-start=\"426\" data-end=\"523\">Sikker passform: <span class=\"relative -mx-px my-[-0.2rem] rounded px-px py-[0.2rem] transition-colors duration-100 ease-in-out\">Skreddersydd for \u00e5 passe perfekt til telefonen din og beskytte den mot st\u00f8v, riper og st\u00f8t<\/span>\u200b<\/p>\n<p class=\"\" data-start=\"526\" data-end=\"631\">Enkelt vedlikehold: <span class=\"relative -mx-px my-[-0.2rem] rounded px-px py-[0.2rem] transition-colors duration-100 ease-in-out\">Etuiet kan vaskes, slik at det holder seg rent og friskt over tid<\/span><\/p>\n<p><img decoding=\"async\" class=\"size-full wp-image-14309 aligncenter\" src=\"https:\/\/keluvo.com\/template\/wp-content\/uploads\/sites\/5\/2025\/04\/main-image-5-1.jpeg\" alt=\"\" \/><\/p>\n<h2 style=\"text-align: center\" data-start=\"55\" data-end=\"174\">\ud83d\udccf Produktspesifikasjoner<\/h2>\n<ul>\n<li class=\"\" data-start=\"673\" data-end=\"774\">\n<p class=\"\" data-start=\"675\" data-end=\"774\">Materiale: <span class=\"relative -mx-px my-[-0.2rem] rounded px-px py-[0.2rem] transition-colors duration-100 ease-in-out\">F\u00f8rsteklasses materiale<\/span>\u200b<\/p>\n<\/li>\n<li class=\"\" data-start=\"775\" data-end=\"874\">\n<p class=\"\" data-start=\"777\" data-end=\"874\">Design: <span class=\"relative -mx-px my-[-0.2rem] rounded px-px py-[0.2rem] transition-colors duration-100 ease-in-out\">Fasjonabel h\u00e5ndveskestil med enkel p\u00e5- og avknappingsfunksjon<\/span>\u200b<\/p>\n<\/li>\n<li class=\"\" data-start=\"875\" data-end=\"978\">\n<p class=\"\" data-start=\"877\" data-end=\"978\">Beskyttelse: <span class=\"relative -mx-px my-[-0.2rem] rounded px-px py-[0.2rem] transition-colors duration-100 ease-in-out\">Omfattende beskyttelse mot st\u00f8v, riper og mindre st\u00f8t<\/span>\u200b<\/p>\n<\/li>\n<li class=\"\" data-start=\"979\" data-end=\"1083\">\n<p class=\"\" data-start=\"981\" data-end=\"1083\">Vedlikehold: <span class=\"relative -mx-px my-[-0.2rem] rounded px-px py-[0.2rem] transition-colors duration-100 ease-in-out\">Slitesterkt og vaskbart for langvarig bruk<\/span><\/p>\n<\/li>\n<\/ul>\n<h2 style=\"text-align: center\">\ud83d\udce6 Pakken inneholder<\/h2>\n<ul>\n<li>1x telefonveske.<\/li>\n<\/ul>\n","protected":false},"excerpt":{"rendered":"<p>\ud83d\udc5c Stil og funksjonalitet L\u00f8ft dine daglige n\u00f8dvendigheter med v\u00e5rt h\u00e5ndveskeetui, en perfekt blanding av mote og praktisk funksjonalitet. Dette [&hellip;]<\/p>\n","protected":false},"featured_media":19444,"comment_status":"open","ping_status":"closed","template":"","meta":{"site-sidebar-layout":"default","site-content-layout":"","ast-site-content-layout":"default","site-content-style":"default","site-sidebar-style":"default","ast-global-header-display":"","ast-banner-title-visibility":"","ast-main-header-display":"","ast-hfb-above-header-display":"","ast-hfb-below-header-display":"","ast-hfb-mobile-header-display":"","site-post-title":"","ast-breadcrumbs-content":"","ast-featured-img":"","footer-sml-layout":"","ast-disable-related-posts":"","theme-transparent-header-meta":"default","adv-header-id-meta":"","stick-header-meta":"","header-above-stick-meta":"","header-main-stick-meta":"","header-below-stick-meta":"","astra-migrate-meta-layouts":"set","ast-page-background-enabled":"default","ast-page-background-meta":{"desktop":{"background-color":"var(--ast-global-color-5)","background-image":"","background-repeat":"repeat","background-position":"center center","background-size":"auto","background-attachment":"scroll","background-type":"","background-media":"","overlay-type":"","overlay-color":"","overlay-opacity":"","overlay-gradient":""},"tablet":{"background-color":"","background-image":"","background-repeat":"repeat","background-position":"center center","background-size":"auto","background-attachment":"scroll","background-type":"","background-media":"","overlay-type":"","overlay-color":"","overlay-opacity":"","overlay-gradient":""},"mobile":{"background-color":"","background-image":"","background-repeat":"repeat","background-position":"center center","background-size":"auto","background-attachment":"scroll","background-type":"","background-media":"","overlay-type":"","overlay-color":"","overlay-opacity":"","overlay-gradient":""}},"ast-content-background-meta":{"desktop":{"background-color":"var(--ast-global-color-4)","background-image":"","background-repeat":"repeat","background-position":"center center","background-size":"auto","background-attachment":"scroll","background-type":"","background-media":"","overlay-type":"","overlay-color":"","overlay-opacity":"","overlay-gradient":""},"tablet":{"background-color":"var(--ast-global-color-4)","background-image":"","background-repeat":"repeat","background-position":"center center","background-size":"auto","background-attachment":"scroll","background-type":"","background-media":"","overlay-type":"","overlay-color":"","overlay-opacity":"","overlay-gradient":""},"mobile":{"background-color":"var(--ast-global-color-4)","background-image":"","background-repeat":"repeat","background-position":"center center","background-size":"auto","background-attachment":"scroll","background-type":"","background-media":"","overlay-type":"","overlay-color":"","overlay-opacity":"","overlay-gradient":""}}},"product_brand":[],"product_cat":[15],"product_tag":[],"class_list":{"0":"post-19449","1":"product","2":"type-product","3":"status-publish","4":"has-post-thumbnail","6":"product_cat-ukategorisert","7":"pa_31965_trt6wy3s-iphone-11","8":"pa_31965_trt6wy3s-iphone-11-pro","9":"pa_31965_trt6wy3s-iphone-11-pro-max","10":"pa_31965_trt6wy3s-iphone-12","11":"pa_31965_trt6wy3s-iphone-12-pro","12":"pa_31965_trt6wy3s-iphone-12-pro-max","13":"pa_31965_trt6wy3s-iphone-13","14":"pa_31965_trt6wy3s-iphone-13-pro","15":"pa_31965_trt6wy3s-iphone-13-pro-max","16":"pa_31965_trt6wy3s-iphone-14","17":"pa_31965_trt6wy3s-iphone-14-pro","18":"pa_31965_trt6wy3s-iphone-14-pro-max","19":"pa_31965_trt6wy3s-iphone-15","20":"pa_31965_trt6wy3s-iphone-15-pro","21":"pa_31965_trt6wy3s-iphone-15-pro-max","22":"pa_31965_vwxnubdd-gronn","23":"pa_31965_vwxnubdd-hvit","24":"pa_31965_vwxnubdd-rod","25":"pa_31965_vwxnubdd-rosa","26":"pa_31965_vwxnubdd-svart","27":"desktop-align-left","28":"tablet-align-left","29":"mobile-align-left","31":"first","32":"instock","33":"shipping-taxable","34":"purchasable","35":"product-type-variable","36":"has-default-attributes"},"yoast_head":"<!-- This site is optimized with the Yoast SEO plugin v27.4 - https:\/\/yoast.com\/product\/yoast-seo-wordpress\/ -->\n<title>H\u00e5ndveske til telefonen - Senbera NO<\/title>\n<meta name=\"robots\" content=\"index, follow, max-snippet:-1, max-image-preview:large, max-video-preview:-1\" \/>\n<link rel=\"canonical\" href=\"https:\/\/senbera.com\/no\/produkt\/handveske-til-telefonen\/\" \/>\n<meta property=\"og:locale\" content=\"nb_NO\" \/>\n<meta property=\"og:type\" content=\"article\" \/>\n<meta property=\"og:title\" content=\"H\u00e5ndveske til telefonen - Senbera NO\" \/>\n<meta property=\"og:description\" content=\"\ud83d\udc5c Stil og funksjonalitet L\u00f8ft dine daglige n\u00f8dvendigheter med v\u00e5rt h\u00e5ndveskeetui, en perfekt blanding av mote og praktisk funksjonalitet. Dette [&hellip;]\" \/>\n<meta property=\"og:url\" content=\"https:\/\/senbera.com\/no\/produkt\/handveske-til-telefonen\/\" \/>\n<meta property=\"og:site_name\" content=\"Senbera NO\" \/>\n<meta property=\"article:modified_time\" content=\"2026-01-15T06:12:05+00:00\" \/>\n<meta name=\"twitter:card\" content=\"summary_large_image\" \/>\n<meta name=\"twitter:label1\" content=\"Ansl. lesetid\" \/>\n\t<meta name=\"twitter:data1\" content=\"1 minutt\" \/>\n<script type=\"application\/ld+json\" class=\"yoast-schema-graph\">{\"@context\":\"https:\\\/\\\/schema.org\",\"@graph\":[{\"@type\":\"WebPage\",\"@id\":\"https:\\\/\\\/senbera.com\\\/no\\\/produkt\\\/handveske-til-telefonen\\\/\",\"url\":\"https:\\\/\\\/senbera.com\\\/no\\\/produkt\\\/handveske-til-telefonen\\\/\",\"name\":\"H\u00e5ndveske til telefonen - Senbera NO\",\"isPartOf\":{\"@id\":\"https:\\\/\\\/senbera.com\\\/no\\\/#website\"},\"primaryImageOfPage\":{\"@id\":\"https:\\\/\\\/senbera.com\\\/no\\\/produkt\\\/handveske-til-telefonen\\\/#primaryimage\"},\"image\":{\"@id\":\"https:\\\/\\\/senbera.com\\\/no\\\/produkt\\\/handveske-til-telefonen\\\/#primaryimage\"},\"thumbnailUrl\":\"https:\\\/\\\/senbera.com\\\/no\\\/wp-content\\\/uploads\\\/sites\\\/18\\\/2026\\\/01\\\/sqqji51-1.jpeg\",\"datePublished\":\"2026-01-15T06:07:32+00:00\",\"dateModified\":\"2026-01-15T06:12:05+00:00\",\"breadcrumb\":{\"@id\":\"https:\\\/\\\/senbera.com\\\/no\\\/produkt\\\/handveske-til-telefonen\\\/#breadcrumb\"},\"inLanguage\":\"nb-NO\",\"potentialAction\":[{\"@type\":\"ReadAction\",\"target\":[\"https:\\\/\\\/senbera.com\\\/no\\\/produkt\\\/handveske-til-telefonen\\\/\"]}]},{\"@type\":\"ImageObject\",\"inLanguage\":\"nb-NO\",\"@id\":\"https:\\\/\\\/senbera.com\\\/no\\\/produkt\\\/handveske-til-telefonen\\\/#primaryimage\",\"url\":\"https:\\\/\\\/senbera.com\\\/no\\\/wp-content\\\/uploads\\\/sites\\\/18\\\/2026\\\/01\\\/sqqji51-1.jpeg\",\"contentUrl\":\"https:\\\/\\\/senbera.com\\\/no\\\/wp-content\\\/uploads\\\/sites\\\/18\\\/2026\\\/01\\\/sqqji51-1.jpeg\",\"width\":950,\"height\":950},{\"@type\":\"BreadcrumbList\",\"@id\":\"https:\\\/\\\/senbera.com\\\/no\\\/produkt\\\/handveske-til-telefonen\\\/#breadcrumb\",\"itemListElement\":[{\"@type\":\"ListItem\",\"position\":1,\"name\":\"Home\",\"item\":\"https:\\\/\\\/senbera.com\\\/no\\\/\"},{\"@type\":\"ListItem\",\"position\":2,\"name\":\"Butikk\",\"item\":\"https:\\\/\\\/senbera.com\\\/no\\\/butikk\\\/\"},{\"@type\":\"ListItem\",\"position\":3,\"name\":\"H\u00e5ndveske til telefonen\"}]},{\"@type\":\"WebSite\",\"@id\":\"https:\\\/\\\/senbera.com\\\/no\\\/#website\",\"url\":\"https:\\\/\\\/senbera.com\\\/no\\\/\",\"name\":\"Senbera NO\",\"description\":\"\",\"publisher\":{\"@id\":\"https:\\\/\\\/senbera.com\\\/no\\\/#organization\"},\"potentialAction\":[{\"@type\":\"SearchAction\",\"target\":{\"@type\":\"EntryPoint\",\"urlTemplate\":\"https:\\\/\\\/senbera.com\\\/no\\\/?s={search_term_string}\"},\"query-input\":{\"@type\":\"PropertyValueSpecification\",\"valueRequired\":true,\"valueName\":\"search_term_string\"}}],\"inLanguage\":\"nb-NO\"},{\"@type\":\"Organization\",\"@id\":\"https:\\\/\\\/senbera.com\\\/no\\\/#organization\",\"name\":\"Mekulo\",\"url\":\"https:\\\/\\\/senbera.com\\\/no\\\/\",\"logo\":{\"@type\":\"ImageObject\",\"inLanguage\":\"nb-NO\",\"@id\":\"https:\\\/\\\/senbera.com\\\/no\\\/#\\\/schema\\\/logo\\\/image\\\/\",\"url\":\"https:\\\/\\\/senbera.com\\\/no\\\/wp-content\\\/uploads\\\/sites\\\/18\\\/2025\\\/12\\\/favicon_mekulo.png\",\"contentUrl\":\"https:\\\/\\\/senbera.com\\\/no\\\/wp-content\\\/uploads\\\/sites\\\/18\\\/2025\\\/12\\\/favicon_mekulo.png\",\"width\":50,\"height\":50,\"caption\":\"Mekulo\"},\"image\":{\"@id\":\"https:\\\/\\\/senbera.com\\\/no\\\/#\\\/schema\\\/logo\\\/image\\\/\"}}]}<\/script>\n<!-- \/ Yoast SEO plugin. -->","yoast_head_json":{"title":"H\u00e5ndveske til telefonen - Senbera NO","robots":{"index":"index","follow":"follow","max-snippet":"max-snippet:-1","max-image-preview":"max-image-preview:large","max-video-preview":"max-video-preview:-1"},"canonical":"https:\/\/senbera.com\/no\/produkt\/handveske-til-telefonen\/","og_locale":"nb_NO","og_type":"article","og_title":"H\u00e5ndveske til telefonen - Senbera NO","og_description":"\ud83d\udc5c Stil og funksjonalitet L\u00f8ft dine daglige n\u00f8dvendigheter med v\u00e5rt h\u00e5ndveskeetui, en perfekt blanding av mote og praktisk funksjonalitet. Dette [&hellip;]","og_url":"https:\/\/senbera.com\/no\/produkt\/handveske-til-telefonen\/","og_site_name":"Senbera NO","article_modified_time":"2026-01-15T06:12:05+00:00","twitter_card":"summary_large_image","twitter_misc":{"Ansl. lesetid":"1 minutt"},"schema":{"@context":"https:\/\/schema.org","@graph":[{"@type":"WebPage","@id":"https:\/\/senbera.com\/no\/produkt\/handveske-til-telefonen\/","url":"https:\/\/senbera.com\/no\/produkt\/handveske-til-telefonen\/","name":"H\u00e5ndveske til telefonen - Senbera NO","isPartOf":{"@id":"https:\/\/senbera.com\/no\/#website"},"primaryImageOfPage":{"@id":"https:\/\/senbera.com\/no\/produkt\/handveske-til-telefonen\/#primaryimage"},"image":{"@id":"https:\/\/senbera.com\/no\/produkt\/handveske-til-telefonen\/#primaryimage"},"thumbnailUrl":"https:\/\/senbera.com\/no\/wp-content\/uploads\/sites\/18\/2026\/01\/sqqji51-1.jpeg","datePublished":"2026-01-15T06:07:32+00:00","dateModified":"2026-01-15T06:12:05+00:00","breadcrumb":{"@id":"https:\/\/senbera.com\/no\/produkt\/handveske-til-telefonen\/#breadcrumb"},"inLanguage":"nb-NO","potentialAction":[{"@type":"ReadAction","target":["https:\/\/senbera.com\/no\/produkt\/handveske-til-telefonen\/"]}]},{"@type":"ImageObject","inLanguage":"nb-NO","@id":"https:\/\/senbera.com\/no\/produkt\/handveske-til-telefonen\/#primaryimage","url":"https:\/\/senbera.com\/no\/wp-content\/uploads\/sites\/18\/2026\/01\/sqqji51-1.jpeg","contentUrl":"https:\/\/senbera.com\/no\/wp-content\/uploads\/sites\/18\/2026\/01\/sqqji51-1.jpeg","width":950,"height":950},{"@type":"BreadcrumbList","@id":"https:\/\/senbera.com\/no\/produkt\/handveske-til-telefonen\/#breadcrumb","itemListElement":[{"@type":"ListItem","position":1,"name":"Home","item":"https:\/\/senbera.com\/no\/"},{"@type":"ListItem","position":2,"name":"Butikk","item":"https:\/\/senbera.com\/no\/butikk\/"},{"@type":"ListItem","position":3,"name":"H\u00e5ndveske til telefonen"}]},{"@type":"WebSite","@id":"https:\/\/senbera.com\/no\/#website","url":"https:\/\/senbera.com\/no\/","name":"Senbera NO","description":"","publisher":{"@id":"https:\/\/senbera.com\/no\/#organization"},"potentialAction":[{"@type":"SearchAction","target":{"@type":"EntryPoint","urlTemplate":"https:\/\/senbera.com\/no\/?s={search_term_string}"},"query-input":{"@type":"PropertyValueSpecification","valueRequired":true,"valueName":"search_term_string"}}],"inLanguage":"nb-NO"},{"@type":"Organization","@id":"https:\/\/senbera.com\/no\/#organization","name":"Mekulo","url":"https:\/\/senbera.com\/no\/","logo":{"@type":"ImageObject","inLanguage":"nb-NO","@id":"https:\/\/senbera.com\/no\/#\/schema\/logo\/image\/","url":"https:\/\/senbera.com\/no\/wp-content\/uploads\/sites\/18\/2025\/12\/favicon_mekulo.png","contentUrl":"https:\/\/senbera.com\/no\/wp-content\/uploads\/sites\/18\/2025\/12\/favicon_mekulo.png","width":50,"height":50,"caption":"Mekulo"},"image":{"@id":"https:\/\/senbera.com\/no\/#\/schema\/logo\/image\/"}}]}},"_links":{"self":[{"href":"https:\/\/senbera.com\/no\/wp-json\/wp\/v2\/product\/19449","targetHints":{"allow":["GET"]}}],"collection":[{"href":"https:\/\/senbera.com\/no\/wp-json\/wp\/v2\/product"}],"about":[{"href":"https:\/\/senbera.com\/no\/wp-json\/wp\/v2\/types\/product"}],"replies":[{"embeddable":true,"href":"https:\/\/senbera.com\/no\/wp-json\/wp\/v2\/comments?post=19449"}],"wp:featuredmedia":[{"embeddable":true,"href":"https:\/\/senbera.com\/no\/wp-json\/wp\/v2\/media\/19444"}],"wp:attachment":[{"href":"https:\/\/senbera.com\/no\/wp-json\/wp\/v2\/media?parent=19449"}],"wp:term":[{"taxonomy":"product_brand","embeddable":true,"href":"https:\/\/senbera.com\/no\/wp-json\/wp\/v2\/product_brand?post=19449"},{"taxonomy":"product_cat","embeddable":true,"href":"https:\/\/senbera.com\/no\/wp-json\/wp\/v2\/product_cat?post=19449"},{"taxonomy":"product_tag","embeddable":true,"href":"https:\/\/senbera.com\/no\/wp-json\/wp\/v2\/product_tag?post=19449"}],"curies":[{"name":"wp","href":"https:\/\/api.w.org\/{rel}","templated":true}]}}