{"id":19393,"date":"2026-01-15T08:01:45","date_gmt":"2026-01-15T06:01:45","guid":{"rendered":"https:\/\/senbera.com\/no\/produkt\/harkrem-eelhoe-straight\/"},"modified":"2026-01-15T08:01:45","modified_gmt":"2026-01-15T06:01:45","slug":"harkrem-eelhoe-straight","status":"publish","type":"product","link":"https:\/\/senbera.com\/no\/produkt\/harkrem-eelhoe-straight\/","title":{"rendered":"H\u00e5rkrem EELHOE STRAIGHT"},"content":{"rendered":"<h2 style=\"text-align: center\" data-start=\"40\" data-end=\"90\">\u2728 Glatt, rett og skinnende h\u00e5r &#8211; p\u00e5 f\u00e5 minutter<\/h2>\n<p class=\"\" style=\"text-align: center\" data-start=\"92\" data-end=\"211\"><span class=\"relative -mx-px my-[-0.2rem] rounded px-px py-[0.2rem] transition-colors duration-100 ease-in-out\">Sig farvel til krus og hei til glatt, h\u00e5ndterbart h\u00e5r med v\u00e5r glattekrem.<\/span> <span class=\"relative -mx-px my-[-0.2rem] rounded px-px py-[0.2rem] transition-colors duration-100 ease-in-out\">Denne brukervennlige behandlingen forvandler kr\u00f8llete, b\u00f8lgete eller uregjerlig h\u00e5r til glatte, rette lokker &#8211; alt hjemmefra.<\/span><\/p>\n<p data-start=\"92\" data-end=\"211\"><img decoding=\"async\" class=\"size-full wp-image-14262 aligncenter\" src=\"https:\/\/keluvo.com\/template\/wp-content\/uploads\/sites\/5\/2025\/04\/ezgif.com-webp-maker.webp\" alt=\"\" \/><\/p>\n<h2 style=\"text-align: center\" data-start=\"218\" data-end=\"243\">\ud83c\udf1f Hvorfor du vil elske den<\/h2>\n<p class=\"\" data-start=\"247\" data-end=\"349\">\u00d8yeblikkelige resultater: <span class=\"relative -mx-px my-[-0.2rem] rounded px-px py-[0.2rem] transition-colors duration-100 ease-in-out\">Oppn\u00e5 silkemykt, glatt h\u00e5r med bare \u00e9n p\u00e5f\u00f8ring &#8211; uten behov for oppvarmede verkt\u00f8y eller salongbes\u00f8k<\/span><\/p>\n<p class=\"\" data-start=\"352\" data-end=\"515\">N\u00e6rende ingredienser: Inneholder kollagen, glyserin og planteekstrakter som gir fuktighet og styrker h\u00e5ret ditt.<\/p>\n<p class=\"\" data-start=\"518\" data-end=\"656\">krusfri finish: T\u00f8yler flyvninger og reduserer statisk elektrisitet, og etterlater h\u00e5ret glansfullt og glatt.<\/p>\n<p class=\"\" data-start=\"659\" data-end=\"759\">Sikkert og sk\u00e5nsomt: <span class=\"relative -mx-px my-[-0.2rem] rounded px-px py-[0.2rem] transition-colors duration-100 ease-in-out\">Formulert med milde ingredienser som beskytter h\u00e5r og hodebunn<\/span>\u200b<\/p>\n<p class=\"\" data-start=\"762\" data-end=\"869\">Enkel p\u00e5f\u00f8ring: <span class=\"relative -mx-px my-[-0.2rem] rounded px-px py-[0.2rem] transition-colors duration-100 ease-in-out\">Enkel tretrinnsprosess &#8211; vask, p\u00e5f\u00f8r og skyll<\/span><\/p>\n<p><img decoding=\"async\" class=\"size-full wp-image-14256 aligncenter\" src=\"https:\/\/keluvo.com\/template\/wp-content\/uploads\/sites\/5\/2025\/04\/main-image-3.jpeg\" alt=\"\" \/><\/p>\n<h2 style=\"text-align: center\" data-start=\"92\" data-end=\"211\">\u200b\ud83e\uddf4 Produktdetaljer<\/h2>\n<ul data-start=\"900\" data-end=\"1699\">\n<li class=\"\" data-start=\"998\" data-end=\"1099\">\n<p class=\"\" data-start=\"1000\" data-end=\"1099\">Kapasitet: <span class=\"relative -mx-px my-[-0.2rem] rounded px-px py-[0.2rem] transition-colors duration-100 ease-in-out\">60 ml<\/span>\u200b<\/p>\n<\/li>\n<li class=\"\" data-start=\"1100\" data-end=\"1203\">\n<p class=\"\" data-start=\"1102\" data-end=\"1203\">Holdbarhet: <span class=\"relative -mx-px my-[-0.2rem] rounded px-px py-[0.2rem] transition-colors duration-100 ease-in-out\">3 \u00e5r<\/span><\/p>\n<\/li>\n<li class=\"\" data-start=\"1204\" data-end=\"1309\">\n<p class=\"\" data-start=\"1206\" data-end=\"1309\">Legnet for: <span class=\"relative -mx-px my-[-0.2rem] rounded px-px py-[0.2rem] transition-colors duration-100 ease-in-out\">Alle h\u00e5rtyper, spesielt kr\u00f8llete eller skadet h\u00e5r<\/span><\/p>\n<\/li>\n<li class=\"\" data-start=\"1310\" data-end=\"1699\">\n<p class=\"\" data-start=\"1312\" data-end=\"1328\">Anvendelsestrinn:<\/p>\n<ol data-start=\"1331\" data-end=\"1699\">\n<li class=\"\" data-start=\"1331\" data-end=\"1419\">\n<p class=\"\" data-start=\"1334\" data-end=\"1419\"><span class=\"relative -mx-px my-[-0.2rem] rounded px-px py-[0.2rem] transition-colors duration-100 ease-in-out\">Vask h\u00e5ret med sjampo og t\u00f8rk det med h\u00e5ndkle til det er halvt\u00f8rt.<\/span>\u200b<\/p>\n<\/li>\n<li class=\"\" data-start=\"1422\" data-end=\"1608\">\n<p class=\"\" data-start=\"1425\" data-end=\"1510\"><span class=\"relative -mx-px my-[-0.2rem] rounded px-px py-[0.2rem] transition-colors duration-100 ease-in-out\">p\u00e5f\u00f8r kremen jevnt i h\u00e5ret.<\/span>\u200b<\/p>\n<ul data-start=\"1516\" data-end=\"1608\">\n<li class=\"\" data-start=\"1516\" data-end=\"1559\">\n<p class=\"\" data-start=\"1518\" data-end=\"1559\">la virke i 20-30 minutter for sunt h\u00e5r.<\/p>\n<\/li>\n<li class=\"\" data-start=\"1565\" data-end=\"1608\">\n<p class=\"\" data-start=\"1567\" data-end=\"1608\">la virke i 10-20 minutter for skadet h\u00e5r.<\/p>\n<\/li>\n<\/ul>\n<\/li>\n<li class=\"\" data-start=\"1611\" data-end=\"1699\">\n<p class=\"\" data-start=\"1614\" data-end=\"1699\"><span class=\"relative -mx-px my-[-0.2rem] rounded px-px py-[0.2rem] transition-colors duration-100 ease-in-out\">skyll grundig med vann.<\/span><\/p>\n<\/li>\n<\/ol>\n<\/li>\n<\/ul>\n","protected":false},"excerpt":{"rendered":"<p>\u2728 Glatt, rett og skinnende h\u00e5r &#8211; p\u00e5 f\u00e5 minutter Sig farvel til krus og hei til glatt, h\u00e5ndterbart h\u00e5r [&hellip;]<\/p>\n","protected":false},"featured_media":19389,"comment_status":"open","ping_status":"closed","template":"","meta":{"site-sidebar-layout":"default","site-content-layout":"","ast-site-content-layout":"default","site-content-style":"default","site-sidebar-style":"default","ast-global-header-display":"","ast-banner-title-visibility":"","ast-main-header-display":"","ast-hfb-above-header-display":"","ast-hfb-below-header-display":"","ast-hfb-mobile-header-display":"","site-post-title":"","ast-breadcrumbs-content":"","ast-featured-img":"","footer-sml-layout":"","ast-disable-related-posts":"","theme-transparent-header-meta":"default","adv-header-id-meta":"","stick-header-meta":"","header-above-stick-meta":"","header-main-stick-meta":"","header-below-stick-meta":"","astra-migrate-meta-layouts":"set","ast-page-background-enabled":"default","ast-page-background-meta":{"desktop":{"background-color":"var(--ast-global-color-5)","background-image":"","background-repeat":"repeat","background-position":"center center","background-size":"auto","background-attachment":"scroll","background-type":"","background-media":"","overlay-type":"","overlay-color":"","overlay-opacity":"","overlay-gradient":""},"tablet":{"background-color":"","background-image":"","background-repeat":"repeat","background-position":"center center","background-size":"auto","background-attachment":"scroll","background-type":"","background-media":"","overlay-type":"","overlay-color":"","overlay-opacity":"","overlay-gradient":""},"mobile":{"background-color":"","background-image":"","background-repeat":"repeat","background-position":"center center","background-size":"auto","background-attachment":"scroll","background-type":"","background-media":"","overlay-type":"","overlay-color":"","overlay-opacity":"","overlay-gradient":""}},"ast-content-background-meta":{"desktop":{"background-color":"var(--ast-global-color-4)","background-image":"","background-repeat":"repeat","background-position":"center center","background-size":"auto","background-attachment":"scroll","background-type":"","background-media":"","overlay-type":"","overlay-color":"","overlay-opacity":"","overlay-gradient":""},"tablet":{"background-color":"var(--ast-global-color-4)","background-image":"","background-repeat":"repeat","background-position":"center center","background-size":"auto","background-attachment":"scroll","background-type":"","background-media":"","overlay-type":"","overlay-color":"","overlay-opacity":"","overlay-gradient":""},"mobile":{"background-color":"var(--ast-global-color-4)","background-image":"","background-repeat":"repeat","background-position":"center center","background-size":"auto","background-attachment":"scroll","background-type":"","background-media":"","overlay-type":"","overlay-color":"","overlay-opacity":"","overlay-gradient":""}}},"product_brand":[],"product_cat":[15],"product_tag":[],"class_list":{"0":"post-19393","1":"product","2":"type-product","3":"status-publish","4":"has-post-thumbnail","6":"product_cat-ukategorisert","7":"desktop-align-left","8":"tablet-align-left","9":"mobile-align-left","11":"first","12":"instock","13":"shipping-taxable","14":"purchasable","15":"product-type-simple"},"yoast_head":"<!-- This site is optimized with the Yoast SEO plugin v27.4 - https:\/\/yoast.com\/product\/yoast-seo-wordpress\/ -->\n<title>H\u00e5rkrem EELHOE STRAIGHT - Senbera NO<\/title>\n<meta name=\"robots\" content=\"index, follow, max-snippet:-1, max-image-preview:large, max-video-preview:-1\" \/>\n<link rel=\"canonical\" href=\"https:\/\/senbera.com\/no\/produkt\/harkrem-eelhoe-straight\/\" \/>\n<meta property=\"og:locale\" content=\"nb_NO\" \/>\n<meta property=\"og:type\" content=\"article\" \/>\n<meta property=\"og:title\" content=\"H\u00e5rkrem EELHOE STRAIGHT - Senbera NO\" \/>\n<meta property=\"og:description\" content=\"\u2728 Glatt, rett og skinnende h\u00e5r &#8211; p\u00e5 f\u00e5 minutter Sig farvel til krus og hei til glatt, h\u00e5ndterbart h\u00e5r [&hellip;]\" \/>\n<meta property=\"og:url\" content=\"https:\/\/senbera.com\/no\/produkt\/harkrem-eelhoe-straight\/\" \/>\n<meta property=\"og:site_name\" content=\"Senbera NO\" \/>\n<meta name=\"twitter:card\" content=\"summary_large_image\" \/>\n<meta name=\"twitter:label1\" content=\"Ansl. lesetid\" \/>\n\t<meta name=\"twitter:data1\" content=\"1 minutt\" \/>\n<script type=\"application\/ld+json\" class=\"yoast-schema-graph\">{\"@context\":\"https:\\\/\\\/schema.org\",\"@graph\":[{\"@type\":\"WebPage\",\"@id\":\"https:\\\/\\\/senbera.com\\\/no\\\/produkt\\\/harkrem-eelhoe-straight\\\/\",\"url\":\"https:\\\/\\\/senbera.com\\\/no\\\/produkt\\\/harkrem-eelhoe-straight\\\/\",\"name\":\"H\u00e5rkrem EELHOE STRAIGHT - Senbera NO\",\"isPartOf\":{\"@id\":\"https:\\\/\\\/senbera.com\\\/no\\\/#website\"},\"primaryImageOfPage\":{\"@id\":\"https:\\\/\\\/senbera.com\\\/no\\\/produkt\\\/harkrem-eelhoe-straight\\\/#primaryimage\"},\"image\":{\"@id\":\"https:\\\/\\\/senbera.com\\\/no\\\/produkt\\\/harkrem-eelhoe-straight\\\/#primaryimage\"},\"thumbnailUrl\":\"https:\\\/\\\/senbera.com\\\/no\\\/wp-content\\\/uploads\\\/sites\\\/18\\\/2026\\\/01\\\/1q82ktx-1.jpeg\",\"datePublished\":\"2026-01-15T06:01:45+00:00\",\"breadcrumb\":{\"@id\":\"https:\\\/\\\/senbera.com\\\/no\\\/produkt\\\/harkrem-eelhoe-straight\\\/#breadcrumb\"},\"inLanguage\":\"nb-NO\",\"potentialAction\":[{\"@type\":\"ReadAction\",\"target\":[\"https:\\\/\\\/senbera.com\\\/no\\\/produkt\\\/harkrem-eelhoe-straight\\\/\"]}]},{\"@type\":\"ImageObject\",\"inLanguage\":\"nb-NO\",\"@id\":\"https:\\\/\\\/senbera.com\\\/no\\\/produkt\\\/harkrem-eelhoe-straight\\\/#primaryimage\",\"url\":\"https:\\\/\\\/senbera.com\\\/no\\\/wp-content\\\/uploads\\\/sites\\\/18\\\/2026\\\/01\\\/1q82ktx-1.jpeg\",\"contentUrl\":\"https:\\\/\\\/senbera.com\\\/no\\\/wp-content\\\/uploads\\\/sites\\\/18\\\/2026\\\/01\\\/1q82ktx-1.jpeg\",\"width\":1600,\"height\":1600},{\"@type\":\"BreadcrumbList\",\"@id\":\"https:\\\/\\\/senbera.com\\\/no\\\/produkt\\\/harkrem-eelhoe-straight\\\/#breadcrumb\",\"itemListElement\":[{\"@type\":\"ListItem\",\"position\":1,\"name\":\"Home\",\"item\":\"https:\\\/\\\/senbera.com\\\/no\\\/\"},{\"@type\":\"ListItem\",\"position\":2,\"name\":\"Butikk\",\"item\":\"https:\\\/\\\/senbera.com\\\/no\\\/butikk\\\/\"},{\"@type\":\"ListItem\",\"position\":3,\"name\":\"H\u00e5rkrem EELHOE STRAIGHT\"}]},{\"@type\":\"WebSite\",\"@id\":\"https:\\\/\\\/senbera.com\\\/no\\\/#website\",\"url\":\"https:\\\/\\\/senbera.com\\\/no\\\/\",\"name\":\"Senbera NO\",\"description\":\"\",\"publisher\":{\"@id\":\"https:\\\/\\\/senbera.com\\\/no\\\/#organization\"},\"potentialAction\":[{\"@type\":\"SearchAction\",\"target\":{\"@type\":\"EntryPoint\",\"urlTemplate\":\"https:\\\/\\\/senbera.com\\\/no\\\/?s={search_term_string}\"},\"query-input\":{\"@type\":\"PropertyValueSpecification\",\"valueRequired\":true,\"valueName\":\"search_term_string\"}}],\"inLanguage\":\"nb-NO\"},{\"@type\":\"Organization\",\"@id\":\"https:\\\/\\\/senbera.com\\\/no\\\/#organization\",\"name\":\"Mekulo\",\"url\":\"https:\\\/\\\/senbera.com\\\/no\\\/\",\"logo\":{\"@type\":\"ImageObject\",\"inLanguage\":\"nb-NO\",\"@id\":\"https:\\\/\\\/senbera.com\\\/no\\\/#\\\/schema\\\/logo\\\/image\\\/\",\"url\":\"https:\\\/\\\/senbera.com\\\/no\\\/wp-content\\\/uploads\\\/sites\\\/18\\\/2025\\\/12\\\/favicon_mekulo.png\",\"contentUrl\":\"https:\\\/\\\/senbera.com\\\/no\\\/wp-content\\\/uploads\\\/sites\\\/18\\\/2025\\\/12\\\/favicon_mekulo.png\",\"width\":50,\"height\":50,\"caption\":\"Mekulo\"},\"image\":{\"@id\":\"https:\\\/\\\/senbera.com\\\/no\\\/#\\\/schema\\\/logo\\\/image\\\/\"}}]}<\/script>\n<!-- \/ Yoast SEO plugin. -->","yoast_head_json":{"title":"H\u00e5rkrem EELHOE STRAIGHT - Senbera NO","robots":{"index":"index","follow":"follow","max-snippet":"max-snippet:-1","max-image-preview":"max-image-preview:large","max-video-preview":"max-video-preview:-1"},"canonical":"https:\/\/senbera.com\/no\/produkt\/harkrem-eelhoe-straight\/","og_locale":"nb_NO","og_type":"article","og_title":"H\u00e5rkrem EELHOE STRAIGHT - Senbera NO","og_description":"\u2728 Glatt, rett og skinnende h\u00e5r &#8211; p\u00e5 f\u00e5 minutter Sig farvel til krus og hei til glatt, h\u00e5ndterbart h\u00e5r [&hellip;]","og_url":"https:\/\/senbera.com\/no\/produkt\/harkrem-eelhoe-straight\/","og_site_name":"Senbera NO","twitter_card":"summary_large_image","twitter_misc":{"Ansl. lesetid":"1 minutt"},"schema":{"@context":"https:\/\/schema.org","@graph":[{"@type":"WebPage","@id":"https:\/\/senbera.com\/no\/produkt\/harkrem-eelhoe-straight\/","url":"https:\/\/senbera.com\/no\/produkt\/harkrem-eelhoe-straight\/","name":"H\u00e5rkrem EELHOE STRAIGHT - Senbera NO","isPartOf":{"@id":"https:\/\/senbera.com\/no\/#website"},"primaryImageOfPage":{"@id":"https:\/\/senbera.com\/no\/produkt\/harkrem-eelhoe-straight\/#primaryimage"},"image":{"@id":"https:\/\/senbera.com\/no\/produkt\/harkrem-eelhoe-straight\/#primaryimage"},"thumbnailUrl":"https:\/\/senbera.com\/no\/wp-content\/uploads\/sites\/18\/2026\/01\/1q82ktx-1.jpeg","datePublished":"2026-01-15T06:01:45+00:00","breadcrumb":{"@id":"https:\/\/senbera.com\/no\/produkt\/harkrem-eelhoe-straight\/#breadcrumb"},"inLanguage":"nb-NO","potentialAction":[{"@type":"ReadAction","target":["https:\/\/senbera.com\/no\/produkt\/harkrem-eelhoe-straight\/"]}]},{"@type":"ImageObject","inLanguage":"nb-NO","@id":"https:\/\/senbera.com\/no\/produkt\/harkrem-eelhoe-straight\/#primaryimage","url":"https:\/\/senbera.com\/no\/wp-content\/uploads\/sites\/18\/2026\/01\/1q82ktx-1.jpeg","contentUrl":"https:\/\/senbera.com\/no\/wp-content\/uploads\/sites\/18\/2026\/01\/1q82ktx-1.jpeg","width":1600,"height":1600},{"@type":"BreadcrumbList","@id":"https:\/\/senbera.com\/no\/produkt\/harkrem-eelhoe-straight\/#breadcrumb","itemListElement":[{"@type":"ListItem","position":1,"name":"Home","item":"https:\/\/senbera.com\/no\/"},{"@type":"ListItem","position":2,"name":"Butikk","item":"https:\/\/senbera.com\/no\/butikk\/"},{"@type":"ListItem","position":3,"name":"H\u00e5rkrem EELHOE STRAIGHT"}]},{"@type":"WebSite","@id":"https:\/\/senbera.com\/no\/#website","url":"https:\/\/senbera.com\/no\/","name":"Senbera NO","description":"","publisher":{"@id":"https:\/\/senbera.com\/no\/#organization"},"potentialAction":[{"@type":"SearchAction","target":{"@type":"EntryPoint","urlTemplate":"https:\/\/senbera.com\/no\/?s={search_term_string}"},"query-input":{"@type":"PropertyValueSpecification","valueRequired":true,"valueName":"search_term_string"}}],"inLanguage":"nb-NO"},{"@type":"Organization","@id":"https:\/\/senbera.com\/no\/#organization","name":"Mekulo","url":"https:\/\/senbera.com\/no\/","logo":{"@type":"ImageObject","inLanguage":"nb-NO","@id":"https:\/\/senbera.com\/no\/#\/schema\/logo\/image\/","url":"https:\/\/senbera.com\/no\/wp-content\/uploads\/sites\/18\/2025\/12\/favicon_mekulo.png","contentUrl":"https:\/\/senbera.com\/no\/wp-content\/uploads\/sites\/18\/2025\/12\/favicon_mekulo.png","width":50,"height":50,"caption":"Mekulo"},"image":{"@id":"https:\/\/senbera.com\/no\/#\/schema\/logo\/image\/"}}]}},"_links":{"self":[{"href":"https:\/\/senbera.com\/no\/wp-json\/wp\/v2\/product\/19393","targetHints":{"allow":["GET"]}}],"collection":[{"href":"https:\/\/senbera.com\/no\/wp-json\/wp\/v2\/product"}],"about":[{"href":"https:\/\/senbera.com\/no\/wp-json\/wp\/v2\/types\/product"}],"replies":[{"embeddable":true,"href":"https:\/\/senbera.com\/no\/wp-json\/wp\/v2\/comments?post=19393"}],"wp:featuredmedia":[{"embeddable":true,"href":"https:\/\/senbera.com\/no\/wp-json\/wp\/v2\/media\/19389"}],"wp:attachment":[{"href":"https:\/\/senbera.com\/no\/wp-json\/wp\/v2\/media?parent=19393"}],"wp:term":[{"taxonomy":"product_brand","embeddable":true,"href":"https:\/\/senbera.com\/no\/wp-json\/wp\/v2\/product_brand?post=19393"},{"taxonomy":"product_cat","embeddable":true,"href":"https:\/\/senbera.com\/no\/wp-json\/wp\/v2\/product_cat?post=19393"},{"taxonomy":"product_tag","embeddable":true,"href":"https:\/\/senbera.com\/no\/wp-json\/wp\/v2\/product_tag?post=19393"}],"curies":[{"name":"wp","href":"https:\/\/api.w.org\/{rel}","templated":true}]}}