{"id":633,"date":"2020-10-13T09:00:26","date_gmt":"2020-10-13T09:00:26","guid":{"rendered":"http:\/\/localhost\/razzi\/?page_id=633"},"modified":"2026-01-14T08:42:56","modified_gmt":"2026-01-14T06:42:56","slug":"over-ons","status":"publish","type":"page","link":"https:\/\/senbera.com\/nl\/over-ons\/","title":{"rendered":"Over ons"},"content":{"rendered":"\t\t<div data-elementor-type=\"wp-page\" data-elementor-id=\"633\" class=\"elementor elementor-633\" data-elementor-post-type=\"page\">\n\t\t\t\t<div class=\"elementor-element elementor-element-c107ec7 e-flex e-con-boxed e-con e-parent\" data-id=\"c107ec7\" data-element_type=\"container\">\n\t\t\t\t\t<div class=\"e-con-inner\">\n\t\t\t\t<div class=\"elementor-element elementor-element-3b1412d elementor-widget elementor-widget-heading\" data-id=\"3b1412d\" data-element_type=\"widget\" data-widget_type=\"heading.default\">\n\t\t\t\t\t<h1 class=\"elementor-heading-title elementor-size-default\">Wie wij zijn<\/h1>\t\t\t\t<\/div>\n\t\t\t\t<div class=\"elementor-element elementor-element-b7aed60 elementor-widget elementor-widget-text-editor\" data-id=\"b7aed60\" data-element_type=\"widget\" data-widget_type=\"text-editor.default\">\n\t\t\t\t\t\t\t\t\t<p class=\"p1\" style=\"text-align: center;\">Welkom bij Senbera! Wij zijn gepassioneerde experts die u helpen uw huis en tuin om te toveren tot ware oases van welzijn. Onze missie is om u hoogwaardige en stijlvolle producten aan te bieden die elke ruimte verfraaien.<\/p>\t\t\t\t\t\t\t\t<\/div>\n\t\t\t\t\t<\/div>\n\t\t\t\t<\/div>\n\t\t<div class=\"elementor-element elementor-element-6a62fcd e-flex e-con-boxed elementor-invisible e-con e-parent\" data-id=\"6a62fcd\" data-element_type=\"container\" data-settings=\"{&quot;background_background&quot;:&quot;classic&quot;,&quot;animation&quot;:&quot;fadeIn&quot;,&quot;animation_delay&quot;:100}\">\n\t\t\t\t\t<div class=\"e-con-inner\">\n\t\t\t\t<div class=\"elementor-element elementor-element-d4414d2 elementor-widget elementor-widget-text-editor\" data-id=\"d4414d2\" data-element_type=\"widget\" data-widget_type=\"text-editor.default\">\n\t\t\t\t\t\t\t\t\t<div class=\"banner__box banner--transparent-white content-container content-container--full-width-mobile color-background-1 gradient\"><h3>Bedrijfsinformatie<\/h3><div class=\"banner__text body\"><p>Bedrijfsnaam: Xoltra O\u00dc<\/p><p>Organisatienummer: 17392056<\/p><p>Adres: Harju maakond, Tallinn, Kesklinna linnaosa, Tornim\u00e4e tn 5, 10145, Estland<\/p><p>E-mail: info@senbera.com<\/p><\/div><\/div>\t\t\t\t\t\t\t\t<\/div>\n\t\t\t\t\t<\/div>\n\t\t\t\t<\/div>\n\t\t<div class=\"elementor-element elementor-element-f884877 e-flex e-con-boxed elementor-invisible e-con e-parent\" data-id=\"f884877\" data-element_type=\"container\" data-settings=\"{&quot;animation&quot;:&quot;fadeIn&quot;}\">\n\t\t\t\t\t<div class=\"e-con-inner\">\n\t\t\t\t<div class=\"elementor-element elementor-element-2c45832 elementor-widget elementor-widget-heading\" data-id=\"2c45832\" data-element_type=\"widget\" data-widget_type=\"heading.default\">\n\t\t\t\t\t<h2 class=\"elementor-heading-title elementor-size-default\"><p style=\"line-height: normal\"><font color=\"#000000\" face=\"Helvetica\"><span style=\"font-size: 12px;font-weight: 400\">VRAGEN EN ANTWOORDEN<\/span><\/font><span style=\"font-size: 1.875rem;font-style: inherit\"><\/span><\/p><\/h2>\t\t\t\t<\/div>\n\t\t\t\t\t<\/div>\n\t\t\t\t<\/div>\n\t\t<div class=\"elementor-element elementor-element-02e682a animated-slow e-flex e-con-boxed elementor-invisible e-con e-parent\" data-id=\"02e682a\" data-element_type=\"container\" data-settings=\"{&quot;animation&quot;:&quot;fadeIn&quot;}\">\n\t\t\t\t\t<div class=\"e-con-inner\">\n\t\t\t\t<div class=\"elementor-element elementor-element-9837441 elementor-widget elementor-widget-heading\" data-id=\"9837441\" data-element_type=\"widget\" data-widget_type=\"heading.default\">\n\t\t\t\t\t<h2 class=\"elementor-heading-title elementor-size-default\">Veelgestelde \nvragen<\/h2>\t\t\t\t<\/div>\n\t\t\t\t\t<\/div>\n\t\t\t\t<\/div>\n\t\t<div class=\"elementor-element elementor-element-f178ebf e-flex e-con-boxed elementor-invisible e-con e-parent\" data-id=\"f178ebf\" data-element_type=\"container\" data-settings=\"{&quot;animation&quot;:&quot;fadeIn&quot;}\">\n\t\t\t\t\t<div class=\"e-con-inner\">\n\t\t\t\t<div class=\"elementor-element elementor-element-45f5029 elementor-widget__width-initial elementor-widget elementor-widget-shortcode\" data-id=\"45f5029\" data-element_type=\"widget\" data-widget_type=\"shortcode.default\">\n\t\t\t\t\t\t\t<div class=\"elementor-shortcode\"><style>#sp-ea-13416 .spcollapsing { height: 0; overflow: hidden; transition-property: height;transition-duration: 300ms;}#sp-ea-13416.sp-easy-accordion>.sp-ea-single {margin-bottom: 10px; border: 1px solid #f6f3f0; }#sp-ea-13416.sp-easy-accordion>.sp-ea-single>.ea-header a {color: #444;}#sp-ea-13416.sp-easy-accordion>.sp-ea-single>.sp-collapse>.ea-body {background: #fff; color: #444;}#sp-ea-13416.sp-easy-accordion>.sp-ea-single {background: #f6f3f0;}#sp-ea-13416.sp-easy-accordion>.sp-ea-single>.ea-header a .ea-expand-icon { float: right; color: #444;font-size: 16px;}#sp-ea-13416.sp-easy-accordion>.sp-ea-single>.ea-header a .ea-expand-icon {margin-right: 0;}<\/style><div id=\"sp_easy_accordion-1767006546\"><div id=\"sp-ea-13416\" class=\"sp-ea-one sp-easy-accordion\" data-ea-active=\"ea-click\" data-ea-mode=\"vertical\" data-preloader=\"\" data-scroll-active-item=\"\" data-offset-to-scroll=\"0\"><div class=\"ea-card ea-expand sp-ea-single\"><h3 class=\"ea-header\"><a class=\"collapsed\" id=\"ea-header-134160\" role=\"button\" data-sptoggle=\"spcollapse\" data-sptarget=\"#collapse134160\" aria-controls=\"collapse134160\" href=\"#\" aria-expanded=\"true\" tabindex=\"0\"><i aria-hidden=\"true\" role=\"presentation\" class=\"ea-expand-icon eap-icon-ea-expand-minus\"><\/i> Waar vind ik mijn verzendcode?<\/a><\/h3><div class=\"sp-collapse spcollapse collapsed show\" id=\"collapse134160\" data-parent=\"#sp-ea-13416\" role=\"region\" aria-labelledby=\"ea-header-134160\"> <div class=\"ea-body\"><p>Zodra uw bestelling is verzonden, ontvangt u per e-mail een trackingnummer. De trackingcode wordt doorgaans binnen 1-3 werkdagen verzonden. Houd er rekening mee dat het enkele werkdagen kan duren voordat de trackingcode actief wordt.<\/p><\/div><\/div><\/div><div class=\"ea-card sp-ea-single\"><h3 class=\"ea-header\"><a class=\"collapsed\" id=\"ea-header-134161\" role=\"button\" data-sptoggle=\"spcollapse\" data-sptarget=\"#collapse134161\" aria-controls=\"collapse134161\" href=\"#\" aria-expanded=\"false\" tabindex=\"0\"><i aria-hidden=\"true\" role=\"presentation\" class=\"ea-expand-icon eap-icon-ea-expand-plus\"><\/i> Hoe kan ik controleren waar mijn bestelling zich bevindt?<\/a><\/h3><div class=\"sp-collapse spcollapse \" id=\"collapse134161\" data-parent=\"#sp-ea-13416\" role=\"region\" aria-labelledby=\"ea-header-134161\"> <div class=\"ea-body\"><p>Gebruik de trackingcode die u per e-mail ontvangt om de status van uw bestelling te volgen. Voer het trackingnummer in op de trackingwebsite <a href=\"https:\/\/www.17track.net\/en\">17track<\/a> om de status van de verzending te controleren. Als er geen informatie over de verzending wordt weergegeven, selecteer dan YunExpress als vervoerder van de verzending.<\/p><p>De trackingcode wordt meegestuurd met de e-mail ter bevestiging van de bestelling, die u binnen 1-3 werkdagen na het plaatsen van de eerste bestelling zou moeten ontvangen. Als u na 1-3 dagen nog steeds geen trackingnummer hebt ontvangen, neem dan contact met ons op.<\/p><\/div><\/div><\/div><div class=\"ea-card sp-ea-single\"><h3 class=\"ea-header\"><a class=\"collapsed\" id=\"ea-header-134162\" role=\"button\" data-sptoggle=\"spcollapse\" data-sptarget=\"#collapse134162\" aria-controls=\"collapse134162\" href=\"#\" aria-expanded=\"false\" tabindex=\"0\"><i aria-hidden=\"true\" role=\"presentation\" class=\"ea-expand-icon eap-icon-ea-expand-plus\"><\/i> Wat als ik niet tevreden ben met mijn bestelling?<\/a><\/h3><div class=\"sp-collapse spcollapse \" id=\"collapse134162\" data-parent=\"#sp-ea-13416\" role=\"region\" aria-labelledby=\"ea-header-134162\"> <div class=\"ea-body\"><p>Als u niet tevreden bent met uw bestelling, neem dan contact met ons op via info@senbera.com. Beschrijf uw probleem zo gedetailleerd mogelijk en voeg een foto of video toe. Nadat we het probleem met het bestelde product hebben beoordeeld, zullen we zo snel mogelijk reageren en een wederzijds compromis zoeken om het probleem op te lossen.<br \/>Bovendien kan elke bestelling binnen 14 werkdagen worden terugbetaald. Lees meer onder <a href=\"https:\/\/senbera.com\/nl\/verzending-en-retourneren\/\">Verzending en retourzendingen<\/a>.<\/p><\/div><\/div><\/div><div class=\"ea-card sp-ea-single\"><h3 class=\"ea-header\"><a class=\"collapsed\" id=\"ea-header-134163\" role=\"button\" data-sptoggle=\"spcollapse\" data-sptarget=\"#collapse134163\" aria-controls=\"collapse134163\" href=\"#\" aria-expanded=\"false\" tabindex=\"0\"><i aria-hidden=\"true\" role=\"presentation\" class=\"ea-expand-icon eap-icon-ea-expand-plus\"><\/i> Zijn mijn betalingsgegevens veilig?<\/a><\/h3><div class=\"sp-collapse spcollapse \" id=\"collapse134163\" data-parent=\"#sp-ea-13416\" role=\"region\" aria-labelledby=\"ea-header-134163\"> <div class=\"ea-body\"><p>We maken gebruik van SSL-encryptie (Secure Socket Layer), waardoor uw gegevens veilig worden verzonden tussen uw browser en onze servers. Dit biedt extra bescherming tegen gegevensdiefstal en zorgt ervoor dat uw persoonlijke betalingsgegevens veilig zijn.<\/p><\/div><\/div><\/div><div class=\"ea-card sp-ea-single\"><h3 class=\"ea-header\"><a class=\"collapsed\" id=\"ea-header-134164\" role=\"button\" data-sptoggle=\"spcollapse\" data-sptarget=\"#collapse134164\" aria-controls=\"collapse134164\" href=\"#\" aria-expanded=\"false\" tabindex=\"0\"><i aria-hidden=\"true\" role=\"presentation\" class=\"ea-expand-icon eap-icon-ea-expand-plus\"><\/i> Hoe kan ik een product retourneren?<\/a><\/h3><div class=\"sp-collapse spcollapse \" id=\"collapse134164\" data-parent=\"#sp-ea-13416\" role=\"region\" aria-labelledby=\"ea-header-134164\"> <div class=\"ea-body\"><p>Neem contact met ons op via info@senbera.com voor meer informatie over het retourneren van producten. Alle aankopen kunnen binnen 14 werkdagen zonder opgave van reden worden geretourneerd. Neem gewoon contact met ons op en wij zullen u alle nodige informatie verstrekken om het pakket te retourneren.<br \/>Ons retouradres is:<br \/>Vienyb\u0117s g. 5, \u0160ilal\u0117, LT-75129, Litouwen<br \/>Lees meer onder <a href=\"https:\/\/senbera.com\/nl\/verzending-en-retourneren\/\">Verzending en retourneren<\/a>.<\/p><\/div><\/div><\/div><div class=\"ea-card sp-ea-single\"><h3 class=\"ea-header\"><a class=\"collapsed\" id=\"ea-header-134165\" role=\"button\" data-sptoggle=\"spcollapse\" data-sptarget=\"#collapse134165\" aria-controls=\"collapse134165\" href=\"#\" aria-expanded=\"false\" tabindex=\"0\"><i aria-hidden=\"true\" role=\"presentation\" class=\"ea-expand-icon eap-icon-ea-expand-plus\"><\/i> Heb je het antwoord op je vraag niet gevonden?<\/a><\/h3><div class=\"sp-collapse spcollapse \" id=\"collapse134165\" data-parent=\"#sp-ea-13416\" role=\"region\" aria-labelledby=\"ea-header-134165\"> <div class=\"ea-body\"><p>Als u nog vragen heeft of meer informatie wenst, neem dan contact met ons op via info@senbera.com.<br \/>Onze klantenservice staat altijd klaar om u te helpen en uw vragen te beantwoorden. Wij beantwoorden vragen binnen 24 uur.<\/p><\/div><\/div><\/div><\/div><\/div><\/div>\n\t\t\t\t\t\t<\/div>\n\t\t\t\t\t<\/div>\n\t\t\t\t<\/div>\n\t\t<div class=\"elementor-element elementor-element-d32996f e-flex e-con-boxed e-con e-parent\" data-id=\"d32996f\" data-element_type=\"container\">\n\t\t\t\t\t<div class=\"e-con-inner\">\n\t\t\t\t<div class=\"elementor-element elementor-element-1a2a253 elementor-align-center elementor-widget elementor-widget-button\" data-id=\"1a2a253\" data-element_type=\"widget\" data-widget_type=\"button.default\">\n\t\t\t\t\t\t\t\t\t\t<a class=\"elementor-button elementor-button-link elementor-size-sm\" href=\"https:\/\/senbera.com\/nl\/contact\/\">\n\t\t\t\t\t\t<span class=\"elementor-button-content-wrapper\">\n\t\t\t\t\t\t<span class=\"elementor-button-icon\">\n\t\t\t\t<svg aria-hidden=\"true\" class=\"e-font-icon-svg e-fas-long-arrow-alt-right\" viewBox=\"0 0 448 512\" xmlns=\"http:\/\/www.w3.org\/2000\/svg\"><path d=\"M313.941 216H12c-6.627 0-12 5.373-12 12v56c0 6.627 5.373 12 12 12h301.941v46.059c0 21.382 25.851 32.09 40.971 16.971l86.059-86.059c9.373-9.373 9.373-24.569 0-33.941l-86.059-86.059c-15.119-15.119-40.971-4.411-40.971 16.971V216z\"><\/path><\/svg>\t\t\t<\/span>\n\t\t\t\t\t\t\t\t\t<span class=\"elementor-button-text\">Contact<\/span>\n\t\t\t\t\t<\/span>\n\t\t\t\t\t<\/a>\n\t\t\t\t\t\t\t\t<\/div>\n\t\t\t\t\t<\/div>\n\t\t\t\t<\/div>\n\t\t\t\t<\/div>\n\t\t","protected":false},"excerpt":{"rendered":"<p>Wie wij zijn Welkom bij Senbera! Wij zijn gepassioneerde experts die u helpen uw huis en tuin om te toveren [&hellip;]<\/p>\n","protected":false},"author":1,"featured_media":0,"parent":0,"menu_order":0,"comment_status":"closed","ping_status":"closed","template":"","meta":{"site-sidebar-layout":"no-sidebar","site-content-layout":"","ast-site-content-layout":"full-width-container","site-content-style":"default","site-sidebar-style":"default","ast-global-header-display":"","ast-banner-title-visibility":"","ast-main-header-display":"","ast-hfb-above-header-display":"","ast-hfb-below-header-display":"","ast-hfb-mobile-header-display":"","site-post-title":"disabled","ast-breadcrumbs-content":"","ast-featured-img":"","footer-sml-layout":"","theme-transparent-header-meta":"","adv-header-id-meta":"","stick-header-meta":"","header-above-stick-meta":"","header-main-stick-meta":"","header-below-stick-meta":"","astra-migrate-meta-layouts":"default","ast-page-background-enabled":"default","ast-page-background-meta":{"desktop":{"background-color":"var(--ast-global-color-5)","background-image":"","background-repeat":"repeat","background-position":"center center","background-size":"auto","background-attachment":"scroll","background-type":"","background-media":"","overlay-type":"","overlay-color":"","overlay-opacity":"","overlay-gradient":""},"tablet":{"background-color":"","background-image":"","background-repeat":"repeat","background-position":"center center","background-size":"auto","background-attachment":"scroll","background-type":"","background-media":"","overlay-type":"","overlay-color":"","overlay-opacity":"","overlay-gradient":""},"mobile":{"background-color":"","background-image":"","background-repeat":"repeat","background-position":"center center","background-size":"auto","background-attachment":"scroll","background-type":"","background-media":"","overlay-type":"","overlay-color":"","overlay-opacity":"","overlay-gradient":""}},"ast-content-background-meta":{"desktop":{"background-color":"var(--ast-global-color-4)","background-image":"","background-repeat":"repeat","background-position":"center center","background-size":"auto","background-attachment":"scroll","background-type":"","background-media":"","overlay-type":"","overlay-color":"","overlay-opacity":"","overlay-gradient":""},"tablet":{"background-color":"var(--ast-global-color-4)","background-image":"","background-repeat":"repeat","background-position":"center center","background-size":"auto","background-attachment":"scroll","background-type":"","background-media":"","overlay-type":"","overlay-color":"","overlay-opacity":"","overlay-gradient":""},"mobile":{"background-color":"var(--ast-global-color-4)","background-image":"","background-repeat":"repeat","background-position":"center center","background-size":"auto","background-attachment":"scroll","background-type":"","background-media":"","overlay-type":"","overlay-color":"","overlay-opacity":"","overlay-gradient":""}},"footnotes":""},"class_list":["post-633","page","type-page","status-publish","hentry"],"yoast_head":"<!-- This site is optimized with the Yoast SEO plugin v26.6 - https:\/\/yoast.com\/wordpress\/plugins\/seo\/ -->\n<title>Over ons - Senbera NL<\/title>\n<meta name=\"robots\" content=\"index, follow, max-snippet:-1, max-image-preview:large, max-video-preview:-1\" \/>\n<link rel=\"canonical\" href=\"https:\/\/senbera.com\/nl\/over-ons\/\" \/>\n<meta property=\"og:locale\" content=\"nl_NL\" \/>\n<meta property=\"og:type\" content=\"article\" \/>\n<meta property=\"og:title\" content=\"Over ons - Senbera NL\" \/>\n<meta property=\"og:description\" content=\"Wie wij zijn Welkom bij Senbera! Wij zijn gepassioneerde experts die u helpen uw huis en tuin om te toveren [&hellip;]\" \/>\n<meta property=\"og:url\" content=\"https:\/\/senbera.com\/nl\/over-ons\/\" \/>\n<meta property=\"og:site_name\" content=\"Senbera NL\" \/>\n<meta property=\"article:modified_time\" content=\"2026-01-14T06:42:56+00:00\" \/>\n<meta name=\"twitter:card\" content=\"summary_large_image\" \/>\n<meta name=\"twitter:label1\" content=\"Geschatte leestijd\" \/>\n\t<meta name=\"twitter:data1\" content=\"3 minuten\" \/>\n<script type=\"application\/ld+json\" class=\"yoast-schema-graph\">{\"@context\":\"https:\/\/schema.org\",\"@graph\":[{\"@type\":\"WebPage\",\"@id\":\"https:\/\/senbera.com\/nl\/over-ons\/\",\"url\":\"https:\/\/senbera.com\/nl\/over-ons\/\",\"name\":\"Over ons - Senbera NL\",\"isPartOf\":{\"@id\":\"https:\/\/senbera.com\/nl\/#website\"},\"datePublished\":\"2020-10-13T09:00:26+00:00\",\"dateModified\":\"2026-01-14T06:42:56+00:00\",\"breadcrumb\":{\"@id\":\"https:\/\/senbera.com\/nl\/over-ons\/#breadcrumb\"},\"inLanguage\":\"nl-NL\",\"potentialAction\":[{\"@type\":\"ReadAction\",\"target\":[\"https:\/\/senbera.com\/nl\/over-ons\/\"]}]},{\"@type\":\"BreadcrumbList\",\"@id\":\"https:\/\/senbera.com\/nl\/over-ons\/#breadcrumb\",\"itemListElement\":[{\"@type\":\"ListItem\",\"position\":1,\"name\":\"Home\",\"item\":\"https:\/\/senbera.com\/nl\/\"},{\"@type\":\"ListItem\",\"position\":2,\"name\":\"Over ons\"}]},{\"@type\":\"WebSite\",\"@id\":\"https:\/\/senbera.com\/nl\/#website\",\"url\":\"https:\/\/senbera.com\/nl\/\",\"name\":\"Senbera NL\",\"description\":\"\",\"publisher\":{\"@id\":\"https:\/\/senbera.com\/nl\/#organization\"},\"potentialAction\":[{\"@type\":\"SearchAction\",\"target\":{\"@type\":\"EntryPoint\",\"urlTemplate\":\"https:\/\/senbera.com\/nl\/?s={search_term_string}\"},\"query-input\":{\"@type\":\"PropertyValueSpecification\",\"valueRequired\":true,\"valueName\":\"search_term_string\"}}],\"inLanguage\":\"nl-NL\"},{\"@type\":\"Organization\",\"@id\":\"https:\/\/senbera.com\/nl\/#organization\",\"name\":\"Mekulo\",\"url\":\"https:\/\/senbera.com\/nl\/\",\"logo\":{\"@type\":\"ImageObject\",\"inLanguage\":\"nl-NL\",\"@id\":\"https:\/\/senbera.com\/nl\/#\/schema\/logo\/image\/\",\"url\":\"https:\/\/senbera.com\/nl\/wp-content\/uploads\/sites\/23\/2025\/12\/favicon_mekulo.png\",\"contentUrl\":\"https:\/\/senbera.com\/nl\/wp-content\/uploads\/sites\/23\/2025\/12\/favicon_mekulo.png\",\"width\":50,\"height\":50,\"caption\":\"Mekulo\"},\"image\":{\"@id\":\"https:\/\/senbera.com\/nl\/#\/schema\/logo\/image\/\"}}]}<\/script>\n<!-- \/ Yoast SEO plugin. -->","yoast_head_json":{"title":"Over ons - Senbera NL","robots":{"index":"index","follow":"follow","max-snippet":"max-snippet:-1","max-image-preview":"max-image-preview:large","max-video-preview":"max-video-preview:-1"},"canonical":"https:\/\/senbera.com\/nl\/over-ons\/","og_locale":"nl_NL","og_type":"article","og_title":"Over ons - Senbera NL","og_description":"Wie wij zijn Welkom bij Senbera! Wij zijn gepassioneerde experts die u helpen uw huis en tuin om te toveren [&hellip;]","og_url":"https:\/\/senbera.com\/nl\/over-ons\/","og_site_name":"Senbera NL","article_modified_time":"2026-01-14T06:42:56+00:00","twitter_card":"summary_large_image","twitter_misc":{"Geschatte leestijd":"3 minuten"},"schema":{"@context":"https:\/\/schema.org","@graph":[{"@type":"WebPage","@id":"https:\/\/senbera.com\/nl\/over-ons\/","url":"https:\/\/senbera.com\/nl\/over-ons\/","name":"Over ons - Senbera NL","isPartOf":{"@id":"https:\/\/senbera.com\/nl\/#website"},"datePublished":"2020-10-13T09:00:26+00:00","dateModified":"2026-01-14T06:42:56+00:00","breadcrumb":{"@id":"https:\/\/senbera.com\/nl\/over-ons\/#breadcrumb"},"inLanguage":"nl-NL","potentialAction":[{"@type":"ReadAction","target":["https:\/\/senbera.com\/nl\/over-ons\/"]}]},{"@type":"BreadcrumbList","@id":"https:\/\/senbera.com\/nl\/over-ons\/#breadcrumb","itemListElement":[{"@type":"ListItem","position":1,"name":"Home","item":"https:\/\/senbera.com\/nl\/"},{"@type":"ListItem","position":2,"name":"Over ons"}]},{"@type":"WebSite","@id":"https:\/\/senbera.com\/nl\/#website","url":"https:\/\/senbera.com\/nl\/","name":"Senbera NL","description":"","publisher":{"@id":"https:\/\/senbera.com\/nl\/#organization"},"potentialAction":[{"@type":"SearchAction","target":{"@type":"EntryPoint","urlTemplate":"https:\/\/senbera.com\/nl\/?s={search_term_string}"},"query-input":{"@type":"PropertyValueSpecification","valueRequired":true,"valueName":"search_term_string"}}],"inLanguage":"nl-NL"},{"@type":"Organization","@id":"https:\/\/senbera.com\/nl\/#organization","name":"Mekulo","url":"https:\/\/senbera.com\/nl\/","logo":{"@type":"ImageObject","inLanguage":"nl-NL","@id":"https:\/\/senbera.com\/nl\/#\/schema\/logo\/image\/","url":"https:\/\/senbera.com\/nl\/wp-content\/uploads\/sites\/23\/2025\/12\/favicon_mekulo.png","contentUrl":"https:\/\/senbera.com\/nl\/wp-content\/uploads\/sites\/23\/2025\/12\/favicon_mekulo.png","width":50,"height":50,"caption":"Mekulo"},"image":{"@id":"https:\/\/senbera.com\/nl\/#\/schema\/logo\/image\/"}}]}},"_links":{"self":[{"href":"https:\/\/senbera.com\/nl\/wp-json\/wp\/v2\/pages\/633","targetHints":{"allow":["GET"]}}],"collection":[{"href":"https:\/\/senbera.com\/nl\/wp-json\/wp\/v2\/pages"}],"about":[{"href":"https:\/\/senbera.com\/nl\/wp-json\/wp\/v2\/types\/page"}],"author":[{"embeddable":true,"href":"https:\/\/senbera.com\/nl\/wp-json\/wp\/v2\/users\/1"}],"replies":[{"embeddable":true,"href":"https:\/\/senbera.com\/nl\/wp-json\/wp\/v2\/comments?post=633"}],"version-history":[{"count":106,"href":"https:\/\/senbera.com\/nl\/wp-json\/wp\/v2\/pages\/633\/revisions"}],"predecessor-version":[{"id":19328,"href":"https:\/\/senbera.com\/nl\/wp-json\/wp\/v2\/pages\/633\/revisions\/19328"}],"wp:attachment":[{"href":"https:\/\/senbera.com\/nl\/wp-json\/wp\/v2\/media?parent=633"}],"curies":[{"name":"wp","href":"https:\/\/api.w.org\/{rel}","templated":true}]}}