{"id":21107,"date":"2026-01-21T11:32:33","date_gmt":"2026-01-21T09:32:33","guid":{"rendered":"https:\/\/senbera.com\/lt\/produktas\/magnetinis-mygtukas\/"},"modified":"2026-01-21T11:33:01","modified_gmt":"2026-01-21T09:33:01","slug":"magnetinis-mygtukas","status":"publish","type":"product","link":"https:\/\/senbera.com\/lt\/produktas\/magnetinis-mygtukas\/","title":{"rendered":"Magnetinis mygtukas"},"content":{"rendered":"<p style=\"text-align: center\"><strong>U\u017etikrinkite Savo Stili\u0173 Magnetiniu U\u017esegimu\u2014Joki\u0173 Smeigtuk\u0173, Joki\u0173 Skylu\u010di\u0173, Tik Mada.<\/strong><\/p>\n<p style=\"text-align: center\"><span style=\"font-weight: 400\">\u0160ios daugiafunkcin\u0117s magnetin\u0117s sagos prilaiko drabu\u017eius vietoje ir atlieka stiling\u0173 aksesuar\u0173 funkcij\u0105.<\/span><\/p>\n<p><img decoding=\"async\" class=\"alignnone size-full wp-image-17988 aligncenter\" src=\"https:\/\/keluvo.com\/template\/wp-content\/uploads\/sites\/5\/2025\/05\/MagneticButton-ezgif.com-video-to-webp-converter.webp\" alt=\"\" \/><\/p>\n<h2 style=\"text-align: center\">\ud83d\udc57 Pagrindiniai Privalumai<\/h2>\n<p><span style=\"font-weight: 400\">\ud83e\uddf2 Stiprus magnetas saugo drabu\u017eius, \u0161alikus ar kepures<\/span><span style=\"font-weight: 400\"><br \/>\n<\/span><\/p>\n<p><span style=\"font-weight: 400\">\ud83e\udde5 Pakei\u010dia pamestas sagas be joki\u0173 siuvin\u0117jim\u0173<\/span><span style=\"font-weight: 400\"><br \/>\n<\/span><\/p>\n<p><span style=\"font-weight: 400\">\ud83c\udfa8 Madingos spalvingos, stilingos sagos<\/span><span style=\"font-weight: 400\"><br \/>\n<\/span><\/p>\n<p><span style=\"font-weight: 400\">\ud83e\uddd5 Puikiai tinka hid\u017eabams, galvos juostoms, apykakl\u0117ms ar \u0161varkams<\/span><b><br \/>\n<\/b><\/p>\n<p><span style=\"font-weight: 400\">\ud83d\udc5c Nepa\u017eeid\u017eiami &#8211; dizainas be smeigtuk\u0173 apsaugo fabric<\/span><\/p>\n<p><img decoding=\"async\" class=\"alignnone size-full wp-image-17980 aligncenter\" src=\"https:\/\/keluvo.com\/template\/wp-content\/uploads\/sites\/5\/2025\/05\/S8c98c28718de427bad1962921c149906n.jpeg\" alt=\"\" \/><\/p>\n<h2 style=\"text-align: center\">\ud83d\udee0\ufe0f Kaip Naudoti<\/h2>\n<ol>\n<li style=\"font-weight: 400\"><span style=\"font-weight: 400\">\u012ed\u0117kite vien\u0105 magnet\u0105 \u012f drabu\u017e\u012f ar aksesuar\u0105.<\/span><span style=\"font-weight: 400\"><br \/>\n<\/span><\/li>\n<li style=\"font-weight: 400\"><span style=\"font-weight: 400\">U\u017ed\u0117kite antr\u0105j\u012f magnet\u0105 i\u0161or\u0117je, kad jie susisegt\u0173.<\/span><span style=\"font-weight: 400\"><br \/>\n<\/span><\/li>\n<li style=\"font-weight: 400\"><span style=\"font-weight: 400\">Reguliuokite, kol audinys patogiai ir saugiai priglus.<\/span><\/li>\n<\/ol>\n<h2 style=\"text-align: center\">\ud83d\udcd0 I\u0161sami Informacija Apie Produkt\u0105<\/h2>\n<ul>\n<li style=\"font-weight: 400\"><span style=\"font-weight: 400\">Med\u017eiaga: lydinys<\/span><span style=\"font-weight: 400\"><br \/>\n<\/span><\/li>\n<li style=\"font-weight: 400\"><span style=\"font-weight: 400\">Svoris: 8,5 g<\/span><span style=\"font-weight: 400\"><br \/>\n<\/span><\/li>\n<li style=\"font-weight: 400\"><span style=\"font-weight: 400\">Dydis: 7 x 6 x 1,2 cm<\/span><\/li>\n<\/ul>\n<h2 style=\"text-align: center\">\ud83d\udce6 Pakuot\u0117je Yra<\/h2>\n<ul>\n<li><span style=\"font-weight: 400\">1x magnetin\u0117 sag\u0117.<\/span><\/li>\n<\/ul>\n","protected":false},"excerpt":{"rendered":"<p>U\u017etikrinkite Savo Stili\u0173 Magnetiniu U\u017esegimu\u2014Joki\u0173 Smeigtuk\u0173, Joki\u0173 Skylu\u010di\u0173, Tik Mada. \u0160ios daugiafunkcin\u0117s magnetin\u0117s sagos prilaiko drabu\u017eius vietoje ir atlieka stiling\u0173 [&hellip;]<\/p>\n","protected":false},"featured_media":21103,"comment_status":"open","ping_status":"closed","template":"","meta":{"site-sidebar-layout":"default","site-content-layout":"","ast-site-content-layout":"default","site-content-style":"default","site-sidebar-style":"default","ast-global-header-display":"","ast-banner-title-visibility":"","ast-main-header-display":"","ast-hfb-above-header-display":"","ast-hfb-below-header-display":"","ast-hfb-mobile-header-display":"","site-post-title":"","ast-breadcrumbs-content":"","ast-featured-img":"","footer-sml-layout":"","theme-transparent-header-meta":"default","adv-header-id-meta":"","stick-header-meta":"","header-above-stick-meta":"","header-main-stick-meta":"","header-below-stick-meta":"","astra-migrate-meta-layouts":"set","ast-page-background-enabled":"default","ast-page-background-meta":{"desktop":{"background-color":"var(--ast-global-color-5)","background-image":"","background-repeat":"repeat","background-position":"center center","background-size":"auto","background-attachment":"scroll","background-type":"","background-media":"","overlay-type":"","overlay-color":"","overlay-opacity":"","overlay-gradient":""},"tablet":{"background-color":"","background-image":"","background-repeat":"repeat","background-position":"center center","background-size":"auto","background-attachment":"scroll","background-type":"","background-media":"","overlay-type":"","overlay-color":"","overlay-opacity":"","overlay-gradient":""},"mobile":{"background-color":"","background-image":"","background-repeat":"repeat","background-position":"center center","background-size":"auto","background-attachment":"scroll","background-type":"","background-media":"","overlay-type":"","overlay-color":"","overlay-opacity":"","overlay-gradient":""}},"ast-content-background-meta":{"desktop":{"background-color":"var(--ast-global-color-4)","background-image":"","background-repeat":"repeat","background-position":"center center","background-size":"auto","background-attachment":"scroll","background-type":"","background-media":"","overlay-type":"","overlay-color":"","overlay-opacity":"","overlay-gradient":""},"tablet":{"background-color":"var(--ast-global-color-4)","background-image":"","background-repeat":"repeat","background-position":"center center","background-size":"auto","background-attachment":"scroll","background-type":"","background-media":"","overlay-type":"","overlay-color":"","overlay-opacity":"","overlay-gradient":""},"mobile":{"background-color":"var(--ast-global-color-4)","background-image":"","background-repeat":"repeat","background-position":"center center","background-size":"auto","background-attachment":"scroll","background-type":"","background-media":"","overlay-type":"","overlay-color":"","overlay-opacity":"","overlay-gradient":""}}},"product_brand":[],"product_cat":[15],"product_tag":[],"class_list":{"0":"post-21107","1":"product","2":"type-product","3":"status-publish","4":"has-post-thumbnail","6":"product_cat-be-kategorijos","7":"pa_18252_r3re3zvm-auksinis","8":"pa_18252_r3re3zvm-juoda","9":"pa_18252_r3re3zvm-rozinis","10":"pa_18252_r3re3zvm-sidabrinis","11":"pa_18252_vi8851si-1-vnt","12":"pa_18252_vi8851si-3-vnt","13":"pa_18252_vi8851si-5-vnt","14":"desktop-align-left","15":"tablet-align-left","16":"mobile-align-left","18":"first","19":"instock","20":"shipping-taxable","21":"purchasable","22":"product-type-variable","23":"has-default-attributes"},"yoast_head":"<!-- This site is optimized with the Yoast SEO plugin v26.6 - https:\/\/yoast.com\/wordpress\/plugins\/seo\/ -->\n<title>Magnetinis mygtukas - Senbera LT<\/title>\n<meta name=\"robots\" content=\"noindex, follow, max-snippet:-1, max-image-preview:large, max-video-preview:-1\" \/>\n<meta property=\"og:locale\" content=\"lt_LT\" \/>\n<meta property=\"og:type\" content=\"article\" \/>\n<meta property=\"og:title\" content=\"Magnetinis mygtukas - Senbera LT\" \/>\n<meta property=\"og:description\" content=\"U\u017etikrinkite Savo Stili\u0173 Magnetiniu U\u017esegimu\u2014Joki\u0173 Smeigtuk\u0173, Joki\u0173 Skylu\u010di\u0173, Tik Mada. \u0160ios daugiafunkcin\u0117s magnetin\u0117s sagos prilaiko drabu\u017eius vietoje ir atlieka stiling\u0173 [&hellip;]\" \/>\n<meta property=\"og:url\" content=\"https:\/\/senbera.com\/lt\/produktas\/magnetinis-mygtukas\/\" \/>\n<meta property=\"og:site_name\" content=\"Senbera LT\" \/>\n<meta property=\"article:modified_time\" content=\"2026-01-21T09:33:01+00:00\" \/>\n<meta name=\"twitter:card\" content=\"summary_large_image\" \/>\n<meta name=\"twitter:label1\" content=\"Est. reading time\" \/>\n\t<meta name=\"twitter:data1\" content=\"1 minut\u0117\" \/>\n<script type=\"application\/ld+json\" class=\"yoast-schema-graph\">{\"@context\":\"https:\/\/schema.org\",\"@graph\":[{\"@type\":\"WebPage\",\"@id\":\"https:\/\/senbera.com\/lt\/produktas\/magnetinis-mygtukas\/\",\"url\":\"https:\/\/senbera.com\/lt\/produktas\/magnetinis-mygtukas\/\",\"name\":\"Magnetinis mygtukas - Senbera LT\",\"isPartOf\":{\"@id\":\"https:\/\/senbera.com\/lt\/#website\"},\"primaryImageOfPage\":{\"@id\":\"https:\/\/senbera.com\/lt\/produktas\/magnetinis-mygtukas\/#primaryimage\"},\"image\":{\"@id\":\"https:\/\/senbera.com\/lt\/produktas\/magnetinis-mygtukas\/#primaryimage\"},\"thumbnailUrl\":\"https:\/\/senbera.com\/lt\/wp-content\/uploads\/sites\/22\/2026\/01\/8gsxekx-1.jpeg\",\"datePublished\":\"2026-01-21T09:32:33+00:00\",\"dateModified\":\"2026-01-21T09:33:01+00:00\",\"breadcrumb\":{\"@id\":\"https:\/\/senbera.com\/lt\/produktas\/magnetinis-mygtukas\/#breadcrumb\"},\"inLanguage\":\"lt-LT\",\"potentialAction\":[{\"@type\":\"ReadAction\",\"target\":[\"https:\/\/senbera.com\/lt\/produktas\/magnetinis-mygtukas\/\"]}]},{\"@type\":\"ImageObject\",\"inLanguage\":\"lt-LT\",\"@id\":\"https:\/\/senbera.com\/lt\/produktas\/magnetinis-mygtukas\/#primaryimage\",\"url\":\"https:\/\/senbera.com\/lt\/wp-content\/uploads\/sites\/22\/2026\/01\/8gsxekx-1.jpeg\",\"contentUrl\":\"https:\/\/senbera.com\/lt\/wp-content\/uploads\/sites\/22\/2026\/01\/8gsxekx-1.jpeg\",\"width\":800,\"height\":800},{\"@type\":\"BreadcrumbList\",\"@id\":\"https:\/\/senbera.com\/lt\/produktas\/magnetinis-mygtukas\/#breadcrumb\",\"itemListElement\":[{\"@type\":\"ListItem\",\"position\":1,\"name\":\"Home\",\"item\":\"https:\/\/senbera.com\/lt\/\"},{\"@type\":\"ListItem\",\"position\":2,\"name\":\"Katalogas\",\"item\":\"https:\/\/senbera.com\/lt\/katalogas\/\"},{\"@type\":\"ListItem\",\"position\":3,\"name\":\"Magnetinis mygtukas\"}]},{\"@type\":\"WebSite\",\"@id\":\"https:\/\/senbera.com\/lt\/#website\",\"url\":\"https:\/\/senbera.com\/lt\/\",\"name\":\"Senbera LT\",\"description\":\"\",\"publisher\":{\"@id\":\"https:\/\/senbera.com\/lt\/#organization\"},\"potentialAction\":[{\"@type\":\"SearchAction\",\"target\":{\"@type\":\"EntryPoint\",\"urlTemplate\":\"https:\/\/senbera.com\/lt\/?s={search_term_string}\"},\"query-input\":{\"@type\":\"PropertyValueSpecification\",\"valueRequired\":true,\"valueName\":\"search_term_string\"}}],\"inLanguage\":\"lt-LT\"},{\"@type\":\"Organization\",\"@id\":\"https:\/\/senbera.com\/lt\/#organization\",\"name\":\"Mekulo\",\"url\":\"https:\/\/senbera.com\/lt\/\",\"logo\":{\"@type\":\"ImageObject\",\"inLanguage\":\"lt-LT\",\"@id\":\"https:\/\/senbera.com\/lt\/#\/schema\/logo\/image\/\",\"url\":\"https:\/\/senbera.com\/lt\/wp-content\/uploads\/sites\/22\/2025\/12\/favicon_mekulo.png\",\"contentUrl\":\"https:\/\/senbera.com\/lt\/wp-content\/uploads\/sites\/22\/2025\/12\/favicon_mekulo.png\",\"width\":50,\"height\":50,\"caption\":\"Mekulo\"},\"image\":{\"@id\":\"https:\/\/senbera.com\/lt\/#\/schema\/logo\/image\/\"}}]}<\/script>\n<!-- \/ Yoast SEO plugin. -->","yoast_head_json":{"title":"Magnetinis mygtukas - Senbera LT","robots":{"index":"noindex","follow":"follow","max-snippet":"max-snippet:-1","max-image-preview":"max-image-preview:large","max-video-preview":"max-video-preview:-1"},"og_locale":"lt_LT","og_type":"article","og_title":"Magnetinis mygtukas - Senbera LT","og_description":"U\u017etikrinkite Savo Stili\u0173 Magnetiniu U\u017esegimu\u2014Joki\u0173 Smeigtuk\u0173, Joki\u0173 Skylu\u010di\u0173, Tik Mada. \u0160ios daugiafunkcin\u0117s magnetin\u0117s sagos prilaiko drabu\u017eius vietoje ir atlieka stiling\u0173 [&hellip;]","og_url":"https:\/\/senbera.com\/lt\/produktas\/magnetinis-mygtukas\/","og_site_name":"Senbera LT","article_modified_time":"2026-01-21T09:33:01+00:00","twitter_card":"summary_large_image","twitter_misc":{"Est. reading time":"1 minut\u0117"},"schema":{"@context":"https:\/\/schema.org","@graph":[{"@type":"WebPage","@id":"https:\/\/senbera.com\/lt\/produktas\/magnetinis-mygtukas\/","url":"https:\/\/senbera.com\/lt\/produktas\/magnetinis-mygtukas\/","name":"Magnetinis mygtukas - Senbera LT","isPartOf":{"@id":"https:\/\/senbera.com\/lt\/#website"},"primaryImageOfPage":{"@id":"https:\/\/senbera.com\/lt\/produktas\/magnetinis-mygtukas\/#primaryimage"},"image":{"@id":"https:\/\/senbera.com\/lt\/produktas\/magnetinis-mygtukas\/#primaryimage"},"thumbnailUrl":"https:\/\/senbera.com\/lt\/wp-content\/uploads\/sites\/22\/2026\/01\/8gsxekx-1.jpeg","datePublished":"2026-01-21T09:32:33+00:00","dateModified":"2026-01-21T09:33:01+00:00","breadcrumb":{"@id":"https:\/\/senbera.com\/lt\/produktas\/magnetinis-mygtukas\/#breadcrumb"},"inLanguage":"lt-LT","potentialAction":[{"@type":"ReadAction","target":["https:\/\/senbera.com\/lt\/produktas\/magnetinis-mygtukas\/"]}]},{"@type":"ImageObject","inLanguage":"lt-LT","@id":"https:\/\/senbera.com\/lt\/produktas\/magnetinis-mygtukas\/#primaryimage","url":"https:\/\/senbera.com\/lt\/wp-content\/uploads\/sites\/22\/2026\/01\/8gsxekx-1.jpeg","contentUrl":"https:\/\/senbera.com\/lt\/wp-content\/uploads\/sites\/22\/2026\/01\/8gsxekx-1.jpeg","width":800,"height":800},{"@type":"BreadcrumbList","@id":"https:\/\/senbera.com\/lt\/produktas\/magnetinis-mygtukas\/#breadcrumb","itemListElement":[{"@type":"ListItem","position":1,"name":"Home","item":"https:\/\/senbera.com\/lt\/"},{"@type":"ListItem","position":2,"name":"Katalogas","item":"https:\/\/senbera.com\/lt\/katalogas\/"},{"@type":"ListItem","position":3,"name":"Magnetinis mygtukas"}]},{"@type":"WebSite","@id":"https:\/\/senbera.com\/lt\/#website","url":"https:\/\/senbera.com\/lt\/","name":"Senbera LT","description":"","publisher":{"@id":"https:\/\/senbera.com\/lt\/#organization"},"potentialAction":[{"@type":"SearchAction","target":{"@type":"EntryPoint","urlTemplate":"https:\/\/senbera.com\/lt\/?s={search_term_string}"},"query-input":{"@type":"PropertyValueSpecification","valueRequired":true,"valueName":"search_term_string"}}],"inLanguage":"lt-LT"},{"@type":"Organization","@id":"https:\/\/senbera.com\/lt\/#organization","name":"Mekulo","url":"https:\/\/senbera.com\/lt\/","logo":{"@type":"ImageObject","inLanguage":"lt-LT","@id":"https:\/\/senbera.com\/lt\/#\/schema\/logo\/image\/","url":"https:\/\/senbera.com\/lt\/wp-content\/uploads\/sites\/22\/2025\/12\/favicon_mekulo.png","contentUrl":"https:\/\/senbera.com\/lt\/wp-content\/uploads\/sites\/22\/2025\/12\/favicon_mekulo.png","width":50,"height":50,"caption":"Mekulo"},"image":{"@id":"https:\/\/senbera.com\/lt\/#\/schema\/logo\/image\/"}}]}},"_links":{"self":[{"href":"https:\/\/senbera.com\/lt\/wp-json\/wp\/v2\/product\/21107","targetHints":{"allow":["GET"]}}],"collection":[{"href":"https:\/\/senbera.com\/lt\/wp-json\/wp\/v2\/product"}],"about":[{"href":"https:\/\/senbera.com\/lt\/wp-json\/wp\/v2\/types\/product"}],"replies":[{"embeddable":true,"href":"https:\/\/senbera.com\/lt\/wp-json\/wp\/v2\/comments?post=21107"}],"wp:featuredmedia":[{"embeddable":true,"href":"https:\/\/senbera.com\/lt\/wp-json\/wp\/v2\/media\/21103"}],"wp:attachment":[{"href":"https:\/\/senbera.com\/lt\/wp-json\/wp\/v2\/media?parent=21107"}],"wp:term":[{"taxonomy":"product_brand","embeddable":true,"href":"https:\/\/senbera.com\/lt\/wp-json\/wp\/v2\/product_brand?post=21107"},{"taxonomy":"product_cat","embeddable":true,"href":"https:\/\/senbera.com\/lt\/wp-json\/wp\/v2\/product_cat?post=21107"},{"taxonomy":"product_tag","embeddable":true,"href":"https:\/\/senbera.com\/lt\/wp-json\/wp\/v2\/product_tag?post=21107"}],"curies":[{"name":"wp","href":"https:\/\/api.w.org\/{rel}","templated":true}]}}