{"id":21057,"date":"2026-01-21T11:26:54","date_gmt":"2026-01-21T09:26:54","guid":{"rendered":"https:\/\/senbera.com\/lt\/produktas\/pjovimo-atraminis-stovas\/"},"modified":"2026-01-21T11:26:54","modified_gmt":"2026-01-21T09:26:54","slug":"pjovimo-atraminis-stovas","status":"publish","type":"product","link":"https:\/\/senbera.com\/lt\/produktas\/pjovimo-atraminis-stovas\/","title":{"rendered":"Pjovimo atraminis stovas"},"content":{"rendered":"<p style=\"text-align: center\"><strong>Per Kelias Sekundes Kampin\u012f \u0160lifuokl\u012f Paverskite Galingu Pjovimo \u012erenginiu.<\/strong><\/p>\n<p style=\"text-align: center\"><span style=\"font-weight: 400\">Pjovimo atraminis stovas leid\u017eia saugiai ir tiksliai pjauti metal\u0105, plyteles ir kt. naudojant turim\u0105 kampin\u012f \u0161lifuokl\u012f. Pagamintas i\u0161 tvirto metalo ir suprojektuotas taip, kad b\u016bt\u0173 universalus, tai puikus patobulinimas tiek meistrams, tiek profesionalams.<\/span><\/p>\n<p><img decoding=\"async\" class=\"alignnone size-full wp-image-17923 aligncenter\" src=\"https:\/\/keluvo.com\/template\/wp-content\/uploads\/sites\/5\/2025\/05\/e79d2132-8995-46df-bf1a-11168b151953.gif-ezgif.com-video-to-webp-converter.webp\" alt=\"\" \/><\/p>\n<h2 style=\"text-align: center\">\ud83d\udd27 Pagrindinis Benefits<\/h2>\n<p><span style=\"font-weight: 400\">\u2699\ufe0f Kampin\u012f \u0161lifuokl\u012f paver\u010dia pjovimo \u012frankiu<\/span><span style=\"font-weight: 400\"><br \/>\n<\/span><\/p>\n<p><span style=\"font-weight: 400\">\ud83e\uddf1 Pjauna metal\u0105, keramines plyteles ir kt. materials<\/span><span style=\"font-weight: 400\"><br \/>\n<\/span><\/p>\n<p><span style=\"font-weight: 400\">\ud83d\udee0\ufe0f Reguliuojamas kampas ir auk\u0161tis, kad gal\u0117tum\u0117te pjauti pagal u\u017esakym\u0105<\/span><span style=\"font-weight: 400\"><br \/>\n<\/span><\/p>\n<p><span style=\"font-weight: 400\">\ud83e\uddf2 Tvirtas metalinis pagrindas u\u017etikrina didesn\u012f stabilum\u0105<\/span><span style=\"font-weight: 400\"><br \/>\n<\/span><\/p>\n<p><span style=\"font-weight: 400\">\ud83e\udde4 Saugesnis darbas d\u0117l ma\u017eesn\u0117s vibracijos ir saugaus grip<\/span><\/p>\n<p><img decoding=\"async\" class=\"alignnone size-full wp-image-17920 aligncenter\" src=\"https:\/\/keluvo.com\/template\/wp-content\/uploads\/sites\/5\/2025\/05\/0987784b-7010-46f0-bede-ef16f4bf0251.webp.webp\" alt=\"\" \/><\/p>\n<h2 style=\"text-align: center\">\ud83e\uddd1\u200d\ud83c\udfed Kaip Naudoti<\/h2>\n<ol>\n<li style=\"font-weight: 400\"><span style=\"font-weight: 400\">Prie laikiklio pagrindo pritvirtinkite kampin\u012f \u0161lifuokl\u012f.<\/span><span style=\"font-weight: 400\"><br \/>\n<\/span><\/li>\n<li style=\"font-weight: 400\"><span style=\"font-weight: 400\">Tvirtai pritvirtinkite j\u012f naudodami pridedamus spaustukus arba tvirtinimo elementus.<\/span><span style=\"font-weight: 400\"><br \/>\n<\/span><\/li>\n<li style=\"font-weight: 400\"><span style=\"font-weight: 400\">Sureguliuokite pjovimo kamp\u0105 ir auk\u0161t\u012f pagal savo poreikius.<\/span><span style=\"font-weight: 400\"><br \/>\n<\/span><\/li>\n<li style=\"font-weight: 400\"><span style=\"font-weight: 400\">\u012ed\u0117kite tinkam\u0105 pjovimo disk\u0105 savo med\u017eiagai.<\/span><span style=\"font-weight: 400\"><br \/>\n<\/span><\/li>\n<li style=\"font-weight: 400\"><span style=\"font-weight: 400\">Prad\u0117kite pjauti geriau kontroliuodami ir tiksliau.<\/span><\/li>\n<\/ol>\n<h2 style=\"text-align: center\">\ud83d\udccf I\u0161sami Informacija Apie Gamin\u012f<\/h2>\n<ul>\n<li style=\"font-weight: 400\"><span style=\"font-weight: 400\">Med\u017eiaga: Metalas<\/span><span style=\"font-weight: 400\"><br \/>\n<\/span><\/li>\n<li style=\"font-weight: 400\"><span style=\"font-weight: 400\">Dydis: 138 x 90 mm<\/span><span style=\"font-weight: 400\"><br \/>\n<\/span><\/li>\n<li style=\"font-weight: 400\"><span style=\"font-weight: 400\">Suderinamumas: tinka daugumai kampini\u0173 \u0161lifuokli\u0173 modeli\u0173<\/span><span style=\"font-weight: 400\"><br \/>\n<\/span><\/li>\n<li style=\"font-weight: 400\"><span style=\"font-weight: 400\">Panaudojimas: idealiai tinka metalui, plytel\u0117ms ir &#8222;pasidaryk pats&#8221; med\u017eiagoms pjauti<\/span><\/li>\n<\/ul>\n<h2 style=\"text-align: center\">\ud83d\udce6 Pakuot\u0117je Yra<\/h2>\n<ul>\n<li><span style=\"font-weight: 400\">1x pjovimo atraminis stovas.<\/span><\/li>\n<\/ul>\n","protected":false},"excerpt":{"rendered":"<p>Per Kelias Sekundes Kampin\u012f \u0160lifuokl\u012f Paverskite Galingu Pjovimo \u012erenginiu. Pjovimo atraminis stovas leid\u017eia saugiai ir tiksliai pjauti metal\u0105, plyteles ir [&hellip;]<\/p>\n","protected":false},"featured_media":21053,"comment_status":"open","ping_status":"closed","template":"","meta":{"site-sidebar-layout":"default","site-content-layout":"","ast-site-content-layout":"default","site-content-style":"default","site-sidebar-style":"default","ast-global-header-display":"","ast-banner-title-visibility":"","ast-main-header-display":"","ast-hfb-above-header-display":"","ast-hfb-below-header-display":"","ast-hfb-mobile-header-display":"","site-post-title":"","ast-breadcrumbs-content":"","ast-featured-img":"","footer-sml-layout":"","theme-transparent-header-meta":"default","adv-header-id-meta":"","stick-header-meta":"","header-above-stick-meta":"","header-main-stick-meta":"","header-below-stick-meta":"","astra-migrate-meta-layouts":"set","ast-page-background-enabled":"default","ast-page-background-meta":{"desktop":{"background-color":"var(--ast-global-color-5)","background-image":"","background-repeat":"repeat","background-position":"center center","background-size":"auto","background-attachment":"scroll","background-type":"","background-media":"","overlay-type":"","overlay-color":"","overlay-opacity":"","overlay-gradient":""},"tablet":{"background-color":"","background-image":"","background-repeat":"repeat","background-position":"center center","background-size":"auto","background-attachment":"scroll","background-type":"","background-media":"","overlay-type":"","overlay-color":"","overlay-opacity":"","overlay-gradient":""},"mobile":{"background-color":"","background-image":"","background-repeat":"repeat","background-position":"center center","background-size":"auto","background-attachment":"scroll","background-type":"","background-media":"","overlay-type":"","overlay-color":"","overlay-opacity":"","overlay-gradient":""}},"ast-content-background-meta":{"desktop":{"background-color":"var(--ast-global-color-4)","background-image":"","background-repeat":"repeat","background-position":"center center","background-size":"auto","background-attachment":"scroll","background-type":"","background-media":"","overlay-type":"","overlay-color":"","overlay-opacity":"","overlay-gradient":""},"tablet":{"background-color":"var(--ast-global-color-4)","background-image":"","background-repeat":"repeat","background-position":"center center","background-size":"auto","background-attachment":"scroll","background-type":"","background-media":"","overlay-type":"","overlay-color":"","overlay-opacity":"","overlay-gradient":""},"mobile":{"background-color":"var(--ast-global-color-4)","background-image":"","background-repeat":"repeat","background-position":"center center","background-size":"auto","background-attachment":"scroll","background-type":"","background-media":"","overlay-type":"","overlay-color":"","overlay-opacity":"","overlay-gradient":""}}},"product_brand":[],"product_cat":[15],"product_tag":[],"class_list":{"0":"post-21057","1":"product","2":"type-product","3":"status-publish","4":"has-post-thumbnail","6":"product_cat-be-kategorijos","7":"desktop-align-left","8":"tablet-align-left","9":"mobile-align-left","11":"first","12":"instock","13":"shipping-taxable","14":"purchasable","15":"product-type-simple"},"yoast_head":"<!-- This site is optimized with the Yoast SEO plugin v26.6 - https:\/\/yoast.com\/wordpress\/plugins\/seo\/ -->\n<title>Pjovimo atraminis stovas - Senbera LT<\/title>\n<meta name=\"robots\" content=\"noindex, follow, max-snippet:-1, max-image-preview:large, max-video-preview:-1\" \/>\n<meta property=\"og:locale\" content=\"lt_LT\" \/>\n<meta property=\"og:type\" content=\"article\" \/>\n<meta property=\"og:title\" content=\"Pjovimo atraminis stovas - Senbera LT\" \/>\n<meta property=\"og:description\" content=\"Per Kelias Sekundes Kampin\u012f \u0160lifuokl\u012f Paverskite Galingu Pjovimo \u012erenginiu. Pjovimo atraminis stovas leid\u017eia saugiai ir tiksliai pjauti metal\u0105, plyteles ir [&hellip;]\" \/>\n<meta property=\"og:url\" content=\"https:\/\/senbera.com\/lt\/produktas\/pjovimo-atraminis-stovas\/\" \/>\n<meta property=\"og:site_name\" content=\"Senbera LT\" \/>\n<meta name=\"twitter:card\" content=\"summary_large_image\" \/>\n<meta name=\"twitter:label1\" content=\"Est. reading time\" \/>\n\t<meta name=\"twitter:data1\" content=\"1 minut\u0117\" \/>\n<script type=\"application\/ld+json\" class=\"yoast-schema-graph\">{\"@context\":\"https:\/\/schema.org\",\"@graph\":[{\"@type\":\"WebPage\",\"@id\":\"https:\/\/senbera.com\/lt\/produktas\/pjovimo-atraminis-stovas\/\",\"url\":\"https:\/\/senbera.com\/lt\/produktas\/pjovimo-atraminis-stovas\/\",\"name\":\"Pjovimo atraminis stovas - Senbera LT\",\"isPartOf\":{\"@id\":\"https:\/\/senbera.com\/lt\/#website\"},\"primaryImageOfPage\":{\"@id\":\"https:\/\/senbera.com\/lt\/produktas\/pjovimo-atraminis-stovas\/#primaryimage\"},\"image\":{\"@id\":\"https:\/\/senbera.com\/lt\/produktas\/pjovimo-atraminis-stovas\/#primaryimage\"},\"thumbnailUrl\":\"https:\/\/senbera.com\/lt\/wp-content\/uploads\/sites\/22\/2026\/01\/dyzo6a5-1.webp\",\"datePublished\":\"2026-01-21T09:26:54+00:00\",\"breadcrumb\":{\"@id\":\"https:\/\/senbera.com\/lt\/produktas\/pjovimo-atraminis-stovas\/#breadcrumb\"},\"inLanguage\":\"lt-LT\",\"potentialAction\":[{\"@type\":\"ReadAction\",\"target\":[\"https:\/\/senbera.com\/lt\/produktas\/pjovimo-atraminis-stovas\/\"]}]},{\"@type\":\"ImageObject\",\"inLanguage\":\"lt-LT\",\"@id\":\"https:\/\/senbera.com\/lt\/produktas\/pjovimo-atraminis-stovas\/#primaryimage\",\"url\":\"https:\/\/senbera.com\/lt\/wp-content\/uploads\/sites\/22\/2026\/01\/dyzo6a5-1.webp\",\"contentUrl\":\"https:\/\/senbera.com\/lt\/wp-content\/uploads\/sites\/22\/2026\/01\/dyzo6a5-1.webp\",\"width\":720,\"height\":720},{\"@type\":\"BreadcrumbList\",\"@id\":\"https:\/\/senbera.com\/lt\/produktas\/pjovimo-atraminis-stovas\/#breadcrumb\",\"itemListElement\":[{\"@type\":\"ListItem\",\"position\":1,\"name\":\"Home\",\"item\":\"https:\/\/senbera.com\/lt\/\"},{\"@type\":\"ListItem\",\"position\":2,\"name\":\"Katalogas\",\"item\":\"https:\/\/senbera.com\/lt\/katalogas\/\"},{\"@type\":\"ListItem\",\"position\":3,\"name\":\"Pjovimo atraminis stovas\"}]},{\"@type\":\"WebSite\",\"@id\":\"https:\/\/senbera.com\/lt\/#website\",\"url\":\"https:\/\/senbera.com\/lt\/\",\"name\":\"Senbera LT\",\"description\":\"\",\"publisher\":{\"@id\":\"https:\/\/senbera.com\/lt\/#organization\"},\"potentialAction\":[{\"@type\":\"SearchAction\",\"target\":{\"@type\":\"EntryPoint\",\"urlTemplate\":\"https:\/\/senbera.com\/lt\/?s={search_term_string}\"},\"query-input\":{\"@type\":\"PropertyValueSpecification\",\"valueRequired\":true,\"valueName\":\"search_term_string\"}}],\"inLanguage\":\"lt-LT\"},{\"@type\":\"Organization\",\"@id\":\"https:\/\/senbera.com\/lt\/#organization\",\"name\":\"Mekulo\",\"url\":\"https:\/\/senbera.com\/lt\/\",\"logo\":{\"@type\":\"ImageObject\",\"inLanguage\":\"lt-LT\",\"@id\":\"https:\/\/senbera.com\/lt\/#\/schema\/logo\/image\/\",\"url\":\"https:\/\/senbera.com\/lt\/wp-content\/uploads\/sites\/22\/2025\/12\/favicon_mekulo.png\",\"contentUrl\":\"https:\/\/senbera.com\/lt\/wp-content\/uploads\/sites\/22\/2025\/12\/favicon_mekulo.png\",\"width\":50,\"height\":50,\"caption\":\"Mekulo\"},\"image\":{\"@id\":\"https:\/\/senbera.com\/lt\/#\/schema\/logo\/image\/\"}}]}<\/script>\n<!-- \/ Yoast SEO plugin. -->","yoast_head_json":{"title":"Pjovimo atraminis stovas - Senbera LT","robots":{"index":"noindex","follow":"follow","max-snippet":"max-snippet:-1","max-image-preview":"max-image-preview:large","max-video-preview":"max-video-preview:-1"},"og_locale":"lt_LT","og_type":"article","og_title":"Pjovimo atraminis stovas - Senbera LT","og_description":"Per Kelias Sekundes Kampin\u012f \u0160lifuokl\u012f Paverskite Galingu Pjovimo \u012erenginiu. Pjovimo atraminis stovas leid\u017eia saugiai ir tiksliai pjauti metal\u0105, plyteles ir [&hellip;]","og_url":"https:\/\/senbera.com\/lt\/produktas\/pjovimo-atraminis-stovas\/","og_site_name":"Senbera LT","twitter_card":"summary_large_image","twitter_misc":{"Est. reading time":"1 minut\u0117"},"schema":{"@context":"https:\/\/schema.org","@graph":[{"@type":"WebPage","@id":"https:\/\/senbera.com\/lt\/produktas\/pjovimo-atraminis-stovas\/","url":"https:\/\/senbera.com\/lt\/produktas\/pjovimo-atraminis-stovas\/","name":"Pjovimo atraminis stovas - Senbera LT","isPartOf":{"@id":"https:\/\/senbera.com\/lt\/#website"},"primaryImageOfPage":{"@id":"https:\/\/senbera.com\/lt\/produktas\/pjovimo-atraminis-stovas\/#primaryimage"},"image":{"@id":"https:\/\/senbera.com\/lt\/produktas\/pjovimo-atraminis-stovas\/#primaryimage"},"thumbnailUrl":"https:\/\/senbera.com\/lt\/wp-content\/uploads\/sites\/22\/2026\/01\/dyzo6a5-1.webp","datePublished":"2026-01-21T09:26:54+00:00","breadcrumb":{"@id":"https:\/\/senbera.com\/lt\/produktas\/pjovimo-atraminis-stovas\/#breadcrumb"},"inLanguage":"lt-LT","potentialAction":[{"@type":"ReadAction","target":["https:\/\/senbera.com\/lt\/produktas\/pjovimo-atraminis-stovas\/"]}]},{"@type":"ImageObject","inLanguage":"lt-LT","@id":"https:\/\/senbera.com\/lt\/produktas\/pjovimo-atraminis-stovas\/#primaryimage","url":"https:\/\/senbera.com\/lt\/wp-content\/uploads\/sites\/22\/2026\/01\/dyzo6a5-1.webp","contentUrl":"https:\/\/senbera.com\/lt\/wp-content\/uploads\/sites\/22\/2026\/01\/dyzo6a5-1.webp","width":720,"height":720},{"@type":"BreadcrumbList","@id":"https:\/\/senbera.com\/lt\/produktas\/pjovimo-atraminis-stovas\/#breadcrumb","itemListElement":[{"@type":"ListItem","position":1,"name":"Home","item":"https:\/\/senbera.com\/lt\/"},{"@type":"ListItem","position":2,"name":"Katalogas","item":"https:\/\/senbera.com\/lt\/katalogas\/"},{"@type":"ListItem","position":3,"name":"Pjovimo atraminis stovas"}]},{"@type":"WebSite","@id":"https:\/\/senbera.com\/lt\/#website","url":"https:\/\/senbera.com\/lt\/","name":"Senbera LT","description":"","publisher":{"@id":"https:\/\/senbera.com\/lt\/#organization"},"potentialAction":[{"@type":"SearchAction","target":{"@type":"EntryPoint","urlTemplate":"https:\/\/senbera.com\/lt\/?s={search_term_string}"},"query-input":{"@type":"PropertyValueSpecification","valueRequired":true,"valueName":"search_term_string"}}],"inLanguage":"lt-LT"},{"@type":"Organization","@id":"https:\/\/senbera.com\/lt\/#organization","name":"Mekulo","url":"https:\/\/senbera.com\/lt\/","logo":{"@type":"ImageObject","inLanguage":"lt-LT","@id":"https:\/\/senbera.com\/lt\/#\/schema\/logo\/image\/","url":"https:\/\/senbera.com\/lt\/wp-content\/uploads\/sites\/22\/2025\/12\/favicon_mekulo.png","contentUrl":"https:\/\/senbera.com\/lt\/wp-content\/uploads\/sites\/22\/2025\/12\/favicon_mekulo.png","width":50,"height":50,"caption":"Mekulo"},"image":{"@id":"https:\/\/senbera.com\/lt\/#\/schema\/logo\/image\/"}}]}},"_links":{"self":[{"href":"https:\/\/senbera.com\/lt\/wp-json\/wp\/v2\/product\/21057","targetHints":{"allow":["GET"]}}],"collection":[{"href":"https:\/\/senbera.com\/lt\/wp-json\/wp\/v2\/product"}],"about":[{"href":"https:\/\/senbera.com\/lt\/wp-json\/wp\/v2\/types\/product"}],"replies":[{"embeddable":true,"href":"https:\/\/senbera.com\/lt\/wp-json\/wp\/v2\/comments?post=21057"}],"wp:featuredmedia":[{"embeddable":true,"href":"https:\/\/senbera.com\/lt\/wp-json\/wp\/v2\/media\/21053"}],"wp:attachment":[{"href":"https:\/\/senbera.com\/lt\/wp-json\/wp\/v2\/media?parent=21057"}],"wp:term":[{"taxonomy":"product_brand","embeddable":true,"href":"https:\/\/senbera.com\/lt\/wp-json\/wp\/v2\/product_brand?post=21057"},{"taxonomy":"product_cat","embeddable":true,"href":"https:\/\/senbera.com\/lt\/wp-json\/wp\/v2\/product_cat?post=21057"},{"taxonomy":"product_tag","embeddable":true,"href":"https:\/\/senbera.com\/lt\/wp-json\/wp\/v2\/product_tag?post=21057"}],"curies":[{"name":"wp","href":"https:\/\/api.w.org\/{rel}","templated":true}]}}