{"id":21003,"date":"2026-01-21T11:22:26","date_gmt":"2026-01-21T09:22:26","guid":{"rendered":"https:\/\/senbera.com\/lt\/produktas\/skalbiniu-virve\/"},"modified":"2026-01-21T11:22:47","modified_gmt":"2026-01-21T09:22:47","slug":"skalbiniu-virve","status":"publish","type":"product","link":"https:\/\/senbera.com\/lt\/produktas\/skalbiniu-virve\/","title":{"rendered":"Skalbini\u0173 virv\u0117"},"content":{"rendered":"<p style=\"text-align: center\"><strong>Tvirtas, Atsparus V\u0117jui Ir Puikiai Tinka Drabu\u017eiams D\u017eiovinti Bet Kur.<\/strong><\/p>\n<p style=\"text-align: center\"><span style=\"font-weight: 400\">Y tvoros tipo drabu\u017ei\u0173 virv\u0117 yra lengvas, sulankstomas ir patvarus sprendimas skalbiniams d\u017eiovinti lauke ir lauke. Neslystanti konstrukcija i\u0161laiko drabu\u017eius vietoje, o v\u0117jo nepraleid\u017eianti konstrukcija u\u017etikrina, kad jie i\u0161liks saug\u016bs net ir v\u0117juotomis dienomis.<\/span><\/p>\n<p><img decoding=\"async\" class=\"alignnone size-full wp-image-17867 aligncenter\" src=\"https:\/\/keluvo.com\/template\/wp-content\/uploads\/sites\/5\/2025\/05\/Clothesline-ezgif.com-video-to-webp-converter.webp\" alt=\"\" \/><\/p>\n<h2 style=\"text-align: center\">\ud83c\udf1f Pagrindiniai Privalumai<\/h2>\n<p><span style=\"font-weight: 400\">\ud83e\uddfa Neslystantis pavir\u0161ius neleid\u017eia drabu\u017eiams nuslysti<\/span><span style=\"font-weight: 400\"><br \/>\n<\/span><\/p>\n<p><span style=\"font-weight: 400\">\ud83d\udca8 V\u0117jo nepraleid\u017eianti konstrukcija patikimai d\u017eiovinasi lauke<\/span><span style=\"font-weight: 400\"><br \/>\n<\/span><\/p>\n<p><span style=\"font-weight: 400\">\ud83c\udfd5\ufe0f Puikiai tinka kelion\u0117ms, stovyklavimui ar naudojimui namuose<\/span><span style=\"font-weight: 400\"><br \/>\n<\/span><\/p>\n<p><span style=\"font-weight: 400\">\ud83d\udcaa Pagaminta i\u0161 tvirto ir patvaraus nailono<\/span><span style=\"font-weight: 400\"><br \/>\n<\/span><\/p>\n<p><span style=\"font-weight: 400\">\ud83c\udf92 Lengva ir sulankstoma, kad b\u016bt\u0173 patogu saugoti<\/span><\/p>\n<p><img decoding=\"async\" class=\"alignnone size-full wp-image-17870 aligncenter\" src=\"https:\/\/keluvo.com\/template\/wp-content\/uploads\/sites\/5\/2025\/05\/S745e5aec0f864256a7ae0ab5efa74949J.jpg_960x960q75.jpg_.jpeg\" alt=\"\" \/><\/p>\n<h2 style=\"text-align: center\">\ud83d\udee0\ufe0f Kaip Naudoti<\/h2>\n<ol>\n<li style=\"font-weight: 400\"><span style=\"font-weight: 400\">Sulenkite skalbini\u0173 virv\u0119 ir i\u0161tempkite j\u0105 iki norimo ilgio.<\/span><span style=\"font-weight: 400\"><br \/>\n<\/span><\/li>\n<li style=\"font-weight: 400\"><span style=\"font-weight: 400\">Abu galus tvirtai pritvirtinkite prie kabli\u0173, med\u017ei\u0173 ar stacionari\u0173 pavir\u0161i\u0173.<\/span><span style=\"font-weight: 400\"><br \/>\n<\/span><\/li>\n<li style=\"font-weight: 400\"><span style=\"font-weight: 400\">Pakabinkite drabu\u017eius tarp virvi\u0173 ir tolygiai i\u0161d\u0117stykite juos tolygiai.<\/span><span style=\"font-weight: 400\"><br \/>\n<\/span><\/li>\n<li style=\"font-weight: 400\"><span style=\"font-weight: 400\">Baig\u0119 darb\u0105, sulankstykite ir laikykite, kad gal\u0117tum\u0117te naudoti ateityje.<\/span><\/li>\n<\/ol>\n<h2 style=\"text-align: center\">\ud83d\udccf I\u0161sami Informacija Apie Gamin\u012f<\/h2>\n<ul>\n<li style=\"font-weight: 400\"><span style=\"font-weight: 400\">Med\u017eiaga: auk\u0161tos kokyb\u0117s nailonas<\/span><span style=\"font-weight: 400\"><br \/>\n<\/span><\/li>\n<li style=\"font-weight: 400\"><span style=\"font-weight: 400\">Svoris: Apie 74 g<\/span><span style=\"font-weight: 400\"><br \/>\n<\/span><\/li>\n<li style=\"font-weight: 400\"><span style=\"font-weight: 400\">Dizainas: sulankstomas, atsparus v\u0117jui, neslystantis<\/span><\/li>\n<li>Size: 5 m ir 10 m<\/li>\n<\/ul>\n<h2 style=\"text-align: center\">\ud83d\udce6 Pakuot\u0117je Yra<\/h2>\n<ul>\n<li><span style=\"font-weight: 400\">1x drabu\u017ei\u0173 virv\u0117.<\/span><\/li>\n<\/ul>\n","protected":false},"excerpt":{"rendered":"<p>Tvirtas, Atsparus V\u0117jui Ir Puikiai Tinka Drabu\u017eiams D\u017eiovinti Bet Kur. Y tvoros tipo drabu\u017ei\u0173 virv\u0117 yra lengvas, sulankstomas ir patvarus [&hellip;]<\/p>\n","protected":false},"featured_media":20999,"comment_status":"open","ping_status":"closed","template":"","meta":{"site-sidebar-layout":"default","site-content-layout":"","ast-site-content-layout":"default","site-content-style":"default","site-sidebar-style":"default","ast-global-header-display":"","ast-banner-title-visibility":"","ast-main-header-display":"","ast-hfb-above-header-display":"","ast-hfb-below-header-display":"","ast-hfb-mobile-header-display":"","site-post-title":"","ast-breadcrumbs-content":"","ast-featured-img":"","footer-sml-layout":"","ast-disable-related-posts":"","theme-transparent-header-meta":"default","adv-header-id-meta":"","stick-header-meta":"","header-above-stick-meta":"","header-main-stick-meta":"","header-below-stick-meta":"","astra-migrate-meta-layouts":"set","ast-page-background-enabled":"default","ast-page-background-meta":{"desktop":{"background-color":"var(--ast-global-color-5)","background-image":"","background-repeat":"repeat","background-position":"center center","background-size":"auto","background-attachment":"scroll","background-type":"","background-media":"","overlay-type":"","overlay-color":"","overlay-opacity":"","overlay-gradient":""},"tablet":{"background-color":"","background-image":"","background-repeat":"repeat","background-position":"center center","background-size":"auto","background-attachment":"scroll","background-type":"","background-media":"","overlay-type":"","overlay-color":"","overlay-opacity":"","overlay-gradient":""},"mobile":{"background-color":"","background-image":"","background-repeat":"repeat","background-position":"center center","background-size":"auto","background-attachment":"scroll","background-type":"","background-media":"","overlay-type":"","overlay-color":"","overlay-opacity":"","overlay-gradient":""}},"ast-content-background-meta":{"desktop":{"background-color":"var(--ast-global-color-4)","background-image":"","background-repeat":"repeat","background-position":"center center","background-size":"auto","background-attachment":"scroll","background-type":"","background-media":"","overlay-type":"","overlay-color":"","overlay-opacity":"","overlay-gradient":""},"tablet":{"background-color":"var(--ast-global-color-4)","background-image":"","background-repeat":"repeat","background-position":"center center","background-size":"auto","background-attachment":"scroll","background-type":"","background-media":"","overlay-type":"","overlay-color":"","overlay-opacity":"","overlay-gradient":""},"mobile":{"background-color":"var(--ast-global-color-4)","background-image":"","background-repeat":"repeat","background-position":"center center","background-size":"auto","background-attachment":"scroll","background-type":"","background-media":"","overlay-type":"","overlay-color":"","overlay-opacity":"","overlay-gradient":""}}},"product_brand":[],"product_cat":[15],"product_tag":[],"class_list":{"0":"post-21003","1":"product","2":"type-product","3":"status-publish","4":"has-post-thumbnail","6":"product_cat-be-kategorijos","7":"pa_18675_2plwflnk-melyna","8":"pa_18675_2plwflnk-rozinis","9":"pa_18675_2plwflnk-zalioji","10":"pa_18675_8mfn3zir-10m","11":"pa_18675_8mfn3zir-5m","12":"desktop-align-left","13":"tablet-align-left","14":"mobile-align-left","16":"first","17":"instock","18":"shipping-taxable","19":"purchasable","20":"product-type-variable","21":"has-default-attributes"},"yoast_head":"<!-- This site is optimized with the Yoast SEO plugin v27.4 - https:\/\/yoast.com\/product\/yoast-seo-wordpress\/ -->\n<title>Skalbini\u0173 virv\u0117 - Senbera LT<\/title>\n<meta name=\"robots\" content=\"noindex, follow, max-snippet:-1, max-image-preview:large, max-video-preview:-1\" \/>\n<meta property=\"og:locale\" content=\"lt_LT\" \/>\n<meta property=\"og:type\" content=\"article\" \/>\n<meta property=\"og:title\" content=\"Skalbini\u0173 virv\u0117 - Senbera LT\" \/>\n<meta property=\"og:description\" content=\"Tvirtas, Atsparus V\u0117jui Ir Puikiai Tinka Drabu\u017eiams D\u017eiovinti Bet Kur. Y tvoros tipo drabu\u017ei\u0173 virv\u0117 yra lengvas, sulankstomas ir patvarus [&hellip;]\" \/>\n<meta property=\"og:url\" content=\"https:\/\/senbera.com\/lt\/produktas\/skalbiniu-virve\/\" \/>\n<meta property=\"og:site_name\" content=\"Senbera LT\" \/>\n<meta property=\"article:modified_time\" content=\"2026-01-21T09:22:47+00:00\" \/>\n<meta name=\"twitter:card\" content=\"summary_large_image\" \/>\n<meta name=\"twitter:label1\" content=\"Est. reading time\" \/>\n\t<meta name=\"twitter:data1\" content=\"1 minut\u0117\" \/>\n<script type=\"application\/ld+json\" class=\"yoast-schema-graph\">{\"@context\":\"https:\\\/\\\/schema.org\",\"@graph\":[{\"@type\":\"WebPage\",\"@id\":\"https:\\\/\\\/senbera.com\\\/lt\\\/produktas\\\/skalbiniu-virve\\\/\",\"url\":\"https:\\\/\\\/senbera.com\\\/lt\\\/produktas\\\/skalbiniu-virve\\\/\",\"name\":\"Skalbini\u0173 virv\u0117 - Senbera LT\",\"isPartOf\":{\"@id\":\"https:\\\/\\\/senbera.com\\\/lt\\\/#website\"},\"primaryImageOfPage\":{\"@id\":\"https:\\\/\\\/senbera.com\\\/lt\\\/produktas\\\/skalbiniu-virve\\\/#primaryimage\"},\"image\":{\"@id\":\"https:\\\/\\\/senbera.com\\\/lt\\\/produktas\\\/skalbiniu-virve\\\/#primaryimage\"},\"thumbnailUrl\":\"https:\\\/\\\/senbera.com\\\/lt\\\/wp-content\\\/uploads\\\/sites\\\/22\\\/2026\\\/01\\\/ybol6rk-1.jpeg\",\"datePublished\":\"2026-01-21T09:22:26+00:00\",\"dateModified\":\"2026-01-21T09:22:47+00:00\",\"breadcrumb\":{\"@id\":\"https:\\\/\\\/senbera.com\\\/lt\\\/produktas\\\/skalbiniu-virve\\\/#breadcrumb\"},\"inLanguage\":\"lt-LT\",\"potentialAction\":[{\"@type\":\"ReadAction\",\"target\":[\"https:\\\/\\\/senbera.com\\\/lt\\\/produktas\\\/skalbiniu-virve\\\/\"]}]},{\"@type\":\"ImageObject\",\"inLanguage\":\"lt-LT\",\"@id\":\"https:\\\/\\\/senbera.com\\\/lt\\\/produktas\\\/skalbiniu-virve\\\/#primaryimage\",\"url\":\"https:\\\/\\\/senbera.com\\\/lt\\\/wp-content\\\/uploads\\\/sites\\\/22\\\/2026\\\/01\\\/ybol6rk-1.jpeg\",\"contentUrl\":\"https:\\\/\\\/senbera.com\\\/lt\\\/wp-content\\\/uploads\\\/sites\\\/22\\\/2026\\\/01\\\/ybol6rk-1.jpeg\",\"width\":800,\"height\":800},{\"@type\":\"BreadcrumbList\",\"@id\":\"https:\\\/\\\/senbera.com\\\/lt\\\/produktas\\\/skalbiniu-virve\\\/#breadcrumb\",\"itemListElement\":[{\"@type\":\"ListItem\",\"position\":1,\"name\":\"Home\",\"item\":\"https:\\\/\\\/senbera.com\\\/lt\\\/\"},{\"@type\":\"ListItem\",\"position\":2,\"name\":\"Katalogas\",\"item\":\"https:\\\/\\\/senbera.com\\\/lt\\\/katalogas\\\/\"},{\"@type\":\"ListItem\",\"position\":3,\"name\":\"Skalbini\u0173 virv\u0117\"}]},{\"@type\":\"WebSite\",\"@id\":\"https:\\\/\\\/senbera.com\\\/lt\\\/#website\",\"url\":\"https:\\\/\\\/senbera.com\\\/lt\\\/\",\"name\":\"Senbera LT\",\"description\":\"\",\"publisher\":{\"@id\":\"https:\\\/\\\/senbera.com\\\/lt\\\/#organization\"},\"potentialAction\":[{\"@type\":\"SearchAction\",\"target\":{\"@type\":\"EntryPoint\",\"urlTemplate\":\"https:\\\/\\\/senbera.com\\\/lt\\\/?s={search_term_string}\"},\"query-input\":{\"@type\":\"PropertyValueSpecification\",\"valueRequired\":true,\"valueName\":\"search_term_string\"}}],\"inLanguage\":\"lt-LT\"},{\"@type\":\"Organization\",\"@id\":\"https:\\\/\\\/senbera.com\\\/lt\\\/#organization\",\"name\":\"Mekulo\",\"url\":\"https:\\\/\\\/senbera.com\\\/lt\\\/\",\"logo\":{\"@type\":\"ImageObject\",\"inLanguage\":\"lt-LT\",\"@id\":\"https:\\\/\\\/senbera.com\\\/lt\\\/#\\\/schema\\\/logo\\\/image\\\/\",\"url\":\"https:\\\/\\\/senbera.com\\\/lt\\\/wp-content\\\/uploads\\\/sites\\\/22\\\/2025\\\/12\\\/favicon_mekulo.png\",\"contentUrl\":\"https:\\\/\\\/senbera.com\\\/lt\\\/wp-content\\\/uploads\\\/sites\\\/22\\\/2025\\\/12\\\/favicon_mekulo.png\",\"width\":50,\"height\":50,\"caption\":\"Mekulo\"},\"image\":{\"@id\":\"https:\\\/\\\/senbera.com\\\/lt\\\/#\\\/schema\\\/logo\\\/image\\\/\"}}]}<\/script>\n<!-- \/ Yoast SEO plugin. -->","yoast_head_json":{"title":"Skalbini\u0173 virv\u0117 - Senbera LT","robots":{"index":"noindex","follow":"follow","max-snippet":"max-snippet:-1","max-image-preview":"max-image-preview:large","max-video-preview":"max-video-preview:-1"},"og_locale":"lt_LT","og_type":"article","og_title":"Skalbini\u0173 virv\u0117 - Senbera LT","og_description":"Tvirtas, Atsparus V\u0117jui Ir Puikiai Tinka Drabu\u017eiams D\u017eiovinti Bet Kur. Y tvoros tipo drabu\u017ei\u0173 virv\u0117 yra lengvas, sulankstomas ir patvarus [&hellip;]","og_url":"https:\/\/senbera.com\/lt\/produktas\/skalbiniu-virve\/","og_site_name":"Senbera LT","article_modified_time":"2026-01-21T09:22:47+00:00","twitter_card":"summary_large_image","twitter_misc":{"Est. reading time":"1 minut\u0117"},"schema":{"@context":"https:\/\/schema.org","@graph":[{"@type":"WebPage","@id":"https:\/\/senbera.com\/lt\/produktas\/skalbiniu-virve\/","url":"https:\/\/senbera.com\/lt\/produktas\/skalbiniu-virve\/","name":"Skalbini\u0173 virv\u0117 - Senbera LT","isPartOf":{"@id":"https:\/\/senbera.com\/lt\/#website"},"primaryImageOfPage":{"@id":"https:\/\/senbera.com\/lt\/produktas\/skalbiniu-virve\/#primaryimage"},"image":{"@id":"https:\/\/senbera.com\/lt\/produktas\/skalbiniu-virve\/#primaryimage"},"thumbnailUrl":"https:\/\/senbera.com\/lt\/wp-content\/uploads\/sites\/22\/2026\/01\/ybol6rk-1.jpeg","datePublished":"2026-01-21T09:22:26+00:00","dateModified":"2026-01-21T09:22:47+00:00","breadcrumb":{"@id":"https:\/\/senbera.com\/lt\/produktas\/skalbiniu-virve\/#breadcrumb"},"inLanguage":"lt-LT","potentialAction":[{"@type":"ReadAction","target":["https:\/\/senbera.com\/lt\/produktas\/skalbiniu-virve\/"]}]},{"@type":"ImageObject","inLanguage":"lt-LT","@id":"https:\/\/senbera.com\/lt\/produktas\/skalbiniu-virve\/#primaryimage","url":"https:\/\/senbera.com\/lt\/wp-content\/uploads\/sites\/22\/2026\/01\/ybol6rk-1.jpeg","contentUrl":"https:\/\/senbera.com\/lt\/wp-content\/uploads\/sites\/22\/2026\/01\/ybol6rk-1.jpeg","width":800,"height":800},{"@type":"BreadcrumbList","@id":"https:\/\/senbera.com\/lt\/produktas\/skalbiniu-virve\/#breadcrumb","itemListElement":[{"@type":"ListItem","position":1,"name":"Home","item":"https:\/\/senbera.com\/lt\/"},{"@type":"ListItem","position":2,"name":"Katalogas","item":"https:\/\/senbera.com\/lt\/katalogas\/"},{"@type":"ListItem","position":3,"name":"Skalbini\u0173 virv\u0117"}]},{"@type":"WebSite","@id":"https:\/\/senbera.com\/lt\/#website","url":"https:\/\/senbera.com\/lt\/","name":"Senbera LT","description":"","publisher":{"@id":"https:\/\/senbera.com\/lt\/#organization"},"potentialAction":[{"@type":"SearchAction","target":{"@type":"EntryPoint","urlTemplate":"https:\/\/senbera.com\/lt\/?s={search_term_string}"},"query-input":{"@type":"PropertyValueSpecification","valueRequired":true,"valueName":"search_term_string"}}],"inLanguage":"lt-LT"},{"@type":"Organization","@id":"https:\/\/senbera.com\/lt\/#organization","name":"Mekulo","url":"https:\/\/senbera.com\/lt\/","logo":{"@type":"ImageObject","inLanguage":"lt-LT","@id":"https:\/\/senbera.com\/lt\/#\/schema\/logo\/image\/","url":"https:\/\/senbera.com\/lt\/wp-content\/uploads\/sites\/22\/2025\/12\/favicon_mekulo.png","contentUrl":"https:\/\/senbera.com\/lt\/wp-content\/uploads\/sites\/22\/2025\/12\/favicon_mekulo.png","width":50,"height":50,"caption":"Mekulo"},"image":{"@id":"https:\/\/senbera.com\/lt\/#\/schema\/logo\/image\/"}}]}},"_links":{"self":[{"href":"https:\/\/senbera.com\/lt\/wp-json\/wp\/v2\/product\/21003","targetHints":{"allow":["GET"]}}],"collection":[{"href":"https:\/\/senbera.com\/lt\/wp-json\/wp\/v2\/product"}],"about":[{"href":"https:\/\/senbera.com\/lt\/wp-json\/wp\/v2\/types\/product"}],"replies":[{"embeddable":true,"href":"https:\/\/senbera.com\/lt\/wp-json\/wp\/v2\/comments?post=21003"}],"wp:featuredmedia":[{"embeddable":true,"href":"https:\/\/senbera.com\/lt\/wp-json\/wp\/v2\/media\/20999"}],"wp:attachment":[{"href":"https:\/\/senbera.com\/lt\/wp-json\/wp\/v2\/media?parent=21003"}],"wp:term":[{"taxonomy":"product_brand","embeddable":true,"href":"https:\/\/senbera.com\/lt\/wp-json\/wp\/v2\/product_brand?post=21003"},{"taxonomy":"product_cat","embeddable":true,"href":"https:\/\/senbera.com\/lt\/wp-json\/wp\/v2\/product_cat?post=21003"},{"taxonomy":"product_tag","embeddable":true,"href":"https:\/\/senbera.com\/lt\/wp-json\/wp\/v2\/product_tag?post=21003"}],"curies":[{"name":"wp","href":"https:\/\/api.w.org\/{rel}","templated":true}]}}