{"id":20743,"date":"2026-01-19T10:22:50","date_gmt":"2026-01-19T08:22:50","guid":{"rendered":"https:\/\/senbera.com\/lt\/produktas\/sveiciamoji-pirstine\/"},"modified":"2026-01-19T10:22:59","modified_gmt":"2026-01-19T08:22:59","slug":"sveiciamoji-pirstine","status":"publish","type":"product","link":"https:\/\/senbera.com\/lt\/produktas\/sveiciamoji-pirstine\/","title":{"rendered":"\u0160vei\u010diamoji pir\u0161tin\u0117"},"content":{"rendered":"<p style=\"text-align: center\"><b>Pristatome \u0161vei\u010diam\u0105j\u0105 pir\u0161tin\u0119 &#8211; \u0161velni\u0105 ir galing\u0105 pagalbinink\u0119, kad oda b\u016bt\u0173 lygi ir \u0161vari.<\/b><\/p>\n<p style=\"text-align: center\"><span style=\"font-weight: 400\">\u0160variai valo ir \u0161velniai jau\u010diasi. \u0160i stebuklinga pir\u0161tin\u0117 pa\u0161alina negyv\u0105 od\u0105 ir suteikia spindesio &#8211; muilo nereikia!<\/span><\/p>\n<p><img decoding=\"async\" class=\"alignnone size-full wp-image-17348 aligncenter\" src=\"https:\/\/keluvo.com\/template\/wp-content\/uploads\/sites\/5\/2025\/05\/8cf66e78-1a0e-4b0b-8f48-9a5ab86f9587.gif.gif\" alt=\"\" \/><\/p>\n<h2 style=\"text-align: center\">Pagrindiniai Privalumai<\/h2>\n<p><span style=\"font-weight: 400\">Blogai nu\u0161vei\u010dia negyv\u0105 od\u0105, ne\u0161varumus ir riebalus<\/span><\/p>\n<p><span style=\"font-weight: 400\">Lengvai d\u0117vima ir tvirtai priglunda, kad geriau valyt\u0173si<\/span><\/p>\n<p><span style=\"font-weight: 400\">Nereikia muilo &#8211; tik vandens ir \u0161velnaus trynimo<\/span><\/p>\n<p><span style=\"font-weight: 400\">Suteikia odai glotnumo, gaivumo ir \u0161velnumo<\/span><\/p>\n<p><span style=\"font-weight: 400\">Skatina kraujotak\u0105, ma\u017eina i\u0161kilimus ir \u012faugusius plaukelius<\/span><\/p>\n<p><img decoding=\"async\" class=\"alignnone size-full wp-image-17350 aligncenter\" src=\"https:\/\/keluvo.com\/template\/wp-content\/uploads\/sites\/5\/2025\/05\/S6d202a99c1a04c4c89834402800be027U.jpg_960x960q75.jpg_.jpeg\" alt=\"\" \/><\/p>\n<h2 style=\"text-align: center\">Pagrindinis Pasi\u016blymas<\/h2>\n<p style=\"text-align: center\"><span style=\"font-weight: 400\">\u0160i \u0161vei\u010diamoji pir\u0161tin\u0117 puikiai tinka visiems, kurie nori \u0161velnios ir spindin\u010dios odos. Tiesiog pamerkite \u012f \u0161ilt\u0105 vanden\u012f, i\u0161sukite pir\u0161tin\u0119 ir \u0161veiskite &#8211; ir viskas! Nereikia joki\u0173 muil\u0173 ar \u0161veitikli\u0173. Ji stipri, bet \u0161velni ir puikiai tinka k\u016bno prie\u017ei\u016brai. Naudokite 2-4 kartus per m\u0117nes\u012f, kad pasiektum\u0117te geriausius rezultatus.<\/span><\/p>\n<h2 style=\"text-align: center\">Kaip Naudoti<\/h2>\n<ol>\n<li style=\"font-weight: 400\"><span style=\"font-weight: 400\">K\u016bno ir pir\u0161tin\u0119 pamirkykite \u0161iltame vandenyje.<\/span><span style=\"font-weight: 400\"><br \/>\n<\/span><\/li>\n<li style=\"font-weight: 400\"><span style=\"font-weight: 400\">NENAUDOKITE jokio muilo ar k\u016bno prausikli\u0173.<\/span><span style=\"font-weight: 400\"><br \/>\n<\/span><\/li>\n<li style=\"font-weight: 400\"><span style=\"font-weight: 400\">I\u0161vyniokite pir\u0161tin\u0119.<\/span><span style=\"font-weight: 400\"><br \/>\n<\/span><\/li>\n<li style=\"font-weight: 400\"><span style=\"font-weight: 400\">Spaud\u017eiant trinkite od\u0105 auk\u0161tyn, \u017eemyn ir i\u0161 vienos pus\u0117s \u012f kit\u0105.<\/span><span style=\"font-weight: 400\"><br \/>\n<\/span><\/li>\n<li style=\"font-weight: 400\"><span style=\"font-weight: 400\">Nuplaukite &#8211; m\u0117gaukit\u0117s lygia ir \u0161varia oda!<\/span><\/li>\n<li style=\"font-weight: 400\"><span style=\"font-weight: 400\">Nenaudokite ant veido.<\/span><\/li>\n<\/ol>\n<h2 style=\"text-align: center\">Pakuot\u0117je Yra<\/h2>\n<ul>\n<li><span style=\"font-weight: 400\">1x \u0161vei\u010diamoji pir\u0161tin\u0117.<\/span><\/li>\n<\/ul>\n","protected":false},"excerpt":{"rendered":"<p>Pristatome \u0161vei\u010diam\u0105j\u0105 pir\u0161tin\u0119 &#8211; \u0161velni\u0105 ir galing\u0105 pagalbinink\u0119, kad oda b\u016bt\u0173 lygi ir \u0161vari. \u0160variai valo ir \u0161velniai jau\u010diasi. \u0160i [&hellip;]<\/p>\n","protected":false},"featured_media":20739,"comment_status":"open","ping_status":"closed","template":"","meta":{"site-sidebar-layout":"default","site-content-layout":"","ast-site-content-layout":"default","site-content-style":"default","site-sidebar-style":"default","ast-global-header-display":"","ast-banner-title-visibility":"","ast-main-header-display":"","ast-hfb-above-header-display":"","ast-hfb-below-header-display":"","ast-hfb-mobile-header-display":"","site-post-title":"","ast-breadcrumbs-content":"","ast-featured-img":"","footer-sml-layout":"","theme-transparent-header-meta":"default","adv-header-id-meta":"","stick-header-meta":"","header-above-stick-meta":"","header-main-stick-meta":"","header-below-stick-meta":"","astra-migrate-meta-layouts":"set","ast-page-background-enabled":"default","ast-page-background-meta":{"desktop":{"background-color":"var(--ast-global-color-5)","background-image":"","background-repeat":"repeat","background-position":"center center","background-size":"auto","background-attachment":"scroll","background-type":"","background-media":"","overlay-type":"","overlay-color":"","overlay-opacity":"","overlay-gradient":""},"tablet":{"background-color":"","background-image":"","background-repeat":"repeat","background-position":"center center","background-size":"auto","background-attachment":"scroll","background-type":"","background-media":"","overlay-type":"","overlay-color":"","overlay-opacity":"","overlay-gradient":""},"mobile":{"background-color":"","background-image":"","background-repeat":"repeat","background-position":"center center","background-size":"auto","background-attachment":"scroll","background-type":"","background-media":"","overlay-type":"","overlay-color":"","overlay-opacity":"","overlay-gradient":""}},"ast-content-background-meta":{"desktop":{"background-color":"var(--ast-global-color-4)","background-image":"","background-repeat":"repeat","background-position":"center center","background-size":"auto","background-attachment":"scroll","background-type":"","background-media":"","overlay-type":"","overlay-color":"","overlay-opacity":"","overlay-gradient":""},"tablet":{"background-color":"var(--ast-global-color-4)","background-image":"","background-repeat":"repeat","background-position":"center center","background-size":"auto","background-attachment":"scroll","background-type":"","background-media":"","overlay-type":"","overlay-color":"","overlay-opacity":"","overlay-gradient":""},"mobile":{"background-color":"var(--ast-global-color-4)","background-image":"","background-repeat":"repeat","background-position":"center center","background-size":"auto","background-attachment":"scroll","background-type":"","background-media":"","overlay-type":"","overlay-color":"","overlay-opacity":"","overlay-gradient":""}}},"product_brand":[],"product_cat":[15],"product_tag":[],"class_list":{"0":"post-20743","1":"product","2":"type-product","3":"status-publish","4":"has-post-thumbnail","6":"product_cat-be-kategorijos","7":"pa_21233_1z2v50tp-geltona","8":"pa_21233_1z2v50tp-melyna","9":"pa_21233_1z2v50tp-rozinis","10":"pa_21233_1z2v50tp-zalioji","11":"desktop-align-left","12":"tablet-align-left","13":"mobile-align-left","15":"first","16":"instock","17":"shipping-taxable","18":"purchasable","19":"product-type-variable"},"yoast_head":"<!-- This site is optimized with the Yoast SEO plugin v26.6 - https:\/\/yoast.com\/wordpress\/plugins\/seo\/ -->\n<title>\u0160vei\u010diamoji pir\u0161tin\u0117 - Senbera LT<\/title>\n<meta name=\"robots\" content=\"noindex, follow, max-snippet:-1, max-image-preview:large, max-video-preview:-1\" \/>\n<meta property=\"og:locale\" content=\"lt_LT\" \/>\n<meta property=\"og:type\" content=\"article\" \/>\n<meta property=\"og:title\" content=\"\u0160vei\u010diamoji pir\u0161tin\u0117 - Senbera LT\" \/>\n<meta property=\"og:description\" content=\"Pristatome \u0161vei\u010diam\u0105j\u0105 pir\u0161tin\u0119 &#8211; \u0161velni\u0105 ir galing\u0105 pagalbinink\u0119, kad oda b\u016bt\u0173 lygi ir \u0161vari. \u0160variai valo ir \u0161velniai jau\u010diasi. \u0160i [&hellip;]\" \/>\n<meta property=\"og:url\" content=\"https:\/\/senbera.com\/lt\/produktas\/sveiciamoji-pirstine\/\" \/>\n<meta property=\"og:site_name\" content=\"Senbera LT\" \/>\n<meta property=\"article:modified_time\" content=\"2026-01-19T08:22:59+00:00\" \/>\n<meta name=\"twitter:card\" content=\"summary_large_image\" \/>\n<meta name=\"twitter:label1\" content=\"Est. reading time\" \/>\n\t<meta name=\"twitter:data1\" content=\"1 minut\u0117\" \/>\n<script type=\"application\/ld+json\" class=\"yoast-schema-graph\">{\"@context\":\"https:\/\/schema.org\",\"@graph\":[{\"@type\":\"WebPage\",\"@id\":\"https:\/\/senbera.com\/lt\/produktas\/sveiciamoji-pirstine\/\",\"url\":\"https:\/\/senbera.com\/lt\/produktas\/sveiciamoji-pirstine\/\",\"name\":\"\u0160vei\u010diamoji pir\u0161tin\u0117 - Senbera LT\",\"isPartOf\":{\"@id\":\"https:\/\/senbera.com\/lt\/#website\"},\"primaryImageOfPage\":{\"@id\":\"https:\/\/senbera.com\/lt\/produktas\/sveiciamoji-pirstine\/#primaryimage\"},\"image\":{\"@id\":\"https:\/\/senbera.com\/lt\/produktas\/sveiciamoji-pirstine\/#primaryimage\"},\"thumbnailUrl\":\"https:\/\/senbera.com\/lt\/wp-content\/uploads\/sites\/22\/2026\/01\/7yzc45d-1.jpeg\",\"datePublished\":\"2026-01-19T08:22:50+00:00\",\"dateModified\":\"2026-01-19T08:22:59+00:00\",\"breadcrumb\":{\"@id\":\"https:\/\/senbera.com\/lt\/produktas\/sveiciamoji-pirstine\/#breadcrumb\"},\"inLanguage\":\"lt-LT\",\"potentialAction\":[{\"@type\":\"ReadAction\",\"target\":[\"https:\/\/senbera.com\/lt\/produktas\/sveiciamoji-pirstine\/\"]}]},{\"@type\":\"ImageObject\",\"inLanguage\":\"lt-LT\",\"@id\":\"https:\/\/senbera.com\/lt\/produktas\/sveiciamoji-pirstine\/#primaryimage\",\"url\":\"https:\/\/senbera.com\/lt\/wp-content\/uploads\/sites\/22\/2026\/01\/7yzc45d-1.jpeg\",\"contentUrl\":\"https:\/\/senbera.com\/lt\/wp-content\/uploads\/sites\/22\/2026\/01\/7yzc45d-1.jpeg\",\"width\":800,\"height\":800},{\"@type\":\"BreadcrumbList\",\"@id\":\"https:\/\/senbera.com\/lt\/produktas\/sveiciamoji-pirstine\/#breadcrumb\",\"itemListElement\":[{\"@type\":\"ListItem\",\"position\":1,\"name\":\"Home\",\"item\":\"https:\/\/senbera.com\/lt\/\"},{\"@type\":\"ListItem\",\"position\":2,\"name\":\"Katalogas\",\"item\":\"https:\/\/senbera.com\/lt\/katalogas\/\"},{\"@type\":\"ListItem\",\"position\":3,\"name\":\"\u0160vei\u010diamoji pir\u0161tin\u0117\"}]},{\"@type\":\"WebSite\",\"@id\":\"https:\/\/senbera.com\/lt\/#website\",\"url\":\"https:\/\/senbera.com\/lt\/\",\"name\":\"Senbera LT\",\"description\":\"\",\"publisher\":{\"@id\":\"https:\/\/senbera.com\/lt\/#organization\"},\"potentialAction\":[{\"@type\":\"SearchAction\",\"target\":{\"@type\":\"EntryPoint\",\"urlTemplate\":\"https:\/\/senbera.com\/lt\/?s={search_term_string}\"},\"query-input\":{\"@type\":\"PropertyValueSpecification\",\"valueRequired\":true,\"valueName\":\"search_term_string\"}}],\"inLanguage\":\"lt-LT\"},{\"@type\":\"Organization\",\"@id\":\"https:\/\/senbera.com\/lt\/#organization\",\"name\":\"Mekulo\",\"url\":\"https:\/\/senbera.com\/lt\/\",\"logo\":{\"@type\":\"ImageObject\",\"inLanguage\":\"lt-LT\",\"@id\":\"https:\/\/senbera.com\/lt\/#\/schema\/logo\/image\/\",\"url\":\"https:\/\/senbera.com\/lt\/wp-content\/uploads\/sites\/22\/2025\/12\/favicon_mekulo.png\",\"contentUrl\":\"https:\/\/senbera.com\/lt\/wp-content\/uploads\/sites\/22\/2025\/12\/favicon_mekulo.png\",\"width\":50,\"height\":50,\"caption\":\"Mekulo\"},\"image\":{\"@id\":\"https:\/\/senbera.com\/lt\/#\/schema\/logo\/image\/\"}}]}<\/script>\n<!-- \/ Yoast SEO plugin. -->","yoast_head_json":{"title":"\u0160vei\u010diamoji pir\u0161tin\u0117 - Senbera LT","robots":{"index":"noindex","follow":"follow","max-snippet":"max-snippet:-1","max-image-preview":"max-image-preview:large","max-video-preview":"max-video-preview:-1"},"og_locale":"lt_LT","og_type":"article","og_title":"\u0160vei\u010diamoji pir\u0161tin\u0117 - Senbera LT","og_description":"Pristatome \u0161vei\u010diam\u0105j\u0105 pir\u0161tin\u0119 &#8211; \u0161velni\u0105 ir galing\u0105 pagalbinink\u0119, kad oda b\u016bt\u0173 lygi ir \u0161vari. \u0160variai valo ir \u0161velniai jau\u010diasi. \u0160i [&hellip;]","og_url":"https:\/\/senbera.com\/lt\/produktas\/sveiciamoji-pirstine\/","og_site_name":"Senbera LT","article_modified_time":"2026-01-19T08:22:59+00:00","twitter_card":"summary_large_image","twitter_misc":{"Est. reading time":"1 minut\u0117"},"schema":{"@context":"https:\/\/schema.org","@graph":[{"@type":"WebPage","@id":"https:\/\/senbera.com\/lt\/produktas\/sveiciamoji-pirstine\/","url":"https:\/\/senbera.com\/lt\/produktas\/sveiciamoji-pirstine\/","name":"\u0160vei\u010diamoji pir\u0161tin\u0117 - Senbera LT","isPartOf":{"@id":"https:\/\/senbera.com\/lt\/#website"},"primaryImageOfPage":{"@id":"https:\/\/senbera.com\/lt\/produktas\/sveiciamoji-pirstine\/#primaryimage"},"image":{"@id":"https:\/\/senbera.com\/lt\/produktas\/sveiciamoji-pirstine\/#primaryimage"},"thumbnailUrl":"https:\/\/senbera.com\/lt\/wp-content\/uploads\/sites\/22\/2026\/01\/7yzc45d-1.jpeg","datePublished":"2026-01-19T08:22:50+00:00","dateModified":"2026-01-19T08:22:59+00:00","breadcrumb":{"@id":"https:\/\/senbera.com\/lt\/produktas\/sveiciamoji-pirstine\/#breadcrumb"},"inLanguage":"lt-LT","potentialAction":[{"@type":"ReadAction","target":["https:\/\/senbera.com\/lt\/produktas\/sveiciamoji-pirstine\/"]}]},{"@type":"ImageObject","inLanguage":"lt-LT","@id":"https:\/\/senbera.com\/lt\/produktas\/sveiciamoji-pirstine\/#primaryimage","url":"https:\/\/senbera.com\/lt\/wp-content\/uploads\/sites\/22\/2026\/01\/7yzc45d-1.jpeg","contentUrl":"https:\/\/senbera.com\/lt\/wp-content\/uploads\/sites\/22\/2026\/01\/7yzc45d-1.jpeg","width":800,"height":800},{"@type":"BreadcrumbList","@id":"https:\/\/senbera.com\/lt\/produktas\/sveiciamoji-pirstine\/#breadcrumb","itemListElement":[{"@type":"ListItem","position":1,"name":"Home","item":"https:\/\/senbera.com\/lt\/"},{"@type":"ListItem","position":2,"name":"Katalogas","item":"https:\/\/senbera.com\/lt\/katalogas\/"},{"@type":"ListItem","position":3,"name":"\u0160vei\u010diamoji pir\u0161tin\u0117"}]},{"@type":"WebSite","@id":"https:\/\/senbera.com\/lt\/#website","url":"https:\/\/senbera.com\/lt\/","name":"Senbera LT","description":"","publisher":{"@id":"https:\/\/senbera.com\/lt\/#organization"},"potentialAction":[{"@type":"SearchAction","target":{"@type":"EntryPoint","urlTemplate":"https:\/\/senbera.com\/lt\/?s={search_term_string}"},"query-input":{"@type":"PropertyValueSpecification","valueRequired":true,"valueName":"search_term_string"}}],"inLanguage":"lt-LT"},{"@type":"Organization","@id":"https:\/\/senbera.com\/lt\/#organization","name":"Mekulo","url":"https:\/\/senbera.com\/lt\/","logo":{"@type":"ImageObject","inLanguage":"lt-LT","@id":"https:\/\/senbera.com\/lt\/#\/schema\/logo\/image\/","url":"https:\/\/senbera.com\/lt\/wp-content\/uploads\/sites\/22\/2025\/12\/favicon_mekulo.png","contentUrl":"https:\/\/senbera.com\/lt\/wp-content\/uploads\/sites\/22\/2025\/12\/favicon_mekulo.png","width":50,"height":50,"caption":"Mekulo"},"image":{"@id":"https:\/\/senbera.com\/lt\/#\/schema\/logo\/image\/"}}]}},"_links":{"self":[{"href":"https:\/\/senbera.com\/lt\/wp-json\/wp\/v2\/product\/20743","targetHints":{"allow":["GET"]}}],"collection":[{"href":"https:\/\/senbera.com\/lt\/wp-json\/wp\/v2\/product"}],"about":[{"href":"https:\/\/senbera.com\/lt\/wp-json\/wp\/v2\/types\/product"}],"replies":[{"embeddable":true,"href":"https:\/\/senbera.com\/lt\/wp-json\/wp\/v2\/comments?post=20743"}],"wp:featuredmedia":[{"embeddable":true,"href":"https:\/\/senbera.com\/lt\/wp-json\/wp\/v2\/media\/20739"}],"wp:attachment":[{"href":"https:\/\/senbera.com\/lt\/wp-json\/wp\/v2\/media?parent=20743"}],"wp:term":[{"taxonomy":"product_brand","embeddable":true,"href":"https:\/\/senbera.com\/lt\/wp-json\/wp\/v2\/product_brand?post=20743"},{"taxonomy":"product_cat","embeddable":true,"href":"https:\/\/senbera.com\/lt\/wp-json\/wp\/v2\/product_cat?post=20743"},{"taxonomy":"product_tag","embeddable":true,"href":"https:\/\/senbera.com\/lt\/wp-json\/wp\/v2\/product_tag?post=20743"}],"curies":[{"name":"wp","href":"https:\/\/api.w.org\/{rel}","templated":true}]}}