{"id":20700,"date":"2026-01-19T10:19:33","date_gmt":"2026-01-19T08:19:33","guid":{"rendered":"https:\/\/senbera.com\/lt\/produktas\/plauku-garbanojimo-irankis\/"},"modified":"2026-01-19T10:19:41","modified_gmt":"2026-01-19T08:19:41","slug":"plauku-garbanojimo-irankis","status":"publish","type":"product","link":"https:\/\/senbera.com\/lt\/produktas\/plauku-garbanojimo-irankis\/","title":{"rendered":"Plauk\u0173 garbanojimo \u012frankis"},"content":{"rendered":"<p style=\"text-align: center\"><strong>Pristatome Plauk\u0173 Garbanojimo Rinkin\u012f Be Kar\u0161\u010dio \u2013 Tai \u0160velnus B\u016bdas I\u0161gauti \u0160velnias, \u017dvilgan\u010dias Garbanas Be \u017dalos.<\/strong><\/p>\n<p style=\"text-align: center\"><span style=\"font-weight: 400\">Garbanokite plaukus be kar\u0161\u010dio, lengvai, patogiai ir saugiai visiems plauk\u0173 tipams.<\/span><\/p>\n<p><img decoding=\"async\" class=\"alignnone size-full wp-image-17342 aligncenter\" src=\"https:\/\/keluvo.com\/template\/wp-content\/uploads\/sites\/5\/2025\/05\/CurlingIron-ezgif.com-video-to-webp-converter.webp\" alt=\"\" \/><\/p>\n<h2 style=\"text-align: center\">Pagrindiniai Privalumai<\/h2>\n<p><span style=\"font-weight: 400\">Garbanokite plaukus be kar\u0161\u010dio &#8211; be \u017ealos ir sausumo<\/span><\/p>\n<p><span style=\"font-weight: 400\">Mink\u0161tas ir patogus d\u0117v\u0117ti miegant<\/span><\/p>\n<p><span style=\"font-weight: 400\">Lengva naudoti &#8211; tiesiog apvyniokite ir prisekite prie\u0161 mieg\u0105<\/span><\/p>\n<p><span style=\"font-weight: 400\">Sutaupykite laiko &#8211; pabuskite su paruo\u0161tomis garbanomis<\/span><\/p>\n<p><span style=\"font-weight: 400\">Gerai tinka namams, kelion\u0117ms ar kasdieniam naudojimui<\/span><\/p>\n<p><img decoding=\"async\" class=\"alignnone size-full wp-image-17336 aligncenter\" src=\"https:\/\/keluvo.com\/template\/wp-content\/uploads\/sites\/5\/2025\/05\/S303d837f111a413280dffe494723fcefX.jpg_960x960q75.jpg_.jpeg\" alt=\"\" \/><\/p>\n<h2 style=\"text-align: center\">Pagrindinis Pasi\u016blymas<\/h2>\n<p style=\"text-align: center\"><span style=\"font-weight: 400\">\u0160is garbanojimo rinkinys puikiai tinka visiems, kurie nori gra\u017ei\u0173 garban\u0173 be kar\u0161\u010dio. Tiesiog vakare apvyniokite plaukus aplink mink\u0161t\u0105 lazdel\u0119 ir ryte tur\u0117site gra\u017eias garbanas. Tai saugu, daugkartinio naudojimo ir taip paprasta &#8211; joki\u0173 ki\u0161tuk\u0173, jokio kar\u0161\u010dio, jokio r\u016bpes\u010dio. Puikiai tinka kasdieniam \u0161ukuosen\u0173 formavimui ar ypatingiems renginiams. Taip pat puiki dovana draugams ar \u0161eimos nariams!<\/span><\/p>\n<h2 style=\"text-align: center\">Kaip Naudoti<\/h2>\n<ol>\n<li style=\"font-weight: 400\"><span style=\"font-weight: 400\">\u0160ukomis padalykite \u0161iek tiek dr\u0117gnus plaukus.<\/span><span style=\"font-weight: 400\"><br \/>\n<\/span><\/li>\n<li style=\"font-weight: 400\"><span style=\"font-weight: 400\">Nedideles plauk\u0173 dalis apvyniokite aplink mink\u0161t\u0105 lazdel\u0119.<\/span><span style=\"font-weight: 400\"><br \/>\n<\/span><\/li>\n<li style=\"font-weight: 400\"><span style=\"font-weight: 400\">Kiekvien\u0105 pus\u0119 pritvirtinkite prid\u0117tais plauk\u0173 segtukais.<\/span><span style=\"font-weight: 400\"><br \/>\n<\/span><\/li>\n<li style=\"font-weight: 400\"><span style=\"font-weight: 400\">Naudokite segtuk\u0105, kad pritvirtintum\u0117te per nakt\u012f.<\/span><span style=\"font-weight: 400\"><br \/>\n<\/span><\/li>\n<li style=\"font-weight: 400\"><span style=\"font-weight: 400\">Ryte nuimkite ir m\u0117gaukit\u0117s garbanomis!<\/span><\/li>\n<\/ol>\n<h2 style=\"text-align: center\">Pakuot\u0119 Sudaro<\/h2>\n<ul>\n<li style=\"font-weight: 400\"><span style=\"font-weight: 400\">1x plauk\u0173 garbanojimo priemon\u0117<\/span><\/li>\n<li style=\"font-weight: 400\"><span style=\"font-weight: 400\">2x plauk\u0173 \u017eiedai<\/span><\/li>\n<li style=\"font-weight: 400\"><span style=\"font-weight: 400\">1x plauk\u0173 segtukas.<\/span><\/li>\n<\/ul>\n","protected":false},"excerpt":{"rendered":"<p>Pristatome Plauk\u0173 Garbanojimo Rinkin\u012f Be Kar\u0161\u010dio \u2013 Tai \u0160velnus B\u016bdas I\u0161gauti \u0160velnias, \u017dvilgan\u010dias Garbanas Be \u017dalos. Garbanokite plaukus be kar\u0161\u010dio, [&hellip;]<\/p>\n","protected":false},"featured_media":20696,"comment_status":"open","ping_status":"closed","template":"","meta":{"site-sidebar-layout":"default","site-content-layout":"","ast-site-content-layout":"default","site-content-style":"default","site-sidebar-style":"default","ast-global-header-display":"","ast-banner-title-visibility":"","ast-main-header-display":"","ast-hfb-above-header-display":"","ast-hfb-below-header-display":"","ast-hfb-mobile-header-display":"","site-post-title":"","ast-breadcrumbs-content":"","ast-featured-img":"","footer-sml-layout":"","theme-transparent-header-meta":"default","adv-header-id-meta":"","stick-header-meta":"","header-above-stick-meta":"","header-main-stick-meta":"","header-below-stick-meta":"","astra-migrate-meta-layouts":"set","ast-page-background-enabled":"default","ast-page-background-meta":{"desktop":{"background-color":"var(--ast-global-color-5)","background-image":"","background-repeat":"repeat","background-position":"center center","background-size":"auto","background-attachment":"scroll","background-type":"","background-media":"","overlay-type":"","overlay-color":"","overlay-opacity":"","overlay-gradient":""},"tablet":{"background-color":"","background-image":"","background-repeat":"repeat","background-position":"center center","background-size":"auto","background-attachment":"scroll","background-type":"","background-media":"","overlay-type":"","overlay-color":"","overlay-opacity":"","overlay-gradient":""},"mobile":{"background-color":"","background-image":"","background-repeat":"repeat","background-position":"center center","background-size":"auto","background-attachment":"scroll","background-type":"","background-media":"","overlay-type":"","overlay-color":"","overlay-opacity":"","overlay-gradient":""}},"ast-content-background-meta":{"desktop":{"background-color":"var(--ast-global-color-4)","background-image":"","background-repeat":"repeat","background-position":"center center","background-size":"auto","background-attachment":"scroll","background-type":"","background-media":"","overlay-type":"","overlay-color":"","overlay-opacity":"","overlay-gradient":""},"tablet":{"background-color":"var(--ast-global-color-4)","background-image":"","background-repeat":"repeat","background-position":"center center","background-size":"auto","background-attachment":"scroll","background-type":"","background-media":"","overlay-type":"","overlay-color":"","overlay-opacity":"","overlay-gradient":""},"mobile":{"background-color":"var(--ast-global-color-4)","background-image":"","background-repeat":"repeat","background-position":"center center","background-size":"auto","background-attachment":"scroll","background-type":"","background-media":"","overlay-type":"","overlay-color":"","overlay-opacity":"","overlay-gradient":""}}},"product_brand":[],"product_cat":[15],"product_tag":[],"class_list":{"0":"post-20700","1":"product","2":"type-product","3":"status-publish","4":"has-post-thumbnail","6":"product_cat-be-kategorijos","7":"pa_44367_i4fz2psh-juoda","8":"pa_44367_i4fz2psh-leopardas","9":"pa_44367_i4fz2psh-rozinis","10":"pa_44367_i4fz2psh-sampanas","11":"desktop-align-left","12":"tablet-align-left","13":"mobile-align-left","15":"first","16":"instock","17":"shipping-taxable","18":"purchasable","19":"product-type-variable"},"yoast_head":"<!-- This site is optimized with the Yoast SEO plugin v26.6 - https:\/\/yoast.com\/wordpress\/plugins\/seo\/ -->\n<title>Plauk\u0173 garbanojimo \u012frankis - Senbera LT<\/title>\n<meta name=\"robots\" content=\"noindex, follow, max-snippet:-1, max-image-preview:large, max-video-preview:-1\" \/>\n<meta property=\"og:locale\" content=\"lt_LT\" \/>\n<meta property=\"og:type\" content=\"article\" \/>\n<meta property=\"og:title\" content=\"Plauk\u0173 garbanojimo \u012frankis - Senbera LT\" \/>\n<meta property=\"og:description\" content=\"Pristatome Plauk\u0173 Garbanojimo Rinkin\u012f Be Kar\u0161\u010dio \u2013 Tai \u0160velnus B\u016bdas I\u0161gauti \u0160velnias, \u017dvilgan\u010dias Garbanas Be \u017dalos. Garbanokite plaukus be kar\u0161\u010dio, [&hellip;]\" \/>\n<meta property=\"og:url\" content=\"https:\/\/senbera.com\/lt\/produktas\/plauku-garbanojimo-irankis\/\" \/>\n<meta property=\"og:site_name\" content=\"Senbera LT\" \/>\n<meta property=\"article:modified_time\" content=\"2026-01-19T08:19:41+00:00\" \/>\n<meta property=\"og:image\" content=\"https:\/\/senbera.com\/lt\/wp-content\/uploads\/sites\/22\/2026\/01\/93zzo4q-1.jpeg\" \/>\n\t<meta property=\"og:image:width\" content=\"800\" \/>\n\t<meta property=\"og:image:height\" content=\"800\" \/>\n\t<meta property=\"og:image:type\" content=\"image\/jpeg\" \/>\n<meta name=\"twitter:card\" content=\"summary_large_image\" \/>\n<meta name=\"twitter:label1\" content=\"Est. reading time\" \/>\n\t<meta name=\"twitter:data1\" content=\"2 minut\u0117s\" \/>\n<script type=\"application\/ld+json\" class=\"yoast-schema-graph\">{\"@context\":\"https:\/\/schema.org\",\"@graph\":[{\"@type\":\"WebPage\",\"@id\":\"https:\/\/senbera.com\/lt\/produktas\/plauku-garbanojimo-irankis\/\",\"url\":\"https:\/\/senbera.com\/lt\/produktas\/plauku-garbanojimo-irankis\/\",\"name\":\"Plauk\u0173 garbanojimo \u012frankis - Senbera LT\",\"isPartOf\":{\"@id\":\"https:\/\/senbera.com\/lt\/#website\"},\"primaryImageOfPage\":{\"@id\":\"https:\/\/senbera.com\/lt\/produktas\/plauku-garbanojimo-irankis\/#primaryimage\"},\"image\":{\"@id\":\"https:\/\/senbera.com\/lt\/produktas\/plauku-garbanojimo-irankis\/#primaryimage\"},\"thumbnailUrl\":\"https:\/\/senbera.com\/lt\/wp-content\/uploads\/sites\/22\/2026\/01\/93zzo4q-1.jpeg\",\"datePublished\":\"2026-01-19T08:19:33+00:00\",\"dateModified\":\"2026-01-19T08:19:41+00:00\",\"breadcrumb\":{\"@id\":\"https:\/\/senbera.com\/lt\/produktas\/plauku-garbanojimo-irankis\/#breadcrumb\"},\"inLanguage\":\"lt-LT\",\"potentialAction\":[{\"@type\":\"ReadAction\",\"target\":[\"https:\/\/senbera.com\/lt\/produktas\/plauku-garbanojimo-irankis\/\"]}]},{\"@type\":\"ImageObject\",\"inLanguage\":\"lt-LT\",\"@id\":\"https:\/\/senbera.com\/lt\/produktas\/plauku-garbanojimo-irankis\/#primaryimage\",\"url\":\"https:\/\/senbera.com\/lt\/wp-content\/uploads\/sites\/22\/2026\/01\/93zzo4q-1.jpeg\",\"contentUrl\":\"https:\/\/senbera.com\/lt\/wp-content\/uploads\/sites\/22\/2026\/01\/93zzo4q-1.jpeg\",\"width\":800,\"height\":800},{\"@type\":\"BreadcrumbList\",\"@id\":\"https:\/\/senbera.com\/lt\/produktas\/plauku-garbanojimo-irankis\/#breadcrumb\",\"itemListElement\":[{\"@type\":\"ListItem\",\"position\":1,\"name\":\"Home\",\"item\":\"https:\/\/senbera.com\/lt\/\"},{\"@type\":\"ListItem\",\"position\":2,\"name\":\"Katalogas\",\"item\":\"https:\/\/senbera.com\/lt\/katalogas\/\"},{\"@type\":\"ListItem\",\"position\":3,\"name\":\"Plauk\u0173 garbanojimo \u012frankis\"}]},{\"@type\":\"WebSite\",\"@id\":\"https:\/\/senbera.com\/lt\/#website\",\"url\":\"https:\/\/senbera.com\/lt\/\",\"name\":\"Senbera LT\",\"description\":\"\",\"publisher\":{\"@id\":\"https:\/\/senbera.com\/lt\/#organization\"},\"potentialAction\":[{\"@type\":\"SearchAction\",\"target\":{\"@type\":\"EntryPoint\",\"urlTemplate\":\"https:\/\/senbera.com\/lt\/?s={search_term_string}\"},\"query-input\":{\"@type\":\"PropertyValueSpecification\",\"valueRequired\":true,\"valueName\":\"search_term_string\"}}],\"inLanguage\":\"lt-LT\"},{\"@type\":\"Organization\",\"@id\":\"https:\/\/senbera.com\/lt\/#organization\",\"name\":\"Mekulo\",\"url\":\"https:\/\/senbera.com\/lt\/\",\"logo\":{\"@type\":\"ImageObject\",\"inLanguage\":\"lt-LT\",\"@id\":\"https:\/\/senbera.com\/lt\/#\/schema\/logo\/image\/\",\"url\":\"https:\/\/senbera.com\/lt\/wp-content\/uploads\/sites\/22\/2025\/12\/favicon_mekulo.png\",\"contentUrl\":\"https:\/\/senbera.com\/lt\/wp-content\/uploads\/sites\/22\/2025\/12\/favicon_mekulo.png\",\"width\":50,\"height\":50,\"caption\":\"Mekulo\"},\"image\":{\"@id\":\"https:\/\/senbera.com\/lt\/#\/schema\/logo\/image\/\"}}]}<\/script>\n<!-- \/ Yoast SEO plugin. -->","yoast_head_json":{"title":"Plauk\u0173 garbanojimo \u012frankis - Senbera LT","robots":{"index":"noindex","follow":"follow","max-snippet":"max-snippet:-1","max-image-preview":"max-image-preview:large","max-video-preview":"max-video-preview:-1"},"og_locale":"lt_LT","og_type":"article","og_title":"Plauk\u0173 garbanojimo \u012frankis - Senbera LT","og_description":"Pristatome Plauk\u0173 Garbanojimo Rinkin\u012f Be Kar\u0161\u010dio \u2013 Tai \u0160velnus B\u016bdas I\u0161gauti \u0160velnias, \u017dvilgan\u010dias Garbanas Be \u017dalos. Garbanokite plaukus be kar\u0161\u010dio, [&hellip;]","og_url":"https:\/\/senbera.com\/lt\/produktas\/plauku-garbanojimo-irankis\/","og_site_name":"Senbera LT","article_modified_time":"2026-01-19T08:19:41+00:00","og_image":[{"width":800,"height":800,"url":"https:\/\/senbera.com\/lt\/wp-content\/uploads\/sites\/22\/2026\/01\/93zzo4q-1.jpeg","type":"image\/jpeg"}],"twitter_card":"summary_large_image","twitter_misc":{"Est. reading time":"2 minut\u0117s"},"schema":{"@context":"https:\/\/schema.org","@graph":[{"@type":"WebPage","@id":"https:\/\/senbera.com\/lt\/produktas\/plauku-garbanojimo-irankis\/","url":"https:\/\/senbera.com\/lt\/produktas\/plauku-garbanojimo-irankis\/","name":"Plauk\u0173 garbanojimo \u012frankis - Senbera LT","isPartOf":{"@id":"https:\/\/senbera.com\/lt\/#website"},"primaryImageOfPage":{"@id":"https:\/\/senbera.com\/lt\/produktas\/plauku-garbanojimo-irankis\/#primaryimage"},"image":{"@id":"https:\/\/senbera.com\/lt\/produktas\/plauku-garbanojimo-irankis\/#primaryimage"},"thumbnailUrl":"https:\/\/senbera.com\/lt\/wp-content\/uploads\/sites\/22\/2026\/01\/93zzo4q-1.jpeg","datePublished":"2026-01-19T08:19:33+00:00","dateModified":"2026-01-19T08:19:41+00:00","breadcrumb":{"@id":"https:\/\/senbera.com\/lt\/produktas\/plauku-garbanojimo-irankis\/#breadcrumb"},"inLanguage":"lt-LT","potentialAction":[{"@type":"ReadAction","target":["https:\/\/senbera.com\/lt\/produktas\/plauku-garbanojimo-irankis\/"]}]},{"@type":"ImageObject","inLanguage":"lt-LT","@id":"https:\/\/senbera.com\/lt\/produktas\/plauku-garbanojimo-irankis\/#primaryimage","url":"https:\/\/senbera.com\/lt\/wp-content\/uploads\/sites\/22\/2026\/01\/93zzo4q-1.jpeg","contentUrl":"https:\/\/senbera.com\/lt\/wp-content\/uploads\/sites\/22\/2026\/01\/93zzo4q-1.jpeg","width":800,"height":800},{"@type":"BreadcrumbList","@id":"https:\/\/senbera.com\/lt\/produktas\/plauku-garbanojimo-irankis\/#breadcrumb","itemListElement":[{"@type":"ListItem","position":1,"name":"Home","item":"https:\/\/senbera.com\/lt\/"},{"@type":"ListItem","position":2,"name":"Katalogas","item":"https:\/\/senbera.com\/lt\/katalogas\/"},{"@type":"ListItem","position":3,"name":"Plauk\u0173 garbanojimo \u012frankis"}]},{"@type":"WebSite","@id":"https:\/\/senbera.com\/lt\/#website","url":"https:\/\/senbera.com\/lt\/","name":"Senbera LT","description":"","publisher":{"@id":"https:\/\/senbera.com\/lt\/#organization"},"potentialAction":[{"@type":"SearchAction","target":{"@type":"EntryPoint","urlTemplate":"https:\/\/senbera.com\/lt\/?s={search_term_string}"},"query-input":{"@type":"PropertyValueSpecification","valueRequired":true,"valueName":"search_term_string"}}],"inLanguage":"lt-LT"},{"@type":"Organization","@id":"https:\/\/senbera.com\/lt\/#organization","name":"Mekulo","url":"https:\/\/senbera.com\/lt\/","logo":{"@type":"ImageObject","inLanguage":"lt-LT","@id":"https:\/\/senbera.com\/lt\/#\/schema\/logo\/image\/","url":"https:\/\/senbera.com\/lt\/wp-content\/uploads\/sites\/22\/2025\/12\/favicon_mekulo.png","contentUrl":"https:\/\/senbera.com\/lt\/wp-content\/uploads\/sites\/22\/2025\/12\/favicon_mekulo.png","width":50,"height":50,"caption":"Mekulo"},"image":{"@id":"https:\/\/senbera.com\/lt\/#\/schema\/logo\/image\/"}}]}},"_links":{"self":[{"href":"https:\/\/senbera.com\/lt\/wp-json\/wp\/v2\/product\/20700","targetHints":{"allow":["GET"]}}],"collection":[{"href":"https:\/\/senbera.com\/lt\/wp-json\/wp\/v2\/product"}],"about":[{"href":"https:\/\/senbera.com\/lt\/wp-json\/wp\/v2\/types\/product"}],"replies":[{"embeddable":true,"href":"https:\/\/senbera.com\/lt\/wp-json\/wp\/v2\/comments?post=20700"}],"wp:featuredmedia":[{"embeddable":true,"href":"https:\/\/senbera.com\/lt\/wp-json\/wp\/v2\/media\/20696"}],"wp:attachment":[{"href":"https:\/\/senbera.com\/lt\/wp-json\/wp\/v2\/media?parent=20700"}],"wp:term":[{"taxonomy":"product_brand","embeddable":true,"href":"https:\/\/senbera.com\/lt\/wp-json\/wp\/v2\/product_brand?post=20700"},{"taxonomy":"product_cat","embeddable":true,"href":"https:\/\/senbera.com\/lt\/wp-json\/wp\/v2\/product_cat?post=20700"},{"taxonomy":"product_tag","embeddable":true,"href":"https:\/\/senbera.com\/lt\/wp-json\/wp\/v2\/product_tag?post=20700"}],"curies":[{"name":"wp","href":"https:\/\/api.w.org\/{rel}","templated":true}]}}