{"id":20551,"date":"2026-01-19T10:11:19","date_gmt":"2026-01-19T08:11:19","guid":{"rendered":"https:\/\/senbera.com\/lt\/produktas\/muzikinis-puodelis\/"},"modified":"2026-01-19T10:11:50","modified_gmt":"2026-01-19T08:11:50","slug":"muzikinis-puodelis","status":"publish","type":"product","link":"https:\/\/senbera.com\/lt\/produktas\/muzikinis-puodelis\/","title":{"rendered":"Muzikinis puodelis"},"content":{"rendered":"<p style=\"text-align: center\"><span style=\"font-weight: 400\">\u2615<strong>Pristatome Muzikin\u012f Puodel\u012f \u2013 Linksm\u0105 B\u016bd\u0105 Gurk\u0161noti Ir \u0160ypsotis Kiekvien\u0105 Dien\u0105.<\/strong>\ud83c\udfbb<\/span><\/p>\n<p style=\"text-align: center\"><span style=\"font-weight: 400\">Gerkite stilingai. \u0160is \u0161aunus puodelis turi smagi\u0105 muzikos instrumento formos ranken\u0117l\u0119 &#8211; puikiai tinka muzikos myl\u0117tojams.<\/span><\/p>\n<p><img decoding=\"async\" class=\"size-full wp-image-17221 aligncenter\" src=\"https:\/\/keluvo.com\/template\/wp-content\/uploads\/sites\/5\/2025\/05\/c1e6f602-6b63-4a20-84a4-951b9528e8a9.webp\" alt=\"\" \/><\/p>\n<h2 style=\"text-align: center\">Pagrindiniai Privalumai \ud83c\udfb6<\/h2>\n<p><span style=\"font-weight: 400\">Tinka kavai, arbatai ar bet kokiam kitam g\u0117rimui<\/span><\/p>\n<p><span style=\"font-weight: 400\">Padarys j\u016bs\u0173 dien\u0105 \u0161viesesn\u0119 d\u0117l smagi\u0173 muzikos vibracij\u0173<\/span><\/p>\n<p><span style=\"font-weight: 400\">Tvirtas ir saugus &#8211; pagamintas i\u0161 auk\u0161tos kokyb\u0117s keramikos<\/span><\/p>\n<p><span style=\"font-weight: 400\">Pateikiamas smagi\u0173 stili\u0173 &#8211; galite rinktis i\u0161 14 skirting\u0173 muzikos instrument\u0173<\/span><\/p>\n<p><span style=\"font-weight: 400\">Gera dovana draugams, muzikantams ir muzikos gerb\u0117jams<\/span><\/p>\n<p><img decoding=\"async\" class=\"size-full wp-image-17223 aligncenter\" src=\"https:\/\/keluvo.com\/template\/wp-content\/uploads\/sites\/5\/2025\/05\/6b0ad4fb-83d7-4e48-8107-e107537d660f.webp\" alt=\"\" \/><\/p>\n<h2 style=\"text-align: center\">Pagrindinis Pasi\u016blymas <span style=\"font-weight: 400\">\u2615<\/span><\/h2>\n<p style=\"text-align: center\"><span style=\"font-weight: 400\">\u0160is puodelis skirtas ne tik g\u0117rimams &#8211; tai ma\u017ea dalel\u0117 d\u017eiaugsmo! Nesvarbu, ar esate muzikos myl\u0117tojas, ar tiesiog norite smagaus puodelio, \u0161is puodelis skirtas jums. Su muzikini\u0173 nat\u0173 atspaudais ir specialia ranken\u0117le jis suteiks energijos ir \u0161ypsen\u0173 j\u016bs\u0173 dienai. Puikiai tinka rytams, atpalaiduojantiems vakarams ar linksmoms dovanoms.<\/span><\/p>\n<h2 style=\"text-align: center\">\ud83d\udce6 Pakuot\u0119 Sudaro<\/h2>\n<ul>\n<li style=\"font-weight: 400\"><span style=\"font-weight: 400\">1x keraminis muzikinis puodelis (300 ml).<\/span><\/li>\n<\/ul>\n","protected":false},"excerpt":{"rendered":"<p>\u2615Pristatome Muzikin\u012f Puodel\u012f \u2013 Linksm\u0105 B\u016bd\u0105 Gurk\u0161noti Ir \u0160ypsotis Kiekvien\u0105 Dien\u0105.\ud83c\udfbb Gerkite stilingai. \u0160is \u0161aunus puodelis turi smagi\u0105 muzikos instrumento [&hellip;]<\/p>\n","protected":false},"featured_media":20547,"comment_status":"open","ping_status":"closed","template":"","meta":{"site-sidebar-layout":"default","site-content-layout":"","ast-site-content-layout":"default","site-content-style":"default","site-sidebar-style":"default","ast-global-header-display":"","ast-banner-title-visibility":"","ast-main-header-display":"","ast-hfb-above-header-display":"","ast-hfb-below-header-display":"","ast-hfb-mobile-header-display":"","site-post-title":"","ast-breadcrumbs-content":"","ast-featured-img":"","footer-sml-layout":"","theme-transparent-header-meta":"default","adv-header-id-meta":"","stick-header-meta":"","header-above-stick-meta":"","header-main-stick-meta":"","header-below-stick-meta":"","astra-migrate-meta-layouts":"set","ast-page-background-enabled":"default","ast-page-background-meta":{"desktop":{"background-color":"var(--ast-global-color-5)","background-image":"","background-repeat":"repeat","background-position":"center center","background-size":"auto","background-attachment":"scroll","background-type":"","background-media":"","overlay-type":"","overlay-color":"","overlay-opacity":"","overlay-gradient":""},"tablet":{"background-color":"","background-image":"","background-repeat":"repeat","background-position":"center center","background-size":"auto","background-attachment":"scroll","background-type":"","background-media":"","overlay-type":"","overlay-color":"","overlay-opacity":"","overlay-gradient":""},"mobile":{"background-color":"","background-image":"","background-repeat":"repeat","background-position":"center center","background-size":"auto","background-attachment":"scroll","background-type":"","background-media":"","overlay-type":"","overlay-color":"","overlay-opacity":"","overlay-gradient":""}},"ast-content-background-meta":{"desktop":{"background-color":"var(--ast-global-color-4)","background-image":"","background-repeat":"repeat","background-position":"center center","background-size":"auto","background-attachment":"scroll","background-type":"","background-media":"","overlay-type":"","overlay-color":"","overlay-opacity":"","overlay-gradient":""},"tablet":{"background-color":"var(--ast-global-color-4)","background-image":"","background-repeat":"repeat","background-position":"center center","background-size":"auto","background-attachment":"scroll","background-type":"","background-media":"","overlay-type":"","overlay-color":"","overlay-opacity":"","overlay-gradient":""},"mobile":{"background-color":"var(--ast-global-color-4)","background-image":"","background-repeat":"repeat","background-position":"center center","background-size":"auto","background-attachment":"scroll","background-type":"","background-media":"","overlay-type":"","overlay-color":"","overlay-opacity":"","overlay-gradient":""}}},"product_brand":[],"product_cat":[15],"product_tag":[],"class_list":{"0":"post-20551","1":"product","2":"type-product","3":"status-publish","4":"has-post-thumbnail","6":"product_cat-be-kategorijos","7":"pa_41909_6w0x7y9c-a","8":"pa_41909_6w0x7y9c-b","9":"pa_41909_6w0x7y9c-c","10":"pa_41909_6w0x7y9c-d","11":"pa_41909_6w0x7y9c-e","12":"pa_41909_6w0x7y9c-f","13":"pa_41909_6w0x7y9c-g","14":"pa_41909_6w0x7y9c-h","15":"pa_41909_6w0x7y9c-i","16":"pa_41909_6w0x7y9c-j","17":"pa_41909_6w0x7y9c-k","18":"pa_41909_6w0x7y9c-l","19":"pa_41909_6w0x7y9c-m","20":"pa_41909_6w0x7y9c-n","21":"desktop-align-left","22":"tablet-align-left","23":"mobile-align-left","25":"first","26":"instock","27":"shipping-taxable","28":"purchasable","29":"product-type-variable"},"yoast_head":"<!-- This site is optimized with the Yoast SEO plugin v26.6 - https:\/\/yoast.com\/wordpress\/plugins\/seo\/ -->\n<title>Muzikinis puodelis - Senbera LT<\/title>\n<meta name=\"robots\" content=\"noindex, follow, max-snippet:-1, max-image-preview:large, max-video-preview:-1\" \/>\n<meta property=\"og:locale\" content=\"lt_LT\" \/>\n<meta property=\"og:type\" content=\"article\" \/>\n<meta property=\"og:title\" content=\"Muzikinis puodelis - Senbera LT\" \/>\n<meta property=\"og:description\" content=\"\u2615Pristatome Muzikin\u012f Puodel\u012f \u2013 Linksm\u0105 B\u016bd\u0105 Gurk\u0161noti Ir \u0160ypsotis Kiekvien\u0105 Dien\u0105.\ud83c\udfbb Gerkite stilingai. \u0160is \u0161aunus puodelis turi smagi\u0105 muzikos instrumento [&hellip;]\" \/>\n<meta property=\"og:url\" content=\"https:\/\/senbera.com\/lt\/produktas\/muzikinis-puodelis\/\" \/>\n<meta property=\"og:site_name\" content=\"Senbera LT\" \/>\n<meta property=\"article:modified_time\" content=\"2026-01-19T08:11:50+00:00\" \/>\n<meta name=\"twitter:card\" content=\"summary_large_image\" \/>\n<meta name=\"twitter:label1\" content=\"Est. reading time\" \/>\n\t<meta name=\"twitter:data1\" content=\"1 minut\u0117\" \/>\n<script type=\"application\/ld+json\" class=\"yoast-schema-graph\">{\"@context\":\"https:\/\/schema.org\",\"@graph\":[{\"@type\":\"WebPage\",\"@id\":\"https:\/\/senbera.com\/lt\/produktas\/muzikinis-puodelis\/\",\"url\":\"https:\/\/senbera.com\/lt\/produktas\/muzikinis-puodelis\/\",\"name\":\"Muzikinis puodelis - Senbera LT\",\"isPartOf\":{\"@id\":\"https:\/\/senbera.com\/lt\/#website\"},\"primaryImageOfPage\":{\"@id\":\"https:\/\/senbera.com\/lt\/produktas\/muzikinis-puodelis\/#primaryimage\"},\"image\":{\"@id\":\"https:\/\/senbera.com\/lt\/produktas\/muzikinis-puodelis\/#primaryimage\"},\"thumbnailUrl\":\"https:\/\/senbera.com\/lt\/wp-content\/uploads\/sites\/22\/2026\/01\/305x8jn-1.jpg\",\"datePublished\":\"2026-01-19T08:11:19+00:00\",\"dateModified\":\"2026-01-19T08:11:50+00:00\",\"breadcrumb\":{\"@id\":\"https:\/\/senbera.com\/lt\/produktas\/muzikinis-puodelis\/#breadcrumb\"},\"inLanguage\":\"lt-LT\",\"potentialAction\":[{\"@type\":\"ReadAction\",\"target\":[\"https:\/\/senbera.com\/lt\/produktas\/muzikinis-puodelis\/\"]}]},{\"@type\":\"ImageObject\",\"inLanguage\":\"lt-LT\",\"@id\":\"https:\/\/senbera.com\/lt\/produktas\/muzikinis-puodelis\/#primaryimage\",\"url\":\"https:\/\/senbera.com\/lt\/wp-content\/uploads\/sites\/22\/2026\/01\/305x8jn-1.jpg\",\"contentUrl\":\"https:\/\/senbera.com\/lt\/wp-content\/uploads\/sites\/22\/2026\/01\/305x8jn-1.jpg\",\"width\":800,\"height\":800},{\"@type\":\"BreadcrumbList\",\"@id\":\"https:\/\/senbera.com\/lt\/produktas\/muzikinis-puodelis\/#breadcrumb\",\"itemListElement\":[{\"@type\":\"ListItem\",\"position\":1,\"name\":\"Home\",\"item\":\"https:\/\/senbera.com\/lt\/\"},{\"@type\":\"ListItem\",\"position\":2,\"name\":\"Katalogas\",\"item\":\"https:\/\/senbera.com\/lt\/katalogas\/\"},{\"@type\":\"ListItem\",\"position\":3,\"name\":\"Muzikinis puodelis\"}]},{\"@type\":\"WebSite\",\"@id\":\"https:\/\/senbera.com\/lt\/#website\",\"url\":\"https:\/\/senbera.com\/lt\/\",\"name\":\"Senbera LT\",\"description\":\"\",\"publisher\":{\"@id\":\"https:\/\/senbera.com\/lt\/#organization\"},\"potentialAction\":[{\"@type\":\"SearchAction\",\"target\":{\"@type\":\"EntryPoint\",\"urlTemplate\":\"https:\/\/senbera.com\/lt\/?s={search_term_string}\"},\"query-input\":{\"@type\":\"PropertyValueSpecification\",\"valueRequired\":true,\"valueName\":\"search_term_string\"}}],\"inLanguage\":\"lt-LT\"},{\"@type\":\"Organization\",\"@id\":\"https:\/\/senbera.com\/lt\/#organization\",\"name\":\"Mekulo\",\"url\":\"https:\/\/senbera.com\/lt\/\",\"logo\":{\"@type\":\"ImageObject\",\"inLanguage\":\"lt-LT\",\"@id\":\"https:\/\/senbera.com\/lt\/#\/schema\/logo\/image\/\",\"url\":\"https:\/\/senbera.com\/lt\/wp-content\/uploads\/sites\/22\/2025\/12\/favicon_mekulo.png\",\"contentUrl\":\"https:\/\/senbera.com\/lt\/wp-content\/uploads\/sites\/22\/2025\/12\/favicon_mekulo.png\",\"width\":50,\"height\":50,\"caption\":\"Mekulo\"},\"image\":{\"@id\":\"https:\/\/senbera.com\/lt\/#\/schema\/logo\/image\/\"}}]}<\/script>\n<!-- \/ Yoast SEO plugin. -->","yoast_head_json":{"title":"Muzikinis puodelis - Senbera LT","robots":{"index":"noindex","follow":"follow","max-snippet":"max-snippet:-1","max-image-preview":"max-image-preview:large","max-video-preview":"max-video-preview:-1"},"og_locale":"lt_LT","og_type":"article","og_title":"Muzikinis puodelis - Senbera LT","og_description":"\u2615Pristatome Muzikin\u012f Puodel\u012f \u2013 Linksm\u0105 B\u016bd\u0105 Gurk\u0161noti Ir \u0160ypsotis Kiekvien\u0105 Dien\u0105.\ud83c\udfbb Gerkite stilingai. \u0160is \u0161aunus puodelis turi smagi\u0105 muzikos instrumento [&hellip;]","og_url":"https:\/\/senbera.com\/lt\/produktas\/muzikinis-puodelis\/","og_site_name":"Senbera LT","article_modified_time":"2026-01-19T08:11:50+00:00","twitter_card":"summary_large_image","twitter_misc":{"Est. reading time":"1 minut\u0117"},"schema":{"@context":"https:\/\/schema.org","@graph":[{"@type":"WebPage","@id":"https:\/\/senbera.com\/lt\/produktas\/muzikinis-puodelis\/","url":"https:\/\/senbera.com\/lt\/produktas\/muzikinis-puodelis\/","name":"Muzikinis puodelis - Senbera LT","isPartOf":{"@id":"https:\/\/senbera.com\/lt\/#website"},"primaryImageOfPage":{"@id":"https:\/\/senbera.com\/lt\/produktas\/muzikinis-puodelis\/#primaryimage"},"image":{"@id":"https:\/\/senbera.com\/lt\/produktas\/muzikinis-puodelis\/#primaryimage"},"thumbnailUrl":"https:\/\/senbera.com\/lt\/wp-content\/uploads\/sites\/22\/2026\/01\/305x8jn-1.jpg","datePublished":"2026-01-19T08:11:19+00:00","dateModified":"2026-01-19T08:11:50+00:00","breadcrumb":{"@id":"https:\/\/senbera.com\/lt\/produktas\/muzikinis-puodelis\/#breadcrumb"},"inLanguage":"lt-LT","potentialAction":[{"@type":"ReadAction","target":["https:\/\/senbera.com\/lt\/produktas\/muzikinis-puodelis\/"]}]},{"@type":"ImageObject","inLanguage":"lt-LT","@id":"https:\/\/senbera.com\/lt\/produktas\/muzikinis-puodelis\/#primaryimage","url":"https:\/\/senbera.com\/lt\/wp-content\/uploads\/sites\/22\/2026\/01\/305x8jn-1.jpg","contentUrl":"https:\/\/senbera.com\/lt\/wp-content\/uploads\/sites\/22\/2026\/01\/305x8jn-1.jpg","width":800,"height":800},{"@type":"BreadcrumbList","@id":"https:\/\/senbera.com\/lt\/produktas\/muzikinis-puodelis\/#breadcrumb","itemListElement":[{"@type":"ListItem","position":1,"name":"Home","item":"https:\/\/senbera.com\/lt\/"},{"@type":"ListItem","position":2,"name":"Katalogas","item":"https:\/\/senbera.com\/lt\/katalogas\/"},{"@type":"ListItem","position":3,"name":"Muzikinis puodelis"}]},{"@type":"WebSite","@id":"https:\/\/senbera.com\/lt\/#website","url":"https:\/\/senbera.com\/lt\/","name":"Senbera LT","description":"","publisher":{"@id":"https:\/\/senbera.com\/lt\/#organization"},"potentialAction":[{"@type":"SearchAction","target":{"@type":"EntryPoint","urlTemplate":"https:\/\/senbera.com\/lt\/?s={search_term_string}"},"query-input":{"@type":"PropertyValueSpecification","valueRequired":true,"valueName":"search_term_string"}}],"inLanguage":"lt-LT"},{"@type":"Organization","@id":"https:\/\/senbera.com\/lt\/#organization","name":"Mekulo","url":"https:\/\/senbera.com\/lt\/","logo":{"@type":"ImageObject","inLanguage":"lt-LT","@id":"https:\/\/senbera.com\/lt\/#\/schema\/logo\/image\/","url":"https:\/\/senbera.com\/lt\/wp-content\/uploads\/sites\/22\/2025\/12\/favicon_mekulo.png","contentUrl":"https:\/\/senbera.com\/lt\/wp-content\/uploads\/sites\/22\/2025\/12\/favicon_mekulo.png","width":50,"height":50,"caption":"Mekulo"},"image":{"@id":"https:\/\/senbera.com\/lt\/#\/schema\/logo\/image\/"}}]}},"_links":{"self":[{"href":"https:\/\/senbera.com\/lt\/wp-json\/wp\/v2\/product\/20551","targetHints":{"allow":["GET"]}}],"collection":[{"href":"https:\/\/senbera.com\/lt\/wp-json\/wp\/v2\/product"}],"about":[{"href":"https:\/\/senbera.com\/lt\/wp-json\/wp\/v2\/types\/product"}],"replies":[{"embeddable":true,"href":"https:\/\/senbera.com\/lt\/wp-json\/wp\/v2\/comments?post=20551"}],"wp:featuredmedia":[{"embeddable":true,"href":"https:\/\/senbera.com\/lt\/wp-json\/wp\/v2\/media\/20547"}],"wp:attachment":[{"href":"https:\/\/senbera.com\/lt\/wp-json\/wp\/v2\/media?parent=20551"}],"wp:term":[{"taxonomy":"product_brand","embeddable":true,"href":"https:\/\/senbera.com\/lt\/wp-json\/wp\/v2\/product_brand?post=20551"},{"taxonomy":"product_cat","embeddable":true,"href":"https:\/\/senbera.com\/lt\/wp-json\/wp\/v2\/product_cat?post=20551"},{"taxonomy":"product_tag","embeddable":true,"href":"https:\/\/senbera.com\/lt\/wp-json\/wp\/v2\/product_tag?post=20551"}],"curies":[{"name":"wp","href":"https:\/\/api.w.org\/{rel}","templated":true}]}}