{"id":20542,"date":"2026-01-19T10:10:05","date_gmt":"2026-01-19T08:10:05","guid":{"rendered":"https:\/\/senbera.com\/lt\/produktas\/desru-gaminimo-irenginys\/"},"modified":"2026-01-19T10:10:05","modified_gmt":"2026-01-19T08:10:05","slug":"desru-gaminimo-irenginys","status":"publish","type":"product","link":"https:\/\/senbera.com\/lt\/produktas\/desru-gaminimo-irenginys\/","title":{"rendered":"De\u0161r\u0173 gaminimo \u012frenginys"},"content":{"rendered":"<p style=\"text-align: center\"><b>\ud83c\udf2dPristatykite de\u0161raini\u0173 gaminimo aparat\u0105 &#8211; paprast\u0105 \u012frank\u012f \u0161vie\u017eioms ir skanioms de\u0161rel\u0117ms namuose gaminti.\ud83d\udc69\u200d\ud83c\udf73<\/b><b><br \/>\n<\/b><\/p>\n<p style=\"text-align: center\"><span style=\"font-weight: 400\">Make de\u0161rel\u0117s greitai, be netvarkos, be streso &#8211; tik \u0161vie\u017eia m\u0117sa, paprasti \u017eingsniai ir malonumas visiems.<\/span><\/p>\n<p><img decoding=\"async\" class=\"size-full wp-image-17206 aligncenter\" src=\"https:\/\/keluvo.com\/template\/wp-content\/uploads\/sites\/5\/2025\/05\/sausage-ezgif.com-video-to-webp-converter.webp\" alt=\"\" \/><\/p>\n<h2 style=\"text-align: center\">Pagrindiniai Privalumai<\/h2>\n<p><span style=\"font-weight: 400\">Saugus naudoti &#8211; pagamintas i\u0161 maistinio ner\u016bdijan\u010dio plieno<\/span><\/p>\n<p><span style=\"font-weight: 400\">Lengva spausti ir greitai pripildyti de\u0161reles<\/span><\/p>\n<p><span style=\"font-weight: 400\">Neslysta &#8211; lieka vietoje, kol dirbate<\/span><\/p>\n<p><span style=\"font-weight: 400\">\u017daismingas u\u017esi\u0117mimas \u0161vent\u0117ms ir \u0161eimos valgiams<\/span><\/p>\n<p><span style=\"font-weight: 400\">Pateikiama su 5 dyd\u017ei\u0173 vamzdeliais vis\u0173 tip\u0173 sausages<\/span><\/p>\n<p><img decoding=\"async\" class=\"size-full wp-image-17211 aligncenter\" src=\"https:\/\/keluvo.com\/template\/wp-content\/uploads\/sites\/5\/2025\/05\/2545a3b5-8c1b-4d42-b0ce-9a691796c09d.webp\" alt=\"\" \/><\/p>\n<h2 style=\"text-align: center\">\ud83d\udc68\u200d\ud83c\udf73Main Pasi\u016blymas<\/h2>\n<p style=\"text-align: center\"><span style=\"font-weight: 400\">\u0160i de\u0161reli\u0173 gaminimo ma\u0161ina pad\u0117s jums per kelias minutes sukurti \u0161vie\u017eias, namines de\u0161reles. Tiesiog \u012fd\u0117kite m\u0117gstamos m\u0117sos, paspauskite ir m\u0117gaukit\u0117s! Jis stiprus, saugus ir puikiai tinka \u0161eimos pramogoms ar ypatingiems renginiams. Tur\u0117dami 5 antgali\u0173 dyd\u017eius, galite gaminti liesas de\u0161reles arba dideles, sultingas de\u0161reles. Nebereikia pirkti de\u0161reli\u0173 i\u0161 parduotuv\u0117s &#8211; dabar galite pasigaminti savo!<\/span><\/p>\n<h2 style=\"text-align: center\">\ud83d\udce6Pakuot\u0119 Sudaro<\/h2>\n<ul>\n<li style=\"font-weight: 400\"><span style=\"font-weight: 400\">1x de\u0161reli\u0173 kim\u0161imo aparatas.<\/span><\/li>\n<li style=\"font-weight: 400\"><span style=\"font-weight: 400\">4x de\u0161reli\u0173 kim\u0161imo antgaliai.<\/span><\/li>\n<\/ul>\n","protected":false},"excerpt":{"rendered":"<p>\ud83c\udf2dPristatykite de\u0161raini\u0173 gaminimo aparat\u0105 &#8211; paprast\u0105 \u012frank\u012f \u0161vie\u017eioms ir skanioms de\u0161rel\u0117ms namuose gaminti.\ud83d\udc69\u200d\ud83c\udf73 Make de\u0161rel\u0117s greitai, be netvarkos, be streso [&hellip;]<\/p>\n","protected":false},"featured_media":20538,"comment_status":"open","ping_status":"closed","template":"","meta":{"site-sidebar-layout":"default","site-content-layout":"","ast-site-content-layout":"default","site-content-style":"default","site-sidebar-style":"default","ast-global-header-display":"","ast-banner-title-visibility":"","ast-main-header-display":"","ast-hfb-above-header-display":"","ast-hfb-below-header-display":"","ast-hfb-mobile-header-display":"","site-post-title":"","ast-breadcrumbs-content":"","ast-featured-img":"","footer-sml-layout":"","theme-transparent-header-meta":"default","adv-header-id-meta":"","stick-header-meta":"","header-above-stick-meta":"","header-main-stick-meta":"","header-below-stick-meta":"","astra-migrate-meta-layouts":"set","ast-page-background-enabled":"default","ast-page-background-meta":{"desktop":{"background-color":"var(--ast-global-color-5)","background-image":"","background-repeat":"repeat","background-position":"center center","background-size":"auto","background-attachment":"scroll","background-type":"","background-media":"","overlay-type":"","overlay-color":"","overlay-opacity":"","overlay-gradient":""},"tablet":{"background-color":"","background-image":"","background-repeat":"repeat","background-position":"center center","background-size":"auto","background-attachment":"scroll","background-type":"","background-media":"","overlay-type":"","overlay-color":"","overlay-opacity":"","overlay-gradient":""},"mobile":{"background-color":"","background-image":"","background-repeat":"repeat","background-position":"center center","background-size":"auto","background-attachment":"scroll","background-type":"","background-media":"","overlay-type":"","overlay-color":"","overlay-opacity":"","overlay-gradient":""}},"ast-content-background-meta":{"desktop":{"background-color":"var(--ast-global-color-4)","background-image":"","background-repeat":"repeat","background-position":"center center","background-size":"auto","background-attachment":"scroll","background-type":"","background-media":"","overlay-type":"","overlay-color":"","overlay-opacity":"","overlay-gradient":""},"tablet":{"background-color":"var(--ast-global-color-4)","background-image":"","background-repeat":"repeat","background-position":"center center","background-size":"auto","background-attachment":"scroll","background-type":"","background-media":"","overlay-type":"","overlay-color":"","overlay-opacity":"","overlay-gradient":""},"mobile":{"background-color":"var(--ast-global-color-4)","background-image":"","background-repeat":"repeat","background-position":"center center","background-size":"auto","background-attachment":"scroll","background-type":"","background-media":"","overlay-type":"","overlay-color":"","overlay-opacity":"","overlay-gradient":""}}},"product_brand":[],"product_cat":[15],"product_tag":[],"class_list":{"0":"post-20542","1":"product","2":"type-product","3":"status-publish","4":"has-post-thumbnail","6":"product_cat-be-kategorijos","7":"pa_32277_bkdsb2lb-a","8":"pa_32277_bkdsb2lb-b","9":"desktop-align-left","10":"tablet-align-left","11":"mobile-align-left","13":"first","14":"instock","15":"shipping-taxable","16":"purchasable","17":"product-type-simple"},"yoast_head":"<!-- This site is optimized with the Yoast SEO plugin v26.6 - https:\/\/yoast.com\/wordpress\/plugins\/seo\/ -->\n<title>De\u0161r\u0173 gaminimo \u012frenginys - Senbera LT<\/title>\n<meta name=\"robots\" content=\"noindex, follow, max-snippet:-1, max-image-preview:large, max-video-preview:-1\" \/>\n<meta property=\"og:locale\" content=\"lt_LT\" \/>\n<meta property=\"og:type\" content=\"article\" \/>\n<meta property=\"og:title\" content=\"De\u0161r\u0173 gaminimo \u012frenginys - Senbera LT\" \/>\n<meta property=\"og:description\" content=\"\ud83c\udf2dPristatykite de\u0161raini\u0173 gaminimo aparat\u0105 &#8211; paprast\u0105 \u012frank\u012f \u0161vie\u017eioms ir skanioms de\u0161rel\u0117ms namuose gaminti.\ud83d\udc69\u200d\ud83c\udf73 Make de\u0161rel\u0117s greitai, be netvarkos, be streso [&hellip;]\" \/>\n<meta property=\"og:url\" content=\"https:\/\/senbera.com\/lt\/produktas\/desru-gaminimo-irenginys\/\" \/>\n<meta property=\"og:site_name\" content=\"Senbera LT\" \/>\n<meta name=\"twitter:card\" content=\"summary_large_image\" \/>\n<meta name=\"twitter:label1\" content=\"Est. reading time\" \/>\n\t<meta name=\"twitter:data1\" content=\"1 minut\u0117\" \/>\n<script type=\"application\/ld+json\" class=\"yoast-schema-graph\">{\"@context\":\"https:\/\/schema.org\",\"@graph\":[{\"@type\":\"WebPage\",\"@id\":\"https:\/\/senbera.com\/lt\/produktas\/desru-gaminimo-irenginys\/\",\"url\":\"https:\/\/senbera.com\/lt\/produktas\/desru-gaminimo-irenginys\/\",\"name\":\"De\u0161r\u0173 gaminimo \u012frenginys - Senbera LT\",\"isPartOf\":{\"@id\":\"https:\/\/senbera.com\/lt\/#website\"},\"primaryImageOfPage\":{\"@id\":\"https:\/\/senbera.com\/lt\/produktas\/desru-gaminimo-irenginys\/#primaryimage\"},\"image\":{\"@id\":\"https:\/\/senbera.com\/lt\/produktas\/desru-gaminimo-irenginys\/#primaryimage\"},\"thumbnailUrl\":\"https:\/\/senbera.com\/lt\/wp-content\/uploads\/sites\/22\/2026\/01\/dqz6y20-1.jpg\",\"datePublished\":\"2026-01-19T08:10:05+00:00\",\"breadcrumb\":{\"@id\":\"https:\/\/senbera.com\/lt\/produktas\/desru-gaminimo-irenginys\/#breadcrumb\"},\"inLanguage\":\"lt-LT\",\"potentialAction\":[{\"@type\":\"ReadAction\",\"target\":[\"https:\/\/senbera.com\/lt\/produktas\/desru-gaminimo-irenginys\/\"]}]},{\"@type\":\"ImageObject\",\"inLanguage\":\"lt-LT\",\"@id\":\"https:\/\/senbera.com\/lt\/produktas\/desru-gaminimo-irenginys\/#primaryimage\",\"url\":\"https:\/\/senbera.com\/lt\/wp-content\/uploads\/sites\/22\/2026\/01\/dqz6y20-1.jpg\",\"contentUrl\":\"https:\/\/senbera.com\/lt\/wp-content\/uploads\/sites\/22\/2026\/01\/dqz6y20-1.jpg\",\"width\":800,\"height\":800},{\"@type\":\"BreadcrumbList\",\"@id\":\"https:\/\/senbera.com\/lt\/produktas\/desru-gaminimo-irenginys\/#breadcrumb\",\"itemListElement\":[{\"@type\":\"ListItem\",\"position\":1,\"name\":\"Home\",\"item\":\"https:\/\/senbera.com\/lt\/\"},{\"@type\":\"ListItem\",\"position\":2,\"name\":\"Katalogas\",\"item\":\"https:\/\/senbera.com\/lt\/katalogas\/\"},{\"@type\":\"ListItem\",\"position\":3,\"name\":\"De\u0161r\u0173 gaminimo \u012frenginys\"}]},{\"@type\":\"WebSite\",\"@id\":\"https:\/\/senbera.com\/lt\/#website\",\"url\":\"https:\/\/senbera.com\/lt\/\",\"name\":\"Senbera LT\",\"description\":\"\",\"publisher\":{\"@id\":\"https:\/\/senbera.com\/lt\/#organization\"},\"potentialAction\":[{\"@type\":\"SearchAction\",\"target\":{\"@type\":\"EntryPoint\",\"urlTemplate\":\"https:\/\/senbera.com\/lt\/?s={search_term_string}\"},\"query-input\":{\"@type\":\"PropertyValueSpecification\",\"valueRequired\":true,\"valueName\":\"search_term_string\"}}],\"inLanguage\":\"lt-LT\"},{\"@type\":\"Organization\",\"@id\":\"https:\/\/senbera.com\/lt\/#organization\",\"name\":\"Mekulo\",\"url\":\"https:\/\/senbera.com\/lt\/\",\"logo\":{\"@type\":\"ImageObject\",\"inLanguage\":\"lt-LT\",\"@id\":\"https:\/\/senbera.com\/lt\/#\/schema\/logo\/image\/\",\"url\":\"https:\/\/senbera.com\/lt\/wp-content\/uploads\/sites\/22\/2025\/12\/favicon_mekulo.png\",\"contentUrl\":\"https:\/\/senbera.com\/lt\/wp-content\/uploads\/sites\/22\/2025\/12\/favicon_mekulo.png\",\"width\":50,\"height\":50,\"caption\":\"Mekulo\"},\"image\":{\"@id\":\"https:\/\/senbera.com\/lt\/#\/schema\/logo\/image\/\"}}]}<\/script>\n<!-- \/ Yoast SEO plugin. -->","yoast_head_json":{"title":"De\u0161r\u0173 gaminimo \u012frenginys - Senbera LT","robots":{"index":"noindex","follow":"follow","max-snippet":"max-snippet:-1","max-image-preview":"max-image-preview:large","max-video-preview":"max-video-preview:-1"},"og_locale":"lt_LT","og_type":"article","og_title":"De\u0161r\u0173 gaminimo \u012frenginys - Senbera LT","og_description":"\ud83c\udf2dPristatykite de\u0161raini\u0173 gaminimo aparat\u0105 &#8211; paprast\u0105 \u012frank\u012f \u0161vie\u017eioms ir skanioms de\u0161rel\u0117ms namuose gaminti.\ud83d\udc69\u200d\ud83c\udf73 Make de\u0161rel\u0117s greitai, be netvarkos, be streso [&hellip;]","og_url":"https:\/\/senbera.com\/lt\/produktas\/desru-gaminimo-irenginys\/","og_site_name":"Senbera LT","twitter_card":"summary_large_image","twitter_misc":{"Est. reading time":"1 minut\u0117"},"schema":{"@context":"https:\/\/schema.org","@graph":[{"@type":"WebPage","@id":"https:\/\/senbera.com\/lt\/produktas\/desru-gaminimo-irenginys\/","url":"https:\/\/senbera.com\/lt\/produktas\/desru-gaminimo-irenginys\/","name":"De\u0161r\u0173 gaminimo \u012frenginys - Senbera LT","isPartOf":{"@id":"https:\/\/senbera.com\/lt\/#website"},"primaryImageOfPage":{"@id":"https:\/\/senbera.com\/lt\/produktas\/desru-gaminimo-irenginys\/#primaryimage"},"image":{"@id":"https:\/\/senbera.com\/lt\/produktas\/desru-gaminimo-irenginys\/#primaryimage"},"thumbnailUrl":"https:\/\/senbera.com\/lt\/wp-content\/uploads\/sites\/22\/2026\/01\/dqz6y20-1.jpg","datePublished":"2026-01-19T08:10:05+00:00","breadcrumb":{"@id":"https:\/\/senbera.com\/lt\/produktas\/desru-gaminimo-irenginys\/#breadcrumb"},"inLanguage":"lt-LT","potentialAction":[{"@type":"ReadAction","target":["https:\/\/senbera.com\/lt\/produktas\/desru-gaminimo-irenginys\/"]}]},{"@type":"ImageObject","inLanguage":"lt-LT","@id":"https:\/\/senbera.com\/lt\/produktas\/desru-gaminimo-irenginys\/#primaryimage","url":"https:\/\/senbera.com\/lt\/wp-content\/uploads\/sites\/22\/2026\/01\/dqz6y20-1.jpg","contentUrl":"https:\/\/senbera.com\/lt\/wp-content\/uploads\/sites\/22\/2026\/01\/dqz6y20-1.jpg","width":800,"height":800},{"@type":"BreadcrumbList","@id":"https:\/\/senbera.com\/lt\/produktas\/desru-gaminimo-irenginys\/#breadcrumb","itemListElement":[{"@type":"ListItem","position":1,"name":"Home","item":"https:\/\/senbera.com\/lt\/"},{"@type":"ListItem","position":2,"name":"Katalogas","item":"https:\/\/senbera.com\/lt\/katalogas\/"},{"@type":"ListItem","position":3,"name":"De\u0161r\u0173 gaminimo \u012frenginys"}]},{"@type":"WebSite","@id":"https:\/\/senbera.com\/lt\/#website","url":"https:\/\/senbera.com\/lt\/","name":"Senbera LT","description":"","publisher":{"@id":"https:\/\/senbera.com\/lt\/#organization"},"potentialAction":[{"@type":"SearchAction","target":{"@type":"EntryPoint","urlTemplate":"https:\/\/senbera.com\/lt\/?s={search_term_string}"},"query-input":{"@type":"PropertyValueSpecification","valueRequired":true,"valueName":"search_term_string"}}],"inLanguage":"lt-LT"},{"@type":"Organization","@id":"https:\/\/senbera.com\/lt\/#organization","name":"Mekulo","url":"https:\/\/senbera.com\/lt\/","logo":{"@type":"ImageObject","inLanguage":"lt-LT","@id":"https:\/\/senbera.com\/lt\/#\/schema\/logo\/image\/","url":"https:\/\/senbera.com\/lt\/wp-content\/uploads\/sites\/22\/2025\/12\/favicon_mekulo.png","contentUrl":"https:\/\/senbera.com\/lt\/wp-content\/uploads\/sites\/22\/2025\/12\/favicon_mekulo.png","width":50,"height":50,"caption":"Mekulo"},"image":{"@id":"https:\/\/senbera.com\/lt\/#\/schema\/logo\/image\/"}}]}},"_links":{"self":[{"href":"https:\/\/senbera.com\/lt\/wp-json\/wp\/v2\/product\/20542","targetHints":{"allow":["GET"]}}],"collection":[{"href":"https:\/\/senbera.com\/lt\/wp-json\/wp\/v2\/product"}],"about":[{"href":"https:\/\/senbera.com\/lt\/wp-json\/wp\/v2\/types\/product"}],"replies":[{"embeddable":true,"href":"https:\/\/senbera.com\/lt\/wp-json\/wp\/v2\/comments?post=20542"}],"wp:featuredmedia":[{"embeddable":true,"href":"https:\/\/senbera.com\/lt\/wp-json\/wp\/v2\/media\/20538"}],"wp:attachment":[{"href":"https:\/\/senbera.com\/lt\/wp-json\/wp\/v2\/media?parent=20542"}],"wp:term":[{"taxonomy":"product_brand","embeddable":true,"href":"https:\/\/senbera.com\/lt\/wp-json\/wp\/v2\/product_brand?post=20542"},{"taxonomy":"product_cat","embeddable":true,"href":"https:\/\/senbera.com\/lt\/wp-json\/wp\/v2\/product_cat?post=20542"},{"taxonomy":"product_tag","embeddable":true,"href":"https:\/\/senbera.com\/lt\/wp-json\/wp\/v2\/product_tag?post=20542"}],"curies":[{"name":"wp","href":"https:\/\/api.w.org\/{rel}","templated":true}]}}