{"id":20527,"date":"2026-01-19T10:09:18","date_gmt":"2026-01-19T08:09:18","guid":{"rendered":"https:\/\/senbera.com\/lt\/produktas\/magnetinis-dirzas\/"},"modified":"2026-01-19T10:09:24","modified_gmt":"2026-01-19T08:09:24","slug":"magnetinis-dirzas","status":"publish","type":"product","link":"https:\/\/senbera.com\/lt\/produktas\/magnetinis-dirzas\/","title":{"rendered":"Magnetinis dir\u017eas"},"content":{"rendered":"<p style=\"text-align: center\"><span style=\"font-weight: 400\">\ud83e\uddf2Pristatykite magnetin\u012f dir\u017e\u0105 &#8211; nat\u016bral\u0173 b\u016bd\u0105 suma\u017einti nugaros skausmus ir greitai pasijusti geriau.\ud83d\udc86\u200d\u2642\ufe0f<\/span><\/p>\n<p style=\"text-align: center\"><span style=\"font-weight: 400\">Soothes skausm\u0105, suteikia atram\u0105 ir \u0161ilum\u0105. Lengva d\u0117v\u0117ti, tinka visiems dyd\u017eiams.<\/span><\/p>\n<p><img decoding=\"async\" class=\"size-full wp-image-17187 aligncenter\" src=\"https:\/\/keluvo.com\/template\/wp-content\/uploads\/sites\/5\/2025\/05\/belt-ezgif.com-video-to-webp-converter.webp\" alt=\"\" \/><\/p>\n<h2 style=\"text-align: center\">Pagrindiniai Privalumai<\/h2>\n<p><span style=\"font-weight: 400\">Ma\u017eina apatin\u0117s nugaros dalies skausmus ir skausmingum\u0105<\/span><\/p>\n<p><span style=\"font-weight: 400\">\u0160ildo juosmen\u012f, pilv\u0105 ir inkstus<\/span><\/p>\n<p><span style=\"font-weight: 400\">Skatina kraujotak\u0105 d\u0117l 14 stipri\u0173 magnet\u0173<\/span><\/p>\n<p><span style=\"font-weight: 400\">Pagelb\u0117ja nuo r\u0117mens, raumen\u0173 patempimo ir m\u0117\u0161lungio<\/span><\/p>\n<p><span style=\"font-weight: 400\">Gali net pad\u0117ti deginti papildomus pilvo riebalus<\/span><\/p>\n<p><img decoding=\"async\" class=\"size-full wp-image-17190 aligncenter\" src=\"https:\/\/keluvo.com\/template\/wp-content\/uploads\/sites\/5\/2025\/05\/e50e3527-045c-470b-8f2a-9d67daf6baee.webp\" alt=\"\" \/><\/p>\n<h2 style=\"text-align: center\">Pagrindinis Pasi\u016blymas<\/h2>\n<p style=\"text-align: center\"><span style=\"font-weight: 400\">\u0160is dir\u017eas puikiai tinka visiems, ken\u010diantiems nuo nugaros skausm\u0173 ar \u012ftampos. Jis \u0161velniai apkabina apatin\u0119 nugaros dal\u012f, \u0161ildo k\u016bn\u0105 ir padeda raumenims geriau jaustis. Su viduje esan\u010diais specialiais magnetais jis skatina kraujotak\u0105 ir padeda j\u016bs\u0173 k\u016bnui nat\u016braliai sveikti. D\u0117v\u0117kite j\u012f namuose, darbe ar vaik\u0161\u010diodami &#8211; komfortas ir palengv\u0117jimas bet kada ir bet kur.<\/span><\/p>\n<h2 style=\"text-align: center\">\ud83d\udce6Pakuot\u0117je Yra<\/h2>\n<ul>\n<li style=\"font-weight: 400\"><span style=\"font-weight: 400\">1x magnetinis dir\u017eas.<\/span><\/li>\n<\/ul>\n","protected":false},"excerpt":{"rendered":"<p>\ud83e\uddf2Pristatykite magnetin\u012f dir\u017e\u0105 &#8211; nat\u016bral\u0173 b\u016bd\u0105 suma\u017einti nugaros skausmus ir greitai pasijusti geriau.\ud83d\udc86\u200d\u2642\ufe0f Soothes skausm\u0105, suteikia atram\u0105 ir \u0161ilum\u0105. Lengva [&hellip;]<\/p>\n","protected":false},"featured_media":20523,"comment_status":"open","ping_status":"closed","template":"","meta":{"site-sidebar-layout":"default","site-content-layout":"","ast-site-content-layout":"default","site-content-style":"default","site-sidebar-style":"default","ast-global-header-display":"","ast-banner-title-visibility":"","ast-main-header-display":"","ast-hfb-above-header-display":"","ast-hfb-below-header-display":"","ast-hfb-mobile-header-display":"","site-post-title":"","ast-breadcrumbs-content":"","ast-featured-img":"","footer-sml-layout":"","theme-transparent-header-meta":"default","adv-header-id-meta":"","stick-header-meta":"","header-above-stick-meta":"","header-main-stick-meta":"","header-below-stick-meta":"","astra-migrate-meta-layouts":"set","ast-page-background-enabled":"default","ast-page-background-meta":{"desktop":{"background-color":"var(--ast-global-color-5)","background-image":"","background-repeat":"repeat","background-position":"center center","background-size":"auto","background-attachment":"scroll","background-type":"","background-media":"","overlay-type":"","overlay-color":"","overlay-opacity":"","overlay-gradient":""},"tablet":{"background-color":"","background-image":"","background-repeat":"repeat","background-position":"center center","background-size":"auto","background-attachment":"scroll","background-type":"","background-media":"","overlay-type":"","overlay-color":"","overlay-opacity":"","overlay-gradient":""},"mobile":{"background-color":"","background-image":"","background-repeat":"repeat","background-position":"center center","background-size":"auto","background-attachment":"scroll","background-type":"","background-media":"","overlay-type":"","overlay-color":"","overlay-opacity":"","overlay-gradient":""}},"ast-content-background-meta":{"desktop":{"background-color":"var(--ast-global-color-4)","background-image":"","background-repeat":"repeat","background-position":"center center","background-size":"auto","background-attachment":"scroll","background-type":"","background-media":"","overlay-type":"","overlay-color":"","overlay-opacity":"","overlay-gradient":""},"tablet":{"background-color":"var(--ast-global-color-4)","background-image":"","background-repeat":"repeat","background-position":"center center","background-size":"auto","background-attachment":"scroll","background-type":"","background-media":"","overlay-type":"","overlay-color":"","overlay-opacity":"","overlay-gradient":""},"mobile":{"background-color":"var(--ast-global-color-4)","background-image":"","background-repeat":"repeat","background-position":"center center","background-size":"auto","background-attachment":"scroll","background-type":"","background-media":"","overlay-type":"","overlay-color":"","overlay-opacity":"","overlay-gradient":""}}},"product_brand":[],"product_cat":[15],"product_tag":[],"class_list":{"0":"post-20527","1":"product","2":"type-product","3":"status-publish","4":"has-post-thumbnail","6":"product_cat-be-kategorijos","7":"pa_19033_5fcdg5vc-l-90-102-cm","8":"pa_19033_5fcdg5vc-m-80-98-cm","9":"pa_19033_5fcdg5vc-xl-100-106-cm","10":"desktop-align-left","11":"tablet-align-left","12":"mobile-align-left","14":"first","15":"instock","16":"shipping-taxable","17":"purchasable","18":"product-type-variable"},"yoast_head":"<!-- This site is optimized with the Yoast SEO plugin v26.6 - https:\/\/yoast.com\/wordpress\/plugins\/seo\/ -->\n<title>Magnetinis dir\u017eas - Senbera LT<\/title>\n<meta name=\"robots\" content=\"noindex, follow, max-snippet:-1, max-image-preview:large, max-video-preview:-1\" \/>\n<meta property=\"og:locale\" content=\"lt_LT\" \/>\n<meta property=\"og:type\" content=\"article\" \/>\n<meta property=\"og:title\" content=\"Magnetinis dir\u017eas - Senbera LT\" \/>\n<meta property=\"og:description\" content=\"\ud83e\uddf2Pristatykite magnetin\u012f dir\u017e\u0105 &#8211; nat\u016bral\u0173 b\u016bd\u0105 suma\u017einti nugaros skausmus ir greitai pasijusti geriau.\ud83d\udc86\u200d\u2642\ufe0f Soothes skausm\u0105, suteikia atram\u0105 ir \u0161ilum\u0105. Lengva [&hellip;]\" \/>\n<meta property=\"og:url\" content=\"https:\/\/senbera.com\/lt\/produktas\/magnetinis-dirzas\/\" \/>\n<meta property=\"og:site_name\" content=\"Senbera LT\" \/>\n<meta property=\"article:modified_time\" content=\"2026-01-19T08:09:24+00:00\" \/>\n<meta name=\"twitter:card\" content=\"summary_large_image\" \/>\n<meta name=\"twitter:label1\" content=\"Est. reading time\" \/>\n\t<meta name=\"twitter:data1\" content=\"1 minut\u0117\" \/>\n<script type=\"application\/ld+json\" class=\"yoast-schema-graph\">{\"@context\":\"https:\/\/schema.org\",\"@graph\":[{\"@type\":\"WebPage\",\"@id\":\"https:\/\/senbera.com\/lt\/produktas\/magnetinis-dirzas\/\",\"url\":\"https:\/\/senbera.com\/lt\/produktas\/magnetinis-dirzas\/\",\"name\":\"Magnetinis dir\u017eas - Senbera LT\",\"isPartOf\":{\"@id\":\"https:\/\/senbera.com\/lt\/#website\"},\"primaryImageOfPage\":{\"@id\":\"https:\/\/senbera.com\/lt\/produktas\/magnetinis-dirzas\/#primaryimage\"},\"image\":{\"@id\":\"https:\/\/senbera.com\/lt\/produktas\/magnetinis-dirzas\/#primaryimage\"},\"thumbnailUrl\":\"https:\/\/senbera.com\/lt\/wp-content\/uploads\/sites\/22\/2026\/01\/bckw9no-1.webp\",\"datePublished\":\"2026-01-19T08:09:18+00:00\",\"dateModified\":\"2026-01-19T08:09:24+00:00\",\"breadcrumb\":{\"@id\":\"https:\/\/senbera.com\/lt\/produktas\/magnetinis-dirzas\/#breadcrumb\"},\"inLanguage\":\"lt-LT\",\"potentialAction\":[{\"@type\":\"ReadAction\",\"target\":[\"https:\/\/senbera.com\/lt\/produktas\/magnetinis-dirzas\/\"]}]},{\"@type\":\"ImageObject\",\"inLanguage\":\"lt-LT\",\"@id\":\"https:\/\/senbera.com\/lt\/produktas\/magnetinis-dirzas\/#primaryimage\",\"url\":\"https:\/\/senbera.com\/lt\/wp-content\/uploads\/sites\/22\/2026\/01\/bckw9no-1.webp\",\"contentUrl\":\"https:\/\/senbera.com\/lt\/wp-content\/uploads\/sites\/22\/2026\/01\/bckw9no-1.webp\",\"width\":720,\"height\":720},{\"@type\":\"BreadcrumbList\",\"@id\":\"https:\/\/senbera.com\/lt\/produktas\/magnetinis-dirzas\/#breadcrumb\",\"itemListElement\":[{\"@type\":\"ListItem\",\"position\":1,\"name\":\"Home\",\"item\":\"https:\/\/senbera.com\/lt\/\"},{\"@type\":\"ListItem\",\"position\":2,\"name\":\"Katalogas\",\"item\":\"https:\/\/senbera.com\/lt\/katalogas\/\"},{\"@type\":\"ListItem\",\"position\":3,\"name\":\"Magnetinis dir\u017eas\"}]},{\"@type\":\"WebSite\",\"@id\":\"https:\/\/senbera.com\/lt\/#website\",\"url\":\"https:\/\/senbera.com\/lt\/\",\"name\":\"Senbera LT\",\"description\":\"\",\"publisher\":{\"@id\":\"https:\/\/senbera.com\/lt\/#organization\"},\"potentialAction\":[{\"@type\":\"SearchAction\",\"target\":{\"@type\":\"EntryPoint\",\"urlTemplate\":\"https:\/\/senbera.com\/lt\/?s={search_term_string}\"},\"query-input\":{\"@type\":\"PropertyValueSpecification\",\"valueRequired\":true,\"valueName\":\"search_term_string\"}}],\"inLanguage\":\"lt-LT\"},{\"@type\":\"Organization\",\"@id\":\"https:\/\/senbera.com\/lt\/#organization\",\"name\":\"Mekulo\",\"url\":\"https:\/\/senbera.com\/lt\/\",\"logo\":{\"@type\":\"ImageObject\",\"inLanguage\":\"lt-LT\",\"@id\":\"https:\/\/senbera.com\/lt\/#\/schema\/logo\/image\/\",\"url\":\"https:\/\/senbera.com\/lt\/wp-content\/uploads\/sites\/22\/2025\/12\/favicon_mekulo.png\",\"contentUrl\":\"https:\/\/senbera.com\/lt\/wp-content\/uploads\/sites\/22\/2025\/12\/favicon_mekulo.png\",\"width\":50,\"height\":50,\"caption\":\"Mekulo\"},\"image\":{\"@id\":\"https:\/\/senbera.com\/lt\/#\/schema\/logo\/image\/\"}}]}<\/script>\n<!-- \/ Yoast SEO plugin. -->","yoast_head_json":{"title":"Magnetinis dir\u017eas - Senbera LT","robots":{"index":"noindex","follow":"follow","max-snippet":"max-snippet:-1","max-image-preview":"max-image-preview:large","max-video-preview":"max-video-preview:-1"},"og_locale":"lt_LT","og_type":"article","og_title":"Magnetinis dir\u017eas - Senbera LT","og_description":"\ud83e\uddf2Pristatykite magnetin\u012f dir\u017e\u0105 &#8211; nat\u016bral\u0173 b\u016bd\u0105 suma\u017einti nugaros skausmus ir greitai pasijusti geriau.\ud83d\udc86\u200d\u2642\ufe0f Soothes skausm\u0105, suteikia atram\u0105 ir \u0161ilum\u0105. Lengva [&hellip;]","og_url":"https:\/\/senbera.com\/lt\/produktas\/magnetinis-dirzas\/","og_site_name":"Senbera LT","article_modified_time":"2026-01-19T08:09:24+00:00","twitter_card":"summary_large_image","twitter_misc":{"Est. reading time":"1 minut\u0117"},"schema":{"@context":"https:\/\/schema.org","@graph":[{"@type":"WebPage","@id":"https:\/\/senbera.com\/lt\/produktas\/magnetinis-dirzas\/","url":"https:\/\/senbera.com\/lt\/produktas\/magnetinis-dirzas\/","name":"Magnetinis dir\u017eas - Senbera LT","isPartOf":{"@id":"https:\/\/senbera.com\/lt\/#website"},"primaryImageOfPage":{"@id":"https:\/\/senbera.com\/lt\/produktas\/magnetinis-dirzas\/#primaryimage"},"image":{"@id":"https:\/\/senbera.com\/lt\/produktas\/magnetinis-dirzas\/#primaryimage"},"thumbnailUrl":"https:\/\/senbera.com\/lt\/wp-content\/uploads\/sites\/22\/2026\/01\/bckw9no-1.webp","datePublished":"2026-01-19T08:09:18+00:00","dateModified":"2026-01-19T08:09:24+00:00","breadcrumb":{"@id":"https:\/\/senbera.com\/lt\/produktas\/magnetinis-dirzas\/#breadcrumb"},"inLanguage":"lt-LT","potentialAction":[{"@type":"ReadAction","target":["https:\/\/senbera.com\/lt\/produktas\/magnetinis-dirzas\/"]}]},{"@type":"ImageObject","inLanguage":"lt-LT","@id":"https:\/\/senbera.com\/lt\/produktas\/magnetinis-dirzas\/#primaryimage","url":"https:\/\/senbera.com\/lt\/wp-content\/uploads\/sites\/22\/2026\/01\/bckw9no-1.webp","contentUrl":"https:\/\/senbera.com\/lt\/wp-content\/uploads\/sites\/22\/2026\/01\/bckw9no-1.webp","width":720,"height":720},{"@type":"BreadcrumbList","@id":"https:\/\/senbera.com\/lt\/produktas\/magnetinis-dirzas\/#breadcrumb","itemListElement":[{"@type":"ListItem","position":1,"name":"Home","item":"https:\/\/senbera.com\/lt\/"},{"@type":"ListItem","position":2,"name":"Katalogas","item":"https:\/\/senbera.com\/lt\/katalogas\/"},{"@type":"ListItem","position":3,"name":"Magnetinis dir\u017eas"}]},{"@type":"WebSite","@id":"https:\/\/senbera.com\/lt\/#website","url":"https:\/\/senbera.com\/lt\/","name":"Senbera LT","description":"","publisher":{"@id":"https:\/\/senbera.com\/lt\/#organization"},"potentialAction":[{"@type":"SearchAction","target":{"@type":"EntryPoint","urlTemplate":"https:\/\/senbera.com\/lt\/?s={search_term_string}"},"query-input":{"@type":"PropertyValueSpecification","valueRequired":true,"valueName":"search_term_string"}}],"inLanguage":"lt-LT"},{"@type":"Organization","@id":"https:\/\/senbera.com\/lt\/#organization","name":"Mekulo","url":"https:\/\/senbera.com\/lt\/","logo":{"@type":"ImageObject","inLanguage":"lt-LT","@id":"https:\/\/senbera.com\/lt\/#\/schema\/logo\/image\/","url":"https:\/\/senbera.com\/lt\/wp-content\/uploads\/sites\/22\/2025\/12\/favicon_mekulo.png","contentUrl":"https:\/\/senbera.com\/lt\/wp-content\/uploads\/sites\/22\/2025\/12\/favicon_mekulo.png","width":50,"height":50,"caption":"Mekulo"},"image":{"@id":"https:\/\/senbera.com\/lt\/#\/schema\/logo\/image\/"}}]}},"_links":{"self":[{"href":"https:\/\/senbera.com\/lt\/wp-json\/wp\/v2\/product\/20527","targetHints":{"allow":["GET"]}}],"collection":[{"href":"https:\/\/senbera.com\/lt\/wp-json\/wp\/v2\/product"}],"about":[{"href":"https:\/\/senbera.com\/lt\/wp-json\/wp\/v2\/types\/product"}],"replies":[{"embeddable":true,"href":"https:\/\/senbera.com\/lt\/wp-json\/wp\/v2\/comments?post=20527"}],"wp:featuredmedia":[{"embeddable":true,"href":"https:\/\/senbera.com\/lt\/wp-json\/wp\/v2\/media\/20523"}],"wp:attachment":[{"href":"https:\/\/senbera.com\/lt\/wp-json\/wp\/v2\/media?parent=20527"}],"wp:term":[{"taxonomy":"product_brand","embeddable":true,"href":"https:\/\/senbera.com\/lt\/wp-json\/wp\/v2\/product_brand?post=20527"},{"taxonomy":"product_cat","embeddable":true,"href":"https:\/\/senbera.com\/lt\/wp-json\/wp\/v2\/product_cat?post=20527"},{"taxonomy":"product_tag","embeddable":true,"href":"https:\/\/senbera.com\/lt\/wp-json\/wp\/v2\/product_tag?post=20527"}],"curies":[{"name":"wp","href":"https:\/\/api.w.org\/{rel}","templated":true}]}}