{"id":20459,"date":"2026-01-19T10:05:51","date_gmt":"2026-01-19T08:05:51","guid":{"rendered":"https:\/\/senbera.com\/lt\/produktas\/gyvunu-meno-skulptura\/"},"modified":"2026-01-19T10:06:11","modified_gmt":"2026-01-19T08:06:11","slug":"gyvunu-meno-skulptura","status":"publish","type":"product","link":"https:\/\/senbera.com\/lt\/produktas\/gyvunu-meno-skulptura\/","title":{"rendered":"Gyv\u016bn\u0173 meno skulpt\u016bra"},"content":{"rendered":"<p style=\"text-align: center\"><strong>\ud83d\udc08\u0160ia minimalistine gyv\u016bno skulpt\u016bra suteikite savo erdvei emocij\u0173 ir elegancijos.<span style=\"font-weight: 400\">\ud83c\udf81<\/span><\/strong><\/p>\n<p style=\"text-align: center\"><span style=\"font-weight: 400\">\u0160ioje rank\u0173 darbo gyv\u016bn\u0173 meno skulpt\u016broje modernus dizainas dera su emocine i\u0161rai\u0161ka, tod\u0117l tai unikalus k\u016brinys j\u016bs\u0173 namams ar biurui. Jos minimalistin\u0117 gele\u017ein\u0117 forma nuostabiai atrodo ant stalo, lentynos ar sienos &#8211; ir neabejotinai patrauks d\u0117mes\u012f, kad ir kur b\u016bt\u0173 pad\u0117ta.<\/span><\/p>\n<p><img decoding=\"async\" class=\"size-full wp-image-17511 aligncenter\" src=\"https:\/\/keluvo.com\/template\/wp-content\/uploads\/sites\/5\/2025\/05\/420bb812-fc64-486a-9fec-05b6ded3ccde.webp\" alt=\"\" \/><\/p>\n<h2 style=\"text-align: center\"><strong>\ud83c\udf1f Pagrindiniai Privalumai<\/strong><\/h2>\n<p><span style=\"font-weight: 400\">\ud83c\udfa8 Ak\u012f traukiantis minimalistinis menas style<\/span><span style=\"font-weight: 400\"><br \/>\n<\/span><\/p>\n<p><span style=\"font-weight: 400\">\ud83d\uddbc\ufe0f Galima statyti ant stalo arba kabinti ant sienos<\/span><span style=\"font-weight: 400\"><br \/>\n<\/span><\/p>\n<p><span style=\"font-weight: 400\">\ud83c\udfe0 Puikiai tinka nam\u0173, biuro ar studijos dekorui<\/span><span style=\"font-weight: 400\"><br \/>\n<\/span><\/p>\n<p><span style=\"font-weight: 400\">\ud83d\udcac Sukelia emocijas ir pokalbius<\/span><span style=\"font-weight: 400\"><br \/>\n<\/span><\/p>\n<p><span style=\"font-weight: 400\">\ud83d\udcaa Pagaminta i\u0161 tvirtos, r\u016bdims atsparios gele\u017eies<\/span><\/p>\n<p><span style=\"font-weight: 400\">\ud83c\udf81 Puiki dovana meno myl\u0117tojams ar nam\u0173 \u0161ildymo \u0161vent\u0117ms<\/span><\/p>\n<p><img decoding=\"async\" class=\"size-full wp-image-17509 aligncenter\" src=\"https:\/\/keluvo.com\/template\/wp-content\/uploads\/sites\/5\/2025\/05\/99c83f9e-4342-48cc-9c94-eac0104950d1.webp\" alt=\"\" \/><\/p>\n<h2 style=\"text-align: center\"><strong>\ud83d\udccf I\u0161sami Informacija Apie Gamin\u012f<\/strong><\/h2>\n<ul>\n<li style=\"font-weight: 400\"><span style=\"font-weight: 400\">Med\u017eiaga: Auk\u0161tos kokyb\u0117s gele\u017eis<\/span><span style=\"font-weight: 400\"><br \/>\n<\/span><\/li>\n<li style=\"font-weight: 400\"><span style=\"font-weight: 400\">Dydis: kaip parodyta produkto nuotraukose<\/span><span style=\"font-weight: 400\"><br \/>\n<\/span><\/li>\n<li style=\"font-weight: 400\"><span style=\"font-weight: 400\">Svoris: 45 g<\/span><span style=\"font-weight: 400\"><br \/>\n<\/span><\/li>\n<li style=\"font-weight: 400\"><span style=\"font-weight: 400\">Stilis: minimalistinis meno dekoras<\/span><\/li>\n<li style=\"font-weight: 400\"><span style=\"font-weight: 400\">Panaudojimas: interjero skulpt\u016bra dekorui ir eksponavimui<\/span><\/li>\n<\/ul>\n<h2 style=\"text-align: center\"><strong>\ud83d\udce6 Pakuot\u0117je Yra<\/strong><\/h2>\n<ul>\n<li style=\"font-weight: 400\"><span style=\"font-weight: 400\">1x gyv\u016bn\u0173 meno skulpt\u016bra.<\/span><\/li>\n<\/ul>\n","protected":false},"excerpt":{"rendered":"<p>\ud83d\udc08\u0160ia minimalistine gyv\u016bno skulpt\u016bra suteikite savo erdvei emocij\u0173 ir elegancijos.\ud83c\udf81 \u0160ioje rank\u0173 darbo gyv\u016bn\u0173 meno skulpt\u016broje modernus dizainas dera su [&hellip;]<\/p>\n","protected":false},"featured_media":20455,"comment_status":"open","ping_status":"closed","template":"","meta":{"site-sidebar-layout":"default","site-content-layout":"","ast-site-content-layout":"default","site-content-style":"default","site-sidebar-style":"default","ast-global-header-display":"","ast-banner-title-visibility":"","ast-main-header-display":"","ast-hfb-above-header-display":"","ast-hfb-below-header-display":"","ast-hfb-mobile-header-display":"","site-post-title":"","ast-breadcrumbs-content":"","ast-featured-img":"","footer-sml-layout":"","ast-disable-related-posts":"","theme-transparent-header-meta":"default","adv-header-id-meta":"","stick-header-meta":"","header-above-stick-meta":"","header-main-stick-meta":"","header-below-stick-meta":"","astra-migrate-meta-layouts":"set","ast-page-background-enabled":"default","ast-page-background-meta":{"desktop":{"background-color":"var(--ast-global-color-5)","background-image":"","background-repeat":"repeat","background-position":"center center","background-size":"auto","background-attachment":"scroll","background-type":"","background-media":"","overlay-type":"","overlay-color":"","overlay-opacity":"","overlay-gradient":""},"tablet":{"background-color":"","background-image":"","background-repeat":"repeat","background-position":"center center","background-size":"auto","background-attachment":"scroll","background-type":"","background-media":"","overlay-type":"","overlay-color":"","overlay-opacity":"","overlay-gradient":""},"mobile":{"background-color":"","background-image":"","background-repeat":"repeat","background-position":"center center","background-size":"auto","background-attachment":"scroll","background-type":"","background-media":"","overlay-type":"","overlay-color":"","overlay-opacity":"","overlay-gradient":""}},"ast-content-background-meta":{"desktop":{"background-color":"var(--ast-global-color-4)","background-image":"","background-repeat":"repeat","background-position":"center center","background-size":"auto","background-attachment":"scroll","background-type":"","background-media":"","overlay-type":"","overlay-color":"","overlay-opacity":"","overlay-gradient":""},"tablet":{"background-color":"var(--ast-global-color-4)","background-image":"","background-repeat":"repeat","background-position":"center center","background-size":"auto","background-attachment":"scroll","background-type":"","background-media":"","overlay-type":"","overlay-color":"","overlay-opacity":"","overlay-gradient":""},"mobile":{"background-color":"var(--ast-global-color-4)","background-image":"","background-repeat":"repeat","background-position":"center center","background-size":"auto","background-attachment":"scroll","background-type":"","background-media":"","overlay-type":"","overlay-color":"","overlay-opacity":"","overlay-gradient":""}}},"product_brand":[],"product_cat":[15],"product_tag":[],"class_list":{"0":"post-20459","1":"product","2":"type-product","3":"status-publish","4":"has-post-thumbnail","6":"product_cat-be-kategorijos","7":"pa_32250_khmzcm85-a","8":"pa_32250_khmzcm85-b","9":"pa_32250_khmzcm85-c","10":"pa_32250_khmzcm85-d","11":"pa_32250_khmzcm85-e","12":"pa_32250_khmzcm85-f","13":"pa_32250_khmzcm85-g","14":"pa_32250_khmzcm85-h","15":"pa_32250_khmzcm85-i","16":"desktop-align-left","17":"tablet-align-left","18":"mobile-align-left","20":"first","21":"instock","22":"shipping-taxable","23":"purchasable","24":"product-type-variable"},"yoast_head":"<!-- This site is optimized with the Yoast SEO plugin v27.4 - https:\/\/yoast.com\/product\/yoast-seo-wordpress\/ -->\n<title>Gyv\u016bn\u0173 meno skulpt\u016bra - Senbera LT<\/title>\n<meta name=\"robots\" content=\"noindex, follow, max-snippet:-1, max-image-preview:large, max-video-preview:-1\" \/>\n<meta property=\"og:locale\" content=\"lt_LT\" \/>\n<meta property=\"og:type\" content=\"article\" \/>\n<meta property=\"og:title\" content=\"Gyv\u016bn\u0173 meno skulpt\u016bra - Senbera LT\" \/>\n<meta property=\"og:description\" content=\"\ud83d\udc08\u0160ia minimalistine gyv\u016bno skulpt\u016bra suteikite savo erdvei emocij\u0173 ir elegancijos.\ud83c\udf81 \u0160ioje rank\u0173 darbo gyv\u016bn\u0173 meno skulpt\u016broje modernus dizainas dera su [&hellip;]\" \/>\n<meta property=\"og:url\" content=\"https:\/\/senbera.com\/lt\/produktas\/gyvunu-meno-skulptura\/\" \/>\n<meta property=\"og:site_name\" content=\"Senbera LT\" \/>\n<meta property=\"article:modified_time\" content=\"2026-01-19T08:06:11+00:00\" \/>\n<meta name=\"twitter:card\" content=\"summary_large_image\" \/>\n<meta name=\"twitter:label1\" content=\"Est. reading time\" \/>\n\t<meta name=\"twitter:data1\" content=\"1 minut\u0117\" \/>\n<script type=\"application\/ld+json\" class=\"yoast-schema-graph\">{\"@context\":\"https:\\\/\\\/schema.org\",\"@graph\":[{\"@type\":\"WebPage\",\"@id\":\"https:\\\/\\\/senbera.com\\\/lt\\\/produktas\\\/gyvunu-meno-skulptura\\\/\",\"url\":\"https:\\\/\\\/senbera.com\\\/lt\\\/produktas\\\/gyvunu-meno-skulptura\\\/\",\"name\":\"Gyv\u016bn\u0173 meno skulpt\u016bra - Senbera LT\",\"isPartOf\":{\"@id\":\"https:\\\/\\\/senbera.com\\\/lt\\\/#website\"},\"primaryImageOfPage\":{\"@id\":\"https:\\\/\\\/senbera.com\\\/lt\\\/produktas\\\/gyvunu-meno-skulptura\\\/#primaryimage\"},\"image\":{\"@id\":\"https:\\\/\\\/senbera.com\\\/lt\\\/produktas\\\/gyvunu-meno-skulptura\\\/#primaryimage\"},\"thumbnailUrl\":\"https:\\\/\\\/senbera.com\\\/lt\\\/wp-content\\\/uploads\\\/sites\\\/22\\\/2026\\\/01\\\/eox7v9m-1.jpg\",\"datePublished\":\"2026-01-19T08:05:51+00:00\",\"dateModified\":\"2026-01-19T08:06:11+00:00\",\"breadcrumb\":{\"@id\":\"https:\\\/\\\/senbera.com\\\/lt\\\/produktas\\\/gyvunu-meno-skulptura\\\/#breadcrumb\"},\"inLanguage\":\"lt-LT\",\"potentialAction\":[{\"@type\":\"ReadAction\",\"target\":[\"https:\\\/\\\/senbera.com\\\/lt\\\/produktas\\\/gyvunu-meno-skulptura\\\/\"]}]},{\"@type\":\"ImageObject\",\"inLanguage\":\"lt-LT\",\"@id\":\"https:\\\/\\\/senbera.com\\\/lt\\\/produktas\\\/gyvunu-meno-skulptura\\\/#primaryimage\",\"url\":\"https:\\\/\\\/senbera.com\\\/lt\\\/wp-content\\\/uploads\\\/sites\\\/22\\\/2026\\\/01\\\/eox7v9m-1.jpg\",\"contentUrl\":\"https:\\\/\\\/senbera.com\\\/lt\\\/wp-content\\\/uploads\\\/sites\\\/22\\\/2026\\\/01\\\/eox7v9m-1.jpg\",\"width\":526,\"height\":526},{\"@type\":\"BreadcrumbList\",\"@id\":\"https:\\\/\\\/senbera.com\\\/lt\\\/produktas\\\/gyvunu-meno-skulptura\\\/#breadcrumb\",\"itemListElement\":[{\"@type\":\"ListItem\",\"position\":1,\"name\":\"Home\",\"item\":\"https:\\\/\\\/senbera.com\\\/lt\\\/\"},{\"@type\":\"ListItem\",\"position\":2,\"name\":\"Katalogas\",\"item\":\"https:\\\/\\\/senbera.com\\\/lt\\\/katalogas\\\/\"},{\"@type\":\"ListItem\",\"position\":3,\"name\":\"Gyv\u016bn\u0173 meno skulpt\u016bra\"}]},{\"@type\":\"WebSite\",\"@id\":\"https:\\\/\\\/senbera.com\\\/lt\\\/#website\",\"url\":\"https:\\\/\\\/senbera.com\\\/lt\\\/\",\"name\":\"Senbera LT\",\"description\":\"\",\"publisher\":{\"@id\":\"https:\\\/\\\/senbera.com\\\/lt\\\/#organization\"},\"potentialAction\":[{\"@type\":\"SearchAction\",\"target\":{\"@type\":\"EntryPoint\",\"urlTemplate\":\"https:\\\/\\\/senbera.com\\\/lt\\\/?s={search_term_string}\"},\"query-input\":{\"@type\":\"PropertyValueSpecification\",\"valueRequired\":true,\"valueName\":\"search_term_string\"}}],\"inLanguage\":\"lt-LT\"},{\"@type\":\"Organization\",\"@id\":\"https:\\\/\\\/senbera.com\\\/lt\\\/#organization\",\"name\":\"Mekulo\",\"url\":\"https:\\\/\\\/senbera.com\\\/lt\\\/\",\"logo\":{\"@type\":\"ImageObject\",\"inLanguage\":\"lt-LT\",\"@id\":\"https:\\\/\\\/senbera.com\\\/lt\\\/#\\\/schema\\\/logo\\\/image\\\/\",\"url\":\"https:\\\/\\\/senbera.com\\\/lt\\\/wp-content\\\/uploads\\\/sites\\\/22\\\/2025\\\/12\\\/favicon_mekulo.png\",\"contentUrl\":\"https:\\\/\\\/senbera.com\\\/lt\\\/wp-content\\\/uploads\\\/sites\\\/22\\\/2025\\\/12\\\/favicon_mekulo.png\",\"width\":50,\"height\":50,\"caption\":\"Mekulo\"},\"image\":{\"@id\":\"https:\\\/\\\/senbera.com\\\/lt\\\/#\\\/schema\\\/logo\\\/image\\\/\"}}]}<\/script>\n<!-- \/ Yoast SEO plugin. -->","yoast_head_json":{"title":"Gyv\u016bn\u0173 meno skulpt\u016bra - Senbera LT","robots":{"index":"noindex","follow":"follow","max-snippet":"max-snippet:-1","max-image-preview":"max-image-preview:large","max-video-preview":"max-video-preview:-1"},"og_locale":"lt_LT","og_type":"article","og_title":"Gyv\u016bn\u0173 meno skulpt\u016bra - Senbera LT","og_description":"\ud83d\udc08\u0160ia minimalistine gyv\u016bno skulpt\u016bra suteikite savo erdvei emocij\u0173 ir elegancijos.\ud83c\udf81 \u0160ioje rank\u0173 darbo gyv\u016bn\u0173 meno skulpt\u016broje modernus dizainas dera su [&hellip;]","og_url":"https:\/\/senbera.com\/lt\/produktas\/gyvunu-meno-skulptura\/","og_site_name":"Senbera LT","article_modified_time":"2026-01-19T08:06:11+00:00","twitter_card":"summary_large_image","twitter_misc":{"Est. reading time":"1 minut\u0117"},"schema":{"@context":"https:\/\/schema.org","@graph":[{"@type":"WebPage","@id":"https:\/\/senbera.com\/lt\/produktas\/gyvunu-meno-skulptura\/","url":"https:\/\/senbera.com\/lt\/produktas\/gyvunu-meno-skulptura\/","name":"Gyv\u016bn\u0173 meno skulpt\u016bra - Senbera LT","isPartOf":{"@id":"https:\/\/senbera.com\/lt\/#website"},"primaryImageOfPage":{"@id":"https:\/\/senbera.com\/lt\/produktas\/gyvunu-meno-skulptura\/#primaryimage"},"image":{"@id":"https:\/\/senbera.com\/lt\/produktas\/gyvunu-meno-skulptura\/#primaryimage"},"thumbnailUrl":"https:\/\/senbera.com\/lt\/wp-content\/uploads\/sites\/22\/2026\/01\/eox7v9m-1.jpg","datePublished":"2026-01-19T08:05:51+00:00","dateModified":"2026-01-19T08:06:11+00:00","breadcrumb":{"@id":"https:\/\/senbera.com\/lt\/produktas\/gyvunu-meno-skulptura\/#breadcrumb"},"inLanguage":"lt-LT","potentialAction":[{"@type":"ReadAction","target":["https:\/\/senbera.com\/lt\/produktas\/gyvunu-meno-skulptura\/"]}]},{"@type":"ImageObject","inLanguage":"lt-LT","@id":"https:\/\/senbera.com\/lt\/produktas\/gyvunu-meno-skulptura\/#primaryimage","url":"https:\/\/senbera.com\/lt\/wp-content\/uploads\/sites\/22\/2026\/01\/eox7v9m-1.jpg","contentUrl":"https:\/\/senbera.com\/lt\/wp-content\/uploads\/sites\/22\/2026\/01\/eox7v9m-1.jpg","width":526,"height":526},{"@type":"BreadcrumbList","@id":"https:\/\/senbera.com\/lt\/produktas\/gyvunu-meno-skulptura\/#breadcrumb","itemListElement":[{"@type":"ListItem","position":1,"name":"Home","item":"https:\/\/senbera.com\/lt\/"},{"@type":"ListItem","position":2,"name":"Katalogas","item":"https:\/\/senbera.com\/lt\/katalogas\/"},{"@type":"ListItem","position":3,"name":"Gyv\u016bn\u0173 meno skulpt\u016bra"}]},{"@type":"WebSite","@id":"https:\/\/senbera.com\/lt\/#website","url":"https:\/\/senbera.com\/lt\/","name":"Senbera LT","description":"","publisher":{"@id":"https:\/\/senbera.com\/lt\/#organization"},"potentialAction":[{"@type":"SearchAction","target":{"@type":"EntryPoint","urlTemplate":"https:\/\/senbera.com\/lt\/?s={search_term_string}"},"query-input":{"@type":"PropertyValueSpecification","valueRequired":true,"valueName":"search_term_string"}}],"inLanguage":"lt-LT"},{"@type":"Organization","@id":"https:\/\/senbera.com\/lt\/#organization","name":"Mekulo","url":"https:\/\/senbera.com\/lt\/","logo":{"@type":"ImageObject","inLanguage":"lt-LT","@id":"https:\/\/senbera.com\/lt\/#\/schema\/logo\/image\/","url":"https:\/\/senbera.com\/lt\/wp-content\/uploads\/sites\/22\/2025\/12\/favicon_mekulo.png","contentUrl":"https:\/\/senbera.com\/lt\/wp-content\/uploads\/sites\/22\/2025\/12\/favicon_mekulo.png","width":50,"height":50,"caption":"Mekulo"},"image":{"@id":"https:\/\/senbera.com\/lt\/#\/schema\/logo\/image\/"}}]}},"_links":{"self":[{"href":"https:\/\/senbera.com\/lt\/wp-json\/wp\/v2\/product\/20459","targetHints":{"allow":["GET"]}}],"collection":[{"href":"https:\/\/senbera.com\/lt\/wp-json\/wp\/v2\/product"}],"about":[{"href":"https:\/\/senbera.com\/lt\/wp-json\/wp\/v2\/types\/product"}],"replies":[{"embeddable":true,"href":"https:\/\/senbera.com\/lt\/wp-json\/wp\/v2\/comments?post=20459"}],"wp:featuredmedia":[{"embeddable":true,"href":"https:\/\/senbera.com\/lt\/wp-json\/wp\/v2\/media\/20455"}],"wp:attachment":[{"href":"https:\/\/senbera.com\/lt\/wp-json\/wp\/v2\/media?parent=20459"}],"wp:term":[{"taxonomy":"product_brand","embeddable":true,"href":"https:\/\/senbera.com\/lt\/wp-json\/wp\/v2\/product_brand?post=20459"},{"taxonomy":"product_cat","embeddable":true,"href":"https:\/\/senbera.com\/lt\/wp-json\/wp\/v2\/product_cat?post=20459"},{"taxonomy":"product_tag","embeddable":true,"href":"https:\/\/senbera.com\/lt\/wp-json\/wp\/v2\/product_tag?post=20459"}],"curies":[{"name":"wp","href":"https:\/\/api.w.org\/{rel}","templated":true}]}}