{"id":20348,"date":"2026-01-19T09:58:24","date_gmt":"2026-01-19T07:58:24","guid":{"rendered":"https:\/\/senbera.com\/lt\/produktas\/zaislas-nuo-streso\/"},"modified":"2026-01-19T09:58:38","modified_gmt":"2026-01-19T07:58:38","slug":"zaislas-nuo-streso","status":"publish","type":"product","link":"https:\/\/senbera.com\/lt\/produktas\/zaislas-nuo-streso\/","title":{"rendered":"\u017daislas nuo streso"},"content":{"rendered":"<p style=\"text-align: center\"><span style=\"font-weight: 400\">Greita pramoga ir streso mal\u0161inimas &#8211; viskas viename \u012ftraukian\u010diame \u017eaidime.<strong>Streso mal\u0161inimo \u017eaislas &#8211; tai greito st\u016bmimo \u017eaidim\u0173 konsol\u0117 su 999 lygiais ir 6 \u017eaidimo re\u017eimais, kurie i\u0161bando j\u016bs\u0173 greit\u012f, d\u0117mes\u012f ir refleksus. D\u0117l mink\u0161to silikoninio burbulo dizaino, reguliuojamo garso ir \u012fmontuoto LED ekrano jis puikiai tinka \u017eaisti vienam arba draugi\u0161kai var\u017eytis &#8211; visada, kai reikia atsipalaiduoti ar pasilinksminti.<\/strong><\/span><\/p>\n<p style=\"text-align: center\"><span style=\"font-weight: 400\">The stress relief toy is a quick push game console with 999 levels and 6 game modes that challenge your speed, focus, and reflexes. With a soft silicone bubble design, adjustable sound, and built-in LED display, it&#8217;s perfect for solo play or friendly competitions\u2014anytime you need to relax or have fun.<\/span><\/p>\n<p><img decoding=\"async\" class=\"alignnone size-full wp-image-17743 aligncenter\" src=\"https:\/\/keluvo.com\/template\/wp-content\/uploads\/sites\/5\/2025\/05\/StressReliefToy-ezgif.com-video-to-webp-converter.webp\" alt=\"\" \/><\/p>\n<h2 style=\"text-align: center\">\ud83c\udf1f Pagrindiniai Privalumai<\/h2>\n<p><span style=\"font-weight: 400\">\ud83c\udfae 999 \u017eaidimo lygiai ir 6 smag\u016bs \u017eaidimo re\u017eimai<\/span><span style=\"font-weight: 400\"><br \/>\n<\/span><\/p>\n<p><span style=\"font-weight: 400\">\ud83d\udca1 LED lemput\u0117s rodo rezultat\u0105 ir lyg\u012f clearly<\/span><span style=\"font-weight: 400\"><br \/>\n<\/span><\/p>\n<p><span style=\"font-weight: 400\">\u23f1\ufe0f I\u0161bandykite savo greit\u012f, laik\u0105, ir reakcij\u0105<\/span><span style=\"font-weight: 400\"><br \/>\n<\/span><\/p>\n<p><span style=\"font-weight: 400\">\ud83d\udd07 Reguliuojamas garsumas arba nutildymas, kad b\u016bt\u0173 tylu play<\/span><span style=\"font-weight: 400\"><br \/>\n<\/span><\/p>\n<p><span style=\"font-weight: 400\">\ud83d\udc68\u200d\ud83d\udc69\u200d\ud83d\udc67\u200d\ud83d\udc66 Puikiai tinka savaranki\u0161kiems arba keli\u0173 \u017eaid\u0117j\u0173 i\u0161\u0161\u016bkiams<\/span><span style=\"font-weight: 400\"><br \/>\n<\/span><\/p>\n<p><span style=\"font-weight: 400\">\ud83e\uddd8 Suma\u017eina stres\u0105 ir palaiko prot\u0105 sharp<\/span><\/p>\n<p style=\"text-align: center\"><img decoding=\"async\" class=\"alignnone size-full wp-image-17736\" src=\"https:\/\/keluvo.com\/template\/wp-content\/uploads\/sites\/5\/2025\/05\/fee1cc99-86b6-4284-b6bb-59ae626e3f1d.webp.webp\" alt=\"\" \/><\/p>\n<h2 style=\"text-align: center\">\ud83d\udee0\ufe0f Kaip Naudoti<\/h2>\n<ol>\n<li style=\"font-weight: 400\"><span style=\"font-weight: 400\">\u012ejunkite \u017eaidimo pult\u0105.<\/span><span style=\"font-weight: 400\"><br \/>\n<\/span><\/li>\n<li style=\"font-weight: 400\"><span style=\"font-weight: 400\">Pasirinkite pageidaujam\u0105 \u017eaidimo re\u017eim\u0105 ir sud\u0117tingumo lyg\u012f.<\/span><span style=\"font-weight: 400\"><br \/>\n<\/span><\/li>\n<li style=\"font-weight: 400\"><span style=\"font-weight: 400\">kuo grei\u010diau spauskite \u0161vie\u010dian\u010dius silikoninius burbulus.<\/span><span style=\"font-weight: 400\"><br \/>\n<\/span><\/li>\n<li style=\"font-weight: 400\"><span style=\"font-weight: 400\">steb\u0117kite LED ekran\u0105, kad gal\u0117tum\u0117te steb\u0117ti savo lyg\u012f ir rezultat\u0105.<\/span><span style=\"font-weight: 400\"><br \/>\n<\/span><\/li>\n<li style=\"font-weight: 400\"><span style=\"font-weight: 400\">var\u017eykit\u0117s su kitais arba pabandykite pagerinti savo auk\u0161\u010diausi\u0105 rezultat\u0105!<\/span><\/li>\n<\/ol>\n<h2 style=\"text-align: center\">\ud83d\udccf I\u0161sami Informacija Apie Produkt\u0105<\/h2>\n<ul>\n<li style=\"font-weight: 400\"><span style=\"font-weight: 400\">Med\u017eiaga: ABS plastikas + auk\u0161tos kokyb\u0117s silikonas<\/span><span style=\"font-weight: 400\"><br \/>\n<\/span><\/li>\n<li style=\"font-weight: 400\"><span style=\"font-weight: 400\">\u017daidimo re\u017eimai: 6 tipai<\/span><span style=\"font-weight: 400\"><br \/>\n<\/span><\/li>\n<li style=\"font-weight: 400\"><span style=\"font-weight: 400\">Lygi\u0173 skai\u010dius: 999<\/span><span style=\"font-weight: 400\"><br \/>\n<\/span><\/li>\n<li style=\"font-weight: 400\"><span style=\"font-weight: 400\">\u012eranga: Am\u017eius: tinka vaikams ir suaugusiems<\/span><span style=\"font-weight: 400\"><br \/>\n<\/span><\/li>\n<li style=\"font-weight: 400\"><span style=\"font-weight: 400\">Features: LED display, adjustable sound, speed-based gameplay<\/span><\/li>\n<\/ul>\n<h2 style=\"text-align: center\">\ud83d\udce6 Pakuot\u0117je Yra<\/h2>\n<ul>\n<li><span style=\"font-weight: 400\">1x stres\u0105 mal\u0161inantis \u017eaislas.<\/span><\/li>\n<\/ul>\n","protected":false},"excerpt":{"rendered":"<p>Greita pramoga ir streso mal\u0161inimas &#8211; viskas viename \u012ftraukian\u010diame \u017eaidime.Streso mal\u0161inimo \u017eaislas &#8211; tai greito st\u016bmimo \u017eaidim\u0173 konsol\u0117 su 999 [&hellip;]<\/p>\n","protected":false},"featured_media":20344,"comment_status":"open","ping_status":"closed","template":"","meta":{"site-sidebar-layout":"default","site-content-layout":"","ast-site-content-layout":"default","site-content-style":"default","site-sidebar-style":"default","ast-global-header-display":"","ast-banner-title-visibility":"","ast-main-header-display":"","ast-hfb-above-header-display":"","ast-hfb-below-header-display":"","ast-hfb-mobile-header-display":"","site-post-title":"","ast-breadcrumbs-content":"","ast-featured-img":"","footer-sml-layout":"","theme-transparent-header-meta":"default","adv-header-id-meta":"","stick-header-meta":"","header-above-stick-meta":"","header-main-stick-meta":"","header-below-stick-meta":"","astra-migrate-meta-layouts":"set","ast-page-background-enabled":"default","ast-page-background-meta":{"desktop":{"background-color":"var(--ast-global-color-5)","background-image":"","background-repeat":"repeat","background-position":"center center","background-size":"auto","background-attachment":"scroll","background-type":"","background-media":"","overlay-type":"","overlay-color":"","overlay-opacity":"","overlay-gradient":""},"tablet":{"background-color":"","background-image":"","background-repeat":"repeat","background-position":"center center","background-size":"auto","background-attachment":"scroll","background-type":"","background-media":"","overlay-type":"","overlay-color":"","overlay-opacity":"","overlay-gradient":""},"mobile":{"background-color":"","background-image":"","background-repeat":"repeat","background-position":"center center","background-size":"auto","background-attachment":"scroll","background-type":"","background-media":"","overlay-type":"","overlay-color":"","overlay-opacity":"","overlay-gradient":""}},"ast-content-background-meta":{"desktop":{"background-color":"var(--ast-global-color-4)","background-image":"","background-repeat":"repeat","background-position":"center center","background-size":"auto","background-attachment":"scroll","background-type":"","background-media":"","overlay-type":"","overlay-color":"","overlay-opacity":"","overlay-gradient":""},"tablet":{"background-color":"var(--ast-global-color-4)","background-image":"","background-repeat":"repeat","background-position":"center center","background-size":"auto","background-attachment":"scroll","background-type":"","background-media":"","overlay-type":"","overlay-color":"","overlay-opacity":"","overlay-gradient":""},"mobile":{"background-color":"var(--ast-global-color-4)","background-image":"","background-repeat":"repeat","background-position":"center center","background-size":"auto","background-attachment":"scroll","background-type":"","background-media":"","overlay-type":"","overlay-color":"","overlay-opacity":"","overlay-gradient":""}}},"product_brand":[],"product_cat":[15],"product_tag":[],"class_list":{"0":"post-20348","1":"product","2":"type-product","3":"status-publish","4":"has-post-thumbnail","6":"product_cat-be-kategorijos","7":"pa_47253_whivue8y-geltona","8":"pa_47253_whivue8y-melyna","9":"pa_47253_whivue8y-rozinis","10":"pa_47253_whivue8y-ruda","11":"pa_47253_whivue8y-tamsiai-melyna","12":"pa_47253_whivue8y-zalioji","13":"desktop-align-left","14":"tablet-align-left","15":"mobile-align-left","17":"first","18":"instock","19":"shipping-taxable","20":"purchasable","21":"product-type-variable"},"yoast_head":"<!-- This site is optimized with the Yoast SEO plugin v26.6 - https:\/\/yoast.com\/wordpress\/plugins\/seo\/ -->\n<title>\u017daislas nuo streso - Senbera LT<\/title>\n<meta name=\"robots\" content=\"noindex, follow, max-snippet:-1, max-image-preview:large, max-video-preview:-1\" \/>\n<meta property=\"og:locale\" content=\"lt_LT\" \/>\n<meta property=\"og:type\" content=\"article\" \/>\n<meta property=\"og:title\" content=\"\u017daislas nuo streso - Senbera LT\" \/>\n<meta property=\"og:description\" content=\"Greita pramoga ir streso mal\u0161inimas &#8211; viskas viename \u012ftraukian\u010diame \u017eaidime.Streso mal\u0161inimo \u017eaislas &#8211; tai greito st\u016bmimo \u017eaidim\u0173 konsol\u0117 su 999 [&hellip;]\" \/>\n<meta property=\"og:url\" content=\"https:\/\/senbera.com\/lt\/produktas\/zaislas-nuo-streso\/\" \/>\n<meta property=\"og:site_name\" content=\"Senbera LT\" \/>\n<meta property=\"article:modified_time\" content=\"2026-01-19T07:58:38+00:00\" \/>\n<meta name=\"twitter:card\" content=\"summary_large_image\" \/>\n<meta name=\"twitter:label1\" content=\"Est. reading time\" \/>\n\t<meta name=\"twitter:data1\" content=\"1 minut\u0117\" \/>\n<script type=\"application\/ld+json\" class=\"yoast-schema-graph\">{\"@context\":\"https:\/\/schema.org\",\"@graph\":[{\"@type\":\"WebPage\",\"@id\":\"https:\/\/senbera.com\/lt\/produktas\/zaislas-nuo-streso\/\",\"url\":\"https:\/\/senbera.com\/lt\/produktas\/zaislas-nuo-streso\/\",\"name\":\"\u017daislas nuo streso - Senbera LT\",\"isPartOf\":{\"@id\":\"https:\/\/senbera.com\/lt\/#website\"},\"primaryImageOfPage\":{\"@id\":\"https:\/\/senbera.com\/lt\/produktas\/zaislas-nuo-streso\/#primaryimage\"},\"image\":{\"@id\":\"https:\/\/senbera.com\/lt\/produktas\/zaislas-nuo-streso\/#primaryimage\"},\"thumbnailUrl\":\"https:\/\/senbera.com\/lt\/wp-content\/uploads\/sites\/22\/2026\/01\/l5y44q7-1.webp\",\"datePublished\":\"2026-01-19T07:58:24+00:00\",\"dateModified\":\"2026-01-19T07:58:38+00:00\",\"breadcrumb\":{\"@id\":\"https:\/\/senbera.com\/lt\/produktas\/zaislas-nuo-streso\/#breadcrumb\"},\"inLanguage\":\"lt-LT\",\"potentialAction\":[{\"@type\":\"ReadAction\",\"target\":[\"https:\/\/senbera.com\/lt\/produktas\/zaislas-nuo-streso\/\"]}]},{\"@type\":\"ImageObject\",\"inLanguage\":\"lt-LT\",\"@id\":\"https:\/\/senbera.com\/lt\/produktas\/zaislas-nuo-streso\/#primaryimage\",\"url\":\"https:\/\/senbera.com\/lt\/wp-content\/uploads\/sites\/22\/2026\/01\/l5y44q7-1.webp\",\"contentUrl\":\"https:\/\/senbera.com\/lt\/wp-content\/uploads\/sites\/22\/2026\/01\/l5y44q7-1.webp\",\"width\":768,\"height\":768},{\"@type\":\"BreadcrumbList\",\"@id\":\"https:\/\/senbera.com\/lt\/produktas\/zaislas-nuo-streso\/#breadcrumb\",\"itemListElement\":[{\"@type\":\"ListItem\",\"position\":1,\"name\":\"Home\",\"item\":\"https:\/\/senbera.com\/lt\/\"},{\"@type\":\"ListItem\",\"position\":2,\"name\":\"Katalogas\",\"item\":\"https:\/\/senbera.com\/lt\/katalogas\/\"},{\"@type\":\"ListItem\",\"position\":3,\"name\":\"\u017daislas nuo streso\"}]},{\"@type\":\"WebSite\",\"@id\":\"https:\/\/senbera.com\/lt\/#website\",\"url\":\"https:\/\/senbera.com\/lt\/\",\"name\":\"Senbera LT\",\"description\":\"\",\"publisher\":{\"@id\":\"https:\/\/senbera.com\/lt\/#organization\"},\"potentialAction\":[{\"@type\":\"SearchAction\",\"target\":{\"@type\":\"EntryPoint\",\"urlTemplate\":\"https:\/\/senbera.com\/lt\/?s={search_term_string}\"},\"query-input\":{\"@type\":\"PropertyValueSpecification\",\"valueRequired\":true,\"valueName\":\"search_term_string\"}}],\"inLanguage\":\"lt-LT\"},{\"@type\":\"Organization\",\"@id\":\"https:\/\/senbera.com\/lt\/#organization\",\"name\":\"Mekulo\",\"url\":\"https:\/\/senbera.com\/lt\/\",\"logo\":{\"@type\":\"ImageObject\",\"inLanguage\":\"lt-LT\",\"@id\":\"https:\/\/senbera.com\/lt\/#\/schema\/logo\/image\/\",\"url\":\"https:\/\/senbera.com\/lt\/wp-content\/uploads\/sites\/22\/2025\/12\/favicon_mekulo.png\",\"contentUrl\":\"https:\/\/senbera.com\/lt\/wp-content\/uploads\/sites\/22\/2025\/12\/favicon_mekulo.png\",\"width\":50,\"height\":50,\"caption\":\"Mekulo\"},\"image\":{\"@id\":\"https:\/\/senbera.com\/lt\/#\/schema\/logo\/image\/\"}}]}<\/script>\n<!-- \/ Yoast SEO plugin. -->","yoast_head_json":{"title":"\u017daislas nuo streso - Senbera LT","robots":{"index":"noindex","follow":"follow","max-snippet":"max-snippet:-1","max-image-preview":"max-image-preview:large","max-video-preview":"max-video-preview:-1"},"og_locale":"lt_LT","og_type":"article","og_title":"\u017daislas nuo streso - Senbera LT","og_description":"Greita pramoga ir streso mal\u0161inimas &#8211; viskas viename \u012ftraukian\u010diame \u017eaidime.Streso mal\u0161inimo \u017eaislas &#8211; tai greito st\u016bmimo \u017eaidim\u0173 konsol\u0117 su 999 [&hellip;]","og_url":"https:\/\/senbera.com\/lt\/produktas\/zaislas-nuo-streso\/","og_site_name":"Senbera LT","article_modified_time":"2026-01-19T07:58:38+00:00","twitter_card":"summary_large_image","twitter_misc":{"Est. reading time":"1 minut\u0117"},"schema":{"@context":"https:\/\/schema.org","@graph":[{"@type":"WebPage","@id":"https:\/\/senbera.com\/lt\/produktas\/zaislas-nuo-streso\/","url":"https:\/\/senbera.com\/lt\/produktas\/zaislas-nuo-streso\/","name":"\u017daislas nuo streso - Senbera LT","isPartOf":{"@id":"https:\/\/senbera.com\/lt\/#website"},"primaryImageOfPage":{"@id":"https:\/\/senbera.com\/lt\/produktas\/zaislas-nuo-streso\/#primaryimage"},"image":{"@id":"https:\/\/senbera.com\/lt\/produktas\/zaislas-nuo-streso\/#primaryimage"},"thumbnailUrl":"https:\/\/senbera.com\/lt\/wp-content\/uploads\/sites\/22\/2026\/01\/l5y44q7-1.webp","datePublished":"2026-01-19T07:58:24+00:00","dateModified":"2026-01-19T07:58:38+00:00","breadcrumb":{"@id":"https:\/\/senbera.com\/lt\/produktas\/zaislas-nuo-streso\/#breadcrumb"},"inLanguage":"lt-LT","potentialAction":[{"@type":"ReadAction","target":["https:\/\/senbera.com\/lt\/produktas\/zaislas-nuo-streso\/"]}]},{"@type":"ImageObject","inLanguage":"lt-LT","@id":"https:\/\/senbera.com\/lt\/produktas\/zaislas-nuo-streso\/#primaryimage","url":"https:\/\/senbera.com\/lt\/wp-content\/uploads\/sites\/22\/2026\/01\/l5y44q7-1.webp","contentUrl":"https:\/\/senbera.com\/lt\/wp-content\/uploads\/sites\/22\/2026\/01\/l5y44q7-1.webp","width":768,"height":768},{"@type":"BreadcrumbList","@id":"https:\/\/senbera.com\/lt\/produktas\/zaislas-nuo-streso\/#breadcrumb","itemListElement":[{"@type":"ListItem","position":1,"name":"Home","item":"https:\/\/senbera.com\/lt\/"},{"@type":"ListItem","position":2,"name":"Katalogas","item":"https:\/\/senbera.com\/lt\/katalogas\/"},{"@type":"ListItem","position":3,"name":"\u017daislas nuo streso"}]},{"@type":"WebSite","@id":"https:\/\/senbera.com\/lt\/#website","url":"https:\/\/senbera.com\/lt\/","name":"Senbera LT","description":"","publisher":{"@id":"https:\/\/senbera.com\/lt\/#organization"},"potentialAction":[{"@type":"SearchAction","target":{"@type":"EntryPoint","urlTemplate":"https:\/\/senbera.com\/lt\/?s={search_term_string}"},"query-input":{"@type":"PropertyValueSpecification","valueRequired":true,"valueName":"search_term_string"}}],"inLanguage":"lt-LT"},{"@type":"Organization","@id":"https:\/\/senbera.com\/lt\/#organization","name":"Mekulo","url":"https:\/\/senbera.com\/lt\/","logo":{"@type":"ImageObject","inLanguage":"lt-LT","@id":"https:\/\/senbera.com\/lt\/#\/schema\/logo\/image\/","url":"https:\/\/senbera.com\/lt\/wp-content\/uploads\/sites\/22\/2025\/12\/favicon_mekulo.png","contentUrl":"https:\/\/senbera.com\/lt\/wp-content\/uploads\/sites\/22\/2025\/12\/favicon_mekulo.png","width":50,"height":50,"caption":"Mekulo"},"image":{"@id":"https:\/\/senbera.com\/lt\/#\/schema\/logo\/image\/"}}]}},"_links":{"self":[{"href":"https:\/\/senbera.com\/lt\/wp-json\/wp\/v2\/product\/20348","targetHints":{"allow":["GET"]}}],"collection":[{"href":"https:\/\/senbera.com\/lt\/wp-json\/wp\/v2\/product"}],"about":[{"href":"https:\/\/senbera.com\/lt\/wp-json\/wp\/v2\/types\/product"}],"replies":[{"embeddable":true,"href":"https:\/\/senbera.com\/lt\/wp-json\/wp\/v2\/comments?post=20348"}],"wp:featuredmedia":[{"embeddable":true,"href":"https:\/\/senbera.com\/lt\/wp-json\/wp\/v2\/media\/20344"}],"wp:attachment":[{"href":"https:\/\/senbera.com\/lt\/wp-json\/wp\/v2\/media?parent=20348"}],"wp:term":[{"taxonomy":"product_brand","embeddable":true,"href":"https:\/\/senbera.com\/lt\/wp-json\/wp\/v2\/product_brand?post=20348"},{"taxonomy":"product_cat","embeddable":true,"href":"https:\/\/senbera.com\/lt\/wp-json\/wp\/v2\/product_cat?post=20348"},{"taxonomy":"product_tag","embeddable":true,"href":"https:\/\/senbera.com\/lt\/wp-json\/wp\/v2\/product_tag?post=20348"}],"curies":[{"name":"wp","href":"https:\/\/api.w.org\/{rel}","templated":true}]}}