{"id":20132,"date":"2026-01-16T12:49:20","date_gmt":"2026-01-16T10:49:20","guid":{"rendered":"https:\/\/senbera.com\/lt\/produktas\/antena\/"},"modified":"2026-01-16T12:49:41","modified_gmt":"2026-01-16T10:49:41","slug":"antena","status":"publish","type":"product","link":"https:\/\/senbera.com\/lt\/produktas\/antena\/","title":{"rendered":"Antena"},"content":{"rendered":"<p style=\"text-align: center\"><b>\ud83d\udce1 Pristatome ryklio peleko automobilin\u0119 anten\u0105 &#8211; stiling\u0105 patobulinim\u0105 geresniam signalui ir \u0161aunesniam va\u017eiavimui! \ud83d\ude97<\/b><\/p>\n<p style=\"text-align: center\"><span style=\"font-weight: 400\">\u0160i eleganti\u0161ka ryklio peleko antena suteiks j\u016bs\u0173 automobiliui moderni\u0105 i\u0161vaizd\u0105 ir kartu sustiprins radijo signal\u0105. Jokio gr\u0119\u017eimo, joki\u0173 pa\u017eeidim\u0173 &#8211; tiesiog nulupkite, priklijuokite ir va\u017eiuokite!<\/span><\/p>\n<p><img decoding=\"async\" class=\"size-full wp-image-16764 aligncenter\" src=\"https:\/\/keluvo.com\/template\/wp-content\/uploads\/sites\/5\/2025\/05\/antenna-ezgif.com-video-to-webp-converter.webp\" alt=\"\" \/><\/p>\n<h2 style=\"text-align: center\">Pagrindiniai Privalumai<\/h2>\n<p><span style=\"font-weight: 400\">Sustiprina FM\/AM signal\u0105 &#8211; ai\u0161kus garsas, geresnis pri\u0117mimas<\/span><span style=\"font-weight: 400\"><br \/>\n<\/span><\/p>\n<p><span style=\"font-weight: 400\">Stilus ryklio peleko dizainas &#8211; suteikia modernaus, prabangaus dizaino akcent\u0105<\/span><span style=\"font-weight: 400\"><br \/>\n<\/span><\/p>\n<p><span style=\"font-weight: 400\">Pagaminta i\u0161 tvirto ABS plastiko &#8211; nei\u0161bluks, nesutr\u016bkin\u0117s ir nesilups<\/span><span style=\"font-weight: 400\"><br \/>\n<\/span><\/p>\n<p><span style=\"font-weight: 400\">Vandeniui, dulk\u0117ms ir plovimui automobilyje atspari antena<\/span><\/p>\n<p><span style=\"font-weight: 400\">Lengvai montuojama &#8211; nereikia gr\u0119\u017eti ar naudoti speciali\u0173 \u012franki\u0173<\/span><\/p>\n<p><img decoding=\"async\" class=\"size-full wp-image-16769 aligncenter\" src=\"https:\/\/keluvo.com\/template\/wp-content\/uploads\/sites\/5\/2025\/05\/4eeffa42-68d2-4f9e-8bb0-8335d0d2d9ee.webp\" alt=\"\" \/><\/p>\n<h2 style=\"text-align: center\">Kaip \u0160is Gaminys Jums Pad\u0117s<\/h2>\n<p style=\"text-align: center\"><span style=\"font-weight: 400\">Ryklio peleko automobilin\u0117 antena pakei\u010dia j\u016bs\u0173 sen\u0105 anten\u0105 \u012f eleganti\u0161k\u0105, auk\u0161tos kokyb\u0117s anten\u0105.<\/span><\/p>\n<p style=\"text-align: center\"><span style=\"font-weight: 400\"> Ji puikiai tinka:<\/span><\/p>\n<ul>\n<li style=\"font-weight: 400\"><span style=\"font-weight: 400\">automobili\u0173 savininkams, norintiems geresnio radijo signalo pri\u0117mimo<\/span><span style=\"font-weight: 400\"><br \/>\n<\/span><\/li>\n<li style=\"font-weight: 400\"><span style=\"font-weight: 400\">Suteikti savo automobilio stogui \u0161auni\u0105, unikali\u0105 i\u0161vaizd\u0105<\/span><\/li>\n<li style=\"font-weight: 400\"><span style=\"font-weight: 400\">Skubus atnaujinimas negadinant automobilio pavir\u0161iaus.<\/span><\/li>\n<\/ul>\n<h2 style=\"text-align: center\">\ud83d\udce6 Pakuot\u0117je Yra<\/h2>\n<ul>\n<li style=\"font-weight: 400\"><span style=\"font-weight: 400\">1x ryklio peleko automobilin\u0117 radijo antena (su FM\/AM jungiamuoju kabeliu viduje).<\/span><\/li>\n<\/ul>\n","protected":false},"excerpt":{"rendered":"<p>\ud83d\udce1 Pristatome ryklio peleko automobilin\u0119 anten\u0105 &#8211; stiling\u0105 patobulinim\u0105 geresniam signalui ir \u0161aunesniam va\u017eiavimui! \ud83d\ude97 \u0160i eleganti\u0161ka ryklio peleko antena [&hellip;]<\/p>\n","protected":false},"featured_media":20128,"comment_status":"open","ping_status":"closed","template":"","meta":{"site-sidebar-layout":"default","site-content-layout":"","ast-site-content-layout":"default","site-content-style":"default","site-sidebar-style":"default","ast-global-header-display":"","ast-banner-title-visibility":"","ast-main-header-display":"","ast-hfb-above-header-display":"","ast-hfb-below-header-display":"","ast-hfb-mobile-header-display":"","site-post-title":"","ast-breadcrumbs-content":"","ast-featured-img":"","footer-sml-layout":"","theme-transparent-header-meta":"default","adv-header-id-meta":"","stick-header-meta":"","header-above-stick-meta":"","header-main-stick-meta":"","header-below-stick-meta":"","astra-migrate-meta-layouts":"set","ast-page-background-enabled":"default","ast-page-background-meta":{"desktop":{"background-color":"var(--ast-global-color-5)","background-image":"","background-repeat":"repeat","background-position":"center center","background-size":"auto","background-attachment":"scroll","background-type":"","background-media":"","overlay-type":"","overlay-color":"","overlay-opacity":"","overlay-gradient":""},"tablet":{"background-color":"","background-image":"","background-repeat":"repeat","background-position":"center center","background-size":"auto","background-attachment":"scroll","background-type":"","background-media":"","overlay-type":"","overlay-color":"","overlay-opacity":"","overlay-gradient":""},"mobile":{"background-color":"","background-image":"","background-repeat":"repeat","background-position":"center center","background-size":"auto","background-attachment":"scroll","background-type":"","background-media":"","overlay-type":"","overlay-color":"","overlay-opacity":"","overlay-gradient":""}},"ast-content-background-meta":{"desktop":{"background-color":"var(--ast-global-color-4)","background-image":"","background-repeat":"repeat","background-position":"center center","background-size":"auto","background-attachment":"scroll","background-type":"","background-media":"","overlay-type":"","overlay-color":"","overlay-opacity":"","overlay-gradient":""},"tablet":{"background-color":"var(--ast-global-color-4)","background-image":"","background-repeat":"repeat","background-position":"center center","background-size":"auto","background-attachment":"scroll","background-type":"","background-media":"","overlay-type":"","overlay-color":"","overlay-opacity":"","overlay-gradient":""},"mobile":{"background-color":"var(--ast-global-color-4)","background-image":"","background-repeat":"repeat","background-position":"center center","background-size":"auto","background-attachment":"scroll","background-type":"","background-media":"","overlay-type":"","overlay-color":"","overlay-opacity":"","overlay-gradient":""}}},"product_brand":[],"product_cat":[15],"product_tag":[],"class_list":{"0":"post-20132","1":"product","2":"type-product","3":"status-publish","4":"has-post-thumbnail","6":"product_cat-be-kategorijos","7":"pa_19207_qvhon2mr-balta","8":"pa_19207_qvhon2mr-juoda","9":"pa_19207_qvhon2mr-melyna","10":"pa_19207_qvhon2mr-raudona","11":"pa_19207_qvhon2mr-sidabrinis","12":"pa_19207_qvhon2mr-tamsiai-pilka","13":"desktop-align-left","14":"tablet-align-left","15":"mobile-align-left","17":"first","18":"instock","19":"shipping-taxable","20":"purchasable","21":"product-type-variable"},"yoast_head":"<!-- This site is optimized with the Yoast SEO plugin v26.6 - https:\/\/yoast.com\/wordpress\/plugins\/seo\/ -->\n<title>Antena - Senbera LT<\/title>\n<meta name=\"robots\" content=\"noindex, follow, max-snippet:-1, max-image-preview:large, max-video-preview:-1\" \/>\n<meta property=\"og:locale\" content=\"lt_LT\" \/>\n<meta property=\"og:type\" content=\"article\" \/>\n<meta property=\"og:title\" content=\"Antena - Senbera LT\" \/>\n<meta property=\"og:description\" content=\"\ud83d\udce1 Pristatome ryklio peleko automobilin\u0119 anten\u0105 &#8211; stiling\u0105 patobulinim\u0105 geresniam signalui ir \u0161aunesniam va\u017eiavimui! \ud83d\ude97 \u0160i eleganti\u0161ka ryklio peleko antena [&hellip;]\" \/>\n<meta property=\"og:url\" content=\"https:\/\/senbera.com\/lt\/produktas\/antena\/\" \/>\n<meta property=\"og:site_name\" content=\"Senbera LT\" \/>\n<meta property=\"article:modified_time\" content=\"2026-01-16T10:49:41+00:00\" \/>\n<meta name=\"twitter:card\" content=\"summary_large_image\" \/>\n<meta name=\"twitter:label1\" content=\"Est. reading time\" \/>\n\t<meta name=\"twitter:data1\" content=\"1 minut\u0117\" \/>\n<script type=\"application\/ld+json\" class=\"yoast-schema-graph\">{\"@context\":\"https:\/\/schema.org\",\"@graph\":[{\"@type\":\"WebPage\",\"@id\":\"https:\/\/senbera.com\/lt\/produktas\/antena\/\",\"url\":\"https:\/\/senbera.com\/lt\/produktas\/antena\/\",\"name\":\"Antena - Senbera LT\",\"isPartOf\":{\"@id\":\"https:\/\/senbera.com\/lt\/#website\"},\"primaryImageOfPage\":{\"@id\":\"https:\/\/senbera.com\/lt\/produktas\/antena\/#primaryimage\"},\"image\":{\"@id\":\"https:\/\/senbera.com\/lt\/produktas\/antena\/#primaryimage\"},\"thumbnailUrl\":\"https:\/\/senbera.com\/lt\/wp-content\/uploads\/sites\/22\/2026\/01\/wxryjgf-1.webp\",\"datePublished\":\"2026-01-16T10:49:20+00:00\",\"dateModified\":\"2026-01-16T10:49:41+00:00\",\"breadcrumb\":{\"@id\":\"https:\/\/senbera.com\/lt\/produktas\/antena\/#breadcrumb\"},\"inLanguage\":\"lt-LT\",\"potentialAction\":[{\"@type\":\"ReadAction\",\"target\":[\"https:\/\/senbera.com\/lt\/produktas\/antena\/\"]}]},{\"@type\":\"ImageObject\",\"inLanguage\":\"lt-LT\",\"@id\":\"https:\/\/senbera.com\/lt\/produktas\/antena\/#primaryimage\",\"url\":\"https:\/\/senbera.com\/lt\/wp-content\/uploads\/sites\/22\/2026\/01\/wxryjgf-1.webp\",\"contentUrl\":\"https:\/\/senbera.com\/lt\/wp-content\/uploads\/sites\/22\/2026\/01\/wxryjgf-1.webp\",\"width\":1000,\"height\":796},{\"@type\":\"BreadcrumbList\",\"@id\":\"https:\/\/senbera.com\/lt\/produktas\/antena\/#breadcrumb\",\"itemListElement\":[{\"@type\":\"ListItem\",\"position\":1,\"name\":\"Home\",\"item\":\"https:\/\/senbera.com\/lt\/\"},{\"@type\":\"ListItem\",\"position\":2,\"name\":\"Katalogas\",\"item\":\"https:\/\/senbera.com\/lt\/katalogas\/\"},{\"@type\":\"ListItem\",\"position\":3,\"name\":\"Antena\"}]},{\"@type\":\"WebSite\",\"@id\":\"https:\/\/senbera.com\/lt\/#website\",\"url\":\"https:\/\/senbera.com\/lt\/\",\"name\":\"Senbera LT\",\"description\":\"\",\"publisher\":{\"@id\":\"https:\/\/senbera.com\/lt\/#organization\"},\"potentialAction\":[{\"@type\":\"SearchAction\",\"target\":{\"@type\":\"EntryPoint\",\"urlTemplate\":\"https:\/\/senbera.com\/lt\/?s={search_term_string}\"},\"query-input\":{\"@type\":\"PropertyValueSpecification\",\"valueRequired\":true,\"valueName\":\"search_term_string\"}}],\"inLanguage\":\"lt-LT\"},{\"@type\":\"Organization\",\"@id\":\"https:\/\/senbera.com\/lt\/#organization\",\"name\":\"Mekulo\",\"url\":\"https:\/\/senbera.com\/lt\/\",\"logo\":{\"@type\":\"ImageObject\",\"inLanguage\":\"lt-LT\",\"@id\":\"https:\/\/senbera.com\/lt\/#\/schema\/logo\/image\/\",\"url\":\"https:\/\/senbera.com\/lt\/wp-content\/uploads\/sites\/22\/2025\/12\/favicon_mekulo.png\",\"contentUrl\":\"https:\/\/senbera.com\/lt\/wp-content\/uploads\/sites\/22\/2025\/12\/favicon_mekulo.png\",\"width\":50,\"height\":50,\"caption\":\"Mekulo\"},\"image\":{\"@id\":\"https:\/\/senbera.com\/lt\/#\/schema\/logo\/image\/\"}}]}<\/script>\n<!-- \/ Yoast SEO plugin. -->","yoast_head_json":{"title":"Antena - Senbera LT","robots":{"index":"noindex","follow":"follow","max-snippet":"max-snippet:-1","max-image-preview":"max-image-preview:large","max-video-preview":"max-video-preview:-1"},"og_locale":"lt_LT","og_type":"article","og_title":"Antena - Senbera LT","og_description":"\ud83d\udce1 Pristatome ryklio peleko automobilin\u0119 anten\u0105 &#8211; stiling\u0105 patobulinim\u0105 geresniam signalui ir \u0161aunesniam va\u017eiavimui! \ud83d\ude97 \u0160i eleganti\u0161ka ryklio peleko antena [&hellip;]","og_url":"https:\/\/senbera.com\/lt\/produktas\/antena\/","og_site_name":"Senbera LT","article_modified_time":"2026-01-16T10:49:41+00:00","twitter_card":"summary_large_image","twitter_misc":{"Est. reading time":"1 minut\u0117"},"schema":{"@context":"https:\/\/schema.org","@graph":[{"@type":"WebPage","@id":"https:\/\/senbera.com\/lt\/produktas\/antena\/","url":"https:\/\/senbera.com\/lt\/produktas\/antena\/","name":"Antena - Senbera LT","isPartOf":{"@id":"https:\/\/senbera.com\/lt\/#website"},"primaryImageOfPage":{"@id":"https:\/\/senbera.com\/lt\/produktas\/antena\/#primaryimage"},"image":{"@id":"https:\/\/senbera.com\/lt\/produktas\/antena\/#primaryimage"},"thumbnailUrl":"https:\/\/senbera.com\/lt\/wp-content\/uploads\/sites\/22\/2026\/01\/wxryjgf-1.webp","datePublished":"2026-01-16T10:49:20+00:00","dateModified":"2026-01-16T10:49:41+00:00","breadcrumb":{"@id":"https:\/\/senbera.com\/lt\/produktas\/antena\/#breadcrumb"},"inLanguage":"lt-LT","potentialAction":[{"@type":"ReadAction","target":["https:\/\/senbera.com\/lt\/produktas\/antena\/"]}]},{"@type":"ImageObject","inLanguage":"lt-LT","@id":"https:\/\/senbera.com\/lt\/produktas\/antena\/#primaryimage","url":"https:\/\/senbera.com\/lt\/wp-content\/uploads\/sites\/22\/2026\/01\/wxryjgf-1.webp","contentUrl":"https:\/\/senbera.com\/lt\/wp-content\/uploads\/sites\/22\/2026\/01\/wxryjgf-1.webp","width":1000,"height":796},{"@type":"BreadcrumbList","@id":"https:\/\/senbera.com\/lt\/produktas\/antena\/#breadcrumb","itemListElement":[{"@type":"ListItem","position":1,"name":"Home","item":"https:\/\/senbera.com\/lt\/"},{"@type":"ListItem","position":2,"name":"Katalogas","item":"https:\/\/senbera.com\/lt\/katalogas\/"},{"@type":"ListItem","position":3,"name":"Antena"}]},{"@type":"WebSite","@id":"https:\/\/senbera.com\/lt\/#website","url":"https:\/\/senbera.com\/lt\/","name":"Senbera LT","description":"","publisher":{"@id":"https:\/\/senbera.com\/lt\/#organization"},"potentialAction":[{"@type":"SearchAction","target":{"@type":"EntryPoint","urlTemplate":"https:\/\/senbera.com\/lt\/?s={search_term_string}"},"query-input":{"@type":"PropertyValueSpecification","valueRequired":true,"valueName":"search_term_string"}}],"inLanguage":"lt-LT"},{"@type":"Organization","@id":"https:\/\/senbera.com\/lt\/#organization","name":"Mekulo","url":"https:\/\/senbera.com\/lt\/","logo":{"@type":"ImageObject","inLanguage":"lt-LT","@id":"https:\/\/senbera.com\/lt\/#\/schema\/logo\/image\/","url":"https:\/\/senbera.com\/lt\/wp-content\/uploads\/sites\/22\/2025\/12\/favicon_mekulo.png","contentUrl":"https:\/\/senbera.com\/lt\/wp-content\/uploads\/sites\/22\/2025\/12\/favicon_mekulo.png","width":50,"height":50,"caption":"Mekulo"},"image":{"@id":"https:\/\/senbera.com\/lt\/#\/schema\/logo\/image\/"}}]}},"_links":{"self":[{"href":"https:\/\/senbera.com\/lt\/wp-json\/wp\/v2\/product\/20132","targetHints":{"allow":["GET"]}}],"collection":[{"href":"https:\/\/senbera.com\/lt\/wp-json\/wp\/v2\/product"}],"about":[{"href":"https:\/\/senbera.com\/lt\/wp-json\/wp\/v2\/types\/product"}],"replies":[{"embeddable":true,"href":"https:\/\/senbera.com\/lt\/wp-json\/wp\/v2\/comments?post=20132"}],"wp:featuredmedia":[{"embeddable":true,"href":"https:\/\/senbera.com\/lt\/wp-json\/wp\/v2\/media\/20128"}],"wp:attachment":[{"href":"https:\/\/senbera.com\/lt\/wp-json\/wp\/v2\/media?parent=20132"}],"wp:term":[{"taxonomy":"product_brand","embeddable":true,"href":"https:\/\/senbera.com\/lt\/wp-json\/wp\/v2\/product_brand?post=20132"},{"taxonomy":"product_cat","embeddable":true,"href":"https:\/\/senbera.com\/lt\/wp-json\/wp\/v2\/product_cat?post=20132"},{"taxonomy":"product_tag","embeddable":true,"href":"https:\/\/senbera.com\/lt\/wp-json\/wp\/v2\/product_tag?post=20132"}],"curies":[{"name":"wp","href":"https:\/\/api.w.org\/{rel}","templated":true}]}}