{"id":20075,"date":"2026-01-16T12:46:08","date_gmt":"2026-01-16T10:46:08","guid":{"rendered":"https:\/\/senbera.com\/lt\/produktas\/rankine-pinigine\/"},"modified":"2026-01-16T12:46:51","modified_gmt":"2026-01-16T10:46:51","slug":"rankine-pinigine","status":"publish","type":"product","link":"https:\/\/senbera.com\/lt\/produktas\/rankine-pinigine\/","title":{"rendered":"Rankin\u0117 pinigin\u0117"},"content":{"rendered":"<p style=\"text-align: center\"><b>\ud83d\udc5c Pristatome mini rankin\u0119 pinigin\u0119 &#8211; stiling\u0105 ir saugi\u0105 kasdien\u0119 rankin\u0119! \ud83d\udcb3<\/b><\/p>\n<p style=\"text-align: center\"><span style=\"font-weight: 400\">\u0160i miela ir kompakti\u0161ka rankin\u0117 puikiai tinka kasdieniniams b\u016btiniausiems daiktams laikyti. Ji stilinga, saugi ir tinka prie bet kokios aprangos!<\/span><\/p>\n<p><img decoding=\"async\" class=\"size-full wp-image-17007 aligncenter\" src=\"https:\/\/keluvo.com\/template\/wp-content\/uploads\/sites\/5\/2025\/05\/bag-ezgif.com-video-to-webp-converter.webp\" alt=\"\" \/><\/p>\n<h2 style=\"text-align: center\">Pagrindiniai Privalumai<\/h2>\n<p><span style=\"font-weight: 400\">Nene\u0161iokite jos kaip norite &#8211; per vien\u0105 pet\u012f arba kry\u017eminiu stiliumi<\/span><span style=\"font-weight: 400\"><br \/>\n<\/span><\/p>\n<p><span style=\"font-weight: 400\">Mink\u0161ta ir patvari sintetin\u0117 oda &#8211; puikiai jau\u010diasi ir ilgai tarnauja<\/span><span style=\"font-weight: 400\"><br \/>\n<\/span><\/p>\n<p><span style=\"font-weight: 400\">Saugus u\u017etrauktukas ir u\u017etrauktukas &#8211; viskas saugu<\/span><span style=\"font-weight: 400\"><br \/>\n<\/span><\/p>\n<p><span style=\"font-weight: 400\">Vidin\u0117 u\u017etrauktuko ki\u0161en\u0117l\u0117 &#8211; lengva tvarkyti korteles, raktus ir smulkius daiktus<\/span><\/p>\n<p><span style=\"font-weight: 400\">Eleganti\u0161ka ir paprasta &#8211; tinka prie bet kokio \u012fvaizd\u017eio, bet kuri\u0105 dien\u0105<\/span><\/p>\n<p><img decoding=\"async\" class=\"size-full wp-image-17012 aligncenter\" src=\"https:\/\/keluvo.com\/template\/wp-content\/uploads\/sites\/5\/2025\/05\/47848d27-497a-4688-964e-5a3b14b1fa6c.webp\" alt=\"\" \/><\/p>\n<h2 style=\"text-align: center\">Kaip \u0160is Gaminys Jums Pad\u0117s<\/h2>\n<p style=\"text-align: center\"><span style=\"font-weight: 400\">Mini rankin\u0117s pinigin\u0117 &#8211; puikus mados ir funkcionalumo derinys.<\/span><\/p>\n<p style=\"text-align: center\"><span style=\"font-weight: 400\"> Ji puikiai tinka:<\/span><\/p>\n<ul>\n<li style=\"font-weight: 400\"><span style=\"font-weight: 400\">greitoms kelion\u0117ms, susitikimams darbe ir kasdieniams reikalams<\/span><span style=\"font-weight: 400\"><br \/>\n<\/span><\/li>\n<li style=\"font-weight: 400\"><span style=\"font-weight: 400\">Tur\u0117ti laisvas rankas ir svarbiausius daiktus \u0161alia<\/span><\/li>\n<li style=\"font-weight: 400\"><span style=\"font-weight: 400\">Kiekvienam, m\u0117gstan\u010diam kompakti\u0161k\u0105, \u0161var\u0173 ir stiling\u0105 stili\u0173.<\/span><\/li>\n<\/ul>\n<h2 style=\"text-align: center\">\ud83d\udce6 Pakuot\u0117je Yra<\/h2>\n<ul>\n<li style=\"font-weight: 400\"><span style=\"font-weight: 400\">1x rankin\u0117 pinigin\u0117.<\/span><\/li>\n<\/ul>\n","protected":false},"excerpt":{"rendered":"<p>\ud83d\udc5c Pristatome mini rankin\u0119 pinigin\u0119 &#8211; stiling\u0105 ir saugi\u0105 kasdien\u0119 rankin\u0119! \ud83d\udcb3 \u0160i miela ir kompakti\u0161ka rankin\u0117 puikiai tinka kasdieniniams [&hellip;]<\/p>\n","protected":false},"featured_media":20071,"comment_status":"open","ping_status":"closed","template":"","meta":{"site-sidebar-layout":"default","site-content-layout":"","ast-site-content-layout":"default","site-content-style":"default","site-sidebar-style":"default","ast-global-header-display":"","ast-banner-title-visibility":"","ast-main-header-display":"","ast-hfb-above-header-display":"","ast-hfb-below-header-display":"","ast-hfb-mobile-header-display":"","site-post-title":"","ast-breadcrumbs-content":"","ast-featured-img":"","footer-sml-layout":"","theme-transparent-header-meta":"default","adv-header-id-meta":"","stick-header-meta":"","header-above-stick-meta":"","header-main-stick-meta":"","header-below-stick-meta":"","astra-migrate-meta-layouts":"set","ast-page-background-enabled":"default","ast-page-background-meta":{"desktop":{"background-color":"var(--ast-global-color-5)","background-image":"","background-repeat":"repeat","background-position":"center center","background-size":"auto","background-attachment":"scroll","background-type":"","background-media":"","overlay-type":"","overlay-color":"","overlay-opacity":"","overlay-gradient":""},"tablet":{"background-color":"","background-image":"","background-repeat":"repeat","background-position":"center center","background-size":"auto","background-attachment":"scroll","background-type":"","background-media":"","overlay-type":"","overlay-color":"","overlay-opacity":"","overlay-gradient":""},"mobile":{"background-color":"","background-image":"","background-repeat":"repeat","background-position":"center center","background-size":"auto","background-attachment":"scroll","background-type":"","background-media":"","overlay-type":"","overlay-color":"","overlay-opacity":"","overlay-gradient":""}},"ast-content-background-meta":{"desktop":{"background-color":"var(--ast-global-color-4)","background-image":"","background-repeat":"repeat","background-position":"center center","background-size":"auto","background-attachment":"scroll","background-type":"","background-media":"","overlay-type":"","overlay-color":"","overlay-opacity":"","overlay-gradient":""},"tablet":{"background-color":"var(--ast-global-color-4)","background-image":"","background-repeat":"repeat","background-position":"center center","background-size":"auto","background-attachment":"scroll","background-type":"","background-media":"","overlay-type":"","overlay-color":"","overlay-opacity":"","overlay-gradient":""},"mobile":{"background-color":"var(--ast-global-color-4)","background-image":"","background-repeat":"repeat","background-position":"center center","background-size":"auto","background-attachment":"scroll","background-type":"","background-media":"","overlay-type":"","overlay-color":"","overlay-opacity":"","overlay-gradient":""}}},"product_brand":[],"product_cat":[15],"product_tag":[],"class_list":{"0":"post-20075","1":"product","2":"type-product","3":"status-publish","4":"has-post-thumbnail","6":"product_cat-be-kategorijos","7":"pa_19402_7mcij7js-dangiskai-melyna","8":"pa_19402_7mcij7js-juoda","9":"pa_19402_7mcij7js-melyna","10":"pa_19402_7mcij7js-raudona","11":"pa_19402_7mcij7js-raudonas-vynas","12":"pa_19402_7mcij7js-rozinis","13":"pa_19402_7mcij7js-ruda","14":"pa_19402_7mcij7js-sviesiai-pilka","15":"pa_19402_7mcij7js-tamsiai-melyna","16":"pa_19402_7mcij7js-tamsiai-pilka","17":"pa_19402_7mcij7js-tamsiai-rozine","18":"pa_19402_7mcij7js-zalioji","19":"desktop-align-left","20":"tablet-align-left","21":"mobile-align-left","23":"first","24":"instock","25":"shipping-taxable","26":"purchasable","27":"product-type-variable"},"yoast_head":"<!-- This site is optimized with the Yoast SEO plugin v26.6 - https:\/\/yoast.com\/wordpress\/plugins\/seo\/ -->\n<title>Rankin\u0117 pinigin\u0117 - Senbera LT<\/title>\n<meta name=\"robots\" content=\"noindex, follow, max-snippet:-1, max-image-preview:large, max-video-preview:-1\" \/>\n<meta property=\"og:locale\" content=\"lt_LT\" \/>\n<meta property=\"og:type\" content=\"article\" \/>\n<meta property=\"og:title\" content=\"Rankin\u0117 pinigin\u0117 - Senbera LT\" \/>\n<meta property=\"og:description\" content=\"\ud83d\udc5c Pristatome mini rankin\u0119 pinigin\u0119 &#8211; stiling\u0105 ir saugi\u0105 kasdien\u0119 rankin\u0119! \ud83d\udcb3 \u0160i miela ir kompakti\u0161ka rankin\u0117 puikiai tinka kasdieniniams [&hellip;]\" \/>\n<meta property=\"og:url\" content=\"https:\/\/senbera.com\/lt\/produktas\/rankine-pinigine\/\" \/>\n<meta property=\"og:site_name\" content=\"Senbera LT\" \/>\n<meta property=\"article:modified_time\" content=\"2026-01-16T10:46:51+00:00\" \/>\n<meta name=\"twitter:card\" content=\"summary_large_image\" \/>\n<meta name=\"twitter:label1\" content=\"Est. reading time\" \/>\n\t<meta name=\"twitter:data1\" content=\"1 minut\u0117\" \/>\n<script type=\"application\/ld+json\" class=\"yoast-schema-graph\">{\"@context\":\"https:\/\/schema.org\",\"@graph\":[{\"@type\":\"WebPage\",\"@id\":\"https:\/\/senbera.com\/lt\/produktas\/rankine-pinigine\/\",\"url\":\"https:\/\/senbera.com\/lt\/produktas\/rankine-pinigine\/\",\"name\":\"Rankin\u0117 pinigin\u0117 - Senbera LT\",\"isPartOf\":{\"@id\":\"https:\/\/senbera.com\/lt\/#website\"},\"primaryImageOfPage\":{\"@id\":\"https:\/\/senbera.com\/lt\/produktas\/rankine-pinigine\/#primaryimage\"},\"image\":{\"@id\":\"https:\/\/senbera.com\/lt\/produktas\/rankine-pinigine\/#primaryimage\"},\"thumbnailUrl\":\"https:\/\/senbera.com\/lt\/wp-content\/uploads\/sites\/22\/2026\/01\/7qe4v08-1.webp\",\"datePublished\":\"2026-01-16T10:46:08+00:00\",\"dateModified\":\"2026-01-16T10:46:51+00:00\",\"breadcrumb\":{\"@id\":\"https:\/\/senbera.com\/lt\/produktas\/rankine-pinigine\/#breadcrumb\"},\"inLanguage\":\"lt-LT\",\"potentialAction\":[{\"@type\":\"ReadAction\",\"target\":[\"https:\/\/senbera.com\/lt\/produktas\/rankine-pinigine\/\"]}]},{\"@type\":\"ImageObject\",\"inLanguage\":\"lt-LT\",\"@id\":\"https:\/\/senbera.com\/lt\/produktas\/rankine-pinigine\/#primaryimage\",\"url\":\"https:\/\/senbera.com\/lt\/wp-content\/uploads\/sites\/22\/2026\/01\/7qe4v08-1.webp\",\"contentUrl\":\"https:\/\/senbera.com\/lt\/wp-content\/uploads\/sites\/22\/2026\/01\/7qe4v08-1.webp\",\"width\":800,\"height\":800},{\"@type\":\"BreadcrumbList\",\"@id\":\"https:\/\/senbera.com\/lt\/produktas\/rankine-pinigine\/#breadcrumb\",\"itemListElement\":[{\"@type\":\"ListItem\",\"position\":1,\"name\":\"Home\",\"item\":\"https:\/\/senbera.com\/lt\/\"},{\"@type\":\"ListItem\",\"position\":2,\"name\":\"Katalogas\",\"item\":\"https:\/\/senbera.com\/lt\/katalogas\/\"},{\"@type\":\"ListItem\",\"position\":3,\"name\":\"Rankin\u0117 pinigin\u0117\"}]},{\"@type\":\"WebSite\",\"@id\":\"https:\/\/senbera.com\/lt\/#website\",\"url\":\"https:\/\/senbera.com\/lt\/\",\"name\":\"Senbera LT\",\"description\":\"\",\"publisher\":{\"@id\":\"https:\/\/senbera.com\/lt\/#organization\"},\"potentialAction\":[{\"@type\":\"SearchAction\",\"target\":{\"@type\":\"EntryPoint\",\"urlTemplate\":\"https:\/\/senbera.com\/lt\/?s={search_term_string}\"},\"query-input\":{\"@type\":\"PropertyValueSpecification\",\"valueRequired\":true,\"valueName\":\"search_term_string\"}}],\"inLanguage\":\"lt-LT\"},{\"@type\":\"Organization\",\"@id\":\"https:\/\/senbera.com\/lt\/#organization\",\"name\":\"Mekulo\",\"url\":\"https:\/\/senbera.com\/lt\/\",\"logo\":{\"@type\":\"ImageObject\",\"inLanguage\":\"lt-LT\",\"@id\":\"https:\/\/senbera.com\/lt\/#\/schema\/logo\/image\/\",\"url\":\"https:\/\/senbera.com\/lt\/wp-content\/uploads\/sites\/22\/2025\/12\/favicon_mekulo.png\",\"contentUrl\":\"https:\/\/senbera.com\/lt\/wp-content\/uploads\/sites\/22\/2025\/12\/favicon_mekulo.png\",\"width\":50,\"height\":50,\"caption\":\"Mekulo\"},\"image\":{\"@id\":\"https:\/\/senbera.com\/lt\/#\/schema\/logo\/image\/\"}}]}<\/script>\n<!-- \/ Yoast SEO plugin. -->","yoast_head_json":{"title":"Rankin\u0117 pinigin\u0117 - Senbera LT","robots":{"index":"noindex","follow":"follow","max-snippet":"max-snippet:-1","max-image-preview":"max-image-preview:large","max-video-preview":"max-video-preview:-1"},"og_locale":"lt_LT","og_type":"article","og_title":"Rankin\u0117 pinigin\u0117 - Senbera LT","og_description":"\ud83d\udc5c Pristatome mini rankin\u0119 pinigin\u0119 &#8211; stiling\u0105 ir saugi\u0105 kasdien\u0119 rankin\u0119! \ud83d\udcb3 \u0160i miela ir kompakti\u0161ka rankin\u0117 puikiai tinka kasdieniniams [&hellip;]","og_url":"https:\/\/senbera.com\/lt\/produktas\/rankine-pinigine\/","og_site_name":"Senbera LT","article_modified_time":"2026-01-16T10:46:51+00:00","twitter_card":"summary_large_image","twitter_misc":{"Est. reading time":"1 minut\u0117"},"schema":{"@context":"https:\/\/schema.org","@graph":[{"@type":"WebPage","@id":"https:\/\/senbera.com\/lt\/produktas\/rankine-pinigine\/","url":"https:\/\/senbera.com\/lt\/produktas\/rankine-pinigine\/","name":"Rankin\u0117 pinigin\u0117 - Senbera LT","isPartOf":{"@id":"https:\/\/senbera.com\/lt\/#website"},"primaryImageOfPage":{"@id":"https:\/\/senbera.com\/lt\/produktas\/rankine-pinigine\/#primaryimage"},"image":{"@id":"https:\/\/senbera.com\/lt\/produktas\/rankine-pinigine\/#primaryimage"},"thumbnailUrl":"https:\/\/senbera.com\/lt\/wp-content\/uploads\/sites\/22\/2026\/01\/7qe4v08-1.webp","datePublished":"2026-01-16T10:46:08+00:00","dateModified":"2026-01-16T10:46:51+00:00","breadcrumb":{"@id":"https:\/\/senbera.com\/lt\/produktas\/rankine-pinigine\/#breadcrumb"},"inLanguage":"lt-LT","potentialAction":[{"@type":"ReadAction","target":["https:\/\/senbera.com\/lt\/produktas\/rankine-pinigine\/"]}]},{"@type":"ImageObject","inLanguage":"lt-LT","@id":"https:\/\/senbera.com\/lt\/produktas\/rankine-pinigine\/#primaryimage","url":"https:\/\/senbera.com\/lt\/wp-content\/uploads\/sites\/22\/2026\/01\/7qe4v08-1.webp","contentUrl":"https:\/\/senbera.com\/lt\/wp-content\/uploads\/sites\/22\/2026\/01\/7qe4v08-1.webp","width":800,"height":800},{"@type":"BreadcrumbList","@id":"https:\/\/senbera.com\/lt\/produktas\/rankine-pinigine\/#breadcrumb","itemListElement":[{"@type":"ListItem","position":1,"name":"Home","item":"https:\/\/senbera.com\/lt\/"},{"@type":"ListItem","position":2,"name":"Katalogas","item":"https:\/\/senbera.com\/lt\/katalogas\/"},{"@type":"ListItem","position":3,"name":"Rankin\u0117 pinigin\u0117"}]},{"@type":"WebSite","@id":"https:\/\/senbera.com\/lt\/#website","url":"https:\/\/senbera.com\/lt\/","name":"Senbera LT","description":"","publisher":{"@id":"https:\/\/senbera.com\/lt\/#organization"},"potentialAction":[{"@type":"SearchAction","target":{"@type":"EntryPoint","urlTemplate":"https:\/\/senbera.com\/lt\/?s={search_term_string}"},"query-input":{"@type":"PropertyValueSpecification","valueRequired":true,"valueName":"search_term_string"}}],"inLanguage":"lt-LT"},{"@type":"Organization","@id":"https:\/\/senbera.com\/lt\/#organization","name":"Mekulo","url":"https:\/\/senbera.com\/lt\/","logo":{"@type":"ImageObject","inLanguage":"lt-LT","@id":"https:\/\/senbera.com\/lt\/#\/schema\/logo\/image\/","url":"https:\/\/senbera.com\/lt\/wp-content\/uploads\/sites\/22\/2025\/12\/favicon_mekulo.png","contentUrl":"https:\/\/senbera.com\/lt\/wp-content\/uploads\/sites\/22\/2025\/12\/favicon_mekulo.png","width":50,"height":50,"caption":"Mekulo"},"image":{"@id":"https:\/\/senbera.com\/lt\/#\/schema\/logo\/image\/"}}]}},"_links":{"self":[{"href":"https:\/\/senbera.com\/lt\/wp-json\/wp\/v2\/product\/20075","targetHints":{"allow":["GET"]}}],"collection":[{"href":"https:\/\/senbera.com\/lt\/wp-json\/wp\/v2\/product"}],"about":[{"href":"https:\/\/senbera.com\/lt\/wp-json\/wp\/v2\/types\/product"}],"replies":[{"embeddable":true,"href":"https:\/\/senbera.com\/lt\/wp-json\/wp\/v2\/comments?post=20075"}],"wp:featuredmedia":[{"embeddable":true,"href":"https:\/\/senbera.com\/lt\/wp-json\/wp\/v2\/media\/20071"}],"wp:attachment":[{"href":"https:\/\/senbera.com\/lt\/wp-json\/wp\/v2\/media?parent=20075"}],"wp:term":[{"taxonomy":"product_brand","embeddable":true,"href":"https:\/\/senbera.com\/lt\/wp-json\/wp\/v2\/product_brand?post=20075"},{"taxonomy":"product_cat","embeddable":true,"href":"https:\/\/senbera.com\/lt\/wp-json\/wp\/v2\/product_cat?post=20075"},{"taxonomy":"product_tag","embeddable":true,"href":"https:\/\/senbera.com\/lt\/wp-json\/wp\/v2\/product_tag?post=20075"}],"curies":[{"name":"wp","href":"https:\/\/api.w.org\/{rel}","templated":true}]}}