{"id":20045,"date":"2026-01-16T12:43:49","date_gmt":"2026-01-16T10:43:49","guid":{"rendered":"https:\/\/senbera.com\/lt\/produktas\/ilenkimu-istraukiklis\/"},"modified":"2026-01-16T12:43:49","modified_gmt":"2026-01-16T10:43:49","slug":"ilenkimu-istraukiklis","status":"publish","type":"product","link":"https:\/\/senbera.com\/lt\/produktas\/ilenkimu-istraukiklis\/","title":{"rendered":"\u012elenkim\u0173 i\u0161traukiklis"},"content":{"rendered":"<p style=\"text-align: center\"><b>\ud83d\ude97 Pristatome \u012flenkim\u0173 \u0161alinimo \u012frank\u012f &#8211; lengv\u0105 \u012flenkim\u0173 \u0161alinim\u0105 be \u017ealos ir dideli\u0173 s\u0105skait\u0173!<\/b><\/p>\n<p style=\"text-align: center\"><span style=\"font-weight: 400\">\u0160is \u012frankis padeda pa\u0161alinti \u012flenkimus nuo automobilio, \u0161aldytuvo ar bet kokio kito metalinio pavir\u0161iaus. Nereikia nei da\u017e\u0173, nei profesional\u0173 &#8211; tiesiog traukite ir lyginkite!<\/span><\/p>\n<p><img decoding=\"async\" class=\"size-full wp-image-17080 aligncenter\" src=\"https:\/\/keluvo.com\/template\/wp-content\/uploads\/sites\/5\/2025\/05\/car-ezgif.com-video-to-webp-converter.webp\" alt=\"\" \/><\/p>\n<h2 style=\"text-align: center\"><strong>Main Benefits<\/strong><\/h2>\n<p><span style=\"font-weight: 400\">Pa\u0161alina \u012flenkimus nepa\u017eeisdami da\u017e\u0173<\/span><span style=\"font-weight: 400\"><br \/>\n<\/span><\/p>\n<p><span style=\"font-weight: 400\">Tinka automobiliams, \u0161aldytuvams, skalbimo ma\u0161inoms ir dar daugiau<\/span><span style=\"font-weight: 400\"><br \/>\n<\/span><\/p>\n<p><span style=\"font-weight: 400\">Lengva naudoti &#8211; nereikia speciali\u0173 \u012fg\u016bd\u017ei\u0173<\/span><span style=\"font-weight: 400\"><br \/>\n<\/span><\/p>\n<p><span style=\"font-weight: 400\">Lengvas ir tvirtas &#8211; juo gali naudotis kiekvienas<\/span><\/p>\n<p><span style=\"font-weight: 400\">Sutaupo laiko ir pinig\u0173 remontui<\/span><\/p>\n<p><img decoding=\"async\" class=\"size-full wp-image-17076 aligncenter\" src=\"https:\/\/keluvo.com\/template\/wp-content\/uploads\/sites\/5\/2025\/05\/dd971d21-4c51-4df8-aa2f-d20e83313b69.webp\" alt=\"\" \/><\/p>\n<h2 style=\"text-align: center\"><strong>How This Product Helps You<\/strong><\/h2>\n<p style=\"text-align: center\"><span style=\"font-weight: 400\">\u012elenkim\u0173 \u0161alinimo \u012franki\u0173 rinkinys suteikia jums galimyb\u0119 taisyti \u012flenkimus namuose.<\/span><\/p>\n<p style=\"text-align: center\"><span style=\"font-weight: 400\"> Jis puikiai tinka:<\/span><\/p>\n<ul>\n<li style=\"font-weight: 400\"><span style=\"font-weight: 400\">automobili\u0173 savininkams, norintiems paprasto &#8222;pasidaryk pats&#8221; sprendimo<\/span><span style=\"font-weight: 400\"><br \/>\n<\/span><\/li>\n<li style=\"font-weight: 400\"><span style=\"font-weight: 400\">Kiekvienam, taisan\u010diam \u012flenkimus ant metalini\u0173 prietais\u0173<\/span><\/li>\n<li style=\"font-weight: 400\"><span style=\"font-weight: 400\">Sutaupysite laiko, pastang\u0173 ir pinig\u0173.<\/span><\/li>\n<\/ul>\n<p><img decoding=\"async\" class=\"size-full wp-image-17081 aligncenter\" src=\"https:\/\/keluvo.com\/template\/wp-content\/uploads\/sites\/5\/2025\/05\/S3689cd3572984e4080648526c36bfe89T.jpg_960x960q75.jpg_.avif\" alt=\"\" \/><\/p>\n<h2 style=\"text-align: center\"><strong>How To Use<\/strong><\/h2>\n<ol>\n<li style=\"font-weight: 400\"><span style=\"font-weight: 400\">I\u0161valykite \u012flenkt\u0105 viet\u0105 dr\u0117gnu skudur\u0117liu.<\/span><span style=\"font-weight: 400\"><br \/>\n<\/span><\/li>\n<li style=\"font-weight: 400\"><span style=\"font-weight: 400\">\u012fd\u0117kite klij\u0173 lazdel\u0119 \u012f klij\u0173 pistolet\u0105 ir kaitinkite 5 minutes.<\/span><span style=\"font-weight: 400\"><br \/>\n<\/span><\/li>\n<li style=\"font-weight: 400\"><span style=\"font-weight: 400\">pasirinkite tinkam\u0105 klij\u0173 skirtuko dyd\u012f pagal \u012flenkim\u0105.<\/span><span style=\"font-weight: 400\"><br \/>\n<\/span><\/li>\n<li style=\"font-weight: 400\"><span style=\"font-weight: 400\">u\u017etepkite kar\u0161t\u0173 klij\u0173 ant skirtuko ir priklijuokite j\u012f prie \u012flenkimo centro.<\/span><span style=\"font-weight: 400\"><br \/>\n<\/span><\/li>\n<li style=\"font-weight: 400\"><span style=\"font-weight: 400\">Palaukite, kol i\u0161d\u017eius, tada naudokite T formos strypel\u012f, kad \u0161velniai i\u0161trauktum\u0117te \u012fdubim\u0105.<\/span><span style=\"font-weight: 400\"><br \/>\n<\/span><\/li>\n<li style=\"font-weight: 400\"><span style=\"font-weight: 400\">Nedideliems baigiamiesiems pataisymams naudokite tap\u0161nojam\u0105j\u012f ra\u0161ikl\u012f arba plaktuk\u0105.<\/span><\/li>\n<li style=\"font-weight: 400\"><span style=\"font-weight: 400\">Klij\u0173 liku\u010dius nuvalykite dr\u0117gnu skudur\u0117liu.<\/span><\/li>\n<\/ol>\n<h2 style=\"text-align: center\"><strong>\ud83d\udce6 Package Includes<\/strong><\/h2>\n<ul>\n<li style=\"font-weight: 400\"><span style=\"font-weight: 400\">1x \u012fdubim\u0173 \u0161alinimo T formos strypelio \u012frankis (dizainas &#8222;2-in-1&#8221;)<\/span><span style=\"font-weight: 400\"><br \/>\n<\/span><\/li>\n<li style=\"font-weight: 400\"><span style=\"font-weight: 400\">18x traukimo skirtukai (\u012fvairi\u0173 dyd\u017ei\u0173 skirtingiems \u012fdubimams).<\/span><\/li>\n<\/ul>\n<p>&nbsp;<\/p>\n","protected":false},"excerpt":{"rendered":"<p>\ud83d\ude97 Pristatome \u012flenkim\u0173 \u0161alinimo \u012frank\u012f &#8211; lengv\u0105 \u012flenkim\u0173 \u0161alinim\u0105 be \u017ealos ir dideli\u0173 s\u0105skait\u0173! \u0160is \u012frankis padeda pa\u0161alinti \u012flenkimus nuo [&hellip;]<\/p>\n","protected":false},"featured_media":20041,"comment_status":"open","ping_status":"closed","template":"","meta":{"site-sidebar-layout":"default","site-content-layout":"","ast-site-content-layout":"default","site-content-style":"default","site-sidebar-style":"default","ast-global-header-display":"","ast-banner-title-visibility":"","ast-main-header-display":"","ast-hfb-above-header-display":"","ast-hfb-below-header-display":"","ast-hfb-mobile-header-display":"","site-post-title":"","ast-breadcrumbs-content":"","ast-featured-img":"","footer-sml-layout":"","theme-transparent-header-meta":"default","adv-header-id-meta":"","stick-header-meta":"","header-above-stick-meta":"","header-main-stick-meta":"","header-below-stick-meta":"","astra-migrate-meta-layouts":"set","ast-page-background-enabled":"default","ast-page-background-meta":{"desktop":{"background-color":"var(--ast-global-color-5)","background-image":"","background-repeat":"repeat","background-position":"center center","background-size":"auto","background-attachment":"scroll","background-type":"","background-media":"","overlay-type":"","overlay-color":"","overlay-opacity":"","overlay-gradient":""},"tablet":{"background-color":"","background-image":"","background-repeat":"repeat","background-position":"center center","background-size":"auto","background-attachment":"scroll","background-type":"","background-media":"","overlay-type":"","overlay-color":"","overlay-opacity":"","overlay-gradient":""},"mobile":{"background-color":"","background-image":"","background-repeat":"repeat","background-position":"center center","background-size":"auto","background-attachment":"scroll","background-type":"","background-media":"","overlay-type":"","overlay-color":"","overlay-opacity":"","overlay-gradient":""}},"ast-content-background-meta":{"desktop":{"background-color":"var(--ast-global-color-4)","background-image":"","background-repeat":"repeat","background-position":"center center","background-size":"auto","background-attachment":"scroll","background-type":"","background-media":"","overlay-type":"","overlay-color":"","overlay-opacity":"","overlay-gradient":""},"tablet":{"background-color":"var(--ast-global-color-4)","background-image":"","background-repeat":"repeat","background-position":"center center","background-size":"auto","background-attachment":"scroll","background-type":"","background-media":"","overlay-type":"","overlay-color":"","overlay-opacity":"","overlay-gradient":""},"mobile":{"background-color":"var(--ast-global-color-4)","background-image":"","background-repeat":"repeat","background-position":"center center","background-size":"auto","background-attachment":"scroll","background-type":"","background-media":"","overlay-type":"","overlay-color":"","overlay-opacity":"","overlay-gradient":""}}},"product_brand":[],"product_cat":[15],"product_tag":[],"class_list":{"0":"post-20045","1":"product","2":"type-product","3":"status-publish","4":"has-post-thumbnail","6":"product_cat-be-kategorijos","7":"desktop-align-left","8":"tablet-align-left","9":"mobile-align-left","11":"first","12":"instock","13":"shipping-taxable","14":"purchasable","15":"product-type-simple"},"yoast_head":"<!-- This site is optimized with the Yoast SEO plugin v26.6 - https:\/\/yoast.com\/wordpress\/plugins\/seo\/ -->\n<title>\u012elenkim\u0173 i\u0161traukiklis - Senbera LT<\/title>\n<meta name=\"robots\" content=\"noindex, follow, max-snippet:-1, max-image-preview:large, max-video-preview:-1\" \/>\n<meta property=\"og:locale\" content=\"lt_LT\" \/>\n<meta property=\"og:type\" content=\"article\" \/>\n<meta property=\"og:title\" content=\"\u012elenkim\u0173 i\u0161traukiklis - Senbera LT\" \/>\n<meta property=\"og:description\" content=\"\ud83d\ude97 Pristatome \u012flenkim\u0173 \u0161alinimo \u012frank\u012f &#8211; lengv\u0105 \u012flenkim\u0173 \u0161alinim\u0105 be \u017ealos ir dideli\u0173 s\u0105skait\u0173! \u0160is \u012frankis padeda pa\u0161alinti \u012flenkimus nuo [&hellip;]\" \/>\n<meta property=\"og:url\" content=\"https:\/\/senbera.com\/lt\/produktas\/ilenkimu-istraukiklis\/\" \/>\n<meta property=\"og:site_name\" content=\"Senbera LT\" \/>\n<meta name=\"twitter:card\" content=\"summary_large_image\" \/>\n<meta name=\"twitter:label1\" content=\"Est. reading time\" \/>\n\t<meta name=\"twitter:data1\" content=\"1 minut\u0117\" \/>\n<script type=\"application\/ld+json\" class=\"yoast-schema-graph\">{\"@context\":\"https:\/\/schema.org\",\"@graph\":[{\"@type\":\"WebPage\",\"@id\":\"https:\/\/senbera.com\/lt\/produktas\/ilenkimu-istraukiklis\/\",\"url\":\"https:\/\/senbera.com\/lt\/produktas\/ilenkimu-istraukiklis\/\",\"name\":\"\u012elenkim\u0173 i\u0161traukiklis - Senbera LT\",\"isPartOf\":{\"@id\":\"https:\/\/senbera.com\/lt\/#website\"},\"primaryImageOfPage\":{\"@id\":\"https:\/\/senbera.com\/lt\/produktas\/ilenkimu-istraukiklis\/#primaryimage\"},\"image\":{\"@id\":\"https:\/\/senbera.com\/lt\/produktas\/ilenkimu-istraukiklis\/#primaryimage\"},\"thumbnailUrl\":\"https:\/\/senbera.com\/lt\/wp-content\/uploads\/sites\/22\/2026\/01\/01128u9-1.webp\",\"datePublished\":\"2026-01-16T10:43:49+00:00\",\"breadcrumb\":{\"@id\":\"https:\/\/senbera.com\/lt\/produktas\/ilenkimu-istraukiklis\/#breadcrumb\"},\"inLanguage\":\"lt-LT\",\"potentialAction\":[{\"@type\":\"ReadAction\",\"target\":[\"https:\/\/senbera.com\/lt\/produktas\/ilenkimu-istraukiklis\/\"]}]},{\"@type\":\"ImageObject\",\"inLanguage\":\"lt-LT\",\"@id\":\"https:\/\/senbera.com\/lt\/produktas\/ilenkimu-istraukiklis\/#primaryimage\",\"url\":\"https:\/\/senbera.com\/lt\/wp-content\/uploads\/sites\/22\/2026\/01\/01128u9-1.webp\",\"contentUrl\":\"https:\/\/senbera.com\/lt\/wp-content\/uploads\/sites\/22\/2026\/01\/01128u9-1.webp\",\"width\":1000,\"height\":589},{\"@type\":\"BreadcrumbList\",\"@id\":\"https:\/\/senbera.com\/lt\/produktas\/ilenkimu-istraukiklis\/#breadcrumb\",\"itemListElement\":[{\"@type\":\"ListItem\",\"position\":1,\"name\":\"Home\",\"item\":\"https:\/\/senbera.com\/lt\/\"},{\"@type\":\"ListItem\",\"position\":2,\"name\":\"Katalogas\",\"item\":\"https:\/\/senbera.com\/lt\/katalogas\/\"},{\"@type\":\"ListItem\",\"position\":3,\"name\":\"\u012elenkim\u0173 i\u0161traukiklis\"}]},{\"@type\":\"WebSite\",\"@id\":\"https:\/\/senbera.com\/lt\/#website\",\"url\":\"https:\/\/senbera.com\/lt\/\",\"name\":\"Senbera LT\",\"description\":\"\",\"publisher\":{\"@id\":\"https:\/\/senbera.com\/lt\/#organization\"},\"potentialAction\":[{\"@type\":\"SearchAction\",\"target\":{\"@type\":\"EntryPoint\",\"urlTemplate\":\"https:\/\/senbera.com\/lt\/?s={search_term_string}\"},\"query-input\":{\"@type\":\"PropertyValueSpecification\",\"valueRequired\":true,\"valueName\":\"search_term_string\"}}],\"inLanguage\":\"lt-LT\"},{\"@type\":\"Organization\",\"@id\":\"https:\/\/senbera.com\/lt\/#organization\",\"name\":\"Mekulo\",\"url\":\"https:\/\/senbera.com\/lt\/\",\"logo\":{\"@type\":\"ImageObject\",\"inLanguage\":\"lt-LT\",\"@id\":\"https:\/\/senbera.com\/lt\/#\/schema\/logo\/image\/\",\"url\":\"https:\/\/senbera.com\/lt\/wp-content\/uploads\/sites\/22\/2025\/12\/favicon_mekulo.png\",\"contentUrl\":\"https:\/\/senbera.com\/lt\/wp-content\/uploads\/sites\/22\/2025\/12\/favicon_mekulo.png\",\"width\":50,\"height\":50,\"caption\":\"Mekulo\"},\"image\":{\"@id\":\"https:\/\/senbera.com\/lt\/#\/schema\/logo\/image\/\"}}]}<\/script>\n<!-- \/ Yoast SEO plugin. -->","yoast_head_json":{"title":"\u012elenkim\u0173 i\u0161traukiklis - Senbera LT","robots":{"index":"noindex","follow":"follow","max-snippet":"max-snippet:-1","max-image-preview":"max-image-preview:large","max-video-preview":"max-video-preview:-1"},"og_locale":"lt_LT","og_type":"article","og_title":"\u012elenkim\u0173 i\u0161traukiklis - Senbera LT","og_description":"\ud83d\ude97 Pristatome \u012flenkim\u0173 \u0161alinimo \u012frank\u012f &#8211; lengv\u0105 \u012flenkim\u0173 \u0161alinim\u0105 be \u017ealos ir dideli\u0173 s\u0105skait\u0173! \u0160is \u012frankis padeda pa\u0161alinti \u012flenkimus nuo [&hellip;]","og_url":"https:\/\/senbera.com\/lt\/produktas\/ilenkimu-istraukiklis\/","og_site_name":"Senbera LT","twitter_card":"summary_large_image","twitter_misc":{"Est. reading time":"1 minut\u0117"},"schema":{"@context":"https:\/\/schema.org","@graph":[{"@type":"WebPage","@id":"https:\/\/senbera.com\/lt\/produktas\/ilenkimu-istraukiklis\/","url":"https:\/\/senbera.com\/lt\/produktas\/ilenkimu-istraukiklis\/","name":"\u012elenkim\u0173 i\u0161traukiklis - Senbera LT","isPartOf":{"@id":"https:\/\/senbera.com\/lt\/#website"},"primaryImageOfPage":{"@id":"https:\/\/senbera.com\/lt\/produktas\/ilenkimu-istraukiklis\/#primaryimage"},"image":{"@id":"https:\/\/senbera.com\/lt\/produktas\/ilenkimu-istraukiklis\/#primaryimage"},"thumbnailUrl":"https:\/\/senbera.com\/lt\/wp-content\/uploads\/sites\/22\/2026\/01\/01128u9-1.webp","datePublished":"2026-01-16T10:43:49+00:00","breadcrumb":{"@id":"https:\/\/senbera.com\/lt\/produktas\/ilenkimu-istraukiklis\/#breadcrumb"},"inLanguage":"lt-LT","potentialAction":[{"@type":"ReadAction","target":["https:\/\/senbera.com\/lt\/produktas\/ilenkimu-istraukiklis\/"]}]},{"@type":"ImageObject","inLanguage":"lt-LT","@id":"https:\/\/senbera.com\/lt\/produktas\/ilenkimu-istraukiklis\/#primaryimage","url":"https:\/\/senbera.com\/lt\/wp-content\/uploads\/sites\/22\/2026\/01\/01128u9-1.webp","contentUrl":"https:\/\/senbera.com\/lt\/wp-content\/uploads\/sites\/22\/2026\/01\/01128u9-1.webp","width":1000,"height":589},{"@type":"BreadcrumbList","@id":"https:\/\/senbera.com\/lt\/produktas\/ilenkimu-istraukiklis\/#breadcrumb","itemListElement":[{"@type":"ListItem","position":1,"name":"Home","item":"https:\/\/senbera.com\/lt\/"},{"@type":"ListItem","position":2,"name":"Katalogas","item":"https:\/\/senbera.com\/lt\/katalogas\/"},{"@type":"ListItem","position":3,"name":"\u012elenkim\u0173 i\u0161traukiklis"}]},{"@type":"WebSite","@id":"https:\/\/senbera.com\/lt\/#website","url":"https:\/\/senbera.com\/lt\/","name":"Senbera LT","description":"","publisher":{"@id":"https:\/\/senbera.com\/lt\/#organization"},"potentialAction":[{"@type":"SearchAction","target":{"@type":"EntryPoint","urlTemplate":"https:\/\/senbera.com\/lt\/?s={search_term_string}"},"query-input":{"@type":"PropertyValueSpecification","valueRequired":true,"valueName":"search_term_string"}}],"inLanguage":"lt-LT"},{"@type":"Organization","@id":"https:\/\/senbera.com\/lt\/#organization","name":"Mekulo","url":"https:\/\/senbera.com\/lt\/","logo":{"@type":"ImageObject","inLanguage":"lt-LT","@id":"https:\/\/senbera.com\/lt\/#\/schema\/logo\/image\/","url":"https:\/\/senbera.com\/lt\/wp-content\/uploads\/sites\/22\/2025\/12\/favicon_mekulo.png","contentUrl":"https:\/\/senbera.com\/lt\/wp-content\/uploads\/sites\/22\/2025\/12\/favicon_mekulo.png","width":50,"height":50,"caption":"Mekulo"},"image":{"@id":"https:\/\/senbera.com\/lt\/#\/schema\/logo\/image\/"}}]}},"_links":{"self":[{"href":"https:\/\/senbera.com\/lt\/wp-json\/wp\/v2\/product\/20045","targetHints":{"allow":["GET"]}}],"collection":[{"href":"https:\/\/senbera.com\/lt\/wp-json\/wp\/v2\/product"}],"about":[{"href":"https:\/\/senbera.com\/lt\/wp-json\/wp\/v2\/types\/product"}],"replies":[{"embeddable":true,"href":"https:\/\/senbera.com\/lt\/wp-json\/wp\/v2\/comments?post=20045"}],"wp:featuredmedia":[{"embeddable":true,"href":"https:\/\/senbera.com\/lt\/wp-json\/wp\/v2\/media\/20041"}],"wp:attachment":[{"href":"https:\/\/senbera.com\/lt\/wp-json\/wp\/v2\/media?parent=20045"}],"wp:term":[{"taxonomy":"product_brand","embeddable":true,"href":"https:\/\/senbera.com\/lt\/wp-json\/wp\/v2\/product_brand?post=20045"},{"taxonomy":"product_cat","embeddable":true,"href":"https:\/\/senbera.com\/lt\/wp-json\/wp\/v2\/product_cat?post=20045"},{"taxonomy":"product_tag","embeddable":true,"href":"https:\/\/senbera.com\/lt\/wp-json\/wp\/v2\/product_tag?post=20045"}],"curies":[{"name":"wp","href":"https:\/\/api.w.org\/{rel}","templated":true}]}}