{"id":19978,"date":"2026-01-16T12:37:43","date_gmt":"2026-01-16T10:37:43","guid":{"rendered":"https:\/\/senbera.com\/lt\/produktas\/kampiniu-spaustuvu-rinkinys\/"},"modified":"2026-01-16T12:37:54","modified_gmt":"2026-01-16T10:37:54","slug":"kampiniu-spaustuvu-rinkinys","status":"publish","type":"product","link":"https:\/\/senbera.com\/lt\/produktas\/kampiniu-spaustuvu-rinkinys\/","title":{"rendered":"Kampini\u0173 spaustuv\u0173 rinkinys"},"content":{"rendered":"<p style=\"text-align: center\"><strong>Pristatome Kampini\u0173 Spaustuv\u0173 Rinkin\u012f \u2013 Paprast\u0105 Ir Tvirt\u0105 Pagalbinink\u0105, Pad\u0117siant\u012f Sukurti Tobulus Kampus!<\/strong><\/p>\n<p style=\"text-align: center\"><span style=\"font-weight: 400\">\u0160ie spaustuvai tvirtai ir tiesiai laiko medien\u0105, tod\u0117l statyti ir tvirtinti projektus galima greitai ir lengvai!<\/span><\/p>\n<p><img decoding=\"async\" class=\"alignnone size-full wp-image-16885 aligncenter\" src=\"https:\/\/keluvo.com\/template\/wp-content\/uploads\/sites\/5\/2025\/05\/Cornerclampset-ezgif.com-video-to-webp-converter.webp\" alt=\"\" \/><\/p>\n<h2 style=\"text-align: center\">Pagrindiniai Privalumai<\/h2>\n<p><span style=\"font-weight: 400\">Pagaminta i\u0161 tvirtos, auk\u0161tos kokyb\u0117s ABS med\u017eiagos &#8211; ilgaam\u017e\u0117<\/span><span style=\"font-weight: 400\"><br \/>\n<\/span><\/p>\n<p><span style=\"font-weight: 400\">Pagalba lengvai prilaikyti kampus, kol dirbate<\/span><span style=\"font-weight: 400\"><br \/>\n<\/span><\/p>\n<p><span style=\"font-weight: 400\">Tinka med\u017eio apdirbimui, suvirinimui, var\u017et\u0173 \u012fsukimui ir klijavimui<\/span><span style=\"font-weight: 400\"><br \/>\n<\/span><\/p>\n<p><span style=\"font-weight: 400\">Tinka spintoms, lentynoms, d\u0117\u017eut\u0117ms ir paveiksl\u0173 r\u0117meliams gaminti<\/span><span style=\"font-weight: 400\"><br \/>\n<\/span><\/p>\n<p><span style=\"font-weight: 400\">Paprastas naudojimas &#8211; taupo laik\u0105 ir u\u017etikrina puiki\u0105 projekt\u0173 i\u0161vaizd\u0105<\/span><\/p>\n<p><img decoding=\"async\" class=\"alignnone size-full wp-image-16889 aligncenter\" src=\"https:\/\/keluvo.com\/template\/wp-content\/uploads\/sites\/5\/2025\/05\/211f047b-9359-4194-a5df-2c3029b597cf.webp.webp\" alt=\"\" \/><\/p>\n<h2 style=\"text-align: center\">Kaip \u0160is Gaminys Jums Pad\u0117s<\/h2>\n<p style=\"text-align: center\"><span style=\"font-weight: 400\">Kamp\u0173 spaustuv\u0173 rinkinys puikiai tinka visiems, kurie m\u0117gsta &#8222;pasidaryk pats&#8221; projektus, med\u017eio apdirbim\u0105 ar greit\u0105 nam\u0173 remont\u0105.<\/span><\/p>\n<p style=\"text-align: center\"><span style=\"font-weight: 400\"> Puikiai tinka:<\/span><\/p>\n<ul>\n<li style=\"font-weight: 400\"><span style=\"font-weight: 400\">statyti ar tvirtinti spintas ir baldus<\/span><span style=\"font-weight: 400\"><br \/>\n<\/span><\/li>\n<li style=\"font-weight: 400\"><span style=\"font-weight: 400\">Surinkti paveiksl\u0173 r\u0117mus ir d\u0117\u017ees<\/span><span style=\"font-weight: 400\"><br \/>\n<\/span><\/li>\n<li style=\"font-weight: 400\"><span style=\"font-weight: 400\">Lengvai sutvirtinti kampus<\/span><\/li>\n<\/ul>\n<h2 style=\"text-align: center\">Kaip Naudoti<\/h2>\n<ol>\n<li style=\"font-weight: 400\"><span style=\"font-weight: 400\">U\u017ed\u0117kite spaustuk\u0105 ant kampo, kur susilie\u010dia dvi medienos dalys.<\/span><span style=\"font-weight: 400\"><br \/>\n<\/span><\/li>\n<li style=\"font-weight: 400\"><span style=\"font-weight: 400\">\u012etempkite spaustuk\u0105, kad dalys laikyt\u0173si.<\/span><span style=\"font-weight: 400\"><br \/>\n<\/span><\/li>\n<li style=\"font-weight: 400\"><span style=\"font-weight: 400\">Nesijaudindami prikalkite vinis, prisukite var\u017etus ar klijuokite projekt\u0105!<\/span><span style=\"font-weight: 400\"><br \/>\n<\/span><\/li>\n<li style=\"font-weight: 400\"><span style=\"font-weight: 400\">Baig\u0119 darb\u0105 nuimkite spaustuk\u0105.<\/span><\/li>\n<\/ol>\n<h2 style=\"text-align: center\">Pakuot\u0117je Yra<\/h2>\n<ul>\n<li style=\"font-weight: 400\"><span style=\"font-weight: 400\">1, 2 arba 4x kampiniai spaustukai (priklausomai nuo j\u016bs\u0173 pasirinkimo)<\/span><span style=\"font-weight: 400\"><br \/>\n<\/span><\/li>\n<li style=\"font-weight: 400\"><span style=\"font-weight: 400\">Dydis: 7,8 cm x 8,5 cm x 5,1 cm<\/span><span style=\"font-weight: 400\"><br \/>\n<\/span><\/li>\n<li style=\"font-weight: 400\"><span style=\"font-weight: 400\">Spaudimo diapazonas: 0,5 cm &#8211; 2,3 cm.<\/span><\/li>\n<\/ul>\n","protected":false},"excerpt":{"rendered":"<p>Pristatome Kampini\u0173 Spaustuv\u0173 Rinkin\u012f \u2013 Paprast\u0105 Ir Tvirt\u0105 Pagalbinink\u0105, Pad\u0117siant\u012f Sukurti Tobulus Kampus! \u0160ie spaustuvai tvirtai ir tiesiai laiko medien\u0105, [&hellip;]<\/p>\n","protected":false},"featured_media":19974,"comment_status":"open","ping_status":"closed","template":"","meta":{"site-sidebar-layout":"default","site-content-layout":"","ast-site-content-layout":"default","site-content-style":"default","site-sidebar-style":"default","ast-global-header-display":"","ast-banner-title-visibility":"","ast-main-header-display":"","ast-hfb-above-header-display":"","ast-hfb-below-header-display":"","ast-hfb-mobile-header-display":"","site-post-title":"","ast-breadcrumbs-content":"","ast-featured-img":"","footer-sml-layout":"","theme-transparent-header-meta":"default","adv-header-id-meta":"","stick-header-meta":"","header-above-stick-meta":"","header-main-stick-meta":"","header-below-stick-meta":"","astra-migrate-meta-layouts":"set","ast-page-background-enabled":"default","ast-page-background-meta":{"desktop":{"background-color":"var(--ast-global-color-5)","background-image":"","background-repeat":"repeat","background-position":"center center","background-size":"auto","background-attachment":"scroll","background-type":"","background-media":"","overlay-type":"","overlay-color":"","overlay-opacity":"","overlay-gradient":""},"tablet":{"background-color":"","background-image":"","background-repeat":"repeat","background-position":"center center","background-size":"auto","background-attachment":"scroll","background-type":"","background-media":"","overlay-type":"","overlay-color":"","overlay-opacity":"","overlay-gradient":""},"mobile":{"background-color":"","background-image":"","background-repeat":"repeat","background-position":"center center","background-size":"auto","background-attachment":"scroll","background-type":"","background-media":"","overlay-type":"","overlay-color":"","overlay-opacity":"","overlay-gradient":""}},"ast-content-background-meta":{"desktop":{"background-color":"var(--ast-global-color-4)","background-image":"","background-repeat":"repeat","background-position":"center center","background-size":"auto","background-attachment":"scroll","background-type":"","background-media":"","overlay-type":"","overlay-color":"","overlay-opacity":"","overlay-gradient":""},"tablet":{"background-color":"var(--ast-global-color-4)","background-image":"","background-repeat":"repeat","background-position":"center center","background-size":"auto","background-attachment":"scroll","background-type":"","background-media":"","overlay-type":"","overlay-color":"","overlay-opacity":"","overlay-gradient":""},"mobile":{"background-color":"var(--ast-global-color-4)","background-image":"","background-repeat":"repeat","background-position":"center center","background-size":"auto","background-attachment":"scroll","background-type":"","background-media":"","overlay-type":"","overlay-color":"","overlay-opacity":"","overlay-gradient":""}}},"product_brand":[],"product_cat":[15],"product_tag":[],"class_list":{"0":"post-19978","1":"product","2":"type-product","3":"status-publish","4":"has-post-thumbnail","6":"product_cat-be-kategorijos","7":"pa_44284_b2tsfojl-1-vnt","8":"pa_44284_b2tsfojl-2-vnt","9":"pa_44284_b2tsfojl-4-vnt","10":"desktop-align-left","11":"tablet-align-left","12":"mobile-align-left","14":"first","15":"instock","16":"shipping-taxable","17":"purchasable","18":"product-type-variable"},"yoast_head":"<!-- This site is optimized with the Yoast SEO plugin v26.6 - https:\/\/yoast.com\/wordpress\/plugins\/seo\/ -->\n<title>Kampini\u0173 spaustuv\u0173 rinkinys - Senbera LT<\/title>\n<meta name=\"robots\" content=\"noindex, follow, max-snippet:-1, max-image-preview:large, max-video-preview:-1\" \/>\n<meta property=\"og:locale\" content=\"lt_LT\" \/>\n<meta property=\"og:type\" content=\"article\" \/>\n<meta property=\"og:title\" content=\"Kampini\u0173 spaustuv\u0173 rinkinys - Senbera LT\" \/>\n<meta property=\"og:description\" content=\"Pristatome Kampini\u0173 Spaustuv\u0173 Rinkin\u012f \u2013 Paprast\u0105 Ir Tvirt\u0105 Pagalbinink\u0105, Pad\u0117siant\u012f Sukurti Tobulus Kampus! \u0160ie spaustuvai tvirtai ir tiesiai laiko medien\u0105, [&hellip;]\" \/>\n<meta property=\"og:url\" content=\"https:\/\/senbera.com\/lt\/produktas\/kampiniu-spaustuvu-rinkinys\/\" \/>\n<meta property=\"og:site_name\" content=\"Senbera LT\" \/>\n<meta property=\"article:modified_time\" content=\"2026-01-16T10:37:54+00:00\" \/>\n<meta name=\"twitter:card\" content=\"summary_large_image\" \/>\n<meta name=\"twitter:label1\" content=\"Est. reading time\" \/>\n\t<meta name=\"twitter:data1\" content=\"1 minut\u0117\" \/>\n<script type=\"application\/ld+json\" class=\"yoast-schema-graph\">{\"@context\":\"https:\/\/schema.org\",\"@graph\":[{\"@type\":\"WebPage\",\"@id\":\"https:\/\/senbera.com\/lt\/produktas\/kampiniu-spaustuvu-rinkinys\/\",\"url\":\"https:\/\/senbera.com\/lt\/produktas\/kampiniu-spaustuvu-rinkinys\/\",\"name\":\"Kampini\u0173 spaustuv\u0173 rinkinys - Senbera LT\",\"isPartOf\":{\"@id\":\"https:\/\/senbera.com\/lt\/#website\"},\"primaryImageOfPage\":{\"@id\":\"https:\/\/senbera.com\/lt\/produktas\/kampiniu-spaustuvu-rinkinys\/#primaryimage\"},\"image\":{\"@id\":\"https:\/\/senbera.com\/lt\/produktas\/kampiniu-spaustuvu-rinkinys\/#primaryimage\"},\"thumbnailUrl\":\"https:\/\/senbera.com\/lt\/wp-content\/uploads\/sites\/22\/2026\/01\/4a2y5gn-1.webp\",\"datePublished\":\"2026-01-16T10:37:43+00:00\",\"dateModified\":\"2026-01-16T10:37:54+00:00\",\"breadcrumb\":{\"@id\":\"https:\/\/senbera.com\/lt\/produktas\/kampiniu-spaustuvu-rinkinys\/#breadcrumb\"},\"inLanguage\":\"lt-LT\",\"potentialAction\":[{\"@type\":\"ReadAction\",\"target\":[\"https:\/\/senbera.com\/lt\/produktas\/kampiniu-spaustuvu-rinkinys\/\"]}]},{\"@type\":\"ImageObject\",\"inLanguage\":\"lt-LT\",\"@id\":\"https:\/\/senbera.com\/lt\/produktas\/kampiniu-spaustuvu-rinkinys\/#primaryimage\",\"url\":\"https:\/\/senbera.com\/lt\/wp-content\/uploads\/sites\/22\/2026\/01\/4a2y5gn-1.webp\",\"contentUrl\":\"https:\/\/senbera.com\/lt\/wp-content\/uploads\/sites\/22\/2026\/01\/4a2y5gn-1.webp\",\"width\":1000,\"height\":1000},{\"@type\":\"BreadcrumbList\",\"@id\":\"https:\/\/senbera.com\/lt\/produktas\/kampiniu-spaustuvu-rinkinys\/#breadcrumb\",\"itemListElement\":[{\"@type\":\"ListItem\",\"position\":1,\"name\":\"Home\",\"item\":\"https:\/\/senbera.com\/lt\/\"},{\"@type\":\"ListItem\",\"position\":2,\"name\":\"Katalogas\",\"item\":\"https:\/\/senbera.com\/lt\/katalogas\/\"},{\"@type\":\"ListItem\",\"position\":3,\"name\":\"Kampini\u0173 spaustuv\u0173 rinkinys\"}]},{\"@type\":\"WebSite\",\"@id\":\"https:\/\/senbera.com\/lt\/#website\",\"url\":\"https:\/\/senbera.com\/lt\/\",\"name\":\"Senbera LT\",\"description\":\"\",\"publisher\":{\"@id\":\"https:\/\/senbera.com\/lt\/#organization\"},\"potentialAction\":[{\"@type\":\"SearchAction\",\"target\":{\"@type\":\"EntryPoint\",\"urlTemplate\":\"https:\/\/senbera.com\/lt\/?s={search_term_string}\"},\"query-input\":{\"@type\":\"PropertyValueSpecification\",\"valueRequired\":true,\"valueName\":\"search_term_string\"}}],\"inLanguage\":\"lt-LT\"},{\"@type\":\"Organization\",\"@id\":\"https:\/\/senbera.com\/lt\/#organization\",\"name\":\"Mekulo\",\"url\":\"https:\/\/senbera.com\/lt\/\",\"logo\":{\"@type\":\"ImageObject\",\"inLanguage\":\"lt-LT\",\"@id\":\"https:\/\/senbera.com\/lt\/#\/schema\/logo\/image\/\",\"url\":\"https:\/\/senbera.com\/lt\/wp-content\/uploads\/sites\/22\/2025\/12\/favicon_mekulo.png\",\"contentUrl\":\"https:\/\/senbera.com\/lt\/wp-content\/uploads\/sites\/22\/2025\/12\/favicon_mekulo.png\",\"width\":50,\"height\":50,\"caption\":\"Mekulo\"},\"image\":{\"@id\":\"https:\/\/senbera.com\/lt\/#\/schema\/logo\/image\/\"}}]}<\/script>\n<!-- \/ Yoast SEO plugin. -->","yoast_head_json":{"title":"Kampini\u0173 spaustuv\u0173 rinkinys - Senbera LT","robots":{"index":"noindex","follow":"follow","max-snippet":"max-snippet:-1","max-image-preview":"max-image-preview:large","max-video-preview":"max-video-preview:-1"},"og_locale":"lt_LT","og_type":"article","og_title":"Kampini\u0173 spaustuv\u0173 rinkinys - Senbera LT","og_description":"Pristatome Kampini\u0173 Spaustuv\u0173 Rinkin\u012f \u2013 Paprast\u0105 Ir Tvirt\u0105 Pagalbinink\u0105, Pad\u0117siant\u012f Sukurti Tobulus Kampus! \u0160ie spaustuvai tvirtai ir tiesiai laiko medien\u0105, [&hellip;]","og_url":"https:\/\/senbera.com\/lt\/produktas\/kampiniu-spaustuvu-rinkinys\/","og_site_name":"Senbera LT","article_modified_time":"2026-01-16T10:37:54+00:00","twitter_card":"summary_large_image","twitter_misc":{"Est. reading time":"1 minut\u0117"},"schema":{"@context":"https:\/\/schema.org","@graph":[{"@type":"WebPage","@id":"https:\/\/senbera.com\/lt\/produktas\/kampiniu-spaustuvu-rinkinys\/","url":"https:\/\/senbera.com\/lt\/produktas\/kampiniu-spaustuvu-rinkinys\/","name":"Kampini\u0173 spaustuv\u0173 rinkinys - Senbera LT","isPartOf":{"@id":"https:\/\/senbera.com\/lt\/#website"},"primaryImageOfPage":{"@id":"https:\/\/senbera.com\/lt\/produktas\/kampiniu-spaustuvu-rinkinys\/#primaryimage"},"image":{"@id":"https:\/\/senbera.com\/lt\/produktas\/kampiniu-spaustuvu-rinkinys\/#primaryimage"},"thumbnailUrl":"https:\/\/senbera.com\/lt\/wp-content\/uploads\/sites\/22\/2026\/01\/4a2y5gn-1.webp","datePublished":"2026-01-16T10:37:43+00:00","dateModified":"2026-01-16T10:37:54+00:00","breadcrumb":{"@id":"https:\/\/senbera.com\/lt\/produktas\/kampiniu-spaustuvu-rinkinys\/#breadcrumb"},"inLanguage":"lt-LT","potentialAction":[{"@type":"ReadAction","target":["https:\/\/senbera.com\/lt\/produktas\/kampiniu-spaustuvu-rinkinys\/"]}]},{"@type":"ImageObject","inLanguage":"lt-LT","@id":"https:\/\/senbera.com\/lt\/produktas\/kampiniu-spaustuvu-rinkinys\/#primaryimage","url":"https:\/\/senbera.com\/lt\/wp-content\/uploads\/sites\/22\/2026\/01\/4a2y5gn-1.webp","contentUrl":"https:\/\/senbera.com\/lt\/wp-content\/uploads\/sites\/22\/2026\/01\/4a2y5gn-1.webp","width":1000,"height":1000},{"@type":"BreadcrumbList","@id":"https:\/\/senbera.com\/lt\/produktas\/kampiniu-spaustuvu-rinkinys\/#breadcrumb","itemListElement":[{"@type":"ListItem","position":1,"name":"Home","item":"https:\/\/senbera.com\/lt\/"},{"@type":"ListItem","position":2,"name":"Katalogas","item":"https:\/\/senbera.com\/lt\/katalogas\/"},{"@type":"ListItem","position":3,"name":"Kampini\u0173 spaustuv\u0173 rinkinys"}]},{"@type":"WebSite","@id":"https:\/\/senbera.com\/lt\/#website","url":"https:\/\/senbera.com\/lt\/","name":"Senbera LT","description":"","publisher":{"@id":"https:\/\/senbera.com\/lt\/#organization"},"potentialAction":[{"@type":"SearchAction","target":{"@type":"EntryPoint","urlTemplate":"https:\/\/senbera.com\/lt\/?s={search_term_string}"},"query-input":{"@type":"PropertyValueSpecification","valueRequired":true,"valueName":"search_term_string"}}],"inLanguage":"lt-LT"},{"@type":"Organization","@id":"https:\/\/senbera.com\/lt\/#organization","name":"Mekulo","url":"https:\/\/senbera.com\/lt\/","logo":{"@type":"ImageObject","inLanguage":"lt-LT","@id":"https:\/\/senbera.com\/lt\/#\/schema\/logo\/image\/","url":"https:\/\/senbera.com\/lt\/wp-content\/uploads\/sites\/22\/2025\/12\/favicon_mekulo.png","contentUrl":"https:\/\/senbera.com\/lt\/wp-content\/uploads\/sites\/22\/2025\/12\/favicon_mekulo.png","width":50,"height":50,"caption":"Mekulo"},"image":{"@id":"https:\/\/senbera.com\/lt\/#\/schema\/logo\/image\/"}}]}},"_links":{"self":[{"href":"https:\/\/senbera.com\/lt\/wp-json\/wp\/v2\/product\/19978","targetHints":{"allow":["GET"]}}],"collection":[{"href":"https:\/\/senbera.com\/lt\/wp-json\/wp\/v2\/product"}],"about":[{"href":"https:\/\/senbera.com\/lt\/wp-json\/wp\/v2\/types\/product"}],"replies":[{"embeddable":true,"href":"https:\/\/senbera.com\/lt\/wp-json\/wp\/v2\/comments?post=19978"}],"wp:featuredmedia":[{"embeddable":true,"href":"https:\/\/senbera.com\/lt\/wp-json\/wp\/v2\/media\/19974"}],"wp:attachment":[{"href":"https:\/\/senbera.com\/lt\/wp-json\/wp\/v2\/media?parent=19978"}],"wp:term":[{"taxonomy":"product_brand","embeddable":true,"href":"https:\/\/senbera.com\/lt\/wp-json\/wp\/v2\/product_brand?post=19978"},{"taxonomy":"product_cat","embeddable":true,"href":"https:\/\/senbera.com\/lt\/wp-json\/wp\/v2\/product_cat?post=19978"},{"taxonomy":"product_tag","embeddable":true,"href":"https:\/\/senbera.com\/lt\/wp-json\/wp\/v2\/product_tag?post=19978"}],"curies":[{"name":"wp","href":"https:\/\/api.w.org\/{rel}","templated":true}]}}