{"id":19965,"date":"2026-01-16T12:36:16","date_gmt":"2026-01-16T10:36:16","guid":{"rendered":"https:\/\/senbera.com\/lt\/produktas\/sviestuvas\/"},"modified":"2026-01-16T12:36:23","modified_gmt":"2026-01-16T10:36:23","slug":"sviestuvas","status":"publish","type":"product","link":"https:\/\/senbera.com\/lt\/produktas\/sviestuvas\/","title":{"rendered":"\u0160viestuvas"},"content":{"rendered":"<p style=\"text-align: center\"><strong>\ud83d\udca1Pristatykite Lemp\u0105 \u2013 \u0160velni\u0105, Stiling\u0105 \u0160vies\u0105 Kiekvienai Nak\u010diai Ir Erdvei!\u2728<\/strong><\/p>\n<p style=\"text-align: center\"><b><\/b><span style=\"font-weight: 400\"> \u0160i nedidel\u0117 naktin\u0117 lempa maitinama i\u0161 USB, draugi\u0161ka akims ir pritaikyta bet kokiam kambariui. Ji saugi, eleganti\u0161ka ir lengvai naudojama bet kur!<\/span><\/p>\n<p><img decoding=\"async\" class=\"size-full wp-image-16382 aligncenter\" src=\"https:\/\/keluvo.com\/template\/wp-content\/uploads\/sites\/5\/2025\/04\/1c2ed006-1b26-4e8c-9a8f-f8252787fa17.webp\" alt=\"\" \/><\/p>\n<h2 style=\"text-align: center\">Pagrindiniai Privalumai<\/h2>\n<p><span style=\"font-weight: 400\">USB maitinimas &#8211; \u012fjunkite \u012f ne\u0161iojam\u0105j\u012f kompiuter\u012f, maitinimo bank\u0105 arba USB adapter\u012f<\/span><span style=\"font-weight: 400\"><br \/>\n<\/span><\/p>\n<p><span style=\"font-weight: 400\">Atsargiai akims &#8211; \u0161velni \u0161viesa, kuri nevargina ir nekenkia akims<\/span><span style=\"font-weight: 400\"><br \/>\n<\/span><\/p>\n<p><span style=\"font-weight: 400\">Eleganti\u0161ka i\u0161vaizda &#8211; modernus medinis pagrindas su stilingu lininiu atspalviu<\/span><span style=\"font-weight: 400\"><br \/>\n<\/span><\/p>\n<p><span style=\"font-weight: 400\">Perfektus dydis &#8211; puikiai tinka ant ma\u017e\u0173 stal\u0173, ra\u0161om\u0173j\u0173 stal\u0173 ar lentyn\u0173<\/span><\/p>\n<p><span style=\"font-weight: 400\">Tinka bet kokiam kambariui &#8211; miegamajam, bendrabu\u010diui, svetainei ar biurui<\/span><\/p>\n<p><img decoding=\"async\" class=\"size-full wp-image-16384 aligncenter\" src=\"https:\/\/keluvo.com\/template\/wp-content\/uploads\/sites\/5\/2025\/04\/8ef5a351-dd2c-4688-af9c-da37bb2239fa.webp\" alt=\"\" \/><\/p>\n<h2 style=\"text-align: center\">Kaip \u0160is Gaminys Jums Padeda<\/h2>\n<p style=\"text-align: center\"><b><\/b><span style=\"font-weight: 400\"> USB naktin\u0117 lempa &#8211; tai j\u016bs\u0173 lengvas ir eleganti\u0161kas sprendimas \u0161velniam ap\u0161vietimui.<\/span><\/p>\n<p style=\"text-align: center\"><span style=\"font-weight: 400\"> Ji puikiai tinka:<\/span><\/p>\n<ul>\n<li style=\"font-weight: 400\"><span style=\"font-weight: 400\">naktiniam skaitymui be ry\u0161kios \u0161viesos<\/span><span style=\"font-weight: 400\"><br \/>\n<\/span><\/li>\n<li style=\"font-weight: 400\"><span style=\"font-weight: 400\">Malonus ap\u0161vietimas atpalaiduojantiems vakarams<\/span><\/li>\n<li style=\"font-weight: 400\"><span style=\"font-weight: 400\">Ma\u017ei kambariai ir ribota erdv\u0117.<\/span><\/li>\n<\/ul>\n<h2 style=\"text-align: center\">Pakuot\u0117je Yra<\/h2>\n<ul>\n<li style=\"font-weight: 400\"><span style=\"font-weight: 400\">1x USB maitinama naktin\u0117 lempa (su USB laidu).<\/span><\/li>\n<\/ul>\n<p>&nbsp;<\/p>\n<p>&nbsp;<\/p>\n","protected":false},"excerpt":{"rendered":"<p>\ud83d\udca1Pristatykite Lemp\u0105 \u2013 \u0160velni\u0105, Stiling\u0105 \u0160vies\u0105 Kiekvienai Nak\u010diai Ir Erdvei!\u2728 \u0160i nedidel\u0117 naktin\u0117 lempa maitinama i\u0161 USB, draugi\u0161ka akims ir [&hellip;]<\/p>\n","protected":false},"featured_media":19961,"comment_status":"open","ping_status":"closed","template":"","meta":{"site-sidebar-layout":"default","site-content-layout":"","ast-site-content-layout":"default","site-content-style":"default","site-sidebar-style":"default","ast-global-header-display":"","ast-banner-title-visibility":"","ast-main-header-display":"","ast-hfb-above-header-display":"","ast-hfb-below-header-display":"","ast-hfb-mobile-header-display":"","site-post-title":"","ast-breadcrumbs-content":"","ast-featured-img":"","footer-sml-layout":"","theme-transparent-header-meta":"default","adv-header-id-meta":"","stick-header-meta":"","header-above-stick-meta":"","header-main-stick-meta":"","header-below-stick-meta":"","astra-migrate-meta-layouts":"set","ast-page-background-enabled":"default","ast-page-background-meta":{"desktop":{"background-color":"var(--ast-global-color-5)","background-image":"","background-repeat":"repeat","background-position":"center center","background-size":"auto","background-attachment":"scroll","background-type":"","background-media":"","overlay-type":"","overlay-color":"","overlay-opacity":"","overlay-gradient":""},"tablet":{"background-color":"","background-image":"","background-repeat":"repeat","background-position":"center center","background-size":"auto","background-attachment":"scroll","background-type":"","background-media":"","overlay-type":"","overlay-color":"","overlay-opacity":"","overlay-gradient":""},"mobile":{"background-color":"","background-image":"","background-repeat":"repeat","background-position":"center center","background-size":"auto","background-attachment":"scroll","background-type":"","background-media":"","overlay-type":"","overlay-color":"","overlay-opacity":"","overlay-gradient":""}},"ast-content-background-meta":{"desktop":{"background-color":"var(--ast-global-color-4)","background-image":"","background-repeat":"repeat","background-position":"center center","background-size":"auto","background-attachment":"scroll","background-type":"","background-media":"","overlay-type":"","overlay-color":"","overlay-opacity":"","overlay-gradient":""},"tablet":{"background-color":"var(--ast-global-color-4)","background-image":"","background-repeat":"repeat","background-position":"center center","background-size":"auto","background-attachment":"scroll","background-type":"","background-media":"","overlay-type":"","overlay-color":"","overlay-opacity":"","overlay-gradient":""},"mobile":{"background-color":"var(--ast-global-color-4)","background-image":"","background-repeat":"repeat","background-position":"center center","background-size":"auto","background-attachment":"scroll","background-type":"","background-media":"","overlay-type":"","overlay-color":"","overlay-opacity":"","overlay-gradient":""}}},"product_brand":[],"product_cat":[15],"product_tag":[],"class_list":{"0":"post-19965","1":"product","2":"type-product","3":"status-publish","4":"has-post-thumbnail","6":"product_cat-be-kategorijos","7":"pa_31419_9pssu2t4-geltona","8":"pa_31419_9pssu2t4-pilka","9":"desktop-align-left","10":"tablet-align-left","11":"mobile-align-left","13":"first","14":"instock","15":"shipping-taxable","16":"purchasable","17":"product-type-variable"},"yoast_head":"<!-- This site is optimized with the Yoast SEO plugin v26.6 - https:\/\/yoast.com\/wordpress\/plugins\/seo\/ -->\n<title>\u0160viestuvas - Senbera LT<\/title>\n<meta name=\"robots\" content=\"noindex, follow, max-snippet:-1, max-image-preview:large, max-video-preview:-1\" \/>\n<meta property=\"og:locale\" content=\"lt_LT\" \/>\n<meta property=\"og:type\" content=\"article\" \/>\n<meta property=\"og:title\" content=\"\u0160viestuvas - Senbera LT\" \/>\n<meta property=\"og:description\" content=\"\ud83d\udca1Pristatykite Lemp\u0105 \u2013 \u0160velni\u0105, Stiling\u0105 \u0160vies\u0105 Kiekvienai Nak\u010diai Ir Erdvei!\u2728 \u0160i nedidel\u0117 naktin\u0117 lempa maitinama i\u0161 USB, draugi\u0161ka akims ir [&hellip;]\" \/>\n<meta property=\"og:url\" content=\"https:\/\/senbera.com\/lt\/produktas\/sviestuvas\/\" \/>\n<meta property=\"og:site_name\" content=\"Senbera LT\" \/>\n<meta property=\"article:modified_time\" content=\"2026-01-16T10:36:23+00:00\" \/>\n<meta name=\"twitter:card\" content=\"summary_large_image\" \/>\n<meta name=\"twitter:label1\" content=\"Est. reading time\" \/>\n\t<meta name=\"twitter:data1\" content=\"1 minut\u0117\" \/>\n<script type=\"application\/ld+json\" class=\"yoast-schema-graph\">{\"@context\":\"https:\/\/schema.org\",\"@graph\":[{\"@type\":\"WebPage\",\"@id\":\"https:\/\/senbera.com\/lt\/produktas\/sviestuvas\/\",\"url\":\"https:\/\/senbera.com\/lt\/produktas\/sviestuvas\/\",\"name\":\"\u0160viestuvas - Senbera LT\",\"isPartOf\":{\"@id\":\"https:\/\/senbera.com\/lt\/#website\"},\"primaryImageOfPage\":{\"@id\":\"https:\/\/senbera.com\/lt\/produktas\/sviestuvas\/#primaryimage\"},\"image\":{\"@id\":\"https:\/\/senbera.com\/lt\/produktas\/sviestuvas\/#primaryimage\"},\"thumbnailUrl\":\"https:\/\/senbera.com\/lt\/wp-content\/uploads\/sites\/22\/2026\/01\/mi0tksj-1.webp\",\"datePublished\":\"2026-01-16T10:36:16+00:00\",\"dateModified\":\"2026-01-16T10:36:23+00:00\",\"breadcrumb\":{\"@id\":\"https:\/\/senbera.com\/lt\/produktas\/sviestuvas\/#breadcrumb\"},\"inLanguage\":\"lt-LT\",\"potentialAction\":[{\"@type\":\"ReadAction\",\"target\":[\"https:\/\/senbera.com\/lt\/produktas\/sviestuvas\/\"]}]},{\"@type\":\"ImageObject\",\"inLanguage\":\"lt-LT\",\"@id\":\"https:\/\/senbera.com\/lt\/produktas\/sviestuvas\/#primaryimage\",\"url\":\"https:\/\/senbera.com\/lt\/wp-content\/uploads\/sites\/22\/2026\/01\/mi0tksj-1.webp\",\"contentUrl\":\"https:\/\/senbera.com\/lt\/wp-content\/uploads\/sites\/22\/2026\/01\/mi0tksj-1.webp\",\"width\":800,\"height\":800},{\"@type\":\"BreadcrumbList\",\"@id\":\"https:\/\/senbera.com\/lt\/produktas\/sviestuvas\/#breadcrumb\",\"itemListElement\":[{\"@type\":\"ListItem\",\"position\":1,\"name\":\"Home\",\"item\":\"https:\/\/senbera.com\/lt\/\"},{\"@type\":\"ListItem\",\"position\":2,\"name\":\"Katalogas\",\"item\":\"https:\/\/senbera.com\/lt\/katalogas\/\"},{\"@type\":\"ListItem\",\"position\":3,\"name\":\"\u0160viestuvas\"}]},{\"@type\":\"WebSite\",\"@id\":\"https:\/\/senbera.com\/lt\/#website\",\"url\":\"https:\/\/senbera.com\/lt\/\",\"name\":\"Senbera LT\",\"description\":\"\",\"publisher\":{\"@id\":\"https:\/\/senbera.com\/lt\/#organization\"},\"potentialAction\":[{\"@type\":\"SearchAction\",\"target\":{\"@type\":\"EntryPoint\",\"urlTemplate\":\"https:\/\/senbera.com\/lt\/?s={search_term_string}\"},\"query-input\":{\"@type\":\"PropertyValueSpecification\",\"valueRequired\":true,\"valueName\":\"search_term_string\"}}],\"inLanguage\":\"lt-LT\"},{\"@type\":\"Organization\",\"@id\":\"https:\/\/senbera.com\/lt\/#organization\",\"name\":\"Mekulo\",\"url\":\"https:\/\/senbera.com\/lt\/\",\"logo\":{\"@type\":\"ImageObject\",\"inLanguage\":\"lt-LT\",\"@id\":\"https:\/\/senbera.com\/lt\/#\/schema\/logo\/image\/\",\"url\":\"https:\/\/senbera.com\/lt\/wp-content\/uploads\/sites\/22\/2025\/12\/favicon_mekulo.png\",\"contentUrl\":\"https:\/\/senbera.com\/lt\/wp-content\/uploads\/sites\/22\/2025\/12\/favicon_mekulo.png\",\"width\":50,\"height\":50,\"caption\":\"Mekulo\"},\"image\":{\"@id\":\"https:\/\/senbera.com\/lt\/#\/schema\/logo\/image\/\"}}]}<\/script>\n<!-- \/ Yoast SEO plugin. -->","yoast_head_json":{"title":"\u0160viestuvas - Senbera LT","robots":{"index":"noindex","follow":"follow","max-snippet":"max-snippet:-1","max-image-preview":"max-image-preview:large","max-video-preview":"max-video-preview:-1"},"og_locale":"lt_LT","og_type":"article","og_title":"\u0160viestuvas - Senbera LT","og_description":"\ud83d\udca1Pristatykite Lemp\u0105 \u2013 \u0160velni\u0105, Stiling\u0105 \u0160vies\u0105 Kiekvienai Nak\u010diai Ir Erdvei!\u2728 \u0160i nedidel\u0117 naktin\u0117 lempa maitinama i\u0161 USB, draugi\u0161ka akims ir [&hellip;]","og_url":"https:\/\/senbera.com\/lt\/produktas\/sviestuvas\/","og_site_name":"Senbera LT","article_modified_time":"2026-01-16T10:36:23+00:00","twitter_card":"summary_large_image","twitter_misc":{"Est. reading time":"1 minut\u0117"},"schema":{"@context":"https:\/\/schema.org","@graph":[{"@type":"WebPage","@id":"https:\/\/senbera.com\/lt\/produktas\/sviestuvas\/","url":"https:\/\/senbera.com\/lt\/produktas\/sviestuvas\/","name":"\u0160viestuvas - Senbera LT","isPartOf":{"@id":"https:\/\/senbera.com\/lt\/#website"},"primaryImageOfPage":{"@id":"https:\/\/senbera.com\/lt\/produktas\/sviestuvas\/#primaryimage"},"image":{"@id":"https:\/\/senbera.com\/lt\/produktas\/sviestuvas\/#primaryimage"},"thumbnailUrl":"https:\/\/senbera.com\/lt\/wp-content\/uploads\/sites\/22\/2026\/01\/mi0tksj-1.webp","datePublished":"2026-01-16T10:36:16+00:00","dateModified":"2026-01-16T10:36:23+00:00","breadcrumb":{"@id":"https:\/\/senbera.com\/lt\/produktas\/sviestuvas\/#breadcrumb"},"inLanguage":"lt-LT","potentialAction":[{"@type":"ReadAction","target":["https:\/\/senbera.com\/lt\/produktas\/sviestuvas\/"]}]},{"@type":"ImageObject","inLanguage":"lt-LT","@id":"https:\/\/senbera.com\/lt\/produktas\/sviestuvas\/#primaryimage","url":"https:\/\/senbera.com\/lt\/wp-content\/uploads\/sites\/22\/2026\/01\/mi0tksj-1.webp","contentUrl":"https:\/\/senbera.com\/lt\/wp-content\/uploads\/sites\/22\/2026\/01\/mi0tksj-1.webp","width":800,"height":800},{"@type":"BreadcrumbList","@id":"https:\/\/senbera.com\/lt\/produktas\/sviestuvas\/#breadcrumb","itemListElement":[{"@type":"ListItem","position":1,"name":"Home","item":"https:\/\/senbera.com\/lt\/"},{"@type":"ListItem","position":2,"name":"Katalogas","item":"https:\/\/senbera.com\/lt\/katalogas\/"},{"@type":"ListItem","position":3,"name":"\u0160viestuvas"}]},{"@type":"WebSite","@id":"https:\/\/senbera.com\/lt\/#website","url":"https:\/\/senbera.com\/lt\/","name":"Senbera LT","description":"","publisher":{"@id":"https:\/\/senbera.com\/lt\/#organization"},"potentialAction":[{"@type":"SearchAction","target":{"@type":"EntryPoint","urlTemplate":"https:\/\/senbera.com\/lt\/?s={search_term_string}"},"query-input":{"@type":"PropertyValueSpecification","valueRequired":true,"valueName":"search_term_string"}}],"inLanguage":"lt-LT"},{"@type":"Organization","@id":"https:\/\/senbera.com\/lt\/#organization","name":"Mekulo","url":"https:\/\/senbera.com\/lt\/","logo":{"@type":"ImageObject","inLanguage":"lt-LT","@id":"https:\/\/senbera.com\/lt\/#\/schema\/logo\/image\/","url":"https:\/\/senbera.com\/lt\/wp-content\/uploads\/sites\/22\/2025\/12\/favicon_mekulo.png","contentUrl":"https:\/\/senbera.com\/lt\/wp-content\/uploads\/sites\/22\/2025\/12\/favicon_mekulo.png","width":50,"height":50,"caption":"Mekulo"},"image":{"@id":"https:\/\/senbera.com\/lt\/#\/schema\/logo\/image\/"}}]}},"_links":{"self":[{"href":"https:\/\/senbera.com\/lt\/wp-json\/wp\/v2\/product\/19965","targetHints":{"allow":["GET"]}}],"collection":[{"href":"https:\/\/senbera.com\/lt\/wp-json\/wp\/v2\/product"}],"about":[{"href":"https:\/\/senbera.com\/lt\/wp-json\/wp\/v2\/types\/product"}],"replies":[{"embeddable":true,"href":"https:\/\/senbera.com\/lt\/wp-json\/wp\/v2\/comments?post=19965"}],"wp:featuredmedia":[{"embeddable":true,"href":"https:\/\/senbera.com\/lt\/wp-json\/wp\/v2\/media\/19961"}],"wp:attachment":[{"href":"https:\/\/senbera.com\/lt\/wp-json\/wp\/v2\/media?parent=19965"}],"wp:term":[{"taxonomy":"product_brand","embeddable":true,"href":"https:\/\/senbera.com\/lt\/wp-json\/wp\/v2\/product_brand?post=19965"},{"taxonomy":"product_cat","embeddable":true,"href":"https:\/\/senbera.com\/lt\/wp-json\/wp\/v2\/product_cat?post=19965"},{"taxonomy":"product_tag","embeddable":true,"href":"https:\/\/senbera.com\/lt\/wp-json\/wp\/v2\/product_tag?post=19965"}],"curies":[{"name":"wp","href":"https:\/\/api.w.org\/{rel}","templated":true}]}}