{"id":19888,"date":"2026-01-16T12:30:13","date_gmt":"2026-01-16T10:30:13","guid":{"rendered":"https:\/\/senbera.com\/lt\/produktas\/3d-ekrano-lupa\/"},"modified":"2026-01-16T12:30:35","modified_gmt":"2026-01-16T10:30:35","slug":"3d-ekrano-lupa","status":"publish","type":"product","link":"https:\/\/senbera.com\/lt\/produktas\/3d-ekrano-lupa\/","title":{"rendered":"3D ekrano lupa"},"content":{"rendered":"<p style=\"text-align: center\"><b>Pristatome 3D ekrano didintuv\u0105 &#8211; paprast\u0105 b\u016bd\u0105 \u017ei\u016br\u0117ti filmus didesnius ir ai\u0161kesnius!<\/b><\/p>\n<p style=\"text-align: center\">Padarykite telefono ekran\u0105 3 kartus didesn\u012f. <span style=\"font-size: 16px;font-weight: 400\">\u0160is i\u0161manusis didintuvas ma\u017e\u0105 telefono ekran\u0105 paver\u010dia dideliu HD ekranu. \u017di\u016br\u0117kite laidas, \u017eaiskite \u017eaidimus ar skaitykite nevargindami aki\u0173!<\/span><\/p>\n<p><img decoding=\"async\" class=\"alignnone size-full wp-image-16806 aligncenter\" src=\"https:\/\/keluvo.com\/template\/wp-content\/uploads\/sites\/5\/2025\/05\/e76299bc-1d78-4ea5-8d67-15cbd93f9867.gif.gif\" alt=\"\" \/><\/p>\n<h2 style=\"text-align: center\">Pagrindiniai Privalumai<\/h2>\n<p><span style=\"font-weight: 400\">Padaro j\u016bs\u0173 ekran\u0105 3-4 kartus didesn\u012f<\/span><span style=\"font-weight: 400\"><br \/>\n<\/span><\/p>\n<p><span style=\"font-weight: 400\">Apsaugo j\u016bs\u0173 akis nuo telefono ekrano spinduliuot\u0117s<\/span><span style=\"font-weight: 400\"><br \/>\n<\/span><\/p>\n<p><span style=\"font-weight: 400\">Lengva naudoti &#8211; tiesiog pastumkite, pastatykite ir \u017ei\u016br\u0117kite<\/span><span style=\"font-weight: 400\"><br \/>\n<\/span><\/p>\n<p><span style=\"font-weight: 400\">Dirba su visais telefonais &#8211; &#8222;iPhone&#8221; ir &#8222;Android &#8222;<\/span><span style=\"font-weight: 400\"><br \/>\n<\/span><\/p>\n<p><span style=\"font-weight: 400\">Lengvas, sulankstomas ir puikiai tinka kelion\u0117ms<\/span><\/p>\n<p><img decoding=\"async\" class=\"size-full wp-image-17100 aligncenter\" src=\"https:\/\/keluvo.com\/template\/wp-content\/uploads\/sites\/5\/2025\/05\/S44d8578187c647f6a8f2da7203c770ca3.jpg_960x960q75.jpg_.avif\" alt=\"\" \/><\/p>\n<h2 style=\"text-align: center\">Kaip \u0160is Gaminys Jums Pad\u0117s<\/h2>\n<p style=\"text-align: center\"><span style=\"font-weight: 400\">Trimat\u0117 ekrano lupa yra puikus \u012frankis m\u0117gautis filmais, &#8222;YouTube&#8221; ar skaitymu telefone &#8211; nesimank\u0161tinant. <\/span><\/p>\n<p style=\"text-align: center\"><span style=\"font-weight: 400\">Jis puikiai tinka:<\/span><\/p>\n<ul>\n<li style=\"font-weight: 400\"><span style=\"font-weight: 400\">patogiau \u017ei\u016br\u0117ti vaizdo \u012fra\u0161us<\/span><span style=\"font-weight: 400\"><br \/>\n<\/span><\/li>\n<li style=\"font-weight: 400\"><span style=\"font-weight: 400\">ma\u017einti aki\u0173 \u012ftamp\u0105 d\u0117l ma\u017e\u0173 ekran\u0173<\/span><span style=\"font-weight: 400\"><br \/>\n<\/span><\/li>\n<li style=\"font-weight: 400\"><span style=\"font-weight: 400\">naudotis telefonu laisvomis rankomis<\/span><span style=\"font-weight: 400\"><br \/>\n<\/span><\/li>\n<\/ul>\n<h2 style=\"text-align: center\">Kaip Naudoti<\/h2>\n<ol>\n<li style=\"font-weight: 400\"><span style=\"font-weight: 400\">Paspauskite silikonin\u012f apval\u0173 mygtuk\u0105, kad atidarytum\u0117te ekran\u0105.<\/span><span style=\"font-weight: 400\"><br \/>\n<\/span><\/li>\n<li style=\"font-weight: 400\"><span style=\"font-weight: 400\">Pad\u0117kite telefon\u0105 u\u017e ekrano ant laikiklio.<\/span><span style=\"font-weight: 400\"><br \/>\n<\/span><\/li>\n<li style=\"font-weight: 400\"><span style=\"font-weight: 400\">Sureguliuokite kamp\u0105, kad vaizdas b\u016bt\u0173 ai\u0161kus ir didelis.<\/span><span style=\"font-weight: 400\"><br \/>\n<\/span><\/li>\n<li style=\"font-weight: 400\"><span style=\"font-weight: 400\">Atsis\u0117skite ir m\u0117gaukit\u0117s filmu ar vaizdo \u012fra\u0161u HD rai\u0161ka.<\/span><span style=\"font-weight: 400\"><br \/>\n<\/span><\/li>\n<\/ol>\n<h2 style=\"text-align: center\">Pakuot\u0117je Yra<\/h2>\n<ul>\n<li style=\"font-weight: 400\"><span style=\"font-weight: 400\">1x 3D ekrano didintuvas.<\/span><\/li>\n<\/ul>\n","protected":false},"excerpt":{"rendered":"<p>Pristatome 3D ekrano didintuv\u0105 &#8211; paprast\u0105 b\u016bd\u0105 \u017ei\u016br\u0117ti filmus didesnius ir ai\u0161kesnius! Padarykite telefono ekran\u0105 3 kartus didesn\u012f. \u0160is i\u0161manusis [&hellip;]<\/p>\n","protected":false},"featured_media":19884,"comment_status":"open","ping_status":"closed","template":"","meta":{"site-sidebar-layout":"default","site-content-layout":"","ast-site-content-layout":"default","site-content-style":"default","site-sidebar-style":"default","ast-global-header-display":"","ast-banner-title-visibility":"","ast-main-header-display":"","ast-hfb-above-header-display":"","ast-hfb-below-header-display":"","ast-hfb-mobile-header-display":"","site-post-title":"","ast-breadcrumbs-content":"","ast-featured-img":"","footer-sml-layout":"","ast-disable-related-posts":"","theme-transparent-header-meta":"default","adv-header-id-meta":"","stick-header-meta":"","header-above-stick-meta":"","header-main-stick-meta":"","header-below-stick-meta":"","astra-migrate-meta-layouts":"set","ast-page-background-enabled":"default","ast-page-background-meta":{"desktop":{"background-color":"var(--ast-global-color-5)","background-image":"","background-repeat":"repeat","background-position":"center center","background-size":"auto","background-attachment":"scroll","background-type":"","background-media":"","overlay-type":"","overlay-color":"","overlay-opacity":"","overlay-gradient":""},"tablet":{"background-color":"","background-image":"","background-repeat":"repeat","background-position":"center center","background-size":"auto","background-attachment":"scroll","background-type":"","background-media":"","overlay-type":"","overlay-color":"","overlay-opacity":"","overlay-gradient":""},"mobile":{"background-color":"","background-image":"","background-repeat":"repeat","background-position":"center center","background-size":"auto","background-attachment":"scroll","background-type":"","background-media":"","overlay-type":"","overlay-color":"","overlay-opacity":"","overlay-gradient":""}},"ast-content-background-meta":{"desktop":{"background-color":"var(--ast-global-color-4)","background-image":"","background-repeat":"repeat","background-position":"center center","background-size":"auto","background-attachment":"scroll","background-type":"","background-media":"","overlay-type":"","overlay-color":"","overlay-opacity":"","overlay-gradient":""},"tablet":{"background-color":"var(--ast-global-color-4)","background-image":"","background-repeat":"repeat","background-position":"center center","background-size":"auto","background-attachment":"scroll","background-type":"","background-media":"","overlay-type":"","overlay-color":"","overlay-opacity":"","overlay-gradient":""},"mobile":{"background-color":"var(--ast-global-color-4)","background-image":"","background-repeat":"repeat","background-position":"center center","background-size":"auto","background-attachment":"scroll","background-type":"","background-media":"","overlay-type":"","overlay-color":"","overlay-opacity":"","overlay-gradient":""}}},"product_brand":[],"product_cat":[15],"product_tag":[],"class_list":{"0":"post-19888","1":"product","2":"type-product","3":"status-publish","4":"has-post-thumbnail","6":"product_cat-be-kategorijos","7":"pa_21519_g9ary0zp-10-coliu","8":"pa_21519_g9ary0zp-12-coliu","9":"pa_21519_tlith3rq-balta","10":"pa_21519_tlith3rq-juoda","11":"pa_21519_tlith3rq-raudona","12":"desktop-align-left","13":"tablet-align-left","14":"mobile-align-left","16":"first","17":"instock","18":"shipping-taxable","19":"purchasable","20":"product-type-variable","21":"has-default-attributes"},"yoast_head":"<!-- This site is optimized with the Yoast SEO plugin v27.4 - https:\/\/yoast.com\/product\/yoast-seo-wordpress\/ -->\n<title>3D ekrano lupa - Senbera LT<\/title>\n<meta name=\"robots\" content=\"noindex, follow, max-snippet:-1, max-image-preview:large, max-video-preview:-1\" \/>\n<meta property=\"og:locale\" content=\"lt_LT\" \/>\n<meta property=\"og:type\" content=\"article\" \/>\n<meta property=\"og:title\" content=\"3D ekrano lupa - Senbera LT\" \/>\n<meta property=\"og:description\" content=\"Pristatome 3D ekrano didintuv\u0105 &#8211; paprast\u0105 b\u016bd\u0105 \u017ei\u016br\u0117ti filmus didesnius ir ai\u0161kesnius! Padarykite telefono ekran\u0105 3 kartus didesn\u012f. \u0160is i\u0161manusis [&hellip;]\" \/>\n<meta property=\"og:url\" content=\"https:\/\/senbera.com\/lt\/produktas\/3d-ekrano-lupa\/\" \/>\n<meta property=\"og:site_name\" content=\"Senbera LT\" \/>\n<meta property=\"article:modified_time\" content=\"2026-01-16T10:30:35+00:00\" \/>\n<meta name=\"twitter:card\" content=\"summary_large_image\" \/>\n<meta name=\"twitter:label1\" content=\"Est. reading time\" \/>\n\t<meta name=\"twitter:data1\" content=\"1 minut\u0117\" \/>\n<script type=\"application\/ld+json\" class=\"yoast-schema-graph\">{\"@context\":\"https:\\\/\\\/schema.org\",\"@graph\":[{\"@type\":\"WebPage\",\"@id\":\"https:\\\/\\\/senbera.com\\\/lt\\\/produktas\\\/3d-ekrano-lupa\\\/\",\"url\":\"https:\\\/\\\/senbera.com\\\/lt\\\/produktas\\\/3d-ekrano-lupa\\\/\",\"name\":\"3D ekrano lupa - Senbera LT\",\"isPartOf\":{\"@id\":\"https:\\\/\\\/senbera.com\\\/lt\\\/#website\"},\"primaryImageOfPage\":{\"@id\":\"https:\\\/\\\/senbera.com\\\/lt\\\/produktas\\\/3d-ekrano-lupa\\\/#primaryimage\"},\"image\":{\"@id\":\"https:\\\/\\\/senbera.com\\\/lt\\\/produktas\\\/3d-ekrano-lupa\\\/#primaryimage\"},\"thumbnailUrl\":\"https:\\\/\\\/senbera.com\\\/lt\\\/wp-content\\\/uploads\\\/sites\\\/22\\\/2026\\\/01\\\/ydxt1oj-1.jpeg\",\"datePublished\":\"2026-01-16T10:30:13+00:00\",\"dateModified\":\"2026-01-16T10:30:35+00:00\",\"breadcrumb\":{\"@id\":\"https:\\\/\\\/senbera.com\\\/lt\\\/produktas\\\/3d-ekrano-lupa\\\/#breadcrumb\"},\"inLanguage\":\"lt-LT\",\"potentialAction\":[{\"@type\":\"ReadAction\",\"target\":[\"https:\\\/\\\/senbera.com\\\/lt\\\/produktas\\\/3d-ekrano-lupa\\\/\"]}]},{\"@type\":\"ImageObject\",\"inLanguage\":\"lt-LT\",\"@id\":\"https:\\\/\\\/senbera.com\\\/lt\\\/produktas\\\/3d-ekrano-lupa\\\/#primaryimage\",\"url\":\"https:\\\/\\\/senbera.com\\\/lt\\\/wp-content\\\/uploads\\\/sites\\\/22\\\/2026\\\/01\\\/ydxt1oj-1.jpeg\",\"contentUrl\":\"https:\\\/\\\/senbera.com\\\/lt\\\/wp-content\\\/uploads\\\/sites\\\/22\\\/2026\\\/01\\\/ydxt1oj-1.jpeg\",\"width\":800,\"height\":800},{\"@type\":\"BreadcrumbList\",\"@id\":\"https:\\\/\\\/senbera.com\\\/lt\\\/produktas\\\/3d-ekrano-lupa\\\/#breadcrumb\",\"itemListElement\":[{\"@type\":\"ListItem\",\"position\":1,\"name\":\"Home\",\"item\":\"https:\\\/\\\/senbera.com\\\/lt\\\/\"},{\"@type\":\"ListItem\",\"position\":2,\"name\":\"Katalogas\",\"item\":\"https:\\\/\\\/senbera.com\\\/lt\\\/katalogas\\\/\"},{\"@type\":\"ListItem\",\"position\":3,\"name\":\"3D ekrano lupa\"}]},{\"@type\":\"WebSite\",\"@id\":\"https:\\\/\\\/senbera.com\\\/lt\\\/#website\",\"url\":\"https:\\\/\\\/senbera.com\\\/lt\\\/\",\"name\":\"Senbera LT\",\"description\":\"\",\"publisher\":{\"@id\":\"https:\\\/\\\/senbera.com\\\/lt\\\/#organization\"},\"potentialAction\":[{\"@type\":\"SearchAction\",\"target\":{\"@type\":\"EntryPoint\",\"urlTemplate\":\"https:\\\/\\\/senbera.com\\\/lt\\\/?s={search_term_string}\"},\"query-input\":{\"@type\":\"PropertyValueSpecification\",\"valueRequired\":true,\"valueName\":\"search_term_string\"}}],\"inLanguage\":\"lt-LT\"},{\"@type\":\"Organization\",\"@id\":\"https:\\\/\\\/senbera.com\\\/lt\\\/#organization\",\"name\":\"Mekulo\",\"url\":\"https:\\\/\\\/senbera.com\\\/lt\\\/\",\"logo\":{\"@type\":\"ImageObject\",\"inLanguage\":\"lt-LT\",\"@id\":\"https:\\\/\\\/senbera.com\\\/lt\\\/#\\\/schema\\\/logo\\\/image\\\/\",\"url\":\"https:\\\/\\\/senbera.com\\\/lt\\\/wp-content\\\/uploads\\\/sites\\\/22\\\/2025\\\/12\\\/favicon_mekulo.png\",\"contentUrl\":\"https:\\\/\\\/senbera.com\\\/lt\\\/wp-content\\\/uploads\\\/sites\\\/22\\\/2025\\\/12\\\/favicon_mekulo.png\",\"width\":50,\"height\":50,\"caption\":\"Mekulo\"},\"image\":{\"@id\":\"https:\\\/\\\/senbera.com\\\/lt\\\/#\\\/schema\\\/logo\\\/image\\\/\"}}]}<\/script>\n<!-- \/ Yoast SEO plugin. -->","yoast_head_json":{"title":"3D ekrano lupa - Senbera LT","robots":{"index":"noindex","follow":"follow","max-snippet":"max-snippet:-1","max-image-preview":"max-image-preview:large","max-video-preview":"max-video-preview:-1"},"og_locale":"lt_LT","og_type":"article","og_title":"3D ekrano lupa - Senbera LT","og_description":"Pristatome 3D ekrano didintuv\u0105 &#8211; paprast\u0105 b\u016bd\u0105 \u017ei\u016br\u0117ti filmus didesnius ir ai\u0161kesnius! Padarykite telefono ekran\u0105 3 kartus didesn\u012f. \u0160is i\u0161manusis [&hellip;]","og_url":"https:\/\/senbera.com\/lt\/produktas\/3d-ekrano-lupa\/","og_site_name":"Senbera LT","article_modified_time":"2026-01-16T10:30:35+00:00","twitter_card":"summary_large_image","twitter_misc":{"Est. reading time":"1 minut\u0117"},"schema":{"@context":"https:\/\/schema.org","@graph":[{"@type":"WebPage","@id":"https:\/\/senbera.com\/lt\/produktas\/3d-ekrano-lupa\/","url":"https:\/\/senbera.com\/lt\/produktas\/3d-ekrano-lupa\/","name":"3D ekrano lupa - Senbera LT","isPartOf":{"@id":"https:\/\/senbera.com\/lt\/#website"},"primaryImageOfPage":{"@id":"https:\/\/senbera.com\/lt\/produktas\/3d-ekrano-lupa\/#primaryimage"},"image":{"@id":"https:\/\/senbera.com\/lt\/produktas\/3d-ekrano-lupa\/#primaryimage"},"thumbnailUrl":"https:\/\/senbera.com\/lt\/wp-content\/uploads\/sites\/22\/2026\/01\/ydxt1oj-1.jpeg","datePublished":"2026-01-16T10:30:13+00:00","dateModified":"2026-01-16T10:30:35+00:00","breadcrumb":{"@id":"https:\/\/senbera.com\/lt\/produktas\/3d-ekrano-lupa\/#breadcrumb"},"inLanguage":"lt-LT","potentialAction":[{"@type":"ReadAction","target":["https:\/\/senbera.com\/lt\/produktas\/3d-ekrano-lupa\/"]}]},{"@type":"ImageObject","inLanguage":"lt-LT","@id":"https:\/\/senbera.com\/lt\/produktas\/3d-ekrano-lupa\/#primaryimage","url":"https:\/\/senbera.com\/lt\/wp-content\/uploads\/sites\/22\/2026\/01\/ydxt1oj-1.jpeg","contentUrl":"https:\/\/senbera.com\/lt\/wp-content\/uploads\/sites\/22\/2026\/01\/ydxt1oj-1.jpeg","width":800,"height":800},{"@type":"BreadcrumbList","@id":"https:\/\/senbera.com\/lt\/produktas\/3d-ekrano-lupa\/#breadcrumb","itemListElement":[{"@type":"ListItem","position":1,"name":"Home","item":"https:\/\/senbera.com\/lt\/"},{"@type":"ListItem","position":2,"name":"Katalogas","item":"https:\/\/senbera.com\/lt\/katalogas\/"},{"@type":"ListItem","position":3,"name":"3D ekrano lupa"}]},{"@type":"WebSite","@id":"https:\/\/senbera.com\/lt\/#website","url":"https:\/\/senbera.com\/lt\/","name":"Senbera LT","description":"","publisher":{"@id":"https:\/\/senbera.com\/lt\/#organization"},"potentialAction":[{"@type":"SearchAction","target":{"@type":"EntryPoint","urlTemplate":"https:\/\/senbera.com\/lt\/?s={search_term_string}"},"query-input":{"@type":"PropertyValueSpecification","valueRequired":true,"valueName":"search_term_string"}}],"inLanguage":"lt-LT"},{"@type":"Organization","@id":"https:\/\/senbera.com\/lt\/#organization","name":"Mekulo","url":"https:\/\/senbera.com\/lt\/","logo":{"@type":"ImageObject","inLanguage":"lt-LT","@id":"https:\/\/senbera.com\/lt\/#\/schema\/logo\/image\/","url":"https:\/\/senbera.com\/lt\/wp-content\/uploads\/sites\/22\/2025\/12\/favicon_mekulo.png","contentUrl":"https:\/\/senbera.com\/lt\/wp-content\/uploads\/sites\/22\/2025\/12\/favicon_mekulo.png","width":50,"height":50,"caption":"Mekulo"},"image":{"@id":"https:\/\/senbera.com\/lt\/#\/schema\/logo\/image\/"}}]}},"_links":{"self":[{"href":"https:\/\/senbera.com\/lt\/wp-json\/wp\/v2\/product\/19888","targetHints":{"allow":["GET"]}}],"collection":[{"href":"https:\/\/senbera.com\/lt\/wp-json\/wp\/v2\/product"}],"about":[{"href":"https:\/\/senbera.com\/lt\/wp-json\/wp\/v2\/types\/product"}],"replies":[{"embeddable":true,"href":"https:\/\/senbera.com\/lt\/wp-json\/wp\/v2\/comments?post=19888"}],"wp:featuredmedia":[{"embeddable":true,"href":"https:\/\/senbera.com\/lt\/wp-json\/wp\/v2\/media\/19884"}],"wp:attachment":[{"href":"https:\/\/senbera.com\/lt\/wp-json\/wp\/v2\/media?parent=19888"}],"wp:term":[{"taxonomy":"product_brand","embeddable":true,"href":"https:\/\/senbera.com\/lt\/wp-json\/wp\/v2\/product_brand?post=19888"},{"taxonomy":"product_cat","embeddable":true,"href":"https:\/\/senbera.com\/lt\/wp-json\/wp\/v2\/product_cat?post=19888"},{"taxonomy":"product_tag","embeddable":true,"href":"https:\/\/senbera.com\/lt\/wp-json\/wp\/v2\/product_tag?post=19888"}],"curies":[{"name":"wp","href":"https:\/\/api.w.org\/{rel}","templated":true}]}}