{"id":19725,"date":"2026-01-16T12:13:26","date_gmt":"2026-01-16T10:13:26","guid":{"rendered":"https:\/\/senbera.com\/lt\/produktas\/nesiojamasis-tableciu-organizatorius\/"},"modified":"2026-01-16T12:13:41","modified_gmt":"2026-01-16T10:13:41","slug":"nesiojamasis-tableciu-organizatorius","status":"publish","type":"product","link":"https:\/\/senbera.com\/lt\/produktas\/nesiojamasis-tableciu-organizatorius\/","title":{"rendered":"Ne\u0161iojamasis table\u010di\u0173 organizatorius"},"content":{"rendered":"<p style=\"text-align: center\"><b>Pristatome ne\u0161iojam\u0105j\u0105 table\u010di\u0173 talpykl\u0105 &#8211; paprastas b\u016bdas saugiai, sausai ir vis\u0105 savait\u0119 laikyti vaistus!<\/b><\/p>\n<p style=\"text-align: center\">B\u016bkite tvarkingi kiekvien\u0105 dien\u0105. <span style=\"font-weight: 400\">\u0160ioje i\u0161maniojoje d\u0117\u017eut\u0117je galite planuoti ir ne\u0161iotis visas tabletes septynioms dienoms.<\/span><\/p>\n<p><img decoding=\"async\" class=\"alignnone size-full wp-image-16420 aligncenter\" src=\"https:\/\/keluvo.com\/template\/wp-content\/uploads\/sites\/5\/2025\/04\/04301-ezgif.com-video-to-webp-converter.webp\" alt=\"\" \/><\/p>\n<h2 style=\"text-align: center\"><strong>Pagrindiniai Privalumai<\/strong><\/h2>\n<p><span style=\"font-weight: 400\">Saugokite tabletes nuo dr\u0117gm\u0117s ir dr\u0117gm\u0117s<\/span><\/p>\n<p><span style=\"font-weight: 400\">Suplanuokite vaistus visai savaitei<\/span><span style=\"font-weight: 400\"><br \/>\n<\/span><\/p>\n<p><span style=\"font-weight: 400\">Lengva ne\u0161iotis &#8211; nedidel\u0117 ir lengva<\/span><span style=\"font-weight: 400\"><br \/>\n<\/span><\/p>\n<p><span style=\"font-weight: 400\">Lengva naudoti, net jei turite problem\u0173 su rankomis<\/span><\/p>\n<p><span style=\"font-weight: 400\">Pagaminta i\u0161 saugios, bekvap\u0117s med\u017eiagos<\/span><\/p>\n<p style=\"text-align: center\"><img decoding=\"async\" class=\"alignnone size-full wp-image-16432\" src=\"https:\/\/keluvo.com\/template\/wp-content\/uploads\/sites\/5\/2025\/04\/Sc83783786fb44e86b5899fbde77a4608y.jpg_960x960q75.jpg_.jpeg\" alt=\"\" \/><\/p>\n<h2 style=\"text-align: center\"><strong>Kaip \u0160is Gaminys Jums Pad\u0117s<\/strong><\/h2>\n<p style=\"text-align: center\"><span style=\"font-weight: 400\">S \u0161iuo table\u010di\u0173 organizatoriumi visada \u017einosite, kada ir k\u0105 vartoti. Daugiau joki\u0173 praleist\u0173 dozi\u0173! Daugiau nebereik\u0117s ne\u0161iotis daugyb\u0117s buteliuk\u0173. Jausit\u0117s labiau organizuoti ir ma\u017eiau streso.<\/span><\/p>\n<h2 style=\"text-align: center\"><strong>Puikiai Tinka<\/strong><\/h2>\n<ul>\n<li style=\"font-weight: 400\"><span style=\"font-weight: 400\">Senjorams, kuriems reikia kasdieni\u0173 vaist\u0173<\/span><span style=\"font-weight: 400\"><br \/>\n<\/span><\/li>\n<li style=\"font-weight: 400\"><span style=\"font-weight: 400\">Suvargusiems \u017emon\u0117ms kelion\u0117se<\/span><span style=\"font-weight: 400\"><br \/>\n<\/span><\/li>\n<li style=\"font-weight: 400\"><span style=\"font-weight: 400\">Kelion\u0117se ir kasdieniam naudojimui<\/span><\/li>\n<\/ul>\n<h2 style=\"text-align: center\"><strong>Kaip Naudoti<\/strong><\/h2>\n<ol>\n<li style=\"font-weight: 400\"><span style=\"font-weight: 400\">Atidarykite kiekvien\u0105 dangtel\u012f ir sud\u0117kite \u012f j\u012f tabletes kiekvienai dienai.<\/span><span style=\"font-weight: 400\"><br \/>\n<\/span><\/li>\n<li style=\"font-weight: 400\"><span style=\"font-weight: 400\">Sandariai u\u017edarykite dangtelius, kad tablet\u0117s i\u0161likt\u0173 sausos ir saugios.<\/span><span style=\"font-weight: 400\"><br \/>\n<\/span><\/li>\n<li style=\"font-weight: 400\"><span style=\"font-weight: 400\">Kiekvien\u0105 dien\u0105 paimkite tabletes i\u0161 tinkamo skyriaus.<\/span><\/li>\n<\/ol>\n<h2 style=\"text-align: center\"><strong>Pakuot\u0119 Sudaro<\/strong><\/h2>\n<ul>\n<li style=\"font-weight: 400\"><span style=\"font-weight: 400\">1x ne\u0161iojama table\u010di\u0173 d\u0117\u017eut\u0117.<\/span><\/li>\n<\/ul>\n<p>&nbsp;<\/p>\n","protected":false},"excerpt":{"rendered":"<p>Pristatome ne\u0161iojam\u0105j\u0105 table\u010di\u0173 talpykl\u0105 &#8211; paprastas b\u016bdas saugiai, sausai ir vis\u0105 savait\u0119 laikyti vaistus! B\u016bkite tvarkingi kiekvien\u0105 dien\u0105. \u0160ioje i\u0161maniojoje [&hellip;]<\/p>\n","protected":false},"featured_media":19721,"comment_status":"open","ping_status":"closed","template":"","meta":{"site-sidebar-layout":"default","site-content-layout":"","ast-site-content-layout":"default","site-content-style":"default","site-sidebar-style":"default","ast-global-header-display":"","ast-banner-title-visibility":"","ast-main-header-display":"","ast-hfb-above-header-display":"","ast-hfb-below-header-display":"","ast-hfb-mobile-header-display":"","site-post-title":"","ast-breadcrumbs-content":"","ast-featured-img":"","footer-sml-layout":"","ast-disable-related-posts":"","theme-transparent-header-meta":"default","adv-header-id-meta":"","stick-header-meta":"","header-above-stick-meta":"","header-main-stick-meta":"","header-below-stick-meta":"","astra-migrate-meta-layouts":"set","ast-page-background-enabled":"default","ast-page-background-meta":{"desktop":{"background-color":"var(--ast-global-color-5)","background-image":"","background-repeat":"repeat","background-position":"center center","background-size":"auto","background-attachment":"scroll","background-type":"","background-media":"","overlay-type":"","overlay-color":"","overlay-opacity":"","overlay-gradient":""},"tablet":{"background-color":"","background-image":"","background-repeat":"repeat","background-position":"center center","background-size":"auto","background-attachment":"scroll","background-type":"","background-media":"","overlay-type":"","overlay-color":"","overlay-opacity":"","overlay-gradient":""},"mobile":{"background-color":"","background-image":"","background-repeat":"repeat","background-position":"center center","background-size":"auto","background-attachment":"scroll","background-type":"","background-media":"","overlay-type":"","overlay-color":"","overlay-opacity":"","overlay-gradient":""}},"ast-content-background-meta":{"desktop":{"background-color":"var(--ast-global-color-4)","background-image":"","background-repeat":"repeat","background-position":"center center","background-size":"auto","background-attachment":"scroll","background-type":"","background-media":"","overlay-type":"","overlay-color":"","overlay-opacity":"","overlay-gradient":""},"tablet":{"background-color":"var(--ast-global-color-4)","background-image":"","background-repeat":"repeat","background-position":"center center","background-size":"auto","background-attachment":"scroll","background-type":"","background-media":"","overlay-type":"","overlay-color":"","overlay-opacity":"","overlay-gradient":""},"mobile":{"background-color":"var(--ast-global-color-4)","background-image":"","background-repeat":"repeat","background-position":"center center","background-size":"auto","background-attachment":"scroll","background-type":"","background-media":"","overlay-type":"","overlay-color":"","overlay-opacity":"","overlay-gradient":""}}},"product_brand":[],"product_cat":[15],"product_tag":[],"class_list":{"0":"post-19725","1":"product","2":"type-product","3":"status-publish","4":"has-post-thumbnail","6":"product_cat-be-kategorijos","7":"pa_32083_2iifdox6-kvadratinis","8":"pa_32083_2iifdox6-staciakampis","9":"pa_32083_hufd1cph-balta","10":"pa_32083_hufd1cph-juoda","11":"desktop-align-left","12":"tablet-align-left","13":"mobile-align-left","15":"first","16":"instock","17":"shipping-taxable","18":"purchasable","19":"product-type-variable","20":"has-default-attributes"},"yoast_head":"<!-- This site is optimized with the Yoast SEO plugin v27.4 - https:\/\/yoast.com\/product\/yoast-seo-wordpress\/ -->\n<title>Ne\u0161iojamasis table\u010di\u0173 organizatorius - Senbera LT<\/title>\n<meta name=\"robots\" content=\"noindex, follow, max-snippet:-1, max-image-preview:large, max-video-preview:-1\" \/>\n<meta property=\"og:locale\" content=\"lt_LT\" \/>\n<meta property=\"og:type\" content=\"article\" \/>\n<meta property=\"og:title\" content=\"Ne\u0161iojamasis table\u010di\u0173 organizatorius - Senbera LT\" \/>\n<meta property=\"og:description\" content=\"Pristatome ne\u0161iojam\u0105j\u0105 table\u010di\u0173 talpykl\u0105 &#8211; paprastas b\u016bdas saugiai, sausai ir vis\u0105 savait\u0119 laikyti vaistus! B\u016bkite tvarkingi kiekvien\u0105 dien\u0105. \u0160ioje i\u0161maniojoje [&hellip;]\" \/>\n<meta property=\"og:url\" content=\"https:\/\/senbera.com\/lt\/produktas\/nesiojamasis-tableciu-organizatorius\/\" \/>\n<meta property=\"og:site_name\" content=\"Senbera LT\" \/>\n<meta property=\"article:modified_time\" content=\"2026-01-16T10:13:41+00:00\" \/>\n<meta property=\"og:image\" content=\"https:\/\/senbera.com\/lt\/wp-content\/uploads\/sites\/22\/2026\/01\/gvlna05-1.jpeg\" \/>\n\t<meta property=\"og:image:width\" content=\"850\" \/>\n\t<meta property=\"og:image:height\" content=\"850\" \/>\n\t<meta property=\"og:image:type\" content=\"image\/jpeg\" \/>\n<meta name=\"twitter:card\" content=\"summary_large_image\" \/>\n<meta name=\"twitter:label1\" content=\"Est. reading time\" \/>\n\t<meta name=\"twitter:data1\" content=\"2 minut\u0117s\" \/>\n<script type=\"application\/ld+json\" class=\"yoast-schema-graph\">{\"@context\":\"https:\\\/\\\/schema.org\",\"@graph\":[{\"@type\":\"WebPage\",\"@id\":\"https:\\\/\\\/senbera.com\\\/lt\\\/produktas\\\/nesiojamasis-tableciu-organizatorius\\\/\",\"url\":\"https:\\\/\\\/senbera.com\\\/lt\\\/produktas\\\/nesiojamasis-tableciu-organizatorius\\\/\",\"name\":\"Ne\u0161iojamasis table\u010di\u0173 organizatorius - Senbera LT\",\"isPartOf\":{\"@id\":\"https:\\\/\\\/senbera.com\\\/lt\\\/#website\"},\"primaryImageOfPage\":{\"@id\":\"https:\\\/\\\/senbera.com\\\/lt\\\/produktas\\\/nesiojamasis-tableciu-organizatorius\\\/#primaryimage\"},\"image\":{\"@id\":\"https:\\\/\\\/senbera.com\\\/lt\\\/produktas\\\/nesiojamasis-tableciu-organizatorius\\\/#primaryimage\"},\"thumbnailUrl\":\"https:\\\/\\\/senbera.com\\\/lt\\\/wp-content\\\/uploads\\\/sites\\\/22\\\/2026\\\/01\\\/gvlna05-1.jpeg\",\"datePublished\":\"2026-01-16T10:13:26+00:00\",\"dateModified\":\"2026-01-16T10:13:41+00:00\",\"breadcrumb\":{\"@id\":\"https:\\\/\\\/senbera.com\\\/lt\\\/produktas\\\/nesiojamasis-tableciu-organizatorius\\\/#breadcrumb\"},\"inLanguage\":\"lt-LT\",\"potentialAction\":[{\"@type\":\"ReadAction\",\"target\":[\"https:\\\/\\\/senbera.com\\\/lt\\\/produktas\\\/nesiojamasis-tableciu-organizatorius\\\/\"]}]},{\"@type\":\"ImageObject\",\"inLanguage\":\"lt-LT\",\"@id\":\"https:\\\/\\\/senbera.com\\\/lt\\\/produktas\\\/nesiojamasis-tableciu-organizatorius\\\/#primaryimage\",\"url\":\"https:\\\/\\\/senbera.com\\\/lt\\\/wp-content\\\/uploads\\\/sites\\\/22\\\/2026\\\/01\\\/gvlna05-1.jpeg\",\"contentUrl\":\"https:\\\/\\\/senbera.com\\\/lt\\\/wp-content\\\/uploads\\\/sites\\\/22\\\/2026\\\/01\\\/gvlna05-1.jpeg\",\"width\":850,\"height\":850},{\"@type\":\"BreadcrumbList\",\"@id\":\"https:\\\/\\\/senbera.com\\\/lt\\\/produktas\\\/nesiojamasis-tableciu-organizatorius\\\/#breadcrumb\",\"itemListElement\":[{\"@type\":\"ListItem\",\"position\":1,\"name\":\"Home\",\"item\":\"https:\\\/\\\/senbera.com\\\/lt\\\/\"},{\"@type\":\"ListItem\",\"position\":2,\"name\":\"Katalogas\",\"item\":\"https:\\\/\\\/senbera.com\\\/lt\\\/katalogas\\\/\"},{\"@type\":\"ListItem\",\"position\":3,\"name\":\"Ne\u0161iojamasis table\u010di\u0173 organizatorius\"}]},{\"@type\":\"WebSite\",\"@id\":\"https:\\\/\\\/senbera.com\\\/lt\\\/#website\",\"url\":\"https:\\\/\\\/senbera.com\\\/lt\\\/\",\"name\":\"Senbera LT\",\"description\":\"\",\"publisher\":{\"@id\":\"https:\\\/\\\/senbera.com\\\/lt\\\/#organization\"},\"potentialAction\":[{\"@type\":\"SearchAction\",\"target\":{\"@type\":\"EntryPoint\",\"urlTemplate\":\"https:\\\/\\\/senbera.com\\\/lt\\\/?s={search_term_string}\"},\"query-input\":{\"@type\":\"PropertyValueSpecification\",\"valueRequired\":true,\"valueName\":\"search_term_string\"}}],\"inLanguage\":\"lt-LT\"},{\"@type\":\"Organization\",\"@id\":\"https:\\\/\\\/senbera.com\\\/lt\\\/#organization\",\"name\":\"Mekulo\",\"url\":\"https:\\\/\\\/senbera.com\\\/lt\\\/\",\"logo\":{\"@type\":\"ImageObject\",\"inLanguage\":\"lt-LT\",\"@id\":\"https:\\\/\\\/senbera.com\\\/lt\\\/#\\\/schema\\\/logo\\\/image\\\/\",\"url\":\"https:\\\/\\\/senbera.com\\\/lt\\\/wp-content\\\/uploads\\\/sites\\\/22\\\/2025\\\/12\\\/favicon_mekulo.png\",\"contentUrl\":\"https:\\\/\\\/senbera.com\\\/lt\\\/wp-content\\\/uploads\\\/sites\\\/22\\\/2025\\\/12\\\/favicon_mekulo.png\",\"width\":50,\"height\":50,\"caption\":\"Mekulo\"},\"image\":{\"@id\":\"https:\\\/\\\/senbera.com\\\/lt\\\/#\\\/schema\\\/logo\\\/image\\\/\"}}]}<\/script>\n<!-- \/ Yoast SEO plugin. -->","yoast_head_json":{"title":"Ne\u0161iojamasis table\u010di\u0173 organizatorius - Senbera LT","robots":{"index":"noindex","follow":"follow","max-snippet":"max-snippet:-1","max-image-preview":"max-image-preview:large","max-video-preview":"max-video-preview:-1"},"og_locale":"lt_LT","og_type":"article","og_title":"Ne\u0161iojamasis table\u010di\u0173 organizatorius - Senbera LT","og_description":"Pristatome ne\u0161iojam\u0105j\u0105 table\u010di\u0173 talpykl\u0105 &#8211; paprastas b\u016bdas saugiai, sausai ir vis\u0105 savait\u0119 laikyti vaistus! B\u016bkite tvarkingi kiekvien\u0105 dien\u0105. \u0160ioje i\u0161maniojoje [&hellip;]","og_url":"https:\/\/senbera.com\/lt\/produktas\/nesiojamasis-tableciu-organizatorius\/","og_site_name":"Senbera LT","article_modified_time":"2026-01-16T10:13:41+00:00","og_image":[{"width":850,"height":850,"url":"https:\/\/senbera.com\/lt\/wp-content\/uploads\/sites\/22\/2026\/01\/gvlna05-1.jpeg","type":"image\/jpeg"}],"twitter_card":"summary_large_image","twitter_misc":{"Est. reading time":"2 minut\u0117s"},"schema":{"@context":"https:\/\/schema.org","@graph":[{"@type":"WebPage","@id":"https:\/\/senbera.com\/lt\/produktas\/nesiojamasis-tableciu-organizatorius\/","url":"https:\/\/senbera.com\/lt\/produktas\/nesiojamasis-tableciu-organizatorius\/","name":"Ne\u0161iojamasis table\u010di\u0173 organizatorius - Senbera LT","isPartOf":{"@id":"https:\/\/senbera.com\/lt\/#website"},"primaryImageOfPage":{"@id":"https:\/\/senbera.com\/lt\/produktas\/nesiojamasis-tableciu-organizatorius\/#primaryimage"},"image":{"@id":"https:\/\/senbera.com\/lt\/produktas\/nesiojamasis-tableciu-organizatorius\/#primaryimage"},"thumbnailUrl":"https:\/\/senbera.com\/lt\/wp-content\/uploads\/sites\/22\/2026\/01\/gvlna05-1.jpeg","datePublished":"2026-01-16T10:13:26+00:00","dateModified":"2026-01-16T10:13:41+00:00","breadcrumb":{"@id":"https:\/\/senbera.com\/lt\/produktas\/nesiojamasis-tableciu-organizatorius\/#breadcrumb"},"inLanguage":"lt-LT","potentialAction":[{"@type":"ReadAction","target":["https:\/\/senbera.com\/lt\/produktas\/nesiojamasis-tableciu-organizatorius\/"]}]},{"@type":"ImageObject","inLanguage":"lt-LT","@id":"https:\/\/senbera.com\/lt\/produktas\/nesiojamasis-tableciu-organizatorius\/#primaryimage","url":"https:\/\/senbera.com\/lt\/wp-content\/uploads\/sites\/22\/2026\/01\/gvlna05-1.jpeg","contentUrl":"https:\/\/senbera.com\/lt\/wp-content\/uploads\/sites\/22\/2026\/01\/gvlna05-1.jpeg","width":850,"height":850},{"@type":"BreadcrumbList","@id":"https:\/\/senbera.com\/lt\/produktas\/nesiojamasis-tableciu-organizatorius\/#breadcrumb","itemListElement":[{"@type":"ListItem","position":1,"name":"Home","item":"https:\/\/senbera.com\/lt\/"},{"@type":"ListItem","position":2,"name":"Katalogas","item":"https:\/\/senbera.com\/lt\/katalogas\/"},{"@type":"ListItem","position":3,"name":"Ne\u0161iojamasis table\u010di\u0173 organizatorius"}]},{"@type":"WebSite","@id":"https:\/\/senbera.com\/lt\/#website","url":"https:\/\/senbera.com\/lt\/","name":"Senbera LT","description":"","publisher":{"@id":"https:\/\/senbera.com\/lt\/#organization"},"potentialAction":[{"@type":"SearchAction","target":{"@type":"EntryPoint","urlTemplate":"https:\/\/senbera.com\/lt\/?s={search_term_string}"},"query-input":{"@type":"PropertyValueSpecification","valueRequired":true,"valueName":"search_term_string"}}],"inLanguage":"lt-LT"},{"@type":"Organization","@id":"https:\/\/senbera.com\/lt\/#organization","name":"Mekulo","url":"https:\/\/senbera.com\/lt\/","logo":{"@type":"ImageObject","inLanguage":"lt-LT","@id":"https:\/\/senbera.com\/lt\/#\/schema\/logo\/image\/","url":"https:\/\/senbera.com\/lt\/wp-content\/uploads\/sites\/22\/2025\/12\/favicon_mekulo.png","contentUrl":"https:\/\/senbera.com\/lt\/wp-content\/uploads\/sites\/22\/2025\/12\/favicon_mekulo.png","width":50,"height":50,"caption":"Mekulo"},"image":{"@id":"https:\/\/senbera.com\/lt\/#\/schema\/logo\/image\/"}}]}},"_links":{"self":[{"href":"https:\/\/senbera.com\/lt\/wp-json\/wp\/v2\/product\/19725","targetHints":{"allow":["GET"]}}],"collection":[{"href":"https:\/\/senbera.com\/lt\/wp-json\/wp\/v2\/product"}],"about":[{"href":"https:\/\/senbera.com\/lt\/wp-json\/wp\/v2\/types\/product"}],"replies":[{"embeddable":true,"href":"https:\/\/senbera.com\/lt\/wp-json\/wp\/v2\/comments?post=19725"}],"wp:featuredmedia":[{"embeddable":true,"href":"https:\/\/senbera.com\/lt\/wp-json\/wp\/v2\/media\/19721"}],"wp:attachment":[{"href":"https:\/\/senbera.com\/lt\/wp-json\/wp\/v2\/media?parent=19725"}],"wp:term":[{"taxonomy":"product_brand","embeddable":true,"href":"https:\/\/senbera.com\/lt\/wp-json\/wp\/v2\/product_brand?post=19725"},{"taxonomy":"product_cat","embeddable":true,"href":"https:\/\/senbera.com\/lt\/wp-json\/wp\/v2\/product_cat?post=19725"},{"taxonomy":"product_tag","embeddable":true,"href":"https:\/\/senbera.com\/lt\/wp-json\/wp\/v2\/product_tag?post=19725"}],"curies":[{"name":"wp","href":"https:\/\/api.w.org\/{rel}","templated":true}]}}