{"id":19668,"date":"2026-01-16T12:10:27","date_gmt":"2026-01-16T10:10:27","guid":{"rendered":"https:\/\/senbera.com\/lt\/produktas\/stovyklavimo-virve\/"},"modified":"2026-01-16T12:11:58","modified_gmt":"2026-01-16T10:11:58","slug":"stovyklavimo-virve","status":"publish","type":"product","link":"https:\/\/senbera.com\/lt\/produktas\/stovyklavimo-virve\/","title":{"rendered":"Stovyklavimo virv\u0117"},"content":{"rendered":"<p style=\"text-align: center\"><b>Pristatome stovyklavimo virv\u0119 &#8211; tvirt\u0105 ir saug\u0173 pagalbinink\u0105 lauke!<\/b><\/p>\n<p style=\"text-align: center\"><span style=\"font-weight: 400\">Greitai ir lengvai pritvirtinkite savo \u012frang\u0105.<\/span><\/p>\n<p><img decoding=\"async\" class=\"alignnone size-full wp-image-16540 aligncenter\" src=\"https:\/\/keluvo.com\/template\/wp-content\/uploads\/sites\/5\/2025\/04\/CampingRope-ezgif.com-video-to-webp-converter.webp\" alt=\"\" \/><\/p>\n<h2 style=\"text-align: center\">Pagrindiniai Privalumai<\/h2>\n<p>\u2705 Ypa\u010d stiprus ir atspindintis &#8211; storas lynas, \u0161vie\u010diantis nakt\u012f, kad nesukluptum\u0117te<\/p>\n<p>\u2705 Lengva \u012ftempti &#8211; tiesiog patraukite virv\u0119 ir ji liks vietoje<\/p>\n<p>\u2705 Greitas atpalaidavimas &#8211; pasukimo konstrukcija leid\u017eia j\u0105 sureguliuoti per kelias sekundes<\/p>\n<p>\u2705 Ypa\u010d saugus &#8211; turi 2 apkrov\u0105 i\u0161laikan\u010dias sagtis, kad tvirtai laikyt\u0173si net pu\u010diant stipriam v\u0117jui<\/p>\n<p>\u2705 Puikiai tinka lauke &#8211; puikiai tinka palapin\u0117ms, stovyklavimo \u012frangai, hamakams ir kt.<\/p>\n<p><img decoding=\"async\" class=\"alignnone size-full wp-image-16511 aligncenter\" src=\"https:\/\/keluvo.com\/template\/wp-content\/uploads\/sites\/5\/2025\/04\/Sfc93bb92a2b1470ab06f093d51cd4576h.jpg_960x960q75.jpg_.jpeg\" alt=\"\" \/><\/p>\n<h2 style=\"text-align: center\">Stovyklavimo Virv\u0117 Suteikia Tvirtumo Ir Saugumo, Kad Ir Kur Keliautum\u0117te.<\/h2>\n<p style=\"text-align: center\"><span style=\"font-weight: 400\">Pagaminta i\u0161 patvaraus nailono ir tvirto aliuminio lydinio, ji puikiai tinka palapinei pritvirtinti, \u017eibintams pakabinti, tentams \u012frengti ir \u012frangai saugoti. J\u0105 lengva sumontuoti, lengva nuimti, o nakt\u012f ji ry\u0161kiai \u0161vie\u010dia, kad b\u016btum\u0117te saug\u016bs. Nesvarbu, ar keliaujate \u012f \u017eyg\u012f, stovyklaujate, ar pramogaujate kieme, \u0161i\u0105 virv\u0119 b\u016btina tur\u0117ti!<\/span><\/p>\n<h2 style=\"text-align: center\">Kaip Naudoti<\/h2>\n<ol>\n<li style=\"font-weight: 400\"><span style=\"font-weight: 400\">Segtuk\u0105 u\u017emaukite ant palapin\u0117s, brezento ar \u012franki\u0173.<\/span><span style=\"font-weight: 400\"><br \/>\n<\/span><\/li>\n<li style=\"font-weight: 400\"><span style=\"font-weight: 400\">Lengvai patraukite virv\u0119, kad j\u0105 \u012ftemptum\u0117te.<\/span><span style=\"font-weight: 400\"><br \/>\n<\/span><\/li>\n<li style=\"font-weight: 400\"><span style=\"font-weight: 400\">Kai reikia, atleiskite arba sureguliuokite naudodami perjungiam\u0105j\u012f sukikl\u012f.<\/span><span style=\"font-weight: 400\"><br \/>\n<\/span><\/li>\n<li style=\"font-weight: 400\"><span style=\"font-weight: 400\">M\u0117gaukit\u0117s saugiu ir patikimu \u012frengimu vos per kelias sekundes!<\/span><\/li>\n<\/ol>\n<h2 style=\"text-align: center\">Pakuot\u0117je Yra<\/h2>\n<ul>\n<li style=\"font-weight: 400\"><span style=\"font-weight: 400\">1, 2, 4x stovyklavimo virv\u0117<\/span><span style=\"font-weight: 400\"><br \/>\n<\/span><\/li>\n<li style=\"font-weight: 400\"><span style=\"font-weight: 400\">2, 4, 8x apkrov\u0105 laikan\u010dios sagtys.<\/span><\/li>\n<\/ul>\n<p>&nbsp;<\/p>\n","protected":false},"excerpt":{"rendered":"<p>Pristatome stovyklavimo virv\u0119 &#8211; tvirt\u0105 ir saug\u0173 pagalbinink\u0105 lauke! Greitai ir lengvai pritvirtinkite savo \u012frang\u0105. Pagrindiniai Privalumai \u2705 Ypa\u010d stiprus [&hellip;]<\/p>\n","protected":false},"featured_media":19664,"comment_status":"open","ping_status":"closed","template":"","meta":{"site-sidebar-layout":"default","site-content-layout":"","ast-site-content-layout":"default","site-content-style":"default","site-sidebar-style":"default","ast-global-header-display":"","ast-banner-title-visibility":"","ast-main-header-display":"","ast-hfb-above-header-display":"","ast-hfb-below-header-display":"","ast-hfb-mobile-header-display":"","site-post-title":"","ast-breadcrumbs-content":"","ast-featured-img":"","footer-sml-layout":"","theme-transparent-header-meta":"default","adv-header-id-meta":"","stick-header-meta":"","header-above-stick-meta":"","header-main-stick-meta":"","header-below-stick-meta":"","astra-migrate-meta-layouts":"set","ast-page-background-enabled":"default","ast-page-background-meta":{"desktop":{"background-color":"var(--ast-global-color-5)","background-image":"","background-repeat":"repeat","background-position":"center center","background-size":"auto","background-attachment":"scroll","background-type":"","background-media":"","overlay-type":"","overlay-color":"","overlay-opacity":"","overlay-gradient":""},"tablet":{"background-color":"","background-image":"","background-repeat":"repeat","background-position":"center center","background-size":"auto","background-attachment":"scroll","background-type":"","background-media":"","overlay-type":"","overlay-color":"","overlay-opacity":"","overlay-gradient":""},"mobile":{"background-color":"","background-image":"","background-repeat":"repeat","background-position":"center center","background-size":"auto","background-attachment":"scroll","background-type":"","background-media":"","overlay-type":"","overlay-color":"","overlay-opacity":"","overlay-gradient":""}},"ast-content-background-meta":{"desktop":{"background-color":"var(--ast-global-color-4)","background-image":"","background-repeat":"repeat","background-position":"center center","background-size":"auto","background-attachment":"scroll","background-type":"","background-media":"","overlay-type":"","overlay-color":"","overlay-opacity":"","overlay-gradient":""},"tablet":{"background-color":"var(--ast-global-color-4)","background-image":"","background-repeat":"repeat","background-position":"center center","background-size":"auto","background-attachment":"scroll","background-type":"","background-media":"","overlay-type":"","overlay-color":"","overlay-opacity":"","overlay-gradient":""},"mobile":{"background-color":"var(--ast-global-color-4)","background-image":"","background-repeat":"repeat","background-position":"center center","background-size":"auto","background-attachment":"scroll","background-type":"","background-media":"","overlay-type":"","overlay-color":"","overlay-opacity":"","overlay-gradient":""}}},"product_brand":[],"product_cat":[15],"product_tag":[],"class_list":{"0":"post-19668","1":"product","2":"type-product","3":"status-publish","4":"has-post-thumbnail","6":"product_cat-be-kategorijos","7":"pa_30366_593bil8s-1-vnt","8":"pa_30366_593bil8s-2-vnt","9":"pa_30366_593bil8s-4-vnt","10":"pa_30366_gj91ozoc-4m","11":"pa_30366_gj91ozoc-5m","12":"pa_30366_uz2h7z4s-juoda","13":"pa_30366_uz2h7z4s-oranzine","14":"pa_30366_uz2h7z4s-raudona","15":"pa_30366_uz2h7z4s-zalioji","16":"desktop-align-left","17":"tablet-align-left","18":"mobile-align-left","20":"first","21":"instock","22":"shipping-taxable","23":"purchasable","24":"product-type-variable","25":"has-default-attributes"},"yoast_head":"<!-- This site is optimized with the Yoast SEO plugin v26.6 - https:\/\/yoast.com\/wordpress\/plugins\/seo\/ -->\n<title>Stovyklavimo virv\u0117 - Senbera LT<\/title>\n<meta name=\"robots\" content=\"noindex, follow, max-snippet:-1, max-image-preview:large, max-video-preview:-1\" \/>\n<meta property=\"og:locale\" content=\"lt_LT\" \/>\n<meta property=\"og:type\" content=\"article\" \/>\n<meta property=\"og:title\" content=\"Stovyklavimo virv\u0117 - Senbera LT\" \/>\n<meta property=\"og:description\" content=\"Pristatome stovyklavimo virv\u0119 &#8211; tvirt\u0105 ir saug\u0173 pagalbinink\u0105 lauke! Greitai ir lengvai pritvirtinkite savo \u012frang\u0105. Pagrindiniai Privalumai \u2705 Ypa\u010d stiprus [&hellip;]\" \/>\n<meta property=\"og:url\" content=\"https:\/\/senbera.com\/lt\/produktas\/stovyklavimo-virve\/\" \/>\n<meta property=\"og:site_name\" content=\"Senbera LT\" \/>\n<meta property=\"article:modified_time\" content=\"2026-01-16T10:11:58+00:00\" \/>\n<meta name=\"twitter:card\" content=\"summary_large_image\" \/>\n<meta name=\"twitter:label1\" content=\"Est. reading time\" \/>\n\t<meta name=\"twitter:data1\" content=\"1 minut\u0117\" \/>\n<script type=\"application\/ld+json\" class=\"yoast-schema-graph\">{\"@context\":\"https:\/\/schema.org\",\"@graph\":[{\"@type\":\"WebPage\",\"@id\":\"https:\/\/senbera.com\/lt\/produktas\/stovyklavimo-virve\/\",\"url\":\"https:\/\/senbera.com\/lt\/produktas\/stovyklavimo-virve\/\",\"name\":\"Stovyklavimo virv\u0117 - Senbera LT\",\"isPartOf\":{\"@id\":\"https:\/\/senbera.com\/lt\/#website\"},\"primaryImageOfPage\":{\"@id\":\"https:\/\/senbera.com\/lt\/produktas\/stovyklavimo-virve\/#primaryimage\"},\"image\":{\"@id\":\"https:\/\/senbera.com\/lt\/produktas\/stovyklavimo-virve\/#primaryimage\"},\"thumbnailUrl\":\"https:\/\/senbera.com\/lt\/wp-content\/uploads\/sites\/22\/2026\/01\/twomow1-1.jpg\",\"datePublished\":\"2026-01-16T10:10:27+00:00\",\"dateModified\":\"2026-01-16T10:11:58+00:00\",\"breadcrumb\":{\"@id\":\"https:\/\/senbera.com\/lt\/produktas\/stovyklavimo-virve\/#breadcrumb\"},\"inLanguage\":\"lt-LT\",\"potentialAction\":[{\"@type\":\"ReadAction\",\"target\":[\"https:\/\/senbera.com\/lt\/produktas\/stovyklavimo-virve\/\"]}]},{\"@type\":\"ImageObject\",\"inLanguage\":\"lt-LT\",\"@id\":\"https:\/\/senbera.com\/lt\/produktas\/stovyklavimo-virve\/#primaryimage\",\"url\":\"https:\/\/senbera.com\/lt\/wp-content\/uploads\/sites\/22\/2026\/01\/twomow1-1.jpg\",\"contentUrl\":\"https:\/\/senbera.com\/lt\/wp-content\/uploads\/sites\/22\/2026\/01\/twomow1-1.jpg\",\"width\":960,\"height\":960},{\"@type\":\"BreadcrumbList\",\"@id\":\"https:\/\/senbera.com\/lt\/produktas\/stovyklavimo-virve\/#breadcrumb\",\"itemListElement\":[{\"@type\":\"ListItem\",\"position\":1,\"name\":\"Home\",\"item\":\"https:\/\/senbera.com\/lt\/\"},{\"@type\":\"ListItem\",\"position\":2,\"name\":\"Katalogas\",\"item\":\"https:\/\/senbera.com\/lt\/katalogas\/\"},{\"@type\":\"ListItem\",\"position\":3,\"name\":\"Stovyklavimo virv\u0117\"}]},{\"@type\":\"WebSite\",\"@id\":\"https:\/\/senbera.com\/lt\/#website\",\"url\":\"https:\/\/senbera.com\/lt\/\",\"name\":\"Senbera LT\",\"description\":\"\",\"publisher\":{\"@id\":\"https:\/\/senbera.com\/lt\/#organization\"},\"potentialAction\":[{\"@type\":\"SearchAction\",\"target\":{\"@type\":\"EntryPoint\",\"urlTemplate\":\"https:\/\/senbera.com\/lt\/?s={search_term_string}\"},\"query-input\":{\"@type\":\"PropertyValueSpecification\",\"valueRequired\":true,\"valueName\":\"search_term_string\"}}],\"inLanguage\":\"lt-LT\"},{\"@type\":\"Organization\",\"@id\":\"https:\/\/senbera.com\/lt\/#organization\",\"name\":\"Mekulo\",\"url\":\"https:\/\/senbera.com\/lt\/\",\"logo\":{\"@type\":\"ImageObject\",\"inLanguage\":\"lt-LT\",\"@id\":\"https:\/\/senbera.com\/lt\/#\/schema\/logo\/image\/\",\"url\":\"https:\/\/senbera.com\/lt\/wp-content\/uploads\/sites\/22\/2025\/12\/favicon_mekulo.png\",\"contentUrl\":\"https:\/\/senbera.com\/lt\/wp-content\/uploads\/sites\/22\/2025\/12\/favicon_mekulo.png\",\"width\":50,\"height\":50,\"caption\":\"Mekulo\"},\"image\":{\"@id\":\"https:\/\/senbera.com\/lt\/#\/schema\/logo\/image\/\"}}]}<\/script>\n<!-- \/ Yoast SEO plugin. -->","yoast_head_json":{"title":"Stovyklavimo virv\u0117 - Senbera LT","robots":{"index":"noindex","follow":"follow","max-snippet":"max-snippet:-1","max-image-preview":"max-image-preview:large","max-video-preview":"max-video-preview:-1"},"og_locale":"lt_LT","og_type":"article","og_title":"Stovyklavimo virv\u0117 - Senbera LT","og_description":"Pristatome stovyklavimo virv\u0119 &#8211; tvirt\u0105 ir saug\u0173 pagalbinink\u0105 lauke! Greitai ir lengvai pritvirtinkite savo \u012frang\u0105. Pagrindiniai Privalumai \u2705 Ypa\u010d stiprus [&hellip;]","og_url":"https:\/\/senbera.com\/lt\/produktas\/stovyklavimo-virve\/","og_site_name":"Senbera LT","article_modified_time":"2026-01-16T10:11:58+00:00","twitter_card":"summary_large_image","twitter_misc":{"Est. reading time":"1 minut\u0117"},"schema":{"@context":"https:\/\/schema.org","@graph":[{"@type":"WebPage","@id":"https:\/\/senbera.com\/lt\/produktas\/stovyklavimo-virve\/","url":"https:\/\/senbera.com\/lt\/produktas\/stovyklavimo-virve\/","name":"Stovyklavimo virv\u0117 - Senbera LT","isPartOf":{"@id":"https:\/\/senbera.com\/lt\/#website"},"primaryImageOfPage":{"@id":"https:\/\/senbera.com\/lt\/produktas\/stovyklavimo-virve\/#primaryimage"},"image":{"@id":"https:\/\/senbera.com\/lt\/produktas\/stovyklavimo-virve\/#primaryimage"},"thumbnailUrl":"https:\/\/senbera.com\/lt\/wp-content\/uploads\/sites\/22\/2026\/01\/twomow1-1.jpg","datePublished":"2026-01-16T10:10:27+00:00","dateModified":"2026-01-16T10:11:58+00:00","breadcrumb":{"@id":"https:\/\/senbera.com\/lt\/produktas\/stovyklavimo-virve\/#breadcrumb"},"inLanguage":"lt-LT","potentialAction":[{"@type":"ReadAction","target":["https:\/\/senbera.com\/lt\/produktas\/stovyklavimo-virve\/"]}]},{"@type":"ImageObject","inLanguage":"lt-LT","@id":"https:\/\/senbera.com\/lt\/produktas\/stovyklavimo-virve\/#primaryimage","url":"https:\/\/senbera.com\/lt\/wp-content\/uploads\/sites\/22\/2026\/01\/twomow1-1.jpg","contentUrl":"https:\/\/senbera.com\/lt\/wp-content\/uploads\/sites\/22\/2026\/01\/twomow1-1.jpg","width":960,"height":960},{"@type":"BreadcrumbList","@id":"https:\/\/senbera.com\/lt\/produktas\/stovyklavimo-virve\/#breadcrumb","itemListElement":[{"@type":"ListItem","position":1,"name":"Home","item":"https:\/\/senbera.com\/lt\/"},{"@type":"ListItem","position":2,"name":"Katalogas","item":"https:\/\/senbera.com\/lt\/katalogas\/"},{"@type":"ListItem","position":3,"name":"Stovyklavimo virv\u0117"}]},{"@type":"WebSite","@id":"https:\/\/senbera.com\/lt\/#website","url":"https:\/\/senbera.com\/lt\/","name":"Senbera LT","description":"","publisher":{"@id":"https:\/\/senbera.com\/lt\/#organization"},"potentialAction":[{"@type":"SearchAction","target":{"@type":"EntryPoint","urlTemplate":"https:\/\/senbera.com\/lt\/?s={search_term_string}"},"query-input":{"@type":"PropertyValueSpecification","valueRequired":true,"valueName":"search_term_string"}}],"inLanguage":"lt-LT"},{"@type":"Organization","@id":"https:\/\/senbera.com\/lt\/#organization","name":"Mekulo","url":"https:\/\/senbera.com\/lt\/","logo":{"@type":"ImageObject","inLanguage":"lt-LT","@id":"https:\/\/senbera.com\/lt\/#\/schema\/logo\/image\/","url":"https:\/\/senbera.com\/lt\/wp-content\/uploads\/sites\/22\/2025\/12\/favicon_mekulo.png","contentUrl":"https:\/\/senbera.com\/lt\/wp-content\/uploads\/sites\/22\/2025\/12\/favicon_mekulo.png","width":50,"height":50,"caption":"Mekulo"},"image":{"@id":"https:\/\/senbera.com\/lt\/#\/schema\/logo\/image\/"}}]}},"_links":{"self":[{"href":"https:\/\/senbera.com\/lt\/wp-json\/wp\/v2\/product\/19668","targetHints":{"allow":["GET"]}}],"collection":[{"href":"https:\/\/senbera.com\/lt\/wp-json\/wp\/v2\/product"}],"about":[{"href":"https:\/\/senbera.com\/lt\/wp-json\/wp\/v2\/types\/product"}],"replies":[{"embeddable":true,"href":"https:\/\/senbera.com\/lt\/wp-json\/wp\/v2\/comments?post=19668"}],"wp:featuredmedia":[{"embeddable":true,"href":"https:\/\/senbera.com\/lt\/wp-json\/wp\/v2\/media\/19664"}],"wp:attachment":[{"href":"https:\/\/senbera.com\/lt\/wp-json\/wp\/v2\/media?parent=19668"}],"wp:term":[{"taxonomy":"product_brand","embeddable":true,"href":"https:\/\/senbera.com\/lt\/wp-json\/wp\/v2\/product_brand?post=19668"},{"taxonomy":"product_cat","embeddable":true,"href":"https:\/\/senbera.com\/lt\/wp-json\/wp\/v2\/product_cat?post=19668"},{"taxonomy":"product_tag","embeddable":true,"href":"https:\/\/senbera.com\/lt\/wp-json\/wp\/v2\/product_tag?post=19668"}],"curies":[{"name":"wp","href":"https:\/\/api.w.org\/{rel}","templated":true}]}}